{"id":38237,"date":"2026-04-09T10:55:13","date_gmt":"2026-04-09T10:55:13","guid":{"rendered":"https:\/\/sella-industrie.com\/?post_type=product&#038;p=38237"},"modified":"2026-04-09T11:08:10","modified_gmt":"2026-04-09T11:08:10","slug":"parfum-ambiance-fleur-de-nuit-75-ml-naturel-sans-alcool-%d9%85%d8%b9%d8%b7%d8%b1-%d8%ac%d9%88-%d8%b2%d9%87%d8%b1%d8%a9-%d8%a7%d9%84%d9%84%d9%8a%d9%84","status":"publish","type":"product","link":"https:\/\/sella-industrie.com\/fr_fr\/produit\/parfum-ambiance-fleur-de-nuit-75-ml-naturel-sans-alcool-%d9%85%d8%b9%d8%b7%d8%b1-%d8%ac%d9%88-%d8%b2%d9%87%d8%b1%d8%a9-%d8%a7%d9%84%d9%84%d9%8a%d9%84\/","title":{"rendered":"Parfum d&rsquo;ambiance FLEUR DE NUIT 75 ml"},"content":{"rendered":"<h2 style=\"text-align: center;\">Parfum d&rsquo;ambiance FLEUR DE NUIT 75 ml \u0645\u0639\u0637\u0631 \u062c\u0648 \u0632\u0647\u0631\u0629 \u0627\u0644\u0644\u064a\u0644<\/h2>\n<p style=\"text-align: left;\"><strong>Parfum d&rsquo;ambiance FLEUR DE NUIT 75 ml<\/strong>, 85% base naturelle sans alcool. Id\u00e9al pour maison, textiles et voiture. Fra\u00eecheur v\u00e9g\u00e9tale, apaisante et durable. Id\u00e9ale pour cr\u00e9er une atmosph\u00e8re propre et relaxante dans vos espaces. Florale, d\u00e9licate, irr\u00e9sistiblement hypnotique. Chaque espace devient plus accueillant, d\u00e9licat et envo\u00fbtant. Une signature florale <a href=\"https:\/\/sella-industrie.com\/fr_fr\/produit\/fruit-rouge-%d8%a7%d9%84%d9%81%d8%a7%d9%83%d9%87%d8%a9-%d8%a7%d9%84%d8%ad%d9%85%d8%b1%d8%a7%d8%a1\/\">naturelle<\/a> qui sublime la maison et la voiture avec <a href=\"https:\/\/www.tiktok.com\/@v6.accessoires.au\" target=\"_blank\" rel=\"noopener\">\u00e9l\u00e9gance<\/a>.<\/p>\n<p style=\"text-align: right;\"><strong>\u0645\u0639\u0637\u0631 \u062c\u0648 \u0632\u0647\u0631\u0629 \u0627\u0644\u0644\u064a\u0644<\/strong>\u060c 75 \u0645\u0644\u060c \u0642\u0627\u0639\u062f\u0629 \u0637\u0628\u064a\u0639\u064a\u0629 85 \u066a\u060c \u062e\u0627\u0644\u064d \u0645\u0646 \u0627\u0644\u0643\u062d\u0648\u0644. \u0645\u062b\u0627\u0644\u064a \u0644\u0644\u0645\u0646\u0632\u0644 \u0648\u0627\u0644\u0645\u0646\u0633\u0648\u062c\u0627\u062a \u0648\u0627\u0644\u0633\u064a\u0627\u0631\u0629\u060c \u0631\u0627\u0626\u062d\u0629 \u0632\u0647\u0631\u064a\u0629\u060c \u062d\u0633\u0627\u0633\u0629\u060c \u0633\u0627\u062d\u0631\u0629 \u0628\u0634\u0643\u0644 \u0644\u0627 \u064a\u0642\u0627\u0648\u0645\u060c \u0627\u0646\u062a\u0639\u0627\u0634 \u0646\u0628\u0627\u062a\u064a \u0645\u0647\u062f\u0626 \u064a\u062f\u0648\u0645 \u0637\u0648\u064a\u0644\u0627\u064b. \u0645\u062b\u0627\u0644\u064a \u0644\u062e\u0644\u0642 \u062c\u0648 \u0646\u0638\u064a\u0641 \u0648\u0645\u0631\u064a\u062d \u0641\u064a \u0645\u0633\u0627\u062d\u0627\u062a\u0643. \u0639\u0637\u0631 \u0632\u0647\u0631\u064a \u0631\u0642\u064a\u0642 \u0648\u062c\u0630\u0627\u0628 \u0644\u0627 \u064a\u064f\u0642\u0627\u0648\u0645. \u0643\u0644 \u0645\u0643\u0627\u0646 \u064a\u0635\u0628\u062d \u0623\u0643\u062b\u0631 \u062a\u0631\u062d\u064a\u0628\u0627\u064b \u0648\u0631\u0642\u064a\u0627\u064b \u0648\u0633\u062d\u0631\u0627\u064b. \u0628\u0635\u0645\u0629 \u0632\u0647\u0631\u064a\u0629 \u0637\u0628\u064a\u0639\u064a\u0629 \u062a\u064f\u0636\u0641\u064a \u0644\u0645\u0633\u0629 \u0623\u0646\u064a\u0642\u0629 \u0639\u0644\u0649 \u0645\u0646\u0632\u0644\u0643 \u0648\u0633\u064a\u0627\u0631\u062a\u0643<\/p>\n<p><iframe loading=\"lazy\" title=\"Parfums 280 Ml\" width=\"500\" height=\"281\" src=\"https:\/\/www.youtube.com\/embed\/zeJY4fCR1dk?feature=oembed\" frameborder=\"0\" allow=\"accelerometer; autoplay; clipboard-write; encrypted-media; gyroscope; picture-in-picture; web-share\" referrerpolicy=\"strict-origin-when-cross-origin\" allowfullscreen><\/iframe><\/p>\n","protected":false},"excerpt":{"rendered":"<h1 style=\"text-align: center;\">\u0645\u0639\u0637\u0631 \u062c\u0648 \u0632\u0647\u0631\u0629 \u0627\u0644\u0644\u064a\u0644<\/h1>\n<p style=\"text-align: left;\"><strong>Parfum d&rsquo;ambiance FLEUR DE NUIT 75 ml<\/strong>, 85% base naturelle sans alcool. Id\u00e9al pour maison, textiles et voiture. Fra\u00eecheur v\u00e9g\u00e9tale, apaisante et durable. Id\u00e9ale pour cr\u00e9er une atmosph\u00e8re propre et relaxante dans vos espaces. Florale, d\u00e9licate, irr\u00e9sistiblement hypnotique.<\/p>\n","protected":false},"featured_media":38238,"comment_status":"open","ping_status":"closed","template":"","meta":[],"product_brand":[293],"product_cat":[1005],"product_tag":[],"class_list":{"0":"post-38237","1":"product","2":"type-product","3":"status-publish","4":"has-post-thumbnail","6":"product_brand-sella","7":"product_cat-parfums-dambiance-sella-75-ml","9":"first","10":"instock","11":"taxable","12":"shipping-taxable","13":"purchasable","14":"product-type-simple"},"yoast_head":"<!-- This site is optimized with the Yoast SEO Premium plugin v27.1 (Yoast SEO v27.4) - https:\/\/yoast.com\/product\/yoast-seo-premium-wordpress\/ -->\n<title>Parfum d&#039;ambiance FLEUR DE NUIT 75 ml - Boutique &quot;V6&quot;<\/title>\n<meta name=\"description\" content=\"Parfum d\u2019ambiance Fleur de Nuit 75 ml sans alcool, 85% naturel. Fragrance florale \u00e9l\u00e9gante, apaisante et longue dur\u00e9e pour maison, textile et voiture.\" \/>\n<meta name=\"robots\" content=\"index, follow, max-snippet:-1, max-image-preview:large, max-video-preview:-1\" \/>\n<link rel=\"canonical\" href=\"https:\/\/sella-industrie.com\/fr_fr\/produit\/parfum-ambiance-fleur-de-nuit-75-ml-naturel-sans-alcool-\u0645\u0639\u0637\u0631-\u062c\u0648-\u0632\u0647\u0631\u0629-\u0627\u0644\u0644\u064a\u0644\/\" \/>\n<meta property=\"og:locale\" content=\"fr_FR\" \/>\n<meta property=\"og:type\" content=\"article\" \/>\n<meta property=\"og:title\" content=\"Parfum d&#039;ambiance FLEUR DE NUIT 75 ml\" \/>\n<meta property=\"og:description\" content=\"Parfum d\u2019ambiance Fleur de Nuit 75 ml sans alcool, 85% naturel. Fragrance florale \u00e9l\u00e9gante, apaisante et longue dur\u00e9e pour maison, textile et voiture.\" \/>\n<meta property=\"og:url\" content=\"https:\/\/sella-industrie.com\/fr_fr\/produit\/parfum-ambiance-fleur-de-nuit-75-ml-naturel-sans-alcool-\u0645\u0639\u0637\u0631-\u062c\u0648-\u0632\u0647\u0631\u0629-\u0627\u0644\u0644\u064a\u0644\/\" \/>\n<meta property=\"og:site_name\" content=\"Boutique &quot;V6&quot;\" \/>\n<meta property=\"article:modified_time\" content=\"2026-04-09T11:08:10+00:00\" \/>\n<meta property=\"og:image\" content=\"https:\/\/sella-industrie.com\/wp-content\/uploads\/2026\/04\/Fleur-de-nuit.webp\" \/>\n\t<meta property=\"og:image:width\" content=\"1000\" \/>\n\t<meta property=\"og:image:height\" content=\"1000\" \/>\n\t<meta property=\"og:image:type\" content=\"image\/webp\" \/>\n<meta name=\"twitter:card\" content=\"summary_large_image\" \/>\n<meta name=\"twitter:label1\" content=\"Prix\" \/>\n\t<meta name=\"twitter:data1\" content=\"&#x62f;.&#x62c;&nbsp;280\" \/>\n\t<meta name=\"twitter:label2\" content=\"Disponibilit\u00e9\" \/>\n\t<meta name=\"twitter:data2\" content=\"En stock\" \/>\n<script type=\"application\/ld+json\" class=\"yoast-schema-graph\">{\"@context\":\"https:\\\/\\\/schema.org\",\"@graph\":[{\"@type\":\"WebPage\",\"@id\":\"https:\\\/\\\/sella-industrie.com\\\/produit\\\/parfum-ambiance-fleur-de-nuit-75-ml-naturel-sans-alcool-%d9%85%d8%b9%d8%b7%d8%b1-%d8%ac%d9%88-%d8%b2%d9%87%d8%b1%d8%a9-%d8%a7%d9%84%d9%84%d9%8a%d9%84\\\/\",\"url\":\"https:\\\/\\\/sella-industrie.com\\\/produit\\\/parfum-ambiance-fleur-de-nuit-75-ml-naturel-sans-alcool-%d9%85%d8%b9%d8%b7%d8%b1-%d8%ac%d9%88-%d8%b2%d9%87%d8%b1%d8%a9-%d8%a7%d9%84%d9%84%d9%8a%d9%84\\\/\",\"name\":\"Parfum d'ambiance FLEUR DE NUIT 75 ml - Boutique &quot;V6&quot;\",\"isPartOf\":{\"@id\":\"https:\\\/\\\/sella-industrie.com\\\/#website\"},\"primaryImageOfPage\":{\"@id\":\"https:\\\/\\\/sella-industrie.com\\\/produit\\\/parfum-ambiance-fleur-de-nuit-75-ml-naturel-sans-alcool-%d9%85%d8%b9%d8%b7%d8%b1-%d8%ac%d9%88-%d8%b2%d9%87%d8%b1%d8%a9-%d8%a7%d9%84%d9%84%d9%8a%d9%84\\\/#primaryimage\"},\"image\":{\"@id\":\"https:\\\/\\\/sella-industrie.com\\\/produit\\\/parfum-ambiance-fleur-de-nuit-75-ml-naturel-sans-alcool-%d9%85%d8%b9%d8%b7%d8%b1-%d8%ac%d9%88-%d8%b2%d9%87%d8%b1%d8%a9-%d8%a7%d9%84%d9%84%d9%8a%d9%84\\\/#primaryimage\"},\"thumbnailUrl\":\"https:\\\/\\\/sella-industrie.com\\\/wp-content\\\/uploads\\\/2026\\\/04\\\/Fleur-de-nuit.webp\",\"datePublished\":\"2026-04-09T10:55:13+00:00\",\"dateModified\":\"2026-04-09T11:08:10+00:00\",\"description\":\"Parfum d\u2019ambiance Fleur de Nuit 75 ml sans alcool, 85% naturel. Fragrance florale \u00e9l\u00e9gante, apaisante et longue dur\u00e9e pour maison, textile et voiture.\",\"breadcrumb\":{\"@id\":\"https:\\\/\\\/sella-industrie.com\\\/produit\\\/parfum-ambiance-fleur-de-nuit-75-ml-naturel-sans-alcool-%d9%85%d8%b9%d8%b7%d8%b1-%d8%ac%d9%88-%d8%b2%d9%87%d8%b1%d8%a9-%d8%a7%d9%84%d9%84%d9%8a%d9%84\\\/#breadcrumb\"},\"inLanguage\":\"fr-FR\",\"potentialAction\":[{\"@type\":\"ReadAction\",\"target\":[\"https:\\\/\\\/sella-industrie.com\\\/produit\\\/parfum-ambiance-fleur-de-nuit-75-ml-naturel-sans-alcool-%d9%85%d8%b9%d8%b7%d8%b1-%d8%ac%d9%88-%d8%b2%d9%87%d8%b1%d8%a9-%d8%a7%d9%84%d9%84%d9%8a%d9%84\\\/\"]}]},{\"@type\":\"ImageObject\",\"inLanguage\":\"fr-FR\",\"@id\":\"https:\\\/\\\/sella-industrie.com\\\/produit\\\/parfum-ambiance-fleur-de-nuit-75-ml-naturel-sans-alcool-%d9%85%d8%b9%d8%b7%d8%b1-%d8%ac%d9%88-%d8%b2%d9%87%d8%b1%d8%a9-%d8%a7%d9%84%d9%84%d9%8a%d9%84\\\/#primaryimage\",\"url\":\"https:\\\/\\\/sella-industrie.com\\\/wp-content\\\/uploads\\\/2026\\\/04\\\/Fleur-de-nuit.webp\",\"contentUrl\":\"https:\\\/\\\/sella-industrie.com\\\/wp-content\\\/uploads\\\/2026\\\/04\\\/Fleur-de-nuit.webp\",\"width\":1000,\"height\":1000,\"caption\":\"parfum d\u2019ambiance fleur de nuit\"},{\"@type\":\"BreadcrumbList\",\"@id\":\"https:\\\/\\\/sella-industrie.com\\\/produit\\\/parfum-ambiance-fleur-de-nuit-75-ml-naturel-sans-alcool-%d9%85%d8%b9%d8%b7%d8%b1-%d8%ac%d9%88-%d8%b2%d9%87%d8%b1%d8%a9-%d8%a7%d9%84%d9%84%d9%8a%d9%84\\\/#breadcrumb\",\"itemListElement\":[{\"@type\":\"ListItem\",\"position\":1,\"name\":\"Accueil\",\"item\":\"https:\\\/\\\/sella-industrie.com\\\/fr_fr\\\/\"},{\"@type\":\"ListItem\",\"position\":2,\"name\":\"Shop\",\"item\":\"https:\\\/\\\/sella-industrie.com\\\/fr_fr\\\/shop\\\/\"},{\"@type\":\"ListItem\",\"position\":3,\"name\":\"Parfums d'ambiance SELLA 75 ml\",\"item\":\"https:\\\/\\\/sella-industrie.com\\\/categorie-produit\\\/parfums-dambiance-sella-75-ml\\\/\"},{\"@type\":\"ListItem\",\"position\":4,\"name\":\"Parfum d&rsquo;ambiance FLEUR DE NUIT 75 ml\"}]},{\"@type\":\"WebSite\",\"@id\":\"https:\\\/\\\/sella-industrie.com\\\/#website\",\"url\":\"https:\\\/\\\/sella-industrie.com\\\/\",\"name\":\"Boutique &quot;V6&quot;\",\"description\":\"We care for your car\",\"publisher\":{\"@id\":\"https:\\\/\\\/sella-industrie.com\\\/#organization\"},\"potentialAction\":[{\"@type\":\"SearchAction\",\"target\":{\"@type\":\"EntryPoint\",\"urlTemplate\":\"https:\\\/\\\/sella-industrie.com\\\/?s={search_term_string}\"},\"query-input\":{\"@type\":\"PropertyValueSpecification\",\"valueRequired\":true,\"valueName\":\"search_term_string\"}}],\"inLanguage\":\"fr-FR\"},{\"@type\":\"Organization\",\"@id\":\"https:\\\/\\\/sella-industrie.com\\\/#organization\",\"name\":\"Boutique &quot;V6&quot;\",\"url\":\"https:\\\/\\\/sella-industrie.com\\\/\",\"logo\":{\"@type\":\"ImageObject\",\"inLanguage\":\"fr-FR\",\"@id\":\"https:\\\/\\\/sella-industrie.com\\\/#\\\/schema\\\/logo\\\/image\\\/\",\"url\":\"\",\"contentUrl\":\"\",\"caption\":\"Boutique &quot;V6&quot;\"},\"image\":{\"@id\":\"https:\\\/\\\/sella-industrie.com\\\/#\\\/schema\\\/logo\\\/image\\\/\"}}]}<\/script>\n<meta property=\"product:price:amount\" content=\"280\" \/>\n<meta property=\"product:price:currency\" content=\"DZD\" \/>\n<meta property=\"og:availability\" content=\"instock\" \/>\n<meta property=\"product:availability\" content=\"instock\" \/>\n<meta property=\"product:condition\" content=\"new\" \/>\n<!-- \/ Yoast SEO Premium plugin. -->","yoast_head_json":{"title":"Parfum d'ambiance FLEUR DE NUIT 75 ml - Boutique &quot;V6&quot;","description":"Parfum d\u2019ambiance Fleur de Nuit 75 ml sans alcool, 85% naturel. Fragrance florale \u00e9l\u00e9gante, apaisante et longue dur\u00e9e pour maison, textile et voiture.","robots":{"index":"index","follow":"follow","max-snippet":"max-snippet:-1","max-image-preview":"max-image-preview:large","max-video-preview":"max-video-preview:-1"},"canonical":"https:\/\/sella-industrie.com\/fr_fr\/produit\/parfum-ambiance-fleur-de-nuit-75-ml-naturel-sans-alcool-\u0645\u0639\u0637\u0631-\u062c\u0648-\u0632\u0647\u0631\u0629-\u0627\u0644\u0644\u064a\u0644\/","og_locale":"fr_FR","og_type":"article","og_title":"Parfum d'ambiance FLEUR DE NUIT 75 ml","og_description":"Parfum d\u2019ambiance Fleur de Nuit 75 ml sans alcool, 85% naturel. Fragrance florale \u00e9l\u00e9gante, apaisante et longue dur\u00e9e pour maison, textile et voiture.","og_url":"https:\/\/sella-industrie.com\/fr_fr\/produit\/parfum-ambiance-fleur-de-nuit-75-ml-naturel-sans-alcool-\u0645\u0639\u0637\u0631-\u062c\u0648-\u0632\u0647\u0631\u0629-\u0627\u0644\u0644\u064a\u0644\/","og_site_name":"Boutique &quot;V6&quot;","article_modified_time":"2026-04-09T11:08:10+00:00","og_image":[{"width":1000,"height":1000,"url":"https:\/\/sella-industrie.com\/wp-content\/uploads\/2026\/04\/Fleur-de-nuit.webp","type":"image\/webp"}],"twitter_card":"summary_large_image","twitter_misc":{"Prix":"&#x62f;.&#x62c;&nbsp;280","Disponibilit\u00e9":"En stock"},"schema":{"@context":"https:\/\/schema.org","@graph":[{"@type":"WebPage","@id":"https:\/\/sella-industrie.com\/produit\/parfum-ambiance-fleur-de-nuit-75-ml-naturel-sans-alcool-%d9%85%d8%b9%d8%b7%d8%b1-%d8%ac%d9%88-%d8%b2%d9%87%d8%b1%d8%a9-%d8%a7%d9%84%d9%84%d9%8a%d9%84\/","url":"https:\/\/sella-industrie.com\/produit\/parfum-ambiance-fleur-de-nuit-75-ml-naturel-sans-alcool-%d9%85%d8%b9%d8%b7%d8%b1-%d8%ac%d9%88-%d8%b2%d9%87%d8%b1%d8%a9-%d8%a7%d9%84%d9%84%d9%8a%d9%84\/","name":"Parfum d'ambiance FLEUR DE NUIT 75 ml - Boutique &quot;V6&quot;","isPartOf":{"@id":"https:\/\/sella-industrie.com\/#website"},"primaryImageOfPage":{"@id":"https:\/\/sella-industrie.com\/produit\/parfum-ambiance-fleur-de-nuit-75-ml-naturel-sans-alcool-%d9%85%d8%b9%d8%b7%d8%b1-%d8%ac%d9%88-%d8%b2%d9%87%d8%b1%d8%a9-%d8%a7%d9%84%d9%84%d9%8a%d9%84\/#primaryimage"},"image":{"@id":"https:\/\/sella-industrie.com\/produit\/parfum-ambiance-fleur-de-nuit-75-ml-naturel-sans-alcool-%d9%85%d8%b9%d8%b7%d8%b1-%d8%ac%d9%88-%d8%b2%d9%87%d8%b1%d8%a9-%d8%a7%d9%84%d9%84%d9%8a%d9%84\/#primaryimage"},"thumbnailUrl":"https:\/\/sella-industrie.com\/wp-content\/uploads\/2026\/04\/Fleur-de-nuit.webp","datePublished":"2026-04-09T10:55:13+00:00","dateModified":"2026-04-09T11:08:10+00:00","description":"Parfum d\u2019ambiance Fleur de Nuit 75 ml sans alcool, 85% naturel. Fragrance florale \u00e9l\u00e9gante, apaisante et longue dur\u00e9e pour maison, textile et voiture.","breadcrumb":{"@id":"https:\/\/sella-industrie.com\/produit\/parfum-ambiance-fleur-de-nuit-75-ml-naturel-sans-alcool-%d9%85%d8%b9%d8%b7%d8%b1-%d8%ac%d9%88-%d8%b2%d9%87%d8%b1%d8%a9-%d8%a7%d9%84%d9%84%d9%8a%d9%84\/#breadcrumb"},"inLanguage":"fr-FR","potentialAction":[{"@type":"ReadAction","target":["https:\/\/sella-industrie.com\/produit\/parfum-ambiance-fleur-de-nuit-75-ml-naturel-sans-alcool-%d9%85%d8%b9%d8%b7%d8%b1-%d8%ac%d9%88-%d8%b2%d9%87%d8%b1%d8%a9-%d8%a7%d9%84%d9%84%d9%8a%d9%84\/"]}]},{"@type":"ImageObject","inLanguage":"fr-FR","@id":"https:\/\/sella-industrie.com\/produit\/parfum-ambiance-fleur-de-nuit-75-ml-naturel-sans-alcool-%d9%85%d8%b9%d8%b7%d8%b1-%d8%ac%d9%88-%d8%b2%d9%87%d8%b1%d8%a9-%d8%a7%d9%84%d9%84%d9%8a%d9%84\/#primaryimage","url":"https:\/\/sella-industrie.com\/wp-content\/uploads\/2026\/04\/Fleur-de-nuit.webp","contentUrl":"https:\/\/sella-industrie.com\/wp-content\/uploads\/2026\/04\/Fleur-de-nuit.webp","width":1000,"height":1000,"caption":"parfum d\u2019ambiance fleur de nuit"},{"@type":"BreadcrumbList","@id":"https:\/\/sella-industrie.com\/produit\/parfum-ambiance-fleur-de-nuit-75-ml-naturel-sans-alcool-%d9%85%d8%b9%d8%b7%d8%b1-%d8%ac%d9%88-%d8%b2%d9%87%d8%b1%d8%a9-%d8%a7%d9%84%d9%84%d9%8a%d9%84\/#breadcrumb","itemListElement":[{"@type":"ListItem","position":1,"name":"Accueil","item":"https:\/\/sella-industrie.com\/fr_fr\/"},{"@type":"ListItem","position":2,"name":"Shop","item":"https:\/\/sella-industrie.com\/fr_fr\/shop\/"},{"@type":"ListItem","position":3,"name":"Parfums d'ambiance SELLA 75 ml","item":"https:\/\/sella-industrie.com\/categorie-produit\/parfums-dambiance-sella-75-ml\/"},{"@type":"ListItem","position":4,"name":"Parfum d&rsquo;ambiance FLEUR DE NUIT 75 ml"}]},{"@type":"WebSite","@id":"https:\/\/sella-industrie.com\/#website","url":"https:\/\/sella-industrie.com\/","name":"Boutique &quot;V6&quot;","description":"We care for your car","publisher":{"@id":"https:\/\/sella-industrie.com\/#organization"},"potentialAction":[{"@type":"SearchAction","target":{"@type":"EntryPoint","urlTemplate":"https:\/\/sella-industrie.com\/?s={search_term_string}"},"query-input":{"@type":"PropertyValueSpecification","valueRequired":true,"valueName":"search_term_string"}}],"inLanguage":"fr-FR"},{"@type":"Organization","@id":"https:\/\/sella-industrie.com\/#organization","name":"Boutique &quot;V6&quot;","url":"https:\/\/sella-industrie.com\/","logo":{"@type":"ImageObject","inLanguage":"fr-FR","@id":"https:\/\/sella-industrie.com\/#\/schema\/logo\/image\/","url":"","contentUrl":"","caption":"Boutique &quot;V6&quot;"},"image":{"@id":"https:\/\/sella-industrie.com\/#\/schema\/logo\/image\/"}}]},"product_price_amount":"280","product_price_currency":"DZD","og_availability":"instock","product_availability":"instock","product_condition":"new"},"_links":{"self":[{"href":"https:\/\/sella-industrie.com\/fr_fr\/wp-json\/wp\/v2\/product\/38237","targetHints":{"allow":["GET"]}}],"collection":[{"href":"https:\/\/sella-industrie.com\/fr_fr\/wp-json\/wp\/v2\/product"}],"about":[{"href":"https:\/\/sella-industrie.com\/fr_fr\/wp-json\/wp\/v2\/types\/product"}],"replies":[{"embeddable":true,"href":"https:\/\/sella-industrie.com\/fr_fr\/wp-json\/wp\/v2\/comments?post=38237"}],"wp:featuredmedia":[{"embeddable":true,"href":"https:\/\/sella-industrie.com\/fr_fr\/wp-json\/wp\/v2\/media\/38238"}],"wp:attachment":[{"href":"https:\/\/sella-industrie.com\/fr_fr\/wp-json\/wp\/v2\/media?parent=38237"}],"wp:term":[{"taxonomy":"product_brand","embeddable":true,"href":"https:\/\/sella-industrie.com\/fr_fr\/wp-json\/wp\/v2\/product_brand?post=38237"},{"taxonomy":"product_cat","embeddable":true,"href":"https:\/\/sella-industrie.com\/fr_fr\/wp-json\/wp\/v2\/product_cat?post=38237"},{"taxonomy":"product_tag","embeddable":true,"href":"https:\/\/sella-industrie.com\/fr_fr\/wp-json\/wp\/v2\/product_tag?post=38237"}],"curies":[{"name":"wp","href":"https:\/\/api.w.org\/{rel}","templated":true}]}}