{"id":38234,"date":"2026-04-09T09:28:15","date_gmt":"2026-04-09T09:28:15","guid":{"rendered":"https:\/\/sella-industrie.com\/?post_type=product&#038;p=38234"},"modified":"2026-04-09T10:59:54","modified_gmt":"2026-04-09T10:59:54","slug":"parfum-ambiance-citron-sicilien-75-ml-naturel-sans-alcool-%d9%85%d8%b9%d8%b7%d8%b1-%d8%ac%d9%88-%d9%84%d9%8a%d9%85%d9%88%d9%86-%d8%b5%d9%82%d9%84%d9%8a","status":"publish","type":"product","link":"https:\/\/sella-industrie.com\/fr_fr\/produit\/parfum-ambiance-citron-sicilien-75-ml-naturel-sans-alcool-%d9%85%d8%b9%d8%b7%d8%b1-%d8%ac%d9%88-%d9%84%d9%8a%d9%85%d9%88%d9%86-%d8%b5%d9%82%d9%84%d9%8a\/","title":{"rendered":"Parfum d&rsquo;ambiance CITRON SICILIEN 75 ml"},"content":{"rendered":"<h2 style=\"text-align: center;\">Parfum d&rsquo;ambiance CITRON SICILIEN 75 ml \u060c\u0645\u0639\u0637\u0631 \u062c\u0648 \u0644\u064a\u0645\u0648\u0646 \u0635\u0642\u0644\u064a<\/h2>\n<p style=\"text-align: left;\"><strong>Parfum d&rsquo;ambiance CITRON SICILIEN 75 ml<\/strong>, 85% base naturelle sans alcool. Id\u00e9al pour maison, textiles et voiture. Fra\u00eecheur v\u00e9g\u00e9tale, apaisante et durable. Id\u00e9ale pour cr\u00e9er une atmosph\u00e8re propre et relaxante dans vos espaces. Inspir\u00e9 de la nature, c&rsquo;est une invitation au voyage au c\u0153ur de l\u2019Italie ensoleill\u00e9e. Avec son <strong data-start=\"895\" data-end=\"922\">\u00e9clat d\u2019agrumes vibrant<\/strong>, il diffuse une fra\u00eecheur pure et \u00e9nergisante <a href=\"https:\/\/sella-industrie.com\/fr_fr\/produit\/feu-etincelant-%d8%b4%d8%b9%d9%84%d8%a9-%d9%86%d8%a7%d8%b1%d9%8a%d8%a9\/\">aussi bien dans votre maison que dans votre voiture<\/a>. Formul\u00e9 avec <strong data-start=\"1036\" data-end=\"1075\">85% d\u2019ingr\u00e9dients de base naturelle<\/strong> et garanti <strong data-start=\"1087\" data-end=\"1102\">sans alcool<\/strong>, ce <a href=\"https:\/\/www.tiktok.com\/@v6.accessoires.au\" target=\"_blank\" rel=\"noopener\">parfum<\/a> d\u2019ambiance respecte votre environnement tout en offrant une diffusion longue dur\u00e9e. Il capture l\u2019intensit\u00e9 et la luminosit\u00e9 des citrons fra\u00eechement cueillis sous le soleil m\u00e9diterran\u00e9en : notes d\u2019agrumes fra\u00eeches et p\u00e9tillantes, sensation imm\u00e9diate de propret\u00e9, ambiance \u00e9nergisante et lumineuse, parfum \u00e9quilibr\u00e9 et non agressif. chaque pulv\u00e9risation lib\u00e8re un souffle d\u2019Italie, transformant votre espace en un lieu accueillant et revitalisant. Ce parfum d\u2019ambiance se distingue par sa formulation innovante : Respectueux de l\u2019environnement int\u00e9rieur, Diffusion homog\u00e8ne et durable.<\/p>\n<p style=\"text-align: right;\"><strong>\u0645\u0639\u0637\u0631 \u062c\u0648 \u0644\u064a\u0645\u0648\u0646 \u0635\u0642\u0644\u064a\u060c<\/strong> 75 \u0645\u0644\u060c \u0642\u0627\u0639\u062f\u0629 \u0637\u0628\u064a\u0639\u064a\u0629 85%\u060c \u062e\u0627\u0644\u064d \u0645\u0646 \u0627\u0644\u0643\u062d\u0648\u0644. \u0645\u062b\u0627\u0644\u064a \u0644\u0644\u0645\u0646\u0632\u0644 \u0648\u0627\u0644\u0645\u0646\u0633\u0648\u062c\u0627\u062a \u0648\u0627\u0644\u0633\u064a\u0627\u0631\u0629. \u0627\u0646\u062a\u0639\u0627\u0634 \u0637\u0628\u064a\u0639\u064a \u0645\u0647\u062f\u0626 \u064a\u062f\u0648\u0645 \u0637\u0648\u064a\u0644\u0627\u064b. \u0645\u062b\u0627\u0644\u064a \u0644\u062e\u0644\u0642 \u062c\u0648 \u0646\u0638\u064a\u0641 \u0648\u0645\u0631\u064a\u062d \u0641\u064a \u0645\u0633\u0627\u062d\u0627\u062a\u0643. \u0645\u0633\u062a\u0648\u062d\u0649 \u0645\u0646 \u0627\u0644\u0637\u0628\u064a\u0639\u0629\u060c \u0644\u062a\u062c\u0631\u0628\u0629 \u0639\u0637\u0631\u064a\u0629 \u0646\u0627\u0639\u0645\u0629 \u0648\u0645\u062a\u0648\u0627\u0632\u0646\u0629\u060c \u064a\u062d\u062a\u0631\u0645 \u0628\u064a\u0626\u062a\u0643 \u0645\u0639 \u062a\u0648\u0641\u064a\u0631 \u0627\u0646\u062a\u0634\u0627\u0631 \u0644\u0637\u064a\u0641 \u064a\u062f\u0648\u0645 \u0637\u0648\u064a\u0644\u0627\u064b\u060c \u064a\u0648\u0641\u0631 \u0628\u0635\u0645\u0629 \u0639\u0637\u0631\u064a\u0629 \u0637\u0628\u064a\u0639\u064a\u0629\u060c \u0646\u0641\u062d\u0627\u062a \u0645\u0646\u0639\u0634\u0629 \u0648\u0646\u0628\u0627\u062a\u064a\u0629\u060c \u0648\u062a\u0646\u0627\u063a\u0645 \u062e\u0641\u064a\u0641 \u0648\u0645\u0646\u0642\u064d\u0651\u060c \u0648\u0634\u0639\u0648\u0631 \u0628\u0627\u0644\u0631\u0627\u062d\u0629 \u0648\u0627\u0644\u0633\u0643\u064a\u0646\u0629\u060c \u0648\u0623\u062b\u0631 \u0639\u0637\u0631\u064a \u0646\u0627\u0639\u0645 \u0648\u0645\u0647\u062f\u0626\u060c \u0646\u0641\u062d\u0629 \u062d\u0645\u0636\u064a\u0627\u062a \u0646\u0627\u0628\u0636\u0629 \u0628\u0627\u0644\u062d\u064a\u0627\u0629\u060c \u0646\u0633\u0645\u0629 \u0645\u0646 \u0634\u0645\u0633 \u0625\u064a\u0637\u0627\u0644\u064a\u0627\u060c \u0645\u062b\u0627\u0644\u064a \u0644\u062e\u0644\u0642 \u0623\u062c\u0648\u0627\u0621 \u0647\u0627\u062f\u0626\u0629 \u0648\u0645\u0646\u0639\u0634\u0629<\/p>\n<p><iframe loading=\"lazy\" title=\"Parfums 280 Ml\" width=\"500\" height=\"281\" src=\"https:\/\/www.youtube.com\/embed\/zeJY4fCR1dk?feature=oembed\" frameborder=\"0\" allow=\"accelerometer; autoplay; clipboard-write; encrypted-media; gyroscope; picture-in-picture; web-share\" referrerpolicy=\"strict-origin-when-cross-origin\" allowfullscreen><\/iframe><\/p>\n","protected":false},"excerpt":{"rendered":"<h1 style=\"text-align: center;\">\u0645\u0639\u0637\u0631 \u062c\u0648 \u0644\u064a\u0645\u0648\u0646 \u0635\u0642\u0644\u064a<\/h1>\n<p><strong>Parfum d&rsquo;ambiance CITRON SICILIEN 75 ml<\/strong>, 85% base naturelle sans alcool. Id\u00e9al pour maison, textiles et voiture. Fra\u00eecheur v\u00e9g\u00e9tale, apaisante et durable. Id\u00e9ale pour cr\u00e9er une atmosph\u00e8re propre et relaxante dans vos espaces.<\/p>\n","protected":false},"featured_media":38235,"comment_status":"open","ping_status":"closed","template":"","meta":[],"product_brand":[293],"product_cat":[1005],"product_tag":[],"class_list":{"0":"post-38234","1":"product","2":"type-product","3":"status-publish","4":"has-post-thumbnail","6":"product_brand-sella","7":"product_cat-parfums-dambiance-sella-75-ml","9":"first","10":"instock","11":"taxable","12":"shipping-taxable","13":"purchasable","14":"product-type-simple"},"yoast_head":"<!-- This site is optimized with the Yoast SEO Premium plugin v27.1 (Yoast SEO v27.4) - https:\/\/yoast.com\/product\/yoast-seo-premium-wordpress\/ -->\n<title>Parfum d&#039;ambiance CITRON SICILIEN 75 ml - Boutique &quot;V6&quot;<\/title>\n<meta name=\"description\" content=\"Parfum d\u2019ambiance Citron Sicilien 75 ml sans alcool, 85% naturel. Fra\u00eecheur intense, longue dur\u00e9e, id\u00e9al maison, textiles et voiture.\" \/>\n<meta name=\"robots\" content=\"index, follow, max-snippet:-1, max-image-preview:large, max-video-preview:-1\" \/>\n<link rel=\"canonical\" href=\"https:\/\/sella-industrie.com\/fr_fr\/produit\/parfum-ambiance-citron-sicilien-75-ml-naturel-sans-alcool-\u0645\u0639\u0637\u0631-\u062c\u0648-\u0644\u064a\u0645\u0648\u0646-\u0635\u0642\u0644\u064a\/\" \/>\n<meta property=\"og:locale\" content=\"fr_FR\" \/>\n<meta property=\"og:type\" content=\"article\" \/>\n<meta property=\"og:title\" content=\"Parfum d&#039;ambiance CITRON SICILIEN 75 ml\" \/>\n<meta property=\"og:description\" content=\"Parfum d\u2019ambiance Citron Sicilien 75 ml sans alcool, 85% naturel. Fra\u00eecheur intense, longue dur\u00e9e, id\u00e9al maison, textiles et voiture.\" \/>\n<meta property=\"og:url\" content=\"https:\/\/sella-industrie.com\/fr_fr\/produit\/parfum-ambiance-citron-sicilien-75-ml-naturel-sans-alcool-\u0645\u0639\u0637\u0631-\u062c\u0648-\u0644\u064a\u0645\u0648\u0646-\u0635\u0642\u0644\u064a\/\" \/>\n<meta property=\"og:site_name\" content=\"Boutique &quot;V6&quot;\" \/>\n<meta property=\"article:modified_time\" content=\"2026-04-09T10:59:54+00:00\" \/>\n<meta property=\"og:image\" content=\"https:\/\/sella-industrie.com\/wp-content\/uploads\/2026\/04\/Citron-sicilien.webp\" \/>\n\t<meta property=\"og:image:width\" content=\"1000\" \/>\n\t<meta property=\"og:image:height\" content=\"1000\" \/>\n\t<meta property=\"og:image:type\" content=\"image\/webp\" \/>\n<meta name=\"twitter:card\" content=\"summary_large_image\" \/>\n<meta name=\"twitter:label1\" content=\"Prix\" \/>\n\t<meta name=\"twitter:data1\" content=\"&#x62f;.&#x62c;&nbsp;280\" \/>\n\t<meta name=\"twitter:label2\" content=\"Disponibilit\u00e9\" \/>\n\t<meta name=\"twitter:data2\" content=\"En stock\" \/>\n<script type=\"application\/ld+json\" class=\"yoast-schema-graph\">{\"@context\":\"https:\\\/\\\/schema.org\",\"@graph\":[{\"@type\":\"WebPage\",\"@id\":\"https:\\\/\\\/sella-industrie.com\\\/produit\\\/parfum-ambiance-citron-sicilien-75-ml-naturel-sans-alcool-%d9%85%d8%b9%d8%b7%d8%b1-%d8%ac%d9%88-%d9%84%d9%8a%d9%85%d9%88%d9%86-%d8%b5%d9%82%d9%84%d9%8a\\\/\",\"url\":\"https:\\\/\\\/sella-industrie.com\\\/produit\\\/parfum-ambiance-citron-sicilien-75-ml-naturel-sans-alcool-%d9%85%d8%b9%d8%b7%d8%b1-%d8%ac%d9%88-%d9%84%d9%8a%d9%85%d9%88%d9%86-%d8%b5%d9%82%d9%84%d9%8a\\\/\",\"name\":\"Parfum d'ambiance CITRON SICILIEN 75 ml - Boutique &quot;V6&quot;\",\"isPartOf\":{\"@id\":\"https:\\\/\\\/sella-industrie.com\\\/#website\"},\"primaryImageOfPage\":{\"@id\":\"https:\\\/\\\/sella-industrie.com\\\/produit\\\/parfum-ambiance-citron-sicilien-75-ml-naturel-sans-alcool-%d9%85%d8%b9%d8%b7%d8%b1-%d8%ac%d9%88-%d9%84%d9%8a%d9%85%d9%88%d9%86-%d8%b5%d9%82%d9%84%d9%8a\\\/#primaryimage\"},\"image\":{\"@id\":\"https:\\\/\\\/sella-industrie.com\\\/produit\\\/parfum-ambiance-citron-sicilien-75-ml-naturel-sans-alcool-%d9%85%d8%b9%d8%b7%d8%b1-%d8%ac%d9%88-%d9%84%d9%8a%d9%85%d9%88%d9%86-%d8%b5%d9%82%d9%84%d9%8a\\\/#primaryimage\"},\"thumbnailUrl\":\"https:\\\/\\\/sella-industrie.com\\\/wp-content\\\/uploads\\\/2026\\\/04\\\/Citron-sicilien.webp\",\"datePublished\":\"2026-04-09T09:28:15+00:00\",\"dateModified\":\"2026-04-09T10:59:54+00:00\",\"description\":\"Parfum d\u2019ambiance Citron Sicilien 75 ml sans alcool, 85% naturel. Fra\u00eecheur intense, longue dur\u00e9e, id\u00e9al maison, textiles et voiture.\",\"breadcrumb\":{\"@id\":\"https:\\\/\\\/sella-industrie.com\\\/produit\\\/parfum-ambiance-citron-sicilien-75-ml-naturel-sans-alcool-%d9%85%d8%b9%d8%b7%d8%b1-%d8%ac%d9%88-%d9%84%d9%8a%d9%85%d9%88%d9%86-%d8%b5%d9%82%d9%84%d9%8a\\\/#breadcrumb\"},\"inLanguage\":\"fr-FR\",\"potentialAction\":[{\"@type\":\"ReadAction\",\"target\":[\"https:\\\/\\\/sella-industrie.com\\\/produit\\\/parfum-ambiance-citron-sicilien-75-ml-naturel-sans-alcool-%d9%85%d8%b9%d8%b7%d8%b1-%d8%ac%d9%88-%d9%84%d9%8a%d9%85%d9%88%d9%86-%d8%b5%d9%82%d9%84%d9%8a\\\/\"]}]},{\"@type\":\"ImageObject\",\"inLanguage\":\"fr-FR\",\"@id\":\"https:\\\/\\\/sella-industrie.com\\\/produit\\\/parfum-ambiance-citron-sicilien-75-ml-naturel-sans-alcool-%d9%85%d8%b9%d8%b7%d8%b1-%d8%ac%d9%88-%d9%84%d9%8a%d9%85%d9%88%d9%86-%d8%b5%d9%82%d9%84%d9%8a\\\/#primaryimage\",\"url\":\"https:\\\/\\\/sella-industrie.com\\\/wp-content\\\/uploads\\\/2026\\\/04\\\/Citron-sicilien.webp\",\"contentUrl\":\"https:\\\/\\\/sella-industrie.com\\\/wp-content\\\/uploads\\\/2026\\\/04\\\/Citron-sicilien.webp\",\"width\":1000,\"height\":1000,\"caption\":\"parfum d\u2019ambiance CITRON SICILIEN\"},{\"@type\":\"BreadcrumbList\",\"@id\":\"https:\\\/\\\/sella-industrie.com\\\/produit\\\/parfum-ambiance-citron-sicilien-75-ml-naturel-sans-alcool-%d9%85%d8%b9%d8%b7%d8%b1-%d8%ac%d9%88-%d9%84%d9%8a%d9%85%d9%88%d9%86-%d8%b5%d9%82%d9%84%d9%8a\\\/#breadcrumb\",\"itemListElement\":[{\"@type\":\"ListItem\",\"position\":1,\"name\":\"Accueil\",\"item\":\"https:\\\/\\\/sella-industrie.com\\\/fr_fr\\\/\"},{\"@type\":\"ListItem\",\"position\":2,\"name\":\"Shop\",\"item\":\"https:\\\/\\\/sella-industrie.com\\\/fr_fr\\\/shop\\\/\"},{\"@type\":\"ListItem\",\"position\":3,\"name\":\"Parfums d'ambiance SELLA 75 ml\",\"item\":\"https:\\\/\\\/sella-industrie.com\\\/categorie-produit\\\/parfums-dambiance-sella-75-ml\\\/\"},{\"@type\":\"ListItem\",\"position\":4,\"name\":\"Parfum d&rsquo;ambiance CITRON SICILIEN 75 ml\"}]},{\"@type\":\"WebSite\",\"@id\":\"https:\\\/\\\/sella-industrie.com\\\/#website\",\"url\":\"https:\\\/\\\/sella-industrie.com\\\/\",\"name\":\"Boutique &quot;V6&quot;\",\"description\":\"We care for your car\",\"publisher\":{\"@id\":\"https:\\\/\\\/sella-industrie.com\\\/#organization\"},\"potentialAction\":[{\"@type\":\"SearchAction\",\"target\":{\"@type\":\"EntryPoint\",\"urlTemplate\":\"https:\\\/\\\/sella-industrie.com\\\/?s={search_term_string}\"},\"query-input\":{\"@type\":\"PropertyValueSpecification\",\"valueRequired\":true,\"valueName\":\"search_term_string\"}}],\"inLanguage\":\"fr-FR\"},{\"@type\":\"Organization\",\"@id\":\"https:\\\/\\\/sella-industrie.com\\\/#organization\",\"name\":\"Boutique &quot;V6&quot;\",\"url\":\"https:\\\/\\\/sella-industrie.com\\\/\",\"logo\":{\"@type\":\"ImageObject\",\"inLanguage\":\"fr-FR\",\"@id\":\"https:\\\/\\\/sella-industrie.com\\\/#\\\/schema\\\/logo\\\/image\\\/\",\"url\":\"\",\"contentUrl\":\"\",\"caption\":\"Boutique &quot;V6&quot;\"},\"image\":{\"@id\":\"https:\\\/\\\/sella-industrie.com\\\/#\\\/schema\\\/logo\\\/image\\\/\"}}]}<\/script>\n<meta property=\"product:price:amount\" content=\"280\" \/>\n<meta property=\"product:price:currency\" content=\"DZD\" \/>\n<meta property=\"og:availability\" content=\"instock\" \/>\n<meta property=\"product:availability\" content=\"instock\" \/>\n<meta property=\"product:condition\" content=\"new\" \/>\n<!-- \/ Yoast SEO Premium plugin. -->","yoast_head_json":{"title":"Parfum d'ambiance CITRON SICILIEN 75 ml - Boutique &quot;V6&quot;","description":"Parfum d\u2019ambiance Citron Sicilien 75 ml sans alcool, 85% naturel. Fra\u00eecheur intense, longue dur\u00e9e, id\u00e9al maison, textiles et voiture.","robots":{"index":"index","follow":"follow","max-snippet":"max-snippet:-1","max-image-preview":"max-image-preview:large","max-video-preview":"max-video-preview:-1"},"canonical":"https:\/\/sella-industrie.com\/fr_fr\/produit\/parfum-ambiance-citron-sicilien-75-ml-naturel-sans-alcool-\u0645\u0639\u0637\u0631-\u062c\u0648-\u0644\u064a\u0645\u0648\u0646-\u0635\u0642\u0644\u064a\/","og_locale":"fr_FR","og_type":"article","og_title":"Parfum d'ambiance CITRON SICILIEN 75 ml","og_description":"Parfum d\u2019ambiance Citron Sicilien 75 ml sans alcool, 85% naturel. Fra\u00eecheur intense, longue dur\u00e9e, id\u00e9al maison, textiles et voiture.","og_url":"https:\/\/sella-industrie.com\/fr_fr\/produit\/parfum-ambiance-citron-sicilien-75-ml-naturel-sans-alcool-\u0645\u0639\u0637\u0631-\u062c\u0648-\u0644\u064a\u0645\u0648\u0646-\u0635\u0642\u0644\u064a\/","og_site_name":"Boutique &quot;V6&quot;","article_modified_time":"2026-04-09T10:59:54+00:00","og_image":[{"width":1000,"height":1000,"url":"https:\/\/sella-industrie.com\/wp-content\/uploads\/2026\/04\/Citron-sicilien.webp","type":"image\/webp"}],"twitter_card":"summary_large_image","twitter_misc":{"Prix":"&#x62f;.&#x62c;&nbsp;280","Disponibilit\u00e9":"En stock"},"schema":{"@context":"https:\/\/schema.org","@graph":[{"@type":"WebPage","@id":"https:\/\/sella-industrie.com\/produit\/parfum-ambiance-citron-sicilien-75-ml-naturel-sans-alcool-%d9%85%d8%b9%d8%b7%d8%b1-%d8%ac%d9%88-%d9%84%d9%8a%d9%85%d9%88%d9%86-%d8%b5%d9%82%d9%84%d9%8a\/","url":"https:\/\/sella-industrie.com\/produit\/parfum-ambiance-citron-sicilien-75-ml-naturel-sans-alcool-%d9%85%d8%b9%d8%b7%d8%b1-%d8%ac%d9%88-%d9%84%d9%8a%d9%85%d9%88%d9%86-%d8%b5%d9%82%d9%84%d9%8a\/","name":"Parfum d'ambiance CITRON SICILIEN 75 ml - Boutique &quot;V6&quot;","isPartOf":{"@id":"https:\/\/sella-industrie.com\/#website"},"primaryImageOfPage":{"@id":"https:\/\/sella-industrie.com\/produit\/parfum-ambiance-citron-sicilien-75-ml-naturel-sans-alcool-%d9%85%d8%b9%d8%b7%d8%b1-%d8%ac%d9%88-%d9%84%d9%8a%d9%85%d9%88%d9%86-%d8%b5%d9%82%d9%84%d9%8a\/#primaryimage"},"image":{"@id":"https:\/\/sella-industrie.com\/produit\/parfum-ambiance-citron-sicilien-75-ml-naturel-sans-alcool-%d9%85%d8%b9%d8%b7%d8%b1-%d8%ac%d9%88-%d9%84%d9%8a%d9%85%d9%88%d9%86-%d8%b5%d9%82%d9%84%d9%8a\/#primaryimage"},"thumbnailUrl":"https:\/\/sella-industrie.com\/wp-content\/uploads\/2026\/04\/Citron-sicilien.webp","datePublished":"2026-04-09T09:28:15+00:00","dateModified":"2026-04-09T10:59:54+00:00","description":"Parfum d\u2019ambiance Citron Sicilien 75 ml sans alcool, 85% naturel. Fra\u00eecheur intense, longue dur\u00e9e, id\u00e9al maison, textiles et voiture.","breadcrumb":{"@id":"https:\/\/sella-industrie.com\/produit\/parfum-ambiance-citron-sicilien-75-ml-naturel-sans-alcool-%d9%85%d8%b9%d8%b7%d8%b1-%d8%ac%d9%88-%d9%84%d9%8a%d9%85%d9%88%d9%86-%d8%b5%d9%82%d9%84%d9%8a\/#breadcrumb"},"inLanguage":"fr-FR","potentialAction":[{"@type":"ReadAction","target":["https:\/\/sella-industrie.com\/produit\/parfum-ambiance-citron-sicilien-75-ml-naturel-sans-alcool-%d9%85%d8%b9%d8%b7%d8%b1-%d8%ac%d9%88-%d9%84%d9%8a%d9%85%d9%88%d9%86-%d8%b5%d9%82%d9%84%d9%8a\/"]}]},{"@type":"ImageObject","inLanguage":"fr-FR","@id":"https:\/\/sella-industrie.com\/produit\/parfum-ambiance-citron-sicilien-75-ml-naturel-sans-alcool-%d9%85%d8%b9%d8%b7%d8%b1-%d8%ac%d9%88-%d9%84%d9%8a%d9%85%d9%88%d9%86-%d8%b5%d9%82%d9%84%d9%8a\/#primaryimage","url":"https:\/\/sella-industrie.com\/wp-content\/uploads\/2026\/04\/Citron-sicilien.webp","contentUrl":"https:\/\/sella-industrie.com\/wp-content\/uploads\/2026\/04\/Citron-sicilien.webp","width":1000,"height":1000,"caption":"parfum d\u2019ambiance CITRON SICILIEN"},{"@type":"BreadcrumbList","@id":"https:\/\/sella-industrie.com\/produit\/parfum-ambiance-citron-sicilien-75-ml-naturel-sans-alcool-%d9%85%d8%b9%d8%b7%d8%b1-%d8%ac%d9%88-%d9%84%d9%8a%d9%85%d9%88%d9%86-%d8%b5%d9%82%d9%84%d9%8a\/#breadcrumb","itemListElement":[{"@type":"ListItem","position":1,"name":"Accueil","item":"https:\/\/sella-industrie.com\/fr_fr\/"},{"@type":"ListItem","position":2,"name":"Shop","item":"https:\/\/sella-industrie.com\/fr_fr\/shop\/"},{"@type":"ListItem","position":3,"name":"Parfums d'ambiance SELLA 75 ml","item":"https:\/\/sella-industrie.com\/categorie-produit\/parfums-dambiance-sella-75-ml\/"},{"@type":"ListItem","position":4,"name":"Parfum d&rsquo;ambiance CITRON SICILIEN 75 ml"}]},{"@type":"WebSite","@id":"https:\/\/sella-industrie.com\/#website","url":"https:\/\/sella-industrie.com\/","name":"Boutique &quot;V6&quot;","description":"We care for your car","publisher":{"@id":"https:\/\/sella-industrie.com\/#organization"},"potentialAction":[{"@type":"SearchAction","target":{"@type":"EntryPoint","urlTemplate":"https:\/\/sella-industrie.com\/?s={search_term_string}"},"query-input":{"@type":"PropertyValueSpecification","valueRequired":true,"valueName":"search_term_string"}}],"inLanguage":"fr-FR"},{"@type":"Organization","@id":"https:\/\/sella-industrie.com\/#organization","name":"Boutique &quot;V6&quot;","url":"https:\/\/sella-industrie.com\/","logo":{"@type":"ImageObject","inLanguage":"fr-FR","@id":"https:\/\/sella-industrie.com\/#\/schema\/logo\/image\/","url":"","contentUrl":"","caption":"Boutique &quot;V6&quot;"},"image":{"@id":"https:\/\/sella-industrie.com\/#\/schema\/logo\/image\/"}}]},"product_price_amount":"280","product_price_currency":"DZD","og_availability":"instock","product_availability":"instock","product_condition":"new"},"_links":{"self":[{"href":"https:\/\/sella-industrie.com\/fr_fr\/wp-json\/wp\/v2\/product\/38234","targetHints":{"allow":["GET"]}}],"collection":[{"href":"https:\/\/sella-industrie.com\/fr_fr\/wp-json\/wp\/v2\/product"}],"about":[{"href":"https:\/\/sella-industrie.com\/fr_fr\/wp-json\/wp\/v2\/types\/product"}],"replies":[{"embeddable":true,"href":"https:\/\/sella-industrie.com\/fr_fr\/wp-json\/wp\/v2\/comments?post=38234"}],"wp:featuredmedia":[{"embeddable":true,"href":"https:\/\/sella-industrie.com\/fr_fr\/wp-json\/wp\/v2\/media\/38235"}],"wp:attachment":[{"href":"https:\/\/sella-industrie.com\/fr_fr\/wp-json\/wp\/v2\/media?parent=38234"}],"wp:term":[{"taxonomy":"product_brand","embeddable":true,"href":"https:\/\/sella-industrie.com\/fr_fr\/wp-json\/wp\/v2\/product_brand?post=38234"},{"taxonomy":"product_cat","embeddable":true,"href":"https:\/\/sella-industrie.com\/fr_fr\/wp-json\/wp\/v2\/product_cat?post=38234"},{"taxonomy":"product_tag","embeddable":true,"href":"https:\/\/sella-industrie.com\/fr_fr\/wp-json\/wp\/v2\/product_tag?post=38234"}],"curies":[{"name":"wp","href":"https:\/\/api.w.org\/{rel}","templated":true}]}}