{"id":38222,"date":"2026-04-09T08:58:19","date_gmt":"2026-04-09T08:58:19","guid":{"rendered":"https:\/\/sella-industrie.com\/?post_type=product&#038;p=38222"},"modified":"2026-04-09T09:01:07","modified_gmt":"2026-04-09T09:01:07","slug":"mousse-nettoyante-aqua-foam-1-kg-multi-usage-ultra-degraissante-sans-trace-%d8%b1%d8%ba%d9%88%d8%a9-%d8%a7%d9%84%d8%aa%d9%86%d8%b8%d9%8a%d9%81-%d8%a3%d9%83%d9%88%d8%a7-%d9%81%d9%88%d9%85","status":"publish","type":"product","link":"https:\/\/sella-industrie.com\/fr_fr\/produit\/mousse-nettoyante-aqua-foam-1-kg-multi-usage-ultra-degraissante-sans-trace-%d8%b1%d8%ba%d9%88%d8%a9-%d8%a7%d9%84%d8%aa%d9%86%d8%b8%d9%8a%d9%81-%d8%a3%d9%83%d9%88%d8%a7-%d9%81%d9%88%d9%85\/","title":{"rendered":"Mousse nettoyante AQUA FOAM"},"content":{"rendered":"<h2 style=\"text-align: center;\">Mousse nettoyante AQUA FOAM \u060c<strong>\u0631\u063a\u0648\u0629 \u0627\u0644\u062a\u0646\u0638\u064a\u0641 \u0623\u0643\u0648\u0627 \u0641\u0648\u0645<\/strong><\/h2>\n<p>Mousse nettoyante AQUA FOAM, 1 kg, ultra d\u00e9graissante Multi-Usage formule concentr\u00e9e et active longue dur\u00e9e, pour un nettoyage puissant, sans trace, id\u00e9ale pour piscines, bateaux et surfaces ext\u00e9rieures. Con\u00e7ue pour \u00e9liminer efficacement toutes les salissures, m\u00eame les plus tenaces. Elle agit en profondeur pour un r\u00e9sultat impeccable sans effort. Que ce soit pour un usage professionnel ou domestique. Cette mousse s\u2019impose comme un <strong data-start=\"1380\" data-end=\"1411\">nettoyant haute performance<\/strong>, id\u00e9al pour les environnements exigeants. Sa force r\u00e9side dans son <strong data-start=\"1594\" data-end=\"1626\">pouvoir d\u00e9graissant intensif<\/strong>. Elle dissout rapidement : graisses incrust\u00e9es, r\u00e9sidus d\u2019huiles, traces de pollution, d\u00e9p\u00f4ts organiques. Sa texture en mousse permet une <strong data-start=\"1779\" data-end=\"1814\">adh\u00e9rence optimale aux surfaces<\/strong>, garantissant un temps d\u2019action prolong\u00e9 et une efficacit\u00e9 maximale. Contrairement \u00e0 certains produits agressifs, notre mousse offre un <strong data-start=\"2014\" data-end=\"2053\">nettoyage puissant mais respectueux, <\/strong>elle : n\u2019endommage pas les surfaces, r\u00e9serve les mat\u00e9riaux (plastique, m\u00e9tal, fibre, etc.), <a href=\"https:\/\/sella-industrie.com\/fr_fr\/produit\/mousse-skay-lux-bliz-plus-nettoyant-automobile-v6-pro-1l\/\">\u00e9vite les micro-rayures<\/a>. R\u00e9sultat : un nettoyage en profondeur avec une <strong data-start=\"2231\" data-end=\"2264\">finition brillante sans trace<\/strong>. Elle est sp\u00e9cialement adapt\u00e9e aux environnements expos\u00e9s \u00e0 : l\u2019humidit\u00e9, le sel, les d\u00e9p\u00f4ts calcaires, les salissures ext\u00e9rieures. <strong data-start=\"2469\" data-end=\"2486\">Pour piscines<\/strong> : \u00e9limine les d\u00e9p\u00f4ts gras, algues et salet\u00e9s sur les parois et abords. <strong data-start=\"2563\" data-end=\"2579\">Pour bateaux<\/strong> : nettoie efficacement coques, ponts et \u00e9quipements. <a href=\"https:\/\/www.instagram.com\/v6_accessoires_auto?igsh=aXE2NjUwOG5xNnQz\" target=\"_blank\" rel=\"noopener\">Elle\u00a0est bien plus qu\u2019un simple nettoyant<\/a> : c\u2019est une solution <strong data-start=\"3421\" data-end=\"3459\">compl\u00e8te, puissante et polyvalente<\/strong> pour tous vos besoins de nettoyage. Gr\u00e2ce \u00e0 son efficacit\u00e9 redoutable et sa facilit\u00e9 d\u2019utilisation, elle devient un incontournable pour l\u2019entretien des <strong data-start=\"3612\" data-end=\"3657\">piscines, bateaux et surfaces ext\u00e9rieures<\/strong>.<\/p>\n<p style=\"text-align: right;\"><strong>\u0631\u063a\u0648\u0629 \u0627\u0644\u062a\u0646\u0638\u064a\u0641 \u0623\u0643\u0648\u0627 \u0641\u0648\u0645<\/strong>\u060c 1 \u0643\u063a\u060c \u0641\u0627\u0626\u0642\u0629 \u0627\u0644\u0641\u0639\u0627\u0644\u064a\u0629 \u0641\u064a \u0625\u0632\u0627\u0644\u0629 \u0627\u0644\u0634\u062d\u0648\u0645\u060c \u0645\u062a\u0639\u062f\u062f\u0629 \u0627\u0644\u0627\u0633\u062a\u062e\u062f\u0627\u0645\u0627\u062a\u060c \u0628\u062a\u0631\u0643\u064a\u0628\u0629 \u0645\u0631\u0643\u0632\u0629 \u062a\u062f\u0648\u0645 \u0637\u0648\u064a\u0644\u0627\u064b \u0644\u062a\u0646\u0638\u064a\u0641 \u0642\u0648\u064a \u0648\u062e\u0627\u0644\u064d \u0645\u0646 \u0627\u0644\u062e\u0637\u0648\u0637\u060c \u0645\u062b\u0627\u0644\u064a\u0629 \u0644\u062d\u0645\u0627\u0645\u0627\u062a \u0627\u0644\u0633\u0628\u0627\u062d\u0629 \u0648\u0627\u0644\u0642\u0648\u0627\u0631\u0628 \u0648\u0627\u0644\u0623\u0633\u0637\u062d \u0627\u0644\u062e\u0627\u0631\u062c\u064a\u0629. \u0645\u0635\u0645\u0645\u0629 \u0644\u0625\u0632\u0627\u0644\u0629 \u062c\u0645\u064a\u0639 \u0623\u0646\u0648\u0627\u0639 \u0627\u0644\u0623\u0648\u0633\u0627\u062e \u0628\u0641\u0639\u0627\u0644\u064a\u0629\u060c \u062d\u062a\u0649 \u0627\u0644\u0623\u0643\u062b\u0631 \u0639\u0646\u0627\u062f\u064b\u0627. \u062a\u0639\u0645\u0644 \u0628\u0639\u0645\u0642 \u0644\u0644\u062d\u0635\u0648\u0644 \u0639\u0644\u0649 \u0646\u062a\u064a\u062c\u0629 \u0645\u062b\u0627\u0644\u064a\u0629 \u062f\u0648\u0646 \u0639\u0646\u0627\u0621. \u0645\u0646\u0627\u0633\u0628\u0629 \u0644\u0644\u0627\u0633\u062a\u062e\u062f\u0627\u0645 \u0627\u0644\u0645\u0646\u0632\u0644\u064a \u0648\u0627\u0644\u0645\u0647\u0646\u064a. \u062a\u062a\u0645\u064a\u0632 \u0647\u0630\u0647 \u0627\u0644\u0631\u063a\u0648\u0629 \u0628\u0623\u062f\u0627\u0626\u0647\u0627 \u0627\u0644\u0639\u0627\u0644\u064a \u0641\u064a \u0627\u0644\u062a\u0646\u0638\u064a\u0641\u060c \u0648\u0647\u064a \u0645\u062b\u0627\u0644\u064a\u0629 \u0644\u0644\u0628\u064a\u0626\u0627\u062a \u0627\u0644\u0635\u0639\u0628\u0629. \u062a\u0643\u0645\u0646 \u0642\u0648\u062a\u0647\u0627 \u0641\u064a \u0642\u062f\u0631\u062a\u0647\u0627 \u0627\u0644\u0641\u0627\u0626\u0642\u0629 \u0639\u0644\u0649 \u0625\u0632\u0627\u0644\u0629 \u0627\u0644\u0634\u062d\u0648\u0645. \u0641\u0647\u064a \u062a\u0630\u064a\u0628 \u0628\u0633\u0631\u0639\u0629: \u0627\u0644\u0634\u062d\u0648\u0645 \u0627\u0644\u0645\u062a\u0631\u0627\u0643\u0645\u0629\u060c \u0648\u0628\u0642\u0627\u064a\u0627 \u0627\u0644\u0632\u064a\u0648\u062a\u060c \u0648\u0622\u062b\u0627\u0631 \u0627\u0644\u062a\u0644\u0648\u062b\u060c \u0648\u0627\u0644\u0631\u0648\u0627\u0633\u0628 \u0627\u0644\u0639\u0636\u0648\u064a\u0629. \u064a\u0636\u0645\u0646 \u0642\u0648\u0627\u0645\u0647\u0627 \u0627\u0644\u0631\u063a\u0648\u064a \u0627\u0644\u062a\u0635\u0627\u0642\u064b\u0627 \u0645\u062b\u0627\u0644\u064a\u064b\u0627 \u0628\u0627\u0644\u0623\u0633\u0637\u062d\u060c \u0645\u0645\u0627 \u064a\u0636\u0645\u0646 \u0645\u062f\u0629 \u0641\u0639\u0627\u0644\u064a\u0629 \u0637\u0648\u064a\u0644\u0629 \u0648\u0623\u0642\u0635\u0649 \u0642\u062f\u0631 \u0645\u0646 \u0627\u0644\u0641\u0639\u0627\u0644\u064a\u0629. \u0639\u0644\u0649 \u0639\u0643\u0633 \u0628\u0639\u0636 \u0627\u0644\u0645\u0646\u062a\u062c\u0627\u062a \u0627\u0644\u0642\u0627\u0633\u064a\u0629\u060c \u062a\u0648\u0641\u0631 \u0631\u063a\u0648\u062a\u0646\u0627 \u062a\u0646\u0638\u064a\u0641\u064b\u0627 \u0642\u0648\u064a\u064b\u0627 \u0648\u0644\u0637\u064a\u0641\u064b\u0627 \u0641\u064a \u0627\u0644\u0648\u0642\u062a \u0646\u0641\u0633\u0647\u061b \u0641\u0647\u064a \u0644\u0627 \u062a\u064f\u062a\u0644\u0641 \u0627\u0644\u0623\u0633\u0637\u062d\u060c \u0648\u062a\u062d\u0645\u064a \u0627\u0644\u0645\u0648\u0627\u062f (\u0627\u0644\u0628\u0644\u0627\u0633\u062a\u064a\u0643\u060c \u0648\u0627\u0644\u0645\u0639\u0627\u062f\u0646\u060c \u0648\u0627\u0644\u0623\u0644\u064a\u0627\u0641\u060c \u0625\u0644\u062e)\u060c \u0648\u062a\u0645\u0646\u0639 \u0627\u0644\u062e\u062f\u0648\u0634 \u0627\u0644\u062f\u0642\u064a\u0642\u0629. \u0627\u0644\u0646\u062a\u064a\u062c\u0629: \u062a\u0646\u0638\u064a\u0641 \u0639\u0645\u064a\u0642 \u0628\u0644\u0645\u0633\u0629 \u0646\u0647\u0627\u0626\u064a\u0629 \u0644\u0627\u0645\u0639\u0629 \u0648\u062e\u0627\u0644\u064a\u0629 \u0645\u0646 \u0627\u0644\u062e\u0637\u0648\u0637. \u0635\u064f\u0645\u0645 \u0647\u0630\u0627 \u0627\u0644\u0645\u0646\u062a\u062c \u062e\u0635\u064a\u0635\u064b\u0627 \u0644\u0644\u0628\u064a\u0626\u0627\u062a \u0627\u0644\u0645\u0639\u0631\u0636\u0629 \u0644\u0644\u0631\u0637\u0648\u0628\u0629 \u0648\u0627\u0644\u0645\u0644\u062d \u0648\u062a\u0631\u0633\u0628\u0627\u062a \u0627\u0644\u0643\u0644\u0633 \u0648\u0627\u0644\u0623\u0648\u0633\u0627\u062e \u0627\u0644\u062e\u0627\u0631\u062c\u064a\u0629. \u0628\u0627\u0644\u0646\u0633\u0628\u0629 \u0644\u062d\u0645\u0627\u0645\u0627\u062a \u0627\u0644\u0633\u0628\u0627\u062d\u0629: \u064a\u0632\u064a\u0644 \u0627\u0644\u0634\u062d\u0648\u0645 \u0648\u0627\u0644\u0637\u062d\u0627\u0644\u0628 \u0648\u0627\u0644\u0623\u0648\u0633\u0627\u062e \u0645\u0646 \u0627\u0644\u062c\u062f\u0631\u0627\u0646 \u0648\u0627\u0644\u0645\u0646\u0627\u0637\u0642 \u0627\u0644\u0645\u062d\u064a\u0637\u0629 \u0628\u0647\u0627. \u0628\u0627\u0644\u0646\u0633\u0628\u0629 \u0644\u0644\u0642\u0648\u0627\u0631\u0628: \u064a\u0646\u0638\u0641 \u0627\u0644\u0647\u064a\u0627\u0643\u0644 \u0648\u0627\u0644\u0623\u0633\u0637\u062d \u0648\u0627\u0644\u0645\u0639\u062f\u0627\u062a \u0628\u0643\u0641\u0627\u0621\u0629 \u0639\u0627\u0644\u064a\u0629. \u0625\u0646\u0647 \u0623\u0643\u062b\u0631 \u0645\u0646 \u0645\u062c\u0631\u062f \u0645\u0646\u0638\u0641\u060c \u0641\u0647\u0648 \u062d\u0644 \u0645\u062a\u0643\u0627\u0645\u0644 \u0648\u0642\u0648\u064a \u0648\u0645\u062a\u0639\u062f\u062f \u0627\u0644\u0627\u0633\u062a\u062e\u062f\u0627\u0645\u0627\u062a \u064a\u0644\u0628\u064a \u062c\u0645\u064a\u0639 \u0627\u062d\u062a\u064a\u0627\u062c\u0627\u062a\u0643 \u0641\u064a \u0627\u0644\u062a\u0646\u0638\u064a\u0641. \u0628\u0641\u0636\u0644 \u0641\u0639\u0627\u0644\u064a\u062a\u0647 \u0627\u0644\u0641\u0627\u0626\u0642\u0629 \u0648\u0633\u0647\u0648\u0644\u0629 \u0627\u0633\u062a\u062e\u062f\u0627\u0645\u0647\u060c \u0623\u0635\u0628\u062d \u0644\u0627 \u063a\u0646\u0649 \u0639\u0646\u0647 \u0641\u064a \u0635\u064a\u0627\u0646\u0629 \u062d\u0645\u0627\u0645\u0627\u062a \u0627\u0644\u0633\u0628\u0627\u062d\u0629 \u0648\u0627\u0644\u0642\u0648\u0627\u0631\u0628 \u0648\u0627\u0644\u0623\u0633\u0637\u062d \u0627\u0644\u062e\u0627\u0631\u062c\u064a\u0629<\/p>\n","protected":false},"excerpt":{"rendered":"<h1 style=\"text-align: center;\"><strong>\u0631\u063a\u0648\u0629 \u0627\u0644\u062a\u0646\u0638\u064a\u0641 \u0623\u0643\u0648\u0627 \u0641\u0648\u0645<\/strong><\/h1>\n<p>Mousse nettoyante AQUA FOAM, 1 kg, ultra d\u00e9graissante Multi-Usage formule concentr\u00e9e et active longue dur\u00e9e, pour un nettoyage puissant, sans trace, id\u00e9ale pour piscines, bateaux et surfaces ext\u00e9rieures. Con\u00e7ue pour \u00e9liminer efficacement toutes les salissures, m\u00eame les plus tenaces. Elle agit en profondeur pour un r\u00e9sultat impeccable sans effort.<\/p>\n","protected":false},"featured_media":38223,"comment_status":"open","ping_status":"closed","template":"","meta":[],"product_brand":[292,293],"product_cat":[917],"product_tag":[],"class_list":{"0":"post-38222","1":"product","2":"type-product","3":"status-publish","4":"has-post-thumbnail","6":"product_brand-v6","7":"product_brand-sella","8":"product_cat-v6-pro-1l","10":"first","11":"instock","12":"taxable","13":"shipping-taxable","14":"purchasable","15":"product-type-simple"},"yoast_head":"<!-- This site is optimized with the Yoast SEO Premium plugin v27.1 (Yoast SEO v27.4) - https:\/\/yoast.com\/product\/yoast-seo-premium-wordpress\/ -->\n<title>Mousse nettoyante AQUA FOAM - Boutique &quot;V6&quot;<\/title>\n<meta name=\"description\" content=\"Mousse AQUA FOAM, 1 kg, ultra d\u00e9graissante concentr\u00e9e &amp; Multi-Usage, nettoyage puissant, sans trace, pour piscines, bateaux, surfaces ext\u00e9rieures.\" \/>\n<meta name=\"robots\" content=\"index, follow, max-snippet:-1, max-image-preview:large, max-video-preview:-1\" \/>\n<link rel=\"canonical\" href=\"https:\/\/sella-industrie.com\/fr_fr\/produit\/mousse-nettoyante-aqua-foam-1-kg-multi-usage-ultra-degraissante-sans-trace-\u0631\u063a\u0648\u0629-\u0627\u0644\u062a\u0646\u0638\u064a\u0641-\u0623\u0643\u0648\u0627-\u0641\u0648\u0645\/\" \/>\n<meta property=\"og:locale\" content=\"fr_FR\" \/>\n<meta property=\"og:type\" content=\"article\" \/>\n<meta property=\"og:title\" content=\"Mousse nettoyante AQUA FOAM\" \/>\n<meta property=\"og:description\" content=\"Mousse AQUA FOAM, 1 kg, ultra d\u00e9graissante concentr\u00e9e &amp; Multi-Usage, nettoyage puissant, sans trace, pour piscines, bateaux, surfaces ext\u00e9rieures.\" \/>\n<meta property=\"og:url\" content=\"https:\/\/sella-industrie.com\/fr_fr\/produit\/mousse-nettoyante-aqua-foam-1-kg-multi-usage-ultra-degraissante-sans-trace-\u0631\u063a\u0648\u0629-\u0627\u0644\u062a\u0646\u0638\u064a\u0641-\u0623\u0643\u0648\u0627-\u0641\u0648\u0645\/\" \/>\n<meta property=\"og:site_name\" content=\"Boutique &quot;V6&quot;\" \/>\n<meta property=\"article:modified_time\" content=\"2026-04-09T09:01:07+00:00\" \/>\n<meta property=\"og:image\" content=\"https:\/\/sella-industrie.com\/wp-content\/uploads\/2026\/04\/AQUA-FOAM.webp\" \/>\n\t<meta property=\"og:image:width\" content=\"1000\" \/>\n\t<meta property=\"og:image:height\" content=\"1000\" \/>\n\t<meta property=\"og:image:type\" content=\"image\/webp\" \/>\n<meta name=\"twitter:card\" content=\"summary_large_image\" \/>\n<meta name=\"twitter:label1\" content=\"Prix\" \/>\n\t<meta name=\"twitter:data1\" content=\"&#x62f;.&#x62c;&nbsp;1.150\" \/>\n\t<meta name=\"twitter:label2\" content=\"Disponibilit\u00e9\" \/>\n\t<meta name=\"twitter:data2\" content=\"En stock\" \/>\n<script type=\"application\/ld+json\" class=\"yoast-schema-graph\">{\"@context\":\"https:\\\/\\\/schema.org\",\"@graph\":[{\"@type\":\"WebPage\",\"@id\":\"https:\\\/\\\/sella-industrie.com\\\/produit\\\/mousse-nettoyante-aqua-foam-1-kg-multi-usage-ultra-degraissante-sans-trace-%d8%b1%d8%ba%d9%88%d8%a9-%d8%a7%d9%84%d8%aa%d9%86%d8%b8%d9%8a%d9%81-%d8%a3%d9%83%d9%88%d8%a7-%d9%81%d9%88%d9%85\\\/\",\"url\":\"https:\\\/\\\/sella-industrie.com\\\/produit\\\/mousse-nettoyante-aqua-foam-1-kg-multi-usage-ultra-degraissante-sans-trace-%d8%b1%d8%ba%d9%88%d8%a9-%d8%a7%d9%84%d8%aa%d9%86%d8%b8%d9%8a%d9%81-%d8%a3%d9%83%d9%88%d8%a7-%d9%81%d9%88%d9%85\\\/\",\"name\":\"Mousse nettoyante AQUA FOAM - Boutique &quot;V6&quot;\",\"isPartOf\":{\"@id\":\"https:\\\/\\\/sella-industrie.com\\\/#website\"},\"primaryImageOfPage\":{\"@id\":\"https:\\\/\\\/sella-industrie.com\\\/produit\\\/mousse-nettoyante-aqua-foam-1-kg-multi-usage-ultra-degraissante-sans-trace-%d8%b1%d8%ba%d9%88%d8%a9-%d8%a7%d9%84%d8%aa%d9%86%d8%b8%d9%8a%d9%81-%d8%a3%d9%83%d9%88%d8%a7-%d9%81%d9%88%d9%85\\\/#primaryimage\"},\"image\":{\"@id\":\"https:\\\/\\\/sella-industrie.com\\\/produit\\\/mousse-nettoyante-aqua-foam-1-kg-multi-usage-ultra-degraissante-sans-trace-%d8%b1%d8%ba%d9%88%d8%a9-%d8%a7%d9%84%d8%aa%d9%86%d8%b8%d9%8a%d9%81-%d8%a3%d9%83%d9%88%d8%a7-%d9%81%d9%88%d9%85\\\/#primaryimage\"},\"thumbnailUrl\":\"https:\\\/\\\/sella-industrie.com\\\/wp-content\\\/uploads\\\/2026\\\/04\\\/AQUA-FOAM.webp\",\"datePublished\":\"2026-04-09T08:58:19+00:00\",\"dateModified\":\"2026-04-09T09:01:07+00:00\",\"description\":\"Mousse AQUA FOAM, 1 kg, ultra d\u00e9graissante concentr\u00e9e & Multi-Usage, nettoyage puissant, sans trace, pour piscines, bateaux, surfaces ext\u00e9rieures.\",\"breadcrumb\":{\"@id\":\"https:\\\/\\\/sella-industrie.com\\\/produit\\\/mousse-nettoyante-aqua-foam-1-kg-multi-usage-ultra-degraissante-sans-trace-%d8%b1%d8%ba%d9%88%d8%a9-%d8%a7%d9%84%d8%aa%d9%86%d8%b8%d9%8a%d9%81-%d8%a3%d9%83%d9%88%d8%a7-%d9%81%d9%88%d9%85\\\/#breadcrumb\"},\"inLanguage\":\"fr-FR\",\"potentialAction\":[{\"@type\":\"ReadAction\",\"target\":[\"https:\\\/\\\/sella-industrie.com\\\/produit\\\/mousse-nettoyante-aqua-foam-1-kg-multi-usage-ultra-degraissante-sans-trace-%d8%b1%d8%ba%d9%88%d8%a9-%d8%a7%d9%84%d8%aa%d9%86%d8%b8%d9%8a%d9%81-%d8%a3%d9%83%d9%88%d8%a7-%d9%81%d9%88%d9%85\\\/\"]}]},{\"@type\":\"ImageObject\",\"inLanguage\":\"fr-FR\",\"@id\":\"https:\\\/\\\/sella-industrie.com\\\/produit\\\/mousse-nettoyante-aqua-foam-1-kg-multi-usage-ultra-degraissante-sans-trace-%d8%b1%d8%ba%d9%88%d8%a9-%d8%a7%d9%84%d8%aa%d9%86%d8%b8%d9%8a%d9%81-%d8%a3%d9%83%d9%88%d8%a7-%d9%81%d9%88%d9%85\\\/#primaryimage\",\"url\":\"https:\\\/\\\/sella-industrie.com\\\/wp-content\\\/uploads\\\/2026\\\/04\\\/AQUA-FOAM.webp\",\"contentUrl\":\"https:\\\/\\\/sella-industrie.com\\\/wp-content\\\/uploads\\\/2026\\\/04\\\/AQUA-FOAM.webp\",\"width\":1000,\"height\":1000,\"caption\":\"Mousse nettoyante AQUA FOAM\"},{\"@type\":\"BreadcrumbList\",\"@id\":\"https:\\\/\\\/sella-industrie.com\\\/produit\\\/mousse-nettoyante-aqua-foam-1-kg-multi-usage-ultra-degraissante-sans-trace-%d8%b1%d8%ba%d9%88%d8%a9-%d8%a7%d9%84%d8%aa%d9%86%d8%b8%d9%8a%d9%81-%d8%a3%d9%83%d9%88%d8%a7-%d9%81%d9%88%d9%85\\\/#breadcrumb\",\"itemListElement\":[{\"@type\":\"ListItem\",\"position\":1,\"name\":\"Accueil\",\"item\":\"https:\\\/\\\/sella-industrie.com\\\/fr_fr\\\/\"},{\"@type\":\"ListItem\",\"position\":2,\"name\":\"Shop\",\"item\":\"https:\\\/\\\/sella-industrie.com\\\/fr_fr\\\/shop\\\/\"},{\"@type\":\"ListItem\",\"position\":3,\"name\":\"V6 PRO 1L\",\"item\":\"https:\\\/\\\/sella-industrie.com\\\/categorie-produit\\\/v6-pro-1l\\\/\"},{\"@type\":\"ListItem\",\"position\":4,\"name\":\"Mousse nettoyante AQUA FOAM\"}]},{\"@type\":\"WebSite\",\"@id\":\"https:\\\/\\\/sella-industrie.com\\\/#website\",\"url\":\"https:\\\/\\\/sella-industrie.com\\\/\",\"name\":\"Boutique &quot;V6&quot;\",\"description\":\"We care for your car\",\"publisher\":{\"@id\":\"https:\\\/\\\/sella-industrie.com\\\/#organization\"},\"potentialAction\":[{\"@type\":\"SearchAction\",\"target\":{\"@type\":\"EntryPoint\",\"urlTemplate\":\"https:\\\/\\\/sella-industrie.com\\\/?s={search_term_string}\"},\"query-input\":{\"@type\":\"PropertyValueSpecification\",\"valueRequired\":true,\"valueName\":\"search_term_string\"}}],\"inLanguage\":\"fr-FR\"},{\"@type\":\"Organization\",\"@id\":\"https:\\\/\\\/sella-industrie.com\\\/#organization\",\"name\":\"Boutique &quot;V6&quot;\",\"url\":\"https:\\\/\\\/sella-industrie.com\\\/\",\"logo\":{\"@type\":\"ImageObject\",\"inLanguage\":\"fr-FR\",\"@id\":\"https:\\\/\\\/sella-industrie.com\\\/#\\\/schema\\\/logo\\\/image\\\/\",\"url\":\"\",\"contentUrl\":\"\",\"caption\":\"Boutique &quot;V6&quot;\"},\"image\":{\"@id\":\"https:\\\/\\\/sella-industrie.com\\\/#\\\/schema\\\/logo\\\/image\\\/\"}}]}<\/script>\n<meta property=\"product:price:amount\" content=\"1150\" \/>\n<meta property=\"product:price:currency\" content=\"DZD\" \/>\n<meta property=\"og:availability\" content=\"instock\" \/>\n<meta property=\"product:availability\" content=\"instock\" \/>\n<meta property=\"product:condition\" content=\"new\" \/>\n<!-- \/ Yoast SEO Premium plugin. -->","yoast_head_json":{"title":"Mousse nettoyante AQUA FOAM - Boutique &quot;V6&quot;","description":"Mousse AQUA FOAM, 1 kg, ultra d\u00e9graissante concentr\u00e9e & Multi-Usage, nettoyage puissant, sans trace, pour piscines, bateaux, surfaces ext\u00e9rieures.","robots":{"index":"index","follow":"follow","max-snippet":"max-snippet:-1","max-image-preview":"max-image-preview:large","max-video-preview":"max-video-preview:-1"},"canonical":"https:\/\/sella-industrie.com\/fr_fr\/produit\/mousse-nettoyante-aqua-foam-1-kg-multi-usage-ultra-degraissante-sans-trace-\u0631\u063a\u0648\u0629-\u0627\u0644\u062a\u0646\u0638\u064a\u0641-\u0623\u0643\u0648\u0627-\u0641\u0648\u0645\/","og_locale":"fr_FR","og_type":"article","og_title":"Mousse nettoyante AQUA FOAM","og_description":"Mousse AQUA FOAM, 1 kg, ultra d\u00e9graissante concentr\u00e9e & Multi-Usage, nettoyage puissant, sans trace, pour piscines, bateaux, surfaces ext\u00e9rieures.","og_url":"https:\/\/sella-industrie.com\/fr_fr\/produit\/mousse-nettoyante-aqua-foam-1-kg-multi-usage-ultra-degraissante-sans-trace-\u0631\u063a\u0648\u0629-\u0627\u0644\u062a\u0646\u0638\u064a\u0641-\u0623\u0643\u0648\u0627-\u0641\u0648\u0645\/","og_site_name":"Boutique &quot;V6&quot;","article_modified_time":"2026-04-09T09:01:07+00:00","og_image":[{"width":1000,"height":1000,"url":"https:\/\/sella-industrie.com\/wp-content\/uploads\/2026\/04\/AQUA-FOAM.webp","type":"image\/webp"}],"twitter_card":"summary_large_image","twitter_misc":{"Prix":"&#x62f;.&#x62c;&nbsp;1.150","Disponibilit\u00e9":"En stock"},"schema":{"@context":"https:\/\/schema.org","@graph":[{"@type":"WebPage","@id":"https:\/\/sella-industrie.com\/produit\/mousse-nettoyante-aqua-foam-1-kg-multi-usage-ultra-degraissante-sans-trace-%d8%b1%d8%ba%d9%88%d8%a9-%d8%a7%d9%84%d8%aa%d9%86%d8%b8%d9%8a%d9%81-%d8%a3%d9%83%d9%88%d8%a7-%d9%81%d9%88%d9%85\/","url":"https:\/\/sella-industrie.com\/produit\/mousse-nettoyante-aqua-foam-1-kg-multi-usage-ultra-degraissante-sans-trace-%d8%b1%d8%ba%d9%88%d8%a9-%d8%a7%d9%84%d8%aa%d9%86%d8%b8%d9%8a%d9%81-%d8%a3%d9%83%d9%88%d8%a7-%d9%81%d9%88%d9%85\/","name":"Mousse nettoyante AQUA FOAM - Boutique &quot;V6&quot;","isPartOf":{"@id":"https:\/\/sella-industrie.com\/#website"},"primaryImageOfPage":{"@id":"https:\/\/sella-industrie.com\/produit\/mousse-nettoyante-aqua-foam-1-kg-multi-usage-ultra-degraissante-sans-trace-%d8%b1%d8%ba%d9%88%d8%a9-%d8%a7%d9%84%d8%aa%d9%86%d8%b8%d9%8a%d9%81-%d8%a3%d9%83%d9%88%d8%a7-%d9%81%d9%88%d9%85\/#primaryimage"},"image":{"@id":"https:\/\/sella-industrie.com\/produit\/mousse-nettoyante-aqua-foam-1-kg-multi-usage-ultra-degraissante-sans-trace-%d8%b1%d8%ba%d9%88%d8%a9-%d8%a7%d9%84%d8%aa%d9%86%d8%b8%d9%8a%d9%81-%d8%a3%d9%83%d9%88%d8%a7-%d9%81%d9%88%d9%85\/#primaryimage"},"thumbnailUrl":"https:\/\/sella-industrie.com\/wp-content\/uploads\/2026\/04\/AQUA-FOAM.webp","datePublished":"2026-04-09T08:58:19+00:00","dateModified":"2026-04-09T09:01:07+00:00","description":"Mousse AQUA FOAM, 1 kg, ultra d\u00e9graissante concentr\u00e9e & Multi-Usage, nettoyage puissant, sans trace, pour piscines, bateaux, surfaces ext\u00e9rieures.","breadcrumb":{"@id":"https:\/\/sella-industrie.com\/produit\/mousse-nettoyante-aqua-foam-1-kg-multi-usage-ultra-degraissante-sans-trace-%d8%b1%d8%ba%d9%88%d8%a9-%d8%a7%d9%84%d8%aa%d9%86%d8%b8%d9%8a%d9%81-%d8%a3%d9%83%d9%88%d8%a7-%d9%81%d9%88%d9%85\/#breadcrumb"},"inLanguage":"fr-FR","potentialAction":[{"@type":"ReadAction","target":["https:\/\/sella-industrie.com\/produit\/mousse-nettoyante-aqua-foam-1-kg-multi-usage-ultra-degraissante-sans-trace-%d8%b1%d8%ba%d9%88%d8%a9-%d8%a7%d9%84%d8%aa%d9%86%d8%b8%d9%8a%d9%81-%d8%a3%d9%83%d9%88%d8%a7-%d9%81%d9%88%d9%85\/"]}]},{"@type":"ImageObject","inLanguage":"fr-FR","@id":"https:\/\/sella-industrie.com\/produit\/mousse-nettoyante-aqua-foam-1-kg-multi-usage-ultra-degraissante-sans-trace-%d8%b1%d8%ba%d9%88%d8%a9-%d8%a7%d9%84%d8%aa%d9%86%d8%b8%d9%8a%d9%81-%d8%a3%d9%83%d9%88%d8%a7-%d9%81%d9%88%d9%85\/#primaryimage","url":"https:\/\/sella-industrie.com\/wp-content\/uploads\/2026\/04\/AQUA-FOAM.webp","contentUrl":"https:\/\/sella-industrie.com\/wp-content\/uploads\/2026\/04\/AQUA-FOAM.webp","width":1000,"height":1000,"caption":"Mousse nettoyante AQUA FOAM"},{"@type":"BreadcrumbList","@id":"https:\/\/sella-industrie.com\/produit\/mousse-nettoyante-aqua-foam-1-kg-multi-usage-ultra-degraissante-sans-trace-%d8%b1%d8%ba%d9%88%d8%a9-%d8%a7%d9%84%d8%aa%d9%86%d8%b8%d9%8a%d9%81-%d8%a3%d9%83%d9%88%d8%a7-%d9%81%d9%88%d9%85\/#breadcrumb","itemListElement":[{"@type":"ListItem","position":1,"name":"Accueil","item":"https:\/\/sella-industrie.com\/fr_fr\/"},{"@type":"ListItem","position":2,"name":"Shop","item":"https:\/\/sella-industrie.com\/fr_fr\/shop\/"},{"@type":"ListItem","position":3,"name":"V6 PRO 1L","item":"https:\/\/sella-industrie.com\/categorie-produit\/v6-pro-1l\/"},{"@type":"ListItem","position":4,"name":"Mousse nettoyante AQUA FOAM"}]},{"@type":"WebSite","@id":"https:\/\/sella-industrie.com\/#website","url":"https:\/\/sella-industrie.com\/","name":"Boutique &quot;V6&quot;","description":"We care for your car","publisher":{"@id":"https:\/\/sella-industrie.com\/#organization"},"potentialAction":[{"@type":"SearchAction","target":{"@type":"EntryPoint","urlTemplate":"https:\/\/sella-industrie.com\/?s={search_term_string}"},"query-input":{"@type":"PropertyValueSpecification","valueRequired":true,"valueName":"search_term_string"}}],"inLanguage":"fr-FR"},{"@type":"Organization","@id":"https:\/\/sella-industrie.com\/#organization","name":"Boutique &quot;V6&quot;","url":"https:\/\/sella-industrie.com\/","logo":{"@type":"ImageObject","inLanguage":"fr-FR","@id":"https:\/\/sella-industrie.com\/#\/schema\/logo\/image\/","url":"","contentUrl":"","caption":"Boutique &quot;V6&quot;"},"image":{"@id":"https:\/\/sella-industrie.com\/#\/schema\/logo\/image\/"}}]},"product_price_amount":"1150","product_price_currency":"DZD","og_availability":"instock","product_availability":"instock","product_condition":"new"},"_links":{"self":[{"href":"https:\/\/sella-industrie.com\/fr_fr\/wp-json\/wp\/v2\/product\/38222","targetHints":{"allow":["GET"]}}],"collection":[{"href":"https:\/\/sella-industrie.com\/fr_fr\/wp-json\/wp\/v2\/product"}],"about":[{"href":"https:\/\/sella-industrie.com\/fr_fr\/wp-json\/wp\/v2\/types\/product"}],"replies":[{"embeddable":true,"href":"https:\/\/sella-industrie.com\/fr_fr\/wp-json\/wp\/v2\/comments?post=38222"}],"wp:featuredmedia":[{"embeddable":true,"href":"https:\/\/sella-industrie.com\/fr_fr\/wp-json\/wp\/v2\/media\/38223"}],"wp:attachment":[{"href":"https:\/\/sella-industrie.com\/fr_fr\/wp-json\/wp\/v2\/media?parent=38222"}],"wp:term":[{"taxonomy":"product_brand","embeddable":true,"href":"https:\/\/sella-industrie.com\/fr_fr\/wp-json\/wp\/v2\/product_brand?post=38222"},{"taxonomy":"product_cat","embeddable":true,"href":"https:\/\/sella-industrie.com\/fr_fr\/wp-json\/wp\/v2\/product_cat?post=38222"},{"taxonomy":"product_tag","embeddable":true,"href":"https:\/\/sella-industrie.com\/fr_fr\/wp-json\/wp\/v2\/product_tag?post=38222"}],"curies":[{"name":"wp","href":"https:\/\/api.w.org\/{rel}","templated":true}]}}