{"id":38189,"date":"2026-04-08T13:55:17","date_gmt":"2026-04-08T13:55:17","guid":{"rendered":"https:\/\/sella-industrie.com\/?post_type=product&#038;p=38189"},"modified":"2026-04-08T15:39:26","modified_gmt":"2026-04-08T15:39:26","slug":"nettoyant-voiture-restoring-v6-pro-renovateur-plastiques-pneus-750ml-%d9%85%d9%86%d8%b8%d9%81-%d8%a7%d9%84%d8%b3%d9%8a%d8%a7%d8%b1%d8%a7%d8%aa-%d8%b1%d9%8a%d8%b3%d8%b7%d9%88%d8%b1","status":"publish","type":"product","link":"https:\/\/sella-industrie.com\/fr_fr\/produit\/nettoyant-voiture-restoring-v6-pro-renovateur-plastiques-pneus-750ml-%d9%85%d9%86%d8%b8%d9%81-%d8%a7%d9%84%d8%b3%d9%8a%d8%a7%d8%b1%d8%a7%d8%aa-%d8%b1%d9%8a%d8%b3%d8%b7%d9%88%d8%b1\/","title":{"rendered":"Nettoyant voiture RESTORING"},"content":{"rendered":"<h2 style=\"text-align: center;\">Nettoyant voiture RESTORING <strong>\u060c\u0645\u0646\u0638\u0641 \u200b\u200b\u0627\u0644\u0633\u064a\u0627\u0631\u0627\u062a \u0631\u064a\u0633\u0637\u0648\u0631\u064a\u0646<\/strong><\/h2>\n<p><strong>Nettoyant voiture RESTORING<\/strong>, V6 PRO, 750 ml, Spray polyvalent 5 en 1, Redonnez \u00e0 votre v\u00e9hicule un aspect neuf. Avec le temps, les plastiques ext\u00e9rieurs ternissent sous l\u2019effet du soleil et des intemp\u00e9ries. Ce produit : restaure la couleur d\u2019origine, ravive les surfaces d\u00e9color\u00e9es. Prot\u00e8ge contre les UV et la pollution. R\u00e9sultat : des plastiques comme neufs, plus longtemps. Nettoyant plastique int\u00e9rieur : \u00c0 l\u2019int\u00e9rieur, il : \u00e9limine les impuret\u00e9s, redonne un aspect propre et lisse, am\u00e9liore l\u2019esth\u00e9tique globale de l\u2019habitacle. Un rendu professionnel sans traces ni r\u00e9sidus collants. Soin complet du caoutchouc : il agit efficacement sur : joints de portes, <a href=\"https:\/\/sella-industrie.com\/fr_fr\/produit\/pronto-gomme-nettoyant-pneus-v6-500-ml\/\">\u00e9l\u00e9ments en caoutchouc<\/a>. Il : nourrit en profondeur, pr\u00e9vient le dess\u00e8chement, \u00e9vite les fissures. Id\u00e9al pour prolonger la dur\u00e9e de vie des mat\u00e9riaux. Finition brillante homog\u00e8ne : Ce r\u00e9novateur offre : une brillance \u00e9l\u00e9gante, un rendu uniforme, aucun film gras. <a href=\"https:\/\/www.instagram.com\/v6_accessoires_auto?igsh=aXE2NjUwOG5xNnQz\" target=\"_blank\" rel=\"noopener\">Parfait pour une finition esth\u00e9tique haut de gamme<\/a>. Effet noir profond pour pneus : Les pneus retrouvent : une couleur noire intense, effet mouill\u00e9 longue dur\u00e9e, protection contre le vieillissement. Un d\u00e9tail qui fait toute la diff\u00e9rence visuelle.<\/p>\n<p style=\"text-align: right;\"><strong>\u0645\u0646\u0638\u0641 \u0627\u0644\u0633\u064a\u0627\u0631\u0627\u062a \u0631\u064a\u0633\u062a\u0648\u0631\u064a\u0646<\/strong>\u060c \u0628\u062e\u0627\u062e \u0645\u062a\u0639\u062f\u062f \u0627\u0644\u0627\u0633\u062a\u062e\u062f\u0627\u0645\u0627\u062a 5 \u0641\u064a 1\u060c 750 \u0645\u0644\u060c \u0627\u0645\u0646\u062d \u0633\u064a\u0627\u0631\u062a\u0643 \u0645\u0638\u0647\u0631\u064b\u0627 \u062c\u062f\u064a\u062f\u064b\u0627 \u062a\u0645\u0627\u0645\u064b\u0627. \u0645\u0639 \u0645\u0631\u0648\u0631 \u0627\u0644\u0648\u0642\u062a\u060c \u062a\u0641\u0642\u062f \u0627\u0644\u0645\u0648\u0627\u062f \u0627\u0644\u0628\u0644\u0627\u0633\u062a\u064a\u0643\u064a\u0629 \u0627\u0644\u062e\u0627\u0631\u062c\u064a\u0629 \u0628\u0631\u064a\u0642\u0647\u0627 \u0646\u062a\u064a\u062c\u0629 \u0627\u0644\u062a\u0639\u0631\u0636 \u0644\u0623\u0634\u0639\u0629 \u0627\u0644\u0634\u0645\u0633 \u0648\u0627\u0644\u0639\u0648\u0627\u0645\u0644 \u0627\u0644\u062c\u0648\u064a\u0629. \u0647\u0630\u0627 \u0627\u0644\u0645\u0646\u062a\u062c: \u064a\u0639\u064a\u062f \u0627\u0644\u0644\u0648\u0646 \u0627\u0644\u0623\u0635\u0644\u064a\u060c \u0648\u064a\u0646\u0639\u0634 \u0627\u0644\u0623\u0633\u0637\u062d \u0627\u0644\u0628\u0627\u0647\u062a\u0629\u060c \u0648\u064a\u062d\u0645\u064a \u0645\u0646 \u0627\u0644\u0623\u0634\u0639\u0629 \u0641\u0648\u0642 \u0627\u0644\u0628\u0646\u0641\u0633\u062c\u064a\u0629 \u0648\u0627\u0644\u062a\u0644\u0648\u062b. \u0627\u0644\u0646\u062a\u064a\u062c\u0629: \u0645\u0648\u0627\u062f \u0628\u0644\u0627\u0633\u062a\u064a\u0643\u064a\u0629 \u062a\u0628\u062f\u0648 \u062c\u062f\u064a\u062f\u0629 \u0644\u0641\u062a\u0631\u0629 \u0623\u0637\u0648\u0644. \u0645\u0646\u0638\u0641 \u0627\u0644\u0628\u0644\u0627\u0633\u062a\u064a\u0643 \u0627\u0644\u062f\u0627\u062e\u0644\u064a: \u0645\u0646 \u0627\u0644\u062f\u0627\u062e\u0644\u060c \u064a\u0632\u064a\u0644 \u0627\u0644\u0634\u0648\u0627\u0626\u0628\u060c \u0648\u064a\u0639\u064a\u062f \u0627\u0644\u0645\u0638\u0647\u0631 \u0627\u0644\u0646\u0638\u064a\u0641 \u0648\u0627\u0644\u0646\u0627\u0639\u0645\u060c \u0648\u064a\u062d\u0633\u0646 \u0627\u0644\u0645\u0638\u0647\u0631 \u0627\u0644\u0639\u0627\u0645 \u0644\u0644\u062f\u0627\u062e\u0644\u064a\u0629. \u0644\u0645\u0633\u0629 \u0646\u0647\u0627\u0626\u064a\u0629 \u0627\u062d\u062a\u0631\u0627\u0641\u064a\u0629 \u0628\u062f\u0648\u0646 \u062e\u0637\u0648\u0637 \u0623\u0648 \u0628\u0642\u0627\u064a\u0627 \u0644\u0632\u062c\u0629. \u0639\u0646\u0627\u064a\u0629 \u0643\u0627\u0645\u0644\u0629 \u0628\u0627\u0644\u0645\u0637\u0627\u0637: \u064a\u0639\u0627\u0644\u062c \u0647\u0630\u0627 \u0627\u0644\u0628\u062e\u0627\u062e \u0628\u0641\u0639\u0627\u0644\u064a\u0629: \u0623\u062e\u062a\u0627\u0645 \u0627\u0644\u0623\u0628\u0648\u0627\u0628 \u0648\u0627\u0644\u0645\u0643\u0648\u0646\u0627\u062a \u0627\u0644\u0645\u0637\u0627\u0637\u064a\u0629. \u064a\u063a\u0630\u064a\u0647\u0627 \u0628\u0639\u0645\u0642\u060c \u0648\u064a\u0645\u0646\u0639 \u062c\u0641\u0627\u0641\u0647\u0627\u060c \u0648\u064a\u062d\u0645\u064a\u0647\u0627 \u0645\u0646 \u0627\u0644\u062a\u0634\u0642\u0642. \u0645\u062b\u0627\u0644\u064a \u0644\u0625\u0637\u0627\u0644\u0629 \u0639\u0645\u0631 \u0627\u0644\u0645\u0648\u0627\u062f. \u0644\u0645\u0633\u0629 \u0646\u0647\u0627\u0626\u064a\u0629 \u0645\u062a\u0633\u0627\u0648\u064a\u0629 \u0648\u0644\u0627\u0645\u0639\u0629: \u064a\u0648\u0641\u0631 \u0647\u0630\u0627 \u0627\u0644\u0645\u0646\u062a\u062c: \u0644\u0645\u0639\u0627\u0646\u064b\u0627 \u0623\u0646\u064a\u0642\u064b\u0627\u060c \u0648\u0644\u0645\u0633\u0629 \u0646\u0647\u0627\u0626\u064a\u0629 \u0645\u0648\u062d\u062f\u0629\u060c \u0648\u0628\u062f\u0648\u0646 \u0637\u0628\u0642\u0629 \u062f\u0647\u0646\u064a\u0629. \u0645\u062b\u0627\u0644\u064a \u0644\u0644\u062d\u0635\u0648\u0644 \u0639\u0644\u0649 \u0644\u0645\u0633\u0629 \u0646\u0647\u0627\u0626\u064a\u0629 \u062c\u0645\u0627\u0644\u064a\u0629 \u0631\u0627\u0642\u064a\u0629. \u062a\u0623\u062b\u064a\u0631 \u0623\u0633\u0648\u062f \u0639\u0645\u064a\u0642 \u0644\u0644\u0625\u0637\u0627\u0631\u0627\u062a: \u062a\u0633\u062a\u0639\u064a\u062f \u0627\u0644\u0625\u0637\u0627\u0631\u0627\u062a: \u0644\u0648\u0646\u064b\u0627 \u0623\u0633\u0648\u062f\u064b\u0627 \u0643\u062b\u064a\u0641\u064b\u0627\u060c \u0648\u0645\u0638\u0647\u0631\u064b\u0627 \u0631\u0637\u0628\u064b\u0627 \u064a\u062f\u0648\u0645 \u0637\u0648\u064a\u0644\u064b\u0627\u060c \u0648\u062d\u0645\u0627\u064a\u0629 \u0645\u0646 \u0627\u0644\u062a\u0642\u0627\u062f\u0645. \u062a\u0641\u0635\u064a\u0644\u064c \u064a\u064f\u062d\u062f\u062b \u0641\u0631\u0642\u0627\u064b \u0628\u0635\u0631\u064a\u0627\u064b \u0643\u0628\u064a\u0631\u0627\u064b.<\/p>\n<p><iframe loading=\"lazy\" title=\"V6 PRO 750 ML\" width=\"500\" height=\"281\" src=\"https:\/\/www.youtube.com\/embed\/RIFZgKHKfmI?feature=oembed\" frameborder=\"0\" allow=\"accelerometer; autoplay; clipboard-write; encrypted-media; gyroscope; picture-in-picture; web-share\" referrerpolicy=\"strict-origin-when-cross-origin\" allowfullscreen><\/iframe><\/p>\n","protected":false},"excerpt":{"rendered":"<h1 style=\"text-align: center;\"><strong>\u0645\u0646\u0638\u0641 \u200b\u200b\u0627\u0644\u0633\u064a\u0627\u0631\u0627\u062a \u0631\u064a\u0633\u0637\u0648\u0631\u064a\u0646<\/strong><\/h1>\n<p><strong>Nettoyant voiture RESTORING<\/strong>, V6 PRO, 750 ml, Spray polyvalent 5 en 1,\u00a0Redonnez \u00e0 votre v\u00e9hicule un aspect neuf. Avec le temps, les plastiques ext\u00e9rieurs ternissent sous l\u2019effet du soleil et des intemp\u00e9ries. Ce produit : restaure la couleur d\u2019origine, ravive les surfaces d\u00e9color\u00e9es.<\/p>\n","protected":false},"featured_media":38190,"comment_status":"open","ping_status":"closed","template":"","meta":[],"product_brand":[292,293],"product_cat":[916],"product_tag":[],"class_list":{"0":"post-38189","1":"product","2":"type-product","3":"status-publish","4":"has-post-thumbnail","6":"product_brand-v6","7":"product_brand-sella","8":"product_cat-v6-pro-750-ml","10":"first","11":"instock","12":"taxable","13":"shipping-taxable","14":"purchasable","15":"product-type-simple"},"yoast_head":"<!-- This site is optimized with the Yoast SEO Premium plugin v27.1 (Yoast SEO v27.4) - https:\/\/yoast.com\/product\/yoast-seo-premium-wordpress\/ -->\n<title>Nettoyant voiture RESTORING - Boutique &quot;V6&quot;<\/title>\n<meta name=\"description\" content=\"RESTORING V6 PRO 750 ml : r\u00e9novateur plastique voiture 5 en 1. Ravive plastiques, pneus et caoutchouc avec une brillance et une protection professionnelle.\" \/>\n<meta name=\"robots\" content=\"index, follow, max-snippet:-1, max-image-preview:large, max-video-preview:-1\" \/>\n<link rel=\"canonical\" href=\"https:\/\/sella-industrie.com\/fr_fr\/produit\/nettoyant-voiture-restoring-v6-pro-renovateur-plastiques-pneus-750ml-\u0645\u0646\u0638\u0641-\u0627\u0644\u0633\u064a\u0627\u0631\u0627\u062a-\u0631\u064a\u0633\u0637\u0648\u0631\/\" \/>\n<meta property=\"og:locale\" content=\"fr_FR\" \/>\n<meta property=\"og:type\" content=\"article\" \/>\n<meta property=\"og:title\" content=\"Nettoyant voiture RESTORING\" \/>\n<meta property=\"og:description\" content=\"RESTORING V6 PRO 750 ml : r\u00e9novateur plastique voiture 5 en 1. Ravive plastiques, pneus et caoutchouc avec une brillance et une protection professionnelle.\" \/>\n<meta property=\"og:url\" content=\"https:\/\/sella-industrie.com\/fr_fr\/produit\/nettoyant-voiture-restoring-v6-pro-renovateur-plastiques-pneus-750ml-\u0645\u0646\u0638\u0641-\u0627\u0644\u0633\u064a\u0627\u0631\u0627\u062a-\u0631\u064a\u0633\u0637\u0648\u0631\/\" \/>\n<meta property=\"og:site_name\" content=\"Boutique &quot;V6&quot;\" \/>\n<meta property=\"article:modified_time\" content=\"2026-04-08T15:39:26+00:00\" \/>\n<meta property=\"og:image\" content=\"https:\/\/sella-industrie.com\/wp-content\/uploads\/2026\/04\/RESTORING.webp\" \/>\n\t<meta property=\"og:image:width\" content=\"1000\" \/>\n\t<meta property=\"og:image:height\" content=\"1000\" \/>\n\t<meta property=\"og:image:type\" content=\"image\/webp\" \/>\n<meta name=\"twitter:card\" content=\"summary_large_image\" \/>\n<meta name=\"twitter:label1\" content=\"Prix\" \/>\n\t<meta name=\"twitter:data1\" content=\"&#x62f;.&#x62c;&nbsp;700\" \/>\n\t<meta name=\"twitter:label2\" content=\"Disponibilit\u00e9\" \/>\n\t<meta name=\"twitter:data2\" content=\"En stock\" \/>\n<script type=\"application\/ld+json\" class=\"yoast-schema-graph\">{\"@context\":\"https:\\\/\\\/schema.org\",\"@graph\":[{\"@type\":\"WebPage\",\"@id\":\"https:\\\/\\\/sella-industrie.com\\\/produit\\\/nettoyant-voiture-restoring-v6-pro-renovateur-plastiques-pneus-750ml-%d9%85%d9%86%d8%b8%d9%81-%d8%a7%d9%84%d8%b3%d9%8a%d8%a7%d8%b1%d8%a7%d8%aa-%d8%b1%d9%8a%d8%b3%d8%b7%d9%88%d8%b1\\\/\",\"url\":\"https:\\\/\\\/sella-industrie.com\\\/produit\\\/nettoyant-voiture-restoring-v6-pro-renovateur-plastiques-pneus-750ml-%d9%85%d9%86%d8%b8%d9%81-%d8%a7%d9%84%d8%b3%d9%8a%d8%a7%d8%b1%d8%a7%d8%aa-%d8%b1%d9%8a%d8%b3%d8%b7%d9%88%d8%b1\\\/\",\"name\":\"Nettoyant voiture RESTORING - Boutique &quot;V6&quot;\",\"isPartOf\":{\"@id\":\"https:\\\/\\\/sella-industrie.com\\\/#website\"},\"primaryImageOfPage\":{\"@id\":\"https:\\\/\\\/sella-industrie.com\\\/produit\\\/nettoyant-voiture-restoring-v6-pro-renovateur-plastiques-pneus-750ml-%d9%85%d9%86%d8%b8%d9%81-%d8%a7%d9%84%d8%b3%d9%8a%d8%a7%d8%b1%d8%a7%d8%aa-%d8%b1%d9%8a%d8%b3%d8%b7%d9%88%d8%b1\\\/#primaryimage\"},\"image\":{\"@id\":\"https:\\\/\\\/sella-industrie.com\\\/produit\\\/nettoyant-voiture-restoring-v6-pro-renovateur-plastiques-pneus-750ml-%d9%85%d9%86%d8%b8%d9%81-%d8%a7%d9%84%d8%b3%d9%8a%d8%a7%d8%b1%d8%a7%d8%aa-%d8%b1%d9%8a%d8%b3%d8%b7%d9%88%d8%b1\\\/#primaryimage\"},\"thumbnailUrl\":\"https:\\\/\\\/sella-industrie.com\\\/wp-content\\\/uploads\\\/2026\\\/04\\\/RESTORING.webp\",\"datePublished\":\"2026-04-08T13:55:17+00:00\",\"dateModified\":\"2026-04-08T15:39:26+00:00\",\"description\":\"RESTORING V6 PRO 750 ml : r\u00e9novateur plastique voiture 5 en 1. Ravive plastiques, pneus et caoutchouc avec une brillance et une protection professionnelle.\",\"breadcrumb\":{\"@id\":\"https:\\\/\\\/sella-industrie.com\\\/produit\\\/nettoyant-voiture-restoring-v6-pro-renovateur-plastiques-pneus-750ml-%d9%85%d9%86%d8%b8%d9%81-%d8%a7%d9%84%d8%b3%d9%8a%d8%a7%d8%b1%d8%a7%d8%aa-%d8%b1%d9%8a%d8%b3%d8%b7%d9%88%d8%b1\\\/#breadcrumb\"},\"inLanguage\":\"fr-FR\",\"potentialAction\":[{\"@type\":\"ReadAction\",\"target\":[\"https:\\\/\\\/sella-industrie.com\\\/produit\\\/nettoyant-voiture-restoring-v6-pro-renovateur-plastiques-pneus-750ml-%d9%85%d9%86%d8%b8%d9%81-%d8%a7%d9%84%d8%b3%d9%8a%d8%a7%d8%b1%d8%a7%d8%aa-%d8%b1%d9%8a%d8%b3%d8%b7%d9%88%d8%b1\\\/\"]}]},{\"@type\":\"ImageObject\",\"inLanguage\":\"fr-FR\",\"@id\":\"https:\\\/\\\/sella-industrie.com\\\/produit\\\/nettoyant-voiture-restoring-v6-pro-renovateur-plastiques-pneus-750ml-%d9%85%d9%86%d8%b8%d9%81-%d8%a7%d9%84%d8%b3%d9%8a%d8%a7%d8%b1%d8%a7%d8%aa-%d8%b1%d9%8a%d8%b3%d8%b7%d9%88%d8%b1\\\/#primaryimage\",\"url\":\"https:\\\/\\\/sella-industrie.com\\\/wp-content\\\/uploads\\\/2026\\\/04\\\/RESTORING.webp\",\"contentUrl\":\"https:\\\/\\\/sella-industrie.com\\\/wp-content\\\/uploads\\\/2026\\\/04\\\/RESTORING.webp\",\"width\":1000,\"height\":1000,\"caption\":\"Nettoyant voiture RESTORING\"},{\"@type\":\"BreadcrumbList\",\"@id\":\"https:\\\/\\\/sella-industrie.com\\\/produit\\\/nettoyant-voiture-restoring-v6-pro-renovateur-plastiques-pneus-750ml-%d9%85%d9%86%d8%b8%d9%81-%d8%a7%d9%84%d8%b3%d9%8a%d8%a7%d8%b1%d8%a7%d8%aa-%d8%b1%d9%8a%d8%b3%d8%b7%d9%88%d8%b1\\\/#breadcrumb\",\"itemListElement\":[{\"@type\":\"ListItem\",\"position\":1,\"name\":\"Accueil\",\"item\":\"https:\\\/\\\/sella-industrie.com\\\/fr_fr\\\/\"},{\"@type\":\"ListItem\",\"position\":2,\"name\":\"Shop\",\"item\":\"https:\\\/\\\/sella-industrie.com\\\/fr_fr\\\/shop\\\/\"},{\"@type\":\"ListItem\",\"position\":3,\"name\":\"V6 PRO 750 ML\",\"item\":\"https:\\\/\\\/sella-industrie.com\\\/categorie-produit\\\/v6-pro-750-ml\\\/\"},{\"@type\":\"ListItem\",\"position\":4,\"name\":\"Nettoyant voiture RESTORING\"}]},{\"@type\":\"WebSite\",\"@id\":\"https:\\\/\\\/sella-industrie.com\\\/#website\",\"url\":\"https:\\\/\\\/sella-industrie.com\\\/\",\"name\":\"Boutique &quot;V6&quot;\",\"description\":\"We care for your car\",\"publisher\":{\"@id\":\"https:\\\/\\\/sella-industrie.com\\\/#organization\"},\"potentialAction\":[{\"@type\":\"SearchAction\",\"target\":{\"@type\":\"EntryPoint\",\"urlTemplate\":\"https:\\\/\\\/sella-industrie.com\\\/?s={search_term_string}\"},\"query-input\":{\"@type\":\"PropertyValueSpecification\",\"valueRequired\":true,\"valueName\":\"search_term_string\"}}],\"inLanguage\":\"fr-FR\"},{\"@type\":\"Organization\",\"@id\":\"https:\\\/\\\/sella-industrie.com\\\/#organization\",\"name\":\"Boutique &quot;V6&quot;\",\"url\":\"https:\\\/\\\/sella-industrie.com\\\/\",\"logo\":{\"@type\":\"ImageObject\",\"inLanguage\":\"fr-FR\",\"@id\":\"https:\\\/\\\/sella-industrie.com\\\/#\\\/schema\\\/logo\\\/image\\\/\",\"url\":\"\",\"contentUrl\":\"\",\"caption\":\"Boutique &quot;V6&quot;\"},\"image\":{\"@id\":\"https:\\\/\\\/sella-industrie.com\\\/#\\\/schema\\\/logo\\\/image\\\/\"}}]}<\/script>\n<meta property=\"product:price:amount\" content=\"700\" \/>\n<meta property=\"product:price:currency\" content=\"DZD\" \/>\n<meta property=\"og:availability\" content=\"instock\" \/>\n<meta property=\"product:availability\" content=\"instock\" \/>\n<meta property=\"product:condition\" content=\"new\" \/>\n<!-- \/ Yoast SEO Premium plugin. -->","yoast_head_json":{"title":"Nettoyant voiture RESTORING - Boutique &quot;V6&quot;","description":"RESTORING V6 PRO 750 ml : r\u00e9novateur plastique voiture 5 en 1. Ravive plastiques, pneus et caoutchouc avec une brillance et une protection professionnelle.","robots":{"index":"index","follow":"follow","max-snippet":"max-snippet:-1","max-image-preview":"max-image-preview:large","max-video-preview":"max-video-preview:-1"},"canonical":"https:\/\/sella-industrie.com\/fr_fr\/produit\/nettoyant-voiture-restoring-v6-pro-renovateur-plastiques-pneus-750ml-\u0645\u0646\u0638\u0641-\u0627\u0644\u0633\u064a\u0627\u0631\u0627\u062a-\u0631\u064a\u0633\u0637\u0648\u0631\/","og_locale":"fr_FR","og_type":"article","og_title":"Nettoyant voiture RESTORING","og_description":"RESTORING V6 PRO 750 ml : r\u00e9novateur plastique voiture 5 en 1. Ravive plastiques, pneus et caoutchouc avec une brillance et une protection professionnelle.","og_url":"https:\/\/sella-industrie.com\/fr_fr\/produit\/nettoyant-voiture-restoring-v6-pro-renovateur-plastiques-pneus-750ml-\u0645\u0646\u0638\u0641-\u0627\u0644\u0633\u064a\u0627\u0631\u0627\u062a-\u0631\u064a\u0633\u0637\u0648\u0631\/","og_site_name":"Boutique &quot;V6&quot;","article_modified_time":"2026-04-08T15:39:26+00:00","og_image":[{"width":1000,"height":1000,"url":"https:\/\/sella-industrie.com\/wp-content\/uploads\/2026\/04\/RESTORING.webp","type":"image\/webp"}],"twitter_card":"summary_large_image","twitter_misc":{"Prix":"&#x62f;.&#x62c;&nbsp;700","Disponibilit\u00e9":"En stock"},"schema":{"@context":"https:\/\/schema.org","@graph":[{"@type":"WebPage","@id":"https:\/\/sella-industrie.com\/produit\/nettoyant-voiture-restoring-v6-pro-renovateur-plastiques-pneus-750ml-%d9%85%d9%86%d8%b8%d9%81-%d8%a7%d9%84%d8%b3%d9%8a%d8%a7%d8%b1%d8%a7%d8%aa-%d8%b1%d9%8a%d8%b3%d8%b7%d9%88%d8%b1\/","url":"https:\/\/sella-industrie.com\/produit\/nettoyant-voiture-restoring-v6-pro-renovateur-plastiques-pneus-750ml-%d9%85%d9%86%d8%b8%d9%81-%d8%a7%d9%84%d8%b3%d9%8a%d8%a7%d8%b1%d8%a7%d8%aa-%d8%b1%d9%8a%d8%b3%d8%b7%d9%88%d8%b1\/","name":"Nettoyant voiture RESTORING - Boutique &quot;V6&quot;","isPartOf":{"@id":"https:\/\/sella-industrie.com\/#website"},"primaryImageOfPage":{"@id":"https:\/\/sella-industrie.com\/produit\/nettoyant-voiture-restoring-v6-pro-renovateur-plastiques-pneus-750ml-%d9%85%d9%86%d8%b8%d9%81-%d8%a7%d9%84%d8%b3%d9%8a%d8%a7%d8%b1%d8%a7%d8%aa-%d8%b1%d9%8a%d8%b3%d8%b7%d9%88%d8%b1\/#primaryimage"},"image":{"@id":"https:\/\/sella-industrie.com\/produit\/nettoyant-voiture-restoring-v6-pro-renovateur-plastiques-pneus-750ml-%d9%85%d9%86%d8%b8%d9%81-%d8%a7%d9%84%d8%b3%d9%8a%d8%a7%d8%b1%d8%a7%d8%aa-%d8%b1%d9%8a%d8%b3%d8%b7%d9%88%d8%b1\/#primaryimage"},"thumbnailUrl":"https:\/\/sella-industrie.com\/wp-content\/uploads\/2026\/04\/RESTORING.webp","datePublished":"2026-04-08T13:55:17+00:00","dateModified":"2026-04-08T15:39:26+00:00","description":"RESTORING V6 PRO 750 ml : r\u00e9novateur plastique voiture 5 en 1. Ravive plastiques, pneus et caoutchouc avec une brillance et une protection professionnelle.","breadcrumb":{"@id":"https:\/\/sella-industrie.com\/produit\/nettoyant-voiture-restoring-v6-pro-renovateur-plastiques-pneus-750ml-%d9%85%d9%86%d8%b8%d9%81-%d8%a7%d9%84%d8%b3%d9%8a%d8%a7%d8%b1%d8%a7%d8%aa-%d8%b1%d9%8a%d8%b3%d8%b7%d9%88%d8%b1\/#breadcrumb"},"inLanguage":"fr-FR","potentialAction":[{"@type":"ReadAction","target":["https:\/\/sella-industrie.com\/produit\/nettoyant-voiture-restoring-v6-pro-renovateur-plastiques-pneus-750ml-%d9%85%d9%86%d8%b8%d9%81-%d8%a7%d9%84%d8%b3%d9%8a%d8%a7%d8%b1%d8%a7%d8%aa-%d8%b1%d9%8a%d8%b3%d8%b7%d9%88%d8%b1\/"]}]},{"@type":"ImageObject","inLanguage":"fr-FR","@id":"https:\/\/sella-industrie.com\/produit\/nettoyant-voiture-restoring-v6-pro-renovateur-plastiques-pneus-750ml-%d9%85%d9%86%d8%b8%d9%81-%d8%a7%d9%84%d8%b3%d9%8a%d8%a7%d8%b1%d8%a7%d8%aa-%d8%b1%d9%8a%d8%b3%d8%b7%d9%88%d8%b1\/#primaryimage","url":"https:\/\/sella-industrie.com\/wp-content\/uploads\/2026\/04\/RESTORING.webp","contentUrl":"https:\/\/sella-industrie.com\/wp-content\/uploads\/2026\/04\/RESTORING.webp","width":1000,"height":1000,"caption":"Nettoyant voiture RESTORING"},{"@type":"BreadcrumbList","@id":"https:\/\/sella-industrie.com\/produit\/nettoyant-voiture-restoring-v6-pro-renovateur-plastiques-pneus-750ml-%d9%85%d9%86%d8%b8%d9%81-%d8%a7%d9%84%d8%b3%d9%8a%d8%a7%d8%b1%d8%a7%d8%aa-%d8%b1%d9%8a%d8%b3%d8%b7%d9%88%d8%b1\/#breadcrumb","itemListElement":[{"@type":"ListItem","position":1,"name":"Accueil","item":"https:\/\/sella-industrie.com\/fr_fr\/"},{"@type":"ListItem","position":2,"name":"Shop","item":"https:\/\/sella-industrie.com\/fr_fr\/shop\/"},{"@type":"ListItem","position":3,"name":"V6 PRO 750 ML","item":"https:\/\/sella-industrie.com\/categorie-produit\/v6-pro-750-ml\/"},{"@type":"ListItem","position":4,"name":"Nettoyant voiture RESTORING"}]},{"@type":"WebSite","@id":"https:\/\/sella-industrie.com\/#website","url":"https:\/\/sella-industrie.com\/","name":"Boutique &quot;V6&quot;","description":"We care for your car","publisher":{"@id":"https:\/\/sella-industrie.com\/#organization"},"potentialAction":[{"@type":"SearchAction","target":{"@type":"EntryPoint","urlTemplate":"https:\/\/sella-industrie.com\/?s={search_term_string}"},"query-input":{"@type":"PropertyValueSpecification","valueRequired":true,"valueName":"search_term_string"}}],"inLanguage":"fr-FR"},{"@type":"Organization","@id":"https:\/\/sella-industrie.com\/#organization","name":"Boutique &quot;V6&quot;","url":"https:\/\/sella-industrie.com\/","logo":{"@type":"ImageObject","inLanguage":"fr-FR","@id":"https:\/\/sella-industrie.com\/#\/schema\/logo\/image\/","url":"","contentUrl":"","caption":"Boutique &quot;V6&quot;"},"image":{"@id":"https:\/\/sella-industrie.com\/#\/schema\/logo\/image\/"}}]},"product_price_amount":"700","product_price_currency":"DZD","og_availability":"instock","product_availability":"instock","product_condition":"new"},"_links":{"self":[{"href":"https:\/\/sella-industrie.com\/fr_fr\/wp-json\/wp\/v2\/product\/38189","targetHints":{"allow":["GET"]}}],"collection":[{"href":"https:\/\/sella-industrie.com\/fr_fr\/wp-json\/wp\/v2\/product"}],"about":[{"href":"https:\/\/sella-industrie.com\/fr_fr\/wp-json\/wp\/v2\/types\/product"}],"replies":[{"embeddable":true,"href":"https:\/\/sella-industrie.com\/fr_fr\/wp-json\/wp\/v2\/comments?post=38189"}],"wp:featuredmedia":[{"embeddable":true,"href":"https:\/\/sella-industrie.com\/fr_fr\/wp-json\/wp\/v2\/media\/38190"}],"wp:attachment":[{"href":"https:\/\/sella-industrie.com\/fr_fr\/wp-json\/wp\/v2\/media?parent=38189"}],"wp:term":[{"taxonomy":"product_brand","embeddable":true,"href":"https:\/\/sella-industrie.com\/fr_fr\/wp-json\/wp\/v2\/product_brand?post=38189"},{"taxonomy":"product_cat","embeddable":true,"href":"https:\/\/sella-industrie.com\/fr_fr\/wp-json\/wp\/v2\/product_cat?post=38189"},{"taxonomy":"product_tag","embeddable":true,"href":"https:\/\/sella-industrie.com\/fr_fr\/wp-json\/wp\/v2\/product_tag?post=38189"}],"curies":[{"name":"wp","href":"https:\/\/api.w.org\/{rel}","templated":true}]}}