{"id":37000,"date":"2025-07-31T10:19:39","date_gmt":"2025-07-31T10:19:39","guid":{"rendered":"https:\/\/sellaindustrie.com\/?post_type=product&#038;p=37000"},"modified":"2025-07-31T11:18:02","modified_gmt":"2025-07-31T11:18:02","slug":"pack-seduction-supreme","status":"publish","type":"product","link":"https:\/\/sella-industrie.com\/fr_fr\/produit\/pack-seduction-supreme\/","title":{"rendered":"PACK SIGNATURE INTENSE"},"content":{"rendered":"<h2 style=\"text-align: center;\">PACK SIGNATURE INTENSE, \u0639\u0631\u0636 \u0627\u0644\u062a\u0648\u0642\u064a\u0639 \u0627\u0644\u0622\u0633\u0631<\/h2>\n<p>D\u00e9couvrez nos parfums luxe fragrance Automobile dans notre <strong>\u00ab PACK\u00a0SIGNATURE INTENSE \u00bb<\/strong>\u00a0:<strong> <span style=\"color: #666699;\">\u00ab\u00a0LOVE GAME\u00a0\u00bb \/ \u00ab\u00a0VIVIANE\u00a0\u00bb \/ \u00ab\u00a0DELPHINA\u00a0\u00bb.<\/span><\/strong><br \/>\n<span style=\"color: #666699;\"><strong>-\u00ab\u00a0LOVE GAME\u00a0\u00bb,<\/strong><\/span> Inspir\u00e9 de LADY MILLION Paco Rabanne \/\u00a0<span style=\"color: #666699;\"><strong>-\u00ab\u00a0VIVIANE\u00a0\u00bb,<\/strong><\/span> Inspir\u00e9 de La vie est belle Lanc\u00f4me \/ <span style=\"color: #666699;\"><strong>-\u00ab\u00a0DELPHINA\u00a0\u00bb,<\/strong><\/span> Inspir\u00e9 de L&rsquo;INTERDIT 2018 GIVENCHY.<\/p>\n<p style=\"text-align: right;\">.<strong>\u0627\u0643\u062a\u0634\u0641 \u0639\u0637\u0648\u0631\u0646\u0627 \u0627\u0644\u0641\u0627\u062e\u0631\u0629 \u0644\u0644\u0633\u064a\u0627\u0631\u0627\u062a \u0641\u064a<\/strong> <strong>\u00ab \u0639\u0631\u0636 \u0627\u0644\u062a\u0648\u0642\u064a\u0639 \u0627\u0644\u0622\u0633\u0631 \u00bb<\/strong> : <span style=\"color: #666699;\"><strong>\u062f\u0644\u0641\u064a\u0646\u0627 \/ \u0644\u0648\u0641 \u063a\u0627\u064a\u0645 \/ \u0641\u064a\u0641\u064a\u0627\u0646<\/strong><\/span><br \/>\n<strong><span style=\"color: #666699;\"><span style=\"color: #000000;\">.<\/span>\u0644\u0648\u0641 \u063a\u0627\u064a\u0645\u060c <\/span>\u0645\u0633\u062a\u0648\u062d\u0649 \u0645\u0646 \u0644\u064a\u062f\u064a \u0645\u0644\u064a\u0648\u0646 \u0628\u0627\u0643\u0648 \u0631\u0627\u0628\u0627\u0646 \/<span style=\"color: #666699;\"> \u062f\u0644\u0641\u064a\u0646\u0627\u060c<span style=\"color: #000000;\"> \u0645\u0633\u062a\u0648\u062d\u0649 \u0645\u0646 \u0644\u0627\u0646\u062a\u0627\u0631\u062f\u064a 2018 \u062c\u064a\u0641\u0646\u0634\u064a<\/span> \/ \u0641\u064a\u0641\u064a\u0627\u0646\u060c <span style=\"color: #000000;\">\u0645\u0633\u062a\u0648\u062d\u0649 \u0645\u0646 \u0644\u0627\u0641\u064a \u0625\u0628\u064a\u0644 \u0644\u0627\u0646\u0643\u0648\u0645<\/span><\/span><\/strong><\/p>\n<p><iframe loading=\"lazy\" title=\"New Miniatures, Luxe fragrance\" width=\"500\" height=\"281\" src=\"https:\/\/www.youtube.com\/embed\/ZDY6gOl_07o?feature=oembed\" frameborder=\"0\" allow=\"accelerometer; autoplay; clipboard-write; encrypted-media; gyroscope; picture-in-picture; web-share\" referrerpolicy=\"strict-origin-when-cross-origin\" allowfullscreen><\/iframe><\/p>\n","protected":false},"excerpt":{"rendered":"<h2 style=\"text-align: center;\">\u0639\u0631\u0636 \u0627\u0644\u062a\u0648\u0642\u064a\u0639 \u0627\u0644\u0622\u0633\u0631<\/h2>\n<p style=\"text-align: left;\"><span style=\"color: #666699;\"><strong>-\u00ab\u00a0LOVE GAME\u00a0\u00bb,<\/strong><\/span> Inspir\u00e9 de LADY MILLION Paco Rabanne.<br \/>\n<span style=\"color: #666699;\"><strong>-\u00ab\u00a0VIVIANE\u00a0\u00bb,<\/strong><\/span> Inspir\u00e9 de La vie est belle Lanc\u00f4me.<br \/>\n<span style=\"color: #666699;\"><strong>-\u00ab\u00a0DELPHINA\u00a0\u00bb,<\/strong><\/span> Inspir\u00e9 de L&rsquo;INTERDIT 2018 GIVENCHY.<\/p>\n<p>&nbsp;<\/p>\n","protected":false},"featured_media":37003,"comment_status":"open","ping_status":"closed","template":"","meta":[],"product_brand":[293,292],"product_cat":[983],"product_tag":[834,309],"class_list":{"0":"post-37000","1":"product","2":"type-product","3":"status-publish","4":"has-post-thumbnail","6":"product_brand-sella","7":"product_brand-v6","8":"product_cat-pack-signature-intense","9":"product_tag-aquamen","10":"product_tag-new","12":"first","13":"instock","14":"taxable","15":"shipping-taxable","16":"purchasable","17":"product-type-simple"},"yoast_head":"<!-- This site is optimized with the Yoast SEO plugin v27.4 - https:\/\/yoast.com\/product\/yoast-seo-wordpress\/ -->\n<title>PACK SIGNATURE INTENSE - Boutique &quot;V6&quot;<\/title>\n<meta name=\"robots\" content=\"index, follow, max-snippet:-1, max-image-preview:large, max-video-preview:-1\" \/>\n<link rel=\"canonical\" href=\"https:\/\/sella-industrie.com\/fr_fr\/produit\/pack-seduction-supreme\/\" \/>\n<meta property=\"og:locale\" content=\"fr_FR\" \/>\n<meta property=\"og:type\" content=\"article\" \/>\n<meta property=\"og:title\" content=\"PACK SIGNATURE INTENSE - Boutique &quot;V6&quot;\" \/>\n<meta property=\"og:description\" content=\"\u0639\u0631\u0636 \u0627\u0644\u062a\u0648\u0642\u064a\u0639 \u0627\u0644\u0622\u0633\u0631 -&quot;LOVE GAME&quot;, Inspir\u00e9 de LADY MILLION Paco Rabanne. -&quot;VIVIANE&quot;, Inspir\u00e9 de La vie est belle Lanc\u00f4me. -&quot;DELPHINA&quot;, Inspir\u00e9 de L&#039;INTERDIT 2018 GIVENCHY. &nbsp;\" \/>\n<meta property=\"og:url\" content=\"https:\/\/sella-industrie.com\/fr_fr\/produit\/pack-seduction-supreme\/\" \/>\n<meta property=\"og:site_name\" content=\"Boutique &quot;V6&quot;\" \/>\n<meta property=\"article:modified_time\" content=\"2025-07-31T11:18:02+00:00\" \/>\n<meta property=\"og:image\" content=\"https:\/\/sella-industrie.com\/wp-content\/uploads\/2025\/07\/PACK-SIGNATURE-INTENSE-.png\" \/>\n\t<meta property=\"og:image:width\" content=\"1000\" \/>\n\t<meta property=\"og:image:height\" content=\"1000\" \/>\n\t<meta property=\"og:image:type\" content=\"image\/png\" \/>\n<meta name=\"twitter:card\" content=\"summary_large_image\" \/>\n<meta name=\"twitter:label1\" content=\"Prix\" \/>\n\t<meta name=\"twitter:data1\" content=\"&#x62f;.&#x62c;&nbsp;1.500\" \/>\n\t<meta name=\"twitter:label2\" content=\"Disponibilit\u00e9\" \/>\n\t<meta name=\"twitter:data2\" content=\"En stock\" \/>\n<script type=\"application\/ld+json\" class=\"yoast-schema-graph\">{\"@context\":\"https:\\\/\\\/schema.org\",\"@graph\":[{\"@type\":\"WebPage\",\"@id\":\"https:\\\/\\\/sella-industrie.com\\\/produit\\\/pack-seduction-supreme\\\/\",\"url\":\"https:\\\/\\\/sella-industrie.com\\\/produit\\\/pack-seduction-supreme\\\/\",\"name\":\"PACK SIGNATURE INTENSE - Boutique &quot;V6&quot;\",\"isPartOf\":{\"@id\":\"https:\\\/\\\/sella-industrie.com\\\/#website\"},\"primaryImageOfPage\":{\"@id\":\"https:\\\/\\\/sella-industrie.com\\\/produit\\\/pack-seduction-supreme\\\/#primaryimage\"},\"image\":{\"@id\":\"https:\\\/\\\/sella-industrie.com\\\/produit\\\/pack-seduction-supreme\\\/#primaryimage\"},\"thumbnailUrl\":\"https:\\\/\\\/sella-industrie.com\\\/wp-content\\\/uploads\\\/2025\\\/07\\\/PACK-SIGNATURE-INTENSE-.png\",\"datePublished\":\"2025-07-31T10:19:39+00:00\",\"dateModified\":\"2025-07-31T11:18:02+00:00\",\"breadcrumb\":{\"@id\":\"https:\\\/\\\/sella-industrie.com\\\/produit\\\/pack-seduction-supreme\\\/#breadcrumb\"},\"inLanguage\":\"fr-FR\",\"potentialAction\":[{\"@type\":\"ReadAction\",\"target\":[\"https:\\\/\\\/sella-industrie.com\\\/produit\\\/pack-seduction-supreme\\\/\"]}]},{\"@type\":\"ImageObject\",\"inLanguage\":\"fr-FR\",\"@id\":\"https:\\\/\\\/sella-industrie.com\\\/produit\\\/pack-seduction-supreme\\\/#primaryimage\",\"url\":\"https:\\\/\\\/sella-industrie.com\\\/wp-content\\\/uploads\\\/2025\\\/07\\\/PACK-SIGNATURE-INTENSE-.png\",\"contentUrl\":\"https:\\\/\\\/sella-industrie.com\\\/wp-content\\\/uploads\\\/2025\\\/07\\\/PACK-SIGNATURE-INTENSE-.png\",\"width\":1000,\"height\":1000,\"caption\":\"PACK SIGNATURE INTENSE\"},{\"@type\":\"BreadcrumbList\",\"@id\":\"https:\\\/\\\/sella-industrie.com\\\/produit\\\/pack-seduction-supreme\\\/#breadcrumb\",\"itemListElement\":[{\"@type\":\"ListItem\",\"position\":1,\"name\":\"Accueil\",\"item\":\"https:\\\/\\\/sella-industrie.com\\\/fr_fr\\\/\"},{\"@type\":\"ListItem\",\"position\":2,\"name\":\"Shop\",\"item\":\"https:\\\/\\\/sella-industrie.com\\\/fr_fr\\\/shop\\\/\"},{\"@type\":\"ListItem\",\"position\":3,\"name\":\"PACK SIGNATURE INTENSE\",\"item\":\"https:\\\/\\\/sella-industrie.com\\\/categorie-produit\\\/pack-signature-intense\\\/\"},{\"@type\":\"ListItem\",\"position\":4,\"name\":\"PACK SIGNATURE INTENSE\"}]},{\"@type\":\"WebSite\",\"@id\":\"https:\\\/\\\/sella-industrie.com\\\/#website\",\"url\":\"https:\\\/\\\/sella-industrie.com\\\/\",\"name\":\"Boutique &quot;V6&quot;\",\"description\":\"We care for your car\",\"publisher\":{\"@id\":\"https:\\\/\\\/sella-industrie.com\\\/#organization\"},\"potentialAction\":[{\"@type\":\"SearchAction\",\"target\":{\"@type\":\"EntryPoint\",\"urlTemplate\":\"https:\\\/\\\/sella-industrie.com\\\/?s={search_term_string}\"},\"query-input\":{\"@type\":\"PropertyValueSpecification\",\"valueRequired\":true,\"valueName\":\"search_term_string\"}}],\"inLanguage\":\"fr-FR\"},{\"@type\":\"Organization\",\"@id\":\"https:\\\/\\\/sella-industrie.com\\\/#organization\",\"name\":\"Boutique &quot;V6&quot;\",\"url\":\"https:\\\/\\\/sella-industrie.com\\\/\",\"logo\":{\"@type\":\"ImageObject\",\"inLanguage\":\"fr-FR\",\"@id\":\"https:\\\/\\\/sella-industrie.com\\\/#\\\/schema\\\/logo\\\/image\\\/\",\"url\":\"\",\"contentUrl\":\"\",\"caption\":\"Boutique &quot;V6&quot;\"},\"image\":{\"@id\":\"https:\\\/\\\/sella-industrie.com\\\/#\\\/schema\\\/logo\\\/image\\\/\"}}]}<\/script>\n<meta property=\"product:price:amount\" content=\"1500\" \/>\n<meta property=\"product:price:currency\" content=\"DZD\" \/>\n<meta property=\"og:availability\" content=\"instock\" \/>\n<meta property=\"product:availability\" content=\"instock\" \/>\n<meta property=\"product:condition\" content=\"new\" \/>\n<!-- \/ Yoast SEO plugin. -->","yoast_head_json":{"title":"PACK SIGNATURE INTENSE - Boutique &quot;V6&quot;","robots":{"index":"index","follow":"follow","max-snippet":"max-snippet:-1","max-image-preview":"max-image-preview:large","max-video-preview":"max-video-preview:-1"},"canonical":"https:\/\/sella-industrie.com\/fr_fr\/produit\/pack-seduction-supreme\/","og_locale":"fr_FR","og_type":"article","og_title":"PACK SIGNATURE INTENSE - Boutique &quot;V6&quot;","og_description":"\u0639\u0631\u0636 \u0627\u0644\u062a\u0648\u0642\u064a\u0639 \u0627\u0644\u0622\u0633\u0631 -\"LOVE GAME\", Inspir\u00e9 de LADY MILLION Paco Rabanne. -\"VIVIANE\", Inspir\u00e9 de La vie est belle Lanc\u00f4me. -\"DELPHINA\", Inspir\u00e9 de L'INTERDIT 2018 GIVENCHY. &nbsp;","og_url":"https:\/\/sella-industrie.com\/fr_fr\/produit\/pack-seduction-supreme\/","og_site_name":"Boutique &quot;V6&quot;","article_modified_time":"2025-07-31T11:18:02+00:00","og_image":[{"width":1000,"height":1000,"url":"https:\/\/sella-industrie.com\/wp-content\/uploads\/2025\/07\/PACK-SIGNATURE-INTENSE-.png","type":"image\/png"}],"twitter_card":"summary_large_image","twitter_misc":{"Prix":"&#x62f;.&#x62c;&nbsp;1.500","Disponibilit\u00e9":"En stock"},"schema":{"@context":"https:\/\/schema.org","@graph":[{"@type":"WebPage","@id":"https:\/\/sella-industrie.com\/produit\/pack-seduction-supreme\/","url":"https:\/\/sella-industrie.com\/produit\/pack-seduction-supreme\/","name":"PACK SIGNATURE INTENSE - Boutique &quot;V6&quot;","isPartOf":{"@id":"https:\/\/sella-industrie.com\/#website"},"primaryImageOfPage":{"@id":"https:\/\/sella-industrie.com\/produit\/pack-seduction-supreme\/#primaryimage"},"image":{"@id":"https:\/\/sella-industrie.com\/produit\/pack-seduction-supreme\/#primaryimage"},"thumbnailUrl":"https:\/\/sella-industrie.com\/wp-content\/uploads\/2025\/07\/PACK-SIGNATURE-INTENSE-.png","datePublished":"2025-07-31T10:19:39+00:00","dateModified":"2025-07-31T11:18:02+00:00","breadcrumb":{"@id":"https:\/\/sella-industrie.com\/produit\/pack-seduction-supreme\/#breadcrumb"},"inLanguage":"fr-FR","potentialAction":[{"@type":"ReadAction","target":["https:\/\/sella-industrie.com\/produit\/pack-seduction-supreme\/"]}]},{"@type":"ImageObject","inLanguage":"fr-FR","@id":"https:\/\/sella-industrie.com\/produit\/pack-seduction-supreme\/#primaryimage","url":"https:\/\/sella-industrie.com\/wp-content\/uploads\/2025\/07\/PACK-SIGNATURE-INTENSE-.png","contentUrl":"https:\/\/sella-industrie.com\/wp-content\/uploads\/2025\/07\/PACK-SIGNATURE-INTENSE-.png","width":1000,"height":1000,"caption":"PACK SIGNATURE INTENSE"},{"@type":"BreadcrumbList","@id":"https:\/\/sella-industrie.com\/produit\/pack-seduction-supreme\/#breadcrumb","itemListElement":[{"@type":"ListItem","position":1,"name":"Accueil","item":"https:\/\/sella-industrie.com\/fr_fr\/"},{"@type":"ListItem","position":2,"name":"Shop","item":"https:\/\/sella-industrie.com\/fr_fr\/shop\/"},{"@type":"ListItem","position":3,"name":"PACK SIGNATURE INTENSE","item":"https:\/\/sella-industrie.com\/categorie-produit\/pack-signature-intense\/"},{"@type":"ListItem","position":4,"name":"PACK SIGNATURE INTENSE"}]},{"@type":"WebSite","@id":"https:\/\/sella-industrie.com\/#website","url":"https:\/\/sella-industrie.com\/","name":"Boutique &quot;V6&quot;","description":"We care for your car","publisher":{"@id":"https:\/\/sella-industrie.com\/#organization"},"potentialAction":[{"@type":"SearchAction","target":{"@type":"EntryPoint","urlTemplate":"https:\/\/sella-industrie.com\/?s={search_term_string}"},"query-input":{"@type":"PropertyValueSpecification","valueRequired":true,"valueName":"search_term_string"}}],"inLanguage":"fr-FR"},{"@type":"Organization","@id":"https:\/\/sella-industrie.com\/#organization","name":"Boutique &quot;V6&quot;","url":"https:\/\/sella-industrie.com\/","logo":{"@type":"ImageObject","inLanguage":"fr-FR","@id":"https:\/\/sella-industrie.com\/#\/schema\/logo\/image\/","url":"","contentUrl":"","caption":"Boutique &quot;V6&quot;"},"image":{"@id":"https:\/\/sella-industrie.com\/#\/schema\/logo\/image\/"}}]},"product_price_amount":"1500","product_price_currency":"DZD","og_availability":"instock","product_availability":"instock","product_condition":"new"},"_links":{"self":[{"href":"https:\/\/sella-industrie.com\/fr_fr\/wp-json\/wp\/v2\/product\/37000","targetHints":{"allow":["GET"]}}],"collection":[{"href":"https:\/\/sella-industrie.com\/fr_fr\/wp-json\/wp\/v2\/product"}],"about":[{"href":"https:\/\/sella-industrie.com\/fr_fr\/wp-json\/wp\/v2\/types\/product"}],"replies":[{"embeddable":true,"href":"https:\/\/sella-industrie.com\/fr_fr\/wp-json\/wp\/v2\/comments?post=37000"}],"wp:featuredmedia":[{"embeddable":true,"href":"https:\/\/sella-industrie.com\/fr_fr\/wp-json\/wp\/v2\/media\/37003"}],"wp:attachment":[{"href":"https:\/\/sella-industrie.com\/fr_fr\/wp-json\/wp\/v2\/media?parent=37000"}],"wp:term":[{"taxonomy":"product_brand","embeddable":true,"href":"https:\/\/sella-industrie.com\/fr_fr\/wp-json\/wp\/v2\/product_brand?post=37000"},{"taxonomy":"product_cat","embeddable":true,"href":"https:\/\/sella-industrie.com\/fr_fr\/wp-json\/wp\/v2\/product_cat?post=37000"},{"taxonomy":"product_tag","embeddable":true,"href":"https:\/\/sella-industrie.com\/fr_fr\/wp-json\/wp\/v2\/product_tag?post=37000"}],"curies":[{"name":"wp","href":"https:\/\/api.w.org\/{rel}","templated":true}]}}