{"id":36828,"date":"2025-07-24T14:48:00","date_gmt":"2025-07-24T14:48:00","guid":{"rendered":"https:\/\/sellaindustrie.com\/?post_type=product&#038;p=36828"},"modified":"2026-02-17T15:10:39","modified_gmt":"2026-02-17T15:10:39","slug":"housse-siege-avant-club-german-%d8%ba%d8%b7%d8%a7%d8%a1-%d9%85%d9%82%d8%b9%d8%af-%d9%81%d8%b1%d9%8a%d9%82-%d8%a3%d9%84%d9%85%d8%a7%d9%86%d9%8a%d8%a7","status":"publish","type":"product","link":"https:\/\/sella-industrie.com\/fr_fr\/produit\/housse-siege-avant-club-german-%d8%ba%d8%b7%d8%a7%d8%a1-%d9%85%d9%82%d8%b9%d8%af-%d9%81%d8%b1%d9%8a%d9%82-%d8%a3%d9%84%d9%85%d8%a7%d9%86%d9%8a%d8%a7\/","title":{"rendered":"Housse si\u00e8ge avant Club German"},"content":{"rendered":"<h2 style=\"text-align: center;\" data-start=\"474\" data-end=\"648\"><strong>Housse si\u00e8ge avant Club German <\/strong>\u063a\u0637\u0627\u0621 \u0645\u0642\u0639\u062f \u0641\u0631\u064a\u0642 \u0623\u0644\u0645\u0627\u0646\u064a\u0627<\/h2>\n<p data-start=\"474\" data-end=\"648\"><strong>Housse si\u00e8ge avant Club German,<\/strong> universelle avec design drapeau allemand. Protection durable, <a href=\"https:\/\/sella-industrie.com\/fr_fr\/produit\/housses-2-sieges-avant-england\/\">confort optimal<\/a> et style sportif pour personnaliser l\u2019int\u00e9rieur de votre voiture. Con\u00e7ue pour prot\u00e9ger efficacement votre si\u00e8ge tout en apportant un style sportif inspir\u00e9 de l\u2019<a href=\"https:\/\/www.tiktok.com\/@v6.accessoires.au\" target=\"_blank\" rel=\"noopener\">automobile allemande<\/a>. Son design drapeau German affirme une identit\u00e9 forte et dynamique dans l\u2019habitacle, tout en am\u00e9liorant le confort de conduite. Universelle, elle s\u2019adapte \u00e0 la majorit\u00e9 des v\u00e9hicules et transforme instantan\u00e9ment l\u2019apparence de votre int\u00e9rieur.<\/p>\n<p style=\"text-align: right;\" data-start=\"474\" data-end=\"648\"><strong>\u063a\u0637\u0627\u0621 \u0645\u0642\u0639\u062f \u0623\u0645\u0627\u0645\u064a \u0628\u062a\u0635\u0645\u064a\u0645 \u0627\u0644\u0639\u0644\u0645 \u0627\u0644\u0623\u0644\u0645\u0627\u0646\u064a<\/strong>. \u064a\u0648\u0641\u0631 \u062d\u0645\u0627\u064a\u0629 \u0645\u062a\u064a\u0646\u0629 \u0648\u0631\u0627\u062d\u0629 \u0645\u062b\u0627\u0644\u064a\u0629 \u0648\u0623\u0633\u0644\u0648\u0628\u064b\u0627 \u0631\u064a\u0627\u0636\u064a\u064b\u0627 \u0644\u0625\u0636\u0641\u0627\u0621 \u0644\u0645\u0633\u0629 \u0634\u062e\u0635\u064a\u0629 \u0639\u0644\u0649 \u0645\u0642\u0635\u0648\u0631\u0629 \u0633\u064a\u0627\u0631\u062a\u0643<\/p>\n","protected":false},"excerpt":{"rendered":"<h1 style=\"text-align: center;\">\u063a\u0637\u0627\u0621 \u0645\u0642\u0639\u062f \u0641\u0631\u064a\u0642 \u0623\u0644\u0645\u0627\u0646\u064a\u0627<\/h1>\n<p><strong>Housse si\u00e8ge avant Club German,<\/strong> universelle avec design drapeau allemand. Protection durable, confort optimal et style sportif pour personnaliser l\u2019int\u00e9rieur de votre voiture.<\/p>\n","protected":false},"featured_media":30106,"comment_status":"open","ping_status":"closed","template":"","meta":[],"product_brand":[],"product_cat":[238],"product_tag":[],"class_list":{"0":"post-36828","1":"product","2":"type-product","3":"status-publish","4":"has-post-thumbnail","6":"product_cat-accessoires-auto","8":"first","9":"instock","10":"taxable","11":"shipping-taxable","12":"purchasable","13":"product-type-simple"},"yoast_head":"<!-- This site is optimized with the Yoast SEO plugin v27.4 - https:\/\/yoast.com\/product\/yoast-seo-wordpress\/ -->\n<title>Housse si\u00e8ge avant Club German - Boutique &quot;V6&quot;<\/title>\n<meta name=\"description\" content=\"Housse si\u00e8ge avant Club German universelle avec design drapeau allemand. Protection durable, confort optimal et style sportif.\" \/>\n<meta name=\"robots\" content=\"index, follow, max-snippet:-1, max-image-preview:large, max-video-preview:-1\" \/>\n<link rel=\"canonical\" href=\"https:\/\/sella-industrie.com\/fr_fr\/produit\/housse-siege-avant-club-german-\u063a\u0637\u0627\u0621-\u0645\u0642\u0639\u062f-\u0641\u0631\u064a\u0642-\u0623\u0644\u0645\u0627\u0646\u064a\u0627\/\" \/>\n<meta property=\"og:locale\" content=\"fr_FR\" \/>\n<meta property=\"og:type\" content=\"article\" \/>\n<meta property=\"og:title\" content=\"Housse si\u00e8ge avant Club German - Boutique &quot;V6&quot;\" \/>\n<meta property=\"og:description\" content=\"Housse si\u00e8ge avant Club German universelle avec design drapeau allemand. Protection durable, confort optimal et style sportif.\" \/>\n<meta property=\"og:url\" content=\"https:\/\/sella-industrie.com\/fr_fr\/produit\/housse-siege-avant-club-german-\u063a\u0637\u0627\u0621-\u0645\u0642\u0639\u062f-\u0641\u0631\u064a\u0642-\u0623\u0644\u0645\u0627\u0646\u064a\u0627\/\" \/>\n<meta property=\"og:site_name\" content=\"Boutique &quot;V6&quot;\" \/>\n<meta property=\"article:modified_time\" content=\"2026-02-17T15:10:39+00:00\" \/>\n<meta property=\"og:image\" content=\"https:\/\/sella-industrie.com\/wp-content\/uploads\/2024\/07\/HOUSSE-SIEGE-CLUB-GERMAN.png\" \/>\n\t<meta property=\"og:image:width\" content=\"1000\" \/>\n\t<meta property=\"og:image:height\" content=\"1000\" \/>\n\t<meta property=\"og:image:type\" content=\"image\/png\" \/>\n<meta name=\"twitter:card\" content=\"summary_large_image\" \/>\n<meta name=\"twitter:label1\" content=\"Prix\" \/>\n\t<meta name=\"twitter:data1\" content=\"&#x62f;.&#x62c;&nbsp;2.050\" \/>\n\t<meta name=\"twitter:label2\" content=\"Disponibilit\u00e9\" \/>\n\t<meta name=\"twitter:data2\" content=\"En stock\" \/>\n<script type=\"application\/ld+json\" class=\"yoast-schema-graph\">{\"@context\":\"https:\\\/\\\/schema.org\",\"@graph\":[{\"@type\":\"WebPage\",\"@id\":\"https:\\\/\\\/sella-industrie.com\\\/produit\\\/housse-siege-avant-club-german-%d8%ba%d8%b7%d8%a7%d8%a1-%d9%85%d9%82%d8%b9%d8%af-%d9%81%d8%b1%d9%8a%d9%82-%d8%a3%d9%84%d9%85%d8%a7%d9%86%d9%8a%d8%a7\\\/\",\"url\":\"https:\\\/\\\/sella-industrie.com\\\/produit\\\/housse-siege-avant-club-german-%d8%ba%d8%b7%d8%a7%d8%a1-%d9%85%d9%82%d8%b9%d8%af-%d9%81%d8%b1%d9%8a%d9%82-%d8%a3%d9%84%d9%85%d8%a7%d9%86%d9%8a%d8%a7\\\/\",\"name\":\"Housse si\u00e8ge avant Club German - Boutique &quot;V6&quot;\",\"isPartOf\":{\"@id\":\"https:\\\/\\\/sella-industrie.com\\\/#website\"},\"primaryImageOfPage\":{\"@id\":\"https:\\\/\\\/sella-industrie.com\\\/produit\\\/housse-siege-avant-club-german-%d8%ba%d8%b7%d8%a7%d8%a1-%d9%85%d9%82%d8%b9%d8%af-%d9%81%d8%b1%d9%8a%d9%82-%d8%a3%d9%84%d9%85%d8%a7%d9%86%d9%8a%d8%a7\\\/#primaryimage\"},\"image\":{\"@id\":\"https:\\\/\\\/sella-industrie.com\\\/produit\\\/housse-siege-avant-club-german-%d8%ba%d8%b7%d8%a7%d8%a1-%d9%85%d9%82%d8%b9%d8%af-%d9%81%d8%b1%d9%8a%d9%82-%d8%a3%d9%84%d9%85%d8%a7%d9%86%d9%8a%d8%a7\\\/#primaryimage\"},\"thumbnailUrl\":\"https:\\\/\\\/sella-industrie.com\\\/wp-content\\\/uploads\\\/2024\\\/07\\\/HOUSSE-SIEGE-CLUB-GERMAN.png\",\"datePublished\":\"2025-07-24T14:48:00+00:00\",\"dateModified\":\"2026-02-17T15:10:39+00:00\",\"description\":\"Housse si\u00e8ge avant Club German universelle avec design drapeau allemand. Protection durable, confort optimal et style sportif.\",\"breadcrumb\":{\"@id\":\"https:\\\/\\\/sella-industrie.com\\\/produit\\\/housse-siege-avant-club-german-%d8%ba%d8%b7%d8%a7%d8%a1-%d9%85%d9%82%d8%b9%d8%af-%d9%81%d8%b1%d9%8a%d9%82-%d8%a3%d9%84%d9%85%d8%a7%d9%86%d9%8a%d8%a7\\\/#breadcrumb\"},\"inLanguage\":\"fr-FR\",\"potentialAction\":[{\"@type\":\"ReadAction\",\"target\":[\"https:\\\/\\\/sella-industrie.com\\\/produit\\\/housse-siege-avant-club-german-%d8%ba%d8%b7%d8%a7%d8%a1-%d9%85%d9%82%d8%b9%d8%af-%d9%81%d8%b1%d9%8a%d9%82-%d8%a3%d9%84%d9%85%d8%a7%d9%86%d9%8a%d8%a7\\\/\"]}]},{\"@type\":\"ImageObject\",\"inLanguage\":\"fr-FR\",\"@id\":\"https:\\\/\\\/sella-industrie.com\\\/produit\\\/housse-siege-avant-club-german-%d8%ba%d8%b7%d8%a7%d8%a1-%d9%85%d9%82%d8%b9%d8%af-%d9%81%d8%b1%d9%8a%d9%82-%d8%a3%d9%84%d9%85%d8%a7%d9%86%d9%8a%d8%a7\\\/#primaryimage\",\"url\":\"https:\\\/\\\/sella-industrie.com\\\/wp-content\\\/uploads\\\/2024\\\/07\\\/HOUSSE-SIEGE-CLUB-GERMAN.png\",\"contentUrl\":\"https:\\\/\\\/sella-industrie.com\\\/wp-content\\\/uploads\\\/2024\\\/07\\\/HOUSSE-SIEGE-CLUB-GERMAN.png\",\"width\":1000,\"height\":1000,\"caption\":\"Housse si\u00e8ge avant Club German\"},{\"@type\":\"BreadcrumbList\",\"@id\":\"https:\\\/\\\/sella-industrie.com\\\/produit\\\/housse-siege-avant-club-german-%d8%ba%d8%b7%d8%a7%d8%a1-%d9%85%d9%82%d8%b9%d8%af-%d9%81%d8%b1%d9%8a%d9%82-%d8%a3%d9%84%d9%85%d8%a7%d9%86%d9%8a%d8%a7\\\/#breadcrumb\",\"itemListElement\":[{\"@type\":\"ListItem\",\"position\":1,\"name\":\"Accueil\",\"item\":\"https:\\\/\\\/sella-industrie.com\\\/fr_fr\\\/\"},{\"@type\":\"ListItem\",\"position\":2,\"name\":\"Shop\",\"item\":\"https:\\\/\\\/sella-industrie.com\\\/fr_fr\\\/shop\\\/\"},{\"@type\":\"ListItem\",\"position\":3,\"name\":\"Accessoires Auto\",\"item\":\"https:\\\/\\\/sella-industrie.com\\\/categorie-produit\\\/accessoires-auto\\\/\"},{\"@type\":\"ListItem\",\"position\":4,\"name\":\"Housse si\u00e8ge avant Club German\"}]},{\"@type\":\"WebSite\",\"@id\":\"https:\\\/\\\/sella-industrie.com\\\/#website\",\"url\":\"https:\\\/\\\/sella-industrie.com\\\/\",\"name\":\"Boutique &quot;V6&quot;\",\"description\":\"We care for your car\",\"publisher\":{\"@id\":\"https:\\\/\\\/sella-industrie.com\\\/#organization\"},\"potentialAction\":[{\"@type\":\"SearchAction\",\"target\":{\"@type\":\"EntryPoint\",\"urlTemplate\":\"https:\\\/\\\/sella-industrie.com\\\/?s={search_term_string}\"},\"query-input\":{\"@type\":\"PropertyValueSpecification\",\"valueRequired\":true,\"valueName\":\"search_term_string\"}}],\"inLanguage\":\"fr-FR\"},{\"@type\":\"Organization\",\"@id\":\"https:\\\/\\\/sella-industrie.com\\\/#organization\",\"name\":\"Boutique &quot;V6&quot;\",\"url\":\"https:\\\/\\\/sella-industrie.com\\\/\",\"logo\":{\"@type\":\"ImageObject\",\"inLanguage\":\"fr-FR\",\"@id\":\"https:\\\/\\\/sella-industrie.com\\\/#\\\/schema\\\/logo\\\/image\\\/\",\"url\":\"\",\"contentUrl\":\"\",\"caption\":\"Boutique &quot;V6&quot;\"},\"image\":{\"@id\":\"https:\\\/\\\/sella-industrie.com\\\/#\\\/schema\\\/logo\\\/image\\\/\"}}]}<\/script>\n<meta property=\"product:price:amount\" content=\"2050\" \/>\n<meta property=\"product:price:currency\" content=\"DZD\" \/>\n<meta property=\"og:availability\" content=\"instock\" \/>\n<meta property=\"product:availability\" content=\"instock\" \/>\n<meta property=\"product:condition\" content=\"new\" \/>\n<!-- \/ Yoast SEO plugin. -->","yoast_head_json":{"title":"Housse si\u00e8ge avant Club German - Boutique &quot;V6&quot;","description":"Housse si\u00e8ge avant Club German universelle avec design drapeau allemand. Protection durable, confort optimal et style sportif.","robots":{"index":"index","follow":"follow","max-snippet":"max-snippet:-1","max-image-preview":"max-image-preview:large","max-video-preview":"max-video-preview:-1"},"canonical":"https:\/\/sella-industrie.com\/fr_fr\/produit\/housse-siege-avant-club-german-\u063a\u0637\u0627\u0621-\u0645\u0642\u0639\u062f-\u0641\u0631\u064a\u0642-\u0623\u0644\u0645\u0627\u0646\u064a\u0627\/","og_locale":"fr_FR","og_type":"article","og_title":"Housse si\u00e8ge avant Club German - Boutique &quot;V6&quot;","og_description":"Housse si\u00e8ge avant Club German universelle avec design drapeau allemand. Protection durable, confort optimal et style sportif.","og_url":"https:\/\/sella-industrie.com\/fr_fr\/produit\/housse-siege-avant-club-german-\u063a\u0637\u0627\u0621-\u0645\u0642\u0639\u062f-\u0641\u0631\u064a\u0642-\u0623\u0644\u0645\u0627\u0646\u064a\u0627\/","og_site_name":"Boutique &quot;V6&quot;","article_modified_time":"2026-02-17T15:10:39+00:00","og_image":[{"width":1000,"height":1000,"url":"https:\/\/sella-industrie.com\/wp-content\/uploads\/2024\/07\/HOUSSE-SIEGE-CLUB-GERMAN.png","type":"image\/png"}],"twitter_card":"summary_large_image","twitter_misc":{"Prix":"&#x62f;.&#x62c;&nbsp;2.050","Disponibilit\u00e9":"En stock"},"schema":{"@context":"https:\/\/schema.org","@graph":[{"@type":"WebPage","@id":"https:\/\/sella-industrie.com\/produit\/housse-siege-avant-club-german-%d8%ba%d8%b7%d8%a7%d8%a1-%d9%85%d9%82%d8%b9%d8%af-%d9%81%d8%b1%d9%8a%d9%82-%d8%a3%d9%84%d9%85%d8%a7%d9%86%d9%8a%d8%a7\/","url":"https:\/\/sella-industrie.com\/produit\/housse-siege-avant-club-german-%d8%ba%d8%b7%d8%a7%d8%a1-%d9%85%d9%82%d8%b9%d8%af-%d9%81%d8%b1%d9%8a%d9%82-%d8%a3%d9%84%d9%85%d8%a7%d9%86%d9%8a%d8%a7\/","name":"Housse si\u00e8ge avant Club German - Boutique &quot;V6&quot;","isPartOf":{"@id":"https:\/\/sella-industrie.com\/#website"},"primaryImageOfPage":{"@id":"https:\/\/sella-industrie.com\/produit\/housse-siege-avant-club-german-%d8%ba%d8%b7%d8%a7%d8%a1-%d9%85%d9%82%d8%b9%d8%af-%d9%81%d8%b1%d9%8a%d9%82-%d8%a3%d9%84%d9%85%d8%a7%d9%86%d9%8a%d8%a7\/#primaryimage"},"image":{"@id":"https:\/\/sella-industrie.com\/produit\/housse-siege-avant-club-german-%d8%ba%d8%b7%d8%a7%d8%a1-%d9%85%d9%82%d8%b9%d8%af-%d9%81%d8%b1%d9%8a%d9%82-%d8%a3%d9%84%d9%85%d8%a7%d9%86%d9%8a%d8%a7\/#primaryimage"},"thumbnailUrl":"https:\/\/sella-industrie.com\/wp-content\/uploads\/2024\/07\/HOUSSE-SIEGE-CLUB-GERMAN.png","datePublished":"2025-07-24T14:48:00+00:00","dateModified":"2026-02-17T15:10:39+00:00","description":"Housse si\u00e8ge avant Club German universelle avec design drapeau allemand. Protection durable, confort optimal et style sportif.","breadcrumb":{"@id":"https:\/\/sella-industrie.com\/produit\/housse-siege-avant-club-german-%d8%ba%d8%b7%d8%a7%d8%a1-%d9%85%d9%82%d8%b9%d8%af-%d9%81%d8%b1%d9%8a%d9%82-%d8%a3%d9%84%d9%85%d8%a7%d9%86%d9%8a%d8%a7\/#breadcrumb"},"inLanguage":"fr-FR","potentialAction":[{"@type":"ReadAction","target":["https:\/\/sella-industrie.com\/produit\/housse-siege-avant-club-german-%d8%ba%d8%b7%d8%a7%d8%a1-%d9%85%d9%82%d8%b9%d8%af-%d9%81%d8%b1%d9%8a%d9%82-%d8%a3%d9%84%d9%85%d8%a7%d9%86%d9%8a%d8%a7\/"]}]},{"@type":"ImageObject","inLanguage":"fr-FR","@id":"https:\/\/sella-industrie.com\/produit\/housse-siege-avant-club-german-%d8%ba%d8%b7%d8%a7%d8%a1-%d9%85%d9%82%d8%b9%d8%af-%d9%81%d8%b1%d9%8a%d9%82-%d8%a3%d9%84%d9%85%d8%a7%d9%86%d9%8a%d8%a7\/#primaryimage","url":"https:\/\/sella-industrie.com\/wp-content\/uploads\/2024\/07\/HOUSSE-SIEGE-CLUB-GERMAN.png","contentUrl":"https:\/\/sella-industrie.com\/wp-content\/uploads\/2024\/07\/HOUSSE-SIEGE-CLUB-GERMAN.png","width":1000,"height":1000,"caption":"Housse si\u00e8ge avant Club German"},{"@type":"BreadcrumbList","@id":"https:\/\/sella-industrie.com\/produit\/housse-siege-avant-club-german-%d8%ba%d8%b7%d8%a7%d8%a1-%d9%85%d9%82%d8%b9%d8%af-%d9%81%d8%b1%d9%8a%d9%82-%d8%a3%d9%84%d9%85%d8%a7%d9%86%d9%8a%d8%a7\/#breadcrumb","itemListElement":[{"@type":"ListItem","position":1,"name":"Accueil","item":"https:\/\/sella-industrie.com\/fr_fr\/"},{"@type":"ListItem","position":2,"name":"Shop","item":"https:\/\/sella-industrie.com\/fr_fr\/shop\/"},{"@type":"ListItem","position":3,"name":"Accessoires Auto","item":"https:\/\/sella-industrie.com\/categorie-produit\/accessoires-auto\/"},{"@type":"ListItem","position":4,"name":"Housse si\u00e8ge avant Club German"}]},{"@type":"WebSite","@id":"https:\/\/sella-industrie.com\/#website","url":"https:\/\/sella-industrie.com\/","name":"Boutique &quot;V6&quot;","description":"We care for your car","publisher":{"@id":"https:\/\/sella-industrie.com\/#organization"},"potentialAction":[{"@type":"SearchAction","target":{"@type":"EntryPoint","urlTemplate":"https:\/\/sella-industrie.com\/?s={search_term_string}"},"query-input":{"@type":"PropertyValueSpecification","valueRequired":true,"valueName":"search_term_string"}}],"inLanguage":"fr-FR"},{"@type":"Organization","@id":"https:\/\/sella-industrie.com\/#organization","name":"Boutique &quot;V6&quot;","url":"https:\/\/sella-industrie.com\/","logo":{"@type":"ImageObject","inLanguage":"fr-FR","@id":"https:\/\/sella-industrie.com\/#\/schema\/logo\/image\/","url":"","contentUrl":"","caption":"Boutique &quot;V6&quot;"},"image":{"@id":"https:\/\/sella-industrie.com\/#\/schema\/logo\/image\/"}}]},"product_price_amount":"2050","product_price_currency":"DZD","og_availability":"instock","product_availability":"instock","product_condition":"new"},"_links":{"self":[{"href":"https:\/\/sella-industrie.com\/fr_fr\/wp-json\/wp\/v2\/product\/36828","targetHints":{"allow":["GET"]}}],"collection":[{"href":"https:\/\/sella-industrie.com\/fr_fr\/wp-json\/wp\/v2\/product"}],"about":[{"href":"https:\/\/sella-industrie.com\/fr_fr\/wp-json\/wp\/v2\/types\/product"}],"replies":[{"embeddable":true,"href":"https:\/\/sella-industrie.com\/fr_fr\/wp-json\/wp\/v2\/comments?post=36828"}],"wp:featuredmedia":[{"embeddable":true,"href":"https:\/\/sella-industrie.com\/fr_fr\/wp-json\/wp\/v2\/media\/30106"}],"wp:attachment":[{"href":"https:\/\/sella-industrie.com\/fr_fr\/wp-json\/wp\/v2\/media?parent=36828"}],"wp:term":[{"taxonomy":"product_brand","embeddable":true,"href":"https:\/\/sella-industrie.com\/fr_fr\/wp-json\/wp\/v2\/product_brand?post=36828"},{"taxonomy":"product_cat","embeddable":true,"href":"https:\/\/sella-industrie.com\/fr_fr\/wp-json\/wp\/v2\/product_cat?post=36828"},{"taxonomy":"product_tag","embeddable":true,"href":"https:\/\/sella-industrie.com\/fr_fr\/wp-json\/wp\/v2\/product_tag?post=36828"}],"curies":[{"name":"wp","href":"https:\/\/api.w.org\/{rel}","templated":true}]}}