{"id":36793,"date":"2025-07-24T14:36:12","date_gmt":"2025-07-24T14:36:12","guid":{"rendered":"https:\/\/sellaindustrie.com\/?post_type=product&#038;p=36793"},"modified":"2026-02-12T14:59:23","modified_gmt":"2026-02-12T14:59:23","slug":"couvre-siege-sparco-noir-sport-confort-protection-universel-%d8%ba%d8%b7%d8%a7%d8%a1-%d9%85%d9%82%d8%b9%d8%af-%d8%b3%d8%a8%d8%a7%d8%b1%d9%83%d9%88-%d8%a3%d8%b3%d9%88%d8%af","status":"publish","type":"product","link":"https:\/\/sella-industrie.com\/fr_fr\/produit\/couvre-siege-sparco-noir-sport-confort-protection-universel-%d8%ba%d8%b7%d8%a7%d8%a1-%d9%85%d9%82%d8%b9%d8%af-%d8%b3%d8%a8%d8%a7%d8%b1%d9%83%d9%88-%d8%a3%d8%b3%d9%88%d8%af\/","title":{"rendered":"Couvre Si\u00e8ge SPARCO Noir"},"content":{"rendered":"<h2 style=\"text-align: center;\">Couvre Si\u00e8ge SPARCO \u063a\u0637\u0627\u0621 \u0645\u0642\u0639\u062f \u0633\u0628\u0627\u0631\u0643\u0648 \u0623\u0633\u0648\u062f<\/h2>\n<p>Protection et confort garantis. Inspir\u00e9 de l\u2019univers racing, il combine design moderne, confort optimal et protection durable pour sublimer l\u2019int\u00e9rieur de votre v\u00e9hicule. Con\u00e7u pour les conducteurs exigeants, il apporte une touche dynamique tout en prot\u00e9geant efficacement vos si\u00e8ges auto. Design performant. Avec le <strong>Couvre Si\u00e8ge SPARCO Noir, <\/strong>l&rsquo;exp\u00e9rience de <a href=\"https:\/\/www.instagram.com\/v6_accessoires_auto?igsh=aXE2NjUwOG5xNnQz\" target=\"_blank\" rel=\"noopener\">conduite ultime<\/a>. Conception lat\u00e9rale avec cordon r\u00e9glable pour un meilleur ajustement. Poches lat\u00e9rales pour plus de rangement. Mousse de 8 mm doublement lamin\u00e9e au milieu, 2 mm sur les c\u00f4t\u00e9s et sur les si\u00e8ges arri\u00e8re. Conception universelle pour <a href=\"https:\/\/sella-industrie.com\/fr_fr\/produit\/cale-dos-sparco\/\">s&rsquo;adapter \u00e0 la plupart des si\u00e8ges auto avec et sans airbags lat\u00e9raux<\/a>. Proc\u00e9d\u00e9 de coloration anti-d\u00e9coloration pour pr\u00e9server l&rsquo;aspect neuf des housses de si\u00e8ge. Installation facile gr\u00e2ce aux cordons \u00e9lastiques et aux crochets en S. Lavable en machine.<\/p>\n<p style=\"text-align: right;\">\u0623\u0636\u0641\u0650 \u0644\u0645\u0633\u0629\u064b \u0623\u0646\u064a\u0642\u0629\u064b \u0648\u0631\u064a\u0627\u0636\u064a\u0629\u064b \u0639\u0644\u0649 \u0633\u064a\u0627\u0631\u062a\u0643 \u0645\u0639 \u063a\u0637\u0627\u0621 \u0645\u0642\u0639\u062f \u0633\u0628\u0627\u0631\u0643\u0648. \u064a\u062a\u0645\u064a\u0632 \u0628\u0646\u0633\u064a\u062c\u0647 \u0627\u0644\u0645\u064f\u0633\u0627\u0645\u064a \u0627\u0644\u0645\u064f\u0635\u0645\u0645 \u0639\u0644\u0649 \u0634\u0643\u0644 \u0642\u0631\u0635 \u0627\u0644\u0639\u0633\u0644\u060c \u0648\u0628\u062a\u0635\u0645\u064a\u0645\u0647 \u062b\u0646\u0627\u0626\u064a \u0627\u0644\u0644\u0648\u0646\u060c \u0645\u0645\u0627 \u064a\u0648\u0641\u0631 \u0627\u0644\u0631\u0627\u062d\u0629 \u0648\u0627\u0644\u062d\u0645\u0627\u064a\u0629\u060c \u0648\u064a\u0646\u0627\u0633\u0628 \u0645\u0639\u0638\u0645 \u0645\u0642\u0627\u0639\u062f \u0627\u0644\u0633\u064a\u0627\u0631\u0627\u062a \u0628\u0634\u0643\u0644 \u0645\u062b\u0627\u0644\u064a\u060c \u0645\u0639 \u0627\u0644\u062d\u0641\u0627\u0638 \u0639\u0644\u0649 \u062a\u0648\u0627\u0641\u0642\u0647 \u0645\u0639 \u0627\u0644\u0648\u0633\u0627\u0626\u062f \u0627\u0644\u0647\u0648\u0627\u0626\u064a\u0629 \u0648\u0633\u0647\u0648\u0644\u0629 \u062a\u0631\u0643\u064a\u0628\u0647<br \/>\n\u0623\u0636\u0641 \u0644\u0645\u0633\u0629 \u0631\u064a\u0627\u0636\u064a\u0629 \u0648\u062b\u0628\u0627\u062a\u064b\u0627 \u0645\u062b\u0627\u0644\u064a\u064b\u0627 \u0644\u0633\u064a\u0627\u0631\u062a\u0643 \u0645\u0639 \u063a\u0637\u0627\u0621 \u0639\u062c\u0644\u0629 \u0627\u0644\u0642\u064a\u0627\u062f\u0629 \u0645\u0646 \u0633\u0628\u0627\u0631\u0643\u0648. \u0645\u0635\u0645\u0645 \u0644\u062a\u0648\u0641\u064a\u0631 \u0627\u0644\u0631\u0627\u062d\u0629 \u0648\u0627\u0644\u062a\u062d\u0643\u0645. \u0648\u064a\u062a\u0645\u064a\u0632 \u0628\u0645\u0648\u0627\u062f \u0645\u062a\u064a\u0646\u0629 \u0648\u0645\u0644\u0645\u0633 \u0645\u0627\u0646\u0639 \u0644\u0644\u0627\u0646\u0632\u0644\u0627\u0642. \u0648\u064a\u0646\u0627\u0633\u0628 \u0645\u0639\u0638\u0645 \u0639\u062c\u0644\u0627\u062a \u0627\u0644\u0642\u064a\u0627\u062f\u0629. \u0633\u0647\u0644 \u0627\u0644\u062a\u0631\u0643\u064a\u0628 \u0648\u0645\u0635\u0645\u0645 \u0644\u064a\u062f\u0648\u0645 \u0637\u0648\u064a\u0644\u064b\u0627<\/p>\n","protected":false},"excerpt":{"rendered":"<h1 style=\"text-align: center;\">\u063a\u0637\u0627\u0621 \u0645\u0642\u0639\u062f \u0633\u0628\u0627\u0631\u0643\u0648 \u0623\u0633\u0648\u062f<\/h1>\n<p>Donnez \u00e0 votre voiture une allure \u00e9l\u00e9gante et sportive avec le <strong>Couvre Si\u00e8ge SPARCO Noir<\/strong>. Dot\u00e9e d&rsquo;un tissu nid d&rsquo;abeille respirant et d&rsquo;un design bicolore, elle offre confort, protection et s&rsquo;adapte parfaitement \u00e0 la plupart des si\u00e8ges auto, tout en restant compatible avec les airbags et facile \u00e0 installer.<\/p>\n","protected":false},"featured_media":30240,"comment_status":"open","ping_status":"closed","template":"","meta":[],"product_brand":[291],"product_cat":[238],"product_tag":[510,309],"class_list":{"0":"post-36793","1":"product","2":"type-product","3":"status-publish","4":"has-post-thumbnail","6":"product_brand-sparco","7":"product_cat-accessoires-auto","8":"product_tag-couvre-siege-sparco","9":"product_tag-new","11":"first","12":"instock","13":"taxable","14":"shipping-taxable","15":"purchasable","16":"product-type-simple"},"yoast_head":"<!-- This site is optimized with the Yoast SEO Premium plugin v27.1 (Yoast SEO v27.4) - https:\/\/yoast.com\/product\/yoast-seo-premium-wordpress\/ -->\n<title>Couvre Si\u00e8ge SPARCO Noir - Boutique &quot;V6&quot;<\/title>\n<meta name=\"description\" content=\"Optez pour le Couvre Si\u00e8ge SPARCO Noir : design sportif bicolore, tissu nid d\u2019abeille respirant, compatible airbags et installation facile.\" \/>\n<meta name=\"robots\" content=\"index, follow, max-snippet:-1, max-image-preview:large, max-video-preview:-1\" \/>\n<link rel=\"canonical\" href=\"https:\/\/sella-industrie.com\/fr_fr\/produit\/couvre-siege-sparco-noir-sport-confort-protection-universel-\u063a\u0637\u0627\u0621-\u0645\u0642\u0639\u062f-\u0633\u0628\u0627\u0631\u0643\u0648-\u0623\u0633\u0648\u062f\/\" \/>\n<meta property=\"og:locale\" content=\"fr_FR\" \/>\n<meta property=\"og:type\" content=\"article\" \/>\n<meta property=\"og:title\" content=\"Couvre Si\u00e8ge SPARCO Noir\" \/>\n<meta property=\"og:description\" content=\"Optez pour le Couvre Si\u00e8ge SPARCO Noir : design sportif bicolore, tissu nid d\u2019abeille respirant, compatible airbags et installation facile.\" \/>\n<meta property=\"og:url\" content=\"https:\/\/sella-industrie.com\/fr_fr\/produit\/couvre-siege-sparco-noir-sport-confort-protection-universel-\u063a\u0637\u0627\u0621-\u0645\u0642\u0639\u062f-\u0633\u0628\u0627\u0631\u0643\u0648-\u0623\u0633\u0648\u062f\/\" \/>\n<meta property=\"og:site_name\" content=\"Boutique &quot;V6&quot;\" \/>\n<meta property=\"article:modified_time\" content=\"2026-02-12T14:59:23+00:00\" \/>\n<meta property=\"og:image\" content=\"https:\/\/sella-industrie.com\/wp-content\/uploads\/2024\/07\/COUVRE-SIEGE-SPARCO-SPC3501BK.png\" \/>\n\t<meta property=\"og:image:width\" content=\"1000\" \/>\n\t<meta property=\"og:image:height\" content=\"1000\" \/>\n\t<meta property=\"og:image:type\" content=\"image\/png\" \/>\n<meta name=\"twitter:card\" content=\"summary_large_image\" \/>\n<meta name=\"twitter:label1\" content=\"Prix\" \/>\n\t<meta name=\"twitter:data1\" content=\"&#x62f;.&#x62c;&nbsp;3.050\" \/>\n\t<meta name=\"twitter:label2\" content=\"Disponibilit\u00e9\" \/>\n\t<meta name=\"twitter:data2\" content=\"En stock\" \/>\n<script type=\"application\/ld+json\" class=\"yoast-schema-graph\">{\"@context\":\"https:\\\/\\\/schema.org\",\"@graph\":[{\"@type\":\"WebPage\",\"@id\":\"https:\\\/\\\/sella-industrie.com\\\/produit\\\/couvre-siege-sparco-noir-sport-confort-protection-universel-%d8%ba%d8%b7%d8%a7%d8%a1-%d9%85%d9%82%d8%b9%d8%af-%d8%b3%d8%a8%d8%a7%d8%b1%d9%83%d9%88-%d8%a3%d8%b3%d9%88%d8%af\\\/\",\"url\":\"https:\\\/\\\/sella-industrie.com\\\/produit\\\/couvre-siege-sparco-noir-sport-confort-protection-universel-%d8%ba%d8%b7%d8%a7%d8%a1-%d9%85%d9%82%d8%b9%d8%af-%d8%b3%d8%a8%d8%a7%d8%b1%d9%83%d9%88-%d8%a3%d8%b3%d9%88%d8%af\\\/\",\"name\":\"Couvre Si\u00e8ge SPARCO Noir - Boutique &quot;V6&quot;\",\"isPartOf\":{\"@id\":\"https:\\\/\\\/sella-industrie.com\\\/#website\"},\"primaryImageOfPage\":{\"@id\":\"https:\\\/\\\/sella-industrie.com\\\/produit\\\/couvre-siege-sparco-noir-sport-confort-protection-universel-%d8%ba%d8%b7%d8%a7%d8%a1-%d9%85%d9%82%d8%b9%d8%af-%d8%b3%d8%a8%d8%a7%d8%b1%d9%83%d9%88-%d8%a3%d8%b3%d9%88%d8%af\\\/#primaryimage\"},\"image\":{\"@id\":\"https:\\\/\\\/sella-industrie.com\\\/produit\\\/couvre-siege-sparco-noir-sport-confort-protection-universel-%d8%ba%d8%b7%d8%a7%d8%a1-%d9%85%d9%82%d8%b9%d8%af-%d8%b3%d8%a8%d8%a7%d8%b1%d9%83%d9%88-%d8%a3%d8%b3%d9%88%d8%af\\\/#primaryimage\"},\"thumbnailUrl\":\"https:\\\/\\\/sella-industrie.com\\\/wp-content\\\/uploads\\\/2024\\\/07\\\/COUVRE-SIEGE-SPARCO-SPC3501BK.png\",\"datePublished\":\"2025-07-24T14:36:12+00:00\",\"dateModified\":\"2026-02-12T14:59:23+00:00\",\"description\":\"Optez pour le Couvre Si\u00e8ge SPARCO Noir : design sportif bicolore, tissu nid d\u2019abeille respirant, compatible airbags et installation facile.\",\"breadcrumb\":{\"@id\":\"https:\\\/\\\/sella-industrie.com\\\/produit\\\/couvre-siege-sparco-noir-sport-confort-protection-universel-%d8%ba%d8%b7%d8%a7%d8%a1-%d9%85%d9%82%d8%b9%d8%af-%d8%b3%d8%a8%d8%a7%d8%b1%d9%83%d9%88-%d8%a3%d8%b3%d9%88%d8%af\\\/#breadcrumb\"},\"inLanguage\":\"fr-FR\",\"potentialAction\":[{\"@type\":\"ReadAction\",\"target\":[\"https:\\\/\\\/sella-industrie.com\\\/produit\\\/couvre-siege-sparco-noir-sport-confort-protection-universel-%d8%ba%d8%b7%d8%a7%d8%a1-%d9%85%d9%82%d8%b9%d8%af-%d8%b3%d8%a8%d8%a7%d8%b1%d9%83%d9%88-%d8%a3%d8%b3%d9%88%d8%af\\\/\"]}]},{\"@type\":\"ImageObject\",\"inLanguage\":\"fr-FR\",\"@id\":\"https:\\\/\\\/sella-industrie.com\\\/produit\\\/couvre-siege-sparco-noir-sport-confort-protection-universel-%d8%ba%d8%b7%d8%a7%d8%a1-%d9%85%d9%82%d8%b9%d8%af-%d8%b3%d8%a8%d8%a7%d8%b1%d9%83%d9%88-%d8%a3%d8%b3%d9%88%d8%af\\\/#primaryimage\",\"url\":\"https:\\\/\\\/sella-industrie.com\\\/wp-content\\\/uploads\\\/2024\\\/07\\\/COUVRE-SIEGE-SPARCO-SPC3501BK.png\",\"contentUrl\":\"https:\\\/\\\/sella-industrie.com\\\/wp-content\\\/uploads\\\/2024\\\/07\\\/COUVRE-SIEGE-SPARCO-SPC3501BK.png\",\"width\":1000,\"height\":1000,\"caption\":\"Couvre Si\u00e8ge SPARCO Noir\"},{\"@type\":\"BreadcrumbList\",\"@id\":\"https:\\\/\\\/sella-industrie.com\\\/produit\\\/couvre-siege-sparco-noir-sport-confort-protection-universel-%d8%ba%d8%b7%d8%a7%d8%a1-%d9%85%d9%82%d8%b9%d8%af-%d8%b3%d8%a8%d8%a7%d8%b1%d9%83%d9%88-%d8%a3%d8%b3%d9%88%d8%af\\\/#breadcrumb\",\"itemListElement\":[{\"@type\":\"ListItem\",\"position\":1,\"name\":\"Accueil\",\"item\":\"https:\\\/\\\/sella-industrie.com\\\/fr_fr\\\/\"},{\"@type\":\"ListItem\",\"position\":2,\"name\":\"Shop\",\"item\":\"https:\\\/\\\/sella-industrie.com\\\/fr_fr\\\/shop\\\/\"},{\"@type\":\"ListItem\",\"position\":3,\"name\":\"Accessoires Auto\",\"item\":\"https:\\\/\\\/sella-industrie.com\\\/categorie-produit\\\/accessoires-auto\\\/\"},{\"@type\":\"ListItem\",\"position\":4,\"name\":\"Couvre Si\u00e8ge SPARCO Noir\"}]},{\"@type\":\"WebSite\",\"@id\":\"https:\\\/\\\/sella-industrie.com\\\/#website\",\"url\":\"https:\\\/\\\/sella-industrie.com\\\/\",\"name\":\"Boutique &quot;V6&quot;\",\"description\":\"We care for your car\",\"publisher\":{\"@id\":\"https:\\\/\\\/sella-industrie.com\\\/#organization\"},\"potentialAction\":[{\"@type\":\"SearchAction\",\"target\":{\"@type\":\"EntryPoint\",\"urlTemplate\":\"https:\\\/\\\/sella-industrie.com\\\/?s={search_term_string}\"},\"query-input\":{\"@type\":\"PropertyValueSpecification\",\"valueRequired\":true,\"valueName\":\"search_term_string\"}}],\"inLanguage\":\"fr-FR\"},{\"@type\":\"Organization\",\"@id\":\"https:\\\/\\\/sella-industrie.com\\\/#organization\",\"name\":\"Boutique &quot;V6&quot;\",\"url\":\"https:\\\/\\\/sella-industrie.com\\\/\",\"logo\":{\"@type\":\"ImageObject\",\"inLanguage\":\"fr-FR\",\"@id\":\"https:\\\/\\\/sella-industrie.com\\\/#\\\/schema\\\/logo\\\/image\\\/\",\"url\":\"\",\"contentUrl\":\"\",\"caption\":\"Boutique &quot;V6&quot;\"},\"image\":{\"@id\":\"https:\\\/\\\/sella-industrie.com\\\/#\\\/schema\\\/logo\\\/image\\\/\"}}]}<\/script>\n<meta property=\"product:price:amount\" content=\"3050\" \/>\n<meta property=\"product:price:currency\" content=\"DZD\" \/>\n<meta property=\"og:availability\" content=\"instock\" \/>\n<meta property=\"product:availability\" content=\"instock\" \/>\n<meta property=\"product:condition\" content=\"new\" \/>\n<!-- \/ Yoast SEO Premium plugin. -->","yoast_head_json":{"title":"Couvre Si\u00e8ge SPARCO Noir - Boutique &quot;V6&quot;","description":"Optez pour le Couvre Si\u00e8ge SPARCO Noir : design sportif bicolore, tissu nid d\u2019abeille respirant, compatible airbags et installation facile.","robots":{"index":"index","follow":"follow","max-snippet":"max-snippet:-1","max-image-preview":"max-image-preview:large","max-video-preview":"max-video-preview:-1"},"canonical":"https:\/\/sella-industrie.com\/fr_fr\/produit\/couvre-siege-sparco-noir-sport-confort-protection-universel-\u063a\u0637\u0627\u0621-\u0645\u0642\u0639\u062f-\u0633\u0628\u0627\u0631\u0643\u0648-\u0623\u0633\u0648\u062f\/","og_locale":"fr_FR","og_type":"article","og_title":"Couvre Si\u00e8ge SPARCO Noir","og_description":"Optez pour le Couvre Si\u00e8ge SPARCO Noir : design sportif bicolore, tissu nid d\u2019abeille respirant, compatible airbags et installation facile.","og_url":"https:\/\/sella-industrie.com\/fr_fr\/produit\/couvre-siege-sparco-noir-sport-confort-protection-universel-\u063a\u0637\u0627\u0621-\u0645\u0642\u0639\u062f-\u0633\u0628\u0627\u0631\u0643\u0648-\u0623\u0633\u0648\u062f\/","og_site_name":"Boutique &quot;V6&quot;","article_modified_time":"2026-02-12T14:59:23+00:00","og_image":[{"width":1000,"height":1000,"url":"https:\/\/sella-industrie.com\/wp-content\/uploads\/2024\/07\/COUVRE-SIEGE-SPARCO-SPC3501BK.png","type":"image\/png"}],"twitter_card":"summary_large_image","twitter_misc":{"Prix":"&#x62f;.&#x62c;&nbsp;3.050","Disponibilit\u00e9":"En stock"},"schema":{"@context":"https:\/\/schema.org","@graph":[{"@type":"WebPage","@id":"https:\/\/sella-industrie.com\/produit\/couvre-siege-sparco-noir-sport-confort-protection-universel-%d8%ba%d8%b7%d8%a7%d8%a1-%d9%85%d9%82%d8%b9%d8%af-%d8%b3%d8%a8%d8%a7%d8%b1%d9%83%d9%88-%d8%a3%d8%b3%d9%88%d8%af\/","url":"https:\/\/sella-industrie.com\/produit\/couvre-siege-sparco-noir-sport-confort-protection-universel-%d8%ba%d8%b7%d8%a7%d8%a1-%d9%85%d9%82%d8%b9%d8%af-%d8%b3%d8%a8%d8%a7%d8%b1%d9%83%d9%88-%d8%a3%d8%b3%d9%88%d8%af\/","name":"Couvre Si\u00e8ge SPARCO Noir - Boutique &quot;V6&quot;","isPartOf":{"@id":"https:\/\/sella-industrie.com\/#website"},"primaryImageOfPage":{"@id":"https:\/\/sella-industrie.com\/produit\/couvre-siege-sparco-noir-sport-confort-protection-universel-%d8%ba%d8%b7%d8%a7%d8%a1-%d9%85%d9%82%d8%b9%d8%af-%d8%b3%d8%a8%d8%a7%d8%b1%d9%83%d9%88-%d8%a3%d8%b3%d9%88%d8%af\/#primaryimage"},"image":{"@id":"https:\/\/sella-industrie.com\/produit\/couvre-siege-sparco-noir-sport-confort-protection-universel-%d8%ba%d8%b7%d8%a7%d8%a1-%d9%85%d9%82%d8%b9%d8%af-%d8%b3%d8%a8%d8%a7%d8%b1%d9%83%d9%88-%d8%a3%d8%b3%d9%88%d8%af\/#primaryimage"},"thumbnailUrl":"https:\/\/sella-industrie.com\/wp-content\/uploads\/2024\/07\/COUVRE-SIEGE-SPARCO-SPC3501BK.png","datePublished":"2025-07-24T14:36:12+00:00","dateModified":"2026-02-12T14:59:23+00:00","description":"Optez pour le Couvre Si\u00e8ge SPARCO Noir : design sportif bicolore, tissu nid d\u2019abeille respirant, compatible airbags et installation facile.","breadcrumb":{"@id":"https:\/\/sella-industrie.com\/produit\/couvre-siege-sparco-noir-sport-confort-protection-universel-%d8%ba%d8%b7%d8%a7%d8%a1-%d9%85%d9%82%d8%b9%d8%af-%d8%b3%d8%a8%d8%a7%d8%b1%d9%83%d9%88-%d8%a3%d8%b3%d9%88%d8%af\/#breadcrumb"},"inLanguage":"fr-FR","potentialAction":[{"@type":"ReadAction","target":["https:\/\/sella-industrie.com\/produit\/couvre-siege-sparco-noir-sport-confort-protection-universel-%d8%ba%d8%b7%d8%a7%d8%a1-%d9%85%d9%82%d8%b9%d8%af-%d8%b3%d8%a8%d8%a7%d8%b1%d9%83%d9%88-%d8%a3%d8%b3%d9%88%d8%af\/"]}]},{"@type":"ImageObject","inLanguage":"fr-FR","@id":"https:\/\/sella-industrie.com\/produit\/couvre-siege-sparco-noir-sport-confort-protection-universel-%d8%ba%d8%b7%d8%a7%d8%a1-%d9%85%d9%82%d8%b9%d8%af-%d8%b3%d8%a8%d8%a7%d8%b1%d9%83%d9%88-%d8%a3%d8%b3%d9%88%d8%af\/#primaryimage","url":"https:\/\/sella-industrie.com\/wp-content\/uploads\/2024\/07\/COUVRE-SIEGE-SPARCO-SPC3501BK.png","contentUrl":"https:\/\/sella-industrie.com\/wp-content\/uploads\/2024\/07\/COUVRE-SIEGE-SPARCO-SPC3501BK.png","width":1000,"height":1000,"caption":"Couvre Si\u00e8ge SPARCO Noir"},{"@type":"BreadcrumbList","@id":"https:\/\/sella-industrie.com\/produit\/couvre-siege-sparco-noir-sport-confort-protection-universel-%d8%ba%d8%b7%d8%a7%d8%a1-%d9%85%d9%82%d8%b9%d8%af-%d8%b3%d8%a8%d8%a7%d8%b1%d9%83%d9%88-%d8%a3%d8%b3%d9%88%d8%af\/#breadcrumb","itemListElement":[{"@type":"ListItem","position":1,"name":"Accueil","item":"https:\/\/sella-industrie.com\/fr_fr\/"},{"@type":"ListItem","position":2,"name":"Shop","item":"https:\/\/sella-industrie.com\/fr_fr\/shop\/"},{"@type":"ListItem","position":3,"name":"Accessoires Auto","item":"https:\/\/sella-industrie.com\/categorie-produit\/accessoires-auto\/"},{"@type":"ListItem","position":4,"name":"Couvre Si\u00e8ge SPARCO Noir"}]},{"@type":"WebSite","@id":"https:\/\/sella-industrie.com\/#website","url":"https:\/\/sella-industrie.com\/","name":"Boutique &quot;V6&quot;","description":"We care for your car","publisher":{"@id":"https:\/\/sella-industrie.com\/#organization"},"potentialAction":[{"@type":"SearchAction","target":{"@type":"EntryPoint","urlTemplate":"https:\/\/sella-industrie.com\/?s={search_term_string}"},"query-input":{"@type":"PropertyValueSpecification","valueRequired":true,"valueName":"search_term_string"}}],"inLanguage":"fr-FR"},{"@type":"Organization","@id":"https:\/\/sella-industrie.com\/#organization","name":"Boutique &quot;V6&quot;","url":"https:\/\/sella-industrie.com\/","logo":{"@type":"ImageObject","inLanguage":"fr-FR","@id":"https:\/\/sella-industrie.com\/#\/schema\/logo\/image\/","url":"","contentUrl":"","caption":"Boutique &quot;V6&quot;"},"image":{"@id":"https:\/\/sella-industrie.com\/#\/schema\/logo\/image\/"}}]},"product_price_amount":"3050","product_price_currency":"DZD","og_availability":"instock","product_availability":"instock","product_condition":"new"},"_links":{"self":[{"href":"https:\/\/sella-industrie.com\/fr_fr\/wp-json\/wp\/v2\/product\/36793","targetHints":{"allow":["GET"]}}],"collection":[{"href":"https:\/\/sella-industrie.com\/fr_fr\/wp-json\/wp\/v2\/product"}],"about":[{"href":"https:\/\/sella-industrie.com\/fr_fr\/wp-json\/wp\/v2\/types\/product"}],"replies":[{"embeddable":true,"href":"https:\/\/sella-industrie.com\/fr_fr\/wp-json\/wp\/v2\/comments?post=36793"}],"wp:featuredmedia":[{"embeddable":true,"href":"https:\/\/sella-industrie.com\/fr_fr\/wp-json\/wp\/v2\/media\/30240"}],"wp:attachment":[{"href":"https:\/\/sella-industrie.com\/fr_fr\/wp-json\/wp\/v2\/media?parent=36793"}],"wp:term":[{"taxonomy":"product_brand","embeddable":true,"href":"https:\/\/sella-industrie.com\/fr_fr\/wp-json\/wp\/v2\/product_brand?post=36793"},{"taxonomy":"product_cat","embeddable":true,"href":"https:\/\/sella-industrie.com\/fr_fr\/wp-json\/wp\/v2\/product_cat?post=36793"},{"taxonomy":"product_tag","embeddable":true,"href":"https:\/\/sella-industrie.com\/fr_fr\/wp-json\/wp\/v2\/product_tag?post=36793"}],"curies":[{"name":"wp","href":"https:\/\/api.w.org\/{rel}","templated":true}]}}