{"id":35668,"date":"2025-07-14T14:25:43","date_gmt":"2025-07-14T14:25:43","guid":{"rendered":"https:\/\/sellaindustrie.com\/?post_type=product&#038;p=35668"},"modified":"2025-07-24T10:49:00","modified_gmt":"2025-07-24T10:49:00","slug":"pack-jantes-et-pneus","status":"publish","type":"product","link":"https:\/\/sella-industrie.com\/fr_fr\/produit\/pack-jantes-et-pneus\/","title":{"rendered":"PACK JANTES &#038; PNEUS"},"content":{"rendered":"<h2 style=\"text-align: center;\">PACK JANTES &amp; PNEUS, \u0639\u0631\u0636 \u0627\u0644\u062c\u0646\u0637 \u0627\u0644\u0645\u0639\u062f\u0646\u064a\u0629 \u0648\u0627\u0644\u0639\u062c\u0644\u0627\u062a \u0627\u0644\u0645\u0637\u0627\u0637\u064a\u0629<\/h2>\n<h5 style=\"text-align: center;\"><span style=\"color: #666699;\">\u00a0RIMS + <strong>OXY + SKAYLUX + <\/strong><strong>PRONTO GOMME + Serviettes Microfibre + Brosse Jantes<\/strong><\/span><br \/>\n<span style=\"color: #666699;\">\u00a0<strong>\u0631\u064a\u0645\u0632<\/strong> + \u0633\u0643\u0627\u064a \u0644\u0648\u0643\u0633 + <strong>\u0628\u0631\u0648\u0646\u062a\u0648\u063a\u0648\u0645 + \u0623\u0648\u0643\u0633\u064a + \u0645\u0646\u0627\u0634\u0641 \u0645\u0627\u064a\u0643\u0631\u0648\u0641\u064a\u0628\u0631 (\u0645\u062a\u0639\u062f\u062f\u0629 \u0627\u0644\u0627\u0633\u062a\u062e\u062f\u0627\u0645) + \u0641\u0631\u0634\u0627\u0629 \u0627\u0644\u062c\u0646\u0637<\/strong><\/span><\/h5>\n<p style=\"text-align: left;\"><span style=\"color: #666699;\"><strong>&#8211; Nettoyant Tableau de Bord Automobile (V6, 500 ml) \u00ab\u00a0SKAYLUX\u00a0\u00bb:<\/strong><\/span> Puissante action de polissage \/ Hautement concentr\u00e9 \/ Effet anti-poussi\u00e8re.<br \/>\n<span style=\"color: #666699;\"><strong>&#8211; Nettoyant Pneus Automobile (V6, 500 ml) \u00ab\u00a0<\/strong><strong>PRONTO GOMME\u00a0\u00bb<\/strong><strong>:<\/strong><\/span> Super action de polissage \/ Brillance longue dur\u00e9e \/ Effet Antiadh\u00e9sif.<br \/>\n<span style=\"color: #666699;\"><strong style=\"color: #666699;\">&#8211; D\u00e9contaminant Jantes Automobile (V6, 500 ml) \u00ab\u00a0OXY\u00a0\u00bb<\/strong><\/span><span style=\"color: #666699;\"><strong>:<\/strong><\/span> D\u00e9contaminant Jantes, peut rapidement p\u00e9n\u00e9trer dans les taches pour \u00e9liminer la salet\u00e9 et la graisse et redonner un nouveau Look au Jantes.<br \/>\n<span style=\"color: #666699;\"><strong>&#8211; Nettoyant Jantes Automobile (V6, 500 ml) \u00ab\u00a0<\/strong><strong>RIMS\u00a0\u00bb<\/strong><\/span><span style=\"color: #666699;\"><strong>:<\/strong><\/span> Action nettoyante maximale \/ Hautement diluable \/ Economique.<\/p>\n<p style=\"text-align: right;\"><span style=\"color: #666699;\"><span style=\"color: #000000;\">.<\/span><strong>\u0645\u0646\u0638\u0641 \u0644\u0648\u062d\u0629 \u0642\u064a\u0627\u062f\u0629 \u0644\u0644\u0633\u064a\u0627\u0631\u0629 \u00ab\u00a0\u0633\u0643\u0627\u064a \u0644\u0648\u0643\u0633\u00a0\u00bb: <span style=\"color: #000000;\">\u062a\u0644\u0645\u064a\u0639 \u0642\u0648\u064a \/ \u062a\u0631\u0643\u064a\u0632 \u0639\u0627\u0644\u064a \/ \u0645\u0632\u064a\u0644 \u0644\u0644\u063a\u0628\u0627\u0631<\/span> (V6, 500 ml)<\/strong><\/span><br \/>\n<span style=\"color: #666699;\"><span style=\"color: #000000;\">.<strong>\u0628\u0631\u0648\u0646\u062a\u0648\u063a\u0648\u0645\u00a0\u00bb:<\/strong> <strong>\u062a\u0644\u0645\u064a\u0639 \u0641\u0627\u0626\u0642 \/ \u0644\u0645\u0639\u0627\u0646 \u064a\u062f\u0648\u0645 \u0637\u0648\u064a\u0644\u0627\u064b \/ \u062a\u0623\u062b\u064a\u0631 \u063a\u064a\u0631 \u0644\u0627\u0635\u0642<\/strong><\/span><strong>\u00a0\u00bb (V6, \u0645\u0646\u0638\u0641 \u0645\u0637\u0627\u0637 \u0627\u0644\u0633\u064a\u0627\u0631\u0629 (500 \u0645\u0644<\/strong><\/span><br \/>\n.<span style=\"color: #666699;\"><strong>\u0623\u0648\u0643\u0633\u064a\u00a0\u00bb:<\/strong><\/span><span style=\"color: #000000;\"><strong> \u064a\u0645\u0643\u0646 \u0644\u0640\u00a0\u00bb\u0645\u0637\u0647\u0631 \u0627\u0644\u0625\u0637\u0627\u0631\u0627\u062a \u0627\u0644\u0645\u0639\u062f\u0646\u064a\u0629 \u0644\u0644\u0633\u064a\u0627\u0631\u0629 \u0627\u0644\u062c\u062f\u064a\u062f\u060c \u0623\u0646 \u064a\u062a\u063a\u0644\u063a\u0644 \u0628\u0633\u0631\u0639\u0629 \u0644\u0625\u0632\u0627\u0644\u0629 \u0627\u0644\u0628\u0642\u0639\u060c \u0627\u0644\u0623\u0648\u0633\u0627\u062e \u0648\u0627\u0644\u0634\u062d\u0648\u0645 \u0648\u0625\u0639\u0637\u0627\u0626\u0647\u0627 \u0645\u0638\u0647\u0631\u0627 \u062c\u062f\u064a\u062f\u0627<\/strong><\/span><span style=\"color: #666699;\"><strong>\u00a0\u00bb (V6, \u0645\u0637\u0647\u0631 \u062c\u0646\u0637 \u0627\u0644\u0633\u064a\u0627\u0631\u0629 (500 \u0645\u0644<\/strong><\/span><br \/>\n.<span style=\"color: #666699;\"><strong>\u0631\u064a\u0645\u0632\u00a0\u00bb:<\/strong><\/span><span style=\"color: #000000;\"><strong> \u0623\u0642\u0635\u0649 \u0641\u0639\u0627\u0644\u064a\u0629 \u062a\u0646\u0638\u064a\u0641 \/ \u0642\u0627\u0628\u0644 \u0644\u0644\u062a\u062e\u0641\u064a\u0641 \u0628\u062f\u0631\u062c\u0629 \u0639\u0627\u0644\u064a\u0629 \/ \u0627\u0642\u062a\u0635\u0627\u062f\u064a<\/strong><\/span><span style=\"color: #666699;\"><strong>\u00a0\u00bb (V6, \u0645\u0646\u0638\u0641 \u062c\u0646\u0637 \u0627\u0644\u0633\u064a\u0627\u0631\u0629 (500 \u0645\u0644<\/strong><\/span><\/p>\n<p><iframe loading=\"lazy\" title=\"V6, 500 Ml\" width=\"500\" height=\"281\" src=\"https:\/\/www.youtube.com\/embed\/amdnrqXcXN0?feature=oembed\" frameborder=\"0\" allow=\"accelerometer; autoplay; clipboard-write; encrypted-media; gyroscope; picture-in-picture; web-share\" referrerpolicy=\"strict-origin-when-cross-origin\" allowfullscreen><\/iframe><\/p>\n","protected":false},"excerpt":{"rendered":"<h2 style=\"text-align: center;\">\u0639\u0631\u0636 \u0627\u0644\u062c\u0646\u0637 \u0627\u0644\u0645\u0639\u062f\u0646\u064a\u0629 \u0648\u0627\u0644\u0639\u062c\u0644\u0627\u062a \u0627\u0644\u0645\u0637\u0627\u0637\u064a\u0629<\/h2>\n<p style=\"text-align: left;\"><span style=\"color: #666699;\"><strong>&#8211; Nettoyant Tableau de Bord Automobile (V6, 500 ml) \u00ab\u00a0SKAYLUX\u00a0\u00bb<\/strong><\/span><br \/>\n<span style=\"color: #666699;\"><strong>&#8211; Nettoyant Pneus Automobile (V6, 500 ml) \u00ab\u00a0<\/strong><strong>PRONTO GOMME\u00a0\u00bb<\/strong><\/span><br \/>\n<span style=\"color: #666699;\"><strong style=\"color: #666699;\">&#8211; D\u00e9contaminant Jantes Automobile (V6, 500 ml) \u00ab\u00a0OXY\u00a0\u00bb<\/strong><\/span><br \/>\n<span style=\"color: #666699;\"><strong>&#8211; Nettoyant Jantes Automobile (V6, 500 ml) \u00ab\u00a0<\/strong><strong>RIMS\u00a0\u00bb<\/strong><\/span><br \/>\n<span style=\"color: #666699;\"><strong>&#8211; Serviettes Microfibre<\/strong><\/span><br \/>\n<span style=\"color: #666699;\"><strong>&#8211; Brosse Jantes<\/strong><\/span><\/p>\n","protected":false},"featured_media":36511,"comment_status":"open","ping_status":"closed","template":"","meta":[],"product_brand":[292,293],"product_cat":[966],"product_tag":[309],"class_list":{"0":"post-35668","1":"product","2":"type-product","3":"status-publish","4":"has-post-thumbnail","6":"product_brand-v6","7":"product_brand-sella","8":"product_cat-pack-jantes-et-pneus","9":"product_tag-new","11":"first","12":"instock","13":"taxable","14":"shipping-taxable","15":"purchasable","16":"product-type-simple"},"yoast_head":"<!-- This site is optimized with the Yoast SEO plugin v27.4 - https:\/\/yoast.com\/product\/yoast-seo-wordpress\/ -->\n<title>PACK JANTES &amp; PNEUS - Boutique &quot;V6&quot;<\/title>\n<meta name=\"robots\" content=\"index, follow, max-snippet:-1, max-image-preview:large, max-video-preview:-1\" \/>\n<link rel=\"canonical\" href=\"https:\/\/sella-industrie.com\/fr_fr\/produit\/pack-jantes-et-pneus\/\" \/>\n<meta property=\"og:locale\" content=\"fr_FR\" \/>\n<meta property=\"og:type\" content=\"article\" \/>\n<meta property=\"og:title\" content=\"PACK JANTES &amp; PNEUS - Boutique &quot;V6&quot;\" \/>\n<meta property=\"og:description\" content=\"\u0639\u0631\u0636 \u0627\u0644\u062c\u0646\u0637 \u0627\u0644\u0645\u0639\u062f\u0646\u064a\u0629 \u0648\u0627\u0644\u0639\u062c\u0644\u0627\u062a \u0627\u0644\u0645\u0637\u0627\u0637\u064a\u0629 - Nettoyant Tableau de Bord Automobile (V6, 500 ml) &quot;SKAYLUX&quot; - Nettoyant Pneus Automobile (V6, 500 ml) &quot;PRONTO GOMME&quot; - D\u00e9contaminant Jantes Automobile (V6, 500 ml) &quot;OXY&quot; - Nettoyant Jantes Automobile (V6, 500 ml) &quot;RIMS&quot; - Serviettes Microfibre - Brosse Jantes\" \/>\n<meta property=\"og:url\" content=\"https:\/\/sella-industrie.com\/fr_fr\/produit\/pack-jantes-et-pneus\/\" \/>\n<meta property=\"og:site_name\" content=\"Boutique &quot;V6&quot;\" \/>\n<meta property=\"article:modified_time\" content=\"2025-07-24T10:49:00+00:00\" \/>\n<meta property=\"og:image\" content=\"https:\/\/sella-industrie.com\/wp-content\/uploads\/2025\/07\/PACK-JANTES-PNEUS-CAR-CARE.png\" \/>\n\t<meta property=\"og:image:width\" content=\"1000\" \/>\n\t<meta property=\"og:image:height\" content=\"1000\" \/>\n\t<meta property=\"og:image:type\" content=\"image\/png\" \/>\n<meta name=\"twitter:card\" content=\"summary_large_image\" \/>\n<meta name=\"twitter:label1\" content=\"Prix\" \/>\n\t<meta name=\"twitter:data1\" content=\"&#x62f;.&#x62c;&nbsp;2.750\" \/>\n\t<meta name=\"twitter:label2\" content=\"Disponibilit\u00e9\" \/>\n\t<meta name=\"twitter:data2\" content=\"En stock\" \/>\n<script type=\"application\/ld+json\" class=\"yoast-schema-graph\">{\"@context\":\"https:\\\/\\\/schema.org\",\"@graph\":[{\"@type\":\"WebPage\",\"@id\":\"https:\\\/\\\/sella-industrie.com\\\/produit\\\/pack-jantes-et-pneus\\\/\",\"url\":\"https:\\\/\\\/sella-industrie.com\\\/produit\\\/pack-jantes-et-pneus\\\/\",\"name\":\"PACK JANTES & PNEUS - Boutique &quot;V6&quot;\",\"isPartOf\":{\"@id\":\"https:\\\/\\\/sella-industrie.com\\\/#website\"},\"primaryImageOfPage\":{\"@id\":\"https:\\\/\\\/sella-industrie.com\\\/produit\\\/pack-jantes-et-pneus\\\/#primaryimage\"},\"image\":{\"@id\":\"https:\\\/\\\/sella-industrie.com\\\/produit\\\/pack-jantes-et-pneus\\\/#primaryimage\"},\"thumbnailUrl\":\"https:\\\/\\\/sella-industrie.com\\\/wp-content\\\/uploads\\\/2025\\\/07\\\/PACK-JANTES-PNEUS-CAR-CARE.png\",\"datePublished\":\"2025-07-14T14:25:43+00:00\",\"dateModified\":\"2025-07-24T10:49:00+00:00\",\"breadcrumb\":{\"@id\":\"https:\\\/\\\/sella-industrie.com\\\/produit\\\/pack-jantes-et-pneus\\\/#breadcrumb\"},\"inLanguage\":\"fr-FR\",\"potentialAction\":[{\"@type\":\"ReadAction\",\"target\":[\"https:\\\/\\\/sella-industrie.com\\\/produit\\\/pack-jantes-et-pneus\\\/\"]}]},{\"@type\":\"ImageObject\",\"inLanguage\":\"fr-FR\",\"@id\":\"https:\\\/\\\/sella-industrie.com\\\/produit\\\/pack-jantes-et-pneus\\\/#primaryimage\",\"url\":\"https:\\\/\\\/sella-industrie.com\\\/wp-content\\\/uploads\\\/2025\\\/07\\\/PACK-JANTES-PNEUS-CAR-CARE.png\",\"contentUrl\":\"https:\\\/\\\/sella-industrie.com\\\/wp-content\\\/uploads\\\/2025\\\/07\\\/PACK-JANTES-PNEUS-CAR-CARE.png\",\"width\":1000,\"height\":1000,\"caption\":\"PACK JANTES & PNEUS\"},{\"@type\":\"BreadcrumbList\",\"@id\":\"https:\\\/\\\/sella-industrie.com\\\/produit\\\/pack-jantes-et-pneus\\\/#breadcrumb\",\"itemListElement\":[{\"@type\":\"ListItem\",\"position\":1,\"name\":\"Accueil\",\"item\":\"https:\\\/\\\/sella-industrie.com\\\/fr_fr\\\/\"},{\"@type\":\"ListItem\",\"position\":2,\"name\":\"Shop\",\"item\":\"https:\\\/\\\/sella-industrie.com\\\/fr_fr\\\/shop\\\/\"},{\"@type\":\"ListItem\",\"position\":3,\"name\":\"PACK JANTES ET PNEUS\",\"item\":\"https:\\\/\\\/sella-industrie.com\\\/ar\\\/product-category\\\/pack-jantes-et-pneus\\\/\"},{\"@type\":\"ListItem\",\"position\":4,\"name\":\"PACK JANTES &#038; PNEUS\"}]},{\"@type\":\"WebSite\",\"@id\":\"https:\\\/\\\/sella-industrie.com\\\/#website\",\"url\":\"https:\\\/\\\/sella-industrie.com\\\/\",\"name\":\"Boutique &quot;V6&quot;\",\"description\":\"We care for your car\",\"publisher\":{\"@id\":\"https:\\\/\\\/sella-industrie.com\\\/#organization\"},\"potentialAction\":[{\"@type\":\"SearchAction\",\"target\":{\"@type\":\"EntryPoint\",\"urlTemplate\":\"https:\\\/\\\/sella-industrie.com\\\/?s={search_term_string}\"},\"query-input\":{\"@type\":\"PropertyValueSpecification\",\"valueRequired\":true,\"valueName\":\"search_term_string\"}}],\"inLanguage\":\"fr-FR\"},{\"@type\":\"Organization\",\"@id\":\"https:\\\/\\\/sella-industrie.com\\\/#organization\",\"name\":\"Boutique &quot;V6&quot;\",\"url\":\"https:\\\/\\\/sella-industrie.com\\\/\",\"logo\":{\"@type\":\"ImageObject\",\"inLanguage\":\"fr-FR\",\"@id\":\"https:\\\/\\\/sella-industrie.com\\\/#\\\/schema\\\/logo\\\/image\\\/\",\"url\":\"\",\"contentUrl\":\"\",\"caption\":\"Boutique &quot;V6&quot;\"},\"image\":{\"@id\":\"https:\\\/\\\/sella-industrie.com\\\/#\\\/schema\\\/logo\\\/image\\\/\"}}]}<\/script>\n<meta property=\"product:price:amount\" content=\"2750\" \/>\n<meta property=\"product:price:currency\" content=\"DZD\" \/>\n<meta property=\"og:availability\" content=\"instock\" \/>\n<meta property=\"product:availability\" content=\"instock\" \/>\n<meta property=\"product:condition\" content=\"new\" \/>\n<!-- \/ Yoast SEO plugin. -->","yoast_head_json":{"title":"PACK JANTES & PNEUS - Boutique &quot;V6&quot;","robots":{"index":"index","follow":"follow","max-snippet":"max-snippet:-1","max-image-preview":"max-image-preview:large","max-video-preview":"max-video-preview:-1"},"canonical":"https:\/\/sella-industrie.com\/fr_fr\/produit\/pack-jantes-et-pneus\/","og_locale":"fr_FR","og_type":"article","og_title":"PACK JANTES & PNEUS - Boutique &quot;V6&quot;","og_description":"\u0639\u0631\u0636 \u0627\u0644\u062c\u0646\u0637 \u0627\u0644\u0645\u0639\u062f\u0646\u064a\u0629 \u0648\u0627\u0644\u0639\u062c\u0644\u0627\u062a \u0627\u0644\u0645\u0637\u0627\u0637\u064a\u0629 - Nettoyant Tableau de Bord Automobile (V6, 500 ml) \"SKAYLUX\" - Nettoyant Pneus Automobile (V6, 500 ml) \"PRONTO GOMME\" - D\u00e9contaminant Jantes Automobile (V6, 500 ml) \"OXY\" - Nettoyant Jantes Automobile (V6, 500 ml) \"RIMS\" - Serviettes Microfibre - Brosse Jantes","og_url":"https:\/\/sella-industrie.com\/fr_fr\/produit\/pack-jantes-et-pneus\/","og_site_name":"Boutique &quot;V6&quot;","article_modified_time":"2025-07-24T10:49:00+00:00","og_image":[{"width":1000,"height":1000,"url":"https:\/\/sella-industrie.com\/wp-content\/uploads\/2025\/07\/PACK-JANTES-PNEUS-CAR-CARE.png","type":"image\/png"}],"twitter_card":"summary_large_image","twitter_misc":{"Prix":"&#x62f;.&#x62c;&nbsp;2.750","Disponibilit\u00e9":"En stock"},"schema":{"@context":"https:\/\/schema.org","@graph":[{"@type":"WebPage","@id":"https:\/\/sella-industrie.com\/produit\/pack-jantes-et-pneus\/","url":"https:\/\/sella-industrie.com\/produit\/pack-jantes-et-pneus\/","name":"PACK JANTES & PNEUS - Boutique &quot;V6&quot;","isPartOf":{"@id":"https:\/\/sella-industrie.com\/#website"},"primaryImageOfPage":{"@id":"https:\/\/sella-industrie.com\/produit\/pack-jantes-et-pneus\/#primaryimage"},"image":{"@id":"https:\/\/sella-industrie.com\/produit\/pack-jantes-et-pneus\/#primaryimage"},"thumbnailUrl":"https:\/\/sella-industrie.com\/wp-content\/uploads\/2025\/07\/PACK-JANTES-PNEUS-CAR-CARE.png","datePublished":"2025-07-14T14:25:43+00:00","dateModified":"2025-07-24T10:49:00+00:00","breadcrumb":{"@id":"https:\/\/sella-industrie.com\/produit\/pack-jantes-et-pneus\/#breadcrumb"},"inLanguage":"fr-FR","potentialAction":[{"@type":"ReadAction","target":["https:\/\/sella-industrie.com\/produit\/pack-jantes-et-pneus\/"]}]},{"@type":"ImageObject","inLanguage":"fr-FR","@id":"https:\/\/sella-industrie.com\/produit\/pack-jantes-et-pneus\/#primaryimage","url":"https:\/\/sella-industrie.com\/wp-content\/uploads\/2025\/07\/PACK-JANTES-PNEUS-CAR-CARE.png","contentUrl":"https:\/\/sella-industrie.com\/wp-content\/uploads\/2025\/07\/PACK-JANTES-PNEUS-CAR-CARE.png","width":1000,"height":1000,"caption":"PACK JANTES & PNEUS"},{"@type":"BreadcrumbList","@id":"https:\/\/sella-industrie.com\/produit\/pack-jantes-et-pneus\/#breadcrumb","itemListElement":[{"@type":"ListItem","position":1,"name":"Accueil","item":"https:\/\/sella-industrie.com\/fr_fr\/"},{"@type":"ListItem","position":2,"name":"Shop","item":"https:\/\/sella-industrie.com\/fr_fr\/shop\/"},{"@type":"ListItem","position":3,"name":"PACK JANTES ET PNEUS","item":"https:\/\/sella-industrie.com\/ar\/product-category\/pack-jantes-et-pneus\/"},{"@type":"ListItem","position":4,"name":"PACK JANTES &#038; PNEUS"}]},{"@type":"WebSite","@id":"https:\/\/sella-industrie.com\/#website","url":"https:\/\/sella-industrie.com\/","name":"Boutique &quot;V6&quot;","description":"We care for your car","publisher":{"@id":"https:\/\/sella-industrie.com\/#organization"},"potentialAction":[{"@type":"SearchAction","target":{"@type":"EntryPoint","urlTemplate":"https:\/\/sella-industrie.com\/?s={search_term_string}"},"query-input":{"@type":"PropertyValueSpecification","valueRequired":true,"valueName":"search_term_string"}}],"inLanguage":"fr-FR"},{"@type":"Organization","@id":"https:\/\/sella-industrie.com\/#organization","name":"Boutique &quot;V6&quot;","url":"https:\/\/sella-industrie.com\/","logo":{"@type":"ImageObject","inLanguage":"fr-FR","@id":"https:\/\/sella-industrie.com\/#\/schema\/logo\/image\/","url":"","contentUrl":"","caption":"Boutique &quot;V6&quot;"},"image":{"@id":"https:\/\/sella-industrie.com\/#\/schema\/logo\/image\/"}}]},"product_price_amount":"2750","product_price_currency":"DZD","og_availability":"instock","product_availability":"instock","product_condition":"new"},"_links":{"self":[{"href":"https:\/\/sella-industrie.com\/fr_fr\/wp-json\/wp\/v2\/product\/35668","targetHints":{"allow":["GET"]}}],"collection":[{"href":"https:\/\/sella-industrie.com\/fr_fr\/wp-json\/wp\/v2\/product"}],"about":[{"href":"https:\/\/sella-industrie.com\/fr_fr\/wp-json\/wp\/v2\/types\/product"}],"replies":[{"embeddable":true,"href":"https:\/\/sella-industrie.com\/fr_fr\/wp-json\/wp\/v2\/comments?post=35668"}],"wp:featuredmedia":[{"embeddable":true,"href":"https:\/\/sella-industrie.com\/fr_fr\/wp-json\/wp\/v2\/media\/36511"}],"wp:attachment":[{"href":"https:\/\/sella-industrie.com\/fr_fr\/wp-json\/wp\/v2\/media?parent=35668"}],"wp:term":[{"taxonomy":"product_brand","embeddable":true,"href":"https:\/\/sella-industrie.com\/fr_fr\/wp-json\/wp\/v2\/product_brand?post=35668"},{"taxonomy":"product_cat","embeddable":true,"href":"https:\/\/sella-industrie.com\/fr_fr\/wp-json\/wp\/v2\/product_cat?post=35668"},{"taxonomy":"product_tag","embeddable":true,"href":"https:\/\/sella-industrie.com\/fr_fr\/wp-json\/wp\/v2\/product_tag?post=35668"}],"curies":[{"name":"wp","href":"https:\/\/api.w.org\/{rel}","templated":true}]}}