{"id":35663,"date":"2025-07-14T10:01:16","date_gmt":"2025-07-14T10:01:16","guid":{"rendered":"https:\/\/sellaindustrie.com\/?post_type=product&#038;p=35663"},"modified":"2025-07-24T11:24:08","modified_gmt":"2025-07-24T11:24:08","slug":"pack-vip-%d8%b9%d8%b1%d8%b6-%d9%81%d9%8a-%d8%a7%d9%8a-%d8%a8%d9%8a","status":"publish","type":"product","link":"https:\/\/sella-industrie.com\/fr_fr\/produit\/pack-vip-%d8%b9%d8%b1%d8%b6-%d9%81%d9%8a-%d8%a7%d9%8a-%d8%a8%d9%8a\/","title":{"rendered":"PACK VIP"},"content":{"rendered":"<h2 style=\"text-align: center;\">PACK VIP<\/h2>\n<h5 style=\"text-align: center;\"><span style=\"color: #666699;\">SKAYLUX + RIMS + <strong>EASYLUX<\/strong> + X-LEATHER<strong>\u00a0+ <\/strong><strong>DIFFEREN (Parfum Auto) + MICROFIBRES (Multi-Usage) + BROSSE M\u00c9TALLIQUE<\/strong><\/span><br \/>\n<span style=\"color: #666699;\"><strong>\u0633\u0643\u0627\u064a \u0644\u0648\u0643\u0633<\/strong>+ <strong> \u0625\u064a\u0632\u064a\u0644\u0648\u0643\u0633<\/strong> + \u0631\u064a\u0645\u0632<strong> + \u0625\u0643\u0633 \u0644\u064a\u0630\u0631+ <\/strong><\/span><strong style=\"color: #666699;\">\u062f\u064a\u0641\u0631\u064a\u0646 (\u0639\u0637\u0631 \u062c\u0648 \u0627\u0644\u0633\u064a\u0627\u0631\u0629) <\/strong><span style=\"color: #666699;\"><strong>+ \u0645\u0646\u0627\u0634\u0641 \u0645\u0627\u064a\u0643\u0631\u0648\u0641\u064a\u0628\u0631 (\u0645\u062a\u0639\u062f\u062f\u0629 \u0627\u0644\u0627\u0633\u062a\u062e\u062f\u0627\u0645) + \u0641\u0631\u0634\u0627\u0629 \u062d\u062f\u064a\u062f\u064a\u0629\u00a0<\/strong><\/span><\/h5>\n<p style=\"text-align: left;\"><span style=\"color: #666699;\"><strong>&#8211; Lustrant Carrosserie (V6, 500 ml) \u00ab\u00a0EASYLUX\u00a0\u00bb:<\/strong><\/span> Redonne la brillance et l\u2019\u00e9clat a votre carrosserie et \u00e0 toutes les pi\u00e8ces peintes du v\u00e9hicule et m\u00eames les motos sans endommager les parties en plastiques.<br \/>\n<span style=\"color: #666699;\"><strong>&#8211; Nettoyant Tableau de Bord Automobile (V6, 500 ml) \u00ab\u00a0SKAYLUX\u00a0\u00bb:<\/strong><\/span> Puissante action de polissage \/ Hautement concentr\u00e9 \/ Effet anti-poussi\u00e8re.<br \/>\n<span style=\"color: #666699;\"><strong>-Nettoyant Jantes Automobile (V6, 500 ml) \u00ab\u00a0<\/strong><strong>RIMS\u00a0\u00bb<\/strong><\/span><span style=\"color: #666699;\"><strong>:<\/strong><\/span> Action nettoyante maximale \/ Hautement diluable \/ Economique.<br \/>\n<span style=\"color: #666699;\"><strong>-Nettoyant\u00a0 Cuir (V6, 500 ml) <\/strong><strong>\u00a0\u00bb X-LEATHER\u00a0\u00bb<\/strong><strong> :<\/strong><\/span> Ecologique et biod\u00e9gradable \/ Ne n\u00e9cessite aucun rin\u00e7age \/ Hautement diluable.<\/p>\n<p style=\"text-align: right;\"><span style=\"color: #666699;\"><span style=\"color: #000000;\">.<\/span><strong>\u0645\u0646\u0638\u0641 \u0644\u0648\u062d\u0629 \u0642\u064a\u0627\u062f\u0629 \u0644\u0644\u0633\u064a\u0627\u0631\u0629 \u00ab\u00a0\u0633\u0643\u0627\u064a \u0644\u0648\u0643\u0633\u00a0\u00bb: <span style=\"color: #000000;\">\u062a\u0644\u0645\u064a\u0639 \u0642\u0648\u064a \/ \u062a\u0631\u0643\u064a\u0632 \u0639\u0627\u0644\u064a \/ \u0645\u0632\u064a\u0644 \u0644\u0644\u063a\u0628\u0627\u0631<\/span> (V6, 500 ml)-<\/strong><\/span><br \/>\n.<strong style=\"color: #666699;\">\u0625\u064a\u0632\u064a \u0644\u0648\u0643\u0633\u00a0\u00bb: <\/strong><strong><span style=\"color: #000000;\">\u064a<\/span><\/strong><strong><span style=\"color: #000000;\">\u0639\u064a\u062f \u0627\u0644\u0644\u0645\u0639\u0627\u0646 \u0648\u0627\u0644\u0628\u0631\u064a\u0642 \u0644\u0647\u064a\u0643\u0644 \u0633\u064a\u0627\u0631\u062a\u0643 \u0648\u062c\u0645\u064a\u0639 \u0627\u0644\u0623\u062c\u0632\u0627\u0621 \u0627\u0644\u0645\u0637\u0644\u064a\u0629 \u0645\u0646 \u0627\u0644\u0633\u064a\u0627\u0631\u0629 \u0648\u062d\u062a\u0649 \u0627\u0644\u062f\u0631\u0627\u062c\u0627\u062a \u0627\u0644\u0646\u0627\u0631\u064a\u0629 \u062f\u0648\u0646 \u0625\u062a\u0644\u0627\u0641 \u0627\u0644\u0623\u062c\u0632\u0627\u0621 \u0627\u0644\u0628\u0644\u0627\u0633\u062a\u064a\u0643\u064a\u0629<\/span><\/strong>\u00a0\u00bb <span style=\"color: #666699;\"><strong>(V6, \u0645\u0644\u0645\u0639 \u0647\u064a\u0643\u0644 \u0627\u0644\u0633\u064a\u0627\u0631\u0629 (500 \u0645\u0644-<\/strong><\/span><br \/>\n<span style=\"color: #666699;\"><span style=\"color: #000000;\"><strong>.<span style=\"color: #666699;\">\u0625\u0643\u0633-\u0644\u064a\u0630\u0631\u00a0\u00bb<\/span>: \u0635\u062f\u064a\u0642 \u0644\u0644\u0628\u064a\u0626\u0629 \u0648\u0642\u0627\u0628\u0644 \u0644\u0644\u062a\u062d\u0644\u0644 \u0627\u0644\u062d\u064a\u0648\u064a \/ \u0644\u0627 \u064a\u062a\u0637\u0644\u0628 \u0634\u0637\u0641\u064b\u0627 \/ \u0642\u0627\u0628\u0644 \u0644\u0644\u062a\u062e\u0641\u064a\u0641 \u0628\u062f\u0631\u062c\u0629 \u0639\u0627\u0644\u064a\u0629<\/strong><\/span><strong>\u00a0\u00bb (V6, \u0645\u0646\u0638\u0641 \u0627\u0644\u062c\u0644\u062f (500 \u0645\u0644-<\/strong><\/span><br \/>\n.<span style=\"color: #666699;\"><strong>\u0631\u064a\u0645\u0632\u00a0\u00bb:<\/strong><\/span><span style=\"color: #000000;\"><strong> \u0623\u0642\u0635\u0649 \u0641\u0639\u0627\u0644\u064a\u0629 \u062a\u0646\u0638\u064a\u0641 \/ \u0642\u0627\u0628\u0644 \u0644\u0644\u062a\u062e\u0641\u064a\u0641 \u0628\u062f\u0631\u062c\u0629 \u0639\u0627\u0644\u064a\u0629 \/ \u0627\u0642\u062a\u0635\u0627\u062f\u064a<\/strong><\/span><span style=\"color: #666699;\"><strong>\u00a0\u00bb (V6, \u0645\u0646\u0638\u0641 \u062c\u0646\u0637 \u0627\u0644\u0633\u064a\u0627\u0631\u0629 (500 \u0645\u0644-<\/strong><\/span><\/p>\n<p><iframe loading=\"lazy\" title=\"Differen\" width=\"500\" height=\"281\" src=\"https:\/\/www.youtube.com\/embed\/T2HOHBgyepA?feature=oembed\" frameborder=\"0\" allow=\"accelerometer; autoplay; clipboard-write; encrypted-media; gyroscope; picture-in-picture; web-share\" referrerpolicy=\"strict-origin-when-cross-origin\" allowfullscreen><\/iframe><\/p>\n<p><iframe loading=\"lazy\" title=\"V6, 500 Ml\" width=\"500\" height=\"281\" src=\"https:\/\/www.youtube.com\/embed\/amdnrqXcXN0?feature=oembed\" frameborder=\"0\" allow=\"accelerometer; autoplay; clipboard-write; encrypted-media; gyroscope; picture-in-picture; web-share\" referrerpolicy=\"strict-origin-when-cross-origin\" allowfullscreen><\/iframe><\/p>\n","protected":false},"excerpt":{"rendered":"<p style=\"text-align: left;\"><span style=\"color: #666699;\"><strong>&#8211; Lustrant Carrosserie (V6, 500 ml) \u00ab\u00a0EASYLUX\u00a0\u00bb<\/strong><\/span><br \/>\n<span style=\"color: #666699;\"><strong>&#8211; Nettoyant Tableau de Bord Automobile (V6, 500 ml) \u00ab\u00a0SKAYLUX\u00a0\u00bb<\/strong><\/span><br \/>\n<span style=\"color: #666699;\"><strong>&#8211; Nettoyant Jantes Automobile (V6, 500 ml) \u00ab\u00a0<\/strong><strong>RIMS\u00a0\u00bb<\/strong><\/span><br \/>\n<span style=\"color: #666699;\"><strong>&#8211; Nettoyant\u00a0 Cuir (V6, 500 ml) <\/strong><strong>\u00a0\u00bb X-LEATHER\u00a0\u00bb<\/strong><\/span><br \/>\n<strong><span style=\"color: #666699;\">&#8211; <\/span><span style=\"color: #666699;\">Parfum DIFFEREN (SELLA)<\/span><\/strong><br \/>\n<span style=\"color: #666699;\"><strong>&#8211; MICROFIBRES (Multi-Usage)<\/strong><\/span><br \/>\n<span style=\"color: #666699;\"><strong>&#8211; BROSSE M\u00c9TALLIQUE<\/strong><\/span><\/p>\n","protected":false},"featured_media":36488,"comment_status":"open","ping_status":"closed","template":"","meta":[],"product_brand":[292,293],"product_cat":[960],"product_tag":[309],"class_list":{"0":"post-35663","1":"product","2":"type-product","3":"status-publish","4":"has-post-thumbnail","6":"product_brand-v6","7":"product_brand-sella","8":"product_cat-car-care-packs-2","9":"product_tag-new","11":"first","12":"instock","13":"taxable","14":"shipping-taxable","15":"purchasable","16":"product-type-simple"},"yoast_head":"<!-- This site is optimized with the Yoast SEO plugin v27.4 - https:\/\/yoast.com\/product\/yoast-seo-wordpress\/ -->\n<title>PACK VIP - Boutique &quot;V6&quot;<\/title>\n<meta name=\"robots\" content=\"index, follow, max-snippet:-1, max-image-preview:large, max-video-preview:-1\" \/>\n<link rel=\"canonical\" href=\"https:\/\/sella-industrie.com\/fr_fr\/produit\/pack-vip-\u0639\u0631\u0636-\u0641\u064a-\u0627\u064a-\u0628\u064a\/\" \/>\n<meta property=\"og:locale\" content=\"fr_FR\" \/>\n<meta property=\"og:type\" content=\"article\" \/>\n<meta property=\"og:title\" content=\"PACK VIP - Boutique &quot;V6&quot;\" \/>\n<meta property=\"og:description\" content=\"- Lustrant Carrosserie (V6, 500 ml) &quot;EASYLUX&quot; - Nettoyant Tableau de Bord Automobile (V6, 500 ml) &quot;SKAYLUX&quot; - Nettoyant Jantes Automobile (V6, 500 ml) &quot;RIMS&quot; - Nettoyant\u00a0 Cuir (V6, 500 ml) &quot; X-LEATHER&quot; - Parfum DIFFEREN (SELLA) - MICROFIBRES (Multi-Usage) - BROSSE M\u00c9TALLIQUE\" \/>\n<meta property=\"og:url\" content=\"https:\/\/sella-industrie.com\/fr_fr\/produit\/pack-vip-\u0639\u0631\u0636-\u0641\u064a-\u0627\u064a-\u0628\u064a\/\" \/>\n<meta property=\"og:site_name\" content=\"Boutique &quot;V6&quot;\" \/>\n<meta property=\"article:modified_time\" content=\"2025-07-24T11:24:08+00:00\" \/>\n<meta property=\"og:image\" content=\"https:\/\/sella-industrie.com\/wp-content\/uploads\/2025\/07\/CAR-CARE-PACK-VIP.png\" \/>\n\t<meta property=\"og:image:width\" content=\"1000\" \/>\n\t<meta property=\"og:image:height\" content=\"1000\" \/>\n\t<meta property=\"og:image:type\" content=\"image\/png\" \/>\n<meta name=\"twitter:card\" content=\"summary_large_image\" \/>\n<meta name=\"twitter:label1\" content=\"Prix\" \/>\n\t<meta name=\"twitter:data1\" content=\"&#x62f;.&#x62c;&nbsp;4.400\" \/>\n\t<meta name=\"twitter:label2\" content=\"Disponibilit\u00e9\" \/>\n\t<meta name=\"twitter:data2\" content=\"En stock\" \/>\n<script type=\"application\/ld+json\" class=\"yoast-schema-graph\">{\"@context\":\"https:\\\/\\\/schema.org\",\"@graph\":[{\"@type\":\"WebPage\",\"@id\":\"https:\\\/\\\/sella-industrie.com\\\/produit\\\/pack-vip-%d8%b9%d8%b1%d8%b6-%d9%81%d9%8a-%d8%a7%d9%8a-%d8%a8%d9%8a\\\/\",\"url\":\"https:\\\/\\\/sella-industrie.com\\\/produit\\\/pack-vip-%d8%b9%d8%b1%d8%b6-%d9%81%d9%8a-%d8%a7%d9%8a-%d8%a8%d9%8a\\\/\",\"name\":\"PACK VIP - Boutique &quot;V6&quot;\",\"isPartOf\":{\"@id\":\"https:\\\/\\\/sella-industrie.com\\\/#website\"},\"primaryImageOfPage\":{\"@id\":\"https:\\\/\\\/sella-industrie.com\\\/produit\\\/pack-vip-%d8%b9%d8%b1%d8%b6-%d9%81%d9%8a-%d8%a7%d9%8a-%d8%a8%d9%8a\\\/#primaryimage\"},\"image\":{\"@id\":\"https:\\\/\\\/sella-industrie.com\\\/produit\\\/pack-vip-%d8%b9%d8%b1%d8%b6-%d9%81%d9%8a-%d8%a7%d9%8a-%d8%a8%d9%8a\\\/#primaryimage\"},\"thumbnailUrl\":\"https:\\\/\\\/sella-industrie.com\\\/wp-content\\\/uploads\\\/2025\\\/07\\\/CAR-CARE-PACK-VIP.png\",\"datePublished\":\"2025-07-14T10:01:16+00:00\",\"dateModified\":\"2025-07-24T11:24:08+00:00\",\"breadcrumb\":{\"@id\":\"https:\\\/\\\/sella-industrie.com\\\/produit\\\/pack-vip-%d8%b9%d8%b1%d8%b6-%d9%81%d9%8a-%d8%a7%d9%8a-%d8%a8%d9%8a\\\/#breadcrumb\"},\"inLanguage\":\"fr-FR\",\"potentialAction\":[{\"@type\":\"ReadAction\",\"target\":[\"https:\\\/\\\/sella-industrie.com\\\/produit\\\/pack-vip-%d8%b9%d8%b1%d8%b6-%d9%81%d9%8a-%d8%a7%d9%8a-%d8%a8%d9%8a\\\/\"]}]},{\"@type\":\"ImageObject\",\"inLanguage\":\"fr-FR\",\"@id\":\"https:\\\/\\\/sella-industrie.com\\\/produit\\\/pack-vip-%d8%b9%d8%b1%d8%b6-%d9%81%d9%8a-%d8%a7%d9%8a-%d8%a8%d9%8a\\\/#primaryimage\",\"url\":\"https:\\\/\\\/sella-industrie.com\\\/wp-content\\\/uploads\\\/2025\\\/07\\\/CAR-CARE-PACK-VIP.png\",\"contentUrl\":\"https:\\\/\\\/sella-industrie.com\\\/wp-content\\\/uploads\\\/2025\\\/07\\\/CAR-CARE-PACK-VIP.png\",\"width\":1000,\"height\":1000,\"caption\":\"PACK VIP\"},{\"@type\":\"BreadcrumbList\",\"@id\":\"https:\\\/\\\/sella-industrie.com\\\/produit\\\/pack-vip-%d8%b9%d8%b1%d8%b6-%d9%81%d9%8a-%d8%a7%d9%8a-%d8%a8%d9%8a\\\/#breadcrumb\",\"itemListElement\":[{\"@type\":\"ListItem\",\"position\":1,\"name\":\"Accueil\",\"item\":\"https:\\\/\\\/sella-industrie.com\\\/fr_fr\\\/\"},{\"@type\":\"ListItem\",\"position\":2,\"name\":\"Shop\",\"item\":\"https:\\\/\\\/sella-industrie.com\\\/fr_fr\\\/shop\\\/\"},{\"@type\":\"ListItem\",\"position\":3,\"name\":\"PACK VIP\",\"item\":\"https:\\\/\\\/sella-industrie.com\\\/categorie-produit\\\/car-care-packs-2\\\/\"},{\"@type\":\"ListItem\",\"position\":4,\"name\":\"PACK VIP\"}]},{\"@type\":\"WebSite\",\"@id\":\"https:\\\/\\\/sella-industrie.com\\\/#website\",\"url\":\"https:\\\/\\\/sella-industrie.com\\\/\",\"name\":\"Boutique &quot;V6&quot;\",\"description\":\"We care for your car\",\"publisher\":{\"@id\":\"https:\\\/\\\/sella-industrie.com\\\/#organization\"},\"potentialAction\":[{\"@type\":\"SearchAction\",\"target\":{\"@type\":\"EntryPoint\",\"urlTemplate\":\"https:\\\/\\\/sella-industrie.com\\\/?s={search_term_string}\"},\"query-input\":{\"@type\":\"PropertyValueSpecification\",\"valueRequired\":true,\"valueName\":\"search_term_string\"}}],\"inLanguage\":\"fr-FR\"},{\"@type\":\"Organization\",\"@id\":\"https:\\\/\\\/sella-industrie.com\\\/#organization\",\"name\":\"Boutique &quot;V6&quot;\",\"url\":\"https:\\\/\\\/sella-industrie.com\\\/\",\"logo\":{\"@type\":\"ImageObject\",\"inLanguage\":\"fr-FR\",\"@id\":\"https:\\\/\\\/sella-industrie.com\\\/#\\\/schema\\\/logo\\\/image\\\/\",\"url\":\"\",\"contentUrl\":\"\",\"caption\":\"Boutique &quot;V6&quot;\"},\"image\":{\"@id\":\"https:\\\/\\\/sella-industrie.com\\\/#\\\/schema\\\/logo\\\/image\\\/\"}}]}<\/script>\n<meta property=\"product:price:amount\" content=\"4400\" \/>\n<meta property=\"product:price:currency\" content=\"DZD\" \/>\n<meta property=\"og:availability\" content=\"instock\" \/>\n<meta property=\"product:availability\" content=\"instock\" \/>\n<meta property=\"product:condition\" content=\"new\" \/>\n<!-- \/ Yoast SEO plugin. -->","yoast_head_json":{"title":"PACK VIP - Boutique &quot;V6&quot;","robots":{"index":"index","follow":"follow","max-snippet":"max-snippet:-1","max-image-preview":"max-image-preview:large","max-video-preview":"max-video-preview:-1"},"canonical":"https:\/\/sella-industrie.com\/fr_fr\/produit\/pack-vip-\u0639\u0631\u0636-\u0641\u064a-\u0627\u064a-\u0628\u064a\/","og_locale":"fr_FR","og_type":"article","og_title":"PACK VIP - Boutique &quot;V6&quot;","og_description":"- Lustrant Carrosserie (V6, 500 ml) \"EASYLUX\" - Nettoyant Tableau de Bord Automobile (V6, 500 ml) \"SKAYLUX\" - Nettoyant Jantes Automobile (V6, 500 ml) \"RIMS\" - Nettoyant\u00a0 Cuir (V6, 500 ml) \" X-LEATHER\" - Parfum DIFFEREN (SELLA) - MICROFIBRES (Multi-Usage) - BROSSE M\u00c9TALLIQUE","og_url":"https:\/\/sella-industrie.com\/fr_fr\/produit\/pack-vip-\u0639\u0631\u0636-\u0641\u064a-\u0627\u064a-\u0628\u064a\/","og_site_name":"Boutique &quot;V6&quot;","article_modified_time":"2025-07-24T11:24:08+00:00","og_image":[{"width":1000,"height":1000,"url":"https:\/\/sella-industrie.com\/wp-content\/uploads\/2025\/07\/CAR-CARE-PACK-VIP.png","type":"image\/png"}],"twitter_card":"summary_large_image","twitter_misc":{"Prix":"&#x62f;.&#x62c;&nbsp;4.400","Disponibilit\u00e9":"En stock"},"schema":{"@context":"https:\/\/schema.org","@graph":[{"@type":"WebPage","@id":"https:\/\/sella-industrie.com\/produit\/pack-vip-%d8%b9%d8%b1%d8%b6-%d9%81%d9%8a-%d8%a7%d9%8a-%d8%a8%d9%8a\/","url":"https:\/\/sella-industrie.com\/produit\/pack-vip-%d8%b9%d8%b1%d8%b6-%d9%81%d9%8a-%d8%a7%d9%8a-%d8%a8%d9%8a\/","name":"PACK VIP - Boutique &quot;V6&quot;","isPartOf":{"@id":"https:\/\/sella-industrie.com\/#website"},"primaryImageOfPage":{"@id":"https:\/\/sella-industrie.com\/produit\/pack-vip-%d8%b9%d8%b1%d8%b6-%d9%81%d9%8a-%d8%a7%d9%8a-%d8%a8%d9%8a\/#primaryimage"},"image":{"@id":"https:\/\/sella-industrie.com\/produit\/pack-vip-%d8%b9%d8%b1%d8%b6-%d9%81%d9%8a-%d8%a7%d9%8a-%d8%a8%d9%8a\/#primaryimage"},"thumbnailUrl":"https:\/\/sella-industrie.com\/wp-content\/uploads\/2025\/07\/CAR-CARE-PACK-VIP.png","datePublished":"2025-07-14T10:01:16+00:00","dateModified":"2025-07-24T11:24:08+00:00","breadcrumb":{"@id":"https:\/\/sella-industrie.com\/produit\/pack-vip-%d8%b9%d8%b1%d8%b6-%d9%81%d9%8a-%d8%a7%d9%8a-%d8%a8%d9%8a\/#breadcrumb"},"inLanguage":"fr-FR","potentialAction":[{"@type":"ReadAction","target":["https:\/\/sella-industrie.com\/produit\/pack-vip-%d8%b9%d8%b1%d8%b6-%d9%81%d9%8a-%d8%a7%d9%8a-%d8%a8%d9%8a\/"]}]},{"@type":"ImageObject","inLanguage":"fr-FR","@id":"https:\/\/sella-industrie.com\/produit\/pack-vip-%d8%b9%d8%b1%d8%b6-%d9%81%d9%8a-%d8%a7%d9%8a-%d8%a8%d9%8a\/#primaryimage","url":"https:\/\/sella-industrie.com\/wp-content\/uploads\/2025\/07\/CAR-CARE-PACK-VIP.png","contentUrl":"https:\/\/sella-industrie.com\/wp-content\/uploads\/2025\/07\/CAR-CARE-PACK-VIP.png","width":1000,"height":1000,"caption":"PACK VIP"},{"@type":"BreadcrumbList","@id":"https:\/\/sella-industrie.com\/produit\/pack-vip-%d8%b9%d8%b1%d8%b6-%d9%81%d9%8a-%d8%a7%d9%8a-%d8%a8%d9%8a\/#breadcrumb","itemListElement":[{"@type":"ListItem","position":1,"name":"Accueil","item":"https:\/\/sella-industrie.com\/fr_fr\/"},{"@type":"ListItem","position":2,"name":"Shop","item":"https:\/\/sella-industrie.com\/fr_fr\/shop\/"},{"@type":"ListItem","position":3,"name":"PACK VIP","item":"https:\/\/sella-industrie.com\/categorie-produit\/car-care-packs-2\/"},{"@type":"ListItem","position":4,"name":"PACK VIP"}]},{"@type":"WebSite","@id":"https:\/\/sella-industrie.com\/#website","url":"https:\/\/sella-industrie.com\/","name":"Boutique &quot;V6&quot;","description":"We care for your car","publisher":{"@id":"https:\/\/sella-industrie.com\/#organization"},"potentialAction":[{"@type":"SearchAction","target":{"@type":"EntryPoint","urlTemplate":"https:\/\/sella-industrie.com\/?s={search_term_string}"},"query-input":{"@type":"PropertyValueSpecification","valueRequired":true,"valueName":"search_term_string"}}],"inLanguage":"fr-FR"},{"@type":"Organization","@id":"https:\/\/sella-industrie.com\/#organization","name":"Boutique &quot;V6&quot;","url":"https:\/\/sella-industrie.com\/","logo":{"@type":"ImageObject","inLanguage":"fr-FR","@id":"https:\/\/sella-industrie.com\/#\/schema\/logo\/image\/","url":"","contentUrl":"","caption":"Boutique &quot;V6&quot;"},"image":{"@id":"https:\/\/sella-industrie.com\/#\/schema\/logo\/image\/"}}]},"product_price_amount":"4400","product_price_currency":"DZD","og_availability":"instock","product_availability":"instock","product_condition":"new"},"_links":{"self":[{"href":"https:\/\/sella-industrie.com\/fr_fr\/wp-json\/wp\/v2\/product\/35663","targetHints":{"allow":["GET"]}}],"collection":[{"href":"https:\/\/sella-industrie.com\/fr_fr\/wp-json\/wp\/v2\/product"}],"about":[{"href":"https:\/\/sella-industrie.com\/fr_fr\/wp-json\/wp\/v2\/types\/product"}],"replies":[{"embeddable":true,"href":"https:\/\/sella-industrie.com\/fr_fr\/wp-json\/wp\/v2\/comments?post=35663"}],"wp:featuredmedia":[{"embeddable":true,"href":"https:\/\/sella-industrie.com\/fr_fr\/wp-json\/wp\/v2\/media\/36488"}],"wp:attachment":[{"href":"https:\/\/sella-industrie.com\/fr_fr\/wp-json\/wp\/v2\/media?parent=35663"}],"wp:term":[{"taxonomy":"product_brand","embeddable":true,"href":"https:\/\/sella-industrie.com\/fr_fr\/wp-json\/wp\/v2\/product_brand?post=35663"},{"taxonomy":"product_cat","embeddable":true,"href":"https:\/\/sella-industrie.com\/fr_fr\/wp-json\/wp\/v2\/product_cat?post=35663"},{"taxonomy":"product_tag","embeddable":true,"href":"https:\/\/sella-industrie.com\/fr_fr\/wp-json\/wp\/v2\/product_tag?post=35663"}],"curies":[{"name":"wp","href":"https:\/\/api.w.org\/{rel}","templated":true}]}}