{"id":34662,"date":"2025-06-26T19:40:34","date_gmt":"2025-06-26T19:40:34","guid":{"rendered":"https:\/\/sellaindustrie.com\/?post_type=product&#038;p=34662"},"modified":"2026-04-15T15:07:30","modified_gmt":"2026-04-15T15:07:30","slug":"parfum-voiture-citron-deo-bois-fraicheur-energie-pure-%d8%b9%d8%b7%d8%b1-%d8%a7%d9%84%d8%b3%d9%8a%d8%a7%d8%b1%d8%a7%d8%aa-%d9%84%d9%8a%d9%85%d9%88%d9%86","status":"publish","type":"product","link":"https:\/\/sella-industrie.com\/fr_fr\/produit\/parfum-voiture-citron-deo-bois-fraicheur-energie-pure-%d8%b9%d8%b7%d8%b1-%d8%a7%d9%84%d8%b3%d9%8a%d8%a7%d8%b1%d8%a7%d8%aa-%d9%84%d9%8a%d9%85%d9%88%d9%86\/","title":{"rendered":"Parfum voiture CITRON"},"content":{"rendered":"<h2 style=\"text-align: center;\">Parfum voiture CITRON \u0639\u0637\u0631 \u0627\u0644\u0633\u064a\u0627\u0631\u0627\u062a \u0644\u064a\u0645\u0648\u0646<\/h2>\n<p data-start=\"618\" data-end=\"817\"><strong>Parfum voiture CITRON<\/strong>, DEO BOIS, Suavit\u00e9 classique et r\u00e9confortante. fruit\u00e9e, douce et r\u00e9confortante qui diffuse une fra\u00eecheur gourmande durable dans votre habitacle. \u00c9l\u00e9gant, efficace et longue tenue. Il apporte \u00e0 votre habitacle une senteur fruit\u00e9e, fra\u00eeche et d\u00e9licieusement r\u00e9confortante. Apportez une fra\u00eecheur naturelle, senteur citronn\u00e9e vive, <a href=\"https:\/\/www.instagram.com\/p\/DSh_oFmjLfW\/?img_index=1\" target=\"_blank\" rel=\"noopener\">diffusion longue<\/a> dur\u00e9e sur support bois, \u00e9limine les odeurs et <a href=\"https:\/\/sella-industrie.com\/fr_fr\/produit\/citron-vert-basilic-%d9%84%d9%8a%d9%85%d9%88%d9%86-%d8%a3%d8%ae%d8%b6%d8%b1-%d9%88%d8%b1%d9%8a%d8%ad%d8%a7%d9%86\/\">purifie<\/a> l\u2019habitacle. Il diffuse dans votre habitacle une senteur citronn\u00e9e vive, fra\u00eeche et tonifiante qui transforme instantan\u00e9ment l\u2019ambiance int\u00e9rieure de votre v\u00e9hicule. Son parfum inspir\u00e9 du citron frais procure une sensation imm\u00e9diate de propret\u00e9 et de puret\u00e9. Gr\u00e2ce \u00e0 son support bois \u00e9l\u00e9gant, ce d\u00e9sodorisant voiture assure une diffusion progressive et longue dur\u00e9e, parfaite pour maintenir une atmosph\u00e8re agr\u00e9able pendant plusieurs semaines. Ce parfum d&rsquo;ambiance premium neutralise efficacement les mauvaises odeurs tout en apportant une fra\u00eecheur naturelle et \u00e9nergisante. <span role=\"text\">Les avantages du parfum voiture citron, s<\/span>enteur citronn\u00e9e fra\u00eeche et vivifiante, diffusion longue dur\u00e9e sur support bois, \u00e9limine les mauvaises odeurs efficacement, purifie l\u2019habitacle durablement, design \u00e9l\u00e9gant et naturel DEO BOIS. Le parfum voiture citron DEO BOIS est id\u00e9al pour les conducteurs recherchant une fragrance fra\u00eeche, propre et dynamique. Son parfum citronn\u00e9 apporte une sensation de nettoyage permanent et un confort olfactif premium \u00e0 chaque trajet.<\/p>\n<p style=\"text-align: right;\" data-start=\"618\" data-end=\"817\"><strong>\u0639\u0637\u0631 \u0627\u0644\u0633\u064a\u0627\u0631\u0627\u062a \u0644\u064a\u0645\u0648\u0646<\/strong>\u060c \u0645\u0632\u064a\u0644 \u0631\u0648\u0627\u0626\u062d \u0628\u0642\u0627\u0639\u062f\u0629 \u062e\u0634\u0628\u064a\u0629\u060c \u062d\u0644\u0627\u0648\u0629 \u0643\u0644\u0627\u0633\u064a\u0643\u064a\u0629 \u062a\u0628\u0639\u062b \u0639\u0644\u0649 \u0627\u0644\u0631\u0627\u062d\u0629. \u0628\u0631\u0627\u0626\u062d\u0629 \u0627\u0644\u0641\u0648\u0627\u0643\u0647 \u0627\u0644\u062d\u0644\u0648\u0629 \u0648\u0627\u0644\u0645\u0646\u0639\u0634\u0629\u060c \u064a\u0646\u0634\u0631 \u0647\u0630\u0627 \u0627\u0644\u0645\u0639\u0637\u0631 \u0639\u0628\u064a\u0631\u064b\u0627 \u0644\u0630\u064a\u0630\u064b\u0627 \u064a\u062f\u0648\u0645 \u0637\u0648\u064a\u0644\u064b\u0627 \u0641\u064a \u062c\u0645\u064a\u0639 \u0623\u0646\u062d\u0627\u0621 \u0633\u064a\u0627\u0631\u062a\u0643. \u0623\u0646\u064a\u0642 \u0648\u0641\u0639\u0627\u0644 \u0648\u064a\u062f\u0648\u0645 \u0637\u0648\u064a\u0644\u064b\u0627\u060c \u064a\u0636\u0641\u064a \u0639\u0644\u0649 \u0645\u0642\u0635\u0648\u0631\u0629 \u0633\u064a\u0627\u0631\u062a\u0643 \u0631\u0627\u0626\u062d\u0629 \u0641\u0648\u0627\u0643\u0647 \u0645\u0646\u0639\u0634\u0629 \u0648\u0645\u0631\u064a\u062d\u0629. \u0627\u0633\u062a\u0645\u062a\u0639 \u0628\u0627\u0646\u062a\u0639\u0627\u0634 \u0637\u0628\u064a\u0639\u064a \u0648\u0631\u0627\u0626\u062d\u0629 \u0644\u064a\u0645\u0648\u0646 \u0646\u0627\u0628\u0636\u0629 \u0628\u0627\u0644\u062d\u064a\u0627\u0629 \u0648\u0627\u0646\u062a\u0634\u0627\u0631 \u064a\u062f\u0648\u0645 \u0637\u0648\u064a\u0644\u064b\u0627 \u0628\u0641\u0636\u0644 \u0642\u0627\u0639\u062f\u062a\u0647 \u0627\u0644\u062e\u0634\u0628\u064a\u0629. \u064a\u0642\u0636\u064a \u0639\u0644\u0649 \u0627\u0644\u0631\u0648\u0627\u0626\u062d \u0627\u0644\u0643\u0631\u064a\u0647\u0629 \u0648\u064a\u0646\u0642\u064a \u0645\u0642\u0635\u0648\u0631\u0629 \u0627\u0644\u0633\u064a\u0627\u0631\u0629. \u064a\u0646\u0634\u0631 \u0631\u0627\u0626\u062d\u0629 \u0644\u064a\u0645\u0648\u0646 \u0645\u0646\u0639\u0634\u0629 \u0648\u062d\u064a\u0648\u064a\u0629 \u062a\u064f\u063a\u064a\u0631 \u0623\u062c\u0648\u0627\u0621 \u0633\u064a\u0627\u0631\u062a\u0643 \u0639\u0644\u0649 \u0627\u0644\u0641\u0648\u0631. \u0639\u0637\u0631\u0647\u060c \u0627\u0644\u0645\u0633\u062a\u0648\u062d\u0649 \u0645\u0646 \u0627\u0644\u0644\u064a\u0645\u0648\u0646 \u0627\u0644\u0637\u0627\u0632\u062c\u060c \u064a\u0645\u0646\u062d\u0643 \u0634\u0639\u0648\u0631\u064b\u0627 \u0641\u0648\u0631\u064a\u064b\u0627 \u0628\u0627\u0644\u0646\u0638\u0627\u0641\u0629 \u0648\u0627\u0644\u0646\u0642\u0627\u0621. \u0628\u0641\u0636\u0644 \u0642\u0627\u0639\u062f\u062a\u0647 \u0627\u0644\u062e\u0634\u0628\u064a\u0629 \u0627\u0644\u0623\u0646\u064a\u0642\u0629\u060c \u064a\u0636\u0645\u0646 \u0645\u0639\u0637\u0631 \u062c\u0648 \u0627\u0644\u0633\u064a\u0627\u0631\u0629 \u0647\u0630\u0627 \u0627\u0646\u062a\u0634\u0627\u0631\u064b\u0627 \u062a\u062f\u0631\u064a\u062c\u064a\u064b\u0627 \u064a\u062f\u0648\u0645 \u0637\u0648\u064a\u0644\u064b\u0627\u060c \u0645\u0645\u0627 \u064a\u062c\u0639\u0644\u0647 \u0645\u062b\u0627\u0644\u064a\u064b\u0627 \u0644\u0644\u062d\u0641\u0627\u0638 \u0639\u0644\u0649 \u062c\u0648 \u0644\u0637\u064a\u0641 \u0644\u0639\u062f\u0629 \u0623\u0633\u0627\u0628\u064a\u0639. \u064a\u0639\u0645\u0644 \u0645\u0639\u0637\u0631 \u0627\u0644\u062c\u0648 \u0627\u0644\u0641\u0627\u062e\u0631 \u0647\u0630\u0627 \u0639\u0644\u0649 \u062a\u062d\u064a\u064a\u062f \u0627\u0644\u0631\u0648\u0627\u0626\u062d \u0627\u0644\u0643\u0631\u064a\u0647\u0629 \u0628\u0641\u0639\u0627\u0644\u064a\u0629 \u0645\u0639 \u062a\u0648\u0641\u064a\u0631 \u0627\u0646\u062a\u0639\u0627\u0634 \u0637\u0628\u064a\u0639\u064a \u0648\u0645\u0646\u0639\u0634. \u0645\u0632\u0627\u064a\u0627 \u0647\u0630\u0627 \u0627\u0644\u0639\u0637\u0631 \u0628\u0631\u0627\u0626\u062d\u0629 \u0627\u0644\u0644\u064a\u0645\u0648\u0646: \u0631\u0627\u0626\u062d\u0629 \u0644\u064a\u0645\u0648\u0646 \u0645\u0646\u0639\u0634\u0629 \u0648\u0645\u0646\u0634\u0637\u0629\u060c \u0648\u0627\u0646\u062a\u0634\u0627\u0631 \u064a\u062f\u0648\u0645 \u0637\u0648\u064a\u0644\u0627\u064b \u0639\u0644\u0649 \u0627\u0644\u0623\u0633\u0637\u062d \u0627\u0644\u062e\u0634\u0628\u064a\u0629\u060c \u0648\u0625\u0632\u0627\u0644\u0629 \u0641\u0639\u0627\u0644\u0629 \u0644\u0644\u0631\u0648\u0627\u0626\u062d \u0627\u0644\u0643\u0631\u064a\u0647\u0629\u060c \u0648\u062a\u0646\u0642\u064a\u0629 \u062f\u0627\u062e\u0644\u064a\u0629 \u0627\u0644\u0633\u064a\u0627\u0631\u0629 \u0644\u0646\u062a\u0627\u0626\u062c \u062a\u062f\u0648\u0645 \u0637\u0648\u064a\u0644\u0627\u064b\u060c \u0628\u0627\u0644\u0625\u0636\u0627\u0641\u0629 \u0625\u0644\u0649 \u062a\u0635\u0645\u064a\u0645 \u0623\u0646\u064a\u0642 \u0648\u0637\u0628\u064a\u0639\u064a. \u064a\u064f\u0639\u062f \u0647\u0630\u0627 \u0627\u0644\u0639\u0637\u0631 \u0645\u062b\u0627\u0644\u064a\u064b\u0627 \u0644\u0644\u0633\u0627\u0626\u0642\u064a\u0646 \u0627\u0644\u0630\u064a\u0646 \u064a\u0628\u062d\u062b\u0648\u0646 \u0639\u0646 \u0639\u0637\u0631 \u0645\u0646\u0639\u0634 \u0648\u0646\u0638\u064a\u0641 \u0648\u062f\u064a\u0646\u0627\u0645\u064a\u0643\u064a. \u062a\u0645\u0646\u062d \u0631\u0627\u0626\u062d\u0629 \u0627\u0644\u0644\u064a\u0645\u0648\u0646 \u0634\u0639\u0648\u0631\u064b\u0627 \u0628\u0627\u0644\u0646\u0638\u0627\u0641\u0629 \u0627\u0644\u062f\u0627\u0626\u0645\u0629 \u0648\u0631\u0627\u062d\u0629 \u0639\u0637\u0631\u064a\u0629 \u0641\u0627\u0626\u0642\u0629 \u0641\u064a \u0643\u0644 \u0631\u062d\u0644\u0629<\/p>\n<p><iframe loading=\"lazy\" title=\"SELLA\" width=\"500\" height=\"281\" src=\"https:\/\/www.youtube.com\/embed\/9sNQjiv3RdI?feature=oembed\" frameborder=\"0\" allow=\"accelerometer; autoplay; clipboard-write; encrypted-media; gyroscope; picture-in-picture; web-share\" referrerpolicy=\"strict-origin-when-cross-origin\" allowfullscreen><\/iframe><\/p>\n<p>&nbsp;<\/p>\n","protected":false},"excerpt":{"rendered":"<h1 style=\"text-align: center;\">\u0639\u0637\u0631 \u0627\u0644\u0633\u064a\u0627\u0631\u0627\u062a \u0644\u064a\u0645\u0648\u0646<\/h1>\n<p><strong>Parfum voiture CITRON<\/strong>, DEO BOIS, Suavit\u00e9 classique et r\u00e9confortante. fruit\u00e9e, douce et r\u00e9confortante qui diffuse une fra\u00eecheur gourmande durable dans votre habitacle. \u00c9l\u00e9gant, efficace et longue tenue. Il apporte \u00e0 votre habitacle une senteur fruit\u00e9e, fra\u00eeche et d\u00e9licieusement r\u00e9confortante. Apportez une fra\u00eecheur naturelle, senteur citronn\u00e9e vive, <a href=\"https:\/\/www.instagram.com\/p\/DSh_oFmjLfW\/?img_index=1\">diffusion longue<\/a> dur\u00e9e sur support bois, \u00e9limine les odeurs et <a href=\"https:\/\/sella-industrie.com\/fr_fr\/produit\/citron-vert-basilic-%d9%84%d9%8a%d9%85%d9%88%d9%86-%d8%a3%d8%ae%d8%b6%d8%b1-%d9%88%d8%b1%d9%8a%d8%ad%d8%a7%d9%86\/\">purifie<\/a> l\u2019habitacle.<\/p>\n","protected":false},"featured_media":38326,"comment_status":"open","ping_status":"closed","template":"","meta":[],"product_brand":[293,292],"product_cat":[929],"product_tag":[],"class_list":{"0":"post-34662","1":"product","2":"type-product","3":"status-publish","4":"has-post-thumbnail","6":"product_brand-sella","7":"product_brand-v6","8":"product_cat-deo-bois","10":"first","11":"instock","12":"taxable","13":"shipping-taxable","14":"purchasable","15":"product-type-simple"},"yoast_head":"<!-- This site is optimized with the Yoast SEO Premium plugin v27.1 (Yoast SEO v27.4) - https:\/\/yoast.com\/product\/yoast-seo-premium-wordpress\/ -->\n<title>Parfum voiture CITRON - Boutique &quot;V6&quot;<\/title>\n<meta name=\"description\" content=\"Parfum voiture Citron, DEO BOIS : une senteur citronn\u00e9e vive et rafra\u00eechissante sur support bois, id\u00e9ale pour purifier l\u2019habitacle, \u00e9liminer les odeurs.\" \/>\n<meta name=\"robots\" content=\"index, follow, max-snippet:-1, max-image-preview:large, max-video-preview:-1\" \/>\n<link rel=\"canonical\" href=\"https:\/\/sella-industrie.com\/fr_fr\/produit\/parfum-voiture-citron-deo-bois-fraicheur-energie-pure-\u0639\u0637\u0631-\u0627\u0644\u0633\u064a\u0627\u0631\u0627\u062a-\u0644\u064a\u0645\u0648\u0646\/\" \/>\n<meta property=\"og:locale\" content=\"fr_FR\" \/>\n<meta property=\"og:type\" content=\"article\" \/>\n<meta property=\"og:title\" content=\"Parfum voiture CITRON\" \/>\n<meta property=\"og:description\" content=\"Parfum voiture Citron, DEO BOIS : une senteur citronn\u00e9e vive et rafra\u00eechissante sur support bois, id\u00e9ale pour purifier l\u2019habitacle, \u00e9liminer les odeurs.\" \/>\n<meta property=\"og:url\" content=\"https:\/\/sella-industrie.com\/fr_fr\/produit\/parfum-voiture-citron-deo-bois-fraicheur-energie-pure-\u0639\u0637\u0631-\u0627\u0644\u0633\u064a\u0627\u0631\u0627\u062a-\u0644\u064a\u0645\u0648\u0646\/\" \/>\n<meta property=\"og:site_name\" content=\"Boutique &quot;V6&quot;\" \/>\n<meta property=\"article:modified_time\" content=\"2026-04-15T15:07:30+00:00\" \/>\n<meta property=\"og:image\" content=\"https:\/\/sella-industrie.com\/wp-content\/uploads\/2025\/06\/CITRON2-DEO-.webp\" \/>\n\t<meta property=\"og:image:width\" content=\"1000\" \/>\n\t<meta property=\"og:image:height\" content=\"1000\" \/>\n\t<meta property=\"og:image:type\" content=\"image\/webp\" \/>\n<meta name=\"twitter:card\" content=\"summary_large_image\" \/>\n<meta name=\"twitter:label1\" content=\"Prix\" \/>\n\t<meta name=\"twitter:data1\" content=\"&#x62f;.&#x62c;&nbsp;450\" \/>\n\t<meta name=\"twitter:label2\" content=\"Disponibilit\u00e9\" \/>\n\t<meta name=\"twitter:data2\" content=\"En stock\" \/>\n<script type=\"application\/ld+json\" class=\"yoast-schema-graph\">{\"@context\":\"https:\\\/\\\/schema.org\",\"@graph\":[{\"@type\":\"WebPage\",\"@id\":\"https:\\\/\\\/sella-industrie.com\\\/produit\\\/parfum-voiture-citron-deo-bois-fraicheur-energie-pure-%d8%b9%d8%b7%d8%b1-%d8%a7%d9%84%d8%b3%d9%8a%d8%a7%d8%b1%d8%a7%d8%aa-%d9%84%d9%8a%d9%85%d9%88%d9%86\\\/\",\"url\":\"https:\\\/\\\/sella-industrie.com\\\/produit\\\/parfum-voiture-citron-deo-bois-fraicheur-energie-pure-%d8%b9%d8%b7%d8%b1-%d8%a7%d9%84%d8%b3%d9%8a%d8%a7%d8%b1%d8%a7%d8%aa-%d9%84%d9%8a%d9%85%d9%88%d9%86\\\/\",\"name\":\"Parfum voiture CITRON - Boutique &quot;V6&quot;\",\"isPartOf\":{\"@id\":\"https:\\\/\\\/sella-industrie.com\\\/#website\"},\"primaryImageOfPage\":{\"@id\":\"https:\\\/\\\/sella-industrie.com\\\/produit\\\/parfum-voiture-citron-deo-bois-fraicheur-energie-pure-%d8%b9%d8%b7%d8%b1-%d8%a7%d9%84%d8%b3%d9%8a%d8%a7%d8%b1%d8%a7%d8%aa-%d9%84%d9%8a%d9%85%d9%88%d9%86\\\/#primaryimage\"},\"image\":{\"@id\":\"https:\\\/\\\/sella-industrie.com\\\/produit\\\/parfum-voiture-citron-deo-bois-fraicheur-energie-pure-%d8%b9%d8%b7%d8%b1-%d8%a7%d9%84%d8%b3%d9%8a%d8%a7%d8%b1%d8%a7%d8%aa-%d9%84%d9%8a%d9%85%d9%88%d9%86\\\/#primaryimage\"},\"thumbnailUrl\":\"https:\\\/\\\/sella-industrie.com\\\/wp-content\\\/uploads\\\/2025\\\/06\\\/CITRON2-DEO-.webp\",\"datePublished\":\"2025-06-26T19:40:34+00:00\",\"dateModified\":\"2026-04-15T15:07:30+00:00\",\"description\":\"Parfum voiture Citron, DEO BOIS : une senteur citronn\u00e9e vive et rafra\u00eechissante sur support bois, id\u00e9ale pour purifier l\u2019habitacle, \u00e9liminer les odeurs.\",\"breadcrumb\":{\"@id\":\"https:\\\/\\\/sella-industrie.com\\\/produit\\\/parfum-voiture-citron-deo-bois-fraicheur-energie-pure-%d8%b9%d8%b7%d8%b1-%d8%a7%d9%84%d8%b3%d9%8a%d8%a7%d8%b1%d8%a7%d8%aa-%d9%84%d9%8a%d9%85%d9%88%d9%86\\\/#breadcrumb\"},\"inLanguage\":\"fr-FR\",\"potentialAction\":[{\"@type\":\"ReadAction\",\"target\":[\"https:\\\/\\\/sella-industrie.com\\\/produit\\\/parfum-voiture-citron-deo-bois-fraicheur-energie-pure-%d8%b9%d8%b7%d8%b1-%d8%a7%d9%84%d8%b3%d9%8a%d8%a7%d8%b1%d8%a7%d8%aa-%d9%84%d9%8a%d9%85%d9%88%d9%86\\\/\"]}]},{\"@type\":\"ImageObject\",\"inLanguage\":\"fr-FR\",\"@id\":\"https:\\\/\\\/sella-industrie.com\\\/produit\\\/parfum-voiture-citron-deo-bois-fraicheur-energie-pure-%d8%b9%d8%b7%d8%b1-%d8%a7%d9%84%d8%b3%d9%8a%d8%a7%d8%b1%d8%a7%d8%aa-%d9%84%d9%8a%d9%85%d9%88%d9%86\\\/#primaryimage\",\"url\":\"https:\\\/\\\/sella-industrie.com\\\/wp-content\\\/uploads\\\/2025\\\/06\\\/CITRON2-DEO-.webp\",\"contentUrl\":\"https:\\\/\\\/sella-industrie.com\\\/wp-content\\\/uploads\\\/2025\\\/06\\\/CITRON2-DEO-.webp\",\"width\":1000,\"height\":1000,\"caption\":\"Parfum voiture CITRON\"},{\"@type\":\"BreadcrumbList\",\"@id\":\"https:\\\/\\\/sella-industrie.com\\\/produit\\\/parfum-voiture-citron-deo-bois-fraicheur-energie-pure-%d8%b9%d8%b7%d8%b1-%d8%a7%d9%84%d8%b3%d9%8a%d8%a7%d8%b1%d8%a7%d8%aa-%d9%84%d9%8a%d9%85%d9%88%d9%86\\\/#breadcrumb\",\"itemListElement\":[{\"@type\":\"ListItem\",\"position\":1,\"name\":\"Accueil\",\"item\":\"https:\\\/\\\/sella-industrie.com\\\/fr_fr\\\/\"},{\"@type\":\"ListItem\",\"position\":2,\"name\":\"Shop\",\"item\":\"https:\\\/\\\/sella-industrie.com\\\/fr_fr\\\/shop\\\/\"},{\"@type\":\"ListItem\",\"position\":3,\"name\":\"DEO BOIS\",\"item\":\"https:\\\/\\\/sella-industrie.com\\\/categorie-produit\\\/deo-bois\\\/\"},{\"@type\":\"ListItem\",\"position\":4,\"name\":\"Parfum voiture CITRON\"}]},{\"@type\":\"WebSite\",\"@id\":\"https:\\\/\\\/sella-industrie.com\\\/#website\",\"url\":\"https:\\\/\\\/sella-industrie.com\\\/\",\"name\":\"Boutique &quot;V6&quot;\",\"description\":\"We care for your car\",\"publisher\":{\"@id\":\"https:\\\/\\\/sella-industrie.com\\\/#organization\"},\"potentialAction\":[{\"@type\":\"SearchAction\",\"target\":{\"@type\":\"EntryPoint\",\"urlTemplate\":\"https:\\\/\\\/sella-industrie.com\\\/?s={search_term_string}\"},\"query-input\":{\"@type\":\"PropertyValueSpecification\",\"valueRequired\":true,\"valueName\":\"search_term_string\"}}],\"inLanguage\":\"fr-FR\"},{\"@type\":\"Organization\",\"@id\":\"https:\\\/\\\/sella-industrie.com\\\/#organization\",\"name\":\"Boutique &quot;V6&quot;\",\"url\":\"https:\\\/\\\/sella-industrie.com\\\/\",\"logo\":{\"@type\":\"ImageObject\",\"inLanguage\":\"fr-FR\",\"@id\":\"https:\\\/\\\/sella-industrie.com\\\/#\\\/schema\\\/logo\\\/image\\\/\",\"url\":\"\",\"contentUrl\":\"\",\"caption\":\"Boutique &quot;V6&quot;\"},\"image\":{\"@id\":\"https:\\\/\\\/sella-industrie.com\\\/#\\\/schema\\\/logo\\\/image\\\/\"}}]}<\/script>\n<meta property=\"product:price:amount\" content=\"450\" \/>\n<meta property=\"product:price:currency\" content=\"DZD\" \/>\n<meta property=\"og:availability\" content=\"instock\" \/>\n<meta property=\"product:availability\" content=\"instock\" \/>\n<meta property=\"product:condition\" content=\"new\" \/>\n<!-- \/ Yoast SEO Premium plugin. -->","yoast_head_json":{"title":"Parfum voiture CITRON - Boutique &quot;V6&quot;","description":"Parfum voiture Citron, DEO BOIS : une senteur citronn\u00e9e vive et rafra\u00eechissante sur support bois, id\u00e9ale pour purifier l\u2019habitacle, \u00e9liminer les odeurs.","robots":{"index":"index","follow":"follow","max-snippet":"max-snippet:-1","max-image-preview":"max-image-preview:large","max-video-preview":"max-video-preview:-1"},"canonical":"https:\/\/sella-industrie.com\/fr_fr\/produit\/parfum-voiture-citron-deo-bois-fraicheur-energie-pure-\u0639\u0637\u0631-\u0627\u0644\u0633\u064a\u0627\u0631\u0627\u062a-\u0644\u064a\u0645\u0648\u0646\/","og_locale":"fr_FR","og_type":"article","og_title":"Parfum voiture CITRON","og_description":"Parfum voiture Citron, DEO BOIS : une senteur citronn\u00e9e vive et rafra\u00eechissante sur support bois, id\u00e9ale pour purifier l\u2019habitacle, \u00e9liminer les odeurs.","og_url":"https:\/\/sella-industrie.com\/fr_fr\/produit\/parfum-voiture-citron-deo-bois-fraicheur-energie-pure-\u0639\u0637\u0631-\u0627\u0644\u0633\u064a\u0627\u0631\u0627\u062a-\u0644\u064a\u0645\u0648\u0646\/","og_site_name":"Boutique &quot;V6&quot;","article_modified_time":"2026-04-15T15:07:30+00:00","og_image":[{"width":1000,"height":1000,"url":"https:\/\/sella-industrie.com\/wp-content\/uploads\/2025\/06\/CITRON2-DEO-.webp","type":"image\/webp"}],"twitter_card":"summary_large_image","twitter_misc":{"Prix":"&#x62f;.&#x62c;&nbsp;450","Disponibilit\u00e9":"En stock"},"schema":{"@context":"https:\/\/schema.org","@graph":[{"@type":"WebPage","@id":"https:\/\/sella-industrie.com\/produit\/parfum-voiture-citron-deo-bois-fraicheur-energie-pure-%d8%b9%d8%b7%d8%b1-%d8%a7%d9%84%d8%b3%d9%8a%d8%a7%d8%b1%d8%a7%d8%aa-%d9%84%d9%8a%d9%85%d9%88%d9%86\/","url":"https:\/\/sella-industrie.com\/produit\/parfum-voiture-citron-deo-bois-fraicheur-energie-pure-%d8%b9%d8%b7%d8%b1-%d8%a7%d9%84%d8%b3%d9%8a%d8%a7%d8%b1%d8%a7%d8%aa-%d9%84%d9%8a%d9%85%d9%88%d9%86\/","name":"Parfum voiture CITRON - Boutique &quot;V6&quot;","isPartOf":{"@id":"https:\/\/sella-industrie.com\/#website"},"primaryImageOfPage":{"@id":"https:\/\/sella-industrie.com\/produit\/parfum-voiture-citron-deo-bois-fraicheur-energie-pure-%d8%b9%d8%b7%d8%b1-%d8%a7%d9%84%d8%b3%d9%8a%d8%a7%d8%b1%d8%a7%d8%aa-%d9%84%d9%8a%d9%85%d9%88%d9%86\/#primaryimage"},"image":{"@id":"https:\/\/sella-industrie.com\/produit\/parfum-voiture-citron-deo-bois-fraicheur-energie-pure-%d8%b9%d8%b7%d8%b1-%d8%a7%d9%84%d8%b3%d9%8a%d8%a7%d8%b1%d8%a7%d8%aa-%d9%84%d9%8a%d9%85%d9%88%d9%86\/#primaryimage"},"thumbnailUrl":"https:\/\/sella-industrie.com\/wp-content\/uploads\/2025\/06\/CITRON2-DEO-.webp","datePublished":"2025-06-26T19:40:34+00:00","dateModified":"2026-04-15T15:07:30+00:00","description":"Parfum voiture Citron, DEO BOIS : une senteur citronn\u00e9e vive et rafra\u00eechissante sur support bois, id\u00e9ale pour purifier l\u2019habitacle, \u00e9liminer les odeurs.","breadcrumb":{"@id":"https:\/\/sella-industrie.com\/produit\/parfum-voiture-citron-deo-bois-fraicheur-energie-pure-%d8%b9%d8%b7%d8%b1-%d8%a7%d9%84%d8%b3%d9%8a%d8%a7%d8%b1%d8%a7%d8%aa-%d9%84%d9%8a%d9%85%d9%88%d9%86\/#breadcrumb"},"inLanguage":"fr-FR","potentialAction":[{"@type":"ReadAction","target":["https:\/\/sella-industrie.com\/produit\/parfum-voiture-citron-deo-bois-fraicheur-energie-pure-%d8%b9%d8%b7%d8%b1-%d8%a7%d9%84%d8%b3%d9%8a%d8%a7%d8%b1%d8%a7%d8%aa-%d9%84%d9%8a%d9%85%d9%88%d9%86\/"]}]},{"@type":"ImageObject","inLanguage":"fr-FR","@id":"https:\/\/sella-industrie.com\/produit\/parfum-voiture-citron-deo-bois-fraicheur-energie-pure-%d8%b9%d8%b7%d8%b1-%d8%a7%d9%84%d8%b3%d9%8a%d8%a7%d8%b1%d8%a7%d8%aa-%d9%84%d9%8a%d9%85%d9%88%d9%86\/#primaryimage","url":"https:\/\/sella-industrie.com\/wp-content\/uploads\/2025\/06\/CITRON2-DEO-.webp","contentUrl":"https:\/\/sella-industrie.com\/wp-content\/uploads\/2025\/06\/CITRON2-DEO-.webp","width":1000,"height":1000,"caption":"Parfum voiture CITRON"},{"@type":"BreadcrumbList","@id":"https:\/\/sella-industrie.com\/produit\/parfum-voiture-citron-deo-bois-fraicheur-energie-pure-%d8%b9%d8%b7%d8%b1-%d8%a7%d9%84%d8%b3%d9%8a%d8%a7%d8%b1%d8%a7%d8%aa-%d9%84%d9%8a%d9%85%d9%88%d9%86\/#breadcrumb","itemListElement":[{"@type":"ListItem","position":1,"name":"Accueil","item":"https:\/\/sella-industrie.com\/fr_fr\/"},{"@type":"ListItem","position":2,"name":"Shop","item":"https:\/\/sella-industrie.com\/fr_fr\/shop\/"},{"@type":"ListItem","position":3,"name":"DEO BOIS","item":"https:\/\/sella-industrie.com\/categorie-produit\/deo-bois\/"},{"@type":"ListItem","position":4,"name":"Parfum voiture CITRON"}]},{"@type":"WebSite","@id":"https:\/\/sella-industrie.com\/#website","url":"https:\/\/sella-industrie.com\/","name":"Boutique &quot;V6&quot;","description":"We care for your car","publisher":{"@id":"https:\/\/sella-industrie.com\/#organization"},"potentialAction":[{"@type":"SearchAction","target":{"@type":"EntryPoint","urlTemplate":"https:\/\/sella-industrie.com\/?s={search_term_string}"},"query-input":{"@type":"PropertyValueSpecification","valueRequired":true,"valueName":"search_term_string"}}],"inLanguage":"fr-FR"},{"@type":"Organization","@id":"https:\/\/sella-industrie.com\/#organization","name":"Boutique &quot;V6&quot;","url":"https:\/\/sella-industrie.com\/","logo":{"@type":"ImageObject","inLanguage":"fr-FR","@id":"https:\/\/sella-industrie.com\/#\/schema\/logo\/image\/","url":"","contentUrl":"","caption":"Boutique &quot;V6&quot;"},"image":{"@id":"https:\/\/sella-industrie.com\/#\/schema\/logo\/image\/"}}]},"product_price_amount":"450","product_price_currency":"DZD","og_availability":"instock","product_availability":"instock","product_condition":"new"},"_links":{"self":[{"href":"https:\/\/sella-industrie.com\/fr_fr\/wp-json\/wp\/v2\/product\/34662","targetHints":{"allow":["GET"]}}],"collection":[{"href":"https:\/\/sella-industrie.com\/fr_fr\/wp-json\/wp\/v2\/product"}],"about":[{"href":"https:\/\/sella-industrie.com\/fr_fr\/wp-json\/wp\/v2\/types\/product"}],"replies":[{"embeddable":true,"href":"https:\/\/sella-industrie.com\/fr_fr\/wp-json\/wp\/v2\/comments?post=34662"}],"wp:featuredmedia":[{"embeddable":true,"href":"https:\/\/sella-industrie.com\/fr_fr\/wp-json\/wp\/v2\/media\/38326"}],"wp:attachment":[{"href":"https:\/\/sella-industrie.com\/fr_fr\/wp-json\/wp\/v2\/media?parent=34662"}],"wp:term":[{"taxonomy":"product_brand","embeddable":true,"href":"https:\/\/sella-industrie.com\/fr_fr\/wp-json\/wp\/v2\/product_brand?post=34662"},{"taxonomy":"product_cat","embeddable":true,"href":"https:\/\/sella-industrie.com\/fr_fr\/wp-json\/wp\/v2\/product_cat?post=34662"},{"taxonomy":"product_tag","embeddable":true,"href":"https:\/\/sella-industrie.com\/fr_fr\/wp-json\/wp\/v2\/product_tag?post=34662"}],"curies":[{"name":"wp","href":"https:\/\/api.w.org\/{rel}","templated":true}]}}