{"id":34597,"date":"2025-06-26T15:06:44","date_gmt":"2025-06-26T15:06:44","guid":{"rendered":"https:\/\/sellaindustrie.com\/?post_type=product&#038;p=34597"},"modified":"2026-04-16T14:44:29","modified_gmt":"2026-04-16T14:44:29","slug":"parfum-voiture-aqua-oregon-spray-%d8%b9%d8%b7%d8%b1-%d8%a7%d9%84%d8%b3%d9%8a%d8%a7%d8%b1%d8%a7%d8%aa-%d8%a3%d9%83%d9%88%d8%a7","status":"publish","type":"product","link":"https:\/\/sella-industrie.com\/fr_fr\/produit\/parfum-voiture-aqua-oregon-spray-%d8%b9%d8%b7%d8%b1-%d8%a7%d9%84%d8%b3%d9%8a%d8%a7%d8%b1%d8%a7%d8%aa-%d8%a3%d9%83%d9%88%d8%a7\/","title":{"rendered":"Parfum voiture AQUA"},"content":{"rendered":"<h2 style=\"text-align: center;\">Parfum voiture AQUA \u0639\u0637\u0631 \u0627\u0644\u0633\u064a\u0627\u0631\u0627\u062a \u0623\u0643\u0648\u0627<\/h2>\n<p style=\"text-align: left;\"><strong>Parfum voiture AQUA<\/strong>, OREGON SPRAY, \u00e9l\u00e9gance intemporelle et raffinement, Spray Vaporisateur Maisons et Voitures, Fra\u00eecheur vive et \u00e9nergie pure. Apportez une <a href=\"https:\/\/sella-industrie.com\/fr_fr\/produit\/voyage-%d8%b3%d9%81%d8%b1\/\">sensation<\/a> imm\u00e9diate de propret\u00e9, fra\u00eecheur et vitalit\u00e9 \u00e0 votre quotidien avec le spray <a href=\"https:\/\/www.instagram.com\/v6_accessoires_auto?igsh=aXE2NjUwOG5xNnQz\" target=\"_blank\" rel=\"noopener\">vaporisateur<\/a>, sp\u00e9cialement con\u00e7u pour parfumer durablement la maison et l\u2019habitacle de votre voiture et maison. Une fra\u00eecheur vive et \u00e9nergisante pour purifier et dynamiser votre int\u00e9rieur et votre v\u00e9hicule. Diffuse une fra\u00eecheur vive et une \u00e9nergie pure d\u00e8s la premi\u00e8re pulv\u00e9risation. Inspir\u00e9 par la puret\u00e9 de l\u2019eau et la brise marine, il transforme instantan\u00e9ment l\u2019atmosph\u00e8re de votre maison ou de votre voiture. Pratique, efficace et longue dur\u00e9e, ce spray parfum\u00e9 cr\u00e9e un environnement propre, dynamique et rafra\u00eechissant. diffuse une fra\u00eecheur vive et \u00e9nergisante inspir\u00e9e de la puret\u00e9 de l\u2019eau et de la brise marine. D\u00e8s la premi\u00e8re pulv\u00e9risation, il apporte une sensation imm\u00e9diate de propret\u00e9, vitalit\u00e9 et fra\u00eecheur durable dans votre voiture comme dans votre maison. Sa formule premium a \u00e9t\u00e9 pens\u00e9e pour parfumer durablement l\u2019habitacle, les textiles et les espaces de vie, tout en cr\u00e9ant une atmosph\u00e8re propre, dynamique et rafra\u00eechissante. Fragrance marine fra\u00eeche et tonique, effet propre imm\u00e9diat, spray multi-usage voiture et maison, diffusion homog\u00e8ne longue dur\u00e9e, neutralise efficacement les mauvaises odeurs. <span role=\"text\">Une ambiance pure et revitalisante dans tous vos espaces. <\/span>Avec son parfum inspir\u00e9 de la mer et de l\u2019eau pure, le spray parfum\u00e9 Aqua Oregon transforme instantan\u00e9ment l\u2019atmosph\u00e8re de votre v\u00e9hicule ou de votre int\u00e9rieur. Il convient parfaitement aux utilisateurs recherchant un d\u00e9sodorisant frais, moderne et \u00e9nergisant pour un usage quotidien.<\/p>\n<p style=\"text-align: right;\"><strong>\u0639\u0637\u0631 \u0627\u0644\u0633\u064a\u0627\u0631\u0627\u062a \u0623\u0643\u0648\u0627<\/strong>\u060c \u0628\u062e\u0627\u062e \u0623\u0648\u0631\u064a\u063a\u0648\u0646\u060c \u0623\u0646\u0627\u0642\u0629 \u0648\u0631\u0642\u064a \u062e\u0627\u0644\u062f\u064a\u0646\u060c \u0628\u062e\u0627\u062e \u0644\u0644\u0645\u0646\u0632\u0644 \u0648\u0627\u0644\u0633\u064a\u0627\u0631\u0629\u060c \u0627\u0646\u062a\u0639\u0627\u0634 \u0646\u0627\u0628\u0636 \u0628\u0627\u0644\u062d\u064a\u0627\u0629 \u0648\u0637\u0627\u0642\u0629 \u0646\u0642\u064a\u0629. \u0623\u0636\u0641 \u0634\u0639\u0648\u0631\u064b\u0627 \u0641\u0648\u0631\u064a\u064b\u0627 \u0628\u0627\u0644\u0646\u0638\u0627\u0641\u0629 \u0648\u0627\u0644\u0627\u0646\u062a\u0639\u0627\u0634 \u0648\u0627\u0644\u062d\u064a\u0648\u064a\u0629 \u0625\u0644\u0649 \u062d\u064a\u0627\u062a\u0643 \u0627\u0644\u064a\u0648\u0645\u064a\u0629 \u0645\u0639 \u0647\u0630\u0627 \u0627\u0644\u0628\u062e\u0627\u062e\u060c \u0627\u0644\u0645\u0635\u0645\u0645 \u062e\u0635\u064a\u0635\u064b\u0627 \u0644\u062a\u0639\u0637\u064a\u0631 \u0645\u0646\u0632\u0644\u0643 \u0648\u0633\u064a\u0627\u0631\u062a\u0643 \u0644\u0641\u062a\u0631\u0629 \u0637\u0648\u064a\u0644\u0629. \u0627\u0646\u062a\u0639\u0627\u0634 \u0646\u0627\u0628\u0636 \u0628\u0627\u0644\u062d\u064a\u0627\u0629 \u0648\u0645\u0646\u0639\u0634 \u0644\u062a\u0646\u0642\u064a\u0629 \u0648\u062a\u0646\u0634\u064a\u0637 \u0645\u0642\u0635\u0648\u0631\u0629 \u0633\u064a\u0627\u0631\u062a\u0643. \u064a\u0646\u0634\u0631 \u0627\u0646\u062a\u0639\u0627\u0634\u064b\u0627 \u0646\u0627\u0628\u0636\u064b\u0627 \u0628\u0627\u0644\u062d\u064a\u0627\u0629 \u0648\u0637\u0627\u0642\u0629 \u0646\u0642\u064a\u0629 \u0645\u0646 \u0623\u0648\u0644 \u0631\u0634\u0629. \u0645\u0633\u062a\u0648\u062d\u0649 \u0645\u0646 \u0646\u0642\u0627\u0621 \u0627\u0644\u0645\u0627\u0621 \u0648\u0646\u0633\u064a\u0645 \u0627\u0644\u0628\u062d\u0631\u060c \u0641\u0647\u0648 \u064a\u063a\u064a\u0631 \u062c\u0648 \u0645\u0646\u0632\u0644\u0643 \u0623\u0648 \u0633\u064a\u0627\u0631\u062a\u0643 \u0639\u0644\u0649 \u0627\u0644\u0641\u0648\u0631. \u0639\u0645\u0644\u064a \u0648\u0641\u0639\u0627\u0644 \u0648\u064a\u062f\u0648\u0645 \u0637\u0648\u064a\u0644\u064b\u0627\u060c \u064a\u062e\u0644\u0642 \u0628\u062e\u0627\u062e \u0627\u0644\u0639\u0637\u0631 \u0647\u0630\u0627 \u0628\u064a\u0626\u0629 \u0646\u0638\u064a\u0641\u0629 \u0648\u062d\u064a\u0648\u064a\u0629 \u0648\u0645\u0646\u0639\u0634\u0629. \u064a\u0646\u0634\u0631 \u0627\u0646\u062a\u0639\u0627\u0634\u064b\u0627 \u0646\u0627\u0628\u0636\u064b\u0627 \u0628\u0627\u0644\u062d\u064a\u0627\u0629 \u0648\u0645\u0646\u0639\u0634\u064b\u0627 \u0645\u0633\u062a\u0648\u062d\u0649 \u0645\u0646 \u0646\u0642\u0627\u0621 \u0627\u0644\u0645\u0627\u0621 \u0648\u0646\u0633\u064a\u0645 \u0627\u0644\u0628\u062d\u0631. \u0645\u0646 \u0623\u0648\u0644 \u0631\u0634\u0629\u060c \u064a\u0645\u0646\u062d\u0643 \u0634\u0639\u0648\u0631\u064b\u0627 \u0641\u0648\u0631\u064a\u064b\u0627 \u0628\u0627\u0644\u0646\u0638\u0627\u0641\u0629 \u0648\u0627\u0644\u062d\u064a\u0648\u064a\u0629 \u0648\u0627\u0644\u0627\u0646\u062a\u0639\u0627\u0634 \u0627\u0644\u062f\u0627\u0626\u0645 \u0644\u0633\u064a\u0627\u0631\u062a\u0643 \u0648\u0645\u0646\u0632\u0644\u0643. \u0635\u064f\u0645\u0645\u062a \u062a\u0631\u0643\u064a\u0628\u062a\u0647 \u0627\u0644\u0645\u0645\u064a\u0632\u0629 \u0644\u062a\u0648\u0641\u064a\u0631 \u0639\u0637\u0631 \u064a\u062f\u0648\u0645 \u0637\u0648\u064a\u0644\u0627\u064b \u0644\u062f\u0627\u062e\u0644\u064a\u0629 \u0633\u064a\u0627\u0631\u062a\u0643\u060c \u0648\u0623\u0642\u0645\u0634\u0629 \u0645\u0646\u0632\u0644\u0643\u060c \u0648\u0623\u0645\u0627\u0643\u0646 \u0645\u0639\u064a\u0634\u062a\u0643\u060c \u0644\u064a\u062e\u0644\u0642 \u062c\u0648\u0627\u064b \u0646\u0638\u064a\u0641\u0627\u064b \u0648\u062d\u064a\u0648\u064a\u0627\u064b \u0648\u0645\u0646\u0639\u0634\u0627\u064b. \u0628\u0641\u0636\u0644 \u0631\u0627\u0626\u062d\u062a\u0647 \u0627\u0644\u0628\u062d\u0631\u064a\u0629 \u0627\u0644\u0645\u0646\u0639\u0634\u0629 \u0648\u0627\u0644\u0645\u0646\u0634\u0637\u0629\u060c \u0648\u062a\u0623\u062b\u064a\u0631\u0647 \u0627\u0644\u0645\u0646\u0638\u0641 \u0627\u0644\u0641\u0648\u0631\u064a\u060c \u0648\u0631\u0630\u0627\u0630\u0647 \u0645\u062a\u0639\u062f\u062f \u0627\u0644\u0627\u0633\u062a\u062e\u062f\u0627\u0645\u0627\u062a \u0644\u0644\u0633\u064a\u0627\u0631\u0629 \u0648\u0627\u0644\u0645\u0646\u0632\u0644\u060c \u0648\u0627\u0646\u062a\u0634\u0627\u0631\u0647 \u0627\u0644\u0645\u062a\u0633\u0627\u0648\u064a \u0637\u0648\u064a\u0644 \u0627\u0644\u0623\u0645\u062f\u060c \u0648\u0642\u062f\u0631\u062a\u0647 \u0627\u0644\u0641\u0639\u0627\u0644\u0629 \u0639\u0644\u0649 \u062a\u062d\u064a\u064a\u062f \u0627\u0644\u0631\u0648\u0627\u0626\u062d \u0627\u0644\u0643\u0631\u064a\u0647\u0629\u060c \u064a\u064f\u0636\u0641\u064a \u0623\u0643\u0648\u0627 \u0623\u0648\u0631\u064a\u063a\u0648\u0646 \u0623\u062c\u0648\u0627\u0621\u064b \u0646\u0642\u064a\u0629 \u0648\u0645\u0646\u0639\u0634\u0629 \u0639\u0644\u0649 \u062c\u0645\u064a\u0639 \u0645\u0633\u0627\u062d\u0627\u062a\u0643. \u0645\u0633\u062a\u0648\u062d\u0649 \u0645\u0646 \u0627\u0644\u0628\u062d\u0631 \u0648\u0645\u064a\u0627\u0647\u0647 \u0627\u0644\u0646\u0642\u064a\u0629\u060c \u064a\u064f\u063a\u064a\u0631 \u0631\u0630\u0627\u0630 \u0639\u0637\u0631 \u0623\u0643\u0648\u0627 \u0623\u0648\u0631\u064a\u063a\u0648\u0646 \u062c\u0648 \u0633\u064a\u0627\u0631\u062a\u0643 \u0623\u0648 \u0645\u0646\u0632\u0644\u0643 \u0639\u0644\u0649 \u0627\u0644\u0641\u0648\u0631. \u0625\u0646\u0647 \u0645\u062b\u0627\u0644\u064a \u0644\u0645\u0646 \u064a\u0628\u062d\u062b\u0648\u0646 \u0639\u0646 \u0645\u0639\u0637\u0631 \u062c\u0648 \u0645\u0646\u0639\u0634 \u0648\u0639\u0635\u0631\u064a \u0648\u0645\u0646\u0634\u0637 \u0644\u0644\u0627\u0633\u062a\u062e\u062f\u0627\u0645 \u0627\u0644\u064a\u0648\u0645\u064a<\/p>\n<p><iframe loading=\"lazy\" title=\"SELLA\" width=\"500\" height=\"281\" src=\"https:\/\/www.youtube.com\/embed\/tYZcFJHG1d4?feature=oembed\" frameborder=\"0\" allow=\"accelerometer; autoplay; clipboard-write; encrypted-media; gyroscope; picture-in-picture; web-share\" referrerpolicy=\"strict-origin-when-cross-origin\" allowfullscreen><\/iframe><\/p>\n<p>&nbsp;<\/p>\n","protected":false},"excerpt":{"rendered":"<h2 style=\"text-align: center;\">\u0639\u0637\u0631 \u0627\u0644\u0633\u064a\u0627\u0631\u0627\u062a \u0623\u0643\u0648\u0627<\/h2>\n<p style=\"text-align: left;\"><strong>Parfum voiture AQUA<\/strong>, OREGON SPRAY, \u00e9l\u00e9gance intemporelle et raffinement, Spray Vaporisateur Maisons et Voitures, Fra\u00eecheur vive et \u00e9nergie pure. Apportez une <a href=\"https:\/\/sella-industrie.com\/fr_fr\/produit\/voyage-%d8%b3%d9%81%d8%b1\/\">sensation<\/a> imm\u00e9diate de propret\u00e9, fra\u00eecheur et vitalit\u00e9 \u00e0 votre quotidien avec le spray <a href=\"https:\/\/www.instagram.com\/v6_accessoires_auto?igsh=aXE2NjUwOG5xNnQz\">vaporisateur<\/a>, sp\u00e9cialement con\u00e7u pour parfumer durablement la maison et l\u2019habitacle de votre voiture et maison.<\/p>\n","protected":false},"featured_media":38352,"comment_status":"open","ping_status":"closed","template":"","meta":[],"product_brand":[293],"product_cat":[932],"product_tag":[],"class_list":{"0":"post-34597","1":"product","2":"type-product","3":"status-publish","4":"has-post-thumbnail","6":"product_brand-sella","7":"product_cat-oregon-spray","9":"first","10":"instock","11":"taxable","12":"shipping-taxable","13":"purchasable","14":"product-type-simple"},"yoast_head":"<!-- This site is optimized with the Yoast SEO Premium plugin v27.1 (Yoast SEO v27.4) - https:\/\/yoast.com\/product\/yoast-seo-premium-wordpress\/ -->\n<title>Parfum voiture AQUA - Boutique &quot;V6&quot;<\/title>\n<meta name=\"description\" content=\"D\u00e9couvrez le Parfum AQUA Spray Vaporisateur Maisons et Voitures : une fra\u00eecheur vive et \u00e9nergisante pour purifier et dynamiser votre v\u00e9hicule.\" \/>\n<meta name=\"robots\" content=\"index, follow, max-snippet:-1, max-image-preview:large, max-video-preview:-1\" \/>\n<link rel=\"canonical\" href=\"https:\/\/sella-industrie.com\/fr_fr\/produit\/parfum-voiture-aqua-oregon-spray-\u0639\u0637\u0631-\u0627\u0644\u0633\u064a\u0627\u0631\u0627\u062a-\u0623\u0643\u0648\u0627\/\" \/>\n<meta property=\"og:locale\" content=\"fr_FR\" \/>\n<meta property=\"og:type\" content=\"article\" \/>\n<meta property=\"og:title\" content=\"Parfum voiture AQUA\" \/>\n<meta property=\"og:description\" content=\"D\u00e9couvrez le Parfum AQUA Spray Vaporisateur Maisons et Voitures : une fra\u00eecheur vive et \u00e9nergisante pour purifier et dynamiser votre v\u00e9hicule.\" \/>\n<meta property=\"og:url\" content=\"https:\/\/sella-industrie.com\/fr_fr\/produit\/parfum-voiture-aqua-oregon-spray-\u0639\u0637\u0631-\u0627\u0644\u0633\u064a\u0627\u0631\u0627\u062a-\u0623\u0643\u0648\u0627\/\" \/>\n<meta property=\"og:site_name\" content=\"Boutique &quot;V6&quot;\" \/>\n<meta property=\"article:modified_time\" content=\"2026-04-16T14:44:29+00:00\" \/>\n<meta property=\"og:image\" content=\"https:\/\/sella-industrie.com\/wp-content\/uploads\/2025\/06\/AQUA-BOITE-ORGSP-.webp\" \/>\n\t<meta property=\"og:image:width\" content=\"1000\" \/>\n\t<meta property=\"og:image:height\" content=\"1000\" \/>\n\t<meta property=\"og:image:type\" content=\"image\/webp\" \/>\n<meta name=\"twitter:card\" content=\"summary_large_image\" \/>\n<meta name=\"twitter:label1\" content=\"Prix\" \/>\n\t<meta name=\"twitter:data1\" content=\"&#x62f;.&#x62c;&nbsp;850\" \/>\n\t<meta name=\"twitter:label2\" content=\"Disponibilit\u00e9\" \/>\n\t<meta name=\"twitter:data2\" content=\"En stock\" \/>\n<script type=\"application\/ld+json\" class=\"yoast-schema-graph\">{\"@context\":\"https:\\\/\\\/schema.org\",\"@graph\":[{\"@type\":\"WebPage\",\"@id\":\"https:\\\/\\\/sella-industrie.com\\\/produit\\\/parfum-voiture-aqua-oregon-spray-%d8%b9%d8%b7%d8%b1-%d8%a7%d9%84%d8%b3%d9%8a%d8%a7%d8%b1%d8%a7%d8%aa-%d8%a3%d9%83%d9%88%d8%a7\\\/\",\"url\":\"https:\\\/\\\/sella-industrie.com\\\/produit\\\/parfum-voiture-aqua-oregon-spray-%d8%b9%d8%b7%d8%b1-%d8%a7%d9%84%d8%b3%d9%8a%d8%a7%d8%b1%d8%a7%d8%aa-%d8%a3%d9%83%d9%88%d8%a7\\\/\",\"name\":\"Parfum voiture AQUA - Boutique &quot;V6&quot;\",\"isPartOf\":{\"@id\":\"https:\\\/\\\/sella-industrie.com\\\/#website\"},\"primaryImageOfPage\":{\"@id\":\"https:\\\/\\\/sella-industrie.com\\\/produit\\\/parfum-voiture-aqua-oregon-spray-%d8%b9%d8%b7%d8%b1-%d8%a7%d9%84%d8%b3%d9%8a%d8%a7%d8%b1%d8%a7%d8%aa-%d8%a3%d9%83%d9%88%d8%a7\\\/#primaryimage\"},\"image\":{\"@id\":\"https:\\\/\\\/sella-industrie.com\\\/produit\\\/parfum-voiture-aqua-oregon-spray-%d8%b9%d8%b7%d8%b1-%d8%a7%d9%84%d8%b3%d9%8a%d8%a7%d8%b1%d8%a7%d8%aa-%d8%a3%d9%83%d9%88%d8%a7\\\/#primaryimage\"},\"thumbnailUrl\":\"https:\\\/\\\/sella-industrie.com\\\/wp-content\\\/uploads\\\/2025\\\/06\\\/AQUA-BOITE-ORGSP-.webp\",\"datePublished\":\"2025-06-26T15:06:44+00:00\",\"dateModified\":\"2026-04-16T14:44:29+00:00\",\"description\":\"D\u00e9couvrez le Parfum AQUA Spray Vaporisateur Maisons et Voitures : une fra\u00eecheur vive et \u00e9nergisante pour purifier et dynamiser votre v\u00e9hicule.\",\"breadcrumb\":{\"@id\":\"https:\\\/\\\/sella-industrie.com\\\/produit\\\/parfum-voiture-aqua-oregon-spray-%d8%b9%d8%b7%d8%b1-%d8%a7%d9%84%d8%b3%d9%8a%d8%a7%d8%b1%d8%a7%d8%aa-%d8%a3%d9%83%d9%88%d8%a7\\\/#breadcrumb\"},\"inLanguage\":\"fr-FR\",\"potentialAction\":[{\"@type\":\"ReadAction\",\"target\":[\"https:\\\/\\\/sella-industrie.com\\\/produit\\\/parfum-voiture-aqua-oregon-spray-%d8%b9%d8%b7%d8%b1-%d8%a7%d9%84%d8%b3%d9%8a%d8%a7%d8%b1%d8%a7%d8%aa-%d8%a3%d9%83%d9%88%d8%a7\\\/\"]}]},{\"@type\":\"ImageObject\",\"inLanguage\":\"fr-FR\",\"@id\":\"https:\\\/\\\/sella-industrie.com\\\/produit\\\/parfum-voiture-aqua-oregon-spray-%d8%b9%d8%b7%d8%b1-%d8%a7%d9%84%d8%b3%d9%8a%d8%a7%d8%b1%d8%a7%d8%aa-%d8%a3%d9%83%d9%88%d8%a7\\\/#primaryimage\",\"url\":\"https:\\\/\\\/sella-industrie.com\\\/wp-content\\\/uploads\\\/2025\\\/06\\\/AQUA-BOITE-ORGSP-.webp\",\"contentUrl\":\"https:\\\/\\\/sella-industrie.com\\\/wp-content\\\/uploads\\\/2025\\\/06\\\/AQUA-BOITE-ORGSP-.webp\",\"width\":1000,\"height\":1000,\"caption\":\"parfum voiture aqua\"},{\"@type\":\"BreadcrumbList\",\"@id\":\"https:\\\/\\\/sella-industrie.com\\\/produit\\\/parfum-voiture-aqua-oregon-spray-%d8%b9%d8%b7%d8%b1-%d8%a7%d9%84%d8%b3%d9%8a%d8%a7%d8%b1%d8%a7%d8%aa-%d8%a3%d9%83%d9%88%d8%a7\\\/#breadcrumb\",\"itemListElement\":[{\"@type\":\"ListItem\",\"position\":1,\"name\":\"Accueil\",\"item\":\"https:\\\/\\\/sella-industrie.com\\\/fr_fr\\\/\"},{\"@type\":\"ListItem\",\"position\":2,\"name\":\"Shop\",\"item\":\"https:\\\/\\\/sella-industrie.com\\\/fr_fr\\\/shop\\\/\"},{\"@type\":\"ListItem\",\"position\":3,\"name\":\"OREGON SPRAY\",\"item\":\"https:\\\/\\\/sella-industrie.com\\\/categorie-produit\\\/oregon-spray\\\/\"},{\"@type\":\"ListItem\",\"position\":4,\"name\":\"Parfum voiture AQUA\"}]},{\"@type\":\"WebSite\",\"@id\":\"https:\\\/\\\/sella-industrie.com\\\/#website\",\"url\":\"https:\\\/\\\/sella-industrie.com\\\/\",\"name\":\"Boutique &quot;V6&quot;\",\"description\":\"We care for your car\",\"publisher\":{\"@id\":\"https:\\\/\\\/sella-industrie.com\\\/#organization\"},\"potentialAction\":[{\"@type\":\"SearchAction\",\"target\":{\"@type\":\"EntryPoint\",\"urlTemplate\":\"https:\\\/\\\/sella-industrie.com\\\/?s={search_term_string}\"},\"query-input\":{\"@type\":\"PropertyValueSpecification\",\"valueRequired\":true,\"valueName\":\"search_term_string\"}}],\"inLanguage\":\"fr-FR\"},{\"@type\":\"Organization\",\"@id\":\"https:\\\/\\\/sella-industrie.com\\\/#organization\",\"name\":\"Boutique &quot;V6&quot;\",\"url\":\"https:\\\/\\\/sella-industrie.com\\\/\",\"logo\":{\"@type\":\"ImageObject\",\"inLanguage\":\"fr-FR\",\"@id\":\"https:\\\/\\\/sella-industrie.com\\\/#\\\/schema\\\/logo\\\/image\\\/\",\"url\":\"\",\"contentUrl\":\"\",\"caption\":\"Boutique &quot;V6&quot;\"},\"image\":{\"@id\":\"https:\\\/\\\/sella-industrie.com\\\/#\\\/schema\\\/logo\\\/image\\\/\"}}]}<\/script>\n<meta property=\"product:price:amount\" content=\"850\" \/>\n<meta property=\"product:price:currency\" content=\"DZD\" \/>\n<meta property=\"og:availability\" content=\"instock\" \/>\n<meta property=\"product:availability\" content=\"instock\" \/>\n<meta property=\"product:condition\" content=\"new\" \/>\n<!-- \/ Yoast SEO Premium plugin. -->","yoast_head_json":{"title":"Parfum voiture AQUA - Boutique &quot;V6&quot;","description":"D\u00e9couvrez le Parfum AQUA Spray Vaporisateur Maisons et Voitures : une fra\u00eecheur vive et \u00e9nergisante pour purifier et dynamiser votre v\u00e9hicule.","robots":{"index":"index","follow":"follow","max-snippet":"max-snippet:-1","max-image-preview":"max-image-preview:large","max-video-preview":"max-video-preview:-1"},"canonical":"https:\/\/sella-industrie.com\/fr_fr\/produit\/parfum-voiture-aqua-oregon-spray-\u0639\u0637\u0631-\u0627\u0644\u0633\u064a\u0627\u0631\u0627\u062a-\u0623\u0643\u0648\u0627\/","og_locale":"fr_FR","og_type":"article","og_title":"Parfum voiture AQUA","og_description":"D\u00e9couvrez le Parfum AQUA Spray Vaporisateur Maisons et Voitures : une fra\u00eecheur vive et \u00e9nergisante pour purifier et dynamiser votre v\u00e9hicule.","og_url":"https:\/\/sella-industrie.com\/fr_fr\/produit\/parfum-voiture-aqua-oregon-spray-\u0639\u0637\u0631-\u0627\u0644\u0633\u064a\u0627\u0631\u0627\u062a-\u0623\u0643\u0648\u0627\/","og_site_name":"Boutique &quot;V6&quot;","article_modified_time":"2026-04-16T14:44:29+00:00","og_image":[{"width":1000,"height":1000,"url":"https:\/\/sella-industrie.com\/wp-content\/uploads\/2025\/06\/AQUA-BOITE-ORGSP-.webp","type":"image\/webp"}],"twitter_card":"summary_large_image","twitter_misc":{"Prix":"&#x62f;.&#x62c;&nbsp;850","Disponibilit\u00e9":"En stock"},"schema":{"@context":"https:\/\/schema.org","@graph":[{"@type":"WebPage","@id":"https:\/\/sella-industrie.com\/produit\/parfum-voiture-aqua-oregon-spray-%d8%b9%d8%b7%d8%b1-%d8%a7%d9%84%d8%b3%d9%8a%d8%a7%d8%b1%d8%a7%d8%aa-%d8%a3%d9%83%d9%88%d8%a7\/","url":"https:\/\/sella-industrie.com\/produit\/parfum-voiture-aqua-oregon-spray-%d8%b9%d8%b7%d8%b1-%d8%a7%d9%84%d8%b3%d9%8a%d8%a7%d8%b1%d8%a7%d8%aa-%d8%a3%d9%83%d9%88%d8%a7\/","name":"Parfum voiture AQUA - Boutique &quot;V6&quot;","isPartOf":{"@id":"https:\/\/sella-industrie.com\/#website"},"primaryImageOfPage":{"@id":"https:\/\/sella-industrie.com\/produit\/parfum-voiture-aqua-oregon-spray-%d8%b9%d8%b7%d8%b1-%d8%a7%d9%84%d8%b3%d9%8a%d8%a7%d8%b1%d8%a7%d8%aa-%d8%a3%d9%83%d9%88%d8%a7\/#primaryimage"},"image":{"@id":"https:\/\/sella-industrie.com\/produit\/parfum-voiture-aqua-oregon-spray-%d8%b9%d8%b7%d8%b1-%d8%a7%d9%84%d8%b3%d9%8a%d8%a7%d8%b1%d8%a7%d8%aa-%d8%a3%d9%83%d9%88%d8%a7\/#primaryimage"},"thumbnailUrl":"https:\/\/sella-industrie.com\/wp-content\/uploads\/2025\/06\/AQUA-BOITE-ORGSP-.webp","datePublished":"2025-06-26T15:06:44+00:00","dateModified":"2026-04-16T14:44:29+00:00","description":"D\u00e9couvrez le Parfum AQUA Spray Vaporisateur Maisons et Voitures : une fra\u00eecheur vive et \u00e9nergisante pour purifier et dynamiser votre v\u00e9hicule.","breadcrumb":{"@id":"https:\/\/sella-industrie.com\/produit\/parfum-voiture-aqua-oregon-spray-%d8%b9%d8%b7%d8%b1-%d8%a7%d9%84%d8%b3%d9%8a%d8%a7%d8%b1%d8%a7%d8%aa-%d8%a3%d9%83%d9%88%d8%a7\/#breadcrumb"},"inLanguage":"fr-FR","potentialAction":[{"@type":"ReadAction","target":["https:\/\/sella-industrie.com\/produit\/parfum-voiture-aqua-oregon-spray-%d8%b9%d8%b7%d8%b1-%d8%a7%d9%84%d8%b3%d9%8a%d8%a7%d8%b1%d8%a7%d8%aa-%d8%a3%d9%83%d9%88%d8%a7\/"]}]},{"@type":"ImageObject","inLanguage":"fr-FR","@id":"https:\/\/sella-industrie.com\/produit\/parfum-voiture-aqua-oregon-spray-%d8%b9%d8%b7%d8%b1-%d8%a7%d9%84%d8%b3%d9%8a%d8%a7%d8%b1%d8%a7%d8%aa-%d8%a3%d9%83%d9%88%d8%a7\/#primaryimage","url":"https:\/\/sella-industrie.com\/wp-content\/uploads\/2025\/06\/AQUA-BOITE-ORGSP-.webp","contentUrl":"https:\/\/sella-industrie.com\/wp-content\/uploads\/2025\/06\/AQUA-BOITE-ORGSP-.webp","width":1000,"height":1000,"caption":"parfum voiture aqua"},{"@type":"BreadcrumbList","@id":"https:\/\/sella-industrie.com\/produit\/parfum-voiture-aqua-oregon-spray-%d8%b9%d8%b7%d8%b1-%d8%a7%d9%84%d8%b3%d9%8a%d8%a7%d8%b1%d8%a7%d8%aa-%d8%a3%d9%83%d9%88%d8%a7\/#breadcrumb","itemListElement":[{"@type":"ListItem","position":1,"name":"Accueil","item":"https:\/\/sella-industrie.com\/fr_fr\/"},{"@type":"ListItem","position":2,"name":"Shop","item":"https:\/\/sella-industrie.com\/fr_fr\/shop\/"},{"@type":"ListItem","position":3,"name":"OREGON SPRAY","item":"https:\/\/sella-industrie.com\/categorie-produit\/oregon-spray\/"},{"@type":"ListItem","position":4,"name":"Parfum voiture AQUA"}]},{"@type":"WebSite","@id":"https:\/\/sella-industrie.com\/#website","url":"https:\/\/sella-industrie.com\/","name":"Boutique &quot;V6&quot;","description":"We care for your car","publisher":{"@id":"https:\/\/sella-industrie.com\/#organization"},"potentialAction":[{"@type":"SearchAction","target":{"@type":"EntryPoint","urlTemplate":"https:\/\/sella-industrie.com\/?s={search_term_string}"},"query-input":{"@type":"PropertyValueSpecification","valueRequired":true,"valueName":"search_term_string"}}],"inLanguage":"fr-FR"},{"@type":"Organization","@id":"https:\/\/sella-industrie.com\/#organization","name":"Boutique &quot;V6&quot;","url":"https:\/\/sella-industrie.com\/","logo":{"@type":"ImageObject","inLanguage":"fr-FR","@id":"https:\/\/sella-industrie.com\/#\/schema\/logo\/image\/","url":"","contentUrl":"","caption":"Boutique &quot;V6&quot;"},"image":{"@id":"https:\/\/sella-industrie.com\/#\/schema\/logo\/image\/"}}]},"product_price_amount":"850","product_price_currency":"DZD","og_availability":"instock","product_availability":"instock","product_condition":"new"},"_links":{"self":[{"href":"https:\/\/sella-industrie.com\/fr_fr\/wp-json\/wp\/v2\/product\/34597","targetHints":{"allow":["GET"]}}],"collection":[{"href":"https:\/\/sella-industrie.com\/fr_fr\/wp-json\/wp\/v2\/product"}],"about":[{"href":"https:\/\/sella-industrie.com\/fr_fr\/wp-json\/wp\/v2\/types\/product"}],"replies":[{"embeddable":true,"href":"https:\/\/sella-industrie.com\/fr_fr\/wp-json\/wp\/v2\/comments?post=34597"}],"wp:featuredmedia":[{"embeddable":true,"href":"https:\/\/sella-industrie.com\/fr_fr\/wp-json\/wp\/v2\/media\/38352"}],"wp:attachment":[{"href":"https:\/\/sella-industrie.com\/fr_fr\/wp-json\/wp\/v2\/media?parent=34597"}],"wp:term":[{"taxonomy":"product_brand","embeddable":true,"href":"https:\/\/sella-industrie.com\/fr_fr\/wp-json\/wp\/v2\/product_brand?post=34597"},{"taxonomy":"product_cat","embeddable":true,"href":"https:\/\/sella-industrie.com\/fr_fr\/wp-json\/wp\/v2\/product_cat?post=34597"},{"taxonomy":"product_tag","embeddable":true,"href":"https:\/\/sella-industrie.com\/fr_fr\/wp-json\/wp\/v2\/product_tag?post=34597"}],"curies":[{"name":"wp","href":"https:\/\/api.w.org\/{rel}","templated":true}]}}