{"id":34592,"date":"2025-06-26T14:56:32","date_gmt":"2025-06-26T14:56:32","guid":{"rendered":"https:\/\/sellaindustrie.com\/?post_type=product&#038;p=34592"},"modified":"2026-04-16T14:27:47","modified_gmt":"2026-04-16T14:27:47","slug":"parfum-voiture-voyage-oregon-spray-%d8%b9%d8%b7%d8%b1-%d8%a7%d9%84%d8%b3%d9%8a%d8%a7%d8%b1%d8%a7%d8%aa-%d9%81%d9%88%d8%a7%d9%8a%d8%a7%d8%ac","status":"publish","type":"product","link":"https:\/\/sella-industrie.com\/fr_fr\/produit\/parfum-voiture-voyage-oregon-spray-%d8%b9%d8%b7%d8%b1-%d8%a7%d9%84%d8%b3%d9%8a%d8%a7%d8%b1%d8%a7%d8%aa-%d9%81%d9%88%d8%a7%d9%8a%d8%a7%d8%ac\/","title":{"rendered":"Parfum voiture VOYAGE"},"content":{"rendered":"<h2 style=\"text-align: center;\">Parfum voiture VOYAGE \u0639\u0637\u0631 \u0627\u0644\u0633\u064a\u0627\u0631\u0627\u062a \u0641\u0648\u0627\u064a\u0627\u062c<\/h2>\n<p style=\"text-align: left;\"><strong>Parfum voiture VOYAGE<\/strong>, OREGON SPRAY, \u00e9l\u00e9gance intemporelle et raffinement. Apportez une <a href=\"https:\/\/sella-industrie.com\/fr_fr\/produit\/voyage-%d8%b3%d9%81%d8%b1\/\">sensation<\/a> imm\u00e9diate de propret\u00e9, fra\u00eecheur et vitalit\u00e9 \u00e0 votre quotidien avec le spray <a href=\"https:\/\/www.instagram.com\/v6_accessoires_auto?igsh=aXE2NjUwOG5xNnQz\" target=\"_blank\" rel=\"noopener\">vaporisateur<\/a>, sp\u00e9cialement con\u00e7u pour parfumer durablement la maison et l\u2019habitacle de votre voiture et maison. Il apporte une sensation imm\u00e9diate de propret\u00e9, fra\u00eecheur et vitalit\u00e9 \u00e0 votre habitacle comme \u00e0 votre int\u00e9rieur. Sa fragrance \u00e9l\u00e9gante et intemporelle transforme chaque espace en une atmosph\u00e8re raffin\u00e9e et agr\u00e9able. Con\u00e7u pour une utilisation polyvalente, ce spray d\u00e9sodorisant premium parfume durablement la voiture, la maison, le bureau ou tout autre espace n\u00e9cessitant une touche de fra\u00eecheur sophistiqu\u00e9e.\u00a0Fragrance \u00e9l\u00e9gante et raffin\u00e9e, effet fra\u00eecheur imm\u00e9diat, spray multi-usage voiture et maison, diffusion homog\u00e8ne longue dur\u00e9e, neutralise les mauvaises odeurs efficacement. <span role=\"text\">Un spray parfum\u00e9 premium pour tous vos espaces. <\/span>Gr\u00e2ce \u00e0 sa formulation soigneusement \u00e9labor\u00e9e, le spray parfum voiture Voyage diffuse un parfum \u00e9quilibr\u00e9 et durable qui cr\u00e9e une ambiance propre, accueillante et \u00e9nergisante. Id\u00e9al pour ceux qui recherchent un d\u00e9sodorisant haut de gamme aussi pratique qu\u2019efficace.<\/p>\n<p style=\"text-align: right;\"><strong>\u0639\u0637\u0631 \u0627\u0644\u0633\u064a\u0627\u0631\u0627\u062a \u0641\u0648\u0627\u064a\u0627\u062c<\/strong>\u060c \u0628\u062e\u0627\u062e \u0623\u0648\u0631\u064a\u063a\u0648\u0646\u060c \u0623\u0646\u0627\u0642\u0629 \u0648\u0631\u0642\u064a \u0644\u0627 \u064a\u0632\u0648\u0644\u0627\u0646. \u0623\u0636\u0641 \u0644\u0645\u0633\u0629 \u0641\u0648\u0631\u064a\u0629 \u0645\u0646 \u0627\u0644\u0646\u0638\u0627\u0641\u0629 \u0648\u0627\u0644\u0627\u0646\u062a\u0639\u0627\u0634 \u0648\u0627\u0644\u062d\u064a\u0648\u064a\u0629 \u0625\u0644\u0649 \u062d\u064a\u0627\u062a\u0643 \u0627\u0644\u064a\u0648\u0645\u064a\u0629 \u0645\u0639 \u0647\u0630\u0627 \u0627\u0644\u0628\u062e\u0627\u062e \u0627\u0644\u0645\u0635\u0645\u0645 \u062e\u0635\u064a\u0635\u064b\u0627 \u0644\u062a\u0639\u0637\u064a\u0631 \u0645\u0646\u0632\u0644\u0643 \u0648\u0633\u064a\u0627\u0631\u062a\u0643 \u0648\u062f\u064a\u0643\u0648\u0631\u0627\u062a\u0643 \u0627\u0644\u062f\u0627\u062e\u0644\u064a\u0629 \u0644\u0641\u062a\u0631\u0629 \u0637\u0648\u064a\u0644\u0629. \u064a\u0645\u0646\u062d\u0643 \u0647\u0630\u0627 \u0627\u0644\u0628\u062e\u0627\u062e \u0625\u062d\u0633\u0627\u0633\u064b\u0627 \u0641\u0648\u0631\u064a\u064b\u0627 \u0628\u0627\u0644\u0646\u0638\u0627\u0641\u0629 \u0648\u0627\u0644\u0627\u0646\u062a\u0639\u0627\u0634 \u0648\u0627\u0644\u062d\u064a\u0648\u064a\u0629 \u0641\u064a \u0643\u0644 \u0645\u0646 \u0633\u064a\u0627\u0631\u062a\u0643 \u0648\u0645\u0646\u0632\u0644\u0643. \u0631\u0627\u0626\u062d\u062a\u0647 \u0627\u0644\u0623\u0646\u064a\u0642\u0629 \u0648\u0627\u0644\u062e\u0627\u0644\u062f\u0629 \u062a\u062d\u0648\u0651\u0644 \u0623\u064a \u0645\u0643\u0627\u0646 \u0625\u0644\u0649 \u062c\u0648 \u0631\u0627\u0642\u064d \u0648\u0645\u0631\u064a\u062d. \u0635\u064f\u0645\u0645 \u0647\u0630\u0627 \u0627\u0644\u0628\u062e\u0627\u062e \u0627\u0644\u0641\u0627\u062e\u0631 \u0645\u062a\u0639\u062f\u062f \u0627\u0644\u0627\u0633\u062a\u062e\u062f\u0627\u0645\u0627\u062a\u060c \u0644\u064a\u0645\u0646\u062d\u0643 \u0639\u0637\u0631\u064b\u0627 \u064a\u062f\u0648\u0645 \u0637\u0648\u064a\u0644\u064b\u0627 \u0644\u0633\u064a\u0627\u0631\u062a\u0643 \u0623\u0648 \u0645\u0646\u0632\u0644\u0643 \u0623\u0648 \u0645\u0643\u062a\u0628\u0643 \u0623\u0648 \u0623\u064a \u0645\u0643\u0627\u0646 \u0622\u062e\u0631 \u064a\u062d\u062a\u0627\u062c \u0625\u0644\u0649 \u0644\u0645\u0633\u0629 \u0645\u0646 \u0627\u0644\u0627\u0646\u062a\u0639\u0627\u0634 \u0627\u0644\u0631\u0627\u0642\u064a. \u0639\u0637\u0631 \u0623\u0646\u064a\u0642 \u0648\u0631\u0627\u0642\u064a\u060c \u062a\u0623\u062b\u064a\u0631 \u0645\u0646\u0639\u0634 \u0641\u0648\u0631\u064a\u060c \u0628\u062e\u0627\u062e \u0645\u062a\u0639\u062f\u062f \u0627\u0644\u0623\u063a\u0631\u0627\u0636 \u0644\u0644\u0633\u064a\u0627\u0631\u0629 \u0648\u0627\u0644\u0645\u0646\u0632\u0644\u060c \u0627\u0646\u062a\u0634\u0627\u0631 \u0645\u062a\u0633\u0627\u0648\u064d \u064a\u062f\u0648\u0645 \u0637\u0648\u064a\u0644\u064b\u0627\u060c \u064a\u0642\u0636\u064a \u0628\u0641\u0639\u0627\u0644\u064a\u0629 \u0639\u0644\u0649 \u0627\u0644\u0631\u0648\u0627\u0626\u062d \u0627\u0644\u0643\u0631\u064a\u0647\u0629. \u0628\u062e\u0627\u062e \u0645\u0639\u0637\u0631 \u0641\u0627\u062e\u0631 \u0644\u062c\u0645\u064a\u0639 \u0645\u0633\u0627\u062d\u0627\u062a\u0643. \u0628\u0641\u0636\u0644 \u062a\u0631\u0643\u064a\u0628\u062a\u0647 \u0627\u0644\u0645\u0635\u0645\u0645\u0629 \u0628\u0639\u0646\u0627\u064a\u0629\u060c \u064a\u0646\u0634\u0631 \u0645\u0639\u0637\u0631 \u062c\u0648 \u0627\u0644\u0633\u064a\u0627\u0631\u0629 \u00ab\u00a0\u0641\u0648\u064a\u062c\u00a0\u00bb \u0639\u0637\u0631\u064b\u0627 \u0645\u062a\u0648\u0627\u0632\u0646\u064b\u0627 \u064a\u062f\u0648\u0645 \u0637\u0648\u064a\u0644\u064b\u0627\u060c \u0644\u064a\u062e\u0644\u0642 \u062c\u0648\u064b\u0627 \u0646\u0638\u064a\u0641\u064b\u0627 \u0648\u0645\u0631\u062d\u0628\u064b\u0627 \u0648\u0645\u0646\u0639\u0634\u064b\u0627. \u0645\u062b\u0627\u0644\u064a \u0644\u0645\u0646 \u064a\u0628\u062d\u062b\u0648\u0646 \u0639\u0646 \u0645\u0639\u0637\u0631 \u062c\u0648 \u0641\u0627\u062e\u0631 \u0648\u0639\u0645\u0644\u064a \u0648\u0641\u0639\u0627\u0644 \u0641\u064a \u0622\u0646 \u0648\u0627\u062d\u062f<\/p>\n<p><iframe loading=\"lazy\" title=\"SELLA\" width=\"500\" height=\"281\" src=\"https:\/\/www.youtube.com\/embed\/tYZcFJHG1d4?feature=oembed\" frameborder=\"0\" allow=\"accelerometer; autoplay; clipboard-write; encrypted-media; gyroscope; picture-in-picture; web-share\" referrerpolicy=\"strict-origin-when-cross-origin\" allowfullscreen><\/iframe><\/p>\n<p>&nbsp;<\/p>\n","protected":false},"excerpt":{"rendered":"<h1 style=\"text-align: center;\">\u0639\u0637\u0631 \u0627\u0644\u0633\u064a\u0627\u0631\u0627\u062a \u0641\u0648\u0627\u064a\u0627\u062c<\/h1>\n<p style=\"text-align: left;\"><strong>Parfum voiture VOYAGE<\/strong>, OREGON SPRAY, \u00e9l\u00e9gance intemporelle et raffinement. Apportez une <a href=\"https:\/\/sella-industrie.com\/fr_fr\/produit\/voyage-%d8%b3%d9%81%d8%b1\/\">sensation<\/a> imm\u00e9diate de propret\u00e9, fra\u00eecheur et vitalit\u00e9 \u00e0 votre quotidien avec le spray <a href=\"https:\/\/www.instagram.com\/v6_accessoires_auto?igsh=aXE2NjUwOG5xNnQz\">vaporisateur<\/a>, sp\u00e9cialement con\u00e7u pour parfumer durablement la maison et l\u2019habitacle de votre voiture et maison. Il apporte une sensation imm\u00e9diate de propret\u00e9, fra\u00eecheur et vitalit\u00e9 \u00e0 votre habitacle comme \u00e0 votre int\u00e9rieur.<\/p>\n<p style=\"text-align: right;\">\n","protected":false},"featured_media":38347,"comment_status":"open","ping_status":"closed","template":"","meta":[],"product_brand":[293],"product_cat":[932],"product_tag":[],"class_list":{"0":"post-34592","1":"product","2":"type-product","3":"status-publish","4":"has-post-thumbnail","6":"product_brand-sella","7":"product_cat-oregon-spray","9":"first","10":"instock","11":"taxable","12":"shipping-taxable","13":"purchasable","14":"product-type-simple"},"yoast_head":"<!-- This site is optimized with the Yoast SEO Premium plugin v27.1 (Yoast SEO v27.4) - https:\/\/yoast.com\/product\/yoast-seo-premium-wordpress\/ -->\n<title>Parfum voiture VOYAGE - Boutique &quot;V6&quot;<\/title>\n<meta name=\"description\" content=\"parfum voiture voyage, Spray Vaporisateur Maisons et Voitures &quot;VOYAGE&quot;, Fra\u00eecheur vive et \u00e9nergie pure. sensation de propret\u00e9, fra\u00eecheur &amp; vitalit\u00e9.\" \/>\n<meta name=\"robots\" content=\"index, follow, max-snippet:-1, max-image-preview:large, max-video-preview:-1\" \/>\n<link rel=\"canonical\" href=\"https:\/\/sella-industrie.com\/fr_fr\/produit\/parfum-voiture-voyage-oregon-spray-\u0639\u0637\u0631-\u0627\u0644\u0633\u064a\u0627\u0631\u0627\u062a-\u0641\u0648\u0627\u064a\u0627\u062c\/\" \/>\n<meta property=\"og:locale\" content=\"fr_FR\" \/>\n<meta property=\"og:type\" content=\"article\" \/>\n<meta property=\"og:title\" content=\"Parfum voiture VOYAGE\" \/>\n<meta property=\"og:description\" content=\"parfum voiture voyage, Spray Vaporisateur Maisons et Voitures &quot;VOYAGE&quot;, Fra\u00eecheur vive et \u00e9nergie pure. sensation de propret\u00e9, fra\u00eecheur &amp; vitalit\u00e9.\" \/>\n<meta property=\"og:url\" content=\"https:\/\/sella-industrie.com\/fr_fr\/produit\/parfum-voiture-voyage-oregon-spray-\u0639\u0637\u0631-\u0627\u0644\u0633\u064a\u0627\u0631\u0627\u062a-\u0641\u0648\u0627\u064a\u0627\u062c\/\" \/>\n<meta property=\"og:site_name\" content=\"Boutique &quot;V6&quot;\" \/>\n<meta property=\"article:modified_time\" content=\"2026-04-16T14:27:47+00:00\" \/>\n<meta property=\"og:image\" content=\"https:\/\/sella-industrie.com\/wp-content\/uploads\/2025\/06\/VOYAGE-BOITE-ORGSP-.webp\" \/>\n\t<meta property=\"og:image:width\" content=\"1000\" \/>\n\t<meta property=\"og:image:height\" content=\"1000\" \/>\n\t<meta property=\"og:image:type\" content=\"image\/webp\" \/>\n<meta name=\"twitter:card\" content=\"summary_large_image\" \/>\n<meta name=\"twitter:label1\" content=\"Prix\" \/>\n\t<meta name=\"twitter:data1\" content=\"&#x62f;.&#x62c;&nbsp;850\" \/>\n\t<meta name=\"twitter:label2\" content=\"Disponibilit\u00e9\" \/>\n\t<meta name=\"twitter:data2\" content=\"En stock\" \/>\n<script type=\"application\/ld+json\" class=\"yoast-schema-graph\">{\"@context\":\"https:\\\/\\\/schema.org\",\"@graph\":[{\"@type\":\"WebPage\",\"@id\":\"https:\\\/\\\/sella-industrie.com\\\/produit\\\/parfum-voiture-voyage-oregon-spray-%d8%b9%d8%b7%d8%b1-%d8%a7%d9%84%d8%b3%d9%8a%d8%a7%d8%b1%d8%a7%d8%aa-%d9%81%d9%88%d8%a7%d9%8a%d8%a7%d8%ac\\\/\",\"url\":\"https:\\\/\\\/sella-industrie.com\\\/produit\\\/parfum-voiture-voyage-oregon-spray-%d8%b9%d8%b7%d8%b1-%d8%a7%d9%84%d8%b3%d9%8a%d8%a7%d8%b1%d8%a7%d8%aa-%d9%81%d9%88%d8%a7%d9%8a%d8%a7%d8%ac\\\/\",\"name\":\"Parfum voiture VOYAGE - Boutique &quot;V6&quot;\",\"isPartOf\":{\"@id\":\"https:\\\/\\\/sella-industrie.com\\\/#website\"},\"primaryImageOfPage\":{\"@id\":\"https:\\\/\\\/sella-industrie.com\\\/produit\\\/parfum-voiture-voyage-oregon-spray-%d8%b9%d8%b7%d8%b1-%d8%a7%d9%84%d8%b3%d9%8a%d8%a7%d8%b1%d8%a7%d8%aa-%d9%81%d9%88%d8%a7%d9%8a%d8%a7%d8%ac\\\/#primaryimage\"},\"image\":{\"@id\":\"https:\\\/\\\/sella-industrie.com\\\/produit\\\/parfum-voiture-voyage-oregon-spray-%d8%b9%d8%b7%d8%b1-%d8%a7%d9%84%d8%b3%d9%8a%d8%a7%d8%b1%d8%a7%d8%aa-%d9%81%d9%88%d8%a7%d9%8a%d8%a7%d8%ac\\\/#primaryimage\"},\"thumbnailUrl\":\"https:\\\/\\\/sella-industrie.com\\\/wp-content\\\/uploads\\\/2025\\\/06\\\/VOYAGE-BOITE-ORGSP-.webp\",\"datePublished\":\"2025-06-26T14:56:32+00:00\",\"dateModified\":\"2026-04-16T14:27:47+00:00\",\"description\":\"parfum voiture voyage, Spray Vaporisateur Maisons et Voitures \\\"VOYAGE\\\", Fra\u00eecheur vive et \u00e9nergie pure. sensation de propret\u00e9, fra\u00eecheur & vitalit\u00e9.\",\"breadcrumb\":{\"@id\":\"https:\\\/\\\/sella-industrie.com\\\/produit\\\/parfum-voiture-voyage-oregon-spray-%d8%b9%d8%b7%d8%b1-%d8%a7%d9%84%d8%b3%d9%8a%d8%a7%d8%b1%d8%a7%d8%aa-%d9%81%d9%88%d8%a7%d9%8a%d8%a7%d8%ac\\\/#breadcrumb\"},\"inLanguage\":\"fr-FR\",\"potentialAction\":[{\"@type\":\"ReadAction\",\"target\":[\"https:\\\/\\\/sella-industrie.com\\\/produit\\\/parfum-voiture-voyage-oregon-spray-%d8%b9%d8%b7%d8%b1-%d8%a7%d9%84%d8%b3%d9%8a%d8%a7%d8%b1%d8%a7%d8%aa-%d9%81%d9%88%d8%a7%d9%8a%d8%a7%d8%ac\\\/\"]}]},{\"@type\":\"ImageObject\",\"inLanguage\":\"fr-FR\",\"@id\":\"https:\\\/\\\/sella-industrie.com\\\/produit\\\/parfum-voiture-voyage-oregon-spray-%d8%b9%d8%b7%d8%b1-%d8%a7%d9%84%d8%b3%d9%8a%d8%a7%d8%b1%d8%a7%d8%aa-%d9%81%d9%88%d8%a7%d9%8a%d8%a7%d8%ac\\\/#primaryimage\",\"url\":\"https:\\\/\\\/sella-industrie.com\\\/wp-content\\\/uploads\\\/2025\\\/06\\\/VOYAGE-BOITE-ORGSP-.webp\",\"contentUrl\":\"https:\\\/\\\/sella-industrie.com\\\/wp-content\\\/uploads\\\/2025\\\/06\\\/VOYAGE-BOITE-ORGSP-.webp\",\"width\":1000,\"height\":1000,\"caption\":\"parfum voiture voyage\"},{\"@type\":\"BreadcrumbList\",\"@id\":\"https:\\\/\\\/sella-industrie.com\\\/produit\\\/parfum-voiture-voyage-oregon-spray-%d8%b9%d8%b7%d8%b1-%d8%a7%d9%84%d8%b3%d9%8a%d8%a7%d8%b1%d8%a7%d8%aa-%d9%81%d9%88%d8%a7%d9%8a%d8%a7%d8%ac\\\/#breadcrumb\",\"itemListElement\":[{\"@type\":\"ListItem\",\"position\":1,\"name\":\"Accueil\",\"item\":\"https:\\\/\\\/sella-industrie.com\\\/fr_fr\\\/\"},{\"@type\":\"ListItem\",\"position\":2,\"name\":\"Shop\",\"item\":\"https:\\\/\\\/sella-industrie.com\\\/fr_fr\\\/shop\\\/\"},{\"@type\":\"ListItem\",\"position\":3,\"name\":\"OREGON SPRAY\",\"item\":\"https:\\\/\\\/sella-industrie.com\\\/categorie-produit\\\/oregon-spray\\\/\"},{\"@type\":\"ListItem\",\"position\":4,\"name\":\"Parfum voiture VOYAGE\"}]},{\"@type\":\"WebSite\",\"@id\":\"https:\\\/\\\/sella-industrie.com\\\/#website\",\"url\":\"https:\\\/\\\/sella-industrie.com\\\/\",\"name\":\"Boutique &quot;V6&quot;\",\"description\":\"We care for your car\",\"publisher\":{\"@id\":\"https:\\\/\\\/sella-industrie.com\\\/#organization\"},\"potentialAction\":[{\"@type\":\"SearchAction\",\"target\":{\"@type\":\"EntryPoint\",\"urlTemplate\":\"https:\\\/\\\/sella-industrie.com\\\/?s={search_term_string}\"},\"query-input\":{\"@type\":\"PropertyValueSpecification\",\"valueRequired\":true,\"valueName\":\"search_term_string\"}}],\"inLanguage\":\"fr-FR\"},{\"@type\":\"Organization\",\"@id\":\"https:\\\/\\\/sella-industrie.com\\\/#organization\",\"name\":\"Boutique &quot;V6&quot;\",\"url\":\"https:\\\/\\\/sella-industrie.com\\\/\",\"logo\":{\"@type\":\"ImageObject\",\"inLanguage\":\"fr-FR\",\"@id\":\"https:\\\/\\\/sella-industrie.com\\\/#\\\/schema\\\/logo\\\/image\\\/\",\"url\":\"\",\"contentUrl\":\"\",\"caption\":\"Boutique &quot;V6&quot;\"},\"image\":{\"@id\":\"https:\\\/\\\/sella-industrie.com\\\/#\\\/schema\\\/logo\\\/image\\\/\"}}]}<\/script>\n<meta property=\"product:price:amount\" content=\"850\" \/>\n<meta property=\"product:price:currency\" content=\"DZD\" \/>\n<meta property=\"og:availability\" content=\"instock\" \/>\n<meta property=\"product:availability\" content=\"instock\" \/>\n<meta property=\"product:condition\" content=\"new\" \/>\n<!-- \/ Yoast SEO Premium plugin. -->","yoast_head_json":{"title":"Parfum voiture VOYAGE - Boutique &quot;V6&quot;","description":"parfum voiture voyage, Spray Vaporisateur Maisons et Voitures \"VOYAGE\", Fra\u00eecheur vive et \u00e9nergie pure. sensation de propret\u00e9, fra\u00eecheur & vitalit\u00e9.","robots":{"index":"index","follow":"follow","max-snippet":"max-snippet:-1","max-image-preview":"max-image-preview:large","max-video-preview":"max-video-preview:-1"},"canonical":"https:\/\/sella-industrie.com\/fr_fr\/produit\/parfum-voiture-voyage-oregon-spray-\u0639\u0637\u0631-\u0627\u0644\u0633\u064a\u0627\u0631\u0627\u062a-\u0641\u0648\u0627\u064a\u0627\u062c\/","og_locale":"fr_FR","og_type":"article","og_title":"Parfum voiture VOYAGE","og_description":"parfum voiture voyage, Spray Vaporisateur Maisons et Voitures \"VOYAGE\", Fra\u00eecheur vive et \u00e9nergie pure. sensation de propret\u00e9, fra\u00eecheur & vitalit\u00e9.","og_url":"https:\/\/sella-industrie.com\/fr_fr\/produit\/parfum-voiture-voyage-oregon-spray-\u0639\u0637\u0631-\u0627\u0644\u0633\u064a\u0627\u0631\u0627\u062a-\u0641\u0648\u0627\u064a\u0627\u062c\/","og_site_name":"Boutique &quot;V6&quot;","article_modified_time":"2026-04-16T14:27:47+00:00","og_image":[{"width":1000,"height":1000,"url":"https:\/\/sella-industrie.com\/wp-content\/uploads\/2025\/06\/VOYAGE-BOITE-ORGSP-.webp","type":"image\/webp"}],"twitter_card":"summary_large_image","twitter_misc":{"Prix":"&#x62f;.&#x62c;&nbsp;850","Disponibilit\u00e9":"En stock"},"schema":{"@context":"https:\/\/schema.org","@graph":[{"@type":"WebPage","@id":"https:\/\/sella-industrie.com\/produit\/parfum-voiture-voyage-oregon-spray-%d8%b9%d8%b7%d8%b1-%d8%a7%d9%84%d8%b3%d9%8a%d8%a7%d8%b1%d8%a7%d8%aa-%d9%81%d9%88%d8%a7%d9%8a%d8%a7%d8%ac\/","url":"https:\/\/sella-industrie.com\/produit\/parfum-voiture-voyage-oregon-spray-%d8%b9%d8%b7%d8%b1-%d8%a7%d9%84%d8%b3%d9%8a%d8%a7%d8%b1%d8%a7%d8%aa-%d9%81%d9%88%d8%a7%d9%8a%d8%a7%d8%ac\/","name":"Parfum voiture VOYAGE - Boutique &quot;V6&quot;","isPartOf":{"@id":"https:\/\/sella-industrie.com\/#website"},"primaryImageOfPage":{"@id":"https:\/\/sella-industrie.com\/produit\/parfum-voiture-voyage-oregon-spray-%d8%b9%d8%b7%d8%b1-%d8%a7%d9%84%d8%b3%d9%8a%d8%a7%d8%b1%d8%a7%d8%aa-%d9%81%d9%88%d8%a7%d9%8a%d8%a7%d8%ac\/#primaryimage"},"image":{"@id":"https:\/\/sella-industrie.com\/produit\/parfum-voiture-voyage-oregon-spray-%d8%b9%d8%b7%d8%b1-%d8%a7%d9%84%d8%b3%d9%8a%d8%a7%d8%b1%d8%a7%d8%aa-%d9%81%d9%88%d8%a7%d9%8a%d8%a7%d8%ac\/#primaryimage"},"thumbnailUrl":"https:\/\/sella-industrie.com\/wp-content\/uploads\/2025\/06\/VOYAGE-BOITE-ORGSP-.webp","datePublished":"2025-06-26T14:56:32+00:00","dateModified":"2026-04-16T14:27:47+00:00","description":"parfum voiture voyage, Spray Vaporisateur Maisons et Voitures \"VOYAGE\", Fra\u00eecheur vive et \u00e9nergie pure. sensation de propret\u00e9, fra\u00eecheur & vitalit\u00e9.","breadcrumb":{"@id":"https:\/\/sella-industrie.com\/produit\/parfum-voiture-voyage-oregon-spray-%d8%b9%d8%b7%d8%b1-%d8%a7%d9%84%d8%b3%d9%8a%d8%a7%d8%b1%d8%a7%d8%aa-%d9%81%d9%88%d8%a7%d9%8a%d8%a7%d8%ac\/#breadcrumb"},"inLanguage":"fr-FR","potentialAction":[{"@type":"ReadAction","target":["https:\/\/sella-industrie.com\/produit\/parfum-voiture-voyage-oregon-spray-%d8%b9%d8%b7%d8%b1-%d8%a7%d9%84%d8%b3%d9%8a%d8%a7%d8%b1%d8%a7%d8%aa-%d9%81%d9%88%d8%a7%d9%8a%d8%a7%d8%ac\/"]}]},{"@type":"ImageObject","inLanguage":"fr-FR","@id":"https:\/\/sella-industrie.com\/produit\/parfum-voiture-voyage-oregon-spray-%d8%b9%d8%b7%d8%b1-%d8%a7%d9%84%d8%b3%d9%8a%d8%a7%d8%b1%d8%a7%d8%aa-%d9%81%d9%88%d8%a7%d9%8a%d8%a7%d8%ac\/#primaryimage","url":"https:\/\/sella-industrie.com\/wp-content\/uploads\/2025\/06\/VOYAGE-BOITE-ORGSP-.webp","contentUrl":"https:\/\/sella-industrie.com\/wp-content\/uploads\/2025\/06\/VOYAGE-BOITE-ORGSP-.webp","width":1000,"height":1000,"caption":"parfum voiture voyage"},{"@type":"BreadcrumbList","@id":"https:\/\/sella-industrie.com\/produit\/parfum-voiture-voyage-oregon-spray-%d8%b9%d8%b7%d8%b1-%d8%a7%d9%84%d8%b3%d9%8a%d8%a7%d8%b1%d8%a7%d8%aa-%d9%81%d9%88%d8%a7%d9%8a%d8%a7%d8%ac\/#breadcrumb","itemListElement":[{"@type":"ListItem","position":1,"name":"Accueil","item":"https:\/\/sella-industrie.com\/fr_fr\/"},{"@type":"ListItem","position":2,"name":"Shop","item":"https:\/\/sella-industrie.com\/fr_fr\/shop\/"},{"@type":"ListItem","position":3,"name":"OREGON SPRAY","item":"https:\/\/sella-industrie.com\/categorie-produit\/oregon-spray\/"},{"@type":"ListItem","position":4,"name":"Parfum voiture VOYAGE"}]},{"@type":"WebSite","@id":"https:\/\/sella-industrie.com\/#website","url":"https:\/\/sella-industrie.com\/","name":"Boutique &quot;V6&quot;","description":"We care for your car","publisher":{"@id":"https:\/\/sella-industrie.com\/#organization"},"potentialAction":[{"@type":"SearchAction","target":{"@type":"EntryPoint","urlTemplate":"https:\/\/sella-industrie.com\/?s={search_term_string}"},"query-input":{"@type":"PropertyValueSpecification","valueRequired":true,"valueName":"search_term_string"}}],"inLanguage":"fr-FR"},{"@type":"Organization","@id":"https:\/\/sella-industrie.com\/#organization","name":"Boutique &quot;V6&quot;","url":"https:\/\/sella-industrie.com\/","logo":{"@type":"ImageObject","inLanguage":"fr-FR","@id":"https:\/\/sella-industrie.com\/#\/schema\/logo\/image\/","url":"","contentUrl":"","caption":"Boutique &quot;V6&quot;"},"image":{"@id":"https:\/\/sella-industrie.com\/#\/schema\/logo\/image\/"}}]},"product_price_amount":"850","product_price_currency":"DZD","og_availability":"instock","product_availability":"instock","product_condition":"new"},"_links":{"self":[{"href":"https:\/\/sella-industrie.com\/fr_fr\/wp-json\/wp\/v2\/product\/34592","targetHints":{"allow":["GET"]}}],"collection":[{"href":"https:\/\/sella-industrie.com\/fr_fr\/wp-json\/wp\/v2\/product"}],"about":[{"href":"https:\/\/sella-industrie.com\/fr_fr\/wp-json\/wp\/v2\/types\/product"}],"replies":[{"embeddable":true,"href":"https:\/\/sella-industrie.com\/fr_fr\/wp-json\/wp\/v2\/comments?post=34592"}],"wp:featuredmedia":[{"embeddable":true,"href":"https:\/\/sella-industrie.com\/fr_fr\/wp-json\/wp\/v2\/media\/38347"}],"wp:attachment":[{"href":"https:\/\/sella-industrie.com\/fr_fr\/wp-json\/wp\/v2\/media?parent=34592"}],"wp:term":[{"taxonomy":"product_brand","embeddable":true,"href":"https:\/\/sella-industrie.com\/fr_fr\/wp-json\/wp\/v2\/product_brand?post=34592"},{"taxonomy":"product_cat","embeddable":true,"href":"https:\/\/sella-industrie.com\/fr_fr\/wp-json\/wp\/v2\/product_cat?post=34592"},{"taxonomy":"product_tag","embeddable":true,"href":"https:\/\/sella-industrie.com\/fr_fr\/wp-json\/wp\/v2\/product_tag?post=34592"}],"curies":[{"name":"wp","href":"https:\/\/api.w.org\/{rel}","templated":true}]}}