{"id":34545,"date":"2025-06-26T13:44:52","date_gmt":"2025-06-26T13:44:52","guid":{"rendered":"https:\/\/sellaindustrie.com\/?post_type=product&#038;p=34545"},"modified":"2026-03-23T10:57:58","modified_gmt":"2026-03-23T10:57:58","slug":"fragrance-voiture-differen-musk-noir-diffuseur-aerateur-%d8%b9%d8%b7%d8%b1-%d8%a7%d9%84%d8%b3%d9%8a%d8%a7%d8%b1%d8%a7%d8%aa-%d8%af%d9%81%d8%b1%d9%8a%d9%86-%d9%85%d8%b3%d9%83-%d8%a3%d8%b3%d9%88%d8%af","status":"publish","type":"product","link":"https:\/\/sella-industrie.com\/fr_fr\/produit\/fragrance-voiture-differen-musk-noir-diffuseur-aerateur-%d8%b9%d8%b7%d8%b1-%d8%a7%d9%84%d8%b3%d9%8a%d8%a7%d8%b1%d8%a7%d8%aa-%d8%af%d9%81%d8%b1%d9%8a%d9%86-%d9%85%d8%b3%d9%83-%d8%a3%d8%b3%d9%88%d8%af\/","title":{"rendered":"Fragrance voiture MUSK NOIR"},"content":{"rendered":"<h2 style=\"text-align: center;\">Fragrance voiture MUSK NOIR \u0639\u0637\u0631 \u0627\u0644\u0633\u064a\u0627\u0631\u0627\u062a \u0645\u0633\u0643 \u0623\u0633\u0648\u062f<\/h2>\n<p><strong>Fragrance voiture MUSK NOIR<\/strong>, DIFFEREN, diffuseur de parfum par a\u00e9rateur est la solution id\u00e9ale pour parfumer l\u2019int\u00e9rieur de votre v\u00e9hicule de mani\u00e8re \u00e9l\u00e9gante et <a href=\"https:\/\/www.instagram.com\/v6_accessoires_auto?igsh=aXE2NjUwOG5xNnQz\" target=\"_blank\" rel=\"noopener\">durable<\/a>. Gr\u00e2ce \u00e0 son syst\u00e8me de diffusion par ventilation, <a href=\"https:\/\/sella-industrie.com\/fr_fr\/produit\/fragrance-voiture-cool-water-diffuseur-aerateur-%d8%b9%d8%b7%d8%b1-%d8%a7%d9%84%d8%b3%d9%8a%d8%a7%d8%b1%d8%a7%d8%aa-%d8%a7%d9%84%d9%85%d8%a7%d8%a1-%d8%a7%d9%84%d8%a8%d8%a7%d8%b1%d8%af\/\">le parfum se diffuse<\/a> uniform\u00e9ment dans toute la voiture pour cr\u00e9er une ambiance propre, douce et chaleureuse. Il se fixe facilement sur la grille de ventilation et diffuse le parfum lorsque l\u2019air circule. Avantages du diffuseur a\u00e9rateur, diffusion continue du parfum, parfum longue dur\u00e9e, installation facile, design discret et \u00e9l\u00e9gant, parfum homog\u00e8ne dans l\u2019habitacle, id\u00e9al pour toutes les voitures. \u00c9l\u00e9gance intemporelle et raffinement.<\/p>\n<p style=\"text-align: right;\"><strong>\u0639\u0637\u0631 \u0627\u0644\u0633\u064a\u0627\u0631\u0627\u062a \u0645\u0633\u0643 \u0623\u0633\u0648\u062f<\/strong>\u060c \u062f\u0641\u0631\u064a\u0646\u060c \u0647\u0648 \u0627\u0644\u062d\u0644 \u0627\u0644\u0623\u0645\u062b\u0644 \u0644\u062a\u0639\u0637\u064a\u0631 \u0645\u0642\u0635\u0648\u0631\u0629 \u0633\u064a\u0627\u0631\u062a\u0643 \u0628\u0623\u0646\u0627\u0642\u0629 \u062a\u062f\u0648\u0645 \u0637\u0648\u064a\u0644\u0627\u064b. \u0628\u0641\u0636\u0644 \u0646\u0638\u0627\u0645 \u0627\u0644\u062a\u0648\u0632\u064a\u0639 \u0627\u0644\u0645\u0639\u062a\u0645\u062f \u0639\u0644\u0649 \u0627\u0644\u062a\u0647\u0648\u064a\u0629\u060c \u064a\u062a\u0648\u0632\u0639 \u0627\u0644\u0639\u0637\u0631 \u0628\u0627\u0644\u062a\u0633\u0627\u0648\u064a \u0641\u064a \u062c\u0645\u064a\u0639 \u0623\u0646\u062d\u0627\u0621 \u0627\u0644\u0633\u064a\u0627\u0631\u0629\u060c \u0645\u0645\u0627 \u064a\u062e\u0644\u0642 \u062c\u0648\u064b\u0627 \u0646\u0638\u064a\u0641\u064b\u0627 \u0648\u0645\u0646\u0639\u0634\u064b\u0627 \u0648\u062c\u0630\u0627\u0628\u064b\u0627. \u064a\u064f\u062b\u0628\u0651\u062a \u0628\u0633\u0647\u0648\u0644\u0629 \u0639\u0644\u0649 \u0641\u062a\u062d\u0629 \u0627\u0644\u062a\u0647\u0648\u064a\u0629 \u0648\u064a\u0646\u0634\u0631 \u0627\u0644\u0639\u0637\u0631 \u0645\u0639 \u062f\u0648\u0631\u0627\u0646 \u0627\u0644\u0647\u0648\u0627\u0621. \u0645\u0632\u0627\u064a\u0627 \u0645\u0639\u0637\u0631 \u0627\u0644\u062c\u0648 \u0647\u0630\u0627: \u0627\u0646\u062a\u0634\u0627\u0631 \u0645\u0633\u062a\u0645\u0631 \u0644\u0644\u0639\u0637\u0631\u060c \u0631\u0627\u0626\u062d\u0629 \u062a\u062f\u0648\u0645 \u0637\u0648\u064a\u0644\u0627\u064b\u060c \u0633\u0647\u0648\u0644\u0629 \u0627\u0644\u062a\u0631\u0643\u064a\u0628\u060c \u062a\u0635\u0645\u064a\u0645 \u0623\u0646\u064a\u0642 \u0648\u0628\u0633\u064a\u0637\u060c \u062a\u0648\u0632\u064a\u0639 \u0645\u062a\u0633\u0627\u0648\u064d \u0644\u0644\u0639\u0637\u0631 \u0641\u064a \u062c\u0645\u064a\u0639 \u0623\u0646\u062d\u0627\u0621 \u0627\u0644\u0645\u0642\u0635\u0648\u0631\u0629\u060c <span style=\"color: #000000;\">\u0623\u0646\u0627\u0642\u0629 \u0648\u0631\u0642\u064a \u062e\u0627\u0644\u062f\u0627\u0646\u060c <\/span>\u0645\u062b\u0627\u0644\u064a \u0644\u062c\u0645\u064a\u0639 \u0623\u0646\u0648\u0627\u0639 \u0627\u0644\u0633\u064a\u0627\u0631\u0627\u062a. \u0623\u0646\u0627\u0642\u0629 \u0648\u0631\u0642\u064a \u0644\u0627 \u064a\u0632\u0648\u0644\u0627\u0646<\/p>\n<p><iframe loading=\"lazy\" title=\"Differen\" width=\"500\" height=\"281\" src=\"https:\/\/www.youtube.com\/embed\/T2HOHBgyepA?feature=oembed\" frameborder=\"0\" allow=\"accelerometer; autoplay; clipboard-write; encrypted-media; gyroscope; picture-in-picture; web-share\" referrerpolicy=\"strict-origin-when-cross-origin\" allowfullscreen><\/iframe><\/p>\n<p>&nbsp;<\/p>\n","protected":false},"excerpt":{"rendered":"<h1 style=\"text-align: center;\">\u0639\u0637\u0631 \u0627\u0644\u0633\u064a\u0627\u0631\u0627\u062a \u0645\u0633\u0643 \u0623\u0633\u0648\u062f<\/h1>\n<p><strong>Fragrance voiture MUSK NOIR<\/strong>, DIFFEREN, diffuseur de parfum par a\u00e9rateur est la solution id\u00e9ale pour parfumer l\u2019int\u00e9rieur de votre v\u00e9hicule de mani\u00e8re \u00e9l\u00e9gante et <a href=\"https:\/\/www.instagram.com\/v6_accessoires_auto?igsh=aXE2NjUwOG5xNnQz\">durable<\/a>. Gr\u00e2ce \u00e0 son syst\u00e8me de diffusion par ventilation, <a href=\"https:\/\/sella-industrie.com\/fr_fr\/produit\/fragrance-voiture-cool-water-diffuseur-aerateur-%d8%b9%d8%b7%d8%b1-%d8%a7%d9%84%d8%b3%d9%8a%d8%a7%d8%b1%d8%a7%d8%aa-%d8%a7%d9%84%d9%85%d8%a7%d8%a1-%d8%a7%d9%84%d8%a8%d8%a7%d8%b1%d8%af\/\">le parfum se diffuse<\/a> uniform\u00e9ment dans toute la voiture pour cr\u00e9er une ambiance propre, douce et chaleureuse.<\/p>\n","protected":false},"featured_media":37999,"comment_status":"open","ping_status":"closed","template":"","meta":[],"product_brand":[293],"product_cat":[930],"product_tag":[],"class_list":{"0":"post-34545","1":"product","2":"type-product","3":"status-publish","4":"has-post-thumbnail","6":"product_brand-sella","7":"product_cat-differen","9":"first","10":"instock","11":"taxable","12":"shipping-taxable","13":"purchasable","14":"product-type-simple"},"yoast_head":"<!-- This site is optimized with the Yoast SEO Premium plugin v27.1 (Yoast SEO v27.4) - https:\/\/yoast.com\/product\/yoast-seo-premium-wordpress\/ -->\n<title>Fragrance voiture MUSK NOIR - Boutique &quot;V6&quot;<\/title>\n<meta name=\"robots\" content=\"index, follow, max-snippet:-1, max-image-preview:large, max-video-preview:-1\" \/>\n<link rel=\"canonical\" href=\"https:\/\/sella-industrie.com\/fr_fr\/produit\/musk-noir-\u0645\u0633\u0643-\u0623\u0633\u0648\u062f\/\" \/>\n<meta property=\"og:locale\" content=\"fr_FR\" \/>\n<meta property=\"og:type\" content=\"article\" \/>\n<meta property=\"og:title\" content=\"Fragrance voiture MUSK NOIR\" \/>\n<meta property=\"og:description\" content=\"\u0639\u0637\u0631 \u0627\u0644\u0633\u064a\u0627\u0631\u0627\u062a \u0645\u0633\u0643 \u0623\u0633\u0648\u062f Fragrance voiture MUSK NOIR, DIFFEREN, diffuseur de parfum par a\u00e9rateur est la solution id\u00e9ale pour parfumer l\u2019int\u00e9rieur de votre v\u00e9hicule de mani\u00e8re \u00e9l\u00e9gante et durable. Gr\u00e2ce \u00e0 son syst\u00e8me de diffusion par ventilation, le parfum se diffuse uniform\u00e9ment dans toute la voiture pour cr\u00e9er une ambiance propre, douce et chaleureuse.\" \/>\n<meta property=\"og:url\" content=\"https:\/\/sella-industrie.com\/fr_fr\/produit\/musk-noir-\u0645\u0633\u0643-\u0623\u0633\u0648\u062f\/\" \/>\n<meta property=\"og:site_name\" content=\"Boutique &quot;V6&quot;\" \/>\n<meta property=\"article:modified_time\" content=\"2026-03-23T10:57:58+00:00\" \/>\n<meta property=\"og:image\" content=\"https:\/\/sella-industrie.com\/wp-content\/uploads\/2024\/06\/MUSK-NOIR-DIFFEREN-11-ML.png\" \/>\n\t<meta property=\"og:image:width\" content=\"1000\" \/>\n\t<meta property=\"og:image:height\" content=\"1000\" \/>\n\t<meta property=\"og:image:type\" content=\"image\/png\" \/>\n<meta name=\"twitter:card\" content=\"summary_large_image\" \/>\n<meta name=\"twitter:label1\" content=\"Prix\" \/>\n\t<meta name=\"twitter:data1\" content=\"&#x62f;.&#x62c;&nbsp;1.000\" \/>\n\t<meta name=\"twitter:label2\" content=\"Disponibilit\u00e9\" \/>\n\t<meta name=\"twitter:data2\" content=\"En stock\" \/>\n<script type=\"application\/ld+json\" class=\"yoast-schema-graph\">{\"@context\":\"https:\\\/\\\/schema.org\",\"@graph\":[{\"@type\":\"WebPage\",\"@id\":\"https:\\\/\\\/sella-industrie.com\\\/produit\\\/musk-noir-%d9%85%d8%b3%d9%83-%d8%a3%d8%b3%d9%88%d8%af\\\/\",\"url\":\"https:\\\/\\\/sella-industrie.com\\\/produit\\\/musk-noir-%d9%85%d8%b3%d9%83-%d8%a3%d8%b3%d9%88%d8%af\\\/\",\"name\":\"Fragrance voiture MUSK NOIR - Boutique &quot;V6&quot;\",\"isPartOf\":{\"@id\":\"https:\\\/\\\/sella-industrie.com\\\/#website\"},\"primaryImageOfPage\":{\"@id\":\"https:\\\/\\\/sella-industrie.com\\\/produit\\\/musk-noir-%d9%85%d8%b3%d9%83-%d8%a3%d8%b3%d9%88%d8%af\\\/#primaryimage\"},\"image\":{\"@id\":\"https:\\\/\\\/sella-industrie.com\\\/produit\\\/musk-noir-%d9%85%d8%b3%d9%83-%d8%a3%d8%b3%d9%88%d8%af\\\/#primaryimage\"},\"thumbnailUrl\":\"https:\\\/\\\/sella-industrie.com\\\/wp-content\\\/uploads\\\/2025\\\/06\\\/DIFFEREN-VIOLET.webp\",\"datePublished\":\"2025-06-26T13:44:52+00:00\",\"dateModified\":\"2026-03-23T10:57:58+00:00\",\"breadcrumb\":{\"@id\":\"https:\\\/\\\/sella-industrie.com\\\/produit\\\/musk-noir-%d9%85%d8%b3%d9%83-%d8%a3%d8%b3%d9%88%d8%af\\\/#breadcrumb\"},\"inLanguage\":\"fr-FR\",\"potentialAction\":[{\"@type\":\"ReadAction\",\"target\":[\"https:\\\/\\\/sella-industrie.com\\\/produit\\\/musk-noir-%d9%85%d8%b3%d9%83-%d8%a3%d8%b3%d9%88%d8%af\\\/\"]}]},{\"@type\":\"ImageObject\",\"inLanguage\":\"fr-FR\",\"@id\":\"https:\\\/\\\/sella-industrie.com\\\/produit\\\/musk-noir-%d9%85%d8%b3%d9%83-%d8%a3%d8%b3%d9%88%d8%af\\\/#primaryimage\",\"url\":\"https:\\\/\\\/sella-industrie.com\\\/wp-content\\\/uploads\\\/2025\\\/06\\\/DIFFEREN-VIOLET.webp\",\"contentUrl\":\"https:\\\/\\\/sella-industrie.com\\\/wp-content\\\/uploads\\\/2025\\\/06\\\/DIFFEREN-VIOLET.webp\",\"width\":1000,\"height\":1000,\"caption\":\"Fragrance voiture MUSK NOIR\"},{\"@type\":\"BreadcrumbList\",\"@id\":\"https:\\\/\\\/sella-industrie.com\\\/produit\\\/musk-noir-%d9%85%d8%b3%d9%83-%d8%a3%d8%b3%d9%88%d8%af\\\/#breadcrumb\",\"itemListElement\":[{\"@type\":\"ListItem\",\"position\":1,\"name\":\"Accueil\",\"item\":\"https:\\\/\\\/sella-industrie.com\\\/fr_fr\\\/\"},{\"@type\":\"ListItem\",\"position\":2,\"name\":\"Shop\",\"item\":\"https:\\\/\\\/sella-industrie.com\\\/fr_fr\\\/shop\\\/\"},{\"@type\":\"ListItem\",\"position\":3,\"name\":\"Parfums Auto\",\"item\":\"https:\\\/\\\/sella-industrie.com\\\/categorie-produit\\\/parfums-auto\\\/\"},{\"@type\":\"ListItem\",\"position\":4,\"name\":\"MUSK NOIR\"}]},{\"@type\":\"WebSite\",\"@id\":\"https:\\\/\\\/sella-industrie.com\\\/#website\",\"url\":\"https:\\\/\\\/sella-industrie.com\\\/\",\"name\":\"Boutique &quot;V6&quot;\",\"description\":\"We care for your car\",\"publisher\":{\"@id\":\"https:\\\/\\\/sella-industrie.com\\\/#organization\"},\"potentialAction\":[{\"@type\":\"SearchAction\",\"target\":{\"@type\":\"EntryPoint\",\"urlTemplate\":\"https:\\\/\\\/sella-industrie.com\\\/?s={search_term_string}\"},\"query-input\":{\"@type\":\"PropertyValueSpecification\",\"valueRequired\":true,\"valueName\":\"search_term_string\"}}],\"inLanguage\":\"fr-FR\"},{\"@type\":\"Organization\",\"@id\":\"https:\\\/\\\/sella-industrie.com\\\/#organization\",\"name\":\"Boutique &quot;V6&quot;\",\"url\":\"https:\\\/\\\/sella-industrie.com\\\/\",\"logo\":{\"@type\":\"ImageObject\",\"inLanguage\":\"fr-FR\",\"@id\":\"https:\\\/\\\/sella-industrie.com\\\/#\\\/schema\\\/logo\\\/image\\\/\",\"url\":\"\",\"contentUrl\":\"\",\"caption\":\"Boutique &quot;V6&quot;\"},\"image\":{\"@id\":\"https:\\\/\\\/sella-industrie.com\\\/#\\\/schema\\\/logo\\\/image\\\/\"}}]}<\/script>\n<meta property=\"product:price:amount\" content=\"1000\" \/>\n<meta property=\"product:price:currency\" content=\"DZD\" \/>\n<meta property=\"og:availability\" content=\"instock\" \/>\n<meta property=\"product:availability\" content=\"instock\" \/>\n<meta property=\"product:condition\" content=\"new\" \/>\n<!-- \/ Yoast SEO Premium plugin. -->","yoast_head_json":{"title":"Fragrance voiture MUSK NOIR - Boutique &quot;V6&quot;","robots":{"index":"index","follow":"follow","max-snippet":"max-snippet:-1","max-image-preview":"max-image-preview:large","max-video-preview":"max-video-preview:-1"},"canonical":"https:\/\/sella-industrie.com\/fr_fr\/produit\/musk-noir-\u0645\u0633\u0643-\u0623\u0633\u0648\u062f\/","og_locale":"fr_FR","og_type":"article","og_title":"Fragrance voiture MUSK NOIR","og_description":"\u0639\u0637\u0631 \u0627\u0644\u0633\u064a\u0627\u0631\u0627\u062a \u0645\u0633\u0643 \u0623\u0633\u0648\u062f Fragrance voiture MUSK NOIR, DIFFEREN, diffuseur de parfum par a\u00e9rateur est la solution id\u00e9ale pour parfumer l\u2019int\u00e9rieur de votre v\u00e9hicule de mani\u00e8re \u00e9l\u00e9gante et durable. Gr\u00e2ce \u00e0 son syst\u00e8me de diffusion par ventilation, le parfum se diffuse uniform\u00e9ment dans toute la voiture pour cr\u00e9er une ambiance propre, douce et chaleureuse.","og_url":"https:\/\/sella-industrie.com\/fr_fr\/produit\/musk-noir-\u0645\u0633\u0643-\u0623\u0633\u0648\u062f\/","og_site_name":"Boutique &quot;V6&quot;","article_modified_time":"2026-03-23T10:57:58+00:00","og_image":[{"width":1000,"height":1000,"url":"https:\/\/sella-industrie.com\/wp-content\/uploads\/2024\/06\/MUSK-NOIR-DIFFEREN-11-ML.png","type":"image\/png"}],"twitter_card":"summary_large_image","twitter_misc":{"Prix":"&#x62f;.&#x62c;&nbsp;1.000","Disponibilit\u00e9":"En stock"},"schema":{"@context":"https:\/\/schema.org","@graph":[{"@type":"WebPage","@id":"https:\/\/sella-industrie.com\/produit\/musk-noir-%d9%85%d8%b3%d9%83-%d8%a3%d8%b3%d9%88%d8%af\/","url":"https:\/\/sella-industrie.com\/produit\/musk-noir-%d9%85%d8%b3%d9%83-%d8%a3%d8%b3%d9%88%d8%af\/","name":"Fragrance voiture MUSK NOIR - Boutique &quot;V6&quot;","isPartOf":{"@id":"https:\/\/sella-industrie.com\/#website"},"primaryImageOfPage":{"@id":"https:\/\/sella-industrie.com\/produit\/musk-noir-%d9%85%d8%b3%d9%83-%d8%a3%d8%b3%d9%88%d8%af\/#primaryimage"},"image":{"@id":"https:\/\/sella-industrie.com\/produit\/musk-noir-%d9%85%d8%b3%d9%83-%d8%a3%d8%b3%d9%88%d8%af\/#primaryimage"},"thumbnailUrl":"https:\/\/sella-industrie.com\/wp-content\/uploads\/2025\/06\/DIFFEREN-VIOLET.webp","datePublished":"2025-06-26T13:44:52+00:00","dateModified":"2026-03-23T10:57:58+00:00","breadcrumb":{"@id":"https:\/\/sella-industrie.com\/produit\/musk-noir-%d9%85%d8%b3%d9%83-%d8%a3%d8%b3%d9%88%d8%af\/#breadcrumb"},"inLanguage":"fr-FR","potentialAction":[{"@type":"ReadAction","target":["https:\/\/sella-industrie.com\/produit\/musk-noir-%d9%85%d8%b3%d9%83-%d8%a3%d8%b3%d9%88%d8%af\/"]}]},{"@type":"ImageObject","inLanguage":"fr-FR","@id":"https:\/\/sella-industrie.com\/produit\/musk-noir-%d9%85%d8%b3%d9%83-%d8%a3%d8%b3%d9%88%d8%af\/#primaryimage","url":"https:\/\/sella-industrie.com\/wp-content\/uploads\/2025\/06\/DIFFEREN-VIOLET.webp","contentUrl":"https:\/\/sella-industrie.com\/wp-content\/uploads\/2025\/06\/DIFFEREN-VIOLET.webp","width":1000,"height":1000,"caption":"Fragrance voiture MUSK NOIR"},{"@type":"BreadcrumbList","@id":"https:\/\/sella-industrie.com\/produit\/musk-noir-%d9%85%d8%b3%d9%83-%d8%a3%d8%b3%d9%88%d8%af\/#breadcrumb","itemListElement":[{"@type":"ListItem","position":1,"name":"Accueil","item":"https:\/\/sella-industrie.com\/fr_fr\/"},{"@type":"ListItem","position":2,"name":"Shop","item":"https:\/\/sella-industrie.com\/fr_fr\/shop\/"},{"@type":"ListItem","position":3,"name":"Parfums Auto","item":"https:\/\/sella-industrie.com\/categorie-produit\/parfums-auto\/"},{"@type":"ListItem","position":4,"name":"MUSK NOIR"}]},{"@type":"WebSite","@id":"https:\/\/sella-industrie.com\/#website","url":"https:\/\/sella-industrie.com\/","name":"Boutique &quot;V6&quot;","description":"We care for your car","publisher":{"@id":"https:\/\/sella-industrie.com\/#organization"},"potentialAction":[{"@type":"SearchAction","target":{"@type":"EntryPoint","urlTemplate":"https:\/\/sella-industrie.com\/?s={search_term_string}"},"query-input":{"@type":"PropertyValueSpecification","valueRequired":true,"valueName":"search_term_string"}}],"inLanguage":"fr-FR"},{"@type":"Organization","@id":"https:\/\/sella-industrie.com\/#organization","name":"Boutique &quot;V6&quot;","url":"https:\/\/sella-industrie.com\/","logo":{"@type":"ImageObject","inLanguage":"fr-FR","@id":"https:\/\/sella-industrie.com\/#\/schema\/logo\/image\/","url":"","contentUrl":"","caption":"Boutique &quot;V6&quot;"},"image":{"@id":"https:\/\/sella-industrie.com\/#\/schema\/logo\/image\/"}}]},"product_price_amount":"1000","product_price_currency":"DZD","og_availability":"instock","product_availability":"instock","product_condition":"new"},"_links":{"self":[{"href":"https:\/\/sella-industrie.com\/fr_fr\/wp-json\/wp\/v2\/product\/34545","targetHints":{"allow":["GET"]}}],"collection":[{"href":"https:\/\/sella-industrie.com\/fr_fr\/wp-json\/wp\/v2\/product"}],"about":[{"href":"https:\/\/sella-industrie.com\/fr_fr\/wp-json\/wp\/v2\/types\/product"}],"replies":[{"embeddable":true,"href":"https:\/\/sella-industrie.com\/fr_fr\/wp-json\/wp\/v2\/comments?post=34545"}],"wp:featuredmedia":[{"embeddable":true,"href":"https:\/\/sella-industrie.com\/fr_fr\/wp-json\/wp\/v2\/media\/37999"}],"wp:attachment":[{"href":"https:\/\/sella-industrie.com\/fr_fr\/wp-json\/wp\/v2\/media?parent=34545"}],"wp:term":[{"taxonomy":"product_brand","embeddable":true,"href":"https:\/\/sella-industrie.com\/fr_fr\/wp-json\/wp\/v2\/product_brand?post=34545"},{"taxonomy":"product_cat","embeddable":true,"href":"https:\/\/sella-industrie.com\/fr_fr\/wp-json\/wp\/v2\/product_cat?post=34545"},{"taxonomy":"product_tag","embeddable":true,"href":"https:\/\/sella-industrie.com\/fr_fr\/wp-json\/wp\/v2\/product_tag?post=34545"}],"curies":[{"name":"wp","href":"https:\/\/api.w.org\/{rel}","templated":true}]}}