{"id":34537,"date":"2025-06-26T13:12:52","date_gmt":"2025-06-26T13:12:52","guid":{"rendered":"https:\/\/sellaindustrie.com\/?post_type=product&#038;p=34537"},"modified":"2026-04-23T09:00:52","modified_gmt":"2026-04-23T09:00:52","slug":"parfum-ambiance-feu-nordique-maison-voiture-%d9%85%d8%b9%d8%b7%d8%b1-%d8%ac%d9%88-%d8%af%d9%81%d8%a6-%d8%b4%d9%85%d8%a7%d9%84%d9%8a","status":"publish","type":"product","link":"https:\/\/sella-industrie.com\/fr_fr\/produit\/parfum-ambiance-feu-nordique-maison-voiture-%d9%85%d8%b9%d8%b7%d8%b1-%d8%ac%d9%88-%d8%af%d9%81%d8%a6-%d8%b4%d9%85%d8%a7%d9%84%d9%8a\/","title":{"rendered":"Parfum d&rsquo;ambiance FEU NORDIQUE"},"content":{"rendered":"<h2 style=\"text-align: center;\"><\/h2>\n<h2 style=\"text-align: center;\" data-start=\"456\" data-end=\"644\"><strong>Parfum d&rsquo;ambiance FEU NORDIQUE \u0645\u0639\u0637\u0631 \u062c\u0648 \u062f\u0641\u0626 \u0634\u0645\u0627\u0644\u064a<\/strong><\/h2>\n<p data-start=\"456\" data-end=\"644\"><strong>Parfum d&rsquo;ambiance FEU NORDIQUE<\/strong>, SELLA 280 ml, 85% base naturelle sans alcool. Id\u00e9al pour maison, textiles et voiture. Fra\u00eecheur v\u00e9g\u00e9tale, apaisante et durable. Id\u00e9ale pour cr\u00e9er une atmosph\u00e8re propre et relaxante dans vos espaces. Une fragrance bois\u00e9e et fra\u00eeche inspir\u00e9e des paysages nordiques, intense et longue dur\u00e9e. Il d\u00e9voile une dualit\u00e9 fascinante qui transforme l\u2019atmosph\u00e8re de votre <a href=\"https:\/\/sella-industrie.com\/fr_fr\/produit\/feu-etincelant-%d8%b4%d8%b9%d9%84%d8%a9-%d9%86%d8%a7%d8%b1%d9%8a%d8%a9\/\">maison<\/a> ou de votre <a href=\"https:\/\/www.instagram.com\/v6_accessoires_auto?igsh=aXE2NjUwOG5xNnQz\" target=\"_blank\" rel=\"noopener\">voiture<\/a>. La formule sans alcool permet une diffusion homog\u00e8ne, sans agressivit\u00e9 pour les surfaces ou l\u2019environnement.<\/p>\n<p style=\"text-align: right;\"><strong>\u0645\u0639\u0637\u0631 \u062c\u0648 \u062f\u0641\u0626 \u0634\u0645\u0627\u0644\u064a<\/strong>\u060c 280 \u0645\u0644\u060c \u0642\u0627\u0639\u062f\u0629 \u0637\u0628\u064a\u0639\u064a\u0629 85 \u066a\u060c \u062e\u0627\u0644\u064d \u0645\u0646 \u0627\u0644\u0643\u062d\u0648\u0644\u060c \u0645\u062b\u0627\u0644\u064a \u0644\u0644\u0645\u0646\u0632\u0644 \u0648\u0627\u0644\u0645\u0646\u0633\u0648\u062c\u0627\u062a \u0648\u0627\u0644\u0633\u064a\u0627\u0631\u0629\u060c \u0628\u0631\u062f \u0645\u0639 \u062f\u0641\u0626 \u0634\u0645\u0627\u0644\u064a \u062e\u0634\u0628\u064a \u0645\u0630\u0647\u0644\u060c \u062b\u0646\u0627\u0626\u064a\u0629 <strong>\u0622\u0633\u0631\u0629<\/strong>\u060c \u0627\u0646\u062a\u0639\u0627\u0634 \u0646\u0628\u0627\u062a\u064a \u0645\u0647\u062f\u0626 \u064a\u062f\u0648\u0645 \u0637\u0648\u064a\u0644\u0627\u064b\u060c \u0645\u062b\u0627\u0644\u064a \u0644\u062e\u0644\u0642 \u062c\u0648 \u0646\u0638\u064a\u0641 \u0648\u0645\u0631\u064a\u062d \u0641\u064a \u0645\u0633\u0627\u062d\u0627\u062a\u0643\u060c \u0639\u0637\u0631 \u062e\u0634\u0628\u064a \u0645\u0646\u0639\u0634 \u0645\u0633\u062a\u0648\u062d\u0649 \u0645\u0646 \u0627\u0644\u0645\u0646\u0627\u0638\u0631 \u0627\u0644\u0637\u0628\u064a\u0639\u064a\u0629 \u0627\u0644\u0634\u0645\u0627\u0644\u064a\u0629\u060c \u0642\u0648\u064a \u0648\u064a\u062f\u0648\u0645 \u0637\u0648\u064a\u0644\u0627\u064b\u060c \u064a\u0643\u0634\u0641 \u0639\u0646 \u0627\u0632\u062f\u0648\u0627\u062c\u064a\u0629 \u0631\u0627\u0626\u0639\u0629 \u062a\u064f\u063a\u064a\u0631 \u0623\u062c\u0648\u0627\u0621 \u0645\u0646\u0632\u0644\u0643 \u0623\u0648 \u0633\u064a\u0627\u0631\u062a\u0643\u060c \u062a\u0631\u0643\u064a\u0628\u0629 \u062e\u0627\u0644\u064a\u0629 \u0645\u0646 \u0627\u0644\u0643\u062d\u0648\u0644 \u062a\u0633\u0645\u062d \u0628\u0627\u0646\u062a\u0634\u0627\u0631 \u0645\u062a\u0633\u0627\u0648\u064d\u060c \u062f\u0648\u0646 \u0625\u062a\u0644\u0627\u0641 \u0627\u0644\u0623\u0633\u0637\u062d \u0623\u0648 \u0627\u0644\u0628\u064a\u0626\u0629<\/p>\n<p><iframe loading=\"lazy\" title=\"Parfums 280 Ml\" width=\"500\" height=\"281\" src=\"https:\/\/www.youtube.com\/embed\/zeJY4fCR1dk?feature=oembed\" frameborder=\"0\" allow=\"accelerometer; autoplay; clipboard-write; encrypted-media; gyroscope; picture-in-picture; web-share\" referrerpolicy=\"strict-origin-when-cross-origin\" allowfullscreen><\/iframe><\/p>\n","protected":false},"excerpt":{"rendered":"<h1 style=\"text-align: center;\" data-start=\"456\" data-end=\"644\"><strong>\u0645\u0639\u0637\u0631 \u062c\u0648 \u062f\u0641\u0626 \u0634\u0645\u0627\u0644\u064a<\/strong><\/h1>\n<p style=\"text-align: left;\"><strong>Parfum d&rsquo;ambiance FEU NORDIQUE<\/strong>, SELLA 280 ml, 85% base naturelle sans alcool. Id\u00e9al pour maison, textiles et voiture. Fra\u00eecheur v\u00e9g\u00e9tale, apaisante et durable. Id\u00e9ale pour cr\u00e9er une atmosph\u00e8re propre et relaxante dans vos espaces. Une fragrance bois\u00e9e et fra\u00eeche inspir\u00e9e des paysages nordiques, intense et longue dur\u00e9e.<\/p>\n","protected":false},"featured_media":37975,"comment_status":"open","ping_status":"closed","template":"","meta":[],"product_brand":[293],"product_cat":[931],"product_tag":[],"class_list":{"0":"post-34537","1":"product","2":"type-product","3":"status-publish","4":"has-post-thumbnail","6":"product_brand-sella","7":"product_cat-parfums-dambiance-sella-280-ml","9":"first","10":"instock","11":"taxable","12":"shipping-taxable","13":"purchasable","14":"product-type-simple"},"yoast_head":"<!-- This site is optimized with the Yoast SEO Premium plugin v27.1 (Yoast SEO v27.4) - https:\/\/yoast.com\/product\/yoast-seo-premium-wordpress\/ -->\n<title>Parfum d&#039;ambiance FEU NORDIQUE - Boutique &quot;V6&quot;<\/title>\n<meta name=\"description\" content=\"Parfum FEU NORDIQUE, SELLA 280 ml, 85% base naturelle, sans alcool. Une fragrance bois\u00e9e fra\u00eeche inspir\u00e9e des paysages nordiques pour maisons et voitures.\" \/>\n<meta name=\"robots\" content=\"index, follow, max-snippet:-1, max-image-preview:large, max-video-preview:-1\" \/>\n<link rel=\"canonical\" href=\"https:\/\/sella-industrie.com\/fr_fr\/produit\/parfum-ambiance-feu-nordique-maison-voiture-\u0645\u0639\u0637\u0631-\u062c\u0648-\u062f\u0641\u0626-\u0634\u0645\u0627\u0644\u064a\/\" \/>\n<meta property=\"og:locale\" content=\"fr_FR\" \/>\n<meta property=\"og:type\" content=\"article\" \/>\n<meta property=\"og:title\" content=\"Parfum d&#039;ambiance FEU NORDIQUE\" \/>\n<meta property=\"og:description\" content=\"Parfum FEU NORDIQUE, SELLA 280 ml, 85% base naturelle, sans alcool. Une fragrance bois\u00e9e fra\u00eeche inspir\u00e9e des paysages nordiques pour maisons et voitures.\" \/>\n<meta property=\"og:url\" content=\"https:\/\/sella-industrie.com\/fr_fr\/produit\/parfum-ambiance-feu-nordique-maison-voiture-\u0645\u0639\u0637\u0631-\u062c\u0648-\u062f\u0641\u0626-\u0634\u0645\u0627\u0644\u064a\/\" \/>\n<meta property=\"og:site_name\" content=\"Boutique &quot;V6&quot;\" \/>\n<meta property=\"article:publisher\" content=\"https:\/\/www.facebook.com\/V6accessoiresauto?mibextid=wwXIfr&amp;rdid=07l1PwXhFBuWBfmW&amp;share_url=httpswww.facebook.comshare169W2vbvizmibextidwwXIfr#\" \/>\n<meta property=\"article:modified_time\" content=\"2026-04-23T09:00:52+00:00\" \/>\n<meta property=\"og:image\" content=\"https:\/\/sella-industrie.com\/wp-content\/uploads\/2025\/06\/FEU-NORDIQUE-280-ML-.webp\" \/>\n\t<meta property=\"og:image:width\" content=\"1000\" \/>\n\t<meta property=\"og:image:height\" content=\"1000\" \/>\n\t<meta property=\"og:image:type\" content=\"image\/webp\" \/>\n<meta name=\"twitter:card\" content=\"summary_large_image\" \/>\n<meta name=\"twitter:label1\" content=\"Prix\" \/>\n\t<meta name=\"twitter:data1\" content=\"&#x62f;.&#x62c;&nbsp;550\" \/>\n\t<meta name=\"twitter:label2\" content=\"Disponibilit\u00e9\" \/>\n\t<meta name=\"twitter:data2\" content=\"En stock\" \/>\n<script type=\"application\/ld+json\" class=\"yoast-schema-graph\">{\"@context\":\"https:\\\/\\\/schema.org\",\"@graph\":[{\"@type\":\"WebPage\",\"@id\":\"https:\\\/\\\/sella-industrie.com\\\/produit\\\/parfum-ambiance-feu-nordique-maison-voiture-%d9%85%d8%b9%d8%b7%d8%b1-%d8%ac%d9%88-%d8%af%d9%81%d8%a6-%d8%b4%d9%85%d8%a7%d9%84%d9%8a\\\/\",\"url\":\"https:\\\/\\\/sella-industrie.com\\\/produit\\\/parfum-ambiance-feu-nordique-maison-voiture-%d9%85%d8%b9%d8%b7%d8%b1-%d8%ac%d9%88-%d8%af%d9%81%d8%a6-%d8%b4%d9%85%d8%a7%d9%84%d9%8a\\\/\",\"name\":\"Parfum d'ambiance FEU NORDIQUE - Boutique &quot;V6&quot;\",\"isPartOf\":{\"@id\":\"https:\\\/\\\/sella-industrie.com\\\/#website\"},\"primaryImageOfPage\":{\"@id\":\"https:\\\/\\\/sella-industrie.com\\\/produit\\\/parfum-ambiance-feu-nordique-maison-voiture-%d9%85%d8%b9%d8%b7%d8%b1-%d8%ac%d9%88-%d8%af%d9%81%d8%a6-%d8%b4%d9%85%d8%a7%d9%84%d9%8a\\\/#primaryimage\"},\"image\":{\"@id\":\"https:\\\/\\\/sella-industrie.com\\\/produit\\\/parfum-ambiance-feu-nordique-maison-voiture-%d9%85%d8%b9%d8%b7%d8%b1-%d8%ac%d9%88-%d8%af%d9%81%d8%a6-%d8%b4%d9%85%d8%a7%d9%84%d9%8a\\\/#primaryimage\"},\"thumbnailUrl\":\"https:\\\/\\\/sella-industrie.com\\\/wp-content\\\/uploads\\\/2025\\\/06\\\/FEU-NORDIQUE-280-ML-.webp\",\"datePublished\":\"2025-06-26T13:12:52+00:00\",\"dateModified\":\"2026-04-23T09:00:52+00:00\",\"description\":\"Parfum FEU NORDIQUE, SELLA 280 ml, 85% base naturelle, sans alcool. Une fragrance bois\u00e9e fra\u00eeche inspir\u00e9e des paysages nordiques pour maisons et voitures.\",\"breadcrumb\":{\"@id\":\"https:\\\/\\\/sella-industrie.com\\\/produit\\\/parfum-ambiance-feu-nordique-maison-voiture-%d9%85%d8%b9%d8%b7%d8%b1-%d8%ac%d9%88-%d8%af%d9%81%d8%a6-%d8%b4%d9%85%d8%a7%d9%84%d9%8a\\\/#breadcrumb\"},\"inLanguage\":\"fr-FR\",\"potentialAction\":[{\"@type\":\"ReadAction\",\"target\":[\"https:\\\/\\\/sella-industrie.com\\\/produit\\\/parfum-ambiance-feu-nordique-maison-voiture-%d9%85%d8%b9%d8%b7%d8%b1-%d8%ac%d9%88-%d8%af%d9%81%d8%a6-%d8%b4%d9%85%d8%a7%d9%84%d9%8a\\\/\"]}]},{\"@type\":\"ImageObject\",\"inLanguage\":\"fr-FR\",\"@id\":\"https:\\\/\\\/sella-industrie.com\\\/produit\\\/parfum-ambiance-feu-nordique-maison-voiture-%d9%85%d8%b9%d8%b7%d8%b1-%d8%ac%d9%88-%d8%af%d9%81%d8%a6-%d8%b4%d9%85%d8%a7%d9%84%d9%8a\\\/#primaryimage\",\"url\":\"https:\\\/\\\/sella-industrie.com\\\/wp-content\\\/uploads\\\/2025\\\/06\\\/FEU-NORDIQUE-280-ML-.webp\",\"contentUrl\":\"https:\\\/\\\/sella-industrie.com\\\/wp-content\\\/uploads\\\/2025\\\/06\\\/FEU-NORDIQUE-280-ML-.webp\",\"width\":1000,\"height\":1000,\"caption\":\"Parfum d'ambiance FEU NORDIQUE\"},{\"@type\":\"BreadcrumbList\",\"@id\":\"https:\\\/\\\/sella-industrie.com\\\/produit\\\/parfum-ambiance-feu-nordique-maison-voiture-%d9%85%d8%b9%d8%b7%d8%b1-%d8%ac%d9%88-%d8%af%d9%81%d8%a6-%d8%b4%d9%85%d8%a7%d9%84%d9%8a\\\/#breadcrumb\",\"itemListElement\":[{\"@type\":\"ListItem\",\"position\":1,\"name\":\"Accueil\",\"item\":\"https:\\\/\\\/sella-industrie.com\\\/fr_fr\\\/\"},{\"@type\":\"ListItem\",\"position\":2,\"name\":\"Shop\",\"item\":\"https:\\\/\\\/sella-industrie.com\\\/fr_fr\\\/shop\\\/\"},{\"@type\":\"ListItem\",\"position\":3,\"name\":\"Parfums D'Ambiance SELLA 280 ml\",\"item\":\"https:\\\/\\\/sella-industrie.com\\\/categorie-produit\\\/parfums-dambiance-sella-280-ml\\\/\"},{\"@type\":\"ListItem\",\"position\":4,\"name\":\"Parfum d&rsquo;ambiance FEU NORDIQUE\"}]},{\"@type\":\"WebSite\",\"@id\":\"https:\\\/\\\/sella-industrie.com\\\/#website\",\"url\":\"https:\\\/\\\/sella-industrie.com\\\/\",\"name\":\"Boutique \\\"V6\\\"\",\"description\":\"We care for your car\",\"publisher\":{\"@id\":\"https:\\\/\\\/sella-industrie.com\\\/#organization\"},\"potentialAction\":[{\"@type\":\"SearchAction\",\"target\":{\"@type\":\"EntryPoint\",\"urlTemplate\":\"https:\\\/\\\/sella-industrie.com\\\/?s={search_term_string}\"},\"query-input\":{\"@type\":\"PropertyValueSpecification\",\"valueRequired\":true,\"valueName\":\"search_term_string\"}}],\"inLanguage\":\"fr-FR\"},{\"@type\":\"Organization\",\"@id\":\"https:\\\/\\\/sella-industrie.com\\\/#organization\",\"name\":\"Boutique \\\"V6\\\"\",\"url\":\"https:\\\/\\\/sella-industrie.com\\\/\",\"logo\":{\"@type\":\"ImageObject\",\"inLanguage\":\"fr-FR\",\"@id\":\"https:\\\/\\\/sella-industrie.com\\\/#\\\/schema\\\/logo\\\/image\\\/\",\"url\":\"https:\\\/\\\/sella-industrie.com\\\/wp-content\\\/uploads\\\/2024\\\/05\\\/LOGO-V6-PNG-1.png\",\"contentUrl\":\"https:\\\/\\\/sella-industrie.com\\\/wp-content\\\/uploads\\\/2024\\\/05\\\/LOGO-V6-PNG-1.png\",\"width\":797,\"height\":517,\"caption\":\"Boutique \\\"V6\\\"\"},\"image\":{\"@id\":\"https:\\\/\\\/sella-industrie.com\\\/#\\\/schema\\\/logo\\\/image\\\/\"},\"sameAs\":[\"https:\\\/\\\/www.facebook.com\\\/V6accessoiresauto?mibextid=wwXIfr&rdid=07l1PwXhFBuWBfmW&share_url=httpswww.facebook.comshare169W2vbvizmibextidwwXIfr#\",\"https:\\\/\\\/www.tiktok.com\\\/@v6.accessoires.au\",\"https:\\\/\\\/www.instagram.com\\\/v6_accessoires_auto?igsh=aXE2NjUwOG5xNnQz\",\"https:\\\/\\\/www.youtube.com\\\/channel\\\/UCtkk-L1mBLEmRweenaR4s7w\"]}]}<\/script>\n<meta property=\"product:price:amount\" content=\"550\" \/>\n<meta property=\"product:price:currency\" content=\"DZD\" \/>\n<meta property=\"og:availability\" content=\"instock\" \/>\n<meta property=\"product:availability\" content=\"instock\" \/>\n<meta property=\"product:condition\" content=\"new\" \/>\n<!-- \/ Yoast SEO Premium plugin. -->","yoast_head_json":{"title":"Parfum d'ambiance FEU NORDIQUE - Boutique &quot;V6&quot;","description":"Parfum FEU NORDIQUE, SELLA 280 ml, 85% base naturelle, sans alcool. Une fragrance bois\u00e9e fra\u00eeche inspir\u00e9e des paysages nordiques pour maisons et voitures.","robots":{"index":"index","follow":"follow","max-snippet":"max-snippet:-1","max-image-preview":"max-image-preview:large","max-video-preview":"max-video-preview:-1"},"canonical":"https:\/\/sella-industrie.com\/fr_fr\/produit\/parfum-ambiance-feu-nordique-maison-voiture-\u0645\u0639\u0637\u0631-\u062c\u0648-\u062f\u0641\u0626-\u0634\u0645\u0627\u0644\u064a\/","og_locale":"fr_FR","og_type":"article","og_title":"Parfum d'ambiance FEU NORDIQUE","og_description":"Parfum FEU NORDIQUE, SELLA 280 ml, 85% base naturelle, sans alcool. Une fragrance bois\u00e9e fra\u00eeche inspir\u00e9e des paysages nordiques pour maisons et voitures.","og_url":"https:\/\/sella-industrie.com\/fr_fr\/produit\/parfum-ambiance-feu-nordique-maison-voiture-\u0645\u0639\u0637\u0631-\u062c\u0648-\u062f\u0641\u0626-\u0634\u0645\u0627\u0644\u064a\/","og_site_name":"Boutique &quot;V6&quot;","article_publisher":"https:\/\/www.facebook.com\/V6accessoiresauto?mibextid=wwXIfr&rdid=07l1PwXhFBuWBfmW&share_url=httpswww.facebook.comshare169W2vbvizmibextidwwXIfr#","article_modified_time":"2026-04-23T09:00:52+00:00","og_image":[{"width":1000,"height":1000,"url":"https:\/\/sella-industrie.com\/wp-content\/uploads\/2025\/06\/FEU-NORDIQUE-280-ML-.webp","type":"image\/webp"}],"twitter_card":"summary_large_image","twitter_misc":{"Prix":"&#x62f;.&#x62c;&nbsp;550","Disponibilit\u00e9":"En stock"},"schema":{"@context":"https:\/\/schema.org","@graph":[{"@type":"WebPage","@id":"https:\/\/sella-industrie.com\/produit\/parfum-ambiance-feu-nordique-maison-voiture-%d9%85%d8%b9%d8%b7%d8%b1-%d8%ac%d9%88-%d8%af%d9%81%d8%a6-%d8%b4%d9%85%d8%a7%d9%84%d9%8a\/","url":"https:\/\/sella-industrie.com\/produit\/parfum-ambiance-feu-nordique-maison-voiture-%d9%85%d8%b9%d8%b7%d8%b1-%d8%ac%d9%88-%d8%af%d9%81%d8%a6-%d8%b4%d9%85%d8%a7%d9%84%d9%8a\/","name":"Parfum d'ambiance FEU NORDIQUE - Boutique &quot;V6&quot;","isPartOf":{"@id":"https:\/\/sella-industrie.com\/#website"},"primaryImageOfPage":{"@id":"https:\/\/sella-industrie.com\/produit\/parfum-ambiance-feu-nordique-maison-voiture-%d9%85%d8%b9%d8%b7%d8%b1-%d8%ac%d9%88-%d8%af%d9%81%d8%a6-%d8%b4%d9%85%d8%a7%d9%84%d9%8a\/#primaryimage"},"image":{"@id":"https:\/\/sella-industrie.com\/produit\/parfum-ambiance-feu-nordique-maison-voiture-%d9%85%d8%b9%d8%b7%d8%b1-%d8%ac%d9%88-%d8%af%d9%81%d8%a6-%d8%b4%d9%85%d8%a7%d9%84%d9%8a\/#primaryimage"},"thumbnailUrl":"https:\/\/sella-industrie.com\/wp-content\/uploads\/2025\/06\/FEU-NORDIQUE-280-ML-.webp","datePublished":"2025-06-26T13:12:52+00:00","dateModified":"2026-04-23T09:00:52+00:00","description":"Parfum FEU NORDIQUE, SELLA 280 ml, 85% base naturelle, sans alcool. Une fragrance bois\u00e9e fra\u00eeche inspir\u00e9e des paysages nordiques pour maisons et voitures.","breadcrumb":{"@id":"https:\/\/sella-industrie.com\/produit\/parfum-ambiance-feu-nordique-maison-voiture-%d9%85%d8%b9%d8%b7%d8%b1-%d8%ac%d9%88-%d8%af%d9%81%d8%a6-%d8%b4%d9%85%d8%a7%d9%84%d9%8a\/#breadcrumb"},"inLanguage":"fr-FR","potentialAction":[{"@type":"ReadAction","target":["https:\/\/sella-industrie.com\/produit\/parfum-ambiance-feu-nordique-maison-voiture-%d9%85%d8%b9%d8%b7%d8%b1-%d8%ac%d9%88-%d8%af%d9%81%d8%a6-%d8%b4%d9%85%d8%a7%d9%84%d9%8a\/"]}]},{"@type":"ImageObject","inLanguage":"fr-FR","@id":"https:\/\/sella-industrie.com\/produit\/parfum-ambiance-feu-nordique-maison-voiture-%d9%85%d8%b9%d8%b7%d8%b1-%d8%ac%d9%88-%d8%af%d9%81%d8%a6-%d8%b4%d9%85%d8%a7%d9%84%d9%8a\/#primaryimage","url":"https:\/\/sella-industrie.com\/wp-content\/uploads\/2025\/06\/FEU-NORDIQUE-280-ML-.webp","contentUrl":"https:\/\/sella-industrie.com\/wp-content\/uploads\/2025\/06\/FEU-NORDIQUE-280-ML-.webp","width":1000,"height":1000,"caption":"Parfum d'ambiance FEU NORDIQUE"},{"@type":"BreadcrumbList","@id":"https:\/\/sella-industrie.com\/produit\/parfum-ambiance-feu-nordique-maison-voiture-%d9%85%d8%b9%d8%b7%d8%b1-%d8%ac%d9%88-%d8%af%d9%81%d8%a6-%d8%b4%d9%85%d8%a7%d9%84%d9%8a\/#breadcrumb","itemListElement":[{"@type":"ListItem","position":1,"name":"Accueil","item":"https:\/\/sella-industrie.com\/fr_fr\/"},{"@type":"ListItem","position":2,"name":"Shop","item":"https:\/\/sella-industrie.com\/fr_fr\/shop\/"},{"@type":"ListItem","position":3,"name":"Parfums D'Ambiance SELLA 280 ml","item":"https:\/\/sella-industrie.com\/categorie-produit\/parfums-dambiance-sella-280-ml\/"},{"@type":"ListItem","position":4,"name":"Parfum d&rsquo;ambiance FEU NORDIQUE"}]},{"@type":"WebSite","@id":"https:\/\/sella-industrie.com\/#website","url":"https:\/\/sella-industrie.com\/","name":"Boutique \"V6\"","description":"We care for your car","publisher":{"@id":"https:\/\/sella-industrie.com\/#organization"},"potentialAction":[{"@type":"SearchAction","target":{"@type":"EntryPoint","urlTemplate":"https:\/\/sella-industrie.com\/?s={search_term_string}"},"query-input":{"@type":"PropertyValueSpecification","valueRequired":true,"valueName":"search_term_string"}}],"inLanguage":"fr-FR"},{"@type":"Organization","@id":"https:\/\/sella-industrie.com\/#organization","name":"Boutique \"V6\"","url":"https:\/\/sella-industrie.com\/","logo":{"@type":"ImageObject","inLanguage":"fr-FR","@id":"https:\/\/sella-industrie.com\/#\/schema\/logo\/image\/","url":"https:\/\/sella-industrie.com\/wp-content\/uploads\/2024\/05\/LOGO-V6-PNG-1.png","contentUrl":"https:\/\/sella-industrie.com\/wp-content\/uploads\/2024\/05\/LOGO-V6-PNG-1.png","width":797,"height":517,"caption":"Boutique \"V6\""},"image":{"@id":"https:\/\/sella-industrie.com\/#\/schema\/logo\/image\/"},"sameAs":["https:\/\/www.facebook.com\/V6accessoiresauto?mibextid=wwXIfr&rdid=07l1PwXhFBuWBfmW&share_url=httpswww.facebook.comshare169W2vbvizmibextidwwXIfr#","https:\/\/www.tiktok.com\/@v6.accessoires.au","https:\/\/www.instagram.com\/v6_accessoires_auto?igsh=aXE2NjUwOG5xNnQz","https:\/\/www.youtube.com\/channel\/UCtkk-L1mBLEmRweenaR4s7w"]}]},"product_price_amount":"550","product_price_currency":"DZD","og_availability":"instock","product_availability":"instock","product_condition":"new"},"_links":{"self":[{"href":"https:\/\/sella-industrie.com\/fr_fr\/wp-json\/wp\/v2\/product\/34537","targetHints":{"allow":["GET"]}}],"collection":[{"href":"https:\/\/sella-industrie.com\/fr_fr\/wp-json\/wp\/v2\/product"}],"about":[{"href":"https:\/\/sella-industrie.com\/fr_fr\/wp-json\/wp\/v2\/types\/product"}],"replies":[{"embeddable":true,"href":"https:\/\/sella-industrie.com\/fr_fr\/wp-json\/wp\/v2\/comments?post=34537"}],"wp:featuredmedia":[{"embeddable":true,"href":"https:\/\/sella-industrie.com\/fr_fr\/wp-json\/wp\/v2\/media\/37975"}],"wp:attachment":[{"href":"https:\/\/sella-industrie.com\/fr_fr\/wp-json\/wp\/v2\/media?parent=34537"}],"wp:term":[{"taxonomy":"product_brand","embeddable":true,"href":"https:\/\/sella-industrie.com\/fr_fr\/wp-json\/wp\/v2\/product_brand?post=34537"},{"taxonomy":"product_cat","embeddable":true,"href":"https:\/\/sella-industrie.com\/fr_fr\/wp-json\/wp\/v2\/product_cat?post=34537"},{"taxonomy":"product_tag","embeddable":true,"href":"https:\/\/sella-industrie.com\/fr_fr\/wp-json\/wp\/v2\/product_tag?post=34537"}],"curies":[{"name":"wp","href":"https:\/\/api.w.org\/{rel}","templated":true}]}}