{"id":34536,"date":"2025-06-26T13:08:11","date_gmt":"2025-06-26T13:08:11","guid":{"rendered":"https:\/\/sellaindustrie.com\/?post_type=product&#038;p=34536"},"modified":"2026-03-19T13:28:00","modified_gmt":"2026-03-19T13:28:00","slug":"parfum-ambiance-rose-noire-cassis-280ml-%d9%88%d8%b1%d8%af%d8%a9-%d8%b3%d9%88%d8%af%d8%a7%d8%a1-%d9%88%d9%83%d8%b3%d9%8a%d8%b3","status":"publish","type":"product","link":"https:\/\/sella-industrie.com\/fr_fr\/produit\/parfum-ambiance-rose-noire-cassis-280ml-%d9%88%d8%b1%d8%af%d8%a9-%d8%b3%d9%88%d8%af%d8%a7%d8%a1-%d9%88%d9%83%d8%b3%d9%8a%d8%b3\/","title":{"rendered":"Parfum d&rsquo;ambiance ROSE NOIRE &#038; CASSIS"},"content":{"rendered":"<h2 style=\"text-align: center;\">Parfum d&rsquo;ambiance ROSE NOIRE &amp; CASSIS \u0645\u0639\u0637\u0631 \u062c\u0648 \u0648\u0631\u062f\u0629 \u0633\u0648\u062f\u0627\u0621 \u0648\u0643\u0633\u064a\u0633<\/h2>\n<p style=\"text-align: left;\">Parfum d&rsquo;ambiance ROSE NOIRE &amp; CASSIS, 280 ml, 85% base naturelle sans alcool. Id\u00e9al pour maison, textiles et voiture. Fra\u00eecheur v\u00e9g\u00e9tale, apaisante et durable. Id\u00e9ale pour cr\u00e9er une atmosph\u00e8re propre et <a href=\"https:\/\/sella-industrie.com\/fr_fr\/produit\/nuit-noire-%d8%a8%d9%85%d8%a8%d9%84%d9%8a%d9%85%d9%88%d8%b3-%d9%88%d9%83%d8%b3%d9%8a%d8%b3\/\">relaxante dans vos espaces<\/a>. Il diffuse une fragrance raffin\u00e9e, \u00e0 la fois florale et fruit\u00e9e, parfaite pour cr\u00e9er une atmosph\u00e8re \u00e9l\u00e9gante et apaisante dans vos espaces. L\u2019alliance de la rose noire intense et du cassis p\u00e9tillant offre une exp\u00e9rience olfactive unique, \u00e0 la fois douce, <a href=\"https:\/\/www.instagram.com\/v6_accessoires_auto?igsh=aXE2NjUwOG5xNnQz\" target=\"_blank\" rel=\"noopener\">moderne et s\u00e9duisante<\/a>. Il se distingue par sa signature olfactive \u00e9l\u00e9gante : notes florales profondes de rose noire, accords fruit\u00e9s et l\u00e9g\u00e8rement acidul\u00e9s de cassis, sensation de fra\u00eecheur et de douceur, sillage chic et s\u00e9duisant. Une fragrance id\u00e9ale pour une ambiance sophistiqu\u00e9e et chaleureuse.<\/p>\n<p style=\"text-align: right;\"><strong>\u0645\u0639\u0637\u0631 \u062c\u0648 \u0648\u0631\u062f\u0629 \u0633\u0648\u062f\u0627\u0621 \u0648\u0643\u0633\u064a\u0633<\/strong>\u060c 280 \u0645\u0644\u060c \u0642\u0627\u0639\u062f\u0629 \u0637\u0628\u064a\u0639\u064a\u0629 85%\u060c \u062e\u0627\u0644\u064d \u0645\u0646 \u0627\u0644\u0643\u062d\u0648\u0644\u060c \u0625\u063a\u0631\u0627\u0621 \u062f\u0627\u0643\u0646 \u0648\u062a\u0648\u062a \u0623\u062d\u0645\u0631\u060c \u0645\u0632\u064a\u062c \u0645\u0646 \u0627\u0644\u063a\u0645\u0648\u0636 \u0648\u0627\u0644\u062d\u0644\u0627\u0648\u0629\u060c \u0645\u062b\u0627\u0644\u064a \u0644\u0644\u0645\u0646\u0627\u0632\u0644 \u0648\u0627\u0644\u0645\u0646\u0633\u0648\u062c\u0627\u062a \u0648\u0627\u0644\u0633\u064a\u0627\u0631\u0627\u062a. \u0627\u0646\u062a\u0639\u0627\u0634 \u0646\u0628\u0627\u062a\u064a \u0645\u0647\u062f\u0626 \u064a\u062f\u0648\u0645 \u0637\u0648\u064a\u0644\u0627\u064b. \u0645\u062b\u0627\u0644\u064a \u0644\u062e\u0644\u0642 \u062c\u0648 \u0646\u0638\u064a\u0641 \u0648\u0645\u0631\u064a\u062d \u0641\u064a \u0645\u0633\u0627\u062d\u0627\u062a\u0643. \u064a\u0646\u0634\u0631 \u0639\u0637\u0631\u0627\u064b \u0631\u0627\u0642\u064a\u0627\u064b\u060c \u0632\u0647\u0631\u064a\u0627\u064b \u0648\u0641\u0627\u0643\u0647\u064a\u0627\u064b\u060c \u0645\u062b\u0627\u0644\u064a\u0627\u064b \u0644\u062e\u0644\u0642 \u0623\u062c\u0648\u0627\u0621 \u0623\u0646\u064a\u0642\u0629 \u0648\u0647\u0627\u062f\u0626\u0629. \u064a\u0642\u062f\u0645 \u0645\u0632\u064a\u062c \u0627\u0644\u0648\u0631\u062f \u0627\u0644\u0623\u0633\u0648\u062f \u0627\u0644\u0645\u0643\u062b\u0641 \u0648\u0627\u0644\u0643\u0634\u0645\u0634 \u0627\u0644\u0623\u0633\u0648\u062f \u0627\u0644\u0645\u062a\u0623\u0644\u0642 \u062a\u062c\u0631\u0628\u0629 \u0639\u0637\u0631\u064a\u0629 \u0641\u0631\u064a\u062f\u0629 \u0646\u0627\u0639\u0645\u0629 \u0648\u0639\u0635\u0631\u064a\u0629 \u0648\u062c\u0630\u0627\u0628\u0629. \u064a\u062a\u0645\u064a\u0632 \u0628\u0628\u0635\u0645\u062a\u0647 \u0627\u0644\u0639\u0637\u0631\u064a\u0629 \u0627\u0644\u0623\u0646\u064a\u0642\u0629: \u0646\u0641\u062d\u0627\u062a \u0632\u0647\u0631\u064a\u0629 \u0639\u0645\u064a\u0642\u0629 \u0645\u0646 \u0627\u0644\u0648\u0631\u062f \u0627\u0644\u0623\u0633\u0648\u062f\u060c \u0648\u0646\u0641\u062d\u0627\u062a \u0641\u0627\u0643\u0647\u064a\u0629 \u0648\u062d\u0627\u0645\u0636\u0629 \u0642\u0644\u064a\u0644\u0627\u064b \u0645\u0646 \u0627\u0644\u0643\u0634\u0645\u0634 \u0627\u0644\u0623\u0633\u0648\u062f\u060c \u0648\u0625\u062d\u0633\u0627\u0633 \u0628\u0627\u0644\u0627\u0646\u062a\u0639\u0627\u0634 \u0648\u0627\u0644\u062d\u0644\u0627\u0648\u0629\u060c \u0648\u0623\u062b\u0631 \u0639\u0637\u0631\u064a \u0623\u0646\u064a\u0642 \u0648\u062c\u0630\u0627\u0628. \u0639\u0637\u0631 \u0645\u062b\u0627\u0644\u064a \u0644\u0623\u062c\u0648\u0627\u0621 \u0631\u0627\u0642\u064a\u0629 \u0648\u0645\u0631\u062d\u0628\u0629<\/p>\n<p><iframe loading=\"lazy\" title=\"Parfums 280 Ml\" width=\"500\" height=\"281\" src=\"https:\/\/www.youtube.com\/embed\/zeJY4fCR1dk?feature=oembed\" frameborder=\"0\" allow=\"accelerometer; autoplay; clipboard-write; encrypted-media; gyroscope; picture-in-picture; web-share\" referrerpolicy=\"strict-origin-when-cross-origin\" allowfullscreen><\/iframe><\/p>\n","protected":false},"excerpt":{"rendered":"<h1 style=\"text-align: center;\">\u0645\u0639\u0637\u0631 \u062c\u0648 \u0648\u0631\u062f\u0629 \u0633\u0648\u062f\u0627\u0621 \u0648\u0643\u0633\u064a\u0633<\/h1>\n<p>Parfum d&rsquo;ambiance ROSE NOIRE &amp; CASSIS, 280 ml, 85% base naturelle sans alcool. Id\u00e9al pour maison, textiles et voiture. Fra\u00eecheur v\u00e9g\u00e9tale, apaisante et durable. Id\u00e9ale pour cr\u00e9er une atmosph\u00e8re propre et relaxante dans vos espaces.<\/p>\n","protected":false},"featured_media":37973,"comment_status":"open","ping_status":"closed","template":"","meta":[],"product_brand":[293],"product_cat":[931],"product_tag":[],"class_list":{"0":"post-34536","1":"product","2":"type-product","3":"status-publish","4":"has-post-thumbnail","6":"product_brand-sella","7":"product_cat-parfums-dambiance-sella-280-ml","9":"first","10":"instock","11":"taxable","12":"shipping-taxable","13":"purchasable","14":"product-type-simple"},"yoast_head":"<!-- This site is optimized with the Yoast SEO plugin v27.4 - https:\/\/yoast.com\/product\/yoast-seo-wordpress\/ -->\n<title>Parfum d&#039;ambiance ROSE NOIRE &amp; CASSIS - Boutique &quot;V6&quot;<\/title>\n<meta name=\"robots\" content=\"index, follow, max-snippet:-1, max-image-preview:large, max-video-preview:-1\" \/>\n<link rel=\"canonical\" href=\"https:\/\/sella-industrie.com\/fr_fr\/produit\/parfum-ambiance-rose-noire-cassis-280ml-\u0648\u0631\u062f\u0629-\u0633\u0648\u062f\u0627\u0621-\u0648\u0643\u0633\u064a\u0633\/\" \/>\n<meta property=\"og:locale\" content=\"fr_FR\" \/>\n<meta property=\"og:type\" content=\"article\" \/>\n<meta property=\"og:title\" content=\"Parfum d&#039;ambiance ROSE NOIRE &amp; CASSIS - Boutique &quot;V6&quot;\" \/>\n<meta property=\"og:description\" content=\"\u0645\u0639\u0637\u0631 \u062c\u0648 \u0648\u0631\u062f\u0629 \u0633\u0648\u062f\u0627\u0621 \u0648\u0643\u0633\u064a\u0633 Parfum d&#039;ambiance ROSE NOIRE &amp; CASSIS, 280 ml, 85% base naturelle sans alcool. Id\u00e9al pour maison, textiles et voiture. Fra\u00eecheur v\u00e9g\u00e9tale, apaisante et durable. Id\u00e9ale pour cr\u00e9er une atmosph\u00e8re propre et relaxante dans vos espaces.\" \/>\n<meta property=\"og:url\" content=\"https:\/\/sella-industrie.com\/fr_fr\/produit\/parfum-ambiance-rose-noire-cassis-280ml-\u0648\u0631\u062f\u0629-\u0633\u0648\u062f\u0627\u0621-\u0648\u0643\u0633\u064a\u0633\/\" \/>\n<meta property=\"og:site_name\" content=\"Boutique &quot;V6&quot;\" \/>\n<meta property=\"article:modified_time\" content=\"2026-03-19T13:28:00+00:00\" \/>\n<meta property=\"og:image\" content=\"https:\/\/sella-industrie.com\/wp-content\/uploads\/2025\/06\/ROSE-NOIRE-CASSIS-280-ML.png\" \/>\n\t<meta property=\"og:image:width\" content=\"1000\" \/>\n\t<meta property=\"og:image:height\" content=\"1000\" \/>\n\t<meta property=\"og:image:type\" content=\"image\/png\" \/>\n<meta name=\"twitter:card\" content=\"summary_large_image\" \/>\n<meta name=\"twitter:label1\" content=\"Prix\" \/>\n\t<meta name=\"twitter:data1\" content=\"&#x62f;.&#x62c;&nbsp;550\" \/>\n\t<meta name=\"twitter:label2\" content=\"Disponibilit\u00e9\" \/>\n\t<meta name=\"twitter:data2\" content=\"En stock\" \/>\n<script type=\"application\/ld+json\" class=\"yoast-schema-graph\">{\"@context\":\"https:\\\/\\\/schema.org\",\"@graph\":[{\"@type\":\"WebPage\",\"@id\":\"https:\\\/\\\/sella-industrie.com\\\/produit\\\/parfum-ambiance-rose-noire-cassis-280ml-%d9%88%d8%b1%d8%af%d8%a9-%d8%b3%d9%88%d8%af%d8%a7%d8%a1-%d9%88%d9%83%d8%b3%d9%8a%d8%b3\\\/\",\"url\":\"https:\\\/\\\/sella-industrie.com\\\/produit\\\/parfum-ambiance-rose-noire-cassis-280ml-%d9%88%d8%b1%d8%af%d8%a9-%d8%b3%d9%88%d8%af%d8%a7%d8%a1-%d9%88%d9%83%d8%b3%d9%8a%d8%b3\\\/\",\"name\":\"Parfum d'ambiance ROSE NOIRE & CASSIS - Boutique &quot;V6&quot;\",\"isPartOf\":{\"@id\":\"https:\\\/\\\/sella-industrie.com\\\/#website\"},\"primaryImageOfPage\":{\"@id\":\"https:\\\/\\\/sella-industrie.com\\\/produit\\\/parfum-ambiance-rose-noire-cassis-280ml-%d9%88%d8%b1%d8%af%d8%a9-%d8%b3%d9%88%d8%af%d8%a7%d8%a1-%d9%88%d9%83%d8%b3%d9%8a%d8%b3\\\/#primaryimage\"},\"image\":{\"@id\":\"https:\\\/\\\/sella-industrie.com\\\/produit\\\/parfum-ambiance-rose-noire-cassis-280ml-%d9%88%d8%b1%d8%af%d8%a9-%d8%b3%d9%88%d8%af%d8%a7%d8%a1-%d9%88%d9%83%d8%b3%d9%8a%d8%b3\\\/#primaryimage\"},\"thumbnailUrl\":\"https:\\\/\\\/sella-industrie.com\\\/wp-content\\\/uploads\\\/2025\\\/06\\\/ROSE-NOIRE-CASSIS-280-ML.webp\",\"datePublished\":\"2025-06-26T13:08:11+00:00\",\"dateModified\":\"2026-03-19T13:28:00+00:00\",\"breadcrumb\":{\"@id\":\"https:\\\/\\\/sella-industrie.com\\\/produit\\\/parfum-ambiance-rose-noire-cassis-280ml-%d9%88%d8%b1%d8%af%d8%a9-%d8%b3%d9%88%d8%af%d8%a7%d8%a1-%d9%88%d9%83%d8%b3%d9%8a%d8%b3\\\/#breadcrumb\"},\"inLanguage\":\"fr-FR\",\"potentialAction\":[{\"@type\":\"ReadAction\",\"target\":[\"https:\\\/\\\/sella-industrie.com\\\/produit\\\/parfum-ambiance-rose-noire-cassis-280ml-%d9%88%d8%b1%d8%af%d8%a9-%d8%b3%d9%88%d8%af%d8%a7%d8%a1-%d9%88%d9%83%d8%b3%d9%8a%d8%b3\\\/\"]}]},{\"@type\":\"ImageObject\",\"inLanguage\":\"fr-FR\",\"@id\":\"https:\\\/\\\/sella-industrie.com\\\/produit\\\/parfum-ambiance-rose-noire-cassis-280ml-%d9%88%d8%b1%d8%af%d8%a9-%d8%b3%d9%88%d8%af%d8%a7%d8%a1-%d9%88%d9%83%d8%b3%d9%8a%d8%b3\\\/#primaryimage\",\"url\":\"https:\\\/\\\/sella-industrie.com\\\/wp-content\\\/uploads\\\/2025\\\/06\\\/ROSE-NOIRE-CASSIS-280-ML.webp\",\"contentUrl\":\"https:\\\/\\\/sella-industrie.com\\\/wp-content\\\/uploads\\\/2025\\\/06\\\/ROSE-NOIRE-CASSIS-280-ML.webp\",\"width\":1000,\"height\":1000,\"caption\":\"Parfum d'ambiance ROSE NOIRE & CASSIS\"},{\"@type\":\"BreadcrumbList\",\"@id\":\"https:\\\/\\\/sella-industrie.com\\\/produit\\\/parfum-ambiance-rose-noire-cassis-280ml-%d9%88%d8%b1%d8%af%d8%a9-%d8%b3%d9%88%d8%af%d8%a7%d8%a1-%d9%88%d9%83%d8%b3%d9%8a%d8%b3\\\/#breadcrumb\",\"itemListElement\":[{\"@type\":\"ListItem\",\"position\":1,\"name\":\"Accueil\",\"item\":\"https:\\\/\\\/sella-industrie.com\\\/fr_fr\\\/\"},{\"@type\":\"ListItem\",\"position\":2,\"name\":\"Shop\",\"item\":\"https:\\\/\\\/sella-industrie.com\\\/fr_fr\\\/shop\\\/\"},{\"@type\":\"ListItem\",\"position\":3,\"name\":\"Parfums D'Ambiance SELLA 280 ml\",\"item\":\"https:\\\/\\\/sella-industrie.com\\\/categorie-produit\\\/parfums-dambiance-sella-280-ml\\\/\"},{\"@type\":\"ListItem\",\"position\":4,\"name\":\"ROSE NOIRE &#038; CASSIS\"}]},{\"@type\":\"WebSite\",\"@id\":\"https:\\\/\\\/sella-industrie.com\\\/#website\",\"url\":\"https:\\\/\\\/sella-industrie.com\\\/\",\"name\":\"Boutique &quot;V6&quot;\",\"description\":\"We care for your car\",\"publisher\":{\"@id\":\"https:\\\/\\\/sella-industrie.com\\\/#organization\"},\"potentialAction\":[{\"@type\":\"SearchAction\",\"target\":{\"@type\":\"EntryPoint\",\"urlTemplate\":\"https:\\\/\\\/sella-industrie.com\\\/?s={search_term_string}\"},\"query-input\":{\"@type\":\"PropertyValueSpecification\",\"valueRequired\":true,\"valueName\":\"search_term_string\"}}],\"inLanguage\":\"fr-FR\"},{\"@type\":\"Organization\",\"@id\":\"https:\\\/\\\/sella-industrie.com\\\/#organization\",\"name\":\"Boutique &quot;V6&quot;\",\"url\":\"https:\\\/\\\/sella-industrie.com\\\/\",\"logo\":{\"@type\":\"ImageObject\",\"inLanguage\":\"fr-FR\",\"@id\":\"https:\\\/\\\/sella-industrie.com\\\/#\\\/schema\\\/logo\\\/image\\\/\",\"url\":\"\",\"contentUrl\":\"\",\"caption\":\"Boutique &quot;V6&quot;\"},\"image\":{\"@id\":\"https:\\\/\\\/sella-industrie.com\\\/#\\\/schema\\\/logo\\\/image\\\/\"}}]}<\/script>\n<meta property=\"product:price:amount\" content=\"550\" \/>\n<meta property=\"product:price:currency\" content=\"DZD\" \/>\n<meta property=\"og:availability\" content=\"instock\" \/>\n<meta property=\"product:availability\" content=\"instock\" \/>\n<meta property=\"product:condition\" content=\"new\" \/>\n<!-- \/ Yoast SEO plugin. -->","yoast_head_json":{"title":"Parfum d'ambiance ROSE NOIRE & CASSIS - Boutique &quot;V6&quot;","robots":{"index":"index","follow":"follow","max-snippet":"max-snippet:-1","max-image-preview":"max-image-preview:large","max-video-preview":"max-video-preview:-1"},"canonical":"https:\/\/sella-industrie.com\/fr_fr\/produit\/parfum-ambiance-rose-noire-cassis-280ml-\u0648\u0631\u062f\u0629-\u0633\u0648\u062f\u0627\u0621-\u0648\u0643\u0633\u064a\u0633\/","og_locale":"fr_FR","og_type":"article","og_title":"Parfum d'ambiance ROSE NOIRE & CASSIS - Boutique &quot;V6&quot;","og_description":"\u0645\u0639\u0637\u0631 \u062c\u0648 \u0648\u0631\u062f\u0629 \u0633\u0648\u062f\u0627\u0621 \u0648\u0643\u0633\u064a\u0633 Parfum d'ambiance ROSE NOIRE &amp; CASSIS, 280 ml, 85% base naturelle sans alcool. Id\u00e9al pour maison, textiles et voiture. Fra\u00eecheur v\u00e9g\u00e9tale, apaisante et durable. Id\u00e9ale pour cr\u00e9er une atmosph\u00e8re propre et relaxante dans vos espaces.","og_url":"https:\/\/sella-industrie.com\/fr_fr\/produit\/parfum-ambiance-rose-noire-cassis-280ml-\u0648\u0631\u062f\u0629-\u0633\u0648\u062f\u0627\u0621-\u0648\u0643\u0633\u064a\u0633\/","og_site_name":"Boutique &quot;V6&quot;","article_modified_time":"2026-03-19T13:28:00+00:00","og_image":[{"width":1000,"height":1000,"url":"https:\/\/sella-industrie.com\/wp-content\/uploads\/2025\/06\/ROSE-NOIRE-CASSIS-280-ML.png","type":"image\/png"}],"twitter_card":"summary_large_image","twitter_misc":{"Prix":"&#x62f;.&#x62c;&nbsp;550","Disponibilit\u00e9":"En stock"},"schema":{"@context":"https:\/\/schema.org","@graph":[{"@type":"WebPage","@id":"https:\/\/sella-industrie.com\/produit\/parfum-ambiance-rose-noire-cassis-280ml-%d9%88%d8%b1%d8%af%d8%a9-%d8%b3%d9%88%d8%af%d8%a7%d8%a1-%d9%88%d9%83%d8%b3%d9%8a%d8%b3\/","url":"https:\/\/sella-industrie.com\/produit\/parfum-ambiance-rose-noire-cassis-280ml-%d9%88%d8%b1%d8%af%d8%a9-%d8%b3%d9%88%d8%af%d8%a7%d8%a1-%d9%88%d9%83%d8%b3%d9%8a%d8%b3\/","name":"Parfum d'ambiance ROSE NOIRE & CASSIS - Boutique &quot;V6&quot;","isPartOf":{"@id":"https:\/\/sella-industrie.com\/#website"},"primaryImageOfPage":{"@id":"https:\/\/sella-industrie.com\/produit\/parfum-ambiance-rose-noire-cassis-280ml-%d9%88%d8%b1%d8%af%d8%a9-%d8%b3%d9%88%d8%af%d8%a7%d8%a1-%d9%88%d9%83%d8%b3%d9%8a%d8%b3\/#primaryimage"},"image":{"@id":"https:\/\/sella-industrie.com\/produit\/parfum-ambiance-rose-noire-cassis-280ml-%d9%88%d8%b1%d8%af%d8%a9-%d8%b3%d9%88%d8%af%d8%a7%d8%a1-%d9%88%d9%83%d8%b3%d9%8a%d8%b3\/#primaryimage"},"thumbnailUrl":"https:\/\/sella-industrie.com\/wp-content\/uploads\/2025\/06\/ROSE-NOIRE-CASSIS-280-ML.webp","datePublished":"2025-06-26T13:08:11+00:00","dateModified":"2026-03-19T13:28:00+00:00","breadcrumb":{"@id":"https:\/\/sella-industrie.com\/produit\/parfum-ambiance-rose-noire-cassis-280ml-%d9%88%d8%b1%d8%af%d8%a9-%d8%b3%d9%88%d8%af%d8%a7%d8%a1-%d9%88%d9%83%d8%b3%d9%8a%d8%b3\/#breadcrumb"},"inLanguage":"fr-FR","potentialAction":[{"@type":"ReadAction","target":["https:\/\/sella-industrie.com\/produit\/parfum-ambiance-rose-noire-cassis-280ml-%d9%88%d8%b1%d8%af%d8%a9-%d8%b3%d9%88%d8%af%d8%a7%d8%a1-%d9%88%d9%83%d8%b3%d9%8a%d8%b3\/"]}]},{"@type":"ImageObject","inLanguage":"fr-FR","@id":"https:\/\/sella-industrie.com\/produit\/parfum-ambiance-rose-noire-cassis-280ml-%d9%88%d8%b1%d8%af%d8%a9-%d8%b3%d9%88%d8%af%d8%a7%d8%a1-%d9%88%d9%83%d8%b3%d9%8a%d8%b3\/#primaryimage","url":"https:\/\/sella-industrie.com\/wp-content\/uploads\/2025\/06\/ROSE-NOIRE-CASSIS-280-ML.webp","contentUrl":"https:\/\/sella-industrie.com\/wp-content\/uploads\/2025\/06\/ROSE-NOIRE-CASSIS-280-ML.webp","width":1000,"height":1000,"caption":"Parfum d'ambiance ROSE NOIRE & CASSIS"},{"@type":"BreadcrumbList","@id":"https:\/\/sella-industrie.com\/produit\/parfum-ambiance-rose-noire-cassis-280ml-%d9%88%d8%b1%d8%af%d8%a9-%d8%b3%d9%88%d8%af%d8%a7%d8%a1-%d9%88%d9%83%d8%b3%d9%8a%d8%b3\/#breadcrumb","itemListElement":[{"@type":"ListItem","position":1,"name":"Accueil","item":"https:\/\/sella-industrie.com\/fr_fr\/"},{"@type":"ListItem","position":2,"name":"Shop","item":"https:\/\/sella-industrie.com\/fr_fr\/shop\/"},{"@type":"ListItem","position":3,"name":"Parfums D'Ambiance SELLA 280 ml","item":"https:\/\/sella-industrie.com\/categorie-produit\/parfums-dambiance-sella-280-ml\/"},{"@type":"ListItem","position":4,"name":"ROSE NOIRE &#038; CASSIS"}]},{"@type":"WebSite","@id":"https:\/\/sella-industrie.com\/#website","url":"https:\/\/sella-industrie.com\/","name":"Boutique &quot;V6&quot;","description":"We care for your car","publisher":{"@id":"https:\/\/sella-industrie.com\/#organization"},"potentialAction":[{"@type":"SearchAction","target":{"@type":"EntryPoint","urlTemplate":"https:\/\/sella-industrie.com\/?s={search_term_string}"},"query-input":{"@type":"PropertyValueSpecification","valueRequired":true,"valueName":"search_term_string"}}],"inLanguage":"fr-FR"},{"@type":"Organization","@id":"https:\/\/sella-industrie.com\/#organization","name":"Boutique &quot;V6&quot;","url":"https:\/\/sella-industrie.com\/","logo":{"@type":"ImageObject","inLanguage":"fr-FR","@id":"https:\/\/sella-industrie.com\/#\/schema\/logo\/image\/","url":"","contentUrl":"","caption":"Boutique &quot;V6&quot;"},"image":{"@id":"https:\/\/sella-industrie.com\/#\/schema\/logo\/image\/"}}]},"product_price_amount":"550","product_price_currency":"DZD","og_availability":"instock","product_availability":"instock","product_condition":"new"},"_links":{"self":[{"href":"https:\/\/sella-industrie.com\/fr_fr\/wp-json\/wp\/v2\/product\/34536","targetHints":{"allow":["GET"]}}],"collection":[{"href":"https:\/\/sella-industrie.com\/fr_fr\/wp-json\/wp\/v2\/product"}],"about":[{"href":"https:\/\/sella-industrie.com\/fr_fr\/wp-json\/wp\/v2\/types\/product"}],"replies":[{"embeddable":true,"href":"https:\/\/sella-industrie.com\/fr_fr\/wp-json\/wp\/v2\/comments?post=34536"}],"wp:featuredmedia":[{"embeddable":true,"href":"https:\/\/sella-industrie.com\/fr_fr\/wp-json\/wp\/v2\/media\/37973"}],"wp:attachment":[{"href":"https:\/\/sella-industrie.com\/fr_fr\/wp-json\/wp\/v2\/media?parent=34536"}],"wp:term":[{"taxonomy":"product_brand","embeddable":true,"href":"https:\/\/sella-industrie.com\/fr_fr\/wp-json\/wp\/v2\/product_brand?post=34536"},{"taxonomy":"product_cat","embeddable":true,"href":"https:\/\/sella-industrie.com\/fr_fr\/wp-json\/wp\/v2\/product_cat?post=34536"},{"taxonomy":"product_tag","embeddable":true,"href":"https:\/\/sella-industrie.com\/fr_fr\/wp-json\/wp\/v2\/product_tag?post=34536"}],"curies":[{"name":"wp","href":"https:\/\/api.w.org\/{rel}","templated":true}]}}