{"id":34425,"date":"2025-06-25T15:36:21","date_gmt":"2025-06-25T15:36:21","guid":{"rendered":"https:\/\/sellaindustrie.com\/?post_type=product&#038;p=34425"},"modified":"2026-03-30T08:32:20","modified_gmt":"2026-03-30T08:32:20","slug":"parfum-voiture-le-flacon-parfume-femme-delphina-luxe-fragrance-fine-interdit-givenchy-%d8%b9%d8%b7%d8%b1-%d8%a7%d9%84%d8%b3%d9%8a%d8%a7%d8%b1%d8%a7%d8%aa-%d8%a7%d9%84%d9%86%d8%b3%d8%a7%d8%a6%d9%8a","status":"publish","type":"product","link":"https:\/\/sella-industrie.com\/fr_fr\/produit\/parfum-voiture-le-flacon-parfume-femme-delphina-luxe-fragrance-fine-interdit-givenchy-%d8%b9%d8%b7%d8%b1-%d8%a7%d9%84%d8%b3%d9%8a%d8%a7%d8%b1%d8%a7%d8%aa-%d8%a7%d9%84%d9%86%d8%b3%d8%a7%d8%a6%d9%8a\/","title":{"rendered":"Parfum voiture DELPHINA"},"content":{"rendered":"<h2 style=\"text-align: center;\"><strong>Parfum voiture DELPHINA <\/strong>\u0639\u0637\u0631 \u0627\u0644\u0633\u064a\u0627\u0631\u0627\u062a \u062f\u0644\u0641\u064a\u0646\u0627<\/h2>\n<p data-start=\"505\" data-end=\"689\"><strong>Parfum voiture DELPHINA,<\/strong> le flacon parfum\u00e9 femme, luxe fragrance fine ronde, intense et \u00e9l\u00e9gante inspir\u00e9 de l\u2019interdit Givenchy 2018. Modernit\u00e9 et longue dur\u00e9e au format premium. Une senteur qui incarne l\u2019audace, l\u2019\u00e9l\u00e9gance et le raffinement. Parfum <a href=\"https:\/\/sella-industrie.com\/fr_fr\/produit\/delphina-parfums-automobile-luxe-fragrance-carree\/\">florale<\/a> iconique qui sublime l\u2019int\u00e9rieur de votre v\u00e9hicule avec une signature olfactive intense et sophistiqu\u00e9e. Con\u00e7u pour celles et ceux qui recherchent une atmosph\u00e8re chic et distingu\u00e9e, pour transformer chaque trajet en une exp\u00e9rience <a href=\"https:\/\/www.instagram.com\/v6_accessoires_auto?igsh=aXE2NjUwOG5xNnQz\" target=\"_blank\" rel=\"noopener\">sensorielle unique<\/a>.<\/p>\n<p style=\"text-align: right;\"><span style=\"color: #666699;\"><strong>\u0639\u0637\u0631 \u0627\u0644\u0633\u064a\u0627\u0631\u0627\u062a \u0627\u0644\u0646\u0633\u0627\u0626\u064a \u0627\u0644\u062f\u0627\u0626\u0631\u064a \u0627\u0644\u0631\u0642\u064a\u0642 \u062f\u0644\u0641\u064a\u0646\u0627\u060c<\/strong><\/span> \u0627\u0644\u0645\u0633\u062a\u0648\u062d\u0649 \u0645\u0646 \u0645\u0627\u0631\u0643\u0629 \u0627\u0644\u0639\u0637\u0631 \u0627\u0644\u0639\u0627\u0644\u0645\u064a \u0627\u0644\u0641\u0627\u062e\u0631 \u0644\u0627\u0646\u062a\u0627\u0631\u062f\u064a \u062c\u064a\u0641\u0646\u0634\u064a2018 \u0639\u0635\u0631\u064a \u064a\u062f\u0648\u0645 \u0637\u0648\u064a\u0644\u0627\u064b \u0641\u064a \u0639\u0628\u0648\u0629 \u0641\u0627\u062e\u0631\u0629\u060c \u064a\u062c\u0633\u062f \u0627\u0644\u062c\u0631\u0623\u0629 \u0648\u0627\u0644\u0623\u0646\u0627\u0642\u0629 \u0648\u0627\u0644\u0631\u0642\u064a\u060c \u0639\u0637\u0631 \u0641\u0627\u062e\u0631\u060c \u0645\u062a\u0643\u0627\u0645\u0644\u060c \u0642\u0648\u064a\u060c \u0623\u0646\u064a\u0642\u060c \u0632\u0647\u0631\u064a \u0648\u0645\u0645\u064a\u0632 \u064a\u0636\u0641\u064a \u0639\u0644\u0649 \u0645\u0642\u0635\u0648\u0631\u0629 \u0633\u064a\u0627\u0631\u062a\u0643 \u0644\u0645\u0633\u0629 \u0639\u0637\u0631\u064a\u0629 \u0622\u0633\u0631\u0629 \u0648\u0631\u0627\u0642\u064a\u0629\u060c \u0635\u064f\u0645\u0645 \u062e\u0635\u064a\u0635\u0627\u064b \u0644\u0645\u0646 \u064a\u0628\u062d\u062b\u0648\u0646 \u0639\u0646 \u0623\u062c\u0648\u0627\u0621 \u0623\u0646\u064a\u0642\u0629 \u0648\u0645\u0645\u064a\u0632\u0629\u060c \u0644\u064a\u062d\u0648\u0644 \u0643\u0644 \u0631\u062d\u0644\u0629 \u0625\u0644\u0649 \u062a\u062c\u0631\u0628\u0629 \u062d\u0633\u064a\u0629 \u0641\u0631\u064a\u062f\u0629<\/p>\n<p><iframe loading=\"lazy\" title=\"Le Flacon Parfume OKK\" width=\"500\" height=\"281\" src=\"https:\/\/www.youtube.com\/embed\/66l9O54TCyM?feature=oembed\" frameborder=\"0\" allow=\"accelerometer; autoplay; clipboard-write; encrypted-media; gyroscope; picture-in-picture; web-share\" referrerpolicy=\"strict-origin-when-cross-origin\" allowfullscreen><\/iframe><\/p>\n","protected":false},"excerpt":{"rendered":"<h1 style=\"text-align: center;\">\u0639\u0637\u0631 \u0627\u0644\u0633\u064a\u0627\u0631\u0627\u062a \u062f\u0644\u0641\u064a\u0646\u0627<\/h1>\n<p style=\"text-align: left;\"><strong>Parfum voiture DELPHINA,<\/strong> le flacon parfum\u00e9 femme, luxe fragrance fine ronde, intense et \u00e9l\u00e9gante inspir\u00e9 de l\u2019interdit Givenchy 2018. Modernit\u00e9 et longue dur\u00e9e au format premium. Une senteur qui incarne l\u2019audace, l\u2019\u00e9l\u00e9gance et le raffinement.<\/p>\n","protected":false},"featured_media":37811,"comment_status":"open","ping_status":"closed","template":"","meta":[],"product_brand":[293,292],"product_cat":[924],"product_tag":[],"class_list":{"0":"post-34425","1":"product","2":"type-product","3":"status-publish","4":"has-post-thumbnail","6":"product_brand-sella","7":"product_brand-v6","8":"product_cat-fragrance-fine-ronde","10":"first","11":"instock","12":"taxable","13":"shipping-taxable","14":"purchasable","15":"product-type-simple"},"yoast_head":"<!-- This site is optimized with the Yoast SEO Premium plugin v27.1 (Yoast SEO v27.4) - https:\/\/yoast.com\/product\/yoast-seo-premium-wordpress\/ -->\n<title>Parfum voiture DELPHINA - Boutique &quot;V6&quot;<\/title>\n<meta name=\"description\" content=\"Parfum voiture DELPHINA, senteur florale blanche, inspir\u00e9 de l\u2019Interdit Givenchy 2018, \u00e9l\u00e9gante et intense, au sillage f\u00e9minin luxueux longue dur\u00e9e.\" \/>\n<meta name=\"robots\" content=\"index, follow, max-snippet:-1, max-image-preview:large, max-video-preview:-1\" \/>\n<link rel=\"canonical\" href=\"https:\/\/sella-industrie.com\/fr_fr\/produit\/parfum-voiture-delphina-fragrance-fine-interdit-givenchy-\u0639\u0637\u0631-\u0627\u0644\u0633\u064a\u0627\u0631\u0627\u062a-\u062f\u0644\u0641\u064a\u0646\u0627\/\" \/>\n<meta property=\"og:locale\" content=\"fr_FR\" \/>\n<meta property=\"og:type\" content=\"article\" \/>\n<meta property=\"og:title\" content=\"Parfum voiture DELPHINA\" \/>\n<meta property=\"og:description\" content=\"Parfum voiture DELPHINA, senteur florale blanche, inspir\u00e9 de l\u2019Interdit Givenchy 2018, \u00e9l\u00e9gante et intense, au sillage f\u00e9minin luxueux longue dur\u00e9e.\" \/>\n<meta property=\"og:url\" content=\"https:\/\/sella-industrie.com\/fr_fr\/produit\/parfum-voiture-delphina-fragrance-fine-interdit-givenchy-\u0639\u0637\u0631-\u0627\u0644\u0633\u064a\u0627\u0631\u0627\u062a-\u062f\u0644\u0641\u064a\u0646\u0627\/\" \/>\n<meta property=\"og:site_name\" content=\"Boutique &quot;V6&quot;\" \/>\n<meta property=\"article:modified_time\" content=\"2026-03-30T08:32:20+00:00\" \/>\n<meta property=\"og:image\" content=\"https:\/\/sella-industrie.com\/wp-content\/uploads\/2026\/01\/DELPHINA-.webp\" \/>\n\t<meta property=\"og:image:width\" content=\"1000\" \/>\n\t<meta property=\"og:image:height\" content=\"1000\" \/>\n\t<meta property=\"og:image:type\" content=\"image\/webp\" \/>\n<meta name=\"twitter:card\" content=\"summary_large_image\" \/>\n<meta name=\"twitter:label1\" content=\"Prix\" \/>\n\t<meta name=\"twitter:data1\" content=\"&#x62f;.&#x62c;&nbsp;300\" \/>\n\t<meta name=\"twitter:label2\" content=\"Disponibilit\u00e9\" \/>\n\t<meta name=\"twitter:data2\" content=\"En stock\" \/>\n<script type=\"application\/ld+json\" class=\"yoast-schema-graph\">{\"@context\":\"https:\\\/\\\/schema.org\",\"@graph\":[{\"@type\":\"WebPage\",\"@id\":\"https:\\\/\\\/sella-industrie.com\\\/produit\\\/parfum-voiture-delphina-fragrance-fine-interdit-givenchy-%d8%b9%d8%b7%d8%b1-%d8%a7%d9%84%d8%b3%d9%8a%d8%a7%d8%b1%d8%a7%d8%aa-%d8%af%d9%84%d9%81%d9%8a%d9%86%d8%a7\\\/\",\"url\":\"https:\\\/\\\/sella-industrie.com\\\/produit\\\/parfum-voiture-delphina-fragrance-fine-interdit-givenchy-%d8%b9%d8%b7%d8%b1-%d8%a7%d9%84%d8%b3%d9%8a%d8%a7%d8%b1%d8%a7%d8%aa-%d8%af%d9%84%d9%81%d9%8a%d9%86%d8%a7\\\/\",\"name\":\"Parfum voiture DELPHINA - Boutique &quot;V6&quot;\",\"isPartOf\":{\"@id\":\"https:\\\/\\\/sella-industrie.com\\\/#website\"},\"primaryImageOfPage\":{\"@id\":\"https:\\\/\\\/sella-industrie.com\\\/produit\\\/parfum-voiture-delphina-fragrance-fine-interdit-givenchy-%d8%b9%d8%b7%d8%b1-%d8%a7%d9%84%d8%b3%d9%8a%d8%a7%d8%b1%d8%a7%d8%aa-%d8%af%d9%84%d9%81%d9%8a%d9%86%d8%a7\\\/#primaryimage\"},\"image\":{\"@id\":\"https:\\\/\\\/sella-industrie.com\\\/produit\\\/parfum-voiture-delphina-fragrance-fine-interdit-givenchy-%d8%b9%d8%b7%d8%b1-%d8%a7%d9%84%d8%b3%d9%8a%d8%a7%d8%b1%d8%a7%d8%aa-%d8%af%d9%84%d9%81%d9%8a%d9%86%d8%a7\\\/#primaryimage\"},\"thumbnailUrl\":\"https:\\\/\\\/sella-industrie.com\\\/wp-content\\\/uploads\\\/2026\\\/01\\\/DELPHINA-.webp\",\"datePublished\":\"2025-06-25T15:36:21+00:00\",\"dateModified\":\"2026-03-30T08:32:20+00:00\",\"description\":\"Parfum voiture DELPHINA, senteur florale blanche, inspir\u00e9 de l\u2019Interdit Givenchy 2018, \u00e9l\u00e9gante et intense, au sillage f\u00e9minin luxueux longue dur\u00e9e.\",\"breadcrumb\":{\"@id\":\"https:\\\/\\\/sella-industrie.com\\\/produit\\\/parfum-voiture-delphina-fragrance-fine-interdit-givenchy-%d8%b9%d8%b7%d8%b1-%d8%a7%d9%84%d8%b3%d9%8a%d8%a7%d8%b1%d8%a7%d8%aa-%d8%af%d9%84%d9%81%d9%8a%d9%86%d8%a7\\\/#breadcrumb\"},\"inLanguage\":\"fr-FR\",\"potentialAction\":[{\"@type\":\"ReadAction\",\"target\":[\"https:\\\/\\\/sella-industrie.com\\\/produit\\\/parfum-voiture-delphina-fragrance-fine-interdit-givenchy-%d8%b9%d8%b7%d8%b1-%d8%a7%d9%84%d8%b3%d9%8a%d8%a7%d8%b1%d8%a7%d8%aa-%d8%af%d9%84%d9%81%d9%8a%d9%86%d8%a7\\\/\"]}]},{\"@type\":\"ImageObject\",\"inLanguage\":\"fr-FR\",\"@id\":\"https:\\\/\\\/sella-industrie.com\\\/produit\\\/parfum-voiture-delphina-fragrance-fine-interdit-givenchy-%d8%b9%d8%b7%d8%b1-%d8%a7%d9%84%d8%b3%d9%8a%d8%a7%d8%b1%d8%a7%d8%aa-%d8%af%d9%84%d9%81%d9%8a%d9%86%d8%a7\\\/#primaryimage\",\"url\":\"https:\\\/\\\/sella-industrie.com\\\/wp-content\\\/uploads\\\/2026\\\/01\\\/DELPHINA-.webp\",\"contentUrl\":\"https:\\\/\\\/sella-industrie.com\\\/wp-content\\\/uploads\\\/2026\\\/01\\\/DELPHINA-.webp\",\"width\":1000,\"height\":1000,\"caption\":\"Parfum voiture DELPHINA\"},{\"@type\":\"BreadcrumbList\",\"@id\":\"https:\\\/\\\/sella-industrie.com\\\/produit\\\/parfum-voiture-delphina-fragrance-fine-interdit-givenchy-%d8%b9%d8%b7%d8%b1-%d8%a7%d9%84%d8%b3%d9%8a%d8%a7%d8%b1%d8%a7%d8%aa-%d8%af%d9%84%d9%81%d9%8a%d9%86%d8%a7\\\/#breadcrumb\",\"itemListElement\":[{\"@type\":\"ListItem\",\"position\":1,\"name\":\"Accueil\",\"item\":\"https:\\\/\\\/sella-industrie.com\\\/fr_fr\\\/\"},{\"@type\":\"ListItem\",\"position\":2,\"name\":\"Shop\",\"item\":\"https:\\\/\\\/sella-industrie.com\\\/fr_fr\\\/shop\\\/\"},{\"@type\":\"ListItem\",\"position\":3,\"name\":\"FRAGRANCE FINE Ronde\",\"item\":\"https:\\\/\\\/sella-industrie.com\\\/categorie-produit\\\/fragrance-fine-ronde\\\/\"},{\"@type\":\"ListItem\",\"position\":4,\"name\":\"Parfum voiture DELPHINA\"}]},{\"@type\":\"WebSite\",\"@id\":\"https:\\\/\\\/sella-industrie.com\\\/#website\",\"url\":\"https:\\\/\\\/sella-industrie.com\\\/\",\"name\":\"Boutique &quot;V6&quot;\",\"description\":\"We care for your car\",\"publisher\":{\"@id\":\"https:\\\/\\\/sella-industrie.com\\\/#organization\"},\"potentialAction\":[{\"@type\":\"SearchAction\",\"target\":{\"@type\":\"EntryPoint\",\"urlTemplate\":\"https:\\\/\\\/sella-industrie.com\\\/?s={search_term_string}\"},\"query-input\":{\"@type\":\"PropertyValueSpecification\",\"valueRequired\":true,\"valueName\":\"search_term_string\"}}],\"inLanguage\":\"fr-FR\"},{\"@type\":\"Organization\",\"@id\":\"https:\\\/\\\/sella-industrie.com\\\/#organization\",\"name\":\"Boutique &quot;V6&quot;\",\"url\":\"https:\\\/\\\/sella-industrie.com\\\/\",\"logo\":{\"@type\":\"ImageObject\",\"inLanguage\":\"fr-FR\",\"@id\":\"https:\\\/\\\/sella-industrie.com\\\/#\\\/schema\\\/logo\\\/image\\\/\",\"url\":\"\",\"contentUrl\":\"\",\"caption\":\"Boutique &quot;V6&quot;\"},\"image\":{\"@id\":\"https:\\\/\\\/sella-industrie.com\\\/#\\\/schema\\\/logo\\\/image\\\/\"}}]}<\/script>\n<meta property=\"product:price:amount\" content=\"300\" \/>\n<meta property=\"product:price:currency\" content=\"DZD\" \/>\n<meta property=\"og:availability\" content=\"instock\" \/>\n<meta property=\"product:availability\" content=\"instock\" \/>\n<meta property=\"product:condition\" content=\"new\" \/>\n<!-- \/ Yoast SEO Premium plugin. -->","yoast_head_json":{"title":"Parfum voiture DELPHINA - Boutique &quot;V6&quot;","description":"Parfum voiture DELPHINA, senteur florale blanche, inspir\u00e9 de l\u2019Interdit Givenchy 2018, \u00e9l\u00e9gante et intense, au sillage f\u00e9minin luxueux longue dur\u00e9e.","robots":{"index":"index","follow":"follow","max-snippet":"max-snippet:-1","max-image-preview":"max-image-preview:large","max-video-preview":"max-video-preview:-1"},"canonical":"https:\/\/sella-industrie.com\/fr_fr\/produit\/parfum-voiture-delphina-fragrance-fine-interdit-givenchy-\u0639\u0637\u0631-\u0627\u0644\u0633\u064a\u0627\u0631\u0627\u062a-\u062f\u0644\u0641\u064a\u0646\u0627\/","og_locale":"fr_FR","og_type":"article","og_title":"Parfum voiture DELPHINA","og_description":"Parfum voiture DELPHINA, senteur florale blanche, inspir\u00e9 de l\u2019Interdit Givenchy 2018, \u00e9l\u00e9gante et intense, au sillage f\u00e9minin luxueux longue dur\u00e9e.","og_url":"https:\/\/sella-industrie.com\/fr_fr\/produit\/parfum-voiture-delphina-fragrance-fine-interdit-givenchy-\u0639\u0637\u0631-\u0627\u0644\u0633\u064a\u0627\u0631\u0627\u062a-\u062f\u0644\u0641\u064a\u0646\u0627\/","og_site_name":"Boutique &quot;V6&quot;","article_modified_time":"2026-03-30T08:32:20+00:00","og_image":[{"width":1000,"height":1000,"url":"https:\/\/sella-industrie.com\/wp-content\/uploads\/2026\/01\/DELPHINA-.webp","type":"image\/webp"}],"twitter_card":"summary_large_image","twitter_misc":{"Prix":"&#x62f;.&#x62c;&nbsp;300","Disponibilit\u00e9":"En stock"},"schema":{"@context":"https:\/\/schema.org","@graph":[{"@type":"WebPage","@id":"https:\/\/sella-industrie.com\/produit\/parfum-voiture-delphina-fragrance-fine-interdit-givenchy-%d8%b9%d8%b7%d8%b1-%d8%a7%d9%84%d8%b3%d9%8a%d8%a7%d8%b1%d8%a7%d8%aa-%d8%af%d9%84%d9%81%d9%8a%d9%86%d8%a7\/","url":"https:\/\/sella-industrie.com\/produit\/parfum-voiture-delphina-fragrance-fine-interdit-givenchy-%d8%b9%d8%b7%d8%b1-%d8%a7%d9%84%d8%b3%d9%8a%d8%a7%d8%b1%d8%a7%d8%aa-%d8%af%d9%84%d9%81%d9%8a%d9%86%d8%a7\/","name":"Parfum voiture DELPHINA - Boutique &quot;V6&quot;","isPartOf":{"@id":"https:\/\/sella-industrie.com\/#website"},"primaryImageOfPage":{"@id":"https:\/\/sella-industrie.com\/produit\/parfum-voiture-delphina-fragrance-fine-interdit-givenchy-%d8%b9%d8%b7%d8%b1-%d8%a7%d9%84%d8%b3%d9%8a%d8%a7%d8%b1%d8%a7%d8%aa-%d8%af%d9%84%d9%81%d9%8a%d9%86%d8%a7\/#primaryimage"},"image":{"@id":"https:\/\/sella-industrie.com\/produit\/parfum-voiture-delphina-fragrance-fine-interdit-givenchy-%d8%b9%d8%b7%d8%b1-%d8%a7%d9%84%d8%b3%d9%8a%d8%a7%d8%b1%d8%a7%d8%aa-%d8%af%d9%84%d9%81%d9%8a%d9%86%d8%a7\/#primaryimage"},"thumbnailUrl":"https:\/\/sella-industrie.com\/wp-content\/uploads\/2026\/01\/DELPHINA-.webp","datePublished":"2025-06-25T15:36:21+00:00","dateModified":"2026-03-30T08:32:20+00:00","description":"Parfum voiture DELPHINA, senteur florale blanche, inspir\u00e9 de l\u2019Interdit Givenchy 2018, \u00e9l\u00e9gante et intense, au sillage f\u00e9minin luxueux longue dur\u00e9e.","breadcrumb":{"@id":"https:\/\/sella-industrie.com\/produit\/parfum-voiture-delphina-fragrance-fine-interdit-givenchy-%d8%b9%d8%b7%d8%b1-%d8%a7%d9%84%d8%b3%d9%8a%d8%a7%d8%b1%d8%a7%d8%aa-%d8%af%d9%84%d9%81%d9%8a%d9%86%d8%a7\/#breadcrumb"},"inLanguage":"fr-FR","potentialAction":[{"@type":"ReadAction","target":["https:\/\/sella-industrie.com\/produit\/parfum-voiture-delphina-fragrance-fine-interdit-givenchy-%d8%b9%d8%b7%d8%b1-%d8%a7%d9%84%d8%b3%d9%8a%d8%a7%d8%b1%d8%a7%d8%aa-%d8%af%d9%84%d9%81%d9%8a%d9%86%d8%a7\/"]}]},{"@type":"ImageObject","inLanguage":"fr-FR","@id":"https:\/\/sella-industrie.com\/produit\/parfum-voiture-delphina-fragrance-fine-interdit-givenchy-%d8%b9%d8%b7%d8%b1-%d8%a7%d9%84%d8%b3%d9%8a%d8%a7%d8%b1%d8%a7%d8%aa-%d8%af%d9%84%d9%81%d9%8a%d9%86%d8%a7\/#primaryimage","url":"https:\/\/sella-industrie.com\/wp-content\/uploads\/2026\/01\/DELPHINA-.webp","contentUrl":"https:\/\/sella-industrie.com\/wp-content\/uploads\/2026\/01\/DELPHINA-.webp","width":1000,"height":1000,"caption":"Parfum voiture DELPHINA"},{"@type":"BreadcrumbList","@id":"https:\/\/sella-industrie.com\/produit\/parfum-voiture-delphina-fragrance-fine-interdit-givenchy-%d8%b9%d8%b7%d8%b1-%d8%a7%d9%84%d8%b3%d9%8a%d8%a7%d8%b1%d8%a7%d8%aa-%d8%af%d9%84%d9%81%d9%8a%d9%86%d8%a7\/#breadcrumb","itemListElement":[{"@type":"ListItem","position":1,"name":"Accueil","item":"https:\/\/sella-industrie.com\/fr_fr\/"},{"@type":"ListItem","position":2,"name":"Shop","item":"https:\/\/sella-industrie.com\/fr_fr\/shop\/"},{"@type":"ListItem","position":3,"name":"FRAGRANCE FINE Ronde","item":"https:\/\/sella-industrie.com\/categorie-produit\/fragrance-fine-ronde\/"},{"@type":"ListItem","position":4,"name":"Parfum voiture DELPHINA"}]},{"@type":"WebSite","@id":"https:\/\/sella-industrie.com\/#website","url":"https:\/\/sella-industrie.com\/","name":"Boutique &quot;V6&quot;","description":"We care for your car","publisher":{"@id":"https:\/\/sella-industrie.com\/#organization"},"potentialAction":[{"@type":"SearchAction","target":{"@type":"EntryPoint","urlTemplate":"https:\/\/sella-industrie.com\/?s={search_term_string}"},"query-input":{"@type":"PropertyValueSpecification","valueRequired":true,"valueName":"search_term_string"}}],"inLanguage":"fr-FR"},{"@type":"Organization","@id":"https:\/\/sella-industrie.com\/#organization","name":"Boutique &quot;V6&quot;","url":"https:\/\/sella-industrie.com\/","logo":{"@type":"ImageObject","inLanguage":"fr-FR","@id":"https:\/\/sella-industrie.com\/#\/schema\/logo\/image\/","url":"","contentUrl":"","caption":"Boutique &quot;V6&quot;"},"image":{"@id":"https:\/\/sella-industrie.com\/#\/schema\/logo\/image\/"}}]},"product_price_amount":"300","product_price_currency":"DZD","og_availability":"instock","product_availability":"instock","product_condition":"new"},"_links":{"self":[{"href":"https:\/\/sella-industrie.com\/fr_fr\/wp-json\/wp\/v2\/product\/34425","targetHints":{"allow":["GET"]}}],"collection":[{"href":"https:\/\/sella-industrie.com\/fr_fr\/wp-json\/wp\/v2\/product"}],"about":[{"href":"https:\/\/sella-industrie.com\/fr_fr\/wp-json\/wp\/v2\/types\/product"}],"replies":[{"embeddable":true,"href":"https:\/\/sella-industrie.com\/fr_fr\/wp-json\/wp\/v2\/comments?post=34425"}],"wp:featuredmedia":[{"embeddable":true,"href":"https:\/\/sella-industrie.com\/fr_fr\/wp-json\/wp\/v2\/media\/37811"}],"wp:attachment":[{"href":"https:\/\/sella-industrie.com\/fr_fr\/wp-json\/wp\/v2\/media?parent=34425"}],"wp:term":[{"taxonomy":"product_brand","embeddable":true,"href":"https:\/\/sella-industrie.com\/fr_fr\/wp-json\/wp\/v2\/product_brand?post=34425"},{"taxonomy":"product_cat","embeddable":true,"href":"https:\/\/sella-industrie.com\/fr_fr\/wp-json\/wp\/v2\/product_cat?post=34425"},{"taxonomy":"product_tag","embeddable":true,"href":"https:\/\/sella-industrie.com\/fr_fr\/wp-json\/wp\/v2\/product_tag?post=34425"}],"curies":[{"name":"wp","href":"https:\/\/api.w.org\/{rel}","templated":true}]}}