{"id":34417,"date":"2025-06-25T15:25:34","date_gmt":"2025-06-25T15:25:34","guid":{"rendered":"https:\/\/sellaindustrie.com\/?post_type=product&#038;p=34417"},"modified":"2026-03-30T08:55:13","modified_gmt":"2026-03-30T08:55:13","slug":"parfum-voiture-le-flacon-parfume-femme-love-game-luxe-fragrance-ronde-fine-%d8%b9%d8%b7%d8%b1-%d8%a7%d9%84%d8%b3%d9%8a%d8%a7%d8%b1%d8%a7%d8%aa-%d8%a7%d9%84%d9%86%d8%b3%d8%a7%d8%a6%d9%8a-%d8%a7%d9%84","status":"publish","type":"product","link":"https:\/\/sella-industrie.com\/fr_fr\/produit\/parfum-voiture-le-flacon-parfume-femme-love-game-luxe-fragrance-ronde-fine-%d8%b9%d8%b7%d8%b1-%d8%a7%d9%84%d8%b3%d9%8a%d8%a7%d8%b1%d8%a7%d8%aa-%d8%a7%d9%84%d9%86%d8%b3%d8%a7%d8%a6%d9%8a-%d8%a7%d9%84\/","title":{"rendered":"Parfum voiture LOVE GAME"},"content":{"rendered":"<h2 style=\"text-align: center;\">Parfum voiture LOVE GAME \u0639\u0637\u0631 \u0627\u0644\u0633\u064a\u0627\u0631\u0627\u062a \u0644\u0648\u0641 \u063a\u064a\u0645<\/h2>\n<p style=\"text-align: left;\"><span style=\"color: #666699;\"><strong>Parfum voiture LOVE GAME<\/strong><\/span>, le flacon parfum\u00e9 femme, luxe fragrance fine ronde inspir\u00e9 de LADY MILLION Paco Rabanne. Son sillage floral lumineux et <a href=\"https:\/\/www.facebook.com\/V6accessoiresauto?mibextid=wwXIfr&amp;rdid=07l1PwXhFBuWBfmW&amp;share_url=https%3A%2F%2Fwww.facebook.com%2Fshare%2F169W2vbviz%2F%3Fmibextid%3DwwXIfr#\" target=\"_blank\" rel=\"noopener\">sensuel<\/a> apporte une atmosph\u00e8re chic, s\u00e9duisante et raffin\u00e9e \u00e0 l\u2019int\u00e9rieur de votre v\u00e9hicule. Son flacon rond premium ajoute une touche d\u00e9corative <a href=\"https:\/\/sella-industrie.com\/produit\/parfum-voiture-love-game-fragrance-fine-%D8%B9%D8%B7%D8%B1-%D8%A7%D9%84%D8%B3%D9%8A%D8%A7%D8%B1%D8%A7%D8%AA-%D9%84%D9%88%D9%81-%D8%BA%D8%A7%D9%8A%D9%85\/\">\u00e9l\u00e9gante<\/a> \u00e0 votre habitacle tout en assurant une diffusion homog\u00e8ne du parfum. La technologie de cette fragrance garantit : un parfum constant, diffusion progressive, intensit\u00e9 \u00e9quilibr\u00e9e, fra\u00eecheur durable. Votre v\u00e9hicule reste agr\u00e9ablement parfum\u00e9 pendant plusieurs semaines.<\/p>\n<p style=\"text-align: right;\"><strong>\u0639\u0637\u0631\u0627\u0644\u0633\u064a\u0627\u0631\u0627\u062a \u0627\u0644\u0646\u0633\u0627\u0626\u064a \u0627\u0644\u062f\u0627\u0626\u0631\u064a \u0627\u0644\u0631\u0642\u064a\u0642 \u0644\u0648\u0641 \u063a\u064a\u0645<\/strong>\u060c \u0645\u0633\u062a\u0648\u062d\u0649 \u0645\u0646 \u0645\u0627\u0631\u0643\u0629 \u0627\u0644\u0639\u0637\u0631 \u0627\u0644\u0639\u0627\u0644\u0645\u064a \u0627\u0644\u0641\u0627\u062e\u0631 \u0644\u064a\u062f\u064a \u0645\u0644\u064a\u0648\u0646 \u0645\u0646 \u0628\u0627\u0643\u0648 \u0631\u0627\u0628\u0627\u0646\u060c \u0639\u0637\u0631 \u0633\u0627\u062d\u0631 \u064a\u062f\u0648\u0645 \u0637\u0648\u064a\u0644\u0627\u064b\u060c \u064a\u0636\u0641\u064a \u0639\u0644\u0649 \u0645\u0642\u0635\u0648\u0631\u0629 \u0633\u064a\u0627\u0631\u062a\u0643 \u0644\u0645\u0633\u0629 \u0645\u0646 \u0627\u0644\u0623\u0646\u0627\u0642\u0629 \u0648\u0627\u0644\u0631\u0642\u064a<\/p>\n<p><iframe loading=\"lazy\" title=\"Le Flacon Parfume OKK\" width=\"500\" height=\"281\" src=\"https:\/\/www.youtube.com\/embed\/66l9O54TCyM?feature=oembed\" frameborder=\"0\" allow=\"accelerometer; autoplay; clipboard-write; encrypted-media; gyroscope; picture-in-picture; web-share\" referrerpolicy=\"strict-origin-when-cross-origin\" allowfullscreen><\/iframe><\/p>\n","protected":false},"excerpt":{"rendered":"<h1 style=\"text-align: center;\">\u0639\u0637\u0631 \u0627\u0644\u0633\u064a\u0627\u0631\u0627\u062a \u0644\u0648\u0641 \u063a\u064a\u0645<\/h1>\n<p style=\"text-align: left;\"><span style=\"color: #666699;\"><strong>Parfum voiture LOVE GAME<\/strong><\/span>, le flacon parfum\u00e9 femme, luxe fragrance fine ronde inspir\u00e9 de LADY MILLION Paco Rabanne. Son sillage floral lumineux et <a href=\"https:\/\/www.facebook.com\/V6accessoiresauto?mibextid=wwXIfr&amp;rdid=07l1PwXhFBuWBfmW&amp;share_url=https%3A%2F%2Fwww.facebook.com%2Fshare%2F169W2vbviz%2F%3Fmibextid%3DwwXIfr#\">sensuel<\/a> apporte une atmosph\u00e8re chic, s\u00e9duisante et raffin\u00e9e \u00e0 l\u2019int\u00e9rieur de votre v\u00e9hicule.<\/p>\n","protected":false},"featured_media":37813,"comment_status":"open","ping_status":"closed","template":"","meta":[],"product_brand":[293,292],"product_cat":[924],"product_tag":[],"class_list":{"0":"post-34417","1":"product","2":"type-product","3":"status-publish","4":"has-post-thumbnail","6":"product_brand-sella","7":"product_brand-v6","8":"product_cat-fragrance-fine-ronde","10":"first","11":"instock","12":"taxable","13":"shipping-taxable","14":"purchasable","15":"product-type-simple"},"yoast_head":"<!-- This site is optimized with the Yoast SEO plugin v27.4 - https:\/\/yoast.com\/product\/yoast-seo-wordpress\/ -->\n<title>Parfum voiture LOVE GAME - Boutique &quot;V6&quot;<\/title>\n<meta name=\"description\" content=\"Parfum voiture LOVE GAME, fragrance fine f\u00e9minine luxueuse inspir\u00e9 de Lady Million Paco Rabanne. Florale et s\u00e9duisante pour rester durablement parfum\u00e9.\" \/>\n<meta name=\"robots\" content=\"index, follow, max-snippet:-1, max-image-preview:large, max-video-preview:-1\" \/>\n<link rel=\"canonical\" href=\"https:\/\/sella-industrie.com\/fr_fr\/produit\/parfum-voiture-love-game-fragrance-fine-\u0639\u0637\u0631-\u0627\u0644\u0633\u064a\u0627\u0631\u0627\u062a-\u0644\u0648\u0641-\u063a\u0627\u064a\u0645\/\" \/>\n<meta property=\"og:locale\" content=\"fr_FR\" \/>\n<meta property=\"og:type\" content=\"article\" \/>\n<meta property=\"og:title\" content=\"Parfum voiture LOVE GAME - Boutique &quot;V6&quot;\" \/>\n<meta property=\"og:description\" content=\"Parfum voiture LOVE GAME, fragrance fine f\u00e9minine luxueuse inspir\u00e9 de Lady Million Paco Rabanne. Florale et s\u00e9duisante pour rester durablement parfum\u00e9.\" \/>\n<meta property=\"og:url\" content=\"https:\/\/sella-industrie.com\/fr_fr\/produit\/parfum-voiture-love-game-fragrance-fine-\u0639\u0637\u0631-\u0627\u0644\u0633\u064a\u0627\u0631\u0627\u062a-\u0644\u0648\u0641-\u063a\u0627\u064a\u0645\/\" \/>\n<meta property=\"og:site_name\" content=\"Boutique &quot;V6&quot;\" \/>\n<meta property=\"article:modified_time\" content=\"2026-03-30T08:55:13+00:00\" \/>\n<meta property=\"og:image\" content=\"https:\/\/sella-industrie.com\/wp-content\/uploads\/2026\/01\/love-game-.webp\" \/>\n\t<meta property=\"og:image:width\" content=\"1000\" \/>\n\t<meta property=\"og:image:height\" content=\"1000\" \/>\n\t<meta property=\"og:image:type\" content=\"image\/webp\" \/>\n<meta name=\"twitter:card\" content=\"summary_large_image\" \/>\n<meta name=\"twitter:label1\" content=\"Prix\" \/>\n\t<meta name=\"twitter:data1\" content=\"&#x62f;.&#x62c;&nbsp;300\" \/>\n\t<meta name=\"twitter:label2\" content=\"Disponibilit\u00e9\" \/>\n\t<meta name=\"twitter:data2\" content=\"En stock\" \/>\n<script type=\"application\/ld+json\" class=\"yoast-schema-graph\">{\"@context\":\"https:\\\/\\\/schema.org\",\"@graph\":[{\"@type\":\"WebPage\",\"@id\":\"https:\\\/\\\/sella-industrie.com\\\/produit\\\/parfum-voiture-love-game-fragrance-fine-%d8%b9%d8%b7%d8%b1-%d8%a7%d9%84%d8%b3%d9%8a%d8%a7%d8%b1%d8%a7%d8%aa-%d9%84%d9%88%d9%81-%d8%ba%d8%a7%d9%8a%d9%85\\\/\",\"url\":\"https:\\\/\\\/sella-industrie.com\\\/produit\\\/parfum-voiture-love-game-fragrance-fine-%d8%b9%d8%b7%d8%b1-%d8%a7%d9%84%d8%b3%d9%8a%d8%a7%d8%b1%d8%a7%d8%aa-%d9%84%d9%88%d9%81-%d8%ba%d8%a7%d9%8a%d9%85\\\/\",\"name\":\"Parfum voiture LOVE GAME - Boutique &quot;V6&quot;\",\"isPartOf\":{\"@id\":\"https:\\\/\\\/sella-industrie.com\\\/#website\"},\"primaryImageOfPage\":{\"@id\":\"https:\\\/\\\/sella-industrie.com\\\/produit\\\/parfum-voiture-love-game-fragrance-fine-%d8%b9%d8%b7%d8%b1-%d8%a7%d9%84%d8%b3%d9%8a%d8%a7%d8%b1%d8%a7%d8%aa-%d9%84%d9%88%d9%81-%d8%ba%d8%a7%d9%8a%d9%85\\\/#primaryimage\"},\"image\":{\"@id\":\"https:\\\/\\\/sella-industrie.com\\\/produit\\\/parfum-voiture-love-game-fragrance-fine-%d8%b9%d8%b7%d8%b1-%d8%a7%d9%84%d8%b3%d9%8a%d8%a7%d8%b1%d8%a7%d8%aa-%d9%84%d9%88%d9%81-%d8%ba%d8%a7%d9%8a%d9%85\\\/#primaryimage\"},\"thumbnailUrl\":\"https:\\\/\\\/sella-industrie.com\\\/wp-content\\\/uploads\\\/2026\\\/01\\\/love-game-.webp\",\"datePublished\":\"2025-06-25T15:25:34+00:00\",\"dateModified\":\"2026-03-30T08:55:13+00:00\",\"description\":\"Parfum voiture LOVE GAME, fragrance fine f\u00e9minine luxueuse inspir\u00e9 de Lady Million Paco Rabanne. Florale et s\u00e9duisante pour rester durablement parfum\u00e9.\",\"breadcrumb\":{\"@id\":\"https:\\\/\\\/sella-industrie.com\\\/produit\\\/parfum-voiture-love-game-fragrance-fine-%d8%b9%d8%b7%d8%b1-%d8%a7%d9%84%d8%b3%d9%8a%d8%a7%d8%b1%d8%a7%d8%aa-%d9%84%d9%88%d9%81-%d8%ba%d8%a7%d9%8a%d9%85\\\/#breadcrumb\"},\"inLanguage\":\"fr-FR\",\"potentialAction\":[{\"@type\":\"ReadAction\",\"target\":[\"https:\\\/\\\/sella-industrie.com\\\/produit\\\/parfum-voiture-love-game-fragrance-fine-%d8%b9%d8%b7%d8%b1-%d8%a7%d9%84%d8%b3%d9%8a%d8%a7%d8%b1%d8%a7%d8%aa-%d9%84%d9%88%d9%81-%d8%ba%d8%a7%d9%8a%d9%85\\\/\"]}]},{\"@type\":\"ImageObject\",\"inLanguage\":\"fr-FR\",\"@id\":\"https:\\\/\\\/sella-industrie.com\\\/produit\\\/parfum-voiture-love-game-fragrance-fine-%d8%b9%d8%b7%d8%b1-%d8%a7%d9%84%d8%b3%d9%8a%d8%a7%d8%b1%d8%a7%d8%aa-%d9%84%d9%88%d9%81-%d8%ba%d8%a7%d9%8a%d9%85\\\/#primaryimage\",\"url\":\"https:\\\/\\\/sella-industrie.com\\\/wp-content\\\/uploads\\\/2026\\\/01\\\/love-game-.webp\",\"contentUrl\":\"https:\\\/\\\/sella-industrie.com\\\/wp-content\\\/uploads\\\/2026\\\/01\\\/love-game-.webp\",\"width\":1000,\"height\":1000,\"caption\":\"Parfum voiture LOVE GAME\"},{\"@type\":\"BreadcrumbList\",\"@id\":\"https:\\\/\\\/sella-industrie.com\\\/produit\\\/parfum-voiture-love-game-fragrance-fine-%d8%b9%d8%b7%d8%b1-%d8%a7%d9%84%d8%b3%d9%8a%d8%a7%d8%b1%d8%a7%d8%aa-%d9%84%d9%88%d9%81-%d8%ba%d8%a7%d9%8a%d9%85\\\/#breadcrumb\",\"itemListElement\":[{\"@type\":\"ListItem\",\"position\":1,\"name\":\"Accueil\",\"item\":\"https:\\\/\\\/sella-industrie.com\\\/fr_fr\\\/\"},{\"@type\":\"ListItem\",\"position\":2,\"name\":\"Shop\",\"item\":\"https:\\\/\\\/sella-industrie.com\\\/fr_fr\\\/shop\\\/\"},{\"@type\":\"ListItem\",\"position\":3,\"name\":\"FRAGRANCE FINE Ronde\",\"item\":\"https:\\\/\\\/sella-industrie.com\\\/categorie-produit\\\/fragrance-fine-ronde\\\/\"},{\"@type\":\"ListItem\",\"position\":4,\"name\":\"Parfum voiture LOVE GAME\"}]},{\"@type\":\"WebSite\",\"@id\":\"https:\\\/\\\/sella-industrie.com\\\/#website\",\"url\":\"https:\\\/\\\/sella-industrie.com\\\/\",\"name\":\"Boutique &quot;V6&quot;\",\"description\":\"We care for your car\",\"publisher\":{\"@id\":\"https:\\\/\\\/sella-industrie.com\\\/#organization\"},\"potentialAction\":[{\"@type\":\"SearchAction\",\"target\":{\"@type\":\"EntryPoint\",\"urlTemplate\":\"https:\\\/\\\/sella-industrie.com\\\/?s={search_term_string}\"},\"query-input\":{\"@type\":\"PropertyValueSpecification\",\"valueRequired\":true,\"valueName\":\"search_term_string\"}}],\"inLanguage\":\"fr-FR\"},{\"@type\":\"Organization\",\"@id\":\"https:\\\/\\\/sella-industrie.com\\\/#organization\",\"name\":\"Boutique &quot;V6&quot;\",\"url\":\"https:\\\/\\\/sella-industrie.com\\\/\",\"logo\":{\"@type\":\"ImageObject\",\"inLanguage\":\"fr-FR\",\"@id\":\"https:\\\/\\\/sella-industrie.com\\\/#\\\/schema\\\/logo\\\/image\\\/\",\"url\":\"\",\"contentUrl\":\"\",\"caption\":\"Boutique &quot;V6&quot;\"},\"image\":{\"@id\":\"https:\\\/\\\/sella-industrie.com\\\/#\\\/schema\\\/logo\\\/image\\\/\"}}]}<\/script>\n<meta property=\"product:price:amount\" content=\"300\" \/>\n<meta property=\"product:price:currency\" content=\"DZD\" \/>\n<meta property=\"og:availability\" content=\"instock\" \/>\n<meta property=\"product:availability\" content=\"instock\" \/>\n<meta property=\"product:condition\" content=\"new\" \/>\n<!-- \/ Yoast SEO plugin. -->","yoast_head_json":{"title":"Parfum voiture LOVE GAME - Boutique &quot;V6&quot;","description":"Parfum voiture LOVE GAME, fragrance fine f\u00e9minine luxueuse inspir\u00e9 de Lady Million Paco Rabanne. Florale et s\u00e9duisante pour rester durablement parfum\u00e9.","robots":{"index":"index","follow":"follow","max-snippet":"max-snippet:-1","max-image-preview":"max-image-preview:large","max-video-preview":"max-video-preview:-1"},"canonical":"https:\/\/sella-industrie.com\/fr_fr\/produit\/parfum-voiture-love-game-fragrance-fine-\u0639\u0637\u0631-\u0627\u0644\u0633\u064a\u0627\u0631\u0627\u062a-\u0644\u0648\u0641-\u063a\u0627\u064a\u0645\/","og_locale":"fr_FR","og_type":"article","og_title":"Parfum voiture LOVE GAME - Boutique &quot;V6&quot;","og_description":"Parfum voiture LOVE GAME, fragrance fine f\u00e9minine luxueuse inspir\u00e9 de Lady Million Paco Rabanne. Florale et s\u00e9duisante pour rester durablement parfum\u00e9.","og_url":"https:\/\/sella-industrie.com\/fr_fr\/produit\/parfum-voiture-love-game-fragrance-fine-\u0639\u0637\u0631-\u0627\u0644\u0633\u064a\u0627\u0631\u0627\u062a-\u0644\u0648\u0641-\u063a\u0627\u064a\u0645\/","og_site_name":"Boutique &quot;V6&quot;","article_modified_time":"2026-03-30T08:55:13+00:00","og_image":[{"width":1000,"height":1000,"url":"https:\/\/sella-industrie.com\/wp-content\/uploads\/2026\/01\/love-game-.webp","type":"image\/webp"}],"twitter_card":"summary_large_image","twitter_misc":{"Prix":"&#x62f;.&#x62c;&nbsp;300","Disponibilit\u00e9":"En stock"},"schema":{"@context":"https:\/\/schema.org","@graph":[{"@type":"WebPage","@id":"https:\/\/sella-industrie.com\/produit\/parfum-voiture-love-game-fragrance-fine-%d8%b9%d8%b7%d8%b1-%d8%a7%d9%84%d8%b3%d9%8a%d8%a7%d8%b1%d8%a7%d8%aa-%d9%84%d9%88%d9%81-%d8%ba%d8%a7%d9%8a%d9%85\/","url":"https:\/\/sella-industrie.com\/produit\/parfum-voiture-love-game-fragrance-fine-%d8%b9%d8%b7%d8%b1-%d8%a7%d9%84%d8%b3%d9%8a%d8%a7%d8%b1%d8%a7%d8%aa-%d9%84%d9%88%d9%81-%d8%ba%d8%a7%d9%8a%d9%85\/","name":"Parfum voiture LOVE GAME - Boutique &quot;V6&quot;","isPartOf":{"@id":"https:\/\/sella-industrie.com\/#website"},"primaryImageOfPage":{"@id":"https:\/\/sella-industrie.com\/produit\/parfum-voiture-love-game-fragrance-fine-%d8%b9%d8%b7%d8%b1-%d8%a7%d9%84%d8%b3%d9%8a%d8%a7%d8%b1%d8%a7%d8%aa-%d9%84%d9%88%d9%81-%d8%ba%d8%a7%d9%8a%d9%85\/#primaryimage"},"image":{"@id":"https:\/\/sella-industrie.com\/produit\/parfum-voiture-love-game-fragrance-fine-%d8%b9%d8%b7%d8%b1-%d8%a7%d9%84%d8%b3%d9%8a%d8%a7%d8%b1%d8%a7%d8%aa-%d9%84%d9%88%d9%81-%d8%ba%d8%a7%d9%8a%d9%85\/#primaryimage"},"thumbnailUrl":"https:\/\/sella-industrie.com\/wp-content\/uploads\/2026\/01\/love-game-.webp","datePublished":"2025-06-25T15:25:34+00:00","dateModified":"2026-03-30T08:55:13+00:00","description":"Parfum voiture LOVE GAME, fragrance fine f\u00e9minine luxueuse inspir\u00e9 de Lady Million Paco Rabanne. Florale et s\u00e9duisante pour rester durablement parfum\u00e9.","breadcrumb":{"@id":"https:\/\/sella-industrie.com\/produit\/parfum-voiture-love-game-fragrance-fine-%d8%b9%d8%b7%d8%b1-%d8%a7%d9%84%d8%b3%d9%8a%d8%a7%d8%b1%d8%a7%d8%aa-%d9%84%d9%88%d9%81-%d8%ba%d8%a7%d9%8a%d9%85\/#breadcrumb"},"inLanguage":"fr-FR","potentialAction":[{"@type":"ReadAction","target":["https:\/\/sella-industrie.com\/produit\/parfum-voiture-love-game-fragrance-fine-%d8%b9%d8%b7%d8%b1-%d8%a7%d9%84%d8%b3%d9%8a%d8%a7%d8%b1%d8%a7%d8%aa-%d9%84%d9%88%d9%81-%d8%ba%d8%a7%d9%8a%d9%85\/"]}]},{"@type":"ImageObject","inLanguage":"fr-FR","@id":"https:\/\/sella-industrie.com\/produit\/parfum-voiture-love-game-fragrance-fine-%d8%b9%d8%b7%d8%b1-%d8%a7%d9%84%d8%b3%d9%8a%d8%a7%d8%b1%d8%a7%d8%aa-%d9%84%d9%88%d9%81-%d8%ba%d8%a7%d9%8a%d9%85\/#primaryimage","url":"https:\/\/sella-industrie.com\/wp-content\/uploads\/2026\/01\/love-game-.webp","contentUrl":"https:\/\/sella-industrie.com\/wp-content\/uploads\/2026\/01\/love-game-.webp","width":1000,"height":1000,"caption":"Parfum voiture LOVE GAME"},{"@type":"BreadcrumbList","@id":"https:\/\/sella-industrie.com\/produit\/parfum-voiture-love-game-fragrance-fine-%d8%b9%d8%b7%d8%b1-%d8%a7%d9%84%d8%b3%d9%8a%d8%a7%d8%b1%d8%a7%d8%aa-%d9%84%d9%88%d9%81-%d8%ba%d8%a7%d9%8a%d9%85\/#breadcrumb","itemListElement":[{"@type":"ListItem","position":1,"name":"Accueil","item":"https:\/\/sella-industrie.com\/fr_fr\/"},{"@type":"ListItem","position":2,"name":"Shop","item":"https:\/\/sella-industrie.com\/fr_fr\/shop\/"},{"@type":"ListItem","position":3,"name":"FRAGRANCE FINE Ronde","item":"https:\/\/sella-industrie.com\/categorie-produit\/fragrance-fine-ronde\/"},{"@type":"ListItem","position":4,"name":"Parfum voiture LOVE GAME"}]},{"@type":"WebSite","@id":"https:\/\/sella-industrie.com\/#website","url":"https:\/\/sella-industrie.com\/","name":"Boutique &quot;V6&quot;","description":"We care for your car","publisher":{"@id":"https:\/\/sella-industrie.com\/#organization"},"potentialAction":[{"@type":"SearchAction","target":{"@type":"EntryPoint","urlTemplate":"https:\/\/sella-industrie.com\/?s={search_term_string}"},"query-input":{"@type":"PropertyValueSpecification","valueRequired":true,"valueName":"search_term_string"}}],"inLanguage":"fr-FR"},{"@type":"Organization","@id":"https:\/\/sella-industrie.com\/#organization","name":"Boutique &quot;V6&quot;","url":"https:\/\/sella-industrie.com\/","logo":{"@type":"ImageObject","inLanguage":"fr-FR","@id":"https:\/\/sella-industrie.com\/#\/schema\/logo\/image\/","url":"","contentUrl":"","caption":"Boutique &quot;V6&quot;"},"image":{"@id":"https:\/\/sella-industrie.com\/#\/schema\/logo\/image\/"}}]},"product_price_amount":"300","product_price_currency":"DZD","og_availability":"instock","product_availability":"instock","product_condition":"new"},"_links":{"self":[{"href":"https:\/\/sella-industrie.com\/fr_fr\/wp-json\/wp\/v2\/product\/34417","targetHints":{"allow":["GET"]}}],"collection":[{"href":"https:\/\/sella-industrie.com\/fr_fr\/wp-json\/wp\/v2\/product"}],"about":[{"href":"https:\/\/sella-industrie.com\/fr_fr\/wp-json\/wp\/v2\/types\/product"}],"replies":[{"embeddable":true,"href":"https:\/\/sella-industrie.com\/fr_fr\/wp-json\/wp\/v2\/comments?post=34417"}],"wp:featuredmedia":[{"embeddable":true,"href":"https:\/\/sella-industrie.com\/fr_fr\/wp-json\/wp\/v2\/media\/37813"}],"wp:attachment":[{"href":"https:\/\/sella-industrie.com\/fr_fr\/wp-json\/wp\/v2\/media?parent=34417"}],"wp:term":[{"taxonomy":"product_brand","embeddable":true,"href":"https:\/\/sella-industrie.com\/fr_fr\/wp-json\/wp\/v2\/product_brand?post=34417"},{"taxonomy":"product_cat","embeddable":true,"href":"https:\/\/sella-industrie.com\/fr_fr\/wp-json\/wp\/v2\/product_cat?post=34417"},{"taxonomy":"product_tag","embeddable":true,"href":"https:\/\/sella-industrie.com\/fr_fr\/wp-json\/wp\/v2\/product_tag?post=34417"}],"curies":[{"name":"wp","href":"https:\/\/api.w.org\/{rel}","templated":true}]}}