{"id":34402,"date":"2025-06-25T14:58:22","date_gmt":"2025-06-25T14:58:22","guid":{"rendered":"https:\/\/sellaindustrie.com\/?post_type=product&#038;p=34402"},"modified":"2026-03-23T11:52:37","modified_gmt":"2026-03-23T11:52:37","slug":"parfum-voiture-new-miniature-carree-miss-perfect-luxe-fragrance-%d8%b9%d8%b7%d8%b1-%d8%a7%d9%84%d8%b3%d9%8a%d8%a7%d8%b1%d8%a7%d8%aa-%d8%a7%d9%84%d9%85%d8%b1%d8%a8%d8%b9-%d9%85%d9%8a%d8%b3-%d8%a8%d8%b1","status":"publish","type":"product","link":"https:\/\/sella-industrie.com\/fr_fr\/produit\/parfum-voiture-new-miniature-carree-miss-perfect-luxe-fragrance-%d8%b9%d8%b7%d8%b1-%d8%a7%d9%84%d8%b3%d9%8a%d8%a7%d8%b1%d8%a7%d8%aa-%d8%a7%d9%84%d9%85%d8%b1%d8%a8%d8%b9-%d9%85%d9%8a%d8%b3-%d8%a8%d8%b1\/","title":{"rendered":"Parfum voiture MISS PERFECT"},"content":{"rendered":"<h2 style=\"text-align: center;\">Parfum voiture MISS PERFECT \u0639\u0637\u0631 \u0627\u0644\u0633\u064a\u0627\u0631\u0627\u062a \u0645\u064a\u0633 \u0628\u0631\u0641\u0643\u062a<\/h2>\n<p style=\"text-align: left;\"><strong><span style=\"color: #666699;\">Parfum voiture <\/span><span style=\"color: #666699;\">MISS PERFECT<\/span><\/strong>, new miniature Carr\u00e9e, fragrance de luxe inspir\u00e9 de Good Girl Carolina Herrera. Senteur sensuelle pour un habitacle chic et durablement parfum\u00e9. C&rsquo;est le choix id\u00e9al pour celles et ceux qui souhaitent apporter <a href=\"https:\/\/www.facebook.com\/V6accessoiresauto?mibextid=wwXIfr&amp;rdid=07l1PwXhFBuWBfmW&amp;share_url=https%3A%2F%2Fwww.facebook.com%2Fshare%2F169W2vbviz%2F%3Fmibextid%3DwwXIfr#\" target=\"_blank\" rel=\"noopener\">une signature olfactive \u00e9l\u00e9gante et luxueuse<\/a> \u00e0 leur v\u00e9hicule. Inspir\u00e9 de la haute <a href=\"https:\/\/sella-industrie.com\/fr_fr\/produit\/parfum-voiture-love-game-luxe-carre-%d8%b9%d8%b7%d8%b1-%d8%a7%d9%84%d8%b3%d9%8a%d8%a7%d8%b1%d8%a7%d8%aa-%d9%84%d9%88%d9%81-%d8%ba%d8%a7%d9%8a%d9%85\/\">parfumerie<\/a>, il transforme chaque trajet en une exp\u00e9rience parfum\u00e9e sophistiqu\u00e9e et ambiance automobile chic. Flacon premium avec design moderne, raffin\u00e9 et \u00e9l\u00e9gant, belle touche d\u00e9corative et diffusion progressive dans l\u2019habitacle.<\/p>\n<p style=\"text-align: right;\"><span style=\"color: #666699;\"><strong>\u0639\u0637\u0631 \u0627\u0644\u0633\u064a\u0627\u0631\u0627\u062a \u0627\u0644\u0645\u0631\u0628\u0639 \u0645\u064a\u0633 \u0628\u0631\u0641\u0643\u062a\u060c<\/strong><\/span> \u0645\u0633\u062a\u0648\u062d\u0649 \u0645\u0646 \u0645\u0627\u0631\u0643\u0629 \u0627\u0644\u0639\u0637\u0631 \u0627\u0644\u0639\u0627\u0644\u0645\u064a \u0627\u0644\u0641\u0627\u062e\u0631 \u062c\u0648\u062f \u063a\u064a\u0631\u0644 \u0643\u0627\u0631\u0648\u0644\u064a\u0646\u0627 \u0647\u064a\u0631\u064a\u0631\u0627<\/p>\n<p><iframe loading=\"lazy\" title=\"New Miniatures, Luxe fragrance\" width=\"500\" height=\"281\" src=\"https:\/\/www.youtube.com\/embed\/ZDY6gOl_07o?feature=oembed\" frameborder=\"0\" allow=\"accelerometer; autoplay; clipboard-write; encrypted-media; gyroscope; picture-in-picture; web-share\" referrerpolicy=\"strict-origin-when-cross-origin\" allowfullscreen><\/iframe><\/p>\n<p>&nbsp;<\/p>\n","protected":false},"excerpt":{"rendered":"<h1 style=\"text-align: center;\">\u0639\u0637\u0631 \u0627\u0644\u0633\u064a\u0627\u0631\u0627\u062a \u0645\u064a\u0633 \u0628\u0631\u0641\u0643\u062a<\/h1>\n<p style=\"text-align: left;\"><strong><span style=\"color: #666699;\">Parfum voiture <\/span><span style=\"color: #666699;\">MISS PERFECT<\/span><\/strong>, new miniature Carr\u00e9e, fragrance de luxe inspir\u00e9 de Good Girl Carolina Herrera. Fragrance sensuelle pour un habitacle chic et durablement parfum\u00e9. C&rsquo;est le choix id\u00e9al pour celles et ceux qui souhaitent apporter une signature olfactive \u00e9l\u00e9gante et luxueuse \u00e0 leur v\u00e9hicule.<\/p>\n","protected":false},"featured_media":37860,"comment_status":"open","ping_status":"closed","template":"","meta":[],"product_brand":[293,292],"product_cat":[925],"product_tag":[],"class_list":{"0":"post-34402","1":"product","2":"type-product","3":"status-publish","4":"has-post-thumbnail","6":"product_brand-sella","7":"product_brand-v6","8":"product_cat-fragrance-de-luxe-carree","10":"first","11":"instock","12":"taxable","13":"shipping-taxable","14":"purchasable","15":"product-type-simple"},"yoast_head":"<!-- This site is optimized with the Yoast SEO plugin v27.4 - https:\/\/yoast.com\/product\/yoast-seo-wordpress\/ -->\n<title>Parfum voiture MISS PERFECT - Boutique &quot;V6&quot;<\/title>\n<meta name=\"description\" content=\"Parfum voiture MISS PERFECT, Luxe Fragrance Carr\u00e9e inspir\u00e9 de Good Girl Carolina Herrera. El\u00e9gante et sensuelle pour un habitacle chic et parfum\u00e9.\" \/>\n<meta name=\"robots\" content=\"index, follow, max-snippet:-1, max-image-preview:large, max-video-preview:-1\" \/>\n<link rel=\"canonical\" href=\"https:\/\/sella-industrie.com\/fr_fr\/produit\/parfum-voiture-miss-perfect-luxe-carre-\u0639\u0637\u0631-\u0627\u0644\u0633\u064a\u0627\u0631\u0627\u062a-\u0645\u064a\u0633-\u0628\u064a\u0631\u0641\u064a\u0643\u062a\/\" \/>\n<meta property=\"og:locale\" content=\"fr_FR\" \/>\n<meta property=\"og:type\" content=\"article\" \/>\n<meta property=\"og:title\" content=\"Parfum voiture MISS PERFECT - Boutique &quot;V6&quot;\" \/>\n<meta property=\"og:description\" content=\"Parfum voiture MISS PERFECT, Luxe Fragrance Carr\u00e9e inspir\u00e9 de Good Girl Carolina Herrera. El\u00e9gante et sensuelle pour un habitacle chic et parfum\u00e9.\" \/>\n<meta property=\"og:url\" content=\"https:\/\/sella-industrie.com\/fr_fr\/produit\/parfum-voiture-miss-perfect-luxe-carre-\u0639\u0637\u0631-\u0627\u0644\u0633\u064a\u0627\u0631\u0627\u062a-\u0645\u064a\u0633-\u0628\u064a\u0631\u0641\u064a\u0643\u062a\/\" \/>\n<meta property=\"og:site_name\" content=\"Boutique &quot;V6&quot;\" \/>\n<meta property=\"article:modified_time\" content=\"2026-03-23T11:52:37+00:00\" \/>\n<meta property=\"og:image\" content=\"https:\/\/sella-industrie.com\/wp-content\/uploads\/2025\/06\/MISS-PERFECT.webp\" \/>\n\t<meta property=\"og:image:width\" content=\"1000\" \/>\n\t<meta property=\"og:image:height\" content=\"1000\" \/>\n\t<meta property=\"og:image:type\" content=\"image\/webp\" \/>\n<meta name=\"twitter:card\" content=\"summary_large_image\" \/>\n<meta name=\"twitter:label1\" content=\"Prix\" \/>\n\t<meta name=\"twitter:data1\" content=\"&#x62f;.&#x62c;&nbsp;500\" \/>\n\t<meta name=\"twitter:label2\" content=\"Disponibilit\u00e9\" \/>\n\t<meta name=\"twitter:data2\" content=\"En stock\" \/>\n<script type=\"application\/ld+json\" class=\"yoast-schema-graph\">{\"@context\":\"https:\\\/\\\/schema.org\",\"@graph\":[{\"@type\":\"WebPage\",\"@id\":\"https:\\\/\\\/sella-industrie.com\\\/produit\\\/parfum-voiture-miss-perfect-luxe-carre-%d8%b9%d8%b7%d8%b1-%d8%a7%d9%84%d8%b3%d9%8a%d8%a7%d8%b1%d8%a7%d8%aa-%d9%85%d9%8a%d8%b3-%d8%a8%d9%8a%d8%b1%d9%81%d9%8a%d9%83%d8%aa\\\/\",\"url\":\"https:\\\/\\\/sella-industrie.com\\\/produit\\\/parfum-voiture-miss-perfect-luxe-carre-%d8%b9%d8%b7%d8%b1-%d8%a7%d9%84%d8%b3%d9%8a%d8%a7%d8%b1%d8%a7%d8%aa-%d9%85%d9%8a%d8%b3-%d8%a8%d9%8a%d8%b1%d9%81%d9%8a%d9%83%d8%aa\\\/\",\"name\":\"Parfum voiture MISS PERFECT - Boutique &quot;V6&quot;\",\"isPartOf\":{\"@id\":\"https:\\\/\\\/sella-industrie.com\\\/#website\"},\"primaryImageOfPage\":{\"@id\":\"https:\\\/\\\/sella-industrie.com\\\/produit\\\/parfum-voiture-miss-perfect-luxe-carre-%d8%b9%d8%b7%d8%b1-%d8%a7%d9%84%d8%b3%d9%8a%d8%a7%d8%b1%d8%a7%d8%aa-%d9%85%d9%8a%d8%b3-%d8%a8%d9%8a%d8%b1%d9%81%d9%8a%d9%83%d8%aa\\\/#primaryimage\"},\"image\":{\"@id\":\"https:\\\/\\\/sella-industrie.com\\\/produit\\\/parfum-voiture-miss-perfect-luxe-carre-%d8%b9%d8%b7%d8%b1-%d8%a7%d9%84%d8%b3%d9%8a%d8%a7%d8%b1%d8%a7%d8%aa-%d9%85%d9%8a%d8%b3-%d8%a8%d9%8a%d8%b1%d9%81%d9%8a%d9%83%d8%aa\\\/#primaryimage\"},\"thumbnailUrl\":\"https:\\\/\\\/sella-industrie.com\\\/wp-content\\\/uploads\\\/2025\\\/06\\\/MISS-PERFECT.webp\",\"datePublished\":\"2025-06-25T14:58:22+00:00\",\"dateModified\":\"2026-03-23T11:52:37+00:00\",\"description\":\"Parfum voiture MISS PERFECT, Luxe Fragrance Carr\u00e9e inspir\u00e9 de Good Girl Carolina Herrera. El\u00e9gante et sensuelle pour un habitacle chic et parfum\u00e9.\",\"breadcrumb\":{\"@id\":\"https:\\\/\\\/sella-industrie.com\\\/produit\\\/parfum-voiture-miss-perfect-luxe-carre-%d8%b9%d8%b7%d8%b1-%d8%a7%d9%84%d8%b3%d9%8a%d8%a7%d8%b1%d8%a7%d8%aa-%d9%85%d9%8a%d8%b3-%d8%a8%d9%8a%d8%b1%d9%81%d9%8a%d9%83%d8%aa\\\/#breadcrumb\"},\"inLanguage\":\"fr-FR\",\"potentialAction\":[{\"@type\":\"ReadAction\",\"target\":[\"https:\\\/\\\/sella-industrie.com\\\/produit\\\/parfum-voiture-miss-perfect-luxe-carre-%d8%b9%d8%b7%d8%b1-%d8%a7%d9%84%d8%b3%d9%8a%d8%a7%d8%b1%d8%a7%d8%aa-%d9%85%d9%8a%d8%b3-%d8%a8%d9%8a%d8%b1%d9%81%d9%8a%d9%83%d8%aa\\\/\"]}]},{\"@type\":\"ImageObject\",\"inLanguage\":\"fr-FR\",\"@id\":\"https:\\\/\\\/sella-industrie.com\\\/produit\\\/parfum-voiture-miss-perfect-luxe-carre-%d8%b9%d8%b7%d8%b1-%d8%a7%d9%84%d8%b3%d9%8a%d8%a7%d8%b1%d8%a7%d8%aa-%d9%85%d9%8a%d8%b3-%d8%a8%d9%8a%d8%b1%d9%81%d9%8a%d9%83%d8%aa\\\/#primaryimage\",\"url\":\"https:\\\/\\\/sella-industrie.com\\\/wp-content\\\/uploads\\\/2025\\\/06\\\/MISS-PERFECT.webp\",\"contentUrl\":\"https:\\\/\\\/sella-industrie.com\\\/wp-content\\\/uploads\\\/2025\\\/06\\\/MISS-PERFECT.webp\",\"width\":1000,\"height\":1000,\"caption\":\"Parfum voiture MISS PERFECT\"},{\"@type\":\"BreadcrumbList\",\"@id\":\"https:\\\/\\\/sella-industrie.com\\\/produit\\\/parfum-voiture-miss-perfect-luxe-carre-%d8%b9%d8%b7%d8%b1-%d8%a7%d9%84%d8%b3%d9%8a%d8%a7%d8%b1%d8%a7%d8%aa-%d9%85%d9%8a%d8%b3-%d8%a8%d9%8a%d8%b1%d9%81%d9%8a%d9%83%d8%aa\\\/#breadcrumb\",\"itemListElement\":[{\"@type\":\"ListItem\",\"position\":1,\"name\":\"Accueil\",\"item\":\"https:\\\/\\\/sella-industrie.com\\\/fr_fr\\\/\"},{\"@type\":\"ListItem\",\"position\":2,\"name\":\"Shop\",\"item\":\"https:\\\/\\\/sella-industrie.com\\\/fr_fr\\\/shop\\\/\"},{\"@type\":\"ListItem\",\"position\":3,\"name\":\"FRAGRANCE DE LUXE Carr\u00e9e\",\"item\":\"https:\\\/\\\/sella-industrie.com\\\/categorie-produit\\\/fragrance-de-luxe-carree\\\/\"},{\"@type\":\"ListItem\",\"position\":4,\"name\":\"Parfum voiture MISS PERFECT\"}]},{\"@type\":\"WebSite\",\"@id\":\"https:\\\/\\\/sella-industrie.com\\\/#website\",\"url\":\"https:\\\/\\\/sella-industrie.com\\\/\",\"name\":\"Boutique &quot;V6&quot;\",\"description\":\"We care for your car\",\"publisher\":{\"@id\":\"https:\\\/\\\/sella-industrie.com\\\/#organization\"},\"potentialAction\":[{\"@type\":\"SearchAction\",\"target\":{\"@type\":\"EntryPoint\",\"urlTemplate\":\"https:\\\/\\\/sella-industrie.com\\\/?s={search_term_string}\"},\"query-input\":{\"@type\":\"PropertyValueSpecification\",\"valueRequired\":true,\"valueName\":\"search_term_string\"}}],\"inLanguage\":\"fr-FR\"},{\"@type\":\"Organization\",\"@id\":\"https:\\\/\\\/sella-industrie.com\\\/#organization\",\"name\":\"Boutique &quot;V6&quot;\",\"url\":\"https:\\\/\\\/sella-industrie.com\\\/\",\"logo\":{\"@type\":\"ImageObject\",\"inLanguage\":\"fr-FR\",\"@id\":\"https:\\\/\\\/sella-industrie.com\\\/#\\\/schema\\\/logo\\\/image\\\/\",\"url\":\"\",\"contentUrl\":\"\",\"caption\":\"Boutique &quot;V6&quot;\"},\"image\":{\"@id\":\"https:\\\/\\\/sella-industrie.com\\\/#\\\/schema\\\/logo\\\/image\\\/\"}}]}<\/script>\n<meta property=\"product:price:amount\" content=\"500\" \/>\n<meta property=\"product:price:currency\" content=\"DZD\" \/>\n<meta property=\"og:availability\" content=\"instock\" \/>\n<meta property=\"product:availability\" content=\"instock\" \/>\n<meta property=\"product:condition\" content=\"new\" \/>\n<!-- \/ Yoast SEO plugin. -->","yoast_head_json":{"title":"Parfum voiture MISS PERFECT - Boutique &quot;V6&quot;","description":"Parfum voiture MISS PERFECT, Luxe Fragrance Carr\u00e9e inspir\u00e9 de Good Girl Carolina Herrera. El\u00e9gante et sensuelle pour un habitacle chic et parfum\u00e9.","robots":{"index":"index","follow":"follow","max-snippet":"max-snippet:-1","max-image-preview":"max-image-preview:large","max-video-preview":"max-video-preview:-1"},"canonical":"https:\/\/sella-industrie.com\/fr_fr\/produit\/parfum-voiture-miss-perfect-luxe-carre-\u0639\u0637\u0631-\u0627\u0644\u0633\u064a\u0627\u0631\u0627\u062a-\u0645\u064a\u0633-\u0628\u064a\u0631\u0641\u064a\u0643\u062a\/","og_locale":"fr_FR","og_type":"article","og_title":"Parfum voiture MISS PERFECT - Boutique &quot;V6&quot;","og_description":"Parfum voiture MISS PERFECT, Luxe Fragrance Carr\u00e9e inspir\u00e9 de Good Girl Carolina Herrera. El\u00e9gante et sensuelle pour un habitacle chic et parfum\u00e9.","og_url":"https:\/\/sella-industrie.com\/fr_fr\/produit\/parfum-voiture-miss-perfect-luxe-carre-\u0639\u0637\u0631-\u0627\u0644\u0633\u064a\u0627\u0631\u0627\u062a-\u0645\u064a\u0633-\u0628\u064a\u0631\u0641\u064a\u0643\u062a\/","og_site_name":"Boutique &quot;V6&quot;","article_modified_time":"2026-03-23T11:52:37+00:00","og_image":[{"width":1000,"height":1000,"url":"https:\/\/sella-industrie.com\/wp-content\/uploads\/2025\/06\/MISS-PERFECT.webp","type":"image\/webp"}],"twitter_card":"summary_large_image","twitter_misc":{"Prix":"&#x62f;.&#x62c;&nbsp;500","Disponibilit\u00e9":"En stock"},"schema":{"@context":"https:\/\/schema.org","@graph":[{"@type":"WebPage","@id":"https:\/\/sella-industrie.com\/produit\/parfum-voiture-miss-perfect-luxe-carre-%d8%b9%d8%b7%d8%b1-%d8%a7%d9%84%d8%b3%d9%8a%d8%a7%d8%b1%d8%a7%d8%aa-%d9%85%d9%8a%d8%b3-%d8%a8%d9%8a%d8%b1%d9%81%d9%8a%d9%83%d8%aa\/","url":"https:\/\/sella-industrie.com\/produit\/parfum-voiture-miss-perfect-luxe-carre-%d8%b9%d8%b7%d8%b1-%d8%a7%d9%84%d8%b3%d9%8a%d8%a7%d8%b1%d8%a7%d8%aa-%d9%85%d9%8a%d8%b3-%d8%a8%d9%8a%d8%b1%d9%81%d9%8a%d9%83%d8%aa\/","name":"Parfum voiture MISS PERFECT - Boutique &quot;V6&quot;","isPartOf":{"@id":"https:\/\/sella-industrie.com\/#website"},"primaryImageOfPage":{"@id":"https:\/\/sella-industrie.com\/produit\/parfum-voiture-miss-perfect-luxe-carre-%d8%b9%d8%b7%d8%b1-%d8%a7%d9%84%d8%b3%d9%8a%d8%a7%d8%b1%d8%a7%d8%aa-%d9%85%d9%8a%d8%b3-%d8%a8%d9%8a%d8%b1%d9%81%d9%8a%d9%83%d8%aa\/#primaryimage"},"image":{"@id":"https:\/\/sella-industrie.com\/produit\/parfum-voiture-miss-perfect-luxe-carre-%d8%b9%d8%b7%d8%b1-%d8%a7%d9%84%d8%b3%d9%8a%d8%a7%d8%b1%d8%a7%d8%aa-%d9%85%d9%8a%d8%b3-%d8%a8%d9%8a%d8%b1%d9%81%d9%8a%d9%83%d8%aa\/#primaryimage"},"thumbnailUrl":"https:\/\/sella-industrie.com\/wp-content\/uploads\/2025\/06\/MISS-PERFECT.webp","datePublished":"2025-06-25T14:58:22+00:00","dateModified":"2026-03-23T11:52:37+00:00","description":"Parfum voiture MISS PERFECT, Luxe Fragrance Carr\u00e9e inspir\u00e9 de Good Girl Carolina Herrera. El\u00e9gante et sensuelle pour un habitacle chic et parfum\u00e9.","breadcrumb":{"@id":"https:\/\/sella-industrie.com\/produit\/parfum-voiture-miss-perfect-luxe-carre-%d8%b9%d8%b7%d8%b1-%d8%a7%d9%84%d8%b3%d9%8a%d8%a7%d8%b1%d8%a7%d8%aa-%d9%85%d9%8a%d8%b3-%d8%a8%d9%8a%d8%b1%d9%81%d9%8a%d9%83%d8%aa\/#breadcrumb"},"inLanguage":"fr-FR","potentialAction":[{"@type":"ReadAction","target":["https:\/\/sella-industrie.com\/produit\/parfum-voiture-miss-perfect-luxe-carre-%d8%b9%d8%b7%d8%b1-%d8%a7%d9%84%d8%b3%d9%8a%d8%a7%d8%b1%d8%a7%d8%aa-%d9%85%d9%8a%d8%b3-%d8%a8%d9%8a%d8%b1%d9%81%d9%8a%d9%83%d8%aa\/"]}]},{"@type":"ImageObject","inLanguage":"fr-FR","@id":"https:\/\/sella-industrie.com\/produit\/parfum-voiture-miss-perfect-luxe-carre-%d8%b9%d8%b7%d8%b1-%d8%a7%d9%84%d8%b3%d9%8a%d8%a7%d8%b1%d8%a7%d8%aa-%d9%85%d9%8a%d8%b3-%d8%a8%d9%8a%d8%b1%d9%81%d9%8a%d9%83%d8%aa\/#primaryimage","url":"https:\/\/sella-industrie.com\/wp-content\/uploads\/2025\/06\/MISS-PERFECT.webp","contentUrl":"https:\/\/sella-industrie.com\/wp-content\/uploads\/2025\/06\/MISS-PERFECT.webp","width":1000,"height":1000,"caption":"Parfum voiture MISS PERFECT"},{"@type":"BreadcrumbList","@id":"https:\/\/sella-industrie.com\/produit\/parfum-voiture-miss-perfect-luxe-carre-%d8%b9%d8%b7%d8%b1-%d8%a7%d9%84%d8%b3%d9%8a%d8%a7%d8%b1%d8%a7%d8%aa-%d9%85%d9%8a%d8%b3-%d8%a8%d9%8a%d8%b1%d9%81%d9%8a%d9%83%d8%aa\/#breadcrumb","itemListElement":[{"@type":"ListItem","position":1,"name":"Accueil","item":"https:\/\/sella-industrie.com\/fr_fr\/"},{"@type":"ListItem","position":2,"name":"Shop","item":"https:\/\/sella-industrie.com\/fr_fr\/shop\/"},{"@type":"ListItem","position":3,"name":"FRAGRANCE DE LUXE Carr\u00e9e","item":"https:\/\/sella-industrie.com\/categorie-produit\/fragrance-de-luxe-carree\/"},{"@type":"ListItem","position":4,"name":"Parfum voiture MISS PERFECT"}]},{"@type":"WebSite","@id":"https:\/\/sella-industrie.com\/#website","url":"https:\/\/sella-industrie.com\/","name":"Boutique &quot;V6&quot;","description":"We care for your car","publisher":{"@id":"https:\/\/sella-industrie.com\/#organization"},"potentialAction":[{"@type":"SearchAction","target":{"@type":"EntryPoint","urlTemplate":"https:\/\/sella-industrie.com\/?s={search_term_string}"},"query-input":{"@type":"PropertyValueSpecification","valueRequired":true,"valueName":"search_term_string"}}],"inLanguage":"fr-FR"},{"@type":"Organization","@id":"https:\/\/sella-industrie.com\/#organization","name":"Boutique &quot;V6&quot;","url":"https:\/\/sella-industrie.com\/","logo":{"@type":"ImageObject","inLanguage":"fr-FR","@id":"https:\/\/sella-industrie.com\/#\/schema\/logo\/image\/","url":"","contentUrl":"","caption":"Boutique &quot;V6&quot;"},"image":{"@id":"https:\/\/sella-industrie.com\/#\/schema\/logo\/image\/"}}]},"product_price_amount":"500","product_price_currency":"DZD","og_availability":"instock","product_availability":"instock","product_condition":"new"},"_links":{"self":[{"href":"https:\/\/sella-industrie.com\/fr_fr\/wp-json\/wp\/v2\/product\/34402","targetHints":{"allow":["GET"]}}],"collection":[{"href":"https:\/\/sella-industrie.com\/fr_fr\/wp-json\/wp\/v2\/product"}],"about":[{"href":"https:\/\/sella-industrie.com\/fr_fr\/wp-json\/wp\/v2\/types\/product"}],"replies":[{"embeddable":true,"href":"https:\/\/sella-industrie.com\/fr_fr\/wp-json\/wp\/v2\/comments?post=34402"}],"wp:featuredmedia":[{"embeddable":true,"href":"https:\/\/sella-industrie.com\/fr_fr\/wp-json\/wp\/v2\/media\/37860"}],"wp:attachment":[{"href":"https:\/\/sella-industrie.com\/fr_fr\/wp-json\/wp\/v2\/media?parent=34402"}],"wp:term":[{"taxonomy":"product_brand","embeddable":true,"href":"https:\/\/sella-industrie.com\/fr_fr\/wp-json\/wp\/v2\/product_brand?post=34402"},{"taxonomy":"product_cat","embeddable":true,"href":"https:\/\/sella-industrie.com\/fr_fr\/wp-json\/wp\/v2\/product_cat?post=34402"},{"taxonomy":"product_tag","embeddable":true,"href":"https:\/\/sella-industrie.com\/fr_fr\/wp-json\/wp\/v2\/product_tag?post=34402"}],"curies":[{"name":"wp","href":"https:\/\/api.w.org\/{rel}","templated":true}]}}