{"id":34376,"date":"2025-06-25T12:59:28","date_gmt":"2025-06-25T12:59:28","guid":{"rendered":"https:\/\/sellaindustrie.com\/?post_type=product&#038;p=34376"},"modified":"2026-03-23T12:23:03","modified_gmt":"2026-03-23T12:23:03","slug":"parfum-voiture-new-miniature-ronde-silex-luxe-fragrance-%d8%b9%d8%b7%d8%b1-%d8%a7%d9%84%d8%b3%d9%8a%d8%a7%d8%b1%d8%a7%d8%aa-%d8%a7%d9%84%d8%af%d8%a7%d8%a6%d8%b1%d9%8a-%d8%b3%d9%84%d9%83%d8%b3","status":"publish","type":"product","link":"https:\/\/sella-industrie.com\/fr_fr\/produit\/parfum-voiture-new-miniature-ronde-silex-luxe-fragrance-%d8%b9%d8%b7%d8%b1-%d8%a7%d9%84%d8%b3%d9%8a%d8%a7%d8%b1%d8%a7%d8%aa-%d8%a7%d9%84%d8%af%d8%a7%d8%a6%d8%b1%d9%8a-%d8%b3%d9%84%d9%83%d8%b3\/","title":{"rendered":"Parfum voiture SILEX"},"content":{"rendered":"<h2 style=\"text-align: center;\">Parfum voiture SILEX \u0639\u0637\u0631 \u0627\u0644\u0633\u064a\u0627\u0631\u0627\u062a \u0633\u0644\u0643\u0633<\/h2>\n<p style=\"text-align: left;\"><span style=\"color: #666699;\"><strong>Parfum voiture SILEX<\/strong><\/span>, new miniature Ronde, fragrance de luxe inspir\u00e9e de TERRE D&rsquo;Herm\u00e8s. Senteur bois\u00e9e et \u00e9l\u00e9gante pour un habitacle raffin\u00e9 et durablement parfum\u00e9. Il permet de neutraliser les mauvaises odeurs, parfumer durablement <a href=\"https:\/\/www.facebook.com\/V6accessoiresauto?mibextid=wwXIfr&amp;rdid=07l1PwXhFBuWBfmW&amp;share_url=https%3A%2F%2Fwww.facebook.com%2Fshare%2F169W2vbviz%2F%3Fmibextid%3DwwXIfr#\" target=\"_blank\" rel=\"noopener\">l\u2019int\u00e9rieur du v\u00e9hicule<\/a>, cr\u00e9er une ambiance masculine et <a href=\"https:\/\/sella-industrie.com\/fr_fr\/produit\/parfum-voiture-silex-fragrance-fine-%d8%b9%d8%b7%d8%b1-%d8%a7%d9%84%d8%b3%d9%8a%d8%a7%d8%b1%d8%a7%d8%aa-%d8%b3%d9%8a%d9%84%d9%83%d8%b3\/\">sophistiqu\u00e9e<\/a>, am\u00e9liorer le confort de conduite. Chaque trajet devient plus agr\u00e9able. La technologie de cette<strong data-start=\"2092\" data-end=\"2110\">\u00a0Fragrance<\/strong> garantit : diffusion progressive du parfum, intensit\u00e9 \u00e9quilibr\u00e9e, parfum constant, fra\u00eecheur durable pendant plusieurs semaines. Votre voiture reste parfum\u00e9e longtemps.<\/p>\n<p style=\"text-align: right;\"><strong>\u0639\u0637\u0631 \u0627\u0644\u0633\u064a\u0627\u0631\u0627\u062a \u0627\u0644\u062f\u0627\u0626\u0631\u064a \u0633\u0644\u0643\u0633<\/strong>\u060c \u0639\u0637\u0631 \u0641\u0627\u062e\u0631 \u0645\u062a\u0643\u0627\u0645\u0644 \u0645\u0633\u062a\u0648\u062d\u0649 \u0645\u0646 \u0645\u0627\u0631\u0643\u0629 \u0627\u0644\u0639\u0637\u0631 \u0627\u0644\u0639\u0627\u0644\u0645\u064a \u0627\u0644\u0641\u0627\u062e\u0631 \u062a\u064a\u0631\u062f\u064a\u0631\u0645\u064a\u0633\u060c \u0631\u0627\u0626\u062d\u0629 \u062e\u0634\u0628\u064a\u0629 \u0623\u0646\u064a\u0642\u0629 \u062a\u0645\u0646\u062d \u0645\u0642\u0635\u0648\u0631\u0629 \u0633\u064a\u0627\u0631\u062a\u0643 \u0623\u062c\u0648\u0627\u0621\u064b \u0631\u0627\u0642\u064a\u0629 \u062a\u062f\u0648\u0645 \u0637\u0648\u064a\u0644\u0627\u064b. \u064a\u0642\u0636\u064a \u0639\u0644\u0649 \u0627\u0644\u0631\u0648\u0627\u0626\u062d \u0627\u0644\u0643\u0631\u064a\u0647\u0629\u060c \u0648\u064a\u0645\u0646\u062d \u0633\u064a\u0627\u0631\u062a\u0643 \u0639\u0637\u0631\u0627\u064b \u064a\u062f\u0648\u0645 \u0637\u0648\u064a\u0644\u0627\u064b\u060c \u0648\u064a\u062e\u0644\u0642 \u062c\u0648\u0627\u064b \u0623\u0646\u064a\u0642\u0627\u064b \u0648\u062c\u0630\u0627\u0628\u0627\u064b\u060c \u0648\u064a\u0639\u0632\u0632 \u0631\u0627\u062d\u0629 \u0627\u0644\u0642\u064a\u0627\u062f\u0629. \u062a\u0635\u0628\u062d \u0643\u0644 \u0631\u062d\u0644\u0629 \u0623\u0643\u062b\u0631 \u0645\u062a\u0639\u0629. \u062a\u0636\u0645\u0646 \u0627\u0644\u062a\u0642\u0646\u064a\u0629 \u0627\u0644\u0645\u0633\u062a\u062e\u062f\u0645\u0629 \u0641\u064a \u0647\u0630\u0627 \u0627\u0644\u0639\u0637\u0631: \u0627\u0646\u062a\u0634\u0627\u0631\u0627\u064b \u062a\u062f\u0631\u064a\u062c\u064a\u0627\u064b \u0644\u0644\u0631\u0627\u0626\u062d\u0629\u060c \u0648\u0643\u062b\u0627\u0641\u0629 \u0645\u062a\u0648\u0627\u0632\u0646\u0629\u060c \u0648\u062b\u0628\u0627\u062a\u0627\u064b \u0641\u064a \u0627\u0644\u0631\u0627\u0626\u062d\u0629\u060c \u0648\u0627\u0646\u062a\u0639\u0627\u0634\u0627\u064b \u064a\u062f\u0648\u0645 \u0644\u0623\u0633\u0627\u0628\u064a\u0639. \u062a\u0628\u0642\u0649 \u0633\u064a\u0627\u0631\u062a\u0643 \u0645\u0639\u0637\u0631\u0629 \u0644\u0641\u062a\u0631\u0629 \u0637\u0648\u064a\u0644\u0629<\/p>\n<p><iframe loading=\"lazy\" title=\"New Miniatures, Luxe fragrance\" width=\"500\" height=\"281\" src=\"https:\/\/www.youtube.com\/embed\/ZDY6gOl_07o?feature=oembed\" frameborder=\"0\" allow=\"accelerometer; autoplay; clipboard-write; encrypted-media; gyroscope; picture-in-picture; web-share\" referrerpolicy=\"strict-origin-when-cross-origin\" allowfullscreen><\/iframe><\/p>\n","protected":false},"excerpt":{"rendered":"<h1 style=\"text-align: center;\">\u0639\u0637\u0631 \u0627\u0644\u0633\u064a\u0627\u0631\u0627\u062a \u0633\u0644\u0643\u0633<\/h1>\n<p style=\"text-align: left;\"><span style=\"color: #666699;\"><strong>Parfum voiture SILEX<\/strong><\/span>, new miniature Ronde, fragrance de luxe inspir\u00e9e de TERRE D&rsquo;Herm\u00e8s. Senteur bois\u00e9e et \u00e9l\u00e9gante pour un habitacle raffin\u00e9 et durablement parfum\u00e9. Il permet de neutraliser les mauvaises odeurs, parfumer durablement l\u2019int\u00e9rieur du v\u00e9hicule, cr\u00e9er une ambiance masculine et sophistiqu\u00e9e, am\u00e9liorer le confort de conduite.<\/p>\n","protected":false},"featured_media":37931,"comment_status":"open","ping_status":"closed","template":"","meta":[],"product_brand":[293,292],"product_cat":[926],"product_tag":[],"class_list":{"0":"post-34376","1":"product","2":"type-product","3":"status-publish","4":"has-post-thumbnail","6":"product_brand-sella","7":"product_brand-v6","8":"product_cat-fragrance-de-luxe-ronde","10":"first","11":"instock","12":"taxable","13":"shipping-taxable","14":"purchasable","15":"product-type-simple"},"yoast_head":"<!-- This site is optimized with the Yoast SEO Premium plugin v27.1 (Yoast SEO v27.4) - https:\/\/yoast.com\/product\/yoast-seo-premium-wordpress\/ -->\n<title>Parfum voiture SILEX - Boutique &quot;V6&quot;<\/title>\n<meta name=\"robots\" content=\"index, follow, max-snippet:-1, max-image-preview:large, max-video-preview:-1\" \/>\n<link rel=\"canonical\" href=\"https:\/\/sella-industrie.com\/fr_fr\/produit\/silex-parfum-automobile-luxe-fragrance-ronde\/\" \/>\n<meta property=\"og:locale\" content=\"fr_FR\" \/>\n<meta property=\"og:type\" content=\"article\" \/>\n<meta property=\"og:title\" content=\"Parfum voiture SILEX\" \/>\n<meta property=\"og:description\" content=\"\u0639\u0637\u0631 \u0627\u0644\u0633\u064a\u0627\u0631\u0627\u062a \u0633\u0644\u0643\u0633 Parfum voiture SILEX, new miniature Ronde, fragrance de luxe inspir\u00e9e de TERRE D&#039;Herm\u00e8s. Senteur bois\u00e9e et \u00e9l\u00e9gante pour un habitacle raffin\u00e9 et durablement parfum\u00e9. Il permet de neutraliser les mauvaises odeurs, parfumer durablement l\u2019int\u00e9rieur du v\u00e9hicule, cr\u00e9er une ambiance masculine et sophistiqu\u00e9e, am\u00e9liorer le confort de conduite.\" \/>\n<meta property=\"og:url\" content=\"https:\/\/sella-industrie.com\/fr_fr\/produit\/silex-parfum-automobile-luxe-fragrance-ronde\/\" \/>\n<meta property=\"og:site_name\" content=\"Boutique &quot;V6&quot;\" \/>\n<meta property=\"article:modified_time\" content=\"2026-03-23T12:23:03+00:00\" \/>\n<meta property=\"og:image\" content=\"https:\/\/sella-industrie.com\/wp-content\/uploads\/2025\/05\/SILEX-R.png\" \/>\n\t<meta property=\"og:image:width\" content=\"1000\" \/>\n\t<meta property=\"og:image:height\" content=\"1000\" \/>\n\t<meta property=\"og:image:type\" content=\"image\/png\" \/>\n<meta name=\"twitter:card\" content=\"summary_large_image\" \/>\n<meta name=\"twitter:label1\" content=\"Prix\" \/>\n\t<meta name=\"twitter:data1\" content=\"&#x62f;.&#x62c;&nbsp;550\" \/>\n\t<meta name=\"twitter:label2\" content=\"Disponibilit\u00e9\" \/>\n\t<meta name=\"twitter:data2\" content=\"En stock\" \/>\n<script type=\"application\/ld+json\" class=\"yoast-schema-graph\">{\"@context\":\"https:\\\/\\\/schema.org\",\"@graph\":[{\"@type\":\"WebPage\",\"@id\":\"https:\\\/\\\/sella-industrie.com\\\/produit\\\/silex-parfum-automobile-luxe-fragrance-ronde\\\/\",\"url\":\"https:\\\/\\\/sella-industrie.com\\\/produit\\\/silex-parfum-automobile-luxe-fragrance-ronde\\\/\",\"name\":\"Parfum voiture SILEX - Boutique &quot;V6&quot;\",\"isPartOf\":{\"@id\":\"https:\\\/\\\/sella-industrie.com\\\/#website\"},\"primaryImageOfPage\":{\"@id\":\"https:\\\/\\\/sella-industrie.com\\\/produit\\\/silex-parfum-automobile-luxe-fragrance-ronde\\\/#primaryimage\"},\"image\":{\"@id\":\"https:\\\/\\\/sella-industrie.com\\\/produit\\\/silex-parfum-automobile-luxe-fragrance-ronde\\\/#primaryimage\"},\"thumbnailUrl\":\"https:\\\/\\\/sella-industrie.com\\\/wp-content\\\/uploads\\\/2025\\\/06\\\/SILEX-R.webp\",\"datePublished\":\"2025-06-25T12:59:28+00:00\",\"dateModified\":\"2026-03-23T12:23:03+00:00\",\"breadcrumb\":{\"@id\":\"https:\\\/\\\/sella-industrie.com\\\/produit\\\/silex-parfum-automobile-luxe-fragrance-ronde\\\/#breadcrumb\"},\"inLanguage\":\"fr-FR\",\"potentialAction\":[{\"@type\":\"ReadAction\",\"target\":[\"https:\\\/\\\/sella-industrie.com\\\/produit\\\/silex-parfum-automobile-luxe-fragrance-ronde\\\/\"]}]},{\"@type\":\"ImageObject\",\"inLanguage\":\"fr-FR\",\"@id\":\"https:\\\/\\\/sella-industrie.com\\\/produit\\\/silex-parfum-automobile-luxe-fragrance-ronde\\\/#primaryimage\",\"url\":\"https:\\\/\\\/sella-industrie.com\\\/wp-content\\\/uploads\\\/2025\\\/06\\\/SILEX-R.webp\",\"contentUrl\":\"https:\\\/\\\/sella-industrie.com\\\/wp-content\\\/uploads\\\/2025\\\/06\\\/SILEX-R.webp\",\"width\":1000,\"height\":1000,\"caption\":\"Parfum voiture SILEX\"},{\"@type\":\"BreadcrumbList\",\"@id\":\"https:\\\/\\\/sella-industrie.com\\\/produit\\\/silex-parfum-automobile-luxe-fragrance-ronde\\\/#breadcrumb\",\"itemListElement\":[{\"@type\":\"ListItem\",\"position\":1,\"name\":\"Accueil\",\"item\":\"https:\\\/\\\/sella-industrie.com\\\/fr_fr\\\/\"},{\"@type\":\"ListItem\",\"position\":2,\"name\":\"Shop\",\"item\":\"https:\\\/\\\/sella-industrie.com\\\/fr_fr\\\/shop\\\/\"},{\"@type\":\"ListItem\",\"position\":3,\"name\":\"FRAGRANCE DE LUXE Ronde\",\"item\":\"https:\\\/\\\/sella-industrie.com\\\/categorie-produit\\\/fragrance-de-luxe-ronde\\\/\"},{\"@type\":\"ListItem\",\"position\":4,\"name\":\"Silex\"}]},{\"@type\":\"WebSite\",\"@id\":\"https:\\\/\\\/sella-industrie.com\\\/#website\",\"url\":\"https:\\\/\\\/sella-industrie.com\\\/\",\"name\":\"Boutique &quot;V6&quot;\",\"description\":\"We care for your car\",\"publisher\":{\"@id\":\"https:\\\/\\\/sella-industrie.com\\\/#organization\"},\"potentialAction\":[{\"@type\":\"SearchAction\",\"target\":{\"@type\":\"EntryPoint\",\"urlTemplate\":\"https:\\\/\\\/sella-industrie.com\\\/?s={search_term_string}\"},\"query-input\":{\"@type\":\"PropertyValueSpecification\",\"valueRequired\":true,\"valueName\":\"search_term_string\"}}],\"inLanguage\":\"fr-FR\"},{\"@type\":\"Organization\",\"@id\":\"https:\\\/\\\/sella-industrie.com\\\/#organization\",\"name\":\"Boutique &quot;V6&quot;\",\"url\":\"https:\\\/\\\/sella-industrie.com\\\/\",\"logo\":{\"@type\":\"ImageObject\",\"inLanguage\":\"fr-FR\",\"@id\":\"https:\\\/\\\/sella-industrie.com\\\/#\\\/schema\\\/logo\\\/image\\\/\",\"url\":\"\",\"contentUrl\":\"\",\"caption\":\"Boutique &quot;V6&quot;\"},\"image\":{\"@id\":\"https:\\\/\\\/sella-industrie.com\\\/#\\\/schema\\\/logo\\\/image\\\/\"}}]}<\/script>\n<meta property=\"product:price:amount\" content=\"550\" \/>\n<meta property=\"product:price:currency\" content=\"DZD\" \/>\n<meta property=\"og:availability\" content=\"instock\" \/>\n<meta property=\"product:availability\" content=\"instock\" \/>\n<meta property=\"product:condition\" content=\"new\" \/>\n<!-- \/ Yoast SEO Premium plugin. -->","yoast_head_json":{"title":"Parfum voiture SILEX - Boutique &quot;V6&quot;","robots":{"index":"index","follow":"follow","max-snippet":"max-snippet:-1","max-image-preview":"max-image-preview:large","max-video-preview":"max-video-preview:-1"},"canonical":"https:\/\/sella-industrie.com\/fr_fr\/produit\/silex-parfum-automobile-luxe-fragrance-ronde\/","og_locale":"fr_FR","og_type":"article","og_title":"Parfum voiture SILEX","og_description":"\u0639\u0637\u0631 \u0627\u0644\u0633\u064a\u0627\u0631\u0627\u062a \u0633\u0644\u0643\u0633 Parfum voiture SILEX, new miniature Ronde, fragrance de luxe inspir\u00e9e de TERRE D'Herm\u00e8s. Senteur bois\u00e9e et \u00e9l\u00e9gante pour un habitacle raffin\u00e9 et durablement parfum\u00e9. Il permet de neutraliser les mauvaises odeurs, parfumer durablement l\u2019int\u00e9rieur du v\u00e9hicule, cr\u00e9er une ambiance masculine et sophistiqu\u00e9e, am\u00e9liorer le confort de conduite.","og_url":"https:\/\/sella-industrie.com\/fr_fr\/produit\/silex-parfum-automobile-luxe-fragrance-ronde\/","og_site_name":"Boutique &quot;V6&quot;","article_modified_time":"2026-03-23T12:23:03+00:00","og_image":[{"width":1000,"height":1000,"url":"https:\/\/sella-industrie.com\/wp-content\/uploads\/2025\/05\/SILEX-R.png","type":"image\/png"}],"twitter_card":"summary_large_image","twitter_misc":{"Prix":"&#x62f;.&#x62c;&nbsp;550","Disponibilit\u00e9":"En stock"},"schema":{"@context":"https:\/\/schema.org","@graph":[{"@type":"WebPage","@id":"https:\/\/sella-industrie.com\/produit\/silex-parfum-automobile-luxe-fragrance-ronde\/","url":"https:\/\/sella-industrie.com\/produit\/silex-parfum-automobile-luxe-fragrance-ronde\/","name":"Parfum voiture SILEX - Boutique &quot;V6&quot;","isPartOf":{"@id":"https:\/\/sella-industrie.com\/#website"},"primaryImageOfPage":{"@id":"https:\/\/sella-industrie.com\/produit\/silex-parfum-automobile-luxe-fragrance-ronde\/#primaryimage"},"image":{"@id":"https:\/\/sella-industrie.com\/produit\/silex-parfum-automobile-luxe-fragrance-ronde\/#primaryimage"},"thumbnailUrl":"https:\/\/sella-industrie.com\/wp-content\/uploads\/2025\/06\/SILEX-R.webp","datePublished":"2025-06-25T12:59:28+00:00","dateModified":"2026-03-23T12:23:03+00:00","breadcrumb":{"@id":"https:\/\/sella-industrie.com\/produit\/silex-parfum-automobile-luxe-fragrance-ronde\/#breadcrumb"},"inLanguage":"fr-FR","potentialAction":[{"@type":"ReadAction","target":["https:\/\/sella-industrie.com\/produit\/silex-parfum-automobile-luxe-fragrance-ronde\/"]}]},{"@type":"ImageObject","inLanguage":"fr-FR","@id":"https:\/\/sella-industrie.com\/produit\/silex-parfum-automobile-luxe-fragrance-ronde\/#primaryimage","url":"https:\/\/sella-industrie.com\/wp-content\/uploads\/2025\/06\/SILEX-R.webp","contentUrl":"https:\/\/sella-industrie.com\/wp-content\/uploads\/2025\/06\/SILEX-R.webp","width":1000,"height":1000,"caption":"Parfum voiture SILEX"},{"@type":"BreadcrumbList","@id":"https:\/\/sella-industrie.com\/produit\/silex-parfum-automobile-luxe-fragrance-ronde\/#breadcrumb","itemListElement":[{"@type":"ListItem","position":1,"name":"Accueil","item":"https:\/\/sella-industrie.com\/fr_fr\/"},{"@type":"ListItem","position":2,"name":"Shop","item":"https:\/\/sella-industrie.com\/fr_fr\/shop\/"},{"@type":"ListItem","position":3,"name":"FRAGRANCE DE LUXE Ronde","item":"https:\/\/sella-industrie.com\/categorie-produit\/fragrance-de-luxe-ronde\/"},{"@type":"ListItem","position":4,"name":"Silex"}]},{"@type":"WebSite","@id":"https:\/\/sella-industrie.com\/#website","url":"https:\/\/sella-industrie.com\/","name":"Boutique &quot;V6&quot;","description":"We care for your car","publisher":{"@id":"https:\/\/sella-industrie.com\/#organization"},"potentialAction":[{"@type":"SearchAction","target":{"@type":"EntryPoint","urlTemplate":"https:\/\/sella-industrie.com\/?s={search_term_string}"},"query-input":{"@type":"PropertyValueSpecification","valueRequired":true,"valueName":"search_term_string"}}],"inLanguage":"fr-FR"},{"@type":"Organization","@id":"https:\/\/sella-industrie.com\/#organization","name":"Boutique &quot;V6&quot;","url":"https:\/\/sella-industrie.com\/","logo":{"@type":"ImageObject","inLanguage":"fr-FR","@id":"https:\/\/sella-industrie.com\/#\/schema\/logo\/image\/","url":"","contentUrl":"","caption":"Boutique &quot;V6&quot;"},"image":{"@id":"https:\/\/sella-industrie.com\/#\/schema\/logo\/image\/"}}]},"product_price_amount":"550","product_price_currency":"DZD","og_availability":"instock","product_availability":"instock","product_condition":"new"},"_links":{"self":[{"href":"https:\/\/sella-industrie.com\/fr_fr\/wp-json\/wp\/v2\/product\/34376","targetHints":{"allow":["GET"]}}],"collection":[{"href":"https:\/\/sella-industrie.com\/fr_fr\/wp-json\/wp\/v2\/product"}],"about":[{"href":"https:\/\/sella-industrie.com\/fr_fr\/wp-json\/wp\/v2\/types\/product"}],"replies":[{"embeddable":true,"href":"https:\/\/sella-industrie.com\/fr_fr\/wp-json\/wp\/v2\/comments?post=34376"}],"wp:featuredmedia":[{"embeddable":true,"href":"https:\/\/sella-industrie.com\/fr_fr\/wp-json\/wp\/v2\/media\/37931"}],"wp:attachment":[{"href":"https:\/\/sella-industrie.com\/fr_fr\/wp-json\/wp\/v2\/media?parent=34376"}],"wp:term":[{"taxonomy":"product_brand","embeddable":true,"href":"https:\/\/sella-industrie.com\/fr_fr\/wp-json\/wp\/v2\/product_brand?post=34376"},{"taxonomy":"product_cat","embeddable":true,"href":"https:\/\/sella-industrie.com\/fr_fr\/wp-json\/wp\/v2\/product_cat?post=34376"},{"taxonomy":"product_tag","embeddable":true,"href":"https:\/\/sella-industrie.com\/fr_fr\/wp-json\/wp\/v2\/product_tag?post=34376"}],"curies":[{"name":"wp","href":"https:\/\/api.w.org\/{rel}","templated":true}]}}