{"id":34296,"date":"2025-06-25T09:45:40","date_gmt":"2025-06-25T09:45:40","guid":{"rendered":"https:\/\/sellaindustrie.com\/?post_type=product&#038;p=34296"},"modified":"2026-03-24T16:10:22","modified_gmt":"2026-03-24T16:10:22","slug":"parfum-voiture-bergamote-fraiche-miniature-ronde-%d8%b9%d8%b7%d8%b1-%d8%a7%d9%84%d8%b3%d9%8a%d8%a7%d8%b1%d8%a7%d8%aa-%d8%a8%d8%b1%d8%ba%d9%85%d9%88%d8%aa-%d9%85%d9%86%d8%b9%d8%b4","status":"publish","type":"product","link":"https:\/\/sella-industrie.com\/fr_fr\/produit\/parfum-voiture-bergamote-fraiche-miniature-ronde-%d8%b9%d8%b7%d8%b1-%d8%a7%d9%84%d8%b3%d9%8a%d8%a7%d8%b1%d8%a7%d8%aa-%d8%a8%d8%b1%d8%ba%d9%85%d9%88%d8%aa-%d9%85%d9%86%d8%b9%d8%b4\/","title":{"rendered":"Parfum voiture BERGAMOTE Fra\u00eeche"},"content":{"rendered":"<h2 style=\"text-align: center;\">Parfum voiture BERGAMOTE Fra\u00eeche \u0639\u0637\u0631 \u0627\u0644\u0633\u064a\u0627\u0631\u0627\u062a \u0628\u0631\u063a\u0645\u0648\u062a \u0645\u0646\u0639\u0634<\/h2>\n<p data-start=\"490\" data-end=\"685\"><strong>Parfum voiture BERGAMOTE Fra\u00eeche<\/strong>, miniature ronde, gr\u00e2ce \u00e0 son format il s\u2019int\u00e8gre facilement dans toutes les voitures tout en apportant une touche design, \u00e9l\u00e9gance intemporelle et raffinement. Une fragrance fruit\u00e9e, <a href=\"https:\/\/www.instagram.com\/v6_accessoires_auto?igsh=aXE2NjUwOG5xNnQz\" target=\"_blank\" rel=\"noopener\">gourmande<\/a> et p\u00e9tillante qui apporte fra\u00eecheur et \u00e9l\u00e9gance \u00e0 votre voiture. Longue dur\u00e9e et design compact. Transforme chaque trajet en une exp\u00e9rience sensorielle unique. Sa fragrance subtilement fruit\u00e9e, <a href=\"https:\/\/sella-industrie.com\/fr_fr\/produit\/parfum-automobile-bubble-gum-miniature-ronde\/\">gourmande et p\u00e9tillante<\/a> diffuse une sensation imm\u00e9diate de propret\u00e9 et d\u2019\u00e9nergie dans l\u2019habitacle. Compact et \u00e9l\u00e9gant, ce <a href=\"https:\/\/sella-industrie.com\/fr_fr\/produit\/bubble-gum-parfum-automobile-miniature-ronde\/\">parfum<\/a> voiture est con\u00e7u pour s\u2019int\u00e9grer harmonieusement \u00e0 tout type d\u2019int\u00e9rieur automobile, tout en garantissant une diffusion homog\u00e8ne et durable.<\/p>\n<p style=\"text-align: right;\"><strong>\u0639\u0637\u0631 \u0627\u0644\u0633\u064a\u0627\u0631\u0627\u062a \u0628\u0631\u063a\u0645\u0648\u062a \u0645\u0646\u0639\u0634<\/strong>\u060c \u064a\u062a\u0645\u064a\u0632 \u0647\u0630\u0627 \u0627\u0644\u0645\u0639\u0637\u0631 \u0627\u0644\u0635\u063a\u064a\u0631 \u0627\u0644\u0645\u0633\u062a\u062f\u064a\u0631 \u0628\u062a\u0635\u0645\u064a\u0645\u0647 \u0627\u0644\u0623\u0646\u064a\u0642 \u0627\u0644\u0630\u064a \u064a\u0646\u0627\u0633\u0628 \u0623\u064a \u0633\u064a\u0627\u0631\u0629\u060c \u0645\u0636\u064a\u0641\u064b\u0627 \u0646\u0643\u0647\u0629 \u0641\u0627\u0643\u0647\u064a\u0629 \u0641\u0627\u062e\u0631\u0629 \u0648\u0644\u0645\u0633\u0629 \u0645\u0646 \u0627\u0644\u0631\u0642\u064a \u0648\u0627\u0644\u0641\u062e\u0627\u0645\u0629 \u0627\u0644\u062e\u0627\u0644\u062f\u0629. \u0639\u0637\u0631 \u0641\u0627\u0643\u0647\u064a\u060c \u0634\u0647\u064a\u060c \u0648\u0645\u062a\u0623\u0644\u0642 \u064a\u0636\u0641\u064a \u0639\u0644\u0649 \u0633\u064a\u0627\u0631\u062a\u0643 \u0627\u0646\u062a\u0639\u0627\u0634\u064b\u0627 \u0648\u0631\u0648\u0646\u0642\u064b\u0627 \u0644\u0627 \u0645\u062b\u064a\u0644 \u0644\u0647\u0645\u0627. \u064a\u062f\u0648\u0645 \u0637\u0648\u064a\u0644\u064b\u0627\u060c \u0648\u064a\u062d\u0648\u0651\u0644 \u0643\u0644 \u0631\u062d\u0644\u0629 \u0625\u0644\u0649 \u062a\u062c\u0631\u0628\u0629 \u062d\u0633\u064a\u0629 \u0641\u0631\u064a\u062f\u0629. \u0631\u0627\u0626\u062d\u062a\u0647 \u0627\u0644\u0641\u0627\u0643\u0647\u064a\u0629 \u0627\u0644\u062e\u0641\u064a\u0641\u0629\u060c \u0627\u0644\u0634\u0647\u064a\u0629\u060c \u0648\u0627\u0644\u0645\u062a\u0623\u0644\u0642\u0629 \u062a\u0646\u0634\u0631 \u0634\u0639\u0648\u0631\u064b\u0627 \u0641\u0648\u0631\u064a\u064b\u0627 \u0628\u0627\u0644\u0646\u0638\u0627\u0641\u0629 \u0648\u0627\u0644\u062d\u064a\u0648\u064a\u0629 \u0641\u064a \u0623\u0631\u062c\u0627\u0621 \u0627\u0644\u0633\u064a\u0627\u0631\u0629. \u064a\u062a\u0645\u064a\u0632 \u0647\u0630\u0627 \u0627\u0644\u0645\u0639\u0637\u0631 \u0628\u062a\u0635\u0645\u064a\u0645\u0647 \u0627\u0644\u0623\u0646\u064a\u0642 \u0648\u0627\u0644\u0645\u062f\u0645\u062c\u060c \u0644\u064a\u062a\u0646\u0627\u063a\u0645 \u0628\u0633\u0644\u0627\u0633\u0629 \u0645\u0639 \u0623\u064a \u062a\u0635\u0645\u064a\u0645 \u062f\u0627\u062e\u0644\u064a \u0644\u0644\u0633\u064a\u0627\u0631\u0629\u060c \u0645\u0645\u0627 \u064a\u0636\u0645\u0646 \u0627\u0646\u062a\u0634\u0627\u0631\u064b\u0627 \u0645\u062a\u0633\u0627\u0648\u064a\u064b\u0627 \u064a\u062f\u0648\u0645 \u0637\u0648\u064a\u0644\u064b\u0627<\/p>\n<p><iframe loading=\"lazy\" title=\"Miniature Rond\" width=\"500\" height=\"281\" src=\"https:\/\/www.youtube.com\/embed\/upyDSPAHTho?feature=oembed\" frameborder=\"0\" allow=\"accelerometer; autoplay; clipboard-write; encrypted-media; gyroscope; picture-in-picture; web-share\" referrerpolicy=\"strict-origin-when-cross-origin\" allowfullscreen><\/iframe><\/p>\n","protected":false},"excerpt":{"rendered":"<h1 style=\"text-align: center;\">\u0639\u0637\u0631 \u0627\u0644\u0633\u064a\u0627\u0631\u0627\u062a \u0628\u0631\u063a\u0645\u0648\u062a \u0645\u0646\u0639\u0634<\/h1>\n<p style=\"text-align: left;\"><strong>Parfum voiture BERGAMOTE Fra\u00eeche<\/strong>, miniature ronde, gr\u00e2ce \u00e0 son format il s\u2019int\u00e8gre facilement dans toutes les voitures tout en apportant une touche design, \u00e9l\u00e9gance intemporelle et raffinement. Une fragrance fruit\u00e9e, <a href=\"https:\/\/www.instagram.com\/v6_accessoires_auto?igsh=aXE2NjUwOG5xNnQz\">gourmande<\/a> et p\u00e9tillante qui apporte fra\u00eecheur et \u00e9l\u00e9gance \u00e0 votre voiture.<\/p>\n","protected":false},"featured_media":38035,"comment_status":"open","ping_status":"closed","template":"","meta":[],"product_brand":[293,292],"product_cat":[928],"product_tag":[],"class_list":{"0":"post-34296","1":"product","2":"type-product","3":"status-publish","4":"has-post-thumbnail","6":"product_brand-sella","7":"product_brand-v6","8":"product_cat-miniature-ronde","10":"first","11":"instock","12":"taxable","13":"shipping-taxable","14":"purchasable","15":"product-type-simple"},"yoast_head":"<!-- This site is optimized with the Yoast SEO plugin v27.4 - https:\/\/yoast.com\/product\/yoast-seo-wordpress\/ -->\n<title>Parfum voiture BERGAMOTE Fra\u00eeche - Boutique &quot;V6&quot;<\/title>\n<meta name=\"description\" content=\"Parfum Automobile Bergamote Fra\u00eeche MINIATURE RONDE. Une fragrance fruit\u00e9e, gourmande et p\u00e9tillante qui apporte fra\u00eecheur et \u00e9l\u00e9gance \u00e0 votre voiture.\" \/>\n<meta name=\"robots\" content=\"index, follow, max-snippet:-1, max-image-preview:large, max-video-preview:-1\" \/>\n<link rel=\"canonical\" href=\"https:\/\/sella-industrie.com\/fr_fr\/produit\/bergamote-fraiche-parfum-automobile-miniature-ronde-\u0628\u0631\u063a\u0645\u0648\u062a-\u0645\u0646\u0639\u0634\/\" \/>\n<meta property=\"og:locale\" content=\"fr_FR\" \/>\n<meta property=\"og:type\" content=\"article\" \/>\n<meta property=\"og:title\" content=\"Parfum voiture BERGAMOTE Fra\u00eeche - Boutique &quot;V6&quot;\" \/>\n<meta property=\"og:description\" content=\"Parfum Automobile Bergamote Fra\u00eeche MINIATURE RONDE. Une fragrance fruit\u00e9e, gourmande et p\u00e9tillante qui apporte fra\u00eecheur et \u00e9l\u00e9gance \u00e0 votre voiture.\" \/>\n<meta property=\"og:url\" content=\"https:\/\/sella-industrie.com\/fr_fr\/produit\/bergamote-fraiche-parfum-automobile-miniature-ronde-\u0628\u0631\u063a\u0645\u0648\u062a-\u0645\u0646\u0639\u0634\/\" \/>\n<meta property=\"og:site_name\" content=\"Boutique &quot;V6&quot;\" \/>\n<meta property=\"article:modified_time\" content=\"2026-03-24T16:10:22+00:00\" \/>\n<meta property=\"og:image\" content=\"https:\/\/sella-industrie.com\/wp-content\/uploads\/2024\/06\/BRGAMOTE-FRAICHE.png\" \/>\n\t<meta property=\"og:image:width\" content=\"1000\" \/>\n\t<meta property=\"og:image:height\" content=\"1000\" \/>\n\t<meta property=\"og:image:type\" content=\"image\/png\" \/>\n<meta name=\"twitter:card\" content=\"summary_large_image\" \/>\n<meta name=\"twitter:label1\" content=\"Prix\" \/>\n\t<meta name=\"twitter:data1\" content=\"&#x62f;.&#x62c;&nbsp;550\" \/>\n\t<meta name=\"twitter:label2\" content=\"Disponibilit\u00e9\" \/>\n\t<meta name=\"twitter:data2\" content=\"En stock\" \/>\n<script type=\"application\/ld+json\" class=\"yoast-schema-graph\">{\"@context\":\"https:\\\/\\\/schema.org\",\"@graph\":[{\"@type\":\"WebPage\",\"@id\":\"https:\\\/\\\/sella-industrie.com\\\/produit\\\/bergamote-fraiche-parfum-automobile-miniature-ronde-%d8%a8%d8%b1%d8%ba%d9%85%d9%88%d8%aa-%d9%85%d9%86%d8%b9%d8%b4\\\/\",\"url\":\"https:\\\/\\\/sella-industrie.com\\\/produit\\\/bergamote-fraiche-parfum-automobile-miniature-ronde-%d8%a8%d8%b1%d8%ba%d9%85%d9%88%d8%aa-%d9%85%d9%86%d8%b9%d8%b4\\\/\",\"name\":\"Parfum voiture BERGAMOTE Fra\u00eeche - Boutique &quot;V6&quot;\",\"isPartOf\":{\"@id\":\"https:\\\/\\\/sella-industrie.com\\\/#website\"},\"primaryImageOfPage\":{\"@id\":\"https:\\\/\\\/sella-industrie.com\\\/produit\\\/bergamote-fraiche-parfum-automobile-miniature-ronde-%d8%a8%d8%b1%d8%ba%d9%85%d9%88%d8%aa-%d9%85%d9%86%d8%b9%d8%b4\\\/#primaryimage\"},\"image\":{\"@id\":\"https:\\\/\\\/sella-industrie.com\\\/produit\\\/bergamote-fraiche-parfum-automobile-miniature-ronde-%d8%a8%d8%b1%d8%ba%d9%85%d9%88%d8%aa-%d9%85%d9%86%d8%b9%d8%b4\\\/#primaryimage\"},\"thumbnailUrl\":\"https:\\\/\\\/sella-industrie.com\\\/wp-content\\\/uploads\\\/2025\\\/06\\\/BRGAMOTE-FRAICHE-R.webp\",\"datePublished\":\"2025-06-25T09:45:40+00:00\",\"dateModified\":\"2026-03-24T16:10:22+00:00\",\"description\":\"Parfum Automobile Bergamote Fra\u00eeche MINIATURE RONDE. Une fragrance fruit\u00e9e, gourmande et p\u00e9tillante qui apporte fra\u00eecheur et \u00e9l\u00e9gance \u00e0 votre voiture.\",\"breadcrumb\":{\"@id\":\"https:\\\/\\\/sella-industrie.com\\\/produit\\\/bergamote-fraiche-parfum-automobile-miniature-ronde-%d8%a8%d8%b1%d8%ba%d9%85%d9%88%d8%aa-%d9%85%d9%86%d8%b9%d8%b4\\\/#breadcrumb\"},\"inLanguage\":\"fr-FR\",\"potentialAction\":[{\"@type\":\"ReadAction\",\"target\":[\"https:\\\/\\\/sella-industrie.com\\\/produit\\\/bergamote-fraiche-parfum-automobile-miniature-ronde-%d8%a8%d8%b1%d8%ba%d9%85%d9%88%d8%aa-%d9%85%d9%86%d8%b9%d8%b4\\\/\"]}]},{\"@type\":\"ImageObject\",\"inLanguage\":\"fr-FR\",\"@id\":\"https:\\\/\\\/sella-industrie.com\\\/produit\\\/bergamote-fraiche-parfum-automobile-miniature-ronde-%d8%a8%d8%b1%d8%ba%d9%85%d9%88%d8%aa-%d9%85%d9%86%d8%b9%d8%b4\\\/#primaryimage\",\"url\":\"https:\\\/\\\/sella-industrie.com\\\/wp-content\\\/uploads\\\/2025\\\/06\\\/BRGAMOTE-FRAICHE-R.webp\",\"contentUrl\":\"https:\\\/\\\/sella-industrie.com\\\/wp-content\\\/uploads\\\/2025\\\/06\\\/BRGAMOTE-FRAICHE-R.webp\",\"width\":1000,\"height\":1000,\"caption\":\"Parfum voiture BERGAMOTE Fra\u00eeche\"},{\"@type\":\"BreadcrumbList\",\"@id\":\"https:\\\/\\\/sella-industrie.com\\\/produit\\\/bergamote-fraiche-parfum-automobile-miniature-ronde-%d8%a8%d8%b1%d8%ba%d9%85%d9%88%d8%aa-%d9%85%d9%86%d8%b9%d8%b4\\\/#breadcrumb\",\"itemListElement\":[{\"@type\":\"ListItem\",\"position\":1,\"name\":\"Accueil\",\"item\":\"https:\\\/\\\/sella-industrie.com\\\/fr_fr\\\/\"},{\"@type\":\"ListItem\",\"position\":2,\"name\":\"Shop\",\"item\":\"https:\\\/\\\/sella-industrie.com\\\/fr_fr\\\/shop\\\/\"},{\"@type\":\"ListItem\",\"position\":3,\"name\":\"MINIATURE RONDE\",\"item\":\"https:\\\/\\\/sella-industrie.com\\\/categorie-produit\\\/miniature-ronde\\\/\"},{\"@type\":\"ListItem\",\"position\":4,\"name\":\"Parfum Automobile Bergamote Fra\u00eeche\"}]},{\"@type\":\"WebSite\",\"@id\":\"https:\\\/\\\/sella-industrie.com\\\/#website\",\"url\":\"https:\\\/\\\/sella-industrie.com\\\/\",\"name\":\"Boutique &quot;V6&quot;\",\"description\":\"We care for your car\",\"publisher\":{\"@id\":\"https:\\\/\\\/sella-industrie.com\\\/#organization\"},\"potentialAction\":[{\"@type\":\"SearchAction\",\"target\":{\"@type\":\"EntryPoint\",\"urlTemplate\":\"https:\\\/\\\/sella-industrie.com\\\/?s={search_term_string}\"},\"query-input\":{\"@type\":\"PropertyValueSpecification\",\"valueRequired\":true,\"valueName\":\"search_term_string\"}}],\"inLanguage\":\"fr-FR\"},{\"@type\":\"Organization\",\"@id\":\"https:\\\/\\\/sella-industrie.com\\\/#organization\",\"name\":\"Boutique &quot;V6&quot;\",\"url\":\"https:\\\/\\\/sella-industrie.com\\\/\",\"logo\":{\"@type\":\"ImageObject\",\"inLanguage\":\"fr-FR\",\"@id\":\"https:\\\/\\\/sella-industrie.com\\\/#\\\/schema\\\/logo\\\/image\\\/\",\"url\":\"\",\"contentUrl\":\"\",\"caption\":\"Boutique &quot;V6&quot;\"},\"image\":{\"@id\":\"https:\\\/\\\/sella-industrie.com\\\/#\\\/schema\\\/logo\\\/image\\\/\"}}]}<\/script>\n<meta property=\"product:price:amount\" content=\"550\" \/>\n<meta property=\"product:price:currency\" content=\"DZD\" \/>\n<meta property=\"og:availability\" content=\"instock\" \/>\n<meta property=\"product:availability\" content=\"instock\" \/>\n<meta property=\"product:condition\" content=\"new\" \/>\n<!-- \/ Yoast SEO plugin. -->","yoast_head_json":{"title":"Parfum voiture BERGAMOTE Fra\u00eeche - Boutique &quot;V6&quot;","description":"Parfum Automobile Bergamote Fra\u00eeche MINIATURE RONDE. Une fragrance fruit\u00e9e, gourmande et p\u00e9tillante qui apporte fra\u00eecheur et \u00e9l\u00e9gance \u00e0 votre voiture.","robots":{"index":"index","follow":"follow","max-snippet":"max-snippet:-1","max-image-preview":"max-image-preview:large","max-video-preview":"max-video-preview:-1"},"canonical":"https:\/\/sella-industrie.com\/fr_fr\/produit\/bergamote-fraiche-parfum-automobile-miniature-ronde-\u0628\u0631\u063a\u0645\u0648\u062a-\u0645\u0646\u0639\u0634\/","og_locale":"fr_FR","og_type":"article","og_title":"Parfum voiture BERGAMOTE Fra\u00eeche - Boutique &quot;V6&quot;","og_description":"Parfum Automobile Bergamote Fra\u00eeche MINIATURE RONDE. Une fragrance fruit\u00e9e, gourmande et p\u00e9tillante qui apporte fra\u00eecheur et \u00e9l\u00e9gance \u00e0 votre voiture.","og_url":"https:\/\/sella-industrie.com\/fr_fr\/produit\/bergamote-fraiche-parfum-automobile-miniature-ronde-\u0628\u0631\u063a\u0645\u0648\u062a-\u0645\u0646\u0639\u0634\/","og_site_name":"Boutique &quot;V6&quot;","article_modified_time":"2026-03-24T16:10:22+00:00","og_image":[{"width":1000,"height":1000,"url":"https:\/\/sella-industrie.com\/wp-content\/uploads\/2024\/06\/BRGAMOTE-FRAICHE.png","type":"image\/png"}],"twitter_card":"summary_large_image","twitter_misc":{"Prix":"&#x62f;.&#x62c;&nbsp;550","Disponibilit\u00e9":"En stock"},"schema":{"@context":"https:\/\/schema.org","@graph":[{"@type":"WebPage","@id":"https:\/\/sella-industrie.com\/produit\/bergamote-fraiche-parfum-automobile-miniature-ronde-%d8%a8%d8%b1%d8%ba%d9%85%d9%88%d8%aa-%d9%85%d9%86%d8%b9%d8%b4\/","url":"https:\/\/sella-industrie.com\/produit\/bergamote-fraiche-parfum-automobile-miniature-ronde-%d8%a8%d8%b1%d8%ba%d9%85%d9%88%d8%aa-%d9%85%d9%86%d8%b9%d8%b4\/","name":"Parfum voiture BERGAMOTE Fra\u00eeche - Boutique &quot;V6&quot;","isPartOf":{"@id":"https:\/\/sella-industrie.com\/#website"},"primaryImageOfPage":{"@id":"https:\/\/sella-industrie.com\/produit\/bergamote-fraiche-parfum-automobile-miniature-ronde-%d8%a8%d8%b1%d8%ba%d9%85%d9%88%d8%aa-%d9%85%d9%86%d8%b9%d8%b4\/#primaryimage"},"image":{"@id":"https:\/\/sella-industrie.com\/produit\/bergamote-fraiche-parfum-automobile-miniature-ronde-%d8%a8%d8%b1%d8%ba%d9%85%d9%88%d8%aa-%d9%85%d9%86%d8%b9%d8%b4\/#primaryimage"},"thumbnailUrl":"https:\/\/sella-industrie.com\/wp-content\/uploads\/2025\/06\/BRGAMOTE-FRAICHE-R.webp","datePublished":"2025-06-25T09:45:40+00:00","dateModified":"2026-03-24T16:10:22+00:00","description":"Parfum Automobile Bergamote Fra\u00eeche MINIATURE RONDE. Une fragrance fruit\u00e9e, gourmande et p\u00e9tillante qui apporte fra\u00eecheur et \u00e9l\u00e9gance \u00e0 votre voiture.","breadcrumb":{"@id":"https:\/\/sella-industrie.com\/produit\/bergamote-fraiche-parfum-automobile-miniature-ronde-%d8%a8%d8%b1%d8%ba%d9%85%d9%88%d8%aa-%d9%85%d9%86%d8%b9%d8%b4\/#breadcrumb"},"inLanguage":"fr-FR","potentialAction":[{"@type":"ReadAction","target":["https:\/\/sella-industrie.com\/produit\/bergamote-fraiche-parfum-automobile-miniature-ronde-%d8%a8%d8%b1%d8%ba%d9%85%d9%88%d8%aa-%d9%85%d9%86%d8%b9%d8%b4\/"]}]},{"@type":"ImageObject","inLanguage":"fr-FR","@id":"https:\/\/sella-industrie.com\/produit\/bergamote-fraiche-parfum-automobile-miniature-ronde-%d8%a8%d8%b1%d8%ba%d9%85%d9%88%d8%aa-%d9%85%d9%86%d8%b9%d8%b4\/#primaryimage","url":"https:\/\/sella-industrie.com\/wp-content\/uploads\/2025\/06\/BRGAMOTE-FRAICHE-R.webp","contentUrl":"https:\/\/sella-industrie.com\/wp-content\/uploads\/2025\/06\/BRGAMOTE-FRAICHE-R.webp","width":1000,"height":1000,"caption":"Parfum voiture BERGAMOTE Fra\u00eeche"},{"@type":"BreadcrumbList","@id":"https:\/\/sella-industrie.com\/produit\/bergamote-fraiche-parfum-automobile-miniature-ronde-%d8%a8%d8%b1%d8%ba%d9%85%d9%88%d8%aa-%d9%85%d9%86%d8%b9%d8%b4\/#breadcrumb","itemListElement":[{"@type":"ListItem","position":1,"name":"Accueil","item":"https:\/\/sella-industrie.com\/fr_fr\/"},{"@type":"ListItem","position":2,"name":"Shop","item":"https:\/\/sella-industrie.com\/fr_fr\/shop\/"},{"@type":"ListItem","position":3,"name":"MINIATURE RONDE","item":"https:\/\/sella-industrie.com\/categorie-produit\/miniature-ronde\/"},{"@type":"ListItem","position":4,"name":"Parfum Automobile Bergamote Fra\u00eeche"}]},{"@type":"WebSite","@id":"https:\/\/sella-industrie.com\/#website","url":"https:\/\/sella-industrie.com\/","name":"Boutique &quot;V6&quot;","description":"We care for your car","publisher":{"@id":"https:\/\/sella-industrie.com\/#organization"},"potentialAction":[{"@type":"SearchAction","target":{"@type":"EntryPoint","urlTemplate":"https:\/\/sella-industrie.com\/?s={search_term_string}"},"query-input":{"@type":"PropertyValueSpecification","valueRequired":true,"valueName":"search_term_string"}}],"inLanguage":"fr-FR"},{"@type":"Organization","@id":"https:\/\/sella-industrie.com\/#organization","name":"Boutique &quot;V6&quot;","url":"https:\/\/sella-industrie.com\/","logo":{"@type":"ImageObject","inLanguage":"fr-FR","@id":"https:\/\/sella-industrie.com\/#\/schema\/logo\/image\/","url":"","contentUrl":"","caption":"Boutique &quot;V6&quot;"},"image":{"@id":"https:\/\/sella-industrie.com\/#\/schema\/logo\/image\/"}}]},"product_price_amount":"550","product_price_currency":"DZD","og_availability":"instock","product_availability":"instock","product_condition":"new"},"_links":{"self":[{"href":"https:\/\/sella-industrie.com\/fr_fr\/wp-json\/wp\/v2\/product\/34296","targetHints":{"allow":["GET"]}}],"collection":[{"href":"https:\/\/sella-industrie.com\/fr_fr\/wp-json\/wp\/v2\/product"}],"about":[{"href":"https:\/\/sella-industrie.com\/fr_fr\/wp-json\/wp\/v2\/types\/product"}],"replies":[{"embeddable":true,"href":"https:\/\/sella-industrie.com\/fr_fr\/wp-json\/wp\/v2\/comments?post=34296"}],"wp:featuredmedia":[{"embeddable":true,"href":"https:\/\/sella-industrie.com\/fr_fr\/wp-json\/wp\/v2\/media\/38035"}],"wp:attachment":[{"href":"https:\/\/sella-industrie.com\/fr_fr\/wp-json\/wp\/v2\/media?parent=34296"}],"wp:term":[{"taxonomy":"product_brand","embeddable":true,"href":"https:\/\/sella-industrie.com\/fr_fr\/wp-json\/wp\/v2\/product_brand?post=34296"},{"taxonomy":"product_cat","embeddable":true,"href":"https:\/\/sella-industrie.com\/fr_fr\/wp-json\/wp\/v2\/product_cat?post=34296"},{"taxonomy":"product_tag","embeddable":true,"href":"https:\/\/sella-industrie.com\/fr_fr\/wp-json\/wp\/v2\/product_tag?post=34296"}],"curies":[{"name":"wp","href":"https:\/\/api.w.org\/{rel}","templated":true}]}}