{"id":34211,"date":"2025-06-25T08:24:41","date_gmt":"2025-06-25T08:24:41","guid":{"rendered":"https:\/\/sellaindustrie.com\/?post_type=product&#038;p=34211"},"modified":"2026-03-24T09:26:38","modified_gmt":"2026-03-24T09:26:38","slug":"parfum-voiture-lavande-miniature-carree-%d8%b9%d8%b7%d8%b1-%d8%a7%d9%84%d8%b3%d9%8a%d8%a7%d8%b1%d8%a7%d8%aa-%d9%84%d8%a7%d9%81%d9%86%d8%af%d8%b1","status":"publish","type":"product","link":"https:\/\/sella-industrie.com\/fr_fr\/produit\/parfum-voiture-lavande-miniature-carree-%d8%b9%d8%b7%d8%b1-%d8%a7%d9%84%d8%b3%d9%8a%d8%a7%d8%b1%d8%a7%d8%aa-%d9%84%d8%a7%d9%81%d9%86%d8%af%d8%b1\/","title":{"rendered":"Parfum voiture LAVANDE"},"content":{"rendered":"<h2 style=\"text-align: center;\">Parfum voiture LAVANDE <strong>\u0639\u0637\u0631 \u0627\u0644\u0633\u064a\u0627\u0631\u0627\u062a \u0644\u0627\u0641\u0646\u062f\u0631<\/strong><\/h2>\n<p style=\"text-align: left;\"><strong>Parfum voiture LAVANDE<\/strong>, miniature carr\u00e9e. Gr\u00e2ce \u00e0 son format il s\u2019int\u00e8gre facilement dans toutes les voitures tout en apportant une touche design et sportive. Diffuse une senteur florale douce et relaxante qui transforme l\u2019int\u00e9rieur de votre v\u00e9hicule en un espace apaisant et rafra\u00eechissant. Inspir\u00e9e de la lavande naturelle, sa fragrance apporte calme, fra\u00eecheur et sensation de propret\u00e9 \u00e0 chaque trajet. Son <strong data-start=\"1029\" data-end=\"1055\">format <a href=\"https:\/\/sella-industrie.com\/fr_fr\/produit\/parfum-automobile-aquamen-luxe-fragrance-carree\/\">miniature carr\u00e9<\/a><\/strong> \u00e9l\u00e9gant et discret s\u2019int\u00e8gre parfaitement dans tous les habitacles. <span data-start=\"1166\" data-end=\"1195\">Cette fragrance <\/span>offre une signature olfactive : <a href=\"https:\/\/www.tiktok.com\/@v6.accessoires.au\" target=\"_blank\" rel=\"noopener\">Notes florales fra\u00eeches<\/a>. Douceur relaxante. Sensation de bien-\u00eatre. Ambiance zen. Id\u00e9al pour une atmosph\u00e8re automobile sereine.<\/p>\n<p style=\"text-align: right;\"><strong>\u0639\u0637\u0631 \u0627\u0644\u0633\u064a\u0627\u0631\u0627\u062a \u0644\u0627\u0641\u0646\u062f\u0631<\/strong>\u060c \u0635\u063a\u064a\u0631 \u0627\u0644\u062d\u062c\u0645 \u0648\u0645\u0631\u0628\u0639 \u0627\u0644\u0634\u0643\u0644. \u0628\u0641\u0636\u0644 \u062d\u062c\u0645\u0647 \u0627\u0644\u0635\u063a\u064a\u0631\u060c \u064a\u062a\u0646\u0627\u0633\u0628 \u0628\u0633\u0647\u0648\u0644\u0629 \u0645\u0639 \u0623\u064a \u0633\u064a\u0627\u0631\u0629\u060c \u0648\u064a\u0636\u0641\u064a \u0644\u0645\u0633\u0629 \u0631\u064a\u0627\u0636\u064a\u0629 \u0623\u0646\u064a\u0642\u0629. \u0639\u0637\u0631 \u0632\u0647\u0631\u064a \u0645\u0647\u062f\u0626 \u0641\u064a \u062a\u0635\u0645\u064a\u0645 \u0623\u0646\u064a\u0642 \u0648\u0635\u063a\u064a\u0631 \u0627\u0644\u062d\u062c\u0645. \u064a\u062f\u0648\u0645 \u0637\u0648\u064a\u0644\u0627\u064b \u0644\u064a\u0645\u0646\u062d\u0643\u0650 \u062c\u0648\u0627\u064b \u0645\u0646\u0639\u0634\u0627\u064b \u0648\u0647\u0627\u062f\u0626\u0627\u064b \u0648\u0645\u0631\u064a\u062d\u0627\u064b \u062f\u0627\u062e\u0644 \u0627\u0644\u0633\u064a\u0627\u0631\u0629\u060c \u064a\u0646\u0634\u0631 \u0631\u0627\u0626\u062d\u0629 \u0632\u0647\u0631\u064a\u0629 \u0646\u0627\u0639\u0645\u0629 \u062a\u0628\u0639\u062b \u0639\u0644\u0649 \u0627\u0644\u0627\u0633\u062a\u0631\u062e\u0627\u0621\u060c \u0645\u062d\u0648\u0644\u0629\u064b \u0645\u0642\u0635\u0648\u0631\u0629 \u0633\u064a\u0627\u0631\u062a\u0643 \u0625\u0644\u0649 \u0645\u0633\u0627\u062d\u0629 \u0647\u0627\u062f\u0626\u0629 \u0648\u0645\u0646\u0639\u0634\u0629. \u0645\u0633\u062a\u0648\u062d\u0649 \u0645\u0646 \u0627\u0644\u0644\u0627\u0641\u0646\u062f\u0631 \u0627\u0644\u0637\u0628\u064a\u0639\u064a\u060c \u064a\u0645\u0646\u062d \u0639\u0637\u0631\u0647 \u0627\u0644\u0647\u062f\u0648\u0621 \u0648\u0627\u0644\u0627\u0646\u062a\u0639\u0627\u0634 \u0648\u0627\u0644\u0634\u0639\u0648\u0631 \u0628\u0627\u0644\u0646\u0638\u0627\u0641\u0629 \u0641\u064a \u0643\u0644 \u0631\u062d\u0644\u0629. \u064a\u0646\u0633\u062c\u0645 \u0634\u0643\u0644\u0647 \u0627\u0644\u0645\u0631\u0628\u0639 \u0627\u0644\u0635\u063a\u064a\u0631 \u0627\u0644\u0623\u0646\u064a\u0642 \u0648\u0627\u0644\u0645\u0645\u064a\u0632 \u062a\u0645\u0627\u0645\u064b\u0627 \u0645\u0639 \u0623\u064a \u062a\u0635\u0645\u064a\u0645 \u062f\u0627\u062e\u0644\u064a \u0644\u0644\u0633\u064a\u0627\u0631\u0629. \u064a\u062a\u0645\u064a\u0632 \u0647\u0630\u0627 \u0627\u0644\u0639\u0637\u0631 \u0628\u0628\u0635\u0645\u0629 \u0639\u0637\u0631\u064a\u0629 \u0641\u0631\u064a\u062f\u0629: \u0646\u0641\u062d\u0627\u062a \u0632\u0647\u0631\u064a\u0629 \u0645\u0646\u0639\u0634\u0629\u060c \u0646\u0639\u0648\u0645\u0629 \u062a\u0628\u0639\u062b \u0639\u0644\u0649 \u0627\u0644\u0627\u0633\u062a\u0631\u062e\u0627\u0621\u060c \u0634\u0639\u0648\u0631 \u0628\u0627\u0644\u0631\u0627\u062d\u0629 \u0648\u0627\u0644\u0647\u062f\u0648\u0621\u060c \u0648\u0623\u062c\u0648\u0627\u0621 \u0647\u0627\u062f\u0626\u0629 \u062a\u0628\u0639\u062b \u0639\u0644\u0649 \u0627\u0644\u0633\u0643\u064a\u0646\u0629. \u0645\u062b\u0627\u0644\u064a \u0644\u062e\u0644\u0642 \u0628\u064a\u0626\u0629 \u0647\u0627\u062f\u0626\u0629 \u062f\u0627\u062e\u0644 \u0627\u0644\u0633\u064a\u0627\u0631\u0629.<\/p>\n<p><iframe loading=\"lazy\" title=\"Miniature Carr\u00e9\" width=\"500\" height=\"281\" src=\"https:\/\/www.youtube.com\/embed\/fjr7DS7VmOM?feature=oembed\" frameborder=\"0\" allow=\"accelerometer; autoplay; clipboard-write; encrypted-media; gyroscope; picture-in-picture; web-share\" referrerpolicy=\"strict-origin-when-cross-origin\" allowfullscreen><\/iframe><\/p>\n","protected":false},"excerpt":{"rendered":"<h1 style=\"text-align: center;\"><strong>\u0639\u0637\u0631 \u0627\u0644\u0633\u064a\u0627\u0631\u0627\u062a \u0644\u0627\u0641\u0646\u062f\u0631<\/strong><\/h1>\n<p style=\"text-align: left;\"><strong>Parfum voiture LAVANDE<\/strong>, miniature carr\u00e9e. Gr\u00e2ce \u00e0 son format il s\u2019int\u00e8gre facilement dans toutes les voitures tout en apportant une touche design et sportive. Diffuse une senteur florale douce et relaxante qui transforme l\u2019int\u00e9rieur de votre v\u00e9hicule en un espace apaisant et rafra\u00eechissant.<\/p>\n","protected":false},"featured_media":38013,"comment_status":"open","ping_status":"closed","template":"","meta":[],"product_brand":[292,293],"product_cat":[927],"product_tag":[],"class_list":{"0":"post-34211","1":"product","2":"type-product","3":"status-publish","4":"has-post-thumbnail","6":"product_brand-v6","7":"product_brand-sella","8":"product_cat-miniatures-carrees","10":"first","11":"instock","12":"taxable","13":"shipping-taxable","14":"purchasable","15":"product-type-simple"},"yoast_head":"<!-- This site is optimized with the Yoast SEO Premium plugin v27.1 (Yoast SEO v27.4) - https:\/\/yoast.com\/product\/yoast-seo-premium-wordpress\/ -->\n<title>Parfum voiture LAVANDE - Boutique &quot;V6&quot;<\/title>\n<meta name=\"description\" content=\"Parfum voiture LAVANDE Miniature Carr\u00e9e, fragrance florale apaisante en format compact \u00e9l\u00e9gant. Diffusion relaxante pour un habitacle frais, serein.\" \/>\n<meta name=\"robots\" content=\"index, follow, max-snippet:-1, max-image-preview:large, max-video-preview:-1\" \/>\n<link rel=\"canonical\" href=\"https:\/\/sella-industrie.com\/fr_fr\/produit\/parfum-automobile-lavande-miniature-carree-\u0639\u0637\u0631-\u0627\u0644\u0633\u064a\u0627\u0631\u0629-\u0645\u0631\u0628\u0639-\u0627\u0644\u0644\u0627\u0641\u0646\u062f\u0631\/\" \/>\n<meta property=\"og:locale\" content=\"fr_FR\" \/>\n<meta property=\"og:type\" content=\"article\" \/>\n<meta property=\"og:title\" content=\"Parfum voiture LAVANDE\" \/>\n<meta property=\"og:description\" content=\"Parfum voiture LAVANDE Miniature Carr\u00e9e, fragrance florale apaisante en format compact \u00e9l\u00e9gant. Diffusion relaxante pour un habitacle frais, serein.\" \/>\n<meta property=\"og:url\" content=\"https:\/\/sella-industrie.com\/fr_fr\/produit\/parfum-automobile-lavande-miniature-carree-\u0639\u0637\u0631-\u0627\u0644\u0633\u064a\u0627\u0631\u0629-\u0645\u0631\u0628\u0639-\u0627\u0644\u0644\u0627\u0641\u0646\u062f\u0631\/\" \/>\n<meta property=\"og:site_name\" content=\"Boutique &quot;V6&quot;\" \/>\n<meta property=\"article:modified_time\" content=\"2026-03-24T09:26:38+00:00\" \/>\n<meta property=\"og:image\" content=\"https:\/\/sella-industrie.com\/wp-content\/uploads\/2024\/06\/LAVANDE-4.png\" \/>\n\t<meta property=\"og:image:width\" content=\"1000\" \/>\n\t<meta property=\"og:image:height\" content=\"1000\" \/>\n\t<meta property=\"og:image:type\" content=\"image\/png\" \/>\n<meta name=\"twitter:card\" content=\"summary_large_image\" \/>\n<meta name=\"twitter:label1\" content=\"Prix\" \/>\n\t<meta name=\"twitter:data1\" content=\"&#x62f;.&#x62c;&nbsp;500\" \/>\n\t<meta name=\"twitter:label2\" content=\"Disponibilit\u00e9\" \/>\n\t<meta name=\"twitter:data2\" content=\"En stock\" \/>\n<script type=\"application\/ld+json\" class=\"yoast-schema-graph\">{\"@context\":\"https:\\\/\\\/schema.org\",\"@graph\":[{\"@type\":\"WebPage\",\"@id\":\"https:\\\/\\\/sella-industrie.com\\\/produit\\\/parfum-automobile-lavande-miniature-carree-%d8%b9%d8%b7%d8%b1-%d8%a7%d9%84%d8%b3%d9%8a%d8%a7%d8%b1%d8%a9-%d9%85%d8%b1%d8%a8%d8%b9-%d8%a7%d9%84%d9%84%d8%a7%d9%81%d9%86%d8%af%d8%b1\\\/\",\"url\":\"https:\\\/\\\/sella-industrie.com\\\/produit\\\/parfum-automobile-lavande-miniature-carree-%d8%b9%d8%b7%d8%b1-%d8%a7%d9%84%d8%b3%d9%8a%d8%a7%d8%b1%d8%a9-%d9%85%d8%b1%d8%a8%d8%b9-%d8%a7%d9%84%d9%84%d8%a7%d9%81%d9%86%d8%af%d8%b1\\\/\",\"name\":\"Parfum voiture LAVANDE - Boutique &quot;V6&quot;\",\"isPartOf\":{\"@id\":\"https:\\\/\\\/sella-industrie.com\\\/#website\"},\"primaryImageOfPage\":{\"@id\":\"https:\\\/\\\/sella-industrie.com\\\/produit\\\/parfum-automobile-lavande-miniature-carree-%d8%b9%d8%b7%d8%b1-%d8%a7%d9%84%d8%b3%d9%8a%d8%a7%d8%b1%d8%a9-%d9%85%d8%b1%d8%a8%d8%b9-%d8%a7%d9%84%d9%84%d8%a7%d9%81%d9%86%d8%af%d8%b1\\\/#primaryimage\"},\"image\":{\"@id\":\"https:\\\/\\\/sella-industrie.com\\\/produit\\\/parfum-automobile-lavande-miniature-carree-%d8%b9%d8%b7%d8%b1-%d8%a7%d9%84%d8%b3%d9%8a%d8%a7%d8%b1%d8%a9-%d9%85%d8%b1%d8%a8%d8%b9-%d8%a7%d9%84%d9%84%d8%a7%d9%81%d9%86%d8%af%d8%b1\\\/#primaryimage\"},\"thumbnailUrl\":\"https:\\\/\\\/sella-industrie.com\\\/wp-content\\\/uploads\\\/2025\\\/06\\\/LAVANDE-.webp\",\"datePublished\":\"2025-06-25T08:24:41+00:00\",\"dateModified\":\"2026-03-24T09:26:38+00:00\",\"description\":\"Parfum voiture LAVANDE Miniature Carr\u00e9e, fragrance florale apaisante en format compact \u00e9l\u00e9gant. Diffusion relaxante pour un habitacle frais, serein.\",\"breadcrumb\":{\"@id\":\"https:\\\/\\\/sella-industrie.com\\\/produit\\\/parfum-automobile-lavande-miniature-carree-%d8%b9%d8%b7%d8%b1-%d8%a7%d9%84%d8%b3%d9%8a%d8%a7%d8%b1%d8%a9-%d9%85%d8%b1%d8%a8%d8%b9-%d8%a7%d9%84%d9%84%d8%a7%d9%81%d9%86%d8%af%d8%b1\\\/#breadcrumb\"},\"inLanguage\":\"fr-FR\",\"potentialAction\":[{\"@type\":\"ReadAction\",\"target\":[\"https:\\\/\\\/sella-industrie.com\\\/produit\\\/parfum-automobile-lavande-miniature-carree-%d8%b9%d8%b7%d8%b1-%d8%a7%d9%84%d8%b3%d9%8a%d8%a7%d8%b1%d8%a9-%d9%85%d8%b1%d8%a8%d8%b9-%d8%a7%d9%84%d9%84%d8%a7%d9%81%d9%86%d8%af%d8%b1\\\/\"]}]},{\"@type\":\"ImageObject\",\"inLanguage\":\"fr-FR\",\"@id\":\"https:\\\/\\\/sella-industrie.com\\\/produit\\\/parfum-automobile-lavande-miniature-carree-%d8%b9%d8%b7%d8%b1-%d8%a7%d9%84%d8%b3%d9%8a%d8%a7%d8%b1%d8%a9-%d9%85%d8%b1%d8%a8%d8%b9-%d8%a7%d9%84%d9%84%d8%a7%d9%81%d9%86%d8%af%d8%b1\\\/#primaryimage\",\"url\":\"https:\\\/\\\/sella-industrie.com\\\/wp-content\\\/uploads\\\/2025\\\/06\\\/LAVANDE-.webp\",\"contentUrl\":\"https:\\\/\\\/sella-industrie.com\\\/wp-content\\\/uploads\\\/2025\\\/06\\\/LAVANDE-.webp\",\"width\":1000,\"height\":1000,\"caption\":\"Parfum voiture LAVANDE\"},{\"@type\":\"BreadcrumbList\",\"@id\":\"https:\\\/\\\/sella-industrie.com\\\/produit\\\/parfum-automobile-lavande-miniature-carree-%d8%b9%d8%b7%d8%b1-%d8%a7%d9%84%d8%b3%d9%8a%d8%a7%d8%b1%d8%a9-%d9%85%d8%b1%d8%a8%d8%b9-%d8%a7%d9%84%d9%84%d8%a7%d9%81%d9%86%d8%af%d8%b1\\\/#breadcrumb\",\"itemListElement\":[{\"@type\":\"ListItem\",\"position\":1,\"name\":\"Accueil\",\"item\":\"https:\\\/\\\/sella-industrie.com\\\/fr_fr\\\/\"},{\"@type\":\"ListItem\",\"position\":2,\"name\":\"Shop\",\"item\":\"https:\\\/\\\/sella-industrie.com\\\/fr_fr\\\/shop\\\/\"},{\"@type\":\"ListItem\",\"position\":3,\"name\":\"Miniatures Carr\u00e9es\",\"item\":\"https:\\\/\\\/sella-industrie.com\\\/categorie-produit\\\/miniatures-carrees\\\/\"},{\"@type\":\"ListItem\",\"position\":4,\"name\":\"Parfum voiture LAVANDE Miniature Carr\u00e9e\"}]},{\"@type\":\"WebSite\",\"@id\":\"https:\\\/\\\/sella-industrie.com\\\/#website\",\"url\":\"https:\\\/\\\/sella-industrie.com\\\/\",\"name\":\"Boutique &quot;V6&quot;\",\"description\":\"We care for your car\",\"publisher\":{\"@id\":\"https:\\\/\\\/sella-industrie.com\\\/#organization\"},\"potentialAction\":[{\"@type\":\"SearchAction\",\"target\":{\"@type\":\"EntryPoint\",\"urlTemplate\":\"https:\\\/\\\/sella-industrie.com\\\/?s={search_term_string}\"},\"query-input\":{\"@type\":\"PropertyValueSpecification\",\"valueRequired\":true,\"valueName\":\"search_term_string\"}}],\"inLanguage\":\"fr-FR\"},{\"@type\":\"Organization\",\"@id\":\"https:\\\/\\\/sella-industrie.com\\\/#organization\",\"name\":\"Boutique &quot;V6&quot;\",\"url\":\"https:\\\/\\\/sella-industrie.com\\\/\",\"logo\":{\"@type\":\"ImageObject\",\"inLanguage\":\"fr-FR\",\"@id\":\"https:\\\/\\\/sella-industrie.com\\\/#\\\/schema\\\/logo\\\/image\\\/\",\"url\":\"\",\"contentUrl\":\"\",\"caption\":\"Boutique &quot;V6&quot;\"},\"image\":{\"@id\":\"https:\\\/\\\/sella-industrie.com\\\/#\\\/schema\\\/logo\\\/image\\\/\"}}]}<\/script>\n<meta property=\"product:price:amount\" content=\"500\" \/>\n<meta property=\"product:price:currency\" content=\"DZD\" \/>\n<meta property=\"og:availability\" content=\"instock\" \/>\n<meta property=\"product:availability\" content=\"instock\" \/>\n<meta property=\"product:condition\" content=\"new\" \/>\n<!-- \/ Yoast SEO Premium plugin. -->","yoast_head_json":{"title":"Parfum voiture LAVANDE - Boutique &quot;V6&quot;","description":"Parfum voiture LAVANDE Miniature Carr\u00e9e, fragrance florale apaisante en format compact \u00e9l\u00e9gant. Diffusion relaxante pour un habitacle frais, serein.","robots":{"index":"index","follow":"follow","max-snippet":"max-snippet:-1","max-image-preview":"max-image-preview:large","max-video-preview":"max-video-preview:-1"},"canonical":"https:\/\/sella-industrie.com\/fr_fr\/produit\/parfum-automobile-lavande-miniature-carree-\u0639\u0637\u0631-\u0627\u0644\u0633\u064a\u0627\u0631\u0629-\u0645\u0631\u0628\u0639-\u0627\u0644\u0644\u0627\u0641\u0646\u062f\u0631\/","og_locale":"fr_FR","og_type":"article","og_title":"Parfum voiture LAVANDE","og_description":"Parfum voiture LAVANDE Miniature Carr\u00e9e, fragrance florale apaisante en format compact \u00e9l\u00e9gant. Diffusion relaxante pour un habitacle frais, serein.","og_url":"https:\/\/sella-industrie.com\/fr_fr\/produit\/parfum-automobile-lavande-miniature-carree-\u0639\u0637\u0631-\u0627\u0644\u0633\u064a\u0627\u0631\u0629-\u0645\u0631\u0628\u0639-\u0627\u0644\u0644\u0627\u0641\u0646\u062f\u0631\/","og_site_name":"Boutique &quot;V6&quot;","article_modified_time":"2026-03-24T09:26:38+00:00","og_image":[{"width":1000,"height":1000,"url":"https:\/\/sella-industrie.com\/wp-content\/uploads\/2024\/06\/LAVANDE-4.png","type":"image\/png"}],"twitter_card":"summary_large_image","twitter_misc":{"Prix":"&#x62f;.&#x62c;&nbsp;500","Disponibilit\u00e9":"En stock"},"schema":{"@context":"https:\/\/schema.org","@graph":[{"@type":"WebPage","@id":"https:\/\/sella-industrie.com\/produit\/parfum-automobile-lavande-miniature-carree-%d8%b9%d8%b7%d8%b1-%d8%a7%d9%84%d8%b3%d9%8a%d8%a7%d8%b1%d8%a9-%d9%85%d8%b1%d8%a8%d8%b9-%d8%a7%d9%84%d9%84%d8%a7%d9%81%d9%86%d8%af%d8%b1\/","url":"https:\/\/sella-industrie.com\/produit\/parfum-automobile-lavande-miniature-carree-%d8%b9%d8%b7%d8%b1-%d8%a7%d9%84%d8%b3%d9%8a%d8%a7%d8%b1%d8%a9-%d9%85%d8%b1%d8%a8%d8%b9-%d8%a7%d9%84%d9%84%d8%a7%d9%81%d9%86%d8%af%d8%b1\/","name":"Parfum voiture LAVANDE - Boutique &quot;V6&quot;","isPartOf":{"@id":"https:\/\/sella-industrie.com\/#website"},"primaryImageOfPage":{"@id":"https:\/\/sella-industrie.com\/produit\/parfum-automobile-lavande-miniature-carree-%d8%b9%d8%b7%d8%b1-%d8%a7%d9%84%d8%b3%d9%8a%d8%a7%d8%b1%d8%a9-%d9%85%d8%b1%d8%a8%d8%b9-%d8%a7%d9%84%d9%84%d8%a7%d9%81%d9%86%d8%af%d8%b1\/#primaryimage"},"image":{"@id":"https:\/\/sella-industrie.com\/produit\/parfum-automobile-lavande-miniature-carree-%d8%b9%d8%b7%d8%b1-%d8%a7%d9%84%d8%b3%d9%8a%d8%a7%d8%b1%d8%a9-%d9%85%d8%b1%d8%a8%d8%b9-%d8%a7%d9%84%d9%84%d8%a7%d9%81%d9%86%d8%af%d8%b1\/#primaryimage"},"thumbnailUrl":"https:\/\/sella-industrie.com\/wp-content\/uploads\/2025\/06\/LAVANDE-.webp","datePublished":"2025-06-25T08:24:41+00:00","dateModified":"2026-03-24T09:26:38+00:00","description":"Parfum voiture LAVANDE Miniature Carr\u00e9e, fragrance florale apaisante en format compact \u00e9l\u00e9gant. Diffusion relaxante pour un habitacle frais, serein.","breadcrumb":{"@id":"https:\/\/sella-industrie.com\/produit\/parfum-automobile-lavande-miniature-carree-%d8%b9%d8%b7%d8%b1-%d8%a7%d9%84%d8%b3%d9%8a%d8%a7%d8%b1%d8%a9-%d9%85%d8%b1%d8%a8%d8%b9-%d8%a7%d9%84%d9%84%d8%a7%d9%81%d9%86%d8%af%d8%b1\/#breadcrumb"},"inLanguage":"fr-FR","potentialAction":[{"@type":"ReadAction","target":["https:\/\/sella-industrie.com\/produit\/parfum-automobile-lavande-miniature-carree-%d8%b9%d8%b7%d8%b1-%d8%a7%d9%84%d8%b3%d9%8a%d8%a7%d8%b1%d8%a9-%d9%85%d8%b1%d8%a8%d8%b9-%d8%a7%d9%84%d9%84%d8%a7%d9%81%d9%86%d8%af%d8%b1\/"]}]},{"@type":"ImageObject","inLanguage":"fr-FR","@id":"https:\/\/sella-industrie.com\/produit\/parfum-automobile-lavande-miniature-carree-%d8%b9%d8%b7%d8%b1-%d8%a7%d9%84%d8%b3%d9%8a%d8%a7%d8%b1%d8%a9-%d9%85%d8%b1%d8%a8%d8%b9-%d8%a7%d9%84%d9%84%d8%a7%d9%81%d9%86%d8%af%d8%b1\/#primaryimage","url":"https:\/\/sella-industrie.com\/wp-content\/uploads\/2025\/06\/LAVANDE-.webp","contentUrl":"https:\/\/sella-industrie.com\/wp-content\/uploads\/2025\/06\/LAVANDE-.webp","width":1000,"height":1000,"caption":"Parfum voiture LAVANDE"},{"@type":"BreadcrumbList","@id":"https:\/\/sella-industrie.com\/produit\/parfum-automobile-lavande-miniature-carree-%d8%b9%d8%b7%d8%b1-%d8%a7%d9%84%d8%b3%d9%8a%d8%a7%d8%b1%d8%a9-%d9%85%d8%b1%d8%a8%d8%b9-%d8%a7%d9%84%d9%84%d8%a7%d9%81%d9%86%d8%af%d8%b1\/#breadcrumb","itemListElement":[{"@type":"ListItem","position":1,"name":"Accueil","item":"https:\/\/sella-industrie.com\/fr_fr\/"},{"@type":"ListItem","position":2,"name":"Shop","item":"https:\/\/sella-industrie.com\/fr_fr\/shop\/"},{"@type":"ListItem","position":3,"name":"Miniatures Carr\u00e9es","item":"https:\/\/sella-industrie.com\/categorie-produit\/miniatures-carrees\/"},{"@type":"ListItem","position":4,"name":"Parfum voiture LAVANDE Miniature Carr\u00e9e"}]},{"@type":"WebSite","@id":"https:\/\/sella-industrie.com\/#website","url":"https:\/\/sella-industrie.com\/","name":"Boutique &quot;V6&quot;","description":"We care for your car","publisher":{"@id":"https:\/\/sella-industrie.com\/#organization"},"potentialAction":[{"@type":"SearchAction","target":{"@type":"EntryPoint","urlTemplate":"https:\/\/sella-industrie.com\/?s={search_term_string}"},"query-input":{"@type":"PropertyValueSpecification","valueRequired":true,"valueName":"search_term_string"}}],"inLanguage":"fr-FR"},{"@type":"Organization","@id":"https:\/\/sella-industrie.com\/#organization","name":"Boutique &quot;V6&quot;","url":"https:\/\/sella-industrie.com\/","logo":{"@type":"ImageObject","inLanguage":"fr-FR","@id":"https:\/\/sella-industrie.com\/#\/schema\/logo\/image\/","url":"","contentUrl":"","caption":"Boutique &quot;V6&quot;"},"image":{"@id":"https:\/\/sella-industrie.com\/#\/schema\/logo\/image\/"}}]},"product_price_amount":"500","product_price_currency":"DZD","og_availability":"instock","product_availability":"instock","product_condition":"new"},"_links":{"self":[{"href":"https:\/\/sella-industrie.com\/fr_fr\/wp-json\/wp\/v2\/product\/34211","targetHints":{"allow":["GET"]}}],"collection":[{"href":"https:\/\/sella-industrie.com\/fr_fr\/wp-json\/wp\/v2\/product"}],"about":[{"href":"https:\/\/sella-industrie.com\/fr_fr\/wp-json\/wp\/v2\/types\/product"}],"replies":[{"embeddable":true,"href":"https:\/\/sella-industrie.com\/fr_fr\/wp-json\/wp\/v2\/comments?post=34211"}],"wp:featuredmedia":[{"embeddable":true,"href":"https:\/\/sella-industrie.com\/fr_fr\/wp-json\/wp\/v2\/media\/38013"}],"wp:attachment":[{"href":"https:\/\/sella-industrie.com\/fr_fr\/wp-json\/wp\/v2\/media?parent=34211"}],"wp:term":[{"taxonomy":"product_brand","embeddable":true,"href":"https:\/\/sella-industrie.com\/fr_fr\/wp-json\/wp\/v2\/product_brand?post=34211"},{"taxonomy":"product_cat","embeddable":true,"href":"https:\/\/sella-industrie.com\/fr_fr\/wp-json\/wp\/v2\/product_cat?post=34211"},{"taxonomy":"product_tag","embeddable":true,"href":"https:\/\/sella-industrie.com\/fr_fr\/wp-json\/wp\/v2\/product_tag?post=34211"}],"curies":[{"name":"wp","href":"https:\/\/api.w.org\/{rel}","templated":true}]}}