{"id":34193,"date":"2025-06-25T08:13:04","date_gmt":"2025-06-25T08:13:04","guid":{"rendered":"https:\/\/sellaindustrie.com\/?post_type=product&#038;p=34193"},"modified":"2026-03-24T10:11:30","modified_gmt":"2026-03-24T10:11:30","slug":"parfum-voiture-moderne-miniature-carree-%d8%b9%d8%b7%d8%b1-%d8%a7%d9%84%d8%b3%d9%8a%d8%a7%d8%b1%d8%a7%d8%aa-%d9%85%d9%88%d8%af%d8%b1%d9%86","status":"publish","type":"product","link":"https:\/\/sella-industrie.com\/fr_fr\/produit\/parfum-voiture-moderne-miniature-carree-%d8%b9%d8%b7%d8%b1-%d8%a7%d9%84%d8%b3%d9%8a%d8%a7%d8%b1%d8%a7%d8%aa-%d9%85%d9%88%d8%af%d8%b1%d9%86\/","title":{"rendered":"Parfum voiture MODERNE"},"content":{"rendered":"<h2 style=\"text-align: center;\">Parfum voiture Moderne \u0639\u0637\u0631 \u0627\u0644\u0633\u064a\u0627\u0631\u0627\u062a \u0645\u0648\u062f\u0631\u0646<\/h2>\n<p style=\"text-align: left;\"><strong>Parfum voiture MODERNE<\/strong>, miniature carr\u00e9e. Gr\u00e2ce \u00e0 son format il s\u2019int\u00e8gre facilement dans toutes les voitures tout en apportant une touche design et sportive. \u00c9l\u00e9gance intemporelle et raffinement. d\u00e9sodorisant voiture \u00e9l\u00e9gant et raffin\u00e9 longue dur\u00e9e. Parfum automobile design compact pour une ambiance propre et moderne. Il diffuse une odeur <a href=\"https:\/\/sella-industrie.com\/fr_fr\/produit\/parfum-voiture-lavande-miniature-carree-%d8%b9%d8%b7%d8%b1-%d8%a7%d9%84%d8%b3%d9%8a%d8%a7%d8%b1%d8%a7%d8%aa-%d9%84%d8%a7%d9%81%d9%86%d8%af%d8%b1\/\">propre et raffin\u00e9e<\/a> qui donne une <a href=\"https:\/\/www.instagram.com\/v6_accessoires_auto?igsh=aXE2NjUwOG5xNnQz\" target=\"_blank\" rel=\"noopener\">sensation<\/a> de voiture neuve et bien entretenue. Notes olfactives : notes fra\u00eeches, notes \u00e9l\u00e9gantes et raffin\u00e9es, l\u00e9g\u00e8rement bois\u00e9es, ambiance propre, sensation de voiture neuve, parfum longue dur\u00e9e. Ce parfum est id\u00e9al pour les personnes qui recherchent <strong data-start=\"1538\" data-end=\"1590\">un parfum automobile \u00e9l\u00e9gant, discret et moderne<\/strong>.<\/p>\n<p style=\"text-align: right;\"><strong>\u0639\u0637\u0631 \u0627\u0644\u0633\u064a\u0627\u0631\u0627\u062a \u0645\u0648\u062f\u0631\u0646\u060c<\/strong> \u0645\u0631\u0628\u0639 \u0635\u063a\u064a\u0631 \u0627\u0644\u062d\u062c\u0645. \u0628\u0641\u0636\u0644 \u062d\u062c\u0645\u0647\u060c \u064a\u0646\u0627\u0633\u0628 \u0623\u064a \u0633\u064a\u0627\u0631\u0629 \u0628\u0633\u0647\u0648\u0644\u0629\u060c \u0648\u064a\u0636\u0641\u064a \u0644\u0645\u0633\u0629 \u0645\u0646 \u0623\u0646\u0627\u0642\u0629 \u062e\u0627\u0644\u062f\u0629\u060c \u0631\u0642\u064a\u0651 \u0648\u0631\u0648\u062d \u0631\u064a\u0627\u0636\u064a\u0629. \u0623\u0646\u0627\u0642\u0629 \u0648\u0631\u0642\u064a \u0644\u0627 \u064a\u0632\u0648\u0644\u0627\u0646. \u0645\u0639\u0637\u0631 \u062c\u0648 \u0623\u0646\u064a\u0642 \u0648\u0631\u0627\u0642\u064a \u064a\u062f\u0648\u0645 \u0637\u0648\u064a\u0644\u0627\u064b. \u0645\u0639\u0637\u0631 \u062c\u0648 \u0635\u063a\u064a\u0631 \u0627\u0644\u062d\u062c\u0645 \u0628\u062a\u0635\u0645\u064a\u0645 \u0639\u0635\u0631\u064a\u060c \u064a\u0645\u0646\u062d\u0643 \u062c\u0648\u064b\u0627 \u0646\u0638\u064a\u0641\u064b\u0627 \u0648\u0639\u0635\u0631\u064a\u064b\u0627. \u064a\u0646\u0634\u0631 \u0631\u0627\u0626\u062d\u0629 \u0645\u0646\u0639\u0634\u0629 \u0648\u0631\u0627\u0642\u064a\u0629 \u062a\u064f\u0634\u0639\u0631\u0643 \u0648\u0643\u0623\u0646\u0643 \u0641\u064a \u0633\u064a\u0627\u0631\u0629 \u062c\u062f\u064a\u062f\u0629 \u0648\u0646\u0638\u064a\u0641\u0629. \u0645\u0643\u0648\u0646\u0627\u062a \u0627\u0644\u0639\u0637\u0631: \u0646\u0641\u062d\u0627\u062a \u0645\u0646\u0639\u0634\u0629\u060c \u0646\u0641\u062d\u0627\u062a \u0623\u0646\u064a\u0642\u0629 \u0648\u0631\u0627\u0642\u064a\u0629\u060c \u0644\u0645\u0633\u0629 \u062e\u0634\u0628\u064a\u0629 \u062e\u0641\u064a\u0641\u0629\u060c \u062c\u0648 \u0646\u0638\u064a\u0641\u060c \u0625\u062d\u0633\u0627\u0633 \u0628\u0633\u064a\u0627\u0631\u0629 \u062c\u062f\u064a\u062f\u0629\u060c \u0639\u0637\u0631 \u064a\u062f\u0648\u0645 \u0637\u0648\u064a\u0644\u0627\u064b. \u0647\u0630\u0627 \u0627\u0644\u0645\u0639\u0637\u0631 \u0645\u062b\u0627\u0644\u064a \u0644\u0645\u0646 \u064a\u0628\u062d\u062b \u0639\u0646 \u0639\u0637\u0631 \u0623\u0646\u064a\u0642 \u0648\u0639\u0635\u0631\u064a \u0644\u0633\u064a\u0627\u0631\u062a\u0647<\/p>\n<p><iframe loading=\"lazy\" title=\"Miniature Carr\u00e9\" width=\"500\" height=\"281\" src=\"https:\/\/www.youtube.com\/embed\/fjr7DS7VmOM?feature=oembed\" frameborder=\"0\" allow=\"accelerometer; autoplay; clipboard-write; encrypted-media; gyroscope; picture-in-picture; web-share\" referrerpolicy=\"strict-origin-when-cross-origin\" allowfullscreen><\/iframe><\/p>\n","protected":false},"excerpt":{"rendered":"<h1 style=\"text-align: center;\">\u0639\u0637\u0631 \u0627\u0644\u0633\u064a\u0627\u0631\u0627\u062a \u0645\u0648\u062f\u0631\u0646<\/h1>\n<p style=\"text-align: left;\"><strong>Parfum voiture MODERNE<\/strong>, miniature carr\u00e9e. Gr\u00e2ce \u00e0 son format il s\u2019int\u00e8gre facilement dans toutes les voitures tout en apportant une touche design et sportive. \u00c9l\u00e9gance intemporelle et raffinement. d\u00e9sodorisant voiture \u00e9l\u00e9gant et raffin\u00e9 longue dur\u00e9e. Parfum automobile design compact pour une ambiance propre et moderne.<\/p>\n","protected":false},"featured_media":38017,"comment_status":"open","ping_status":"closed","template":"","meta":[],"product_brand":[292,293],"product_cat":[927],"product_tag":[],"class_list":{"0":"post-34193","1":"product","2":"type-product","3":"status-publish","4":"has-post-thumbnail","6":"product_brand-v6","7":"product_brand-sella","8":"product_cat-miniatures-carrees","10":"first","11":"instock","12":"taxable","13":"shipping-taxable","14":"purchasable","15":"product-type-simple"},"yoast_head":"<!-- This site is optimized with the Yoast SEO Premium plugin v27.1 (Yoast SEO v27.4) - https:\/\/yoast.com\/product\/yoast-seo-premium-wordpress\/ -->\n<title>Parfum voiture MODERNE - Boutique &quot;V6&quot;<\/title>\n<meta name=\"robots\" content=\"index, follow, max-snippet:-1, max-image-preview:large, max-video-preview:-1\" \/>\n<link rel=\"canonical\" href=\"https:\/\/sella-industrie.com\/fr_fr\/produit\/moderne-parfum-automobile-miniature-carree\/\" \/>\n<meta property=\"og:locale\" content=\"fr_FR\" \/>\n<meta property=\"og:type\" content=\"article\" \/>\n<meta property=\"og:title\" content=\"Parfum voiture MODERNE\" \/>\n<meta property=\"og:description\" content=\"\u0639\u0637\u0631 \u0627\u0644\u0633\u064a\u0627\u0631\u0627\u062a \u0645\u0648\u062f\u0631\u0646 Parfum voiture MODERNE, miniature carr\u00e9e. Gr\u00e2ce \u00e0 son format il s\u2019int\u00e8gre facilement dans toutes les voitures tout en apportant une touche design et sportive. \u00c9l\u00e9gance intemporelle et raffinement. d\u00e9sodorisant voiture \u00e9l\u00e9gant et raffin\u00e9 longue dur\u00e9e. Parfum automobile design compact pour une ambiance propre et moderne.\" \/>\n<meta property=\"og:url\" content=\"https:\/\/sella-industrie.com\/fr_fr\/produit\/moderne-parfum-automobile-miniature-carree\/\" \/>\n<meta property=\"og:site_name\" content=\"Boutique &quot;V6&quot;\" \/>\n<meta property=\"article:modified_time\" content=\"2026-03-24T10:11:30+00:00\" \/>\n<meta property=\"og:image\" content=\"https:\/\/sella-industrie.com\/wp-content\/uploads\/2024\/06\/MODERNE-1.png\" \/>\n\t<meta property=\"og:image:width\" content=\"1000\" \/>\n\t<meta property=\"og:image:height\" content=\"1000\" \/>\n\t<meta property=\"og:image:type\" content=\"image\/png\" \/>\n<meta name=\"twitter:card\" content=\"summary_large_image\" \/>\n<meta name=\"twitter:label1\" content=\"Prix\" \/>\n\t<meta name=\"twitter:data1\" content=\"&#x62f;.&#x62c;&nbsp;500\" \/>\n\t<meta name=\"twitter:label2\" content=\"Disponibilit\u00e9\" \/>\n\t<meta name=\"twitter:data2\" content=\"En stock\" \/>\n<script type=\"application\/ld+json\" class=\"yoast-schema-graph\">{\"@context\":\"https:\\\/\\\/schema.org\",\"@graph\":[{\"@type\":\"WebPage\",\"@id\":\"https:\\\/\\\/sella-industrie.com\\\/produit\\\/moderne-parfum-automobile-miniature-carree\\\/\",\"url\":\"https:\\\/\\\/sella-industrie.com\\\/produit\\\/moderne-parfum-automobile-miniature-carree\\\/\",\"name\":\"Parfum voiture MODERNE - Boutique &quot;V6&quot;\",\"isPartOf\":{\"@id\":\"https:\\\/\\\/sella-industrie.com\\\/#website\"},\"primaryImageOfPage\":{\"@id\":\"https:\\\/\\\/sella-industrie.com\\\/produit\\\/moderne-parfum-automobile-miniature-carree\\\/#primaryimage\"},\"image\":{\"@id\":\"https:\\\/\\\/sella-industrie.com\\\/produit\\\/moderne-parfum-automobile-miniature-carree\\\/#primaryimage\"},\"thumbnailUrl\":\"https:\\\/\\\/sella-industrie.com\\\/wp-content\\\/uploads\\\/2025\\\/06\\\/MODERNE-.webp\",\"datePublished\":\"2025-06-25T08:13:04+00:00\",\"dateModified\":\"2026-03-24T10:11:30+00:00\",\"breadcrumb\":{\"@id\":\"https:\\\/\\\/sella-industrie.com\\\/produit\\\/moderne-parfum-automobile-miniature-carree\\\/#breadcrumb\"},\"inLanguage\":\"fr-FR\",\"potentialAction\":[{\"@type\":\"ReadAction\",\"target\":[\"https:\\\/\\\/sella-industrie.com\\\/produit\\\/moderne-parfum-automobile-miniature-carree\\\/\"]}]},{\"@type\":\"ImageObject\",\"inLanguage\":\"fr-FR\",\"@id\":\"https:\\\/\\\/sella-industrie.com\\\/produit\\\/moderne-parfum-automobile-miniature-carree\\\/#primaryimage\",\"url\":\"https:\\\/\\\/sella-industrie.com\\\/wp-content\\\/uploads\\\/2025\\\/06\\\/MODERNE-.webp\",\"contentUrl\":\"https:\\\/\\\/sella-industrie.com\\\/wp-content\\\/uploads\\\/2025\\\/06\\\/MODERNE-.webp\",\"width\":1000,\"height\":1000,\"caption\":\"Parfum voiture MODERNE\"},{\"@type\":\"BreadcrumbList\",\"@id\":\"https:\\\/\\\/sella-industrie.com\\\/produit\\\/moderne-parfum-automobile-miniature-carree\\\/#breadcrumb\",\"itemListElement\":[{\"@type\":\"ListItem\",\"position\":1,\"name\":\"Accueil\",\"item\":\"https:\\\/\\\/sella-industrie.com\\\/fr_fr\\\/\"},{\"@type\":\"ListItem\",\"position\":2,\"name\":\"Shop\",\"item\":\"https:\\\/\\\/sella-industrie.com\\\/fr_fr\\\/shop\\\/\"},{\"@type\":\"ListItem\",\"position\":3,\"name\":\"Parfums Auto\",\"item\":\"https:\\\/\\\/sella-industrie.com\\\/categorie-produit\\\/parfums-auto\\\/\"},{\"@type\":\"ListItem\",\"position\":4,\"name\":\"Moderne\"}]},{\"@type\":\"WebSite\",\"@id\":\"https:\\\/\\\/sella-industrie.com\\\/#website\",\"url\":\"https:\\\/\\\/sella-industrie.com\\\/\",\"name\":\"Boutique &quot;V6&quot;\",\"description\":\"We care for your car\",\"publisher\":{\"@id\":\"https:\\\/\\\/sella-industrie.com\\\/#organization\"},\"potentialAction\":[{\"@type\":\"SearchAction\",\"target\":{\"@type\":\"EntryPoint\",\"urlTemplate\":\"https:\\\/\\\/sella-industrie.com\\\/?s={search_term_string}\"},\"query-input\":{\"@type\":\"PropertyValueSpecification\",\"valueRequired\":true,\"valueName\":\"search_term_string\"}}],\"inLanguage\":\"fr-FR\"},{\"@type\":\"Organization\",\"@id\":\"https:\\\/\\\/sella-industrie.com\\\/#organization\",\"name\":\"Boutique &quot;V6&quot;\",\"url\":\"https:\\\/\\\/sella-industrie.com\\\/\",\"logo\":{\"@type\":\"ImageObject\",\"inLanguage\":\"fr-FR\",\"@id\":\"https:\\\/\\\/sella-industrie.com\\\/#\\\/schema\\\/logo\\\/image\\\/\",\"url\":\"\",\"contentUrl\":\"\",\"caption\":\"Boutique &quot;V6&quot;\"},\"image\":{\"@id\":\"https:\\\/\\\/sella-industrie.com\\\/#\\\/schema\\\/logo\\\/image\\\/\"}}]}<\/script>\n<meta property=\"product:price:amount\" content=\"500\" \/>\n<meta property=\"product:price:currency\" content=\"DZD\" \/>\n<meta property=\"og:availability\" content=\"instock\" \/>\n<meta property=\"product:availability\" content=\"instock\" \/>\n<meta property=\"product:condition\" content=\"new\" \/>\n<!-- \/ Yoast SEO Premium plugin. -->","yoast_head_json":{"title":"Parfum voiture MODERNE - Boutique &quot;V6&quot;","robots":{"index":"index","follow":"follow","max-snippet":"max-snippet:-1","max-image-preview":"max-image-preview:large","max-video-preview":"max-video-preview:-1"},"canonical":"https:\/\/sella-industrie.com\/fr_fr\/produit\/moderne-parfum-automobile-miniature-carree\/","og_locale":"fr_FR","og_type":"article","og_title":"Parfum voiture MODERNE","og_description":"\u0639\u0637\u0631 \u0627\u0644\u0633\u064a\u0627\u0631\u0627\u062a \u0645\u0648\u062f\u0631\u0646 Parfum voiture MODERNE, miniature carr\u00e9e. Gr\u00e2ce \u00e0 son format il s\u2019int\u00e8gre facilement dans toutes les voitures tout en apportant une touche design et sportive. \u00c9l\u00e9gance intemporelle et raffinement. d\u00e9sodorisant voiture \u00e9l\u00e9gant et raffin\u00e9 longue dur\u00e9e. Parfum automobile design compact pour une ambiance propre et moderne.","og_url":"https:\/\/sella-industrie.com\/fr_fr\/produit\/moderne-parfum-automobile-miniature-carree\/","og_site_name":"Boutique &quot;V6&quot;","article_modified_time":"2026-03-24T10:11:30+00:00","og_image":[{"width":1000,"height":1000,"url":"https:\/\/sella-industrie.com\/wp-content\/uploads\/2024\/06\/MODERNE-1.png","type":"image\/png"}],"twitter_card":"summary_large_image","twitter_misc":{"Prix":"&#x62f;.&#x62c;&nbsp;500","Disponibilit\u00e9":"En stock"},"schema":{"@context":"https:\/\/schema.org","@graph":[{"@type":"WebPage","@id":"https:\/\/sella-industrie.com\/produit\/moderne-parfum-automobile-miniature-carree\/","url":"https:\/\/sella-industrie.com\/produit\/moderne-parfum-automobile-miniature-carree\/","name":"Parfum voiture MODERNE - Boutique &quot;V6&quot;","isPartOf":{"@id":"https:\/\/sella-industrie.com\/#website"},"primaryImageOfPage":{"@id":"https:\/\/sella-industrie.com\/produit\/moderne-parfum-automobile-miniature-carree\/#primaryimage"},"image":{"@id":"https:\/\/sella-industrie.com\/produit\/moderne-parfum-automobile-miniature-carree\/#primaryimage"},"thumbnailUrl":"https:\/\/sella-industrie.com\/wp-content\/uploads\/2025\/06\/MODERNE-.webp","datePublished":"2025-06-25T08:13:04+00:00","dateModified":"2026-03-24T10:11:30+00:00","breadcrumb":{"@id":"https:\/\/sella-industrie.com\/produit\/moderne-parfum-automobile-miniature-carree\/#breadcrumb"},"inLanguage":"fr-FR","potentialAction":[{"@type":"ReadAction","target":["https:\/\/sella-industrie.com\/produit\/moderne-parfum-automobile-miniature-carree\/"]}]},{"@type":"ImageObject","inLanguage":"fr-FR","@id":"https:\/\/sella-industrie.com\/produit\/moderne-parfum-automobile-miniature-carree\/#primaryimage","url":"https:\/\/sella-industrie.com\/wp-content\/uploads\/2025\/06\/MODERNE-.webp","contentUrl":"https:\/\/sella-industrie.com\/wp-content\/uploads\/2025\/06\/MODERNE-.webp","width":1000,"height":1000,"caption":"Parfum voiture MODERNE"},{"@type":"BreadcrumbList","@id":"https:\/\/sella-industrie.com\/produit\/moderne-parfum-automobile-miniature-carree\/#breadcrumb","itemListElement":[{"@type":"ListItem","position":1,"name":"Accueil","item":"https:\/\/sella-industrie.com\/fr_fr\/"},{"@type":"ListItem","position":2,"name":"Shop","item":"https:\/\/sella-industrie.com\/fr_fr\/shop\/"},{"@type":"ListItem","position":3,"name":"Parfums Auto","item":"https:\/\/sella-industrie.com\/categorie-produit\/parfums-auto\/"},{"@type":"ListItem","position":4,"name":"Moderne"}]},{"@type":"WebSite","@id":"https:\/\/sella-industrie.com\/#website","url":"https:\/\/sella-industrie.com\/","name":"Boutique &quot;V6&quot;","description":"We care for your car","publisher":{"@id":"https:\/\/sella-industrie.com\/#organization"},"potentialAction":[{"@type":"SearchAction","target":{"@type":"EntryPoint","urlTemplate":"https:\/\/sella-industrie.com\/?s={search_term_string}"},"query-input":{"@type":"PropertyValueSpecification","valueRequired":true,"valueName":"search_term_string"}}],"inLanguage":"fr-FR"},{"@type":"Organization","@id":"https:\/\/sella-industrie.com\/#organization","name":"Boutique &quot;V6&quot;","url":"https:\/\/sella-industrie.com\/","logo":{"@type":"ImageObject","inLanguage":"fr-FR","@id":"https:\/\/sella-industrie.com\/#\/schema\/logo\/image\/","url":"","contentUrl":"","caption":"Boutique &quot;V6&quot;"},"image":{"@id":"https:\/\/sella-industrie.com\/#\/schema\/logo\/image\/"}}]},"product_price_amount":"500","product_price_currency":"DZD","og_availability":"instock","product_availability":"instock","product_condition":"new"},"_links":{"self":[{"href":"https:\/\/sella-industrie.com\/fr_fr\/wp-json\/wp\/v2\/product\/34193","targetHints":{"allow":["GET"]}}],"collection":[{"href":"https:\/\/sella-industrie.com\/fr_fr\/wp-json\/wp\/v2\/product"}],"about":[{"href":"https:\/\/sella-industrie.com\/fr_fr\/wp-json\/wp\/v2\/types\/product"}],"replies":[{"embeddable":true,"href":"https:\/\/sella-industrie.com\/fr_fr\/wp-json\/wp\/v2\/comments?post=34193"}],"wp:featuredmedia":[{"embeddable":true,"href":"https:\/\/sella-industrie.com\/fr_fr\/wp-json\/wp\/v2\/media\/38017"}],"wp:attachment":[{"href":"https:\/\/sella-industrie.com\/fr_fr\/wp-json\/wp\/v2\/media?parent=34193"}],"wp:term":[{"taxonomy":"product_brand","embeddable":true,"href":"https:\/\/sella-industrie.com\/fr_fr\/wp-json\/wp\/v2\/product_brand?post=34193"},{"taxonomy":"product_cat","embeddable":true,"href":"https:\/\/sella-industrie.com\/fr_fr\/wp-json\/wp\/v2\/product_cat?post=34193"},{"taxonomy":"product_tag","embeddable":true,"href":"https:\/\/sella-industrie.com\/fr_fr\/wp-json\/wp\/v2\/product_tag?post=34193"}],"curies":[{"name":"wp","href":"https:\/\/api.w.org\/{rel}","templated":true}]}}