{"id":34016,"date":"2025-06-24T20:18:08","date_gmt":"2025-06-24T20:18:08","guid":{"rendered":"https:\/\/sellaindustrie.com\/?post_type=product&#038;p=34016"},"modified":"2026-04-15T09:42:13","modified_gmt":"2026-04-15T09:42:13","slug":"parfum-voiture-sport-credit-card-%d8%b9%d8%b7%d8%b1-%d8%a7%d9%84%d8%b3%d9%8a%d8%a7%d8%b1%d8%a7%d8%aa-%d8%b3%d8%a8%d9%88%d8%b1","status":"publish","type":"product","link":"https:\/\/sella-industrie.com\/fr_fr\/produit\/parfum-voiture-sport-credit-card-%d8%b9%d8%b7%d8%b1-%d8%a7%d9%84%d8%b3%d9%8a%d8%a7%d8%b1%d8%a7%d8%aa-%d8%b3%d8%a8%d9%88%d8%b1\/","title":{"rendered":"Parfum voiture SPORT"},"content":{"rendered":"<h2 style=\"text-align: center;\">Parfum voiture SPORT \u0639\u0637\u0631 \u0627\u0644\u0633\u064a\u0627\u0631\u0627\u062a \u0633\u0628\u0648\u0631<\/h2>\n<p><strong>Parfum voiture SPORT<\/strong>, CREDIT CARD, Sensation intense et dynamique. Il apporte une sensation intense, fra\u00eeche et dynamique \u00e0 votre v\u00e9hicule. Con\u00e7u pour les conducteurs qui aiment les ambiances modernes et stimulantes, ce d\u00e9sodorisant auto diffuse une fragrance \u00e9nergisante qui transforme chaque trajet en une exp\u00e9rience revitalisante. Avec son parfum puissant et \u00e9quilibr\u00e9, le parfum voiture sport cr\u00e9e une atmosph\u00e8re active et motivante dans l\u2019habitacle tout en maintenant une fra\u00eecheur durable. Sa fragrance offre : fra\u00eecheur intense et \u00e9nergisante, notes dynamiques et modernes, sensation de propret\u00e9 sportive, Ambiance active et stimulante. Id\u00e9al pour ceux qui recherchent une senteur fra\u00eeche, masculine et pleine de caract\u00e8re.<\/p>\n<p style=\"text-align: right;\"><strong>\u0639\u0637\u0631 \u0627\u0644\u0633\u064a\u0627\u0631\u0627\u062a \u0633\u0628\u0648\u0631 \u0643\u0631\u064a\u062f\u064a\u062a \u0643\u0627\u0631\u062f<\/strong>\u060c \u0628\u0631\u0627\u0626\u062d\u0629 \u0628\u0637\u0627\u0642\u0629 \u0627\u0644\u0627\u0626\u062a\u0645\u0627\u0646\u060c \u0625\u062d\u0633\u0627\u0633 \u0642\u0648\u064a \u0648\u062f\u064a\u0646\u0627\u0645\u064a\u0643\u064a. \u064a\u0636\u0641\u064a \u0647\u0630\u0627 \u0627\u0644\u0645\u0639\u0637\u0631 \u0625\u062d\u0633\u0627\u0633\u064b\u0627 \u0642\u0648\u064a\u064b\u0627 \u0628\u0627\u0644\u0627\u0646\u062a\u0639\u0627\u0634 \u0648\u0627\u0644\u062d\u064a\u0648\u064a\u0629 \u0639\u0644\u0649 \u0633\u064a\u0627\u0631\u062a\u0643. \u0635\u064f\u0645\u0645 \u062e\u0635\u064a\u0635\u064b\u0627 \u0644\u0644\u0633\u0627\u0626\u0642\u064a\u0646 \u0627\u0644\u0630\u064a\u0646 \u064a\u0639\u0634\u0642\u0648\u0646 \u0627\u0644\u0623\u062c\u0648\u0627\u0621 \u0627\u0644\u0639\u0635\u0631\u064a\u0629 \u0648\u0627\u0644\u0646\u0627\u0628\u0636\u0629 \u0628\u0627\u0644\u062d\u064a\u0627\u0629\u060c \u062d\u064a\u062b \u064a\u0646\u0634\u0631 \u0639\u0637\u0631\u064b\u0627 \u0645\u0646\u0639\u0634\u064b\u0627 \u064a\u062d\u0648\u0651\u0644 \u0643\u0644 \u0631\u062d\u0644\u0629 \u0625\u0644\u0649 \u062a\u062c\u0631\u0628\u0629 \u0645\u064f\u062c\u062f\u062f\u0629 \u0644\u0644\u0646\u0634\u0627\u0637. \u0628\u0641\u0636\u0644 \u0631\u0627\u0626\u062d\u062a\u0647 \u0627\u0644\u0642\u0648\u064a\u0629 \u0648\u0627\u0644\u0645\u062a\u0648\u0627\u0632\u0646\u0629\u060c \u064a\u062e\u0644\u0642 \u0645\u0639\u0637\u0631 \u0627\u0644\u062c\u0648 \u0627\u0644\u0631\u064a\u0627\u0636\u064a \u0623\u062c\u0648\u0627\u0621\u064b \u062d\u064a\u0648\u064a\u0629 \u0648\u0645\u062d\u0641\u0632\u0629 \u062f\u0627\u062e\u0644 \u0627\u0644\u0645\u0642\u0635\u0648\u0631\u0629 \u0645\u0639 \u0627\u0644\u062d\u0641\u0627\u0638 \u0639\u0644\u0649 \u0627\u0646\u062a\u0639\u0627\u0634 \u064a\u062f\u0648\u0645 \u0637\u0648\u064a\u0644\u064b\u0627. \u064a\u062a\u0645\u064a\u0632 \u0647\u0630\u0627 \u0627\u0644\u0645\u0639\u0637\u0631 \u0628\u0631\u0627\u0626\u062d\u0629: \u0627\u0646\u062a\u0639\u0627\u0634 \u0642\u0648\u064a \u0648\u0645\u0646\u0639\u0634\u060c \u0646\u0641\u062d\u0627\u062a \u0639\u0635\u0631\u064a\u0629 \u0648\u062f\u064a\u0646\u0627\u0645\u064a\u0643\u064a\u0629\u060c \u0625\u062d\u0633\u0627\u0633 \u0631\u064a\u0627\u0636\u064a \u0628\u0627\u0644\u0646\u0638\u0627\u0641\u0629\u060c \u0648\u0623\u062c\u0648\u0627\u0621 \u062d\u064a\u0648\u064a\u0629 \u0648\u0645\u062d\u0641\u0632\u0629. \u0645\u062b\u0627\u0644\u064a \u0644\u0645\u0646 \u064a\u0628\u062d\u062b\u0648\u0646 \u0639\u0646 \u0631\u0627\u0626\u062d\u0629 \u0645\u0646\u0639\u0634\u0629 \u0648\u0631\u062c\u0648\u0644\u064a\u0629 \u0648\u062c\u0630\u0627\u0628\u0629<\/p>\n<p><iframe loading=\"lazy\" title=\"Credit Card\" width=\"500\" height=\"281\" src=\"https:\/\/www.youtube.com\/embed\/wNi_VcBV8wI?feature=oembed\" frameborder=\"0\" allow=\"accelerometer; autoplay; clipboard-write; encrypted-media; gyroscope; picture-in-picture; web-share\" referrerpolicy=\"strict-origin-when-cross-origin\" allowfullscreen><\/iframe><\/p>\n<p>&nbsp;<\/p>\n<p>&nbsp;<\/p>\n","protected":false},"excerpt":{"rendered":"<h1 style=\"text-align: center;\">\u0639\u0637\u0631 \u0627\u0644\u0633\u064a\u0627\u0631\u0627\u062a \u0633\u0628\u0648\u0631<\/h1>\n<p><strong>Parfum voiture SPORT<\/strong>, CREDIT CARD, Sensation intense et dynamique. Il apporte une sensation intense, fra\u00eeche et dynamique \u00e0 votre v\u00e9hicule. Con\u00e7u pour les conducteurs qui aiment les ambiances modernes et stimulantes, ce d\u00e9sodorisant auto diffuse une fragrance \u00e9nergisante qui transforme chaque trajet en une exp\u00e9rience revitalisante.<\/p>\n","protected":false},"featured_media":38299,"comment_status":"open","ping_status":"closed","template":"","meta":[],"product_brand":[293,292],"product_cat":[922],"product_tag":[],"class_list":{"0":"post-34016","1":"product","2":"type-product","3":"status-publish","4":"has-post-thumbnail","6":"product_brand-sella","7":"product_brand-v6","8":"product_cat-credit-card","10":"first","11":"instock","12":"taxable","13":"shipping-taxable","14":"purchasable","15":"product-type-simple"},"yoast_head":"<!-- This site is optimized with the Yoast SEO Premium plugin v27.1 (Yoast SEO v27.4) - https:\/\/yoast.com\/product\/yoast-seo-premium-wordpress\/ -->\n<title>Parfum voiture SPORT - Boutique &quot;V6&quot;<\/title>\n<meta name=\"description\" content=\"Parfum voiture Sport Credit Card : intense et \u00e9nergisant au format carte, id\u00e9al pour une ambiance dynamique, fra\u00eeche et sportive dans votre habitacle.\" \/>\n<meta name=\"robots\" content=\"index, follow, max-snippet:-1, max-image-preview:large, max-video-preview:-1\" \/>\n<link rel=\"canonical\" href=\"https:\/\/sella-industrie.com\/fr_fr\/produit\/parfum-voiture-sport-credit-card-\u0639\u0637\u0631-\u0627\u0644\u0633\u064a\u0627\u0631\u0627\u062a-\u0633\u0628\u0648\u0631\/\" \/>\n<meta property=\"og:locale\" content=\"fr_FR\" \/>\n<meta property=\"og:type\" content=\"article\" \/>\n<meta property=\"og:title\" content=\"Parfum voiture SPORT\" \/>\n<meta property=\"og:description\" content=\"Parfum voiture Sport Credit Card : intense et \u00e9nergisant au format carte, id\u00e9al pour une ambiance dynamique, fra\u00eeche et sportive dans votre habitacle.\" \/>\n<meta property=\"og:url\" content=\"https:\/\/sella-industrie.com\/fr_fr\/produit\/parfum-voiture-sport-credit-card-\u0639\u0637\u0631-\u0627\u0644\u0633\u064a\u0627\u0631\u0627\u062a-\u0633\u0628\u0648\u0631\/\" \/>\n<meta property=\"og:site_name\" content=\"Boutique &quot;V6&quot;\" \/>\n<meta property=\"article:modified_time\" content=\"2026-04-15T09:42:13+00:00\" \/>\n<meta property=\"og:image\" content=\"https:\/\/sella-industrie.com\/wp-content\/uploads\/2025\/06\/SPORT-1-1.webp\" \/>\n\t<meta property=\"og:image:width\" content=\"1000\" \/>\n\t<meta property=\"og:image:height\" content=\"1000\" \/>\n\t<meta property=\"og:image:type\" content=\"image\/webp\" \/>\n<meta name=\"twitter:card\" content=\"summary_large_image\" \/>\n<meta name=\"twitter:label1\" content=\"Prix\" \/>\n\t<meta name=\"twitter:data1\" content=\"&#x62f;.&#x62c;&nbsp;300\" \/>\n\t<meta name=\"twitter:label2\" content=\"Disponibilit\u00e9\" \/>\n\t<meta name=\"twitter:data2\" content=\"En stock\" \/>\n<script type=\"application\/ld+json\" class=\"yoast-schema-graph\">{\"@context\":\"https:\\\/\\\/schema.org\",\"@graph\":[{\"@type\":\"WebPage\",\"@id\":\"https:\\\/\\\/sella-industrie.com\\\/produit\\\/parfum-voiture-sport-credit-card-%d8%b9%d8%b7%d8%b1-%d8%a7%d9%84%d8%b3%d9%8a%d8%a7%d8%b1%d8%a7%d8%aa-%d8%b3%d8%a8%d9%88%d8%b1\\\/\",\"url\":\"https:\\\/\\\/sella-industrie.com\\\/produit\\\/parfum-voiture-sport-credit-card-%d8%b9%d8%b7%d8%b1-%d8%a7%d9%84%d8%b3%d9%8a%d8%a7%d8%b1%d8%a7%d8%aa-%d8%b3%d8%a8%d9%88%d8%b1\\\/\",\"name\":\"Parfum voiture SPORT - Boutique &quot;V6&quot;\",\"isPartOf\":{\"@id\":\"https:\\\/\\\/sella-industrie.com\\\/#website\"},\"primaryImageOfPage\":{\"@id\":\"https:\\\/\\\/sella-industrie.com\\\/produit\\\/parfum-voiture-sport-credit-card-%d8%b9%d8%b7%d8%b1-%d8%a7%d9%84%d8%b3%d9%8a%d8%a7%d8%b1%d8%a7%d8%aa-%d8%b3%d8%a8%d9%88%d8%b1\\\/#primaryimage\"},\"image\":{\"@id\":\"https:\\\/\\\/sella-industrie.com\\\/produit\\\/parfum-voiture-sport-credit-card-%d8%b9%d8%b7%d8%b1-%d8%a7%d9%84%d8%b3%d9%8a%d8%a7%d8%b1%d8%a7%d8%aa-%d8%b3%d8%a8%d9%88%d8%b1\\\/#primaryimage\"},\"thumbnailUrl\":\"https:\\\/\\\/sella-industrie.com\\\/wp-content\\\/uploads\\\/2025\\\/06\\\/SPORT-1-1.webp\",\"datePublished\":\"2025-06-24T20:18:08+00:00\",\"dateModified\":\"2026-04-15T09:42:13+00:00\",\"description\":\"Parfum voiture Sport Credit Card : intense et \u00e9nergisant au format carte, id\u00e9al pour une ambiance dynamique, fra\u00eeche et sportive dans votre habitacle.\",\"breadcrumb\":{\"@id\":\"https:\\\/\\\/sella-industrie.com\\\/produit\\\/parfum-voiture-sport-credit-card-%d8%b9%d8%b7%d8%b1-%d8%a7%d9%84%d8%b3%d9%8a%d8%a7%d8%b1%d8%a7%d8%aa-%d8%b3%d8%a8%d9%88%d8%b1\\\/#breadcrumb\"},\"inLanguage\":\"fr-FR\",\"potentialAction\":[{\"@type\":\"ReadAction\",\"target\":[\"https:\\\/\\\/sella-industrie.com\\\/produit\\\/parfum-voiture-sport-credit-card-%d8%b9%d8%b7%d8%b1-%d8%a7%d9%84%d8%b3%d9%8a%d8%a7%d8%b1%d8%a7%d8%aa-%d8%b3%d8%a8%d9%88%d8%b1\\\/\"]}]},{\"@type\":\"ImageObject\",\"inLanguage\":\"fr-FR\",\"@id\":\"https:\\\/\\\/sella-industrie.com\\\/produit\\\/parfum-voiture-sport-credit-card-%d8%b9%d8%b7%d8%b1-%d8%a7%d9%84%d8%b3%d9%8a%d8%a7%d8%b1%d8%a7%d8%aa-%d8%b3%d8%a8%d9%88%d8%b1\\\/#primaryimage\",\"url\":\"https:\\\/\\\/sella-industrie.com\\\/wp-content\\\/uploads\\\/2025\\\/06\\\/SPORT-1-1.webp\",\"contentUrl\":\"https:\\\/\\\/sella-industrie.com\\\/wp-content\\\/uploads\\\/2025\\\/06\\\/SPORT-1-1.webp\",\"width\":1000,\"height\":1000,\"caption\":\"parfum voiture sport\"},{\"@type\":\"BreadcrumbList\",\"@id\":\"https:\\\/\\\/sella-industrie.com\\\/produit\\\/parfum-voiture-sport-credit-card-%d8%b9%d8%b7%d8%b1-%d8%a7%d9%84%d8%b3%d9%8a%d8%a7%d8%b1%d8%a7%d8%aa-%d8%b3%d8%a8%d9%88%d8%b1\\\/#breadcrumb\",\"itemListElement\":[{\"@type\":\"ListItem\",\"position\":1,\"name\":\"Accueil\",\"item\":\"https:\\\/\\\/sella-industrie.com\\\/fr_fr\\\/\"},{\"@type\":\"ListItem\",\"position\":2,\"name\":\"Shop\",\"item\":\"https:\\\/\\\/sella-industrie.com\\\/fr_fr\\\/shop\\\/\"},{\"@type\":\"ListItem\",\"position\":3,\"name\":\"CREDIT CARD\",\"item\":\"https:\\\/\\\/sella-industrie.com\\\/categorie-produit\\\/credit-card\\\/\"},{\"@type\":\"ListItem\",\"position\":4,\"name\":\"Parfum voiture SPORT\"}]},{\"@type\":\"WebSite\",\"@id\":\"https:\\\/\\\/sella-industrie.com\\\/#website\",\"url\":\"https:\\\/\\\/sella-industrie.com\\\/\",\"name\":\"Boutique &quot;V6&quot;\",\"description\":\"We care for your car\",\"publisher\":{\"@id\":\"https:\\\/\\\/sella-industrie.com\\\/#organization\"},\"potentialAction\":[{\"@type\":\"SearchAction\",\"target\":{\"@type\":\"EntryPoint\",\"urlTemplate\":\"https:\\\/\\\/sella-industrie.com\\\/?s={search_term_string}\"},\"query-input\":{\"@type\":\"PropertyValueSpecification\",\"valueRequired\":true,\"valueName\":\"search_term_string\"}}],\"inLanguage\":\"fr-FR\"},{\"@type\":\"Organization\",\"@id\":\"https:\\\/\\\/sella-industrie.com\\\/#organization\",\"name\":\"Boutique &quot;V6&quot;\",\"url\":\"https:\\\/\\\/sella-industrie.com\\\/\",\"logo\":{\"@type\":\"ImageObject\",\"inLanguage\":\"fr-FR\",\"@id\":\"https:\\\/\\\/sella-industrie.com\\\/#\\\/schema\\\/logo\\\/image\\\/\",\"url\":\"\",\"contentUrl\":\"\",\"caption\":\"Boutique &quot;V6&quot;\"},\"image\":{\"@id\":\"https:\\\/\\\/sella-industrie.com\\\/#\\\/schema\\\/logo\\\/image\\\/\"}}]}<\/script>\n<meta property=\"product:price:amount\" content=\"300\" \/>\n<meta property=\"product:price:currency\" content=\"DZD\" \/>\n<meta property=\"og:availability\" content=\"instock\" \/>\n<meta property=\"product:availability\" content=\"instock\" \/>\n<meta property=\"product:condition\" content=\"new\" \/>\n<!-- \/ Yoast SEO Premium plugin. -->","yoast_head_json":{"title":"Parfum voiture SPORT - Boutique &quot;V6&quot;","description":"Parfum voiture Sport Credit Card : intense et \u00e9nergisant au format carte, id\u00e9al pour une ambiance dynamique, fra\u00eeche et sportive dans votre habitacle.","robots":{"index":"index","follow":"follow","max-snippet":"max-snippet:-1","max-image-preview":"max-image-preview:large","max-video-preview":"max-video-preview:-1"},"canonical":"https:\/\/sella-industrie.com\/fr_fr\/produit\/parfum-voiture-sport-credit-card-\u0639\u0637\u0631-\u0627\u0644\u0633\u064a\u0627\u0631\u0627\u062a-\u0633\u0628\u0648\u0631\/","og_locale":"fr_FR","og_type":"article","og_title":"Parfum voiture SPORT","og_description":"Parfum voiture Sport Credit Card : intense et \u00e9nergisant au format carte, id\u00e9al pour une ambiance dynamique, fra\u00eeche et sportive dans votre habitacle.","og_url":"https:\/\/sella-industrie.com\/fr_fr\/produit\/parfum-voiture-sport-credit-card-\u0639\u0637\u0631-\u0627\u0644\u0633\u064a\u0627\u0631\u0627\u062a-\u0633\u0628\u0648\u0631\/","og_site_name":"Boutique &quot;V6&quot;","article_modified_time":"2026-04-15T09:42:13+00:00","og_image":[{"width":1000,"height":1000,"url":"https:\/\/sella-industrie.com\/wp-content\/uploads\/2025\/06\/SPORT-1-1.webp","type":"image\/webp"}],"twitter_card":"summary_large_image","twitter_misc":{"Prix":"&#x62f;.&#x62c;&nbsp;300","Disponibilit\u00e9":"En stock"},"schema":{"@context":"https:\/\/schema.org","@graph":[{"@type":"WebPage","@id":"https:\/\/sella-industrie.com\/produit\/parfum-voiture-sport-credit-card-%d8%b9%d8%b7%d8%b1-%d8%a7%d9%84%d8%b3%d9%8a%d8%a7%d8%b1%d8%a7%d8%aa-%d8%b3%d8%a8%d9%88%d8%b1\/","url":"https:\/\/sella-industrie.com\/produit\/parfum-voiture-sport-credit-card-%d8%b9%d8%b7%d8%b1-%d8%a7%d9%84%d8%b3%d9%8a%d8%a7%d8%b1%d8%a7%d8%aa-%d8%b3%d8%a8%d9%88%d8%b1\/","name":"Parfum voiture SPORT - Boutique &quot;V6&quot;","isPartOf":{"@id":"https:\/\/sella-industrie.com\/#website"},"primaryImageOfPage":{"@id":"https:\/\/sella-industrie.com\/produit\/parfum-voiture-sport-credit-card-%d8%b9%d8%b7%d8%b1-%d8%a7%d9%84%d8%b3%d9%8a%d8%a7%d8%b1%d8%a7%d8%aa-%d8%b3%d8%a8%d9%88%d8%b1\/#primaryimage"},"image":{"@id":"https:\/\/sella-industrie.com\/produit\/parfum-voiture-sport-credit-card-%d8%b9%d8%b7%d8%b1-%d8%a7%d9%84%d8%b3%d9%8a%d8%a7%d8%b1%d8%a7%d8%aa-%d8%b3%d8%a8%d9%88%d8%b1\/#primaryimage"},"thumbnailUrl":"https:\/\/sella-industrie.com\/wp-content\/uploads\/2025\/06\/SPORT-1-1.webp","datePublished":"2025-06-24T20:18:08+00:00","dateModified":"2026-04-15T09:42:13+00:00","description":"Parfum voiture Sport Credit Card : intense et \u00e9nergisant au format carte, id\u00e9al pour une ambiance dynamique, fra\u00eeche et sportive dans votre habitacle.","breadcrumb":{"@id":"https:\/\/sella-industrie.com\/produit\/parfum-voiture-sport-credit-card-%d8%b9%d8%b7%d8%b1-%d8%a7%d9%84%d8%b3%d9%8a%d8%a7%d8%b1%d8%a7%d8%aa-%d8%b3%d8%a8%d9%88%d8%b1\/#breadcrumb"},"inLanguage":"fr-FR","potentialAction":[{"@type":"ReadAction","target":["https:\/\/sella-industrie.com\/produit\/parfum-voiture-sport-credit-card-%d8%b9%d8%b7%d8%b1-%d8%a7%d9%84%d8%b3%d9%8a%d8%a7%d8%b1%d8%a7%d8%aa-%d8%b3%d8%a8%d9%88%d8%b1\/"]}]},{"@type":"ImageObject","inLanguage":"fr-FR","@id":"https:\/\/sella-industrie.com\/produit\/parfum-voiture-sport-credit-card-%d8%b9%d8%b7%d8%b1-%d8%a7%d9%84%d8%b3%d9%8a%d8%a7%d8%b1%d8%a7%d8%aa-%d8%b3%d8%a8%d9%88%d8%b1\/#primaryimage","url":"https:\/\/sella-industrie.com\/wp-content\/uploads\/2025\/06\/SPORT-1-1.webp","contentUrl":"https:\/\/sella-industrie.com\/wp-content\/uploads\/2025\/06\/SPORT-1-1.webp","width":1000,"height":1000,"caption":"parfum voiture sport"},{"@type":"BreadcrumbList","@id":"https:\/\/sella-industrie.com\/produit\/parfum-voiture-sport-credit-card-%d8%b9%d8%b7%d8%b1-%d8%a7%d9%84%d8%b3%d9%8a%d8%a7%d8%b1%d8%a7%d8%aa-%d8%b3%d8%a8%d9%88%d8%b1\/#breadcrumb","itemListElement":[{"@type":"ListItem","position":1,"name":"Accueil","item":"https:\/\/sella-industrie.com\/fr_fr\/"},{"@type":"ListItem","position":2,"name":"Shop","item":"https:\/\/sella-industrie.com\/fr_fr\/shop\/"},{"@type":"ListItem","position":3,"name":"CREDIT CARD","item":"https:\/\/sella-industrie.com\/categorie-produit\/credit-card\/"},{"@type":"ListItem","position":4,"name":"Parfum voiture SPORT"}]},{"@type":"WebSite","@id":"https:\/\/sella-industrie.com\/#website","url":"https:\/\/sella-industrie.com\/","name":"Boutique &quot;V6&quot;","description":"We care for your car","publisher":{"@id":"https:\/\/sella-industrie.com\/#organization"},"potentialAction":[{"@type":"SearchAction","target":{"@type":"EntryPoint","urlTemplate":"https:\/\/sella-industrie.com\/?s={search_term_string}"},"query-input":{"@type":"PropertyValueSpecification","valueRequired":true,"valueName":"search_term_string"}}],"inLanguage":"fr-FR"},{"@type":"Organization","@id":"https:\/\/sella-industrie.com\/#organization","name":"Boutique &quot;V6&quot;","url":"https:\/\/sella-industrie.com\/","logo":{"@type":"ImageObject","inLanguage":"fr-FR","@id":"https:\/\/sella-industrie.com\/#\/schema\/logo\/image\/","url":"","contentUrl":"","caption":"Boutique &quot;V6&quot;"},"image":{"@id":"https:\/\/sella-industrie.com\/#\/schema\/logo\/image\/"}}]},"product_price_amount":"300","product_price_currency":"DZD","og_availability":"instock","product_availability":"instock","product_condition":"new"},"_links":{"self":[{"href":"https:\/\/sella-industrie.com\/fr_fr\/wp-json\/wp\/v2\/product\/34016","targetHints":{"allow":["GET"]}}],"collection":[{"href":"https:\/\/sella-industrie.com\/fr_fr\/wp-json\/wp\/v2\/product"}],"about":[{"href":"https:\/\/sella-industrie.com\/fr_fr\/wp-json\/wp\/v2\/types\/product"}],"replies":[{"embeddable":true,"href":"https:\/\/sella-industrie.com\/fr_fr\/wp-json\/wp\/v2\/comments?post=34016"}],"wp:featuredmedia":[{"embeddable":true,"href":"https:\/\/sella-industrie.com\/fr_fr\/wp-json\/wp\/v2\/media\/38299"}],"wp:attachment":[{"href":"https:\/\/sella-industrie.com\/fr_fr\/wp-json\/wp\/v2\/media?parent=34016"}],"wp:term":[{"taxonomy":"product_brand","embeddable":true,"href":"https:\/\/sella-industrie.com\/fr_fr\/wp-json\/wp\/v2\/product_brand?post=34016"},{"taxonomy":"product_cat","embeddable":true,"href":"https:\/\/sella-industrie.com\/fr_fr\/wp-json\/wp\/v2\/product_cat?post=34016"},{"taxonomy":"product_tag","embeddable":true,"href":"https:\/\/sella-industrie.com\/fr_fr\/wp-json\/wp\/v2\/product_tag?post=34016"}],"curies":[{"name":"wp","href":"https:\/\/api.w.org\/{rel}","templated":true}]}}