{"id":34007,"date":"2025-06-24T20:18:05","date_gmt":"2025-06-24T20:18:05","guid":{"rendered":"https:\/\/sellaindustrie.com\/?post_type=product&#038;p=34007"},"modified":"2026-04-15T09:11:19","modified_gmt":"2026-04-15T09:11:19","slug":"parfum-voiture-citron-credit-card-%d8%b9%d8%b7%d8%b1-%d8%a7%d9%84%d8%b3%d9%8a%d8%a7%d8%b1%d8%a7%d8%aa-%d9%84%d9%8a%d9%85%d9%88%d9%86","status":"publish","type":"product","link":"https:\/\/sella-industrie.com\/fr_fr\/produit\/parfum-voiture-citron-credit-card-%d8%b9%d8%b7%d8%b1-%d8%a7%d9%84%d8%b3%d9%8a%d8%a7%d8%b1%d8%a7%d8%aa-%d9%84%d9%8a%d9%85%d9%88%d9%86\/","title":{"rendered":"Parfum voiture CITRON"},"content":{"rendered":"<h2 style=\"text-align: center;\">Parfum voiture CITRON \u0639\u0637\u0631 \u0627\u0644\u0633\u064a\u0627\u0631\u0627\u062a \u0644\u064a\u0645\u0648\u0646<\/h2>\n<p><strong>Parfum voiture CITRON<\/strong>, CREDIT CARD, une <a href=\"https:\/\/sella-industrie.com\/fr_fr\/produit\/citron-%d9%84%d9%8a%d9%85%d9%88%d9%86\/\">fra\u00eecheur<\/a> Dynamique, \u00e9nergisante et longue dur\u00e9e pour \u00e9liminer les odeurs et garder votre voiture <a href=\"https:\/\/www.tiktok.com\/@v6.accessoires.au\/video\/7545532893280374034\" target=\"_blank\" rel=\"noopener\">propre<\/a> et dynamique au quotidien.\u00a0Il apporte une fra\u00eecheur vive, \u00e9nergisante et durable. Gr\u00e2ce \u00e0 sa fragrance citronn\u00e9e intense et rafra\u00eechissante, ce d\u00e9sodorisant auto transforme votre habitacle en un espace propre et agr\u00e9able au quotidien. Pens\u00e9 pour les conducteurs recherchant une senteur tonique et moderne, il diffuse une ambiance fra\u00eeche tout en neutralisant efficacement les mauvaises odeurs. Sa composition olfactive offre : une fra\u00eecheur citronn\u00e9e vive et naturelle, une sensation imm\u00e9diate de propret\u00e9, un effet \u00e9nergisant et tonifiant, une ambiance dynamique et agr\u00e9able. Parfait pour ceux qui aiment les senteurs fra\u00eeches, propres et stimulantes.<\/p>\n<p style=\"text-align: right;\"><strong>\u0639\u0637\u0631 \u0627\u0644\u0633\u064a\u0627\u0631\u0627\u062a \u0644\u064a\u0645\u0648\u0646 \u0643\u0631\u064a\u062f\u064a\u062a \u0643\u0627\u0631\u062f<\/strong>\u060c \u0628\u0631\u0627\u0626\u062d\u0629 \u0628\u0637\u0627\u0642\u0629 \u0627\u0644\u0627\u0626\u062a\u0645\u0627\u0646: \u0627\u0646\u062a\u0639\u0627\u0634 \u062d\u064a\u0648\u064a \u0648\u0645\u0646\u0639\u0634 \u064a\u062f\u0648\u0645 \u0637\u0648\u064a\u0644\u0627\u064b\u060c \u064a\u0642\u0636\u064a \u0639\u0644\u0649 \u0627\u0644\u0631\u0648\u0627\u0626\u062d \u0627\u0644\u0643\u0631\u064a\u0647\u0629 \u0648\u064a\u062d\u0627\u0641\u0638 \u0639\u0644\u0649 \u0633\u064a\u0627\u0631\u062a\u0643 \u0646\u0638\u064a\u0641\u0629 \u0648\u0645\u0634\u0631\u0642\u0629 \u0643\u0644 \u064a\u0648\u0645\u060c \u064a\u0645\u0646\u062d\u0643 \u0627\u0646\u062a\u0639\u0627\u0634\u064b\u0627 \u0645\u0634\u0631\u0642\u064b\u0627 \u0648\u0645\u0646\u0639\u0634\u064b\u0627 \u064a\u062f\u0648\u0645 \u0637\u0648\u064a\u0644\u0627\u064b\u060c \u0628\u0641\u0636\u0644 \u0631\u0627\u0626\u062d\u0629 \u0627\u0644\u0644\u064a\u0645\u0648\u0646 \u0627\u0644\u0645\u0646\u0639\u0634\u0629 \u0648\u0627\u0644\u0642\u0648\u064a\u0629\u060c \u064a\u062d\u0648\u0651\u0644 \u0647\u0630\u0627 \u0627\u0644\u0645\u0639\u0637\u0631 \u0645\u0642\u0635\u0648\u0631\u0629 \u0633\u064a\u0627\u0631\u062a\u0643 \u0625\u0644\u0649 \u0645\u0633\u0627\u062d\u0629 \u0646\u0638\u064a\u0641\u0629 \u0648\u0645\u0631\u064a\u062d\u0629\u060c \u0635\u064f\u0645\u0645 \u062e\u0635\u064a\u0635\u064b\u0627 \u0644\u0644\u0633\u0627\u0626\u0642\u064a\u0646 \u0627\u0644\u0630\u064a\u0646 \u064a\u0628\u062d\u062b\u0648\u0646 \u0639\u0646 \u0631\u0627\u0626\u062d\u0629 \u0645\u0646\u0639\u0634\u0629 \u0648\u0639\u0635\u0631\u064a\u0629\u060c \u0641\u0647\u0648 \u064a\u0646\u0634\u0631 \u062c\u0648\u064b\u0627 \u0645\u0646\u0639\u0634\u064b\u0627 \u0645\u0639 \u062a\u062d\u064a\u064a\u062f \u0627\u0644\u0631\u0648\u0627\u0626\u062d \u0627\u0644\u0643\u0631\u064a\u0647\u0629 \u0628\u0641\u0639\u0627\u0644\u064a\u0629\u060c \u062a\u062a\u0636\u0645\u0646 \u062a\u0631\u0643\u064a\u0628\u062a\u0647 \u0627\u0644\u0639\u0637\u0631\u064a\u0629: \u0627\u0646\u062a\u0639\u0627\u0634\u064b\u0627 \u0637\u0628\u064a\u0639\u064a\u064b\u0627 \u0645\u0646\u0639\u0634\u064b\u0627 \u0628\u0631\u0627\u0626\u062d\u0629 \u0627\u0644\u0644\u064a\u0645\u0648\u0646\u060c \u0648\u0634\u0639\u0648\u0631\u064b\u0627 \u0641\u0648\u0631\u064a\u064b\u0627 \u0628\u0627\u0644\u0646\u0638\u0627\u0641\u0629\u060c \u0648\u062a\u0623\u062b\u064a\u0631\u064b\u0627 \u0645\u0646\u0639\u0634\u064b\u0627 \u0648\u062d\u064a\u0648\u064a\u064b\u0627\u060c \u0648\u062c\u0648\u064b\u0627 \u062d\u064a\u0648\u064a\u064b\u0627 \u0648\u0645\u0631\u064a\u062d\u064b\u0627. \u0645\u062b\u0627\u0644\u064a \u0644\u0645\u062d\u0628\u064a \u0627\u0644\u0631\u0648\u0627\u0626\u062d \u0627\u0644\u0645\u0646\u0639\u0634\u0629 \u0648\u0627\u0644\u0646\u0638\u064a\u0641\u0629 \u0648\u0627\u0644\u0645\u0646\u0634\u0637\u0629<\/p>\n<p><iframe loading=\"lazy\" title=\"Credit Card\" width=\"500\" height=\"281\" src=\"https:\/\/www.youtube.com\/embed\/wNi_VcBV8wI?feature=oembed\" frameborder=\"0\" allow=\"accelerometer; autoplay; clipboard-write; encrypted-media; gyroscope; picture-in-picture; web-share\" referrerpolicy=\"strict-origin-when-cross-origin\" allowfullscreen><\/iframe><\/p>\n<p>&nbsp;<\/p>\n<p>&nbsp;<\/p>\n","protected":false},"excerpt":{"rendered":"<h1 style=\"text-align: center;\">\u0639\u0637\u0631 \u0627\u0644\u0633\u064a\u0627\u0631\u0627\u062a \u0644\u064a\u0645\u0648\u0646<\/h1>\n<p><strong>Parfum voiture CITRON<\/strong>, CREDIT CARD, une <a href=\"https:\/\/sella-industrie.com\/fr_fr\/produit\/citron-%d9%84%d9%8a%d9%85%d9%88%d9%86\/\">fra\u00eecheur<\/a> Dynamique, \u00e9nergisante et longue dur\u00e9e pour \u00e9liminer les odeurs et garder votre voiture <a href=\"https:\/\/www.tiktok.com\/@v6.accessoires.au\/video\/7545532893280374034\">propre<\/a> et dynamique au quotidien.\u00a0Il apporte une fra\u00eecheur vive, \u00e9nergisante et durable. Gr\u00e2ce \u00e0 sa fragrance citronn\u00e9e intense et rafra\u00eechissante, ce d\u00e9sodorisant auto transforme votre habitacle en un espace propre et agr\u00e9able au quotidien.<\/p>\n","protected":false},"featured_media":38295,"comment_status":"open","ping_status":"closed","template":"","meta":[],"product_brand":[293,292],"product_cat":[922],"product_tag":[],"class_list":{"0":"post-34007","1":"product","2":"type-product","3":"status-publish","4":"has-post-thumbnail","6":"product_brand-sella","7":"product_brand-v6","8":"product_cat-credit-card","10":"first","11":"instock","12":"taxable","13":"shipping-taxable","14":"purchasable","15":"product-type-simple"},"yoast_head":"<!-- This site is optimized with the Yoast SEO Premium plugin v27.1 (Yoast SEO v27.4) - https:\/\/yoast.com\/product\/yoast-seo-premium-wordpress\/ -->\n<title>Parfum voiture CITRON - Boutique &quot;V6&quot;<\/title>\n<meta name=\"description\" content=\"Parfum voiture Citron Credit Card : Frais et \u00e9nergisant au format carte. \u00c9limine les odeurs, purifie l\u2019habitacle et diffuse une fra\u00eecheur citronn\u00e9e.\" \/>\n<meta name=\"robots\" content=\"index, follow, max-snippet:-1, max-image-preview:large, max-video-preview:-1\" \/>\n<link rel=\"canonical\" href=\"https:\/\/sella-industrie.com\/fr_fr\/produit\/parfum-voiture-citron-credit-card-\u0639\u0637\u0631-\u0627\u0644\u0633\u064a\u0627\u0631\u0627\u062a-\u0644\u064a\u0645\u0648\u0646\/\" \/>\n<meta property=\"og:locale\" content=\"fr_FR\" \/>\n<meta property=\"og:type\" content=\"article\" \/>\n<meta property=\"og:title\" content=\"Parfum voiture CITRON\" \/>\n<meta property=\"og:description\" content=\"Parfum voiture Citron Credit Card : Frais et \u00e9nergisant au format carte. \u00c9limine les odeurs, purifie l\u2019habitacle et diffuse une fra\u00eecheur citronn\u00e9e.\" \/>\n<meta property=\"og:url\" content=\"https:\/\/sella-industrie.com\/fr_fr\/produit\/parfum-voiture-citron-credit-card-\u0639\u0637\u0631-\u0627\u0644\u0633\u064a\u0627\u0631\u0627\u062a-\u0644\u064a\u0645\u0648\u0646\/\" \/>\n<meta property=\"og:site_name\" content=\"Boutique &quot;V6&quot;\" \/>\n<meta property=\"article:modified_time\" content=\"2026-04-15T09:11:19+00:00\" \/>\n<meta property=\"og:image\" content=\"https:\/\/sella-industrie.com\/wp-content\/uploads\/2025\/06\/CITRON-4.webp\" \/>\n\t<meta property=\"og:image:width\" content=\"1000\" \/>\n\t<meta property=\"og:image:height\" content=\"1000\" \/>\n\t<meta property=\"og:image:type\" content=\"image\/webp\" \/>\n<meta name=\"twitter:card\" content=\"summary_large_image\" \/>\n<meta name=\"twitter:label1\" content=\"Prix\" \/>\n\t<meta name=\"twitter:data1\" content=\"&#x62f;.&#x62c;&nbsp;300\" \/>\n\t<meta name=\"twitter:label2\" content=\"Disponibilit\u00e9\" \/>\n\t<meta name=\"twitter:data2\" content=\"En stock\" \/>\n<script type=\"application\/ld+json\" class=\"yoast-schema-graph\">{\"@context\":\"https:\\\/\\\/schema.org\",\"@graph\":[{\"@type\":\"WebPage\",\"@id\":\"https:\\\/\\\/sella-industrie.com\\\/produit\\\/parfum-voiture-citron-credit-card-%d8%b9%d8%b7%d8%b1-%d8%a7%d9%84%d8%b3%d9%8a%d8%a7%d8%b1%d8%a7%d8%aa-%d9%84%d9%8a%d9%85%d9%88%d9%86\\\/\",\"url\":\"https:\\\/\\\/sella-industrie.com\\\/produit\\\/parfum-voiture-citron-credit-card-%d8%b9%d8%b7%d8%b1-%d8%a7%d9%84%d8%b3%d9%8a%d8%a7%d8%b1%d8%a7%d8%aa-%d9%84%d9%8a%d9%85%d9%88%d9%86\\\/\",\"name\":\"Parfum voiture CITRON - Boutique &quot;V6&quot;\",\"isPartOf\":{\"@id\":\"https:\\\/\\\/sella-industrie.com\\\/#website\"},\"primaryImageOfPage\":{\"@id\":\"https:\\\/\\\/sella-industrie.com\\\/produit\\\/parfum-voiture-citron-credit-card-%d8%b9%d8%b7%d8%b1-%d8%a7%d9%84%d8%b3%d9%8a%d8%a7%d8%b1%d8%a7%d8%aa-%d9%84%d9%8a%d9%85%d9%88%d9%86\\\/#primaryimage\"},\"image\":{\"@id\":\"https:\\\/\\\/sella-industrie.com\\\/produit\\\/parfum-voiture-citron-credit-card-%d8%b9%d8%b7%d8%b1-%d8%a7%d9%84%d8%b3%d9%8a%d8%a7%d8%b1%d8%a7%d8%aa-%d9%84%d9%8a%d9%85%d9%88%d9%86\\\/#primaryimage\"},\"thumbnailUrl\":\"https:\\\/\\\/sella-industrie.com\\\/wp-content\\\/uploads\\\/2025\\\/06\\\/CITRON-4.webp\",\"datePublished\":\"2025-06-24T20:18:05+00:00\",\"dateModified\":\"2026-04-15T09:11:19+00:00\",\"description\":\"Parfum voiture Citron Credit Card : Frais et \u00e9nergisant au format carte. \u00c9limine les odeurs, purifie l\u2019habitacle et diffuse une fra\u00eecheur citronn\u00e9e.\",\"breadcrumb\":{\"@id\":\"https:\\\/\\\/sella-industrie.com\\\/produit\\\/parfum-voiture-citron-credit-card-%d8%b9%d8%b7%d8%b1-%d8%a7%d9%84%d8%b3%d9%8a%d8%a7%d8%b1%d8%a7%d8%aa-%d9%84%d9%8a%d9%85%d9%88%d9%86\\\/#breadcrumb\"},\"inLanguage\":\"fr-FR\",\"potentialAction\":[{\"@type\":\"ReadAction\",\"target\":[\"https:\\\/\\\/sella-industrie.com\\\/produit\\\/parfum-voiture-citron-credit-card-%d8%b9%d8%b7%d8%b1-%d8%a7%d9%84%d8%b3%d9%8a%d8%a7%d8%b1%d8%a7%d8%aa-%d9%84%d9%8a%d9%85%d9%88%d9%86\\\/\"]}]},{\"@type\":\"ImageObject\",\"inLanguage\":\"fr-FR\",\"@id\":\"https:\\\/\\\/sella-industrie.com\\\/produit\\\/parfum-voiture-citron-credit-card-%d8%b9%d8%b7%d8%b1-%d8%a7%d9%84%d8%b3%d9%8a%d8%a7%d8%b1%d8%a7%d8%aa-%d9%84%d9%8a%d9%85%d9%88%d9%86\\\/#primaryimage\",\"url\":\"https:\\\/\\\/sella-industrie.com\\\/wp-content\\\/uploads\\\/2025\\\/06\\\/CITRON-4.webp\",\"contentUrl\":\"https:\\\/\\\/sella-industrie.com\\\/wp-content\\\/uploads\\\/2025\\\/06\\\/CITRON-4.webp\",\"width\":1000,\"height\":1000,\"caption\":\"Parfum voiture CITRON\"},{\"@type\":\"BreadcrumbList\",\"@id\":\"https:\\\/\\\/sella-industrie.com\\\/produit\\\/parfum-voiture-citron-credit-card-%d8%b9%d8%b7%d8%b1-%d8%a7%d9%84%d8%b3%d9%8a%d8%a7%d8%b1%d8%a7%d8%aa-%d9%84%d9%8a%d9%85%d9%88%d9%86\\\/#breadcrumb\",\"itemListElement\":[{\"@type\":\"ListItem\",\"position\":1,\"name\":\"Accueil\",\"item\":\"https:\\\/\\\/sella-industrie.com\\\/fr_fr\\\/\"},{\"@type\":\"ListItem\",\"position\":2,\"name\":\"Shop\",\"item\":\"https:\\\/\\\/sella-industrie.com\\\/fr_fr\\\/shop\\\/\"},{\"@type\":\"ListItem\",\"position\":3,\"name\":\"CREDIT CARD\",\"item\":\"https:\\\/\\\/sella-industrie.com\\\/categorie-produit\\\/credit-card\\\/\"},{\"@type\":\"ListItem\",\"position\":4,\"name\":\"Parfum voiture CITRON\"}]},{\"@type\":\"WebSite\",\"@id\":\"https:\\\/\\\/sella-industrie.com\\\/#website\",\"url\":\"https:\\\/\\\/sella-industrie.com\\\/\",\"name\":\"Boutique &quot;V6&quot;\",\"description\":\"We care for your car\",\"publisher\":{\"@id\":\"https:\\\/\\\/sella-industrie.com\\\/#organization\"},\"potentialAction\":[{\"@type\":\"SearchAction\",\"target\":{\"@type\":\"EntryPoint\",\"urlTemplate\":\"https:\\\/\\\/sella-industrie.com\\\/?s={search_term_string}\"},\"query-input\":{\"@type\":\"PropertyValueSpecification\",\"valueRequired\":true,\"valueName\":\"search_term_string\"}}],\"inLanguage\":\"fr-FR\"},{\"@type\":\"Organization\",\"@id\":\"https:\\\/\\\/sella-industrie.com\\\/#organization\",\"name\":\"Boutique &quot;V6&quot;\",\"url\":\"https:\\\/\\\/sella-industrie.com\\\/\",\"logo\":{\"@type\":\"ImageObject\",\"inLanguage\":\"fr-FR\",\"@id\":\"https:\\\/\\\/sella-industrie.com\\\/#\\\/schema\\\/logo\\\/image\\\/\",\"url\":\"\",\"contentUrl\":\"\",\"caption\":\"Boutique &quot;V6&quot;\"},\"image\":{\"@id\":\"https:\\\/\\\/sella-industrie.com\\\/#\\\/schema\\\/logo\\\/image\\\/\"}}]}<\/script>\n<meta property=\"product:price:amount\" content=\"300\" \/>\n<meta property=\"product:price:currency\" content=\"DZD\" \/>\n<meta property=\"og:availability\" content=\"instock\" \/>\n<meta property=\"product:availability\" content=\"instock\" \/>\n<meta property=\"product:condition\" content=\"new\" \/>\n<!-- \/ Yoast SEO Premium plugin. -->","yoast_head_json":{"title":"Parfum voiture CITRON - Boutique &quot;V6&quot;","description":"Parfum voiture Citron Credit Card : Frais et \u00e9nergisant au format carte. \u00c9limine les odeurs, purifie l\u2019habitacle et diffuse une fra\u00eecheur citronn\u00e9e.","robots":{"index":"index","follow":"follow","max-snippet":"max-snippet:-1","max-image-preview":"max-image-preview:large","max-video-preview":"max-video-preview:-1"},"canonical":"https:\/\/sella-industrie.com\/fr_fr\/produit\/parfum-voiture-citron-credit-card-\u0639\u0637\u0631-\u0627\u0644\u0633\u064a\u0627\u0631\u0627\u062a-\u0644\u064a\u0645\u0648\u0646\/","og_locale":"fr_FR","og_type":"article","og_title":"Parfum voiture CITRON","og_description":"Parfum voiture Citron Credit Card : Frais et \u00e9nergisant au format carte. \u00c9limine les odeurs, purifie l\u2019habitacle et diffuse une fra\u00eecheur citronn\u00e9e.","og_url":"https:\/\/sella-industrie.com\/fr_fr\/produit\/parfum-voiture-citron-credit-card-\u0639\u0637\u0631-\u0627\u0644\u0633\u064a\u0627\u0631\u0627\u062a-\u0644\u064a\u0645\u0648\u0646\/","og_site_name":"Boutique &quot;V6&quot;","article_modified_time":"2026-04-15T09:11:19+00:00","og_image":[{"width":1000,"height":1000,"url":"https:\/\/sella-industrie.com\/wp-content\/uploads\/2025\/06\/CITRON-4.webp","type":"image\/webp"}],"twitter_card":"summary_large_image","twitter_misc":{"Prix":"&#x62f;.&#x62c;&nbsp;300","Disponibilit\u00e9":"En stock"},"schema":{"@context":"https:\/\/schema.org","@graph":[{"@type":"WebPage","@id":"https:\/\/sella-industrie.com\/produit\/parfum-voiture-citron-credit-card-%d8%b9%d8%b7%d8%b1-%d8%a7%d9%84%d8%b3%d9%8a%d8%a7%d8%b1%d8%a7%d8%aa-%d9%84%d9%8a%d9%85%d9%88%d9%86\/","url":"https:\/\/sella-industrie.com\/produit\/parfum-voiture-citron-credit-card-%d8%b9%d8%b7%d8%b1-%d8%a7%d9%84%d8%b3%d9%8a%d8%a7%d8%b1%d8%a7%d8%aa-%d9%84%d9%8a%d9%85%d9%88%d9%86\/","name":"Parfum voiture CITRON - Boutique &quot;V6&quot;","isPartOf":{"@id":"https:\/\/sella-industrie.com\/#website"},"primaryImageOfPage":{"@id":"https:\/\/sella-industrie.com\/produit\/parfum-voiture-citron-credit-card-%d8%b9%d8%b7%d8%b1-%d8%a7%d9%84%d8%b3%d9%8a%d8%a7%d8%b1%d8%a7%d8%aa-%d9%84%d9%8a%d9%85%d9%88%d9%86\/#primaryimage"},"image":{"@id":"https:\/\/sella-industrie.com\/produit\/parfum-voiture-citron-credit-card-%d8%b9%d8%b7%d8%b1-%d8%a7%d9%84%d8%b3%d9%8a%d8%a7%d8%b1%d8%a7%d8%aa-%d9%84%d9%8a%d9%85%d9%88%d9%86\/#primaryimage"},"thumbnailUrl":"https:\/\/sella-industrie.com\/wp-content\/uploads\/2025\/06\/CITRON-4.webp","datePublished":"2025-06-24T20:18:05+00:00","dateModified":"2026-04-15T09:11:19+00:00","description":"Parfum voiture Citron Credit Card : Frais et \u00e9nergisant au format carte. \u00c9limine les odeurs, purifie l\u2019habitacle et diffuse une fra\u00eecheur citronn\u00e9e.","breadcrumb":{"@id":"https:\/\/sella-industrie.com\/produit\/parfum-voiture-citron-credit-card-%d8%b9%d8%b7%d8%b1-%d8%a7%d9%84%d8%b3%d9%8a%d8%a7%d8%b1%d8%a7%d8%aa-%d9%84%d9%8a%d9%85%d9%88%d9%86\/#breadcrumb"},"inLanguage":"fr-FR","potentialAction":[{"@type":"ReadAction","target":["https:\/\/sella-industrie.com\/produit\/parfum-voiture-citron-credit-card-%d8%b9%d8%b7%d8%b1-%d8%a7%d9%84%d8%b3%d9%8a%d8%a7%d8%b1%d8%a7%d8%aa-%d9%84%d9%8a%d9%85%d9%88%d9%86\/"]}]},{"@type":"ImageObject","inLanguage":"fr-FR","@id":"https:\/\/sella-industrie.com\/produit\/parfum-voiture-citron-credit-card-%d8%b9%d8%b7%d8%b1-%d8%a7%d9%84%d8%b3%d9%8a%d8%a7%d8%b1%d8%a7%d8%aa-%d9%84%d9%8a%d9%85%d9%88%d9%86\/#primaryimage","url":"https:\/\/sella-industrie.com\/wp-content\/uploads\/2025\/06\/CITRON-4.webp","contentUrl":"https:\/\/sella-industrie.com\/wp-content\/uploads\/2025\/06\/CITRON-4.webp","width":1000,"height":1000,"caption":"Parfum voiture CITRON"},{"@type":"BreadcrumbList","@id":"https:\/\/sella-industrie.com\/produit\/parfum-voiture-citron-credit-card-%d8%b9%d8%b7%d8%b1-%d8%a7%d9%84%d8%b3%d9%8a%d8%a7%d8%b1%d8%a7%d8%aa-%d9%84%d9%8a%d9%85%d9%88%d9%86\/#breadcrumb","itemListElement":[{"@type":"ListItem","position":1,"name":"Accueil","item":"https:\/\/sella-industrie.com\/fr_fr\/"},{"@type":"ListItem","position":2,"name":"Shop","item":"https:\/\/sella-industrie.com\/fr_fr\/shop\/"},{"@type":"ListItem","position":3,"name":"CREDIT CARD","item":"https:\/\/sella-industrie.com\/categorie-produit\/credit-card\/"},{"@type":"ListItem","position":4,"name":"Parfum voiture CITRON"}]},{"@type":"WebSite","@id":"https:\/\/sella-industrie.com\/#website","url":"https:\/\/sella-industrie.com\/","name":"Boutique &quot;V6&quot;","description":"We care for your car","publisher":{"@id":"https:\/\/sella-industrie.com\/#organization"},"potentialAction":[{"@type":"SearchAction","target":{"@type":"EntryPoint","urlTemplate":"https:\/\/sella-industrie.com\/?s={search_term_string}"},"query-input":{"@type":"PropertyValueSpecification","valueRequired":true,"valueName":"search_term_string"}}],"inLanguage":"fr-FR"},{"@type":"Organization","@id":"https:\/\/sella-industrie.com\/#organization","name":"Boutique &quot;V6&quot;","url":"https:\/\/sella-industrie.com\/","logo":{"@type":"ImageObject","inLanguage":"fr-FR","@id":"https:\/\/sella-industrie.com\/#\/schema\/logo\/image\/","url":"","contentUrl":"","caption":"Boutique &quot;V6&quot;"},"image":{"@id":"https:\/\/sella-industrie.com\/#\/schema\/logo\/image\/"}}]},"product_price_amount":"300","product_price_currency":"DZD","og_availability":"instock","product_availability":"instock","product_condition":"new"},"_links":{"self":[{"href":"https:\/\/sella-industrie.com\/fr_fr\/wp-json\/wp\/v2\/product\/34007","targetHints":{"allow":["GET"]}}],"collection":[{"href":"https:\/\/sella-industrie.com\/fr_fr\/wp-json\/wp\/v2\/product"}],"about":[{"href":"https:\/\/sella-industrie.com\/fr_fr\/wp-json\/wp\/v2\/types\/product"}],"replies":[{"embeddable":true,"href":"https:\/\/sella-industrie.com\/fr_fr\/wp-json\/wp\/v2\/comments?post=34007"}],"wp:featuredmedia":[{"embeddable":true,"href":"https:\/\/sella-industrie.com\/fr_fr\/wp-json\/wp\/v2\/media\/38295"}],"wp:attachment":[{"href":"https:\/\/sella-industrie.com\/fr_fr\/wp-json\/wp\/v2\/media?parent=34007"}],"wp:term":[{"taxonomy":"product_brand","embeddable":true,"href":"https:\/\/sella-industrie.com\/fr_fr\/wp-json\/wp\/v2\/product_brand?post=34007"},{"taxonomy":"product_cat","embeddable":true,"href":"https:\/\/sella-industrie.com\/fr_fr\/wp-json\/wp\/v2\/product_cat?post=34007"},{"taxonomy":"product_tag","embeddable":true,"href":"https:\/\/sella-industrie.com\/fr_fr\/wp-json\/wp\/v2\/product_tag?post=34007"}],"curies":[{"name":"wp","href":"https:\/\/api.w.org\/{rel}","templated":true}]}}