{"id":33889,"date":"2025-06-24T15:28:24","date_gmt":"2025-06-24T15:28:24","guid":{"rendered":"https:\/\/sellaindustrie.com\/?post_type=product&#038;p=33889"},"modified":"2026-04-15T10:01:56","modified_gmt":"2026-04-15T10:01:56","slug":"parfum-voiture-framboise-credit-card-%d8%b9%d8%b7%d8%b1-%d8%a7%d9%84%d8%b3%d9%8a%d8%a7%d8%b1%d8%a7%d8%aa-%d9%81%d8%b1%d8%a7%d9%85%d8%a8%d9%88%d8%b2","status":"publish","type":"product","link":"https:\/\/sella-industrie.com\/fr_fr\/produit\/parfum-voiture-framboise-credit-card-%d8%b9%d8%b7%d8%b1-%d8%a7%d9%84%d8%b3%d9%8a%d8%a7%d8%b1%d8%a7%d8%aa-%d9%81%d8%b1%d8%a7%d9%85%d8%a8%d9%88%d8%b2\/","title":{"rendered":"Parfum voiture FRAMBOISE"},"content":{"rendered":"<h2 style=\"text-align: center;\">Parfum voiture FRAMBOISE \u0639\u0637\u0631 \u0627\u0644\u0633\u064a\u0627\u0631\u0627\u062a \u0641\u0631\u0645\u0628\u0648\u0627\u0632<\/h2>\n<p data-start=\"419\" data-end=\"587\"><strong>Parfum voiture FRAMBOISE<\/strong>, CREDIT CARD, format carte cr\u00e9dit. Senteur fruit\u00e9e, gourmande et <a href=\"https:\/\/sella-industrie.com\/fr_fr\/produit\/fraise-parfum-automobile-x-black\/\">p\u00e9tillante<\/a> pour habitacle. Parfum automobile discret, diffusion durable et fra\u00eecheur sucr\u00e9e. Inspir\u00e9 de la framboise sucr\u00e9e et juteuse, il apporte une sensation <a href=\"https:\/\/www.facebook.com\/V6accessoiresauto?mibextid=wwXIfr&amp;rdid=07l1PwXhFBuWBfmW&amp;share_url=https%3A%2F%2Fwww.facebook.com%2Fshare%2F169W2vbviz%2F%3Fmibextid%3DwwXIfr#\" target=\"_blank\" rel=\"noopener\">fra\u00eeche<\/a> et joyeuse \u00e0 chaque trajet, tout en restant discret et \u00e9l\u00e9gant. Il s\u2019int\u00e8gre parfaitement dans tous les habitacles sans g\u00eaner la visibilit\u00e9. Une Touche Fruit\u00e9 Gourmande Pour Votre Habitacle. Sensation de fra\u00eecheur fruit\u00e9e, sucr\u00e9e et p\u00e9tillante \u00e0 votre v\u00e9hicule. Inspir\u00e9 de la framboise juteuse et gourmande, ce d\u00e9sodorisant auto diffuse une fragrance joyeuse et raffin\u00e9e qui transforme chaque trajet en un moment agr\u00e9able. Pens\u00e9 pour les conducteurs recherchant une senteur fruit\u00e9e \u00e9l\u00e9gante, ce parfum voiture framboise offre une diffusion durable tout en restant discret dans l\u2019habitacle. Sa fragrance offre : notes de framboise sucr\u00e9e et juteuse, fra\u00eecheur fruit\u00e9e l\u00e9g\u00e8re et agr\u00e9able, sensation gourmande et p\u00e9tillante, ambiance joyeuse et moderne. Parfait pour ceux qui aiment les senteurs fruit\u00e9es \u00e9quilibr\u00e9es et raffin\u00e9es.<\/p>\n<p style=\"text-align: right;\" data-start=\"419\" data-end=\"587\"><strong>\u0639\u0637\u0631 \u0627\u0644\u0633\u064a\u0627\u0631\u0627\u062a \u0641\u0631\u0645\u0628\u0648\u0627\u0632 \u0643\u0631\u064a\u062f\u064a\u062a \u0643\u0627\u0631\u062f<\/strong>\u060c \u0628\u062d\u062c\u0645 \u0628\u0637\u0627\u0642\u0629 \u0627\u0644\u0627\u0626\u062a\u0645\u0627\u0646. \u0631\u0627\u0626\u062d\u0629 \u0641\u0627\u0643\u0647\u064a\u0629 \u0634\u0647\u064a\u0629 \u0648\u0645\u0646\u0639\u0634\u0629 \u0644\u0633\u064a\u0627\u0631\u062a\u0643. \u0645\u0639\u0637\u0631 \u062c\u0648 \u0623\u0646\u064a\u0642 \u064a\u062f\u0648\u0645 \u0637\u0648\u064a\u0644\u0627\u064b \u0628\u0631\u0627\u0626\u062d\u0629 \u062d\u0644\u0648\u0629 \u0648\u0645\u0646\u0639\u0634\u0629. \u0645\u0633\u062a\u0648\u062d\u0649 \u0645\u0646 \u0627\u0644\u062a\u0648\u062a \u0627\u0644\u062d\u0644\u0648 \u0648\u0627\u0644\u0639\u0635\u064a\u0631\u060c \u064a\u0636\u0641\u064a \u0634\u0639\u0648\u0631\u064b\u0627 \u0628\u0627\u0644\u0627\u0646\u062a\u0639\u0627\u0634 \u0648\u0627\u0644\u0628\u0647\u062c\u0629 \u0639\u0644\u0649 \u0643\u0644 \u0631\u062d\u0644\u0629\u060c \u0645\u0639 \u0627\u0644\u062d\u0641\u0627\u0638 \u0639\u0644\u0649 \u062a\u0635\u0645\u064a\u0645\u0647 \u0627\u0644\u0623\u0646\u064a\u0642 \u0648\u0627\u0644\u0628\u0633\u064a\u0637. \u064a\u0646\u062f\u0645\u062c \u0628\u0633\u0644\u0627\u0633\u0629 \u0645\u0639 \u0623\u064a \u062a\u0635\u0645\u064a\u0645 \u062f\u0627\u062e\u0644\u064a \u0644\u0644\u0633\u064a\u0627\u0631\u0629 \u062f\u0648\u0646 \u0623\u0646 \u064a\u062d\u062c\u0628 \u0627\u0644\u0631\u0624\u064a\u0629. \u0644\u0645\u0633\u0629 \u0641\u0627\u0643\u0647\u064a\u0629 \u0641\u0627\u062e\u0631\u0629 \u0644\u0633\u064a\u0627\u0631\u062a\u0643. \u064a\u0636\u0641\u064a \u0634\u0639\u0648\u0631\u064b\u0627 \u0628\u0627\u0644\u0627\u0646\u062a\u0639\u0627\u0634 \u0627\u0644\u0641\u0627\u0643\u0647\u064a \u0627\u0644\u062d\u0644\u0648 \u0648\u0627\u0644\u0646\u0627\u0639\u0645 \u0639\u0644\u0649 \u0633\u064a\u0627\u0631\u062a\u0643. \u0645\u0633\u062a\u0648\u062d\u0649 \u0645\u0646 \u0627\u0644\u062a\u0648\u062a \u0627\u0644\u0639\u0635\u064a\u0631 \u0648\u0627\u0644\u0641\u0627\u062e\u0631\u060c \u064a\u0646\u0634\u0631 \u0647\u0630\u0627 \u0627\u0644\u0645\u0639\u0637\u0631 \u0631\u0627\u0626\u062d\u0629 \u0645\u0628\u0647\u062c\u0629 \u0648\u0631\u0627\u0642\u064a\u0629 \u062a\u062d\u0648\u0644 \u0643\u0644 \u0631\u062d\u0644\u0629 \u0625\u0644\u0649 \u0644\u062d\u0638\u0629 \u0645\u0645\u062a\u0639\u0629. \u0635\u064f\u0645\u0645 \u0647\u0630\u0627 \u0627\u0644\u0645\u0639\u0637\u0631 \u062e\u0635\u064a\u0635\u064b\u0627 \u0644\u0644\u0633\u0627\u0626\u0642\u064a\u0646 \u0627\u0644\u0630\u064a\u0646 \u064a\u0628\u062d\u062b\u0648\u0646 \u0639\u0646 \u0631\u0627\u0626\u062d\u0629 \u0641\u0627\u0643\u0647\u064a\u0629 \u0623\u0646\u064a\u0642\u0629\u060c \u0641\u0647\u0648 \u064a\u0648\u0641\u0631 \u0631\u0627\u0626\u062d\u0629 \u062a\u062f\u0648\u0645 \u0637\u0648\u064a\u0644\u0627\u064b \u0645\u0639 \u0627\u0644\u062d\u0641\u0627\u0638 \u0639\u0644\u0649 \u062a\u0635\u0645\u064a\u0645\u0647 \u0627\u0644\u0628\u0633\u064a\u0637 \u062f\u0627\u062e\u0644 \u0627\u0644\u0633\u064a\u0627\u0631\u0629. \u064a\u062a\u0645\u064a\u0632 \u0647\u0630\u0627 \u0627\u0644\u0639\u0637\u0631 \u0628\u0646\u0641\u062d\u0627\u062a \u0645\u0646 \u0627\u0644\u062a\u0648\u062a \u0627\u0644\u062d\u0644\u0648 \u0648\u0627\u0644\u0639\u0635\u064a\u0631\u064a\u060c \u0648\u0627\u0646\u062a\u0639\u0627\u0634 \u0641\u0627\u0643\u0647\u064a \u062e\u0641\u064a\u0641 \u0648\u0644\u0637\u064a\u0641\u060c \u0648\u0625\u062d\u0633\u0627\u0633 \u0634\u0647\u064a \u0648\u0645\u062a\u0623\u0644\u0642\u060c \u0648\u062c\u0648 \u0645\u0628\u0647\u062c \u0648\u0639\u0635\u0631\u064a. \u0645\u062b\u0627\u0644\u064a \u0644\u0645\u062d\u0628\u064a \u0627\u0644\u0639\u0637\u0648\u0631 \u0627\u0644\u0641\u0627\u0643\u0647\u064a\u0629 \u0627\u0644\u0645\u062a\u0648\u0627\u0632\u0646\u0629 \u0648\u0627\u0644\u0631\u0627\u0642\u064a\u0629<\/p>\n<p><iframe loading=\"lazy\" title=\"Credit Card\" width=\"500\" height=\"281\" src=\"https:\/\/www.youtube.com\/embed\/wNi_VcBV8wI?feature=oembed\" frameborder=\"0\" allow=\"accelerometer; autoplay; clipboard-write; encrypted-media; gyroscope; picture-in-picture; web-share\" referrerpolicy=\"strict-origin-when-cross-origin\" allowfullscreen><\/iframe><\/p>\n<p>&nbsp;<\/p>\n<p>&nbsp;<\/p>\n","protected":false},"excerpt":{"rendered":"<h1 style=\"text-align: center;\">\u0639\u0637\u0631 \u0627\u0644\u0633\u064a\u0627\u0631\u0627\u062a \u0641\u0631\u0645\u0628\u0648\u0627\u0632<\/h1>\n<p><strong>Parfum voiture FRAMBOISE<\/strong>, CREDIT CARD, format carte cr\u00e9dit. Senteur fruit\u00e9e, gourmande et <a href=\"https:\/\/sella-industrie.com\/fr_fr\/produit\/fraise-parfum-automobile-x-black\/\">p\u00e9tillante<\/a> pour habitacle. Parfum automobile discret, diffusion durable et fra\u00eecheur sucr\u00e9e. Inspir\u00e9 de la framboise sucr\u00e9e et juteuse, il apporte une sensation <a href=\"https:\/\/www.facebook.com\/V6accessoiresauto?mibextid=wwXIfr&amp;rdid=07l1PwXhFBuWBfmW&amp;share_url=https%3A%2F%2Fwww.facebook.com%2Fshare%2F169W2vbviz%2F%3Fmibextid%3DwwXIfr#\">fra\u00eeche<\/a> et joyeuse \u00e0 chaque trajet, tout en restant discret et \u00e9l\u00e9gant.<\/p>\n","protected":false},"featured_media":38300,"comment_status":"open","ping_status":"closed","template":"","meta":[],"product_brand":[293,292],"product_cat":[922],"product_tag":[],"class_list":{"0":"post-33889","1":"product","2":"type-product","3":"status-publish","4":"has-post-thumbnail","6":"product_brand-sella","7":"product_brand-v6","8":"product_cat-credit-card","10":"first","11":"instock","12":"taxable","13":"shipping-taxable","14":"purchasable","15":"product-type-simple"},"yoast_head":"<!-- This site is optimized with the Yoast SEO Premium plugin v27.1 (Yoast SEO v27.4) - https:\/\/yoast.com\/product\/yoast-seo-premium-wordpress\/ -->\n<title>Parfum voiture FRAMBOISE - Boutique &quot;V6&quot;<\/title>\n<meta name=\"description\" content=\"parfum voiture Framboise Credit Card : fruit\u00e9 et gourmand au format carte, diffusant une senteur sucr\u00e9e et fra\u00eeche pour un habitacle joyeux et raffin\u00e9.\" \/>\n<meta name=\"robots\" content=\"index, follow, max-snippet:-1, max-image-preview:large, max-video-preview:-1\" \/>\n<link rel=\"canonical\" href=\"https:\/\/sella-industrie.com\/fr_fr\/produit\/parfum-voiture-framboise-credit-card-\u0639\u0637\u0631-\u0627\u0644\u0633\u064a\u0627\u0631\u0627\u062a-\u0641\u0631\u0627\u0645\u0628\u0648\u0632\/\" \/>\n<meta property=\"og:locale\" content=\"fr_FR\" \/>\n<meta property=\"og:type\" content=\"article\" \/>\n<meta property=\"og:title\" content=\"Parfum voiture FRAMBOISE\" \/>\n<meta property=\"og:description\" content=\"parfum voiture Framboise Credit Card : fruit\u00e9 et gourmand au format carte, diffusant une senteur sucr\u00e9e et fra\u00eeche pour un habitacle joyeux et raffin\u00e9.\" \/>\n<meta property=\"og:url\" content=\"https:\/\/sella-industrie.com\/fr_fr\/produit\/parfum-voiture-framboise-credit-card-\u0639\u0637\u0631-\u0627\u0644\u0633\u064a\u0627\u0631\u0627\u062a-\u0641\u0631\u0627\u0645\u0628\u0648\u0632\/\" \/>\n<meta property=\"og:site_name\" content=\"Boutique &quot;V6&quot;\" \/>\n<meta property=\"article:modified_time\" content=\"2026-04-15T10:01:56+00:00\" \/>\n<meta property=\"og:image\" content=\"https:\/\/sella-industrie.com\/wp-content\/uploads\/2025\/06\/FRAMBOISE-.webp\" \/>\n\t<meta property=\"og:image:width\" content=\"1000\" \/>\n\t<meta property=\"og:image:height\" content=\"1000\" \/>\n\t<meta property=\"og:image:type\" content=\"image\/webp\" \/>\n<meta name=\"twitter:card\" content=\"summary_large_image\" \/>\n<meta name=\"twitter:label1\" content=\"Prix\" \/>\n\t<meta name=\"twitter:data1\" content=\"&#x62f;.&#x62c;&nbsp;300\" \/>\n\t<meta name=\"twitter:label2\" content=\"Disponibilit\u00e9\" \/>\n\t<meta name=\"twitter:data2\" content=\"En stock\" \/>\n<script type=\"application\/ld+json\" class=\"yoast-schema-graph\">{\"@context\":\"https:\\\/\\\/schema.org\",\"@graph\":[{\"@type\":\"WebPage\",\"@id\":\"https:\\\/\\\/sella-industrie.com\\\/produit\\\/parfum-voiture-framboise-credit-card-%d8%b9%d8%b7%d8%b1-%d8%a7%d9%84%d8%b3%d9%8a%d8%a7%d8%b1%d8%a7%d8%aa-%d9%81%d8%b1%d8%a7%d9%85%d8%a8%d9%88%d8%b2\\\/\",\"url\":\"https:\\\/\\\/sella-industrie.com\\\/produit\\\/parfum-voiture-framboise-credit-card-%d8%b9%d8%b7%d8%b1-%d8%a7%d9%84%d8%b3%d9%8a%d8%a7%d8%b1%d8%a7%d8%aa-%d9%81%d8%b1%d8%a7%d9%85%d8%a8%d9%88%d8%b2\\\/\",\"name\":\"Parfum voiture FRAMBOISE - Boutique &quot;V6&quot;\",\"isPartOf\":{\"@id\":\"https:\\\/\\\/sella-industrie.com\\\/#website\"},\"primaryImageOfPage\":{\"@id\":\"https:\\\/\\\/sella-industrie.com\\\/produit\\\/parfum-voiture-framboise-credit-card-%d8%b9%d8%b7%d8%b1-%d8%a7%d9%84%d8%b3%d9%8a%d8%a7%d8%b1%d8%a7%d8%aa-%d9%81%d8%b1%d8%a7%d9%85%d8%a8%d9%88%d8%b2\\\/#primaryimage\"},\"image\":{\"@id\":\"https:\\\/\\\/sella-industrie.com\\\/produit\\\/parfum-voiture-framboise-credit-card-%d8%b9%d8%b7%d8%b1-%d8%a7%d9%84%d8%b3%d9%8a%d8%a7%d8%b1%d8%a7%d8%aa-%d9%81%d8%b1%d8%a7%d9%85%d8%a8%d9%88%d8%b2\\\/#primaryimage\"},\"thumbnailUrl\":\"https:\\\/\\\/sella-industrie.com\\\/wp-content\\\/uploads\\\/2025\\\/06\\\/FRAMBOISE-.webp\",\"datePublished\":\"2025-06-24T15:28:24+00:00\",\"dateModified\":\"2026-04-15T10:01:56+00:00\",\"description\":\"parfum voiture Framboise Credit Card : fruit\u00e9 et gourmand au format carte, diffusant une senteur sucr\u00e9e et fra\u00eeche pour un habitacle joyeux et raffin\u00e9.\",\"breadcrumb\":{\"@id\":\"https:\\\/\\\/sella-industrie.com\\\/produit\\\/parfum-voiture-framboise-credit-card-%d8%b9%d8%b7%d8%b1-%d8%a7%d9%84%d8%b3%d9%8a%d8%a7%d8%b1%d8%a7%d8%aa-%d9%81%d8%b1%d8%a7%d9%85%d8%a8%d9%88%d8%b2\\\/#breadcrumb\"},\"inLanguage\":\"fr-FR\",\"potentialAction\":[{\"@type\":\"ReadAction\",\"target\":[\"https:\\\/\\\/sella-industrie.com\\\/produit\\\/parfum-voiture-framboise-credit-card-%d8%b9%d8%b7%d8%b1-%d8%a7%d9%84%d8%b3%d9%8a%d8%a7%d8%b1%d8%a7%d8%aa-%d9%81%d8%b1%d8%a7%d9%85%d8%a8%d9%88%d8%b2\\\/\"]}]},{\"@type\":\"ImageObject\",\"inLanguage\":\"fr-FR\",\"@id\":\"https:\\\/\\\/sella-industrie.com\\\/produit\\\/parfum-voiture-framboise-credit-card-%d8%b9%d8%b7%d8%b1-%d8%a7%d9%84%d8%b3%d9%8a%d8%a7%d8%b1%d8%a7%d8%aa-%d9%81%d8%b1%d8%a7%d9%85%d8%a8%d9%88%d8%b2\\\/#primaryimage\",\"url\":\"https:\\\/\\\/sella-industrie.com\\\/wp-content\\\/uploads\\\/2025\\\/06\\\/FRAMBOISE-.webp\",\"contentUrl\":\"https:\\\/\\\/sella-industrie.com\\\/wp-content\\\/uploads\\\/2025\\\/06\\\/FRAMBOISE-.webp\",\"width\":1000,\"height\":1000,\"caption\":\"parfum voiture framboise\"},{\"@type\":\"BreadcrumbList\",\"@id\":\"https:\\\/\\\/sella-industrie.com\\\/produit\\\/parfum-voiture-framboise-credit-card-%d8%b9%d8%b7%d8%b1-%d8%a7%d9%84%d8%b3%d9%8a%d8%a7%d8%b1%d8%a7%d8%aa-%d9%81%d8%b1%d8%a7%d9%85%d8%a8%d9%88%d8%b2\\\/#breadcrumb\",\"itemListElement\":[{\"@type\":\"ListItem\",\"position\":1,\"name\":\"Accueil\",\"item\":\"https:\\\/\\\/sella-industrie.com\\\/fr_fr\\\/\"},{\"@type\":\"ListItem\",\"position\":2,\"name\":\"Shop\",\"item\":\"https:\\\/\\\/sella-industrie.com\\\/fr_fr\\\/shop\\\/\"},{\"@type\":\"ListItem\",\"position\":3,\"name\":\"CREDIT CARD\",\"item\":\"https:\\\/\\\/sella-industrie.com\\\/categorie-produit\\\/credit-card\\\/\"},{\"@type\":\"ListItem\",\"position\":4,\"name\":\"Parfum voiture FRAMBOISE\"}]},{\"@type\":\"WebSite\",\"@id\":\"https:\\\/\\\/sella-industrie.com\\\/#website\",\"url\":\"https:\\\/\\\/sella-industrie.com\\\/\",\"name\":\"Boutique &quot;V6&quot;\",\"description\":\"We care for your car\",\"publisher\":{\"@id\":\"https:\\\/\\\/sella-industrie.com\\\/#organization\"},\"potentialAction\":[{\"@type\":\"SearchAction\",\"target\":{\"@type\":\"EntryPoint\",\"urlTemplate\":\"https:\\\/\\\/sella-industrie.com\\\/?s={search_term_string}\"},\"query-input\":{\"@type\":\"PropertyValueSpecification\",\"valueRequired\":true,\"valueName\":\"search_term_string\"}}],\"inLanguage\":\"fr-FR\"},{\"@type\":\"Organization\",\"@id\":\"https:\\\/\\\/sella-industrie.com\\\/#organization\",\"name\":\"Boutique &quot;V6&quot;\",\"url\":\"https:\\\/\\\/sella-industrie.com\\\/\",\"logo\":{\"@type\":\"ImageObject\",\"inLanguage\":\"fr-FR\",\"@id\":\"https:\\\/\\\/sella-industrie.com\\\/#\\\/schema\\\/logo\\\/image\\\/\",\"url\":\"\",\"contentUrl\":\"\",\"caption\":\"Boutique &quot;V6&quot;\"},\"image\":{\"@id\":\"https:\\\/\\\/sella-industrie.com\\\/#\\\/schema\\\/logo\\\/image\\\/\"}}]}<\/script>\n<meta property=\"product:price:amount\" content=\"300\" \/>\n<meta property=\"product:price:currency\" content=\"DZD\" \/>\n<meta property=\"og:availability\" content=\"instock\" \/>\n<meta property=\"product:availability\" content=\"instock\" \/>\n<meta property=\"product:condition\" content=\"new\" \/>\n<!-- \/ Yoast SEO Premium plugin. -->","yoast_head_json":{"title":"Parfum voiture FRAMBOISE - Boutique &quot;V6&quot;","description":"parfum voiture Framboise Credit Card : fruit\u00e9 et gourmand au format carte, diffusant une senteur sucr\u00e9e et fra\u00eeche pour un habitacle joyeux et raffin\u00e9.","robots":{"index":"index","follow":"follow","max-snippet":"max-snippet:-1","max-image-preview":"max-image-preview:large","max-video-preview":"max-video-preview:-1"},"canonical":"https:\/\/sella-industrie.com\/fr_fr\/produit\/parfum-voiture-framboise-credit-card-\u0639\u0637\u0631-\u0627\u0644\u0633\u064a\u0627\u0631\u0627\u062a-\u0641\u0631\u0627\u0645\u0628\u0648\u0632\/","og_locale":"fr_FR","og_type":"article","og_title":"Parfum voiture FRAMBOISE","og_description":"parfum voiture Framboise Credit Card : fruit\u00e9 et gourmand au format carte, diffusant une senteur sucr\u00e9e et fra\u00eeche pour un habitacle joyeux et raffin\u00e9.","og_url":"https:\/\/sella-industrie.com\/fr_fr\/produit\/parfum-voiture-framboise-credit-card-\u0639\u0637\u0631-\u0627\u0644\u0633\u064a\u0627\u0631\u0627\u062a-\u0641\u0631\u0627\u0645\u0628\u0648\u0632\/","og_site_name":"Boutique &quot;V6&quot;","article_modified_time":"2026-04-15T10:01:56+00:00","og_image":[{"width":1000,"height":1000,"url":"https:\/\/sella-industrie.com\/wp-content\/uploads\/2025\/06\/FRAMBOISE-.webp","type":"image\/webp"}],"twitter_card":"summary_large_image","twitter_misc":{"Prix":"&#x62f;.&#x62c;&nbsp;300","Disponibilit\u00e9":"En stock"},"schema":{"@context":"https:\/\/schema.org","@graph":[{"@type":"WebPage","@id":"https:\/\/sella-industrie.com\/produit\/parfum-voiture-framboise-credit-card-%d8%b9%d8%b7%d8%b1-%d8%a7%d9%84%d8%b3%d9%8a%d8%a7%d8%b1%d8%a7%d8%aa-%d9%81%d8%b1%d8%a7%d9%85%d8%a8%d9%88%d8%b2\/","url":"https:\/\/sella-industrie.com\/produit\/parfum-voiture-framboise-credit-card-%d8%b9%d8%b7%d8%b1-%d8%a7%d9%84%d8%b3%d9%8a%d8%a7%d8%b1%d8%a7%d8%aa-%d9%81%d8%b1%d8%a7%d9%85%d8%a8%d9%88%d8%b2\/","name":"Parfum voiture FRAMBOISE - Boutique &quot;V6&quot;","isPartOf":{"@id":"https:\/\/sella-industrie.com\/#website"},"primaryImageOfPage":{"@id":"https:\/\/sella-industrie.com\/produit\/parfum-voiture-framboise-credit-card-%d8%b9%d8%b7%d8%b1-%d8%a7%d9%84%d8%b3%d9%8a%d8%a7%d8%b1%d8%a7%d8%aa-%d9%81%d8%b1%d8%a7%d9%85%d8%a8%d9%88%d8%b2\/#primaryimage"},"image":{"@id":"https:\/\/sella-industrie.com\/produit\/parfum-voiture-framboise-credit-card-%d8%b9%d8%b7%d8%b1-%d8%a7%d9%84%d8%b3%d9%8a%d8%a7%d8%b1%d8%a7%d8%aa-%d9%81%d8%b1%d8%a7%d9%85%d8%a8%d9%88%d8%b2\/#primaryimage"},"thumbnailUrl":"https:\/\/sella-industrie.com\/wp-content\/uploads\/2025\/06\/FRAMBOISE-.webp","datePublished":"2025-06-24T15:28:24+00:00","dateModified":"2026-04-15T10:01:56+00:00","description":"parfum voiture Framboise Credit Card : fruit\u00e9 et gourmand au format carte, diffusant une senteur sucr\u00e9e et fra\u00eeche pour un habitacle joyeux et raffin\u00e9.","breadcrumb":{"@id":"https:\/\/sella-industrie.com\/produit\/parfum-voiture-framboise-credit-card-%d8%b9%d8%b7%d8%b1-%d8%a7%d9%84%d8%b3%d9%8a%d8%a7%d8%b1%d8%a7%d8%aa-%d9%81%d8%b1%d8%a7%d9%85%d8%a8%d9%88%d8%b2\/#breadcrumb"},"inLanguage":"fr-FR","potentialAction":[{"@type":"ReadAction","target":["https:\/\/sella-industrie.com\/produit\/parfum-voiture-framboise-credit-card-%d8%b9%d8%b7%d8%b1-%d8%a7%d9%84%d8%b3%d9%8a%d8%a7%d8%b1%d8%a7%d8%aa-%d9%81%d8%b1%d8%a7%d9%85%d8%a8%d9%88%d8%b2\/"]}]},{"@type":"ImageObject","inLanguage":"fr-FR","@id":"https:\/\/sella-industrie.com\/produit\/parfum-voiture-framboise-credit-card-%d8%b9%d8%b7%d8%b1-%d8%a7%d9%84%d8%b3%d9%8a%d8%a7%d8%b1%d8%a7%d8%aa-%d9%81%d8%b1%d8%a7%d9%85%d8%a8%d9%88%d8%b2\/#primaryimage","url":"https:\/\/sella-industrie.com\/wp-content\/uploads\/2025\/06\/FRAMBOISE-.webp","contentUrl":"https:\/\/sella-industrie.com\/wp-content\/uploads\/2025\/06\/FRAMBOISE-.webp","width":1000,"height":1000,"caption":"parfum voiture framboise"},{"@type":"BreadcrumbList","@id":"https:\/\/sella-industrie.com\/produit\/parfum-voiture-framboise-credit-card-%d8%b9%d8%b7%d8%b1-%d8%a7%d9%84%d8%b3%d9%8a%d8%a7%d8%b1%d8%a7%d8%aa-%d9%81%d8%b1%d8%a7%d9%85%d8%a8%d9%88%d8%b2\/#breadcrumb","itemListElement":[{"@type":"ListItem","position":1,"name":"Accueil","item":"https:\/\/sella-industrie.com\/fr_fr\/"},{"@type":"ListItem","position":2,"name":"Shop","item":"https:\/\/sella-industrie.com\/fr_fr\/shop\/"},{"@type":"ListItem","position":3,"name":"CREDIT CARD","item":"https:\/\/sella-industrie.com\/categorie-produit\/credit-card\/"},{"@type":"ListItem","position":4,"name":"Parfum voiture FRAMBOISE"}]},{"@type":"WebSite","@id":"https:\/\/sella-industrie.com\/#website","url":"https:\/\/sella-industrie.com\/","name":"Boutique &quot;V6&quot;","description":"We care for your car","publisher":{"@id":"https:\/\/sella-industrie.com\/#organization"},"potentialAction":[{"@type":"SearchAction","target":{"@type":"EntryPoint","urlTemplate":"https:\/\/sella-industrie.com\/?s={search_term_string}"},"query-input":{"@type":"PropertyValueSpecification","valueRequired":true,"valueName":"search_term_string"}}],"inLanguage":"fr-FR"},{"@type":"Organization","@id":"https:\/\/sella-industrie.com\/#organization","name":"Boutique &quot;V6&quot;","url":"https:\/\/sella-industrie.com\/","logo":{"@type":"ImageObject","inLanguage":"fr-FR","@id":"https:\/\/sella-industrie.com\/#\/schema\/logo\/image\/","url":"","contentUrl":"","caption":"Boutique &quot;V6&quot;"},"image":{"@id":"https:\/\/sella-industrie.com\/#\/schema\/logo\/image\/"}}]},"product_price_amount":"300","product_price_currency":"DZD","og_availability":"instock","product_availability":"instock","product_condition":"new"},"_links":{"self":[{"href":"https:\/\/sella-industrie.com\/fr_fr\/wp-json\/wp\/v2\/product\/33889","targetHints":{"allow":["GET"]}}],"collection":[{"href":"https:\/\/sella-industrie.com\/fr_fr\/wp-json\/wp\/v2\/product"}],"about":[{"href":"https:\/\/sella-industrie.com\/fr_fr\/wp-json\/wp\/v2\/types\/product"}],"replies":[{"embeddable":true,"href":"https:\/\/sella-industrie.com\/fr_fr\/wp-json\/wp\/v2\/comments?post=33889"}],"wp:featuredmedia":[{"embeddable":true,"href":"https:\/\/sella-industrie.com\/fr_fr\/wp-json\/wp\/v2\/media\/38300"}],"wp:attachment":[{"href":"https:\/\/sella-industrie.com\/fr_fr\/wp-json\/wp\/v2\/media?parent=33889"}],"wp:term":[{"taxonomy":"product_brand","embeddable":true,"href":"https:\/\/sella-industrie.com\/fr_fr\/wp-json\/wp\/v2\/product_brand?post=33889"},{"taxonomy":"product_cat","embeddable":true,"href":"https:\/\/sella-industrie.com\/fr_fr\/wp-json\/wp\/v2\/product_cat?post=33889"},{"taxonomy":"product_tag","embeddable":true,"href":"https:\/\/sella-industrie.com\/fr_fr\/wp-json\/wp\/v2\/product_tag?post=33889"}],"curies":[{"name":"wp","href":"https:\/\/api.w.org\/{rel}","templated":true}]}}