{"id":33833,"date":"2025-06-24T14:22:10","date_gmt":"2025-06-24T14:22:10","guid":{"rendered":"https:\/\/sellaindustrie.com\/?post_type=product&#038;p=33833"},"modified":"2026-02-12T10:29:38","modified_gmt":"2026-02-12T10:29:38","slug":"parfum-automobile-citron-cassis-x-color","status":"publish","type":"product","link":"https:\/\/sella-industrie.com\/fr_fr\/produit\/parfum-automobile-citron-cassis-x-color\/","title":{"rendered":"Parfum automobile CITRON CASSIS"},"content":{"rendered":"<h2 style=\"text-align: center;\">Parfum automobile CITRON CASSIS, \u0644\u064a\u0645\u0648\u0646 \u0643\u0633\u064a\u0633<\/h2>\n<p>Apportez une fra\u00eecheur vive et une \u00e9nergie naturelle \u00e0 votre voiture avec le Parfum automobile <strong>CITRON CASSIS<\/strong>. Senteur fruit\u00e9e, tonique et <a href=\"https:\/\/sella-industrie.com\/fr_fr\/produit\/citron-parfum-automobile-miniature-carree\/\">longue dur\u00e9e<\/a> pour un habitacle toujours propre et <a href=\"https:\/\/www.instagram.com\/p\/DIocp9zg4J5\/\" target=\"_blank\" rel=\"noopener\">dynamique<\/a>. Le choix id\u00e9al pour ceux qui recherchent une ambiance fra\u00eeche, \u00e9nergisante et durable dans leur v\u00e9hicule. Gr\u00e2ce \u00e0 son association harmonieuse entre la vivacit\u00e9 du citron et la douceur acidul\u00e9e du cassis, il cr\u00e9e une <strong data-start=\"1011\" data-end=\"1055\">senteur fruit\u00e9e, tonique et longue dur\u00e9e<\/strong> qui transforme chaque trajet en une exp\u00e9rience agr\u00e9able.<br \/>\nCon\u00e7u pour offrir une diffusion \u00e9quilibr\u00e9e, ce parfum voiture neutralise efficacement les mauvaises odeurs tout en apportant une sensation imm\u00e9diate de propret\u00e9.<\/p>\n<p style=\"text-align: right;\"><span style=\"color: #333333; font-size: 16px;\">.<span style=\"color: #666699;\"><strong>\u0639\u0637\u0631 \u0627\u0644\u0633\u064a\u0627\u0631\u0627\u062a \u0625\u0643\u0633 \u0643\u0648\u0644\u0648\u0631 \u00ab\u00a0\u0644\u064a\u0645\u0648\u0646 \u0643\u0633\u064a\u0633\u00a0\u00bb<\/strong>\u060c<\/span> \u0627\u0646\u062a\u0639\u0627\u0634 \u0648\u0637\u0627\u0642\u0629 \u0645\u0641\u0639\u0645\u0629 \u0628\u0627\u0644\u062d\u064a\u0648\u064a\u0629<\/span><\/p>\n<p><iframe loading=\"lazy\" title=\"SELLA\" width=\"500\" height=\"281\" src=\"https:\/\/www.youtube.com\/embed\/6DPu7q3J3ls?feature=oembed\" frameborder=\"0\" allow=\"accelerometer; autoplay; clipboard-write; encrypted-media; gyroscope; picture-in-picture; web-share\" referrerpolicy=\"strict-origin-when-cross-origin\" allowfullscreen><\/iframe><\/p>\n","protected":false},"excerpt":{"rendered":"<h1 style=\"text-align: center;\">\u0644\u064a\u0645\u0648\u0646 \u0643\u0633\u064a\u0633<\/h1>\n<p>Apportez une fra\u00eecheur vive et une \u00e9nergie naturelle \u00e0 votre voiture. Parfum automobile <strong>CITRON CASSIS, <\/strong>Senteur fruit\u00e9e, tonique et longue dur\u00e9e pour un habitacle toujours propre et dynamique.<\/p>\n","protected":false},"featured_media":29960,"comment_status":"open","ping_status":"closed","template":"","meta":[],"product_brand":[293],"product_cat":[921],"product_tag":[698,703,700,309,702,701,735],"class_list":{"0":"post-33833","1":"product","2":"type-product","3":"status-publish","4":"has-post-thumbnail","6":"product_brand-sella","7":"product_cat-x-color","8":"product_tag-bubble-gum","9":"product_tag-citron-cassis","10":"product_tag-menthe","11":"product_tag-new","12":"product_tag-new-car","13":"product_tag-the-blanc","14":"product_tag-tutti-frutti","16":"first","17":"instock","18":"taxable","19":"shipping-taxable","20":"purchasable","21":"product-type-simple"},"yoast_head":"<!-- This site is optimized with the Yoast SEO plugin v27.4 - https:\/\/yoast.com\/product\/yoast-seo-wordpress\/ -->\n<title>Parfum automobile CITRON CASSIS - Boutique &quot;V6&quot;<\/title>\n<meta name=\"description\" content=\"Apportez une fra\u00eecheur vive et une \u00e9nergie naturelle \u00e0 votre voiture avec le Parfum automobile CITRON CASSIS. Senteur fruit\u00e9e, tonique et longue dur\u00e9e.\" \/>\n<meta name=\"robots\" content=\"index, follow, max-snippet:-1, max-image-preview:large, max-video-preview:-1\" \/>\n<link rel=\"canonical\" href=\"https:\/\/sella-industrie.com\/fr_fr\/produit\/parfum-automobile-citron-cassis-x-color\/\" \/>\n<meta property=\"og:locale\" content=\"fr_FR\" \/>\n<meta property=\"og:type\" content=\"article\" \/>\n<meta property=\"og:title\" content=\"Parfum automobile CITRON CASSIS - Boutique &quot;V6&quot;\" \/>\n<meta property=\"og:description\" content=\"Apportez une fra\u00eecheur vive et une \u00e9nergie naturelle \u00e0 votre voiture avec le Parfum automobile CITRON CASSIS. Senteur fruit\u00e9e, tonique et longue dur\u00e9e.\" \/>\n<meta property=\"og:url\" content=\"https:\/\/sella-industrie.com\/fr_fr\/produit\/parfum-automobile-citron-cassis-x-color\/\" \/>\n<meta property=\"og:site_name\" content=\"Boutique &quot;V6&quot;\" \/>\n<meta property=\"article:modified_time\" content=\"2026-02-12T10:29:38+00:00\" \/>\n<meta property=\"og:image\" content=\"https:\/\/sella-industrie.com\/wp-content\/uploads\/2024\/06\/CITRON-CASSIS-SCL.png\" \/>\n\t<meta property=\"og:image:width\" content=\"1000\" \/>\n\t<meta property=\"og:image:height\" content=\"1000\" \/>\n\t<meta property=\"og:image:type\" content=\"image\/png\" \/>\n<meta name=\"twitter:card\" content=\"summary_large_image\" \/>\n<meta name=\"twitter:label1\" content=\"Prix\" \/>\n\t<meta name=\"twitter:data1\" content=\"&#x62f;.&#x62c;&nbsp;300\" \/>\n\t<meta name=\"twitter:label2\" content=\"Disponibilit\u00e9\" \/>\n\t<meta name=\"twitter:data2\" content=\"En stock\" \/>\n<script type=\"application\/ld+json\" class=\"yoast-schema-graph\">{\"@context\":\"https:\\\/\\\/schema.org\",\"@graph\":[{\"@type\":\"WebPage\",\"@id\":\"https:\\\/\\\/sella-industrie.com\\\/produit\\\/parfum-automobile-citron-cassis-x-color\\\/\",\"url\":\"https:\\\/\\\/sella-industrie.com\\\/produit\\\/parfum-automobile-citron-cassis-x-color\\\/\",\"name\":\"Parfum automobile CITRON CASSIS - Boutique &quot;V6&quot;\",\"isPartOf\":{\"@id\":\"https:\\\/\\\/sella-industrie.com\\\/#website\"},\"primaryImageOfPage\":{\"@id\":\"https:\\\/\\\/sella-industrie.com\\\/produit\\\/parfum-automobile-citron-cassis-x-color\\\/#primaryimage\"},\"image\":{\"@id\":\"https:\\\/\\\/sella-industrie.com\\\/produit\\\/parfum-automobile-citron-cassis-x-color\\\/#primaryimage\"},\"thumbnailUrl\":\"https:\\\/\\\/sella-industrie.com\\\/wp-content\\\/uploads\\\/2024\\\/06\\\/CITRON-CASSIS-SCL.png\",\"datePublished\":\"2025-06-24T14:22:10+00:00\",\"dateModified\":\"2026-02-12T10:29:38+00:00\",\"description\":\"Apportez une fra\u00eecheur vive et une \u00e9nergie naturelle \u00e0 votre voiture avec le Parfum automobile CITRON CASSIS. Senteur fruit\u00e9e, tonique et longue dur\u00e9e.\",\"breadcrumb\":{\"@id\":\"https:\\\/\\\/sella-industrie.com\\\/produit\\\/parfum-automobile-citron-cassis-x-color\\\/#breadcrumb\"},\"inLanguage\":\"fr-FR\",\"potentialAction\":[{\"@type\":\"ReadAction\",\"target\":[\"https:\\\/\\\/sella-industrie.com\\\/produit\\\/parfum-automobile-citron-cassis-x-color\\\/\"]}]},{\"@type\":\"ImageObject\",\"inLanguage\":\"fr-FR\",\"@id\":\"https:\\\/\\\/sella-industrie.com\\\/produit\\\/parfum-automobile-citron-cassis-x-color\\\/#primaryimage\",\"url\":\"https:\\\/\\\/sella-industrie.com\\\/wp-content\\\/uploads\\\/2024\\\/06\\\/CITRON-CASSIS-SCL.png\",\"contentUrl\":\"https:\\\/\\\/sella-industrie.com\\\/wp-content\\\/uploads\\\/2024\\\/06\\\/CITRON-CASSIS-SCL.png\",\"width\":1000,\"height\":1000,\"caption\":\"Parfum automobile CITRON CASSIS\"},{\"@type\":\"BreadcrumbList\",\"@id\":\"https:\\\/\\\/sella-industrie.com\\\/produit\\\/parfum-automobile-citron-cassis-x-color\\\/#breadcrumb\",\"itemListElement\":[{\"@type\":\"ListItem\",\"position\":1,\"name\":\"Accueil\",\"item\":\"https:\\\/\\\/sella-industrie.com\\\/fr_fr\\\/\"},{\"@type\":\"ListItem\",\"position\":2,\"name\":\"Shop\",\"item\":\"https:\\\/\\\/sella-industrie.com\\\/fr_fr\\\/shop\\\/\"},{\"@type\":\"ListItem\",\"position\":3,\"name\":\"X COLOR\",\"item\":\"https:\\\/\\\/sella-industrie.com\\\/categorie-produit\\\/x-color\\\/\"},{\"@type\":\"ListItem\",\"position\":4,\"name\":\"Parfum automobile CITRON CASSIS\"}]},{\"@type\":\"WebSite\",\"@id\":\"https:\\\/\\\/sella-industrie.com\\\/#website\",\"url\":\"https:\\\/\\\/sella-industrie.com\\\/\",\"name\":\"Boutique &quot;V6&quot;\",\"description\":\"We care for your car\",\"publisher\":{\"@id\":\"https:\\\/\\\/sella-industrie.com\\\/#organization\"},\"potentialAction\":[{\"@type\":\"SearchAction\",\"target\":{\"@type\":\"EntryPoint\",\"urlTemplate\":\"https:\\\/\\\/sella-industrie.com\\\/?s={search_term_string}\"},\"query-input\":{\"@type\":\"PropertyValueSpecification\",\"valueRequired\":true,\"valueName\":\"search_term_string\"}}],\"inLanguage\":\"fr-FR\"},{\"@type\":\"Organization\",\"@id\":\"https:\\\/\\\/sella-industrie.com\\\/#organization\",\"name\":\"Boutique &quot;V6&quot;\",\"url\":\"https:\\\/\\\/sella-industrie.com\\\/\",\"logo\":{\"@type\":\"ImageObject\",\"inLanguage\":\"fr-FR\",\"@id\":\"https:\\\/\\\/sella-industrie.com\\\/#\\\/schema\\\/logo\\\/image\\\/\",\"url\":\"\",\"contentUrl\":\"\",\"caption\":\"Boutique &quot;V6&quot;\"},\"image\":{\"@id\":\"https:\\\/\\\/sella-industrie.com\\\/#\\\/schema\\\/logo\\\/image\\\/\"}}]}<\/script>\n<meta property=\"product:price:amount\" content=\"300\" \/>\n<meta property=\"product:price:currency\" content=\"DZD\" \/>\n<meta property=\"og:availability\" content=\"instock\" \/>\n<meta property=\"product:availability\" content=\"instock\" \/>\n<meta property=\"product:condition\" content=\"new\" \/>\n<!-- \/ Yoast SEO plugin. -->","yoast_head_json":{"title":"Parfum automobile CITRON CASSIS - Boutique &quot;V6&quot;","description":"Apportez une fra\u00eecheur vive et une \u00e9nergie naturelle \u00e0 votre voiture avec le Parfum automobile CITRON CASSIS. Senteur fruit\u00e9e, tonique et longue dur\u00e9e.","robots":{"index":"index","follow":"follow","max-snippet":"max-snippet:-1","max-image-preview":"max-image-preview:large","max-video-preview":"max-video-preview:-1"},"canonical":"https:\/\/sella-industrie.com\/fr_fr\/produit\/parfum-automobile-citron-cassis-x-color\/","og_locale":"fr_FR","og_type":"article","og_title":"Parfum automobile CITRON CASSIS - Boutique &quot;V6&quot;","og_description":"Apportez une fra\u00eecheur vive et une \u00e9nergie naturelle \u00e0 votre voiture avec le Parfum automobile CITRON CASSIS. Senteur fruit\u00e9e, tonique et longue dur\u00e9e.","og_url":"https:\/\/sella-industrie.com\/fr_fr\/produit\/parfum-automobile-citron-cassis-x-color\/","og_site_name":"Boutique &quot;V6&quot;","article_modified_time":"2026-02-12T10:29:38+00:00","og_image":[{"width":1000,"height":1000,"url":"https:\/\/sella-industrie.com\/wp-content\/uploads\/2024\/06\/CITRON-CASSIS-SCL.png","type":"image\/png"}],"twitter_card":"summary_large_image","twitter_misc":{"Prix":"&#x62f;.&#x62c;&nbsp;300","Disponibilit\u00e9":"En stock"},"schema":{"@context":"https:\/\/schema.org","@graph":[{"@type":"WebPage","@id":"https:\/\/sella-industrie.com\/produit\/parfum-automobile-citron-cassis-x-color\/","url":"https:\/\/sella-industrie.com\/produit\/parfum-automobile-citron-cassis-x-color\/","name":"Parfum automobile CITRON CASSIS - Boutique &quot;V6&quot;","isPartOf":{"@id":"https:\/\/sella-industrie.com\/#website"},"primaryImageOfPage":{"@id":"https:\/\/sella-industrie.com\/produit\/parfum-automobile-citron-cassis-x-color\/#primaryimage"},"image":{"@id":"https:\/\/sella-industrie.com\/produit\/parfum-automobile-citron-cassis-x-color\/#primaryimage"},"thumbnailUrl":"https:\/\/sella-industrie.com\/wp-content\/uploads\/2024\/06\/CITRON-CASSIS-SCL.png","datePublished":"2025-06-24T14:22:10+00:00","dateModified":"2026-02-12T10:29:38+00:00","description":"Apportez une fra\u00eecheur vive et une \u00e9nergie naturelle \u00e0 votre voiture avec le Parfum automobile CITRON CASSIS. Senteur fruit\u00e9e, tonique et longue dur\u00e9e.","breadcrumb":{"@id":"https:\/\/sella-industrie.com\/produit\/parfum-automobile-citron-cassis-x-color\/#breadcrumb"},"inLanguage":"fr-FR","potentialAction":[{"@type":"ReadAction","target":["https:\/\/sella-industrie.com\/produit\/parfum-automobile-citron-cassis-x-color\/"]}]},{"@type":"ImageObject","inLanguage":"fr-FR","@id":"https:\/\/sella-industrie.com\/produit\/parfum-automobile-citron-cassis-x-color\/#primaryimage","url":"https:\/\/sella-industrie.com\/wp-content\/uploads\/2024\/06\/CITRON-CASSIS-SCL.png","contentUrl":"https:\/\/sella-industrie.com\/wp-content\/uploads\/2024\/06\/CITRON-CASSIS-SCL.png","width":1000,"height":1000,"caption":"Parfum automobile CITRON CASSIS"},{"@type":"BreadcrumbList","@id":"https:\/\/sella-industrie.com\/produit\/parfum-automobile-citron-cassis-x-color\/#breadcrumb","itemListElement":[{"@type":"ListItem","position":1,"name":"Accueil","item":"https:\/\/sella-industrie.com\/fr_fr\/"},{"@type":"ListItem","position":2,"name":"Shop","item":"https:\/\/sella-industrie.com\/fr_fr\/shop\/"},{"@type":"ListItem","position":3,"name":"X COLOR","item":"https:\/\/sella-industrie.com\/categorie-produit\/x-color\/"},{"@type":"ListItem","position":4,"name":"Parfum automobile CITRON CASSIS"}]},{"@type":"WebSite","@id":"https:\/\/sella-industrie.com\/#website","url":"https:\/\/sella-industrie.com\/","name":"Boutique &quot;V6&quot;","description":"We care for your car","publisher":{"@id":"https:\/\/sella-industrie.com\/#organization"},"potentialAction":[{"@type":"SearchAction","target":{"@type":"EntryPoint","urlTemplate":"https:\/\/sella-industrie.com\/?s={search_term_string}"},"query-input":{"@type":"PropertyValueSpecification","valueRequired":true,"valueName":"search_term_string"}}],"inLanguage":"fr-FR"},{"@type":"Organization","@id":"https:\/\/sella-industrie.com\/#organization","name":"Boutique &quot;V6&quot;","url":"https:\/\/sella-industrie.com\/","logo":{"@type":"ImageObject","inLanguage":"fr-FR","@id":"https:\/\/sella-industrie.com\/#\/schema\/logo\/image\/","url":"","contentUrl":"","caption":"Boutique &quot;V6&quot;"},"image":{"@id":"https:\/\/sella-industrie.com\/#\/schema\/logo\/image\/"}}]},"product_price_amount":"300","product_price_currency":"DZD","og_availability":"instock","product_availability":"instock","product_condition":"new"},"_links":{"self":[{"href":"https:\/\/sella-industrie.com\/fr_fr\/wp-json\/wp\/v2\/product\/33833","targetHints":{"allow":["GET"]}}],"collection":[{"href":"https:\/\/sella-industrie.com\/fr_fr\/wp-json\/wp\/v2\/product"}],"about":[{"href":"https:\/\/sella-industrie.com\/fr_fr\/wp-json\/wp\/v2\/types\/product"}],"replies":[{"embeddable":true,"href":"https:\/\/sella-industrie.com\/fr_fr\/wp-json\/wp\/v2\/comments?post=33833"}],"wp:featuredmedia":[{"embeddable":true,"href":"https:\/\/sella-industrie.com\/fr_fr\/wp-json\/wp\/v2\/media\/29960"}],"wp:attachment":[{"href":"https:\/\/sella-industrie.com\/fr_fr\/wp-json\/wp\/v2\/media?parent=33833"}],"wp:term":[{"taxonomy":"product_brand","embeddable":true,"href":"https:\/\/sella-industrie.com\/fr_fr\/wp-json\/wp\/v2\/product_brand?post=33833"},{"taxonomy":"product_cat","embeddable":true,"href":"https:\/\/sella-industrie.com\/fr_fr\/wp-json\/wp\/v2\/product_cat?post=33833"},{"taxonomy":"product_tag","embeddable":true,"href":"https:\/\/sella-industrie.com\/fr_fr\/wp-json\/wp\/v2\/product_tag?post=33833"}],"curies":[{"name":"wp","href":"https:\/\/api.w.org\/{rel}","templated":true}]}}