{"id":33809,"date":"2025-06-24T14:05:03","date_gmt":"2025-06-24T14:05:03","guid":{"rendered":"https:\/\/sellaindustrie.com\/?post_type=product&#038;p=33809"},"modified":"2026-04-15T13:15:47","modified_gmt":"2026-04-15T13:15:47","slug":"parfum-voiture-new-car-x-color-series-oregon-dynamique-%d8%b9%d8%b7%d8%b1-%d8%a7%d9%84%d8%b3%d9%8a%d8%a7%d8%b1%d8%a7%d8%aa-%d9%86%d9%8a%d9%88%d9%83%d8%a7%d8%b1","status":"publish","type":"product","link":"https:\/\/sella-industrie.com\/fr_fr\/produit\/parfum-voiture-new-car-x-color-series-oregon-dynamique-%d8%b9%d8%b7%d8%b1-%d8%a7%d9%84%d8%b3%d9%8a%d8%a7%d8%b1%d8%a7%d8%aa-%d9%86%d9%8a%d9%88%d9%83%d8%a7%d8%b1\/","title":{"rendered":"Parfum voiture NEW CAR"},"content":{"rendered":"<h2 style=\"text-align: center;\">Parfum voiture NEW CAR \u0639\u0637\u0631 \u0627\u0644\u0633\u064a\u0627\u0631\u0627\u062a \u0646\u064a\u0648\u0643\u0627\u0631<\/h2>\n<p><span style=\"color: #333333; font-size: 16px;\"><strong>Parfum voiture NEW CAR<\/strong>, X COLOR SERIES-OREGON Qualit\u00e9 Premium, sensation intense et dynamique. <\/span>l\u2019exp\u00e9rience du neuf \u00e0 chaque trajet. Il est con\u00e7u pour recr\u00e9er l\u2019odeur authentique et incomparable d\u2019une voiture neuve.<a href=\"https:\/\/sella-industrie.com\/fr_fr\/produit\/parfum-voiture-menthe-x-color-series-%d8%b9%d8%b7%d8%b1-%d8%a7%d9%84%d8%b3%d9%8a%d8%a7%d8%b1%d8%a7%d8%aa-%d9%86%d8%b9%d9%86%d8%a7%d8%b9\/\"> Il transforme instantan\u00e9ment l\u2019habitacle en un espace propre<\/a>, moderne et raffin\u00e9, tout en apportant une sensation de fra\u00eecheur intense et durable. Pens\u00e9 pour les conducteurs exigeants, ce d\u00e9sodorisant premium ne se contente pas de masquer les odeurs : il les neutralise et les remplace par une fragrance sophistiqu\u00e9e, dynamique et \u00e9nergisante. La signature olfactive NEW CAR est l\u2019une des plus recherch\u00e9es dans l\u2019univers automobile. Elle \u00e9voque imm\u00e9diatement : <a href=\"https:\/\/www.tiktok.com\/@v6.accessoires.au\" target=\"_blank\" rel=\"noopener\">la propret\u00e9 absolue d\u2019un v\u00e9hicule neuf<\/a>, une sensation de cuir et mat\u00e9riaux frais, un environnement moderne et haut de gamme. Gr\u00e2ce \u00e0 sa formulation avanc\u00e9e, le parfum diffuse une sensation intense et dynamique, id\u00e9ale pour redonner une nouvelle vie \u00e0 tout type de v\u00e9hicule.<\/p>\n<p style=\"text-align: right;\"><strong>\u0639\u0637\u0631 \u0627\u0644\u0633\u064a\u0627\u0631\u0627\u062a \u0646\u064a\u0648 \u0643\u0627\u0631<\/strong>\u060c \u0633\u0644\u0633\u0644\u0629 \u0625\u0643\u0633 \u0643\u0648\u0644\u0648\u0631-\u0623\u0648\u0631\u064a\u063a\u0648\u0646. \u062c\u0648\u062f\u0629 \u0641\u0627\u0626\u0642\u0629\u060c \u0625\u062d\u0633\u0627\u0633 \u0642\u0648\u064a \u0648\u0645\u0646\u0639\u0634. \u062a\u062c\u0631\u0628\u0629 \u0627\u0644\u0633\u064a\u0627\u0631\u0629 \u0627\u0644\u062c\u062f\u064a\u062f\u0629 \u0641\u064a \u0643\u0644 \u0631\u062d\u0644\u0629. \u0635\u064f\u0645\u0645 \u0647\u0630\u0627 \u0627\u0644\u0645\u0639\u0637\u0631 \u0644\u064a\u064f\u0639\u064a\u062f \u0625\u062d\u064a\u0627\u0621 \u0631\u0627\u0626\u062d\u0629 \u0627\u0644\u0633\u064a\u0627\u0631\u0629 \u0627\u0644\u062c\u062f\u064a\u062f\u0629 \u0627\u0644\u0623\u0635\u064a\u0644\u0629 \u0648\u0627\u0644\u0645\u0645\u064a\u0632\u0629. \u064a\u064f\u062d\u0648\u0651\u0644 \u0627\u0644\u0645\u0642\u0635\u0648\u0631\u0629 \u0627\u0644\u062f\u0627\u062e\u0644\u064a\u0629 \u0641\u0648\u0631\u064b\u0627 \u0625\u0644\u0649 \u0645\u0633\u0627\u062d\u0629 \u0646\u0638\u064a\u0641\u0629 \u0648\u0639\u0635\u0631\u064a\u0629 \u0648\u0623\u0646\u064a\u0642\u0629\u060c \u0645\u0639 \u062a\u0648\u0641\u064a\u0631 \u0634\u0639\u0648\u0631 \u0642\u0648\u064a \u0648\u0645\u0646\u0639\u0634 \u064a\u062f\u0648\u0645 \u0637\u0648\u064a\u0644\u064b\u0627. \u0635\u064f\u0645\u0645 \u0647\u0630\u0627 \u0627\u0644\u0645\u0639\u0637\u0631 \u0627\u0644\u0641\u0627\u062e\u0631 \u062e\u0635\u064a\u0635\u064b\u0627 \u0644\u0644\u0633\u0627\u0626\u0642\u064a\u0646 \u0627\u0644\u0645\u0645\u064a\u0632\u064a\u0646\u060c \u0641\u0647\u0648 \u0644\u0627 \u064a\u064f\u062e\u0641\u064a \u0627\u0644\u0631\u0648\u0627\u0626\u062d \u0641\u062d\u0633\u0628\u060c \u0628\u0644 \u064a\u064f\u0639\u0627\u062f\u0644\u0647\u0627 \u0648\u064a\u0633\u062a\u0628\u062f\u0644\u0647\u0627 \u0628\u0631\u0627\u0626\u062d\u0629 \u0631\u0627\u0642\u064a\u0629 \u0648\u0645\u0646\u0639\u0634\u0629. \u062a\u064f\u0639\u062f \u0631\u0627\u0626\u062d\u0629 \u00ab\u00a0\u0646\u064a\u0648 \u0643\u0627\u0631\u00a0\u00bb \u0627\u0644\u0645\u0645\u064a\u0632\u0629 \u0645\u0646 \u0623\u0643\u062b\u0631 \u0627\u0644\u0631\u0648\u0627\u0626\u062d \u0631\u0648\u0627\u062c\u064b\u0627 \u0641\u064a \u0639\u0627\u0644\u0645 \u0627\u0644\u0633\u064a\u0627\u0631\u0627\u062a. \u0641\u0647\u064a \u062a\u064f\u0648\u062d\u064a \u0641\u0648\u0631\u064b\u0627 \u0628\u0646\u0638\u0627\u0641\u0629 \u0627\u0644\u0633\u064a\u0627\u0631\u0629 \u0627\u0644\u062c\u062f\u064a\u062f\u0629\u060c \u0648\u0631\u0627\u0626\u062d\u0629 \u0627\u0644\u062c\u0644\u062f \u0648\u0627\u0644\u0645\u0648\u0627\u062f \u0627\u0644\u062c\u062f\u064a\u062f\u0629\u060c \u0648\u0623\u062c\u0648\u0627\u0621 \u0639\u0635\u0631\u064a\u0629 \u0641\u0627\u062e\u0631\u0629. \u0628\u0641\u0636\u0644 \u062a\u0631\u0643\u064a\u0628\u062a\u0647 \u0627\u0644\u0645\u062a\u0637\u0648\u0631\u0629\u060c \u064a\u064f\u0646\u0634\u0631 \u0627\u0644\u0639\u0637\u0631 \u0625\u062d\u0633\u0627\u0633\u064b\u0627 \u0642\u0648\u064a\u064b\u0627 \u0648\u0645\u0646\u0639\u0634\u064b\u0627\u060c \u0645\u062b\u0627\u0644\u064a\u064b\u0627 \u0644\u0625\u0646\u0639\u0627\u0634 \u0623\u064a \u0646\u0648\u0639 \u0645\u0646 \u0627\u0644\u0633\u064a\u0627\u0631\u0627\u062a<\/p>\n<p><iframe loading=\"lazy\" title=\"SELLA\" width=\"500\" height=\"281\" src=\"https:\/\/www.youtube.com\/embed\/6DPu7q3J3ls?feature=oembed\" frameborder=\"0\" allow=\"accelerometer; autoplay; clipboard-write; encrypted-media; gyroscope; picture-in-picture; web-share\" referrerpolicy=\"strict-origin-when-cross-origin\" allowfullscreen><\/iframe><\/p>\n","protected":false},"excerpt":{"rendered":"<h1 style=\"text-align: center;\">\u0639\u0637\u0631 \u0627\u0644\u0633\u064a\u0627\u0631\u0627\u062a \u0646\u064a\u0648\u0643\u0627\u0631<\/h1>\n<p><span style=\"color: #333333; font-size: 16px;\"><strong>Parfum voiture NEW CAR<\/strong>, X COLOR SERIES-OREGON Qualit\u00e9 Premium, sensation intense et dynamique. <\/span>l\u2019exp\u00e9rience du neuf \u00e0 chaque trajet. Il est con\u00e7u pour recr\u00e9er l\u2019odeur authentique et incomparable d\u2019une voiture neuve.<a href=\"https:\/\/sella-industrie.com\/fr_fr\/produit\/parfum-voiture-menthe-x-color-series-%d8%b9%d8%b7%d8%b1-%d8%a7%d9%84%d8%b3%d9%8a%d8%a7%d8%b1%d8%a7%d8%aa-%d9%86%d8%b9%d9%86%d8%a7%d8%b9\/\"> Il transforme instantan\u00e9ment l\u2019habitacle en un espace propre<\/a>, moderne et raffin\u00e9, tout en apportant une sensation de fra\u00eecheur intense et durable.<\/p>\n","protected":false},"featured_media":38314,"comment_status":"open","ping_status":"closed","template":"","meta":[],"product_brand":[293],"product_cat":[921],"product_tag":[],"class_list":{"0":"post-33809","1":"product","2":"type-product","3":"status-publish","4":"has-post-thumbnail","6":"product_brand-sella","7":"product_cat-x-color","9":"first","10":"instock","11":"taxable","12":"shipping-taxable","13":"purchasable","14":"product-type-simple"},"yoast_head":"<!-- This site is optimized with the Yoast SEO Premium plugin v27.1 (Yoast SEO v27.4) - https:\/\/yoast.com\/product\/yoast-seo-premium-wordpress\/ -->\n<title>Parfum voiture NEW CAR - Boutique &quot;V6&quot;<\/title>\n<meta name=\"description\" content=\"Parfum voiture NEW CAR, X COLOR SERIES-OREGON : fragrance premium, sensation de voiture neuve, fra\u00eecheur intense et diffusion longue dur\u00e9e.\" \/>\n<meta name=\"robots\" content=\"index, follow, max-snippet:-1, max-image-preview:large, max-video-preview:-1\" \/>\n<link rel=\"canonical\" href=\"https:\/\/sella-industrie.com\/fr_fr\/produit\/parfum-voiture-new-car-x-color-series-oregon-dynamique-\u0639\u0637\u0631-\u0627\u0644\u0633\u064a\u0627\u0631\u0627\u062a-\u0646\u064a\u0648\u0643\u0627\u0631\/\" \/>\n<meta property=\"og:locale\" content=\"fr_FR\" \/>\n<meta property=\"og:type\" content=\"article\" \/>\n<meta property=\"og:title\" content=\"Parfum voiture NEW CAR\" \/>\n<meta property=\"og:description\" content=\"Parfum voiture NEW CAR, X COLOR SERIES-OREGON : fragrance premium, sensation de voiture neuve, fra\u00eecheur intense et diffusion longue dur\u00e9e.\" \/>\n<meta property=\"og:url\" content=\"https:\/\/sella-industrie.com\/fr_fr\/produit\/parfum-voiture-new-car-x-color-series-oregon-dynamique-\u0639\u0637\u0631-\u0627\u0644\u0633\u064a\u0627\u0631\u0627\u062a-\u0646\u064a\u0648\u0643\u0627\u0631\/\" \/>\n<meta property=\"og:site_name\" content=\"Boutique &quot;V6&quot;\" \/>\n<meta property=\"article:publisher\" content=\"https:\/\/www.facebook.com\/V6accessoiresauto?mibextid=wwXIfr&amp;rdid=07l1PwXhFBuWBfmW&amp;share_url=httpswww.facebook.comshare169W2vbvizmibextidwwXIfr#\" \/>\n<meta property=\"article:modified_time\" content=\"2026-04-15T13:15:47+00:00\" \/>\n<meta property=\"og:image\" content=\"https:\/\/sella-industrie.com\/wp-content\/uploads\/2025\/06\/NEW-CAR-SCL.webp\" \/>\n\t<meta property=\"og:image:width\" content=\"1000\" \/>\n\t<meta property=\"og:image:height\" content=\"1000\" \/>\n\t<meta property=\"og:image:type\" content=\"image\/webp\" \/>\n<meta name=\"twitter:card\" content=\"summary_large_image\" \/>\n<meta name=\"twitter:label1\" content=\"Prix\" \/>\n\t<meta name=\"twitter:data1\" content=\"&#x62f;.&#x62c;&nbsp;300\" \/>\n\t<meta name=\"twitter:label2\" content=\"Disponibilit\u00e9\" \/>\n\t<meta name=\"twitter:data2\" content=\"En stock\" \/>\n<script type=\"application\/ld+json\" class=\"yoast-schema-graph\">{\"@context\":\"https:\\\/\\\/schema.org\",\"@graph\":[{\"@type\":\"WebPage\",\"@id\":\"https:\\\/\\\/sella-industrie.com\\\/produit\\\/parfum-voiture-new-car-x-color-series-oregon-dynamique-%d8%b9%d8%b7%d8%b1-%d8%a7%d9%84%d8%b3%d9%8a%d8%a7%d8%b1%d8%a7%d8%aa-%d9%86%d9%8a%d9%88%d9%83%d8%a7%d8%b1\\\/\",\"url\":\"https:\\\/\\\/sella-industrie.com\\\/produit\\\/parfum-voiture-new-car-x-color-series-oregon-dynamique-%d8%b9%d8%b7%d8%b1-%d8%a7%d9%84%d8%b3%d9%8a%d8%a7%d8%b1%d8%a7%d8%aa-%d9%86%d9%8a%d9%88%d9%83%d8%a7%d8%b1\\\/\",\"name\":\"Parfum voiture NEW CAR - Boutique &quot;V6&quot;\",\"isPartOf\":{\"@id\":\"https:\\\/\\\/sella-industrie.com\\\/#website\"},\"primaryImageOfPage\":{\"@id\":\"https:\\\/\\\/sella-industrie.com\\\/produit\\\/parfum-voiture-new-car-x-color-series-oregon-dynamique-%d8%b9%d8%b7%d8%b1-%d8%a7%d9%84%d8%b3%d9%8a%d8%a7%d8%b1%d8%a7%d8%aa-%d9%86%d9%8a%d9%88%d9%83%d8%a7%d8%b1\\\/#primaryimage\"},\"image\":{\"@id\":\"https:\\\/\\\/sella-industrie.com\\\/produit\\\/parfum-voiture-new-car-x-color-series-oregon-dynamique-%d8%b9%d8%b7%d8%b1-%d8%a7%d9%84%d8%b3%d9%8a%d8%a7%d8%b1%d8%a7%d8%aa-%d9%86%d9%8a%d9%88%d9%83%d8%a7%d8%b1\\\/#primaryimage\"},\"thumbnailUrl\":\"https:\\\/\\\/sella-industrie.com\\\/wp-content\\\/uploads\\\/2025\\\/06\\\/NEW-CAR-SCL.webp\",\"datePublished\":\"2025-06-24T14:05:03+00:00\",\"dateModified\":\"2026-04-15T13:15:47+00:00\",\"description\":\"Parfum voiture NEW CAR, X COLOR SERIES-OREGON : fragrance premium, sensation de voiture neuve, fra\u00eecheur intense et diffusion longue dur\u00e9e.\",\"breadcrumb\":{\"@id\":\"https:\\\/\\\/sella-industrie.com\\\/produit\\\/parfum-voiture-new-car-x-color-series-oregon-dynamique-%d8%b9%d8%b7%d8%b1-%d8%a7%d9%84%d8%b3%d9%8a%d8%a7%d8%b1%d8%a7%d8%aa-%d9%86%d9%8a%d9%88%d9%83%d8%a7%d8%b1\\\/#breadcrumb\"},\"inLanguage\":\"fr-FR\",\"potentialAction\":[{\"@type\":\"ReadAction\",\"target\":[\"https:\\\/\\\/sella-industrie.com\\\/produit\\\/parfum-voiture-new-car-x-color-series-oregon-dynamique-%d8%b9%d8%b7%d8%b1-%d8%a7%d9%84%d8%b3%d9%8a%d8%a7%d8%b1%d8%a7%d8%aa-%d9%86%d9%8a%d9%88%d9%83%d8%a7%d8%b1\\\/\"]}]},{\"@type\":\"ImageObject\",\"inLanguage\":\"fr-FR\",\"@id\":\"https:\\\/\\\/sella-industrie.com\\\/produit\\\/parfum-voiture-new-car-x-color-series-oregon-dynamique-%d8%b9%d8%b7%d8%b1-%d8%a7%d9%84%d8%b3%d9%8a%d8%a7%d8%b1%d8%a7%d8%aa-%d9%86%d9%8a%d9%88%d9%83%d8%a7%d8%b1\\\/#primaryimage\",\"url\":\"https:\\\/\\\/sella-industrie.com\\\/wp-content\\\/uploads\\\/2025\\\/06\\\/NEW-CAR-SCL.webp\",\"contentUrl\":\"https:\\\/\\\/sella-industrie.com\\\/wp-content\\\/uploads\\\/2025\\\/06\\\/NEW-CAR-SCL.webp\",\"width\":1000,\"height\":1000,\"caption\":\"parfum voiture new car\"},{\"@type\":\"BreadcrumbList\",\"@id\":\"https:\\\/\\\/sella-industrie.com\\\/produit\\\/parfum-voiture-new-car-x-color-series-oregon-dynamique-%d8%b9%d8%b7%d8%b1-%d8%a7%d9%84%d8%b3%d9%8a%d8%a7%d8%b1%d8%a7%d8%aa-%d9%86%d9%8a%d9%88%d9%83%d8%a7%d8%b1\\\/#breadcrumb\",\"itemListElement\":[{\"@type\":\"ListItem\",\"position\":1,\"name\":\"Accueil\",\"item\":\"https:\\\/\\\/sella-industrie.com\\\/fr_fr\\\/\"},{\"@type\":\"ListItem\",\"position\":2,\"name\":\"Shop\",\"item\":\"https:\\\/\\\/sella-industrie.com\\\/fr_fr\\\/shop\\\/\"},{\"@type\":\"ListItem\",\"position\":3,\"name\":\"X COLOR\",\"item\":\"https:\\\/\\\/sella-industrie.com\\\/categorie-produit\\\/x-color\\\/\"},{\"@type\":\"ListItem\",\"position\":4,\"name\":\"Parfum voiture NEW CAR\"}]},{\"@type\":\"WebSite\",\"@id\":\"https:\\\/\\\/sella-industrie.com\\\/#website\",\"url\":\"https:\\\/\\\/sella-industrie.com\\\/\",\"name\":\"Boutique \\\"V6\\\"\",\"description\":\"We care for your car\",\"publisher\":{\"@id\":\"https:\\\/\\\/sella-industrie.com\\\/#organization\"},\"potentialAction\":[{\"@type\":\"SearchAction\",\"target\":{\"@type\":\"EntryPoint\",\"urlTemplate\":\"https:\\\/\\\/sella-industrie.com\\\/?s={search_term_string}\"},\"query-input\":{\"@type\":\"PropertyValueSpecification\",\"valueRequired\":true,\"valueName\":\"search_term_string\"}}],\"inLanguage\":\"fr-FR\"},{\"@type\":\"Organization\",\"@id\":\"https:\\\/\\\/sella-industrie.com\\\/#organization\",\"name\":\"Boutique \\\"V6\\\"\",\"url\":\"https:\\\/\\\/sella-industrie.com\\\/\",\"logo\":{\"@type\":\"ImageObject\",\"inLanguage\":\"fr-FR\",\"@id\":\"https:\\\/\\\/sella-industrie.com\\\/#\\\/schema\\\/logo\\\/image\\\/\",\"url\":\"https:\\\/\\\/sella-industrie.com\\\/wp-content\\\/uploads\\\/2024\\\/05\\\/LOGO-V6-PNG-1.png\",\"contentUrl\":\"https:\\\/\\\/sella-industrie.com\\\/wp-content\\\/uploads\\\/2024\\\/05\\\/LOGO-V6-PNG-1.png\",\"width\":797,\"height\":517,\"caption\":\"Boutique \\\"V6\\\"\"},\"image\":{\"@id\":\"https:\\\/\\\/sella-industrie.com\\\/#\\\/schema\\\/logo\\\/image\\\/\"},\"sameAs\":[\"https:\\\/\\\/www.facebook.com\\\/V6accessoiresauto?mibextid=wwXIfr&rdid=07l1PwXhFBuWBfmW&share_url=httpswww.facebook.comshare169W2vbvizmibextidwwXIfr#\",\"https:\\\/\\\/www.tiktok.com\\\/@v6.accessoires.au\",\"https:\\\/\\\/www.instagram.com\\\/v6_accessoires_auto?igsh=aXE2NjUwOG5xNnQz\",\"https:\\\/\\\/www.youtube.com\\\/channel\\\/UCtkk-L1mBLEmRweenaR4s7w\"]}]}<\/script>\n<meta property=\"product:price:amount\" content=\"300\" \/>\n<meta property=\"product:price:currency\" content=\"DZD\" \/>\n<meta property=\"og:availability\" content=\"instock\" \/>\n<meta property=\"product:availability\" content=\"instock\" \/>\n<meta property=\"product:condition\" content=\"new\" \/>\n<!-- \/ Yoast SEO Premium plugin. -->","yoast_head_json":{"title":"Parfum voiture NEW CAR - Boutique &quot;V6&quot;","description":"Parfum voiture NEW CAR, X COLOR SERIES-OREGON : fragrance premium, sensation de voiture neuve, fra\u00eecheur intense et diffusion longue dur\u00e9e.","robots":{"index":"index","follow":"follow","max-snippet":"max-snippet:-1","max-image-preview":"max-image-preview:large","max-video-preview":"max-video-preview:-1"},"canonical":"https:\/\/sella-industrie.com\/fr_fr\/produit\/parfum-voiture-new-car-x-color-series-oregon-dynamique-\u0639\u0637\u0631-\u0627\u0644\u0633\u064a\u0627\u0631\u0627\u062a-\u0646\u064a\u0648\u0643\u0627\u0631\/","og_locale":"fr_FR","og_type":"article","og_title":"Parfum voiture NEW CAR","og_description":"Parfum voiture NEW CAR, X COLOR SERIES-OREGON : fragrance premium, sensation de voiture neuve, fra\u00eecheur intense et diffusion longue dur\u00e9e.","og_url":"https:\/\/sella-industrie.com\/fr_fr\/produit\/parfum-voiture-new-car-x-color-series-oregon-dynamique-\u0639\u0637\u0631-\u0627\u0644\u0633\u064a\u0627\u0631\u0627\u062a-\u0646\u064a\u0648\u0643\u0627\u0631\/","og_site_name":"Boutique &quot;V6&quot;","article_publisher":"https:\/\/www.facebook.com\/V6accessoiresauto?mibextid=wwXIfr&rdid=07l1PwXhFBuWBfmW&share_url=httpswww.facebook.comshare169W2vbvizmibextidwwXIfr#","article_modified_time":"2026-04-15T13:15:47+00:00","og_image":[{"width":1000,"height":1000,"url":"https:\/\/sella-industrie.com\/wp-content\/uploads\/2025\/06\/NEW-CAR-SCL.webp","type":"image\/webp"}],"twitter_card":"summary_large_image","twitter_misc":{"Prix":"&#x62f;.&#x62c;&nbsp;300","Disponibilit\u00e9":"En stock"},"schema":{"@context":"https:\/\/schema.org","@graph":[{"@type":"WebPage","@id":"https:\/\/sella-industrie.com\/produit\/parfum-voiture-new-car-x-color-series-oregon-dynamique-%d8%b9%d8%b7%d8%b1-%d8%a7%d9%84%d8%b3%d9%8a%d8%a7%d8%b1%d8%a7%d8%aa-%d9%86%d9%8a%d9%88%d9%83%d8%a7%d8%b1\/","url":"https:\/\/sella-industrie.com\/produit\/parfum-voiture-new-car-x-color-series-oregon-dynamique-%d8%b9%d8%b7%d8%b1-%d8%a7%d9%84%d8%b3%d9%8a%d8%a7%d8%b1%d8%a7%d8%aa-%d9%86%d9%8a%d9%88%d9%83%d8%a7%d8%b1\/","name":"Parfum voiture NEW CAR - Boutique &quot;V6&quot;","isPartOf":{"@id":"https:\/\/sella-industrie.com\/#website"},"primaryImageOfPage":{"@id":"https:\/\/sella-industrie.com\/produit\/parfum-voiture-new-car-x-color-series-oregon-dynamique-%d8%b9%d8%b7%d8%b1-%d8%a7%d9%84%d8%b3%d9%8a%d8%a7%d8%b1%d8%a7%d8%aa-%d9%86%d9%8a%d9%88%d9%83%d8%a7%d8%b1\/#primaryimage"},"image":{"@id":"https:\/\/sella-industrie.com\/produit\/parfum-voiture-new-car-x-color-series-oregon-dynamique-%d8%b9%d8%b7%d8%b1-%d8%a7%d9%84%d8%b3%d9%8a%d8%a7%d8%b1%d8%a7%d8%aa-%d9%86%d9%8a%d9%88%d9%83%d8%a7%d8%b1\/#primaryimage"},"thumbnailUrl":"https:\/\/sella-industrie.com\/wp-content\/uploads\/2025\/06\/NEW-CAR-SCL.webp","datePublished":"2025-06-24T14:05:03+00:00","dateModified":"2026-04-15T13:15:47+00:00","description":"Parfum voiture NEW CAR, X COLOR SERIES-OREGON : fragrance premium, sensation de voiture neuve, fra\u00eecheur intense et diffusion longue dur\u00e9e.","breadcrumb":{"@id":"https:\/\/sella-industrie.com\/produit\/parfum-voiture-new-car-x-color-series-oregon-dynamique-%d8%b9%d8%b7%d8%b1-%d8%a7%d9%84%d8%b3%d9%8a%d8%a7%d8%b1%d8%a7%d8%aa-%d9%86%d9%8a%d9%88%d9%83%d8%a7%d8%b1\/#breadcrumb"},"inLanguage":"fr-FR","potentialAction":[{"@type":"ReadAction","target":["https:\/\/sella-industrie.com\/produit\/parfum-voiture-new-car-x-color-series-oregon-dynamique-%d8%b9%d8%b7%d8%b1-%d8%a7%d9%84%d8%b3%d9%8a%d8%a7%d8%b1%d8%a7%d8%aa-%d9%86%d9%8a%d9%88%d9%83%d8%a7%d8%b1\/"]}]},{"@type":"ImageObject","inLanguage":"fr-FR","@id":"https:\/\/sella-industrie.com\/produit\/parfum-voiture-new-car-x-color-series-oregon-dynamique-%d8%b9%d8%b7%d8%b1-%d8%a7%d9%84%d8%b3%d9%8a%d8%a7%d8%b1%d8%a7%d8%aa-%d9%86%d9%8a%d9%88%d9%83%d8%a7%d8%b1\/#primaryimage","url":"https:\/\/sella-industrie.com\/wp-content\/uploads\/2025\/06\/NEW-CAR-SCL.webp","contentUrl":"https:\/\/sella-industrie.com\/wp-content\/uploads\/2025\/06\/NEW-CAR-SCL.webp","width":1000,"height":1000,"caption":"parfum voiture new car"},{"@type":"BreadcrumbList","@id":"https:\/\/sella-industrie.com\/produit\/parfum-voiture-new-car-x-color-series-oregon-dynamique-%d8%b9%d8%b7%d8%b1-%d8%a7%d9%84%d8%b3%d9%8a%d8%a7%d8%b1%d8%a7%d8%aa-%d9%86%d9%8a%d9%88%d9%83%d8%a7%d8%b1\/#breadcrumb","itemListElement":[{"@type":"ListItem","position":1,"name":"Accueil","item":"https:\/\/sella-industrie.com\/fr_fr\/"},{"@type":"ListItem","position":2,"name":"Shop","item":"https:\/\/sella-industrie.com\/fr_fr\/shop\/"},{"@type":"ListItem","position":3,"name":"X COLOR","item":"https:\/\/sella-industrie.com\/categorie-produit\/x-color\/"},{"@type":"ListItem","position":4,"name":"Parfum voiture NEW CAR"}]},{"@type":"WebSite","@id":"https:\/\/sella-industrie.com\/#website","url":"https:\/\/sella-industrie.com\/","name":"Boutique \"V6\"","description":"We care for your car","publisher":{"@id":"https:\/\/sella-industrie.com\/#organization"},"potentialAction":[{"@type":"SearchAction","target":{"@type":"EntryPoint","urlTemplate":"https:\/\/sella-industrie.com\/?s={search_term_string}"},"query-input":{"@type":"PropertyValueSpecification","valueRequired":true,"valueName":"search_term_string"}}],"inLanguage":"fr-FR"},{"@type":"Organization","@id":"https:\/\/sella-industrie.com\/#organization","name":"Boutique \"V6\"","url":"https:\/\/sella-industrie.com\/","logo":{"@type":"ImageObject","inLanguage":"fr-FR","@id":"https:\/\/sella-industrie.com\/#\/schema\/logo\/image\/","url":"https:\/\/sella-industrie.com\/wp-content\/uploads\/2024\/05\/LOGO-V6-PNG-1.png","contentUrl":"https:\/\/sella-industrie.com\/wp-content\/uploads\/2024\/05\/LOGO-V6-PNG-1.png","width":797,"height":517,"caption":"Boutique \"V6\""},"image":{"@id":"https:\/\/sella-industrie.com\/#\/schema\/logo\/image\/"},"sameAs":["https:\/\/www.facebook.com\/V6accessoiresauto?mibextid=wwXIfr&rdid=07l1PwXhFBuWBfmW&share_url=httpswww.facebook.comshare169W2vbvizmibextidwwXIfr#","https:\/\/www.tiktok.com\/@v6.accessoires.au","https:\/\/www.instagram.com\/v6_accessoires_auto?igsh=aXE2NjUwOG5xNnQz","https:\/\/www.youtube.com\/channel\/UCtkk-L1mBLEmRweenaR4s7w"]}]},"product_price_amount":"300","product_price_currency":"DZD","og_availability":"instock","product_availability":"instock","product_condition":"new"},"_links":{"self":[{"href":"https:\/\/sella-industrie.com\/fr_fr\/wp-json\/wp\/v2\/product\/33809","targetHints":{"allow":["GET"]}}],"collection":[{"href":"https:\/\/sella-industrie.com\/fr_fr\/wp-json\/wp\/v2\/product"}],"about":[{"href":"https:\/\/sella-industrie.com\/fr_fr\/wp-json\/wp\/v2\/types\/product"}],"replies":[{"embeddable":true,"href":"https:\/\/sella-industrie.com\/fr_fr\/wp-json\/wp\/v2\/comments?post=33809"}],"wp:featuredmedia":[{"embeddable":true,"href":"https:\/\/sella-industrie.com\/fr_fr\/wp-json\/wp\/v2\/media\/38314"}],"wp:attachment":[{"href":"https:\/\/sella-industrie.com\/fr_fr\/wp-json\/wp\/v2\/media?parent=33809"}],"wp:term":[{"taxonomy":"product_brand","embeddable":true,"href":"https:\/\/sella-industrie.com\/fr_fr\/wp-json\/wp\/v2\/product_brand?post=33809"},{"taxonomy":"product_cat","embeddable":true,"href":"https:\/\/sella-industrie.com\/fr_fr\/wp-json\/wp\/v2\/product_cat?post=33809"},{"taxonomy":"product_tag","embeddable":true,"href":"https:\/\/sella-industrie.com\/fr_fr\/wp-json\/wp\/v2\/product_tag?post=33809"}],"curies":[{"name":"wp","href":"https:\/\/api.w.org\/{rel}","templated":true}]}}