{"id":33794,"date":"2025-06-24T13:38:03","date_gmt":"2025-06-24T13:38:03","guid":{"rendered":"https:\/\/sellaindustrie.com\/?post_type=product&#038;p=33794"},"modified":"2026-04-14T15:31:49","modified_gmt":"2026-04-14T15:31:49","slug":"parfum-voiture-lavande-le-dauphin-%d8%b9%d8%b7%d8%b1-%d8%a7%d9%84%d8%b3%d9%8a%d8%a7%d8%b1%d8%a7%d8%aa-%d9%84%d8%a7%d9%81%d9%86%d8%af%d8%b1-%d8%a7%d9%84%d8%af%d9%84%d9%81%d9%8a%d9%86","status":"publish","type":"product","link":"https:\/\/sella-industrie.com\/fr_fr\/produit\/parfum-voiture-lavande-le-dauphin-%d8%b9%d8%b7%d8%b1-%d8%a7%d9%84%d8%b3%d9%8a%d8%a7%d8%b1%d8%a7%d8%aa-%d9%84%d8%a7%d9%81%d9%86%d8%af%d8%b1-%d8%a7%d9%84%d8%af%d9%84%d9%81%d9%8a%d9%86\/","title":{"rendered":"Parfum voiture LAVANDE"},"content":{"rendered":"<h2 style=\"text-align: center;\">Parfum voiture LAVANDE \u0639\u0637\u0631 \u0627\u0644\u0633\u064a\u0627\u0631\u0627\u062a \u0644\u0627\u0641\u0646\u062f\u0631<\/h2>\n<p data-start=\"448\" data-end=\"614\">Parfum voiture <strong>LAVANDE, <\/strong>LE DAUPHIN, bien plus qu\u2019un simple d\u00e9sodorisant automobile. Il transforme l\u2019int\u00e9rieur de votre v\u00e9hicule en un espace de d\u00e9tente, de fra\u00eecheur et de s\u00e9r\u00e9nit\u00e9 gr\u00e2ce \u00e0 sa fragrance florale<a href=\"https:\/\/sella-industrie.com\/fr_fr\/produit\/parfum-voiture-sport-le-dauphin-%d8%b9%d8%b7%d8%b1-%d8%a7%d9%84%d8%b3%d9%8a%d8%a7%d8%b1%d8%a7%d8%aa-%d8%a7%d9%84%d8%af%d9%84%d9%81%d9%8a%d9%86-%d8%b3%d8%a8%d9%88%d8%b1\/\"> inspir\u00e9e des champs de lavande<\/a>. Son parfum d\u00e9licat diffuse une sensation imm\u00e9diate de propret\u00e9 tout en cr\u00e9ant une ambiance relaxante et raffin\u00e9e \u00e0 chaque trajet. Parfum floral frais et apaisant, il apporte une touche de s\u00e9r\u00e9nit\u00e9 \u00e0 votre quotidien tout en maintenant votre habitacle agr\u00e9ablement parfum\u00e9. Pens\u00e9 pour les conducteurs exigeants, associe efficacit\u00e9, \u00e9l\u00e9gance et confort olfactif afin d\u2019offrir une exp\u00e9rience premium dans votre habitacle. Il lib\u00e8re une senteur douce et harmonieuse qui procure instantan\u00e9ment une sensation de bien-\u00eatre. Signature olfactive : Notes florales fra\u00eeches, Douceur apaisante, Sensation de bien-\u00eatre imm\u00e9diate, <a href=\"https:\/\/www.instagram.com\/v6_accessoires_auto?igsh=aXE2NjUwOG5xNnQz\" target=\"_blank\" rel=\"noopener\">Ambiance zen et relaxante<\/a>. Cette composition florale \u00e9quilibr\u00e9e en fait le parfum id\u00e9al pour ceux qui recherchent une atmosph\u00e8re calme, propre et \u00e9l\u00e9gante dans leur v\u00e9hicule. Il aide \u00e0 masquer efficacement les odeurs d\u00e9sagr\u00e9ables de nourriture, tabac ou humidit\u00e9. Chaque d\u00e9placement devient une exp\u00e9rience sensorielle relaxante.<\/p>\n<p style=\"text-align: right;\" data-start=\"448\" data-end=\"614\"><strong>\u0639\u0637\u0631 \u0627\u0644\u0633\u064a\u0627\u0631\u0627\u062a \u0644\u0627\u0641\u0646\u062f\u0631 \u0627\u0644\u062f\u0644\u0641\u064a\u0646\u060c<\/strong> \u0644\u064a\u0633 \u0645\u062c\u0631\u062f \u0645\u0639\u0637\u0631 \u062c\u0648 \u0639\u0627\u062f\u064a\u060c \u0628\u0644 \u0647\u0648 \u0623\u0643\u062b\u0631 \u0645\u0646 \u0630\u0644\u0643 \u0628\u0643\u062b\u064a\u0631. \u0641\u0647\u0648 \u064a\u062d\u0648\u0651\u0644 \u0645\u0642\u0635\u0648\u0631\u0629 \u0633\u064a\u0627\u0631\u062a\u0643 \u0625\u0644\u0649 \u0645\u0644\u0627\u0630 \u0644\u0644\u0627\u0633\u062a\u0631\u062e\u0627\u0621 \u0648\u0627\u0644\u0627\u0646\u062a\u0639\u0627\u0634 \u0648\u0627\u0644\u0647\u062f\u0648\u0621 \u0628\u0641\u0636\u0644 \u0639\u0628\u064a\u0631\u0647 \u0627\u0644\u0632\u0647\u0631\u064a \u0627\u0644\u0645\u0633\u062a\u0648\u062d\u0649 \u0645\u0646 \u062d\u0642\u0648\u0644 \u0627\u0644\u0644\u0627\u0641\u0646\u062f\u0631. \u064a\u0646\u0634\u0631 \u0639\u0628\u064a\u0631\u0647 \u0627\u0644\u0631\u0642\u064a\u0642 \u0634\u0639\u0648\u0631\u064b\u0627 \u0641\u0648\u0631\u064a\u064b\u0627 \u0628\u0627\u0644\u0646\u0638\u0627\u0641\u0629\u060c \u0648\u064a\u062e\u0644\u0642 \u062c\u0648\u064b\u0627 \u0645\u0631\u064a\u062d\u064b\u0627 \u0648\u0631\u0627\u0642\u064a\u064b\u0627 \u0641\u064a \u0643\u0644 \u0631\u062d\u0644\u0629. \u0639\u0637\u0631 \u0632\u0647\u0631\u064a \u0645\u0646\u0639\u0634 \u0648\u0645\u0647\u062f\u0626\u060c \u064a\u0636\u0641\u064a \u0644\u0645\u0633\u0629 \u0645\u0646 \u0627\u0644\u0633\u0643\u064a\u0646\u0629 \u0639\u0644\u0649 \u062d\u064a\u0627\u062a\u0643 \u0627\u0644\u064a\u0648\u0645\u064a\u0629\u060c \u0648\u064a\u062d\u0627\u0641\u0638 \u0639\u0644\u0649 \u0631\u0627\u0626\u062d\u0629 \u0633\u064a\u0627\u0631\u062a\u0643 \u0645\u0646\u0639\u0634\u0629. \u0635\u064f\u0645\u0645 \u0647\u0630\u0627 \u0627\u0644\u0645\u0639\u0637\u0631 \u062e\u0635\u064a\u0635\u064b\u0627 \u0644\u0644\u0633\u0627\u0626\u0642\u064a\u0646 \u0627\u0644\u0645\u0645\u064a\u0632\u064a\u0646\u060c \u0641\u0647\u0648 \u064a\u062c\u0645\u0639 \u0628\u064a\u0646 \u0627\u0644\u0641\u0639\u0627\u0644\u064a\u0629 \u0648\u0627\u0644\u0623\u0646\u0627\u0642\u0629 \u0648\u0627\u0644\u0631\u0627\u062d\u0629 \u0627\u0644\u0639\u0637\u0631\u064a\u0629 \u0644\u064a\u0645\u0646\u062d\u0643 \u062a\u062c\u0631\u0628\u0629 \u0627\u0633\u062a\u062b\u0646\u0627\u0626\u064a\u0629 \u0641\u064a \u0633\u064a\u0627\u0631\u062a\u0643. \u064a\u0646\u0634\u0631 \u0631\u0627\u0626\u062d\u0629 \u0646\u0627\u0639\u0645\u0629 \u0648\u0645\u062a\u0646\u0627\u063a\u0645\u0629 \u062a\u0645\u0646\u062d\u0643 \u0634\u0639\u0648\u0631\u064b\u0627 \u0641\u0648\u0631\u064a\u064b\u0627 \u0628\u0627\u0644\u0631\u0627\u062d\u0629. \u0645\u0643\u0648\u0646\u0627\u062a\u0647 \u0627\u0644\u0639\u0637\u0631\u064a\u0629: \u0646\u0641\u062d\u0627\u062a \u0632\u0647\u0631\u064a\u0629 \u0645\u0646\u0639\u0634\u0629\u060c \u0646\u0639\u0648\u0645\u0629 \u0645\u0647\u062f\u0626\u0629\u060c \u0634\u0639\u0648\u0631 \u0641\u0648\u0631\u064a \u0628\u0627\u0644\u0631\u0627\u062d\u0629\u060c \u062c\u0648 \u0645\u0646 \u0627\u0644\u0647\u062f\u0648\u0621 \u0648\u0627\u0644\u0627\u0633\u062a\u0631\u062e\u0627\u0621. \u0647\u0630\u0647 \u0627\u0644\u062a\u0631\u0643\u064a\u0628\u0629 \u0627\u0644\u0632\u0647\u0631\u064a\u0629 \u0627\u0644\u0645\u062a\u0648\u0627\u0632\u0646\u0629 \u062a\u062c\u0639\u0644\u0647 \u0627\u0644\u0639\u0637\u0631 \u0627\u0644\u0645\u062b\u0627\u0644\u064a \u0644\u0645\u0646 \u064a\u0628\u062d\u062b\u0648\u0646 \u0639\u0646 \u062c\u0648 \u0647\u0627\u062f\u0626 \u0648\u0646\u0638\u064a\u0641 \u0648\u0623\u0646\u064a\u0642 \u0641\u064a \u0633\u064a\u0627\u0631\u0627\u062a\u0647\u0645. \u0643\u0645\u0627 \u0623\u0646\u0647 \u064a\u0633\u0627\u0639\u062f \u0628\u0641\u0639\u0627\u0644\u064a\u0629 \u0639\u0644\u0649 \u0625\u062e\u0641\u0627\u0621 \u0627\u0644\u0631\u0648\u0627\u0626\u062d \u0627\u0644\u0643\u0631\u064a\u0647\u0629 \u0645\u062b\u0644 \u0631\u0648\u0627\u0626\u062d \u0627\u0644\u0637\u0639\u0627\u0645 \u0648\u0627\u0644\u062a\u0628\u063a \u0648\u0627\u0644\u0631\u0637\u0648\u0628\u0629. \u0643\u0644 \u0631\u062d\u0644\u0629 \u062a\u0635\u0628\u062d \u062a\u062c\u0631\u0628\u0629 \u062d\u0633\u064a\u0629 \u0645\u0631\u064a\u062d\u0629<\/p>\n<p><iframe loading=\"lazy\" title=\"SELLA\" width=\"500\" height=\"281\" src=\"https:\/\/www.youtube.com\/embed\/2cFJiIPT_RE?feature=oembed\" frameborder=\"0\" allow=\"accelerometer; autoplay; clipboard-write; encrypted-media; gyroscope; picture-in-picture; web-share\" referrerpolicy=\"strict-origin-when-cross-origin\" allowfullscreen><\/iframe><\/p>\n<p>&nbsp;<\/p>\n","protected":false},"excerpt":{"rendered":"<h1 style=\"text-align: center;\">\u0639\u0637\u0631 \u0627\u0644\u0633\u064a\u0627\u0631\u0627\u062a \u0644\u0627\u0641\u0646\u062f\u0631<\/h1>\n<p>Parfum voiture <strong>LAVANDE, <\/strong>LE DAUPHIN, bien plus qu\u2019un simple d\u00e9sodorisant automobile. Il transforme l\u2019int\u00e9rieur de votre v\u00e9hicule en un espace de d\u00e9tente, de fra\u00eecheur et de s\u00e9r\u00e9nit\u00e9 gr\u00e2ce \u00e0 sa fragrance florale inspir\u00e9e des champs de lavande.<\/p>\n","protected":false},"featured_media":38286,"comment_status":"open","ping_status":"closed","template":"","meta":[],"product_brand":[293,292],"product_cat":[919],"product_tag":[],"class_list":{"0":"post-33794","1":"product","2":"type-product","3":"status-publish","4":"has-post-thumbnail","6":"product_brand-sella","7":"product_brand-v6","8":"product_cat-le-dauphin","10":"first","11":"instock","12":"taxable","13":"shipping-taxable","14":"purchasable","15":"product-type-simple"},"yoast_head":"<!-- This site is optimized with the Yoast SEO plugin v27.4 - https:\/\/yoast.com\/product\/yoast-seo-wordpress\/ -->\n<title>Parfum voiture LAVANDE - Boutique &quot;V6&quot;<\/title>\n<meta name=\"description\" content=\"Parfum voiture Lavande LE DAUPHIN : fragrance florale apaisante inspir\u00e9e des champs de lavande. Fra\u00eecheur, s\u00e9r\u00e9nit\u00e9 et ambiance zen pour votre habitacle.\" \/>\n<meta name=\"robots\" content=\"index, follow, max-snippet:-1, max-image-preview:large, max-video-preview:-1\" \/>\n<link rel=\"canonical\" href=\"https:\/\/sella-industrie.com\/fr_fr\/produit\/parfum-voiture-lavande-le-dauphin-\u0639\u0637\u0631-\u0627\u0644\u0633\u064a\u0627\u0631\u0627\u062a-\u0644\u0627\u0641\u0646\u062f\u0631-\u0627\u0644\u062f\u0644\u0641\u064a\u0646\/\" \/>\n<meta property=\"og:locale\" content=\"fr_FR\" \/>\n<meta property=\"og:type\" content=\"article\" \/>\n<meta property=\"og:title\" content=\"Parfum voiture LAVANDE - Boutique &quot;V6&quot;\" \/>\n<meta property=\"og:description\" content=\"Parfum voiture Lavande LE DAUPHIN : fragrance florale apaisante inspir\u00e9e des champs de lavande. Fra\u00eecheur, s\u00e9r\u00e9nit\u00e9 et ambiance zen pour votre habitacle.\" \/>\n<meta property=\"og:url\" content=\"https:\/\/sella-industrie.com\/fr_fr\/produit\/parfum-voiture-lavande-le-dauphin-\u0639\u0637\u0631-\u0627\u0644\u0633\u064a\u0627\u0631\u0627\u062a-\u0644\u0627\u0641\u0646\u062f\u0631-\u0627\u0644\u062f\u0644\u0641\u064a\u0646\/\" \/>\n<meta property=\"og:site_name\" content=\"Boutique &quot;V6&quot;\" \/>\n<meta property=\"article:modified_time\" content=\"2026-04-14T15:31:49+00:00\" \/>\n<meta property=\"og:image\" content=\"https:\/\/sella-industrie.com\/wp-content\/uploads\/2025\/06\/lavande-le-dauphin.webp\" \/>\n\t<meta property=\"og:image:width\" content=\"1000\" \/>\n\t<meta property=\"og:image:height\" content=\"1000\" \/>\n\t<meta property=\"og:image:type\" content=\"image\/webp\" \/>\n<meta name=\"twitter:card\" content=\"summary_large_image\" \/>\n<meta name=\"twitter:label1\" content=\"Prix\" \/>\n\t<meta name=\"twitter:data1\" content=\"&#x62f;.&#x62c;&nbsp;300\" \/>\n\t<meta name=\"twitter:label2\" content=\"Disponibilit\u00e9\" \/>\n\t<meta name=\"twitter:data2\" content=\"En stock\" \/>\n<script type=\"application\/ld+json\" class=\"yoast-schema-graph\">{\"@context\":\"https:\\\/\\\/schema.org\",\"@graph\":[{\"@type\":\"WebPage\",\"@id\":\"https:\\\/\\\/sella-industrie.com\\\/produit\\\/parfum-voiture-lavande-le-dauphin-%d8%b9%d8%b7%d8%b1-%d8%a7%d9%84%d8%b3%d9%8a%d8%a7%d8%b1%d8%a7%d8%aa-%d9%84%d8%a7%d9%81%d9%86%d8%af%d8%b1-%d8%a7%d9%84%d8%af%d9%84%d9%81%d9%8a%d9%86\\\/\",\"url\":\"https:\\\/\\\/sella-industrie.com\\\/produit\\\/parfum-voiture-lavande-le-dauphin-%d8%b9%d8%b7%d8%b1-%d8%a7%d9%84%d8%b3%d9%8a%d8%a7%d8%b1%d8%a7%d8%aa-%d9%84%d8%a7%d9%81%d9%86%d8%af%d8%b1-%d8%a7%d9%84%d8%af%d9%84%d9%81%d9%8a%d9%86\\\/\",\"name\":\"Parfum voiture LAVANDE - Boutique &quot;V6&quot;\",\"isPartOf\":{\"@id\":\"https:\\\/\\\/sella-industrie.com\\\/#website\"},\"primaryImageOfPage\":{\"@id\":\"https:\\\/\\\/sella-industrie.com\\\/produit\\\/parfum-voiture-lavande-le-dauphin-%d8%b9%d8%b7%d8%b1-%d8%a7%d9%84%d8%b3%d9%8a%d8%a7%d8%b1%d8%a7%d8%aa-%d9%84%d8%a7%d9%81%d9%86%d8%af%d8%b1-%d8%a7%d9%84%d8%af%d9%84%d9%81%d9%8a%d9%86\\\/#primaryimage\"},\"image\":{\"@id\":\"https:\\\/\\\/sella-industrie.com\\\/produit\\\/parfum-voiture-lavande-le-dauphin-%d8%b9%d8%b7%d8%b1-%d8%a7%d9%84%d8%b3%d9%8a%d8%a7%d8%b1%d8%a7%d8%aa-%d9%84%d8%a7%d9%81%d9%86%d8%af%d8%b1-%d8%a7%d9%84%d8%af%d9%84%d9%81%d9%8a%d9%86\\\/#primaryimage\"},\"thumbnailUrl\":\"https:\\\/\\\/sella-industrie.com\\\/wp-content\\\/uploads\\\/2025\\\/06\\\/lavande-le-dauphin.webp\",\"datePublished\":\"2025-06-24T13:38:03+00:00\",\"dateModified\":\"2026-04-14T15:31:49+00:00\",\"description\":\"Parfum voiture Lavande LE DAUPHIN : fragrance florale apaisante inspir\u00e9e des champs de lavande. Fra\u00eecheur, s\u00e9r\u00e9nit\u00e9 et ambiance zen pour votre habitacle.\",\"breadcrumb\":{\"@id\":\"https:\\\/\\\/sella-industrie.com\\\/produit\\\/parfum-voiture-lavande-le-dauphin-%d8%b9%d8%b7%d8%b1-%d8%a7%d9%84%d8%b3%d9%8a%d8%a7%d8%b1%d8%a7%d8%aa-%d9%84%d8%a7%d9%81%d9%86%d8%af%d8%b1-%d8%a7%d9%84%d8%af%d9%84%d9%81%d9%8a%d9%86\\\/#breadcrumb\"},\"inLanguage\":\"fr-FR\",\"potentialAction\":[{\"@type\":\"ReadAction\",\"target\":[\"https:\\\/\\\/sella-industrie.com\\\/produit\\\/parfum-voiture-lavande-le-dauphin-%d8%b9%d8%b7%d8%b1-%d8%a7%d9%84%d8%b3%d9%8a%d8%a7%d8%b1%d8%a7%d8%aa-%d9%84%d8%a7%d9%81%d9%86%d8%af%d8%b1-%d8%a7%d9%84%d8%af%d9%84%d9%81%d9%8a%d9%86\\\/\"]}]},{\"@type\":\"ImageObject\",\"inLanguage\":\"fr-FR\",\"@id\":\"https:\\\/\\\/sella-industrie.com\\\/produit\\\/parfum-voiture-lavande-le-dauphin-%d8%b9%d8%b7%d8%b1-%d8%a7%d9%84%d8%b3%d9%8a%d8%a7%d8%b1%d8%a7%d8%aa-%d9%84%d8%a7%d9%81%d9%86%d8%af%d8%b1-%d8%a7%d9%84%d8%af%d9%84%d9%81%d9%8a%d9%86\\\/#primaryimage\",\"url\":\"https:\\\/\\\/sella-industrie.com\\\/wp-content\\\/uploads\\\/2025\\\/06\\\/lavande-le-dauphin.webp\",\"contentUrl\":\"https:\\\/\\\/sella-industrie.com\\\/wp-content\\\/uploads\\\/2025\\\/06\\\/lavande-le-dauphin.webp\",\"width\":1000,\"height\":1000,\"caption\":\"Parfum voiture LAVANDE\"},{\"@type\":\"BreadcrumbList\",\"@id\":\"https:\\\/\\\/sella-industrie.com\\\/produit\\\/parfum-voiture-lavande-le-dauphin-%d8%b9%d8%b7%d8%b1-%d8%a7%d9%84%d8%b3%d9%8a%d8%a7%d8%b1%d8%a7%d8%aa-%d9%84%d8%a7%d9%81%d9%86%d8%af%d8%b1-%d8%a7%d9%84%d8%af%d9%84%d9%81%d9%8a%d9%86\\\/#breadcrumb\",\"itemListElement\":[{\"@type\":\"ListItem\",\"position\":1,\"name\":\"Accueil\",\"item\":\"https:\\\/\\\/sella-industrie.com\\\/fr_fr\\\/\"},{\"@type\":\"ListItem\",\"position\":2,\"name\":\"Shop\",\"item\":\"https:\\\/\\\/sella-industrie.com\\\/fr_fr\\\/shop\\\/\"},{\"@type\":\"ListItem\",\"position\":3,\"name\":\"LE DAUPHIN\",\"item\":\"https:\\\/\\\/sella-industrie.com\\\/categorie-produit\\\/le-dauphin\\\/\"},{\"@type\":\"ListItem\",\"position\":4,\"name\":\"Parfum voiture LAVANDE\"}]},{\"@type\":\"WebSite\",\"@id\":\"https:\\\/\\\/sella-industrie.com\\\/#website\",\"url\":\"https:\\\/\\\/sella-industrie.com\\\/\",\"name\":\"Boutique &quot;V6&quot;\",\"description\":\"We care for your car\",\"publisher\":{\"@id\":\"https:\\\/\\\/sella-industrie.com\\\/#organization\"},\"potentialAction\":[{\"@type\":\"SearchAction\",\"target\":{\"@type\":\"EntryPoint\",\"urlTemplate\":\"https:\\\/\\\/sella-industrie.com\\\/?s={search_term_string}\"},\"query-input\":{\"@type\":\"PropertyValueSpecification\",\"valueRequired\":true,\"valueName\":\"search_term_string\"}}],\"inLanguage\":\"fr-FR\"},{\"@type\":\"Organization\",\"@id\":\"https:\\\/\\\/sella-industrie.com\\\/#organization\",\"name\":\"Boutique &quot;V6&quot;\",\"url\":\"https:\\\/\\\/sella-industrie.com\\\/\",\"logo\":{\"@type\":\"ImageObject\",\"inLanguage\":\"fr-FR\",\"@id\":\"https:\\\/\\\/sella-industrie.com\\\/#\\\/schema\\\/logo\\\/image\\\/\",\"url\":\"\",\"contentUrl\":\"\",\"caption\":\"Boutique &quot;V6&quot;\"},\"image\":{\"@id\":\"https:\\\/\\\/sella-industrie.com\\\/#\\\/schema\\\/logo\\\/image\\\/\"}}]}<\/script>\n<meta property=\"product:price:amount\" content=\"300\" \/>\n<meta property=\"product:price:currency\" content=\"DZD\" \/>\n<meta property=\"og:availability\" content=\"instock\" \/>\n<meta property=\"product:availability\" content=\"instock\" \/>\n<meta property=\"product:condition\" content=\"new\" \/>\n<!-- \/ Yoast SEO plugin. -->","yoast_head_json":{"title":"Parfum voiture LAVANDE - Boutique &quot;V6&quot;","description":"Parfum voiture Lavande LE DAUPHIN : fragrance florale apaisante inspir\u00e9e des champs de lavande. Fra\u00eecheur, s\u00e9r\u00e9nit\u00e9 et ambiance zen pour votre habitacle.","robots":{"index":"index","follow":"follow","max-snippet":"max-snippet:-1","max-image-preview":"max-image-preview:large","max-video-preview":"max-video-preview:-1"},"canonical":"https:\/\/sella-industrie.com\/fr_fr\/produit\/parfum-voiture-lavande-le-dauphin-\u0639\u0637\u0631-\u0627\u0644\u0633\u064a\u0627\u0631\u0627\u062a-\u0644\u0627\u0641\u0646\u062f\u0631-\u0627\u0644\u062f\u0644\u0641\u064a\u0646\/","og_locale":"fr_FR","og_type":"article","og_title":"Parfum voiture LAVANDE - Boutique &quot;V6&quot;","og_description":"Parfum voiture Lavande LE DAUPHIN : fragrance florale apaisante inspir\u00e9e des champs de lavande. Fra\u00eecheur, s\u00e9r\u00e9nit\u00e9 et ambiance zen pour votre habitacle.","og_url":"https:\/\/sella-industrie.com\/fr_fr\/produit\/parfum-voiture-lavande-le-dauphin-\u0639\u0637\u0631-\u0627\u0644\u0633\u064a\u0627\u0631\u0627\u062a-\u0644\u0627\u0641\u0646\u062f\u0631-\u0627\u0644\u062f\u0644\u0641\u064a\u0646\/","og_site_name":"Boutique &quot;V6&quot;","article_modified_time":"2026-04-14T15:31:49+00:00","og_image":[{"width":1000,"height":1000,"url":"https:\/\/sella-industrie.com\/wp-content\/uploads\/2025\/06\/lavande-le-dauphin.webp","type":"image\/webp"}],"twitter_card":"summary_large_image","twitter_misc":{"Prix":"&#x62f;.&#x62c;&nbsp;300","Disponibilit\u00e9":"En stock"},"schema":{"@context":"https:\/\/schema.org","@graph":[{"@type":"WebPage","@id":"https:\/\/sella-industrie.com\/produit\/parfum-voiture-lavande-le-dauphin-%d8%b9%d8%b7%d8%b1-%d8%a7%d9%84%d8%b3%d9%8a%d8%a7%d8%b1%d8%a7%d8%aa-%d9%84%d8%a7%d9%81%d9%86%d8%af%d8%b1-%d8%a7%d9%84%d8%af%d9%84%d9%81%d9%8a%d9%86\/","url":"https:\/\/sella-industrie.com\/produit\/parfum-voiture-lavande-le-dauphin-%d8%b9%d8%b7%d8%b1-%d8%a7%d9%84%d8%b3%d9%8a%d8%a7%d8%b1%d8%a7%d8%aa-%d9%84%d8%a7%d9%81%d9%86%d8%af%d8%b1-%d8%a7%d9%84%d8%af%d9%84%d9%81%d9%8a%d9%86\/","name":"Parfum voiture LAVANDE - Boutique &quot;V6&quot;","isPartOf":{"@id":"https:\/\/sella-industrie.com\/#website"},"primaryImageOfPage":{"@id":"https:\/\/sella-industrie.com\/produit\/parfum-voiture-lavande-le-dauphin-%d8%b9%d8%b7%d8%b1-%d8%a7%d9%84%d8%b3%d9%8a%d8%a7%d8%b1%d8%a7%d8%aa-%d9%84%d8%a7%d9%81%d9%86%d8%af%d8%b1-%d8%a7%d9%84%d8%af%d9%84%d9%81%d9%8a%d9%86\/#primaryimage"},"image":{"@id":"https:\/\/sella-industrie.com\/produit\/parfum-voiture-lavande-le-dauphin-%d8%b9%d8%b7%d8%b1-%d8%a7%d9%84%d8%b3%d9%8a%d8%a7%d8%b1%d8%a7%d8%aa-%d9%84%d8%a7%d9%81%d9%86%d8%af%d8%b1-%d8%a7%d9%84%d8%af%d9%84%d9%81%d9%8a%d9%86\/#primaryimage"},"thumbnailUrl":"https:\/\/sella-industrie.com\/wp-content\/uploads\/2025\/06\/lavande-le-dauphin.webp","datePublished":"2025-06-24T13:38:03+00:00","dateModified":"2026-04-14T15:31:49+00:00","description":"Parfum voiture Lavande LE DAUPHIN : fragrance florale apaisante inspir\u00e9e des champs de lavande. Fra\u00eecheur, s\u00e9r\u00e9nit\u00e9 et ambiance zen pour votre habitacle.","breadcrumb":{"@id":"https:\/\/sella-industrie.com\/produit\/parfum-voiture-lavande-le-dauphin-%d8%b9%d8%b7%d8%b1-%d8%a7%d9%84%d8%b3%d9%8a%d8%a7%d8%b1%d8%a7%d8%aa-%d9%84%d8%a7%d9%81%d9%86%d8%af%d8%b1-%d8%a7%d9%84%d8%af%d9%84%d9%81%d9%8a%d9%86\/#breadcrumb"},"inLanguage":"fr-FR","potentialAction":[{"@type":"ReadAction","target":["https:\/\/sella-industrie.com\/produit\/parfum-voiture-lavande-le-dauphin-%d8%b9%d8%b7%d8%b1-%d8%a7%d9%84%d8%b3%d9%8a%d8%a7%d8%b1%d8%a7%d8%aa-%d9%84%d8%a7%d9%81%d9%86%d8%af%d8%b1-%d8%a7%d9%84%d8%af%d9%84%d9%81%d9%8a%d9%86\/"]}]},{"@type":"ImageObject","inLanguage":"fr-FR","@id":"https:\/\/sella-industrie.com\/produit\/parfum-voiture-lavande-le-dauphin-%d8%b9%d8%b7%d8%b1-%d8%a7%d9%84%d8%b3%d9%8a%d8%a7%d8%b1%d8%a7%d8%aa-%d9%84%d8%a7%d9%81%d9%86%d8%af%d8%b1-%d8%a7%d9%84%d8%af%d9%84%d9%81%d9%8a%d9%86\/#primaryimage","url":"https:\/\/sella-industrie.com\/wp-content\/uploads\/2025\/06\/lavande-le-dauphin.webp","contentUrl":"https:\/\/sella-industrie.com\/wp-content\/uploads\/2025\/06\/lavande-le-dauphin.webp","width":1000,"height":1000,"caption":"Parfum voiture LAVANDE"},{"@type":"BreadcrumbList","@id":"https:\/\/sella-industrie.com\/produit\/parfum-voiture-lavande-le-dauphin-%d8%b9%d8%b7%d8%b1-%d8%a7%d9%84%d8%b3%d9%8a%d8%a7%d8%b1%d8%a7%d8%aa-%d9%84%d8%a7%d9%81%d9%86%d8%af%d8%b1-%d8%a7%d9%84%d8%af%d9%84%d9%81%d9%8a%d9%86\/#breadcrumb","itemListElement":[{"@type":"ListItem","position":1,"name":"Accueil","item":"https:\/\/sella-industrie.com\/fr_fr\/"},{"@type":"ListItem","position":2,"name":"Shop","item":"https:\/\/sella-industrie.com\/fr_fr\/shop\/"},{"@type":"ListItem","position":3,"name":"LE DAUPHIN","item":"https:\/\/sella-industrie.com\/categorie-produit\/le-dauphin\/"},{"@type":"ListItem","position":4,"name":"Parfum voiture LAVANDE"}]},{"@type":"WebSite","@id":"https:\/\/sella-industrie.com\/#website","url":"https:\/\/sella-industrie.com\/","name":"Boutique &quot;V6&quot;","description":"We care for your car","publisher":{"@id":"https:\/\/sella-industrie.com\/#organization"},"potentialAction":[{"@type":"SearchAction","target":{"@type":"EntryPoint","urlTemplate":"https:\/\/sella-industrie.com\/?s={search_term_string}"},"query-input":{"@type":"PropertyValueSpecification","valueRequired":true,"valueName":"search_term_string"}}],"inLanguage":"fr-FR"},{"@type":"Organization","@id":"https:\/\/sella-industrie.com\/#organization","name":"Boutique &quot;V6&quot;","url":"https:\/\/sella-industrie.com\/","logo":{"@type":"ImageObject","inLanguage":"fr-FR","@id":"https:\/\/sella-industrie.com\/#\/schema\/logo\/image\/","url":"","contentUrl":"","caption":"Boutique &quot;V6&quot;"},"image":{"@id":"https:\/\/sella-industrie.com\/#\/schema\/logo\/image\/"}}]},"product_price_amount":"300","product_price_currency":"DZD","og_availability":"instock","product_availability":"instock","product_condition":"new"},"_links":{"self":[{"href":"https:\/\/sella-industrie.com\/fr_fr\/wp-json\/wp\/v2\/product\/33794","targetHints":{"allow":["GET"]}}],"collection":[{"href":"https:\/\/sella-industrie.com\/fr_fr\/wp-json\/wp\/v2\/product"}],"about":[{"href":"https:\/\/sella-industrie.com\/fr_fr\/wp-json\/wp\/v2\/types\/product"}],"replies":[{"embeddable":true,"href":"https:\/\/sella-industrie.com\/fr_fr\/wp-json\/wp\/v2\/comments?post=33794"}],"wp:featuredmedia":[{"embeddable":true,"href":"https:\/\/sella-industrie.com\/fr_fr\/wp-json\/wp\/v2\/media\/38286"}],"wp:attachment":[{"href":"https:\/\/sella-industrie.com\/fr_fr\/wp-json\/wp\/v2\/media?parent=33794"}],"wp:term":[{"taxonomy":"product_brand","embeddable":true,"href":"https:\/\/sella-industrie.com\/fr_fr\/wp-json\/wp\/v2\/product_brand?post=33794"},{"taxonomy":"product_cat","embeddable":true,"href":"https:\/\/sella-industrie.com\/fr_fr\/wp-json\/wp\/v2\/product_cat?post=33794"},{"taxonomy":"product_tag","embeddable":true,"href":"https:\/\/sella-industrie.com\/fr_fr\/wp-json\/wp\/v2\/product_tag?post=33794"}],"curies":[{"name":"wp","href":"https:\/\/api.w.org\/{rel}","templated":true}]}}