{"id":33769,"date":"2025-06-24T13:19:05","date_gmt":"2025-06-24T13:19:05","guid":{"rendered":"https:\/\/sellaindustrie.com\/?post_type=product&#038;p=33769"},"modified":"2026-04-15T08:38:17","modified_gmt":"2026-04-15T08:38:17","slug":"parfum-voiture-vanille-coco-le-dauphin-%d8%b9%d8%b7%d8%b1-%d8%a7%d9%84%d8%b3%d9%8a%d8%a7%d8%b1%d8%a7%d8%aa-%d8%ac%d9%88%d8%b2-%d8%a7%d9%84%d9%87%d9%86%d8%af-%d9%81%d8%a7%d9%86%d9%8a%d9%84%d8%a7","status":"publish","type":"product","link":"https:\/\/sella-industrie.com\/fr_fr\/produit\/parfum-voiture-vanille-coco-le-dauphin-%d8%b9%d8%b7%d8%b1-%d8%a7%d9%84%d8%b3%d9%8a%d8%a7%d8%b1%d8%a7%d8%aa-%d8%ac%d9%88%d8%b2-%d8%a7%d9%84%d9%87%d9%86%d8%af-%d9%81%d8%a7%d9%86%d9%8a%d9%84%d8%a7\/","title":{"rendered":"Parfum voiture VANILLE COCO"},"content":{"rendered":"<h2 style=\"text-align: center;\">Parfum voiture VANILLE COCO \u0639\u0637\u0631 \u0627\u0644\u0633\u064a\u0627\u0631\u0627\u062a \u062c\u0648\u0632 \u0627\u0644\u0647\u0646\u062f \u0641\u0627\u0646\u064a\u0644\u0627<\/h2>\n<form class=\"cart\" action=\"https:\/\/sella-industrie.com\/fr_fr\/produit\/brise-marine-parfums-automobile-x-black\/\" enctype=\"multipart\/form-data\" method=\"post\"><\/form>\n<p><strong>Parfum voiture VANILLE COCO<\/strong>, LE DAUPHIN, douceur exotique et chaleureuse, suavit\u00e9 classique et r\u00e9confortante. Plus qu\u2019un simple d\u00e9sodorisant, il transforme votre voiture en un espace \u00e9nergisant et agr\u00e9able \u00e0 vivre. Une fragrance fra\u00eeche et \u00e9nergisante qui purifie l\u2019habitacle et diffuse une sensation de propret\u00e9 durable. Il transforme chaque trajet en une v\u00e9ritable parenth\u00e8se tropicale. Gr\u00e2ce \u00e0 son alliance subtile entre la douceur sucr\u00e9e de <a href=\"https:\/\/sella-industrie.com\/fr_fr\/produit\/parfum-voiture-vanille-le-dauphin-%d8%b9%d8%b7%d8%b1-%d8%a7%d9%84%d8%b3%d9%8a%d8%a7%d8%b1%d8%a7%d8%aa-%d9%81%d8%a7%d9%86%d9%8a%d9%84%d8%a7\/\">la vanille et la fra\u00eecheur exotique<\/a> de la noix de coco, ce d\u00e9sodorisant auto cr\u00e9e une ambiance chaleureuse, relaxante et raffin\u00e9e dans votre habitacle. <span role=\"text\">Fragrance Exotique et R\u00e9confortante, <\/span>Une combinaison olfactive unique m\u00ealant : Vanille douce et chaleureuse, Noix de coco fra\u00eeche et tropicale, Notes gourmandes et relaxantes. <span role=\"text\">Purifie et Rafra\u00eechit l\u2019Habitacle, <\/span>Neutralise efficacement les mauvaises odeurs : Tabac, Nourriture, Humidit\u00e9, <a href=\"https:\/\/www.tiktok.com\/@v6.accessoires.au\" target=\"_blank\" rel=\"noopener\">Odeurs persistantes d\u2019int\u00e9rieur auto<\/a>.<\/p>\n<p style=\"text-align: right;\"><strong>\u0639\u0637\u0631 \u0627\u0644\u0633\u064a\u0627\u0631\u0627\u062a \u062c\u0648\u0632 \u0627\u0644\u0647\u0646\u062f \u0641\u0627\u0646\u064a\u0644\u0627 \u0627\u0644\u062f\u0644\u0641\u064a\u0646<\/strong>\u060c \u064a\u0645\u0646\u062d\u0643 \u062d\u0644\u0627\u0648\u0629 \u062f\u0627\u0641\u0626\u0629 \u0622\u0633\u0631\u0629\u060c \u0648\u0646\u0639\u0648\u0645\u0629 \u0643\u0644\u0627\u0633\u064a\u0643\u064a\u0629 \u062a\u0628\u0639\u062b \u0639\u0644\u0649 \u0627\u0644\u0631\u0627\u062d\u0629. \u0625\u0646\u0647 \u0623\u0643\u062b\u0631 \u0645\u0646 \u0645\u062c\u0631\u062f \u0645\u0639\u0637\u0631 \u062c\u0648\u060c \u0641\u0647\u0648 \u064a\u062d\u0648\u0651\u0644 \u0633\u064a\u0627\u0631\u062a\u0643 \u0625\u0644\u0649 \u0645\u0633\u0627\u062d\u0629 \u0645\u0646\u0639\u0634\u0629 \u0648\u0645\u0645\u062a\u0639\u0629. \u0639\u0637\u0631 \u0645\u0646\u0639\u0634 \u0648\u0645\u0646\u0634\u0637 \u064a\u0646\u0642\u064a \u0627\u0644\u0645\u0642\u0635\u0648\u0631\u0629 \u0627\u0644\u062f\u0627\u062e\u0644\u064a\u0629 \u0648\u064a\u0646\u0634\u0631 \u0634\u0639\u0648\u0631\u064b\u0627 \u062f\u0627\u0626\u0645\u064b\u0627 \u0628\u0627\u0644\u0646\u0638\u0627\u0641\u0629. \u064a\u062d\u0648\u0651\u0644 \u0643\u0644 \u0631\u062d\u0644\u0629 \u0625\u0644\u0649 \u0645\u0644\u0627\u0630 \u0627\u0633\u062a\u0648\u0627\u0626\u064a \u062d\u0642\u064a\u0642\u064a. \u0628\u0641\u0636\u0644 \u0645\u0632\u064a\u062c\u0647 \u0627\u0644\u0631\u0642\u064a\u0642 \u0645\u0646 \u0627\u0644\u0641\u0627\u0646\u064a\u0644\u064a\u0627 \u0627\u0644\u062d\u0644\u0648\u0629 \u0648\u0627\u0646\u062a\u0639\u0627\u0634 \u062c\u0648\u0632 \u0627\u0644\u0647\u0646\u062f \u0627\u0644\u0627\u0633\u062a\u0648\u0627\u0626\u064a\u060c \u064a\u062e\u0644\u0642 \u0645\u0639\u0637\u0631 \u0627\u0644\u062c\u0648 \u0647\u0630\u0627 \u062c\u0648\u064b\u0627 \u062f\u0627\u0641\u0626\u064b\u0627 \u0648\u0645\u0631\u064a\u062d\u064b\u0627 \u0648\u0631\u0627\u0642\u064a\u064b\u0627 \u0641\u064a \u0633\u064a\u0627\u0631\u062a\u0643. \u0639\u0637\u0631 \u0622\u0633\u0631 \u0648\u0645\u0631\u064a\u062d: \u0645\u0632\u064a\u062c \u0639\u0637\u0631\u064a \u0641\u0631\u064a\u062f \u064a\u062c\u0645\u0639 \u0628\u064a\u0646: \u0627\u0644\u0641\u0627\u0646\u064a\u0644\u064a\u0627 \u0627\u0644\u062d\u0644\u0648\u0629 \u0627\u0644\u062f\u0627\u0641\u0626\u0629\u060c \u0648\u062c\u0648\u0632 \u0627\u0644\u0647\u0646\u062f \u0627\u0644\u0645\u0646\u0639\u0634 \u0627\u0644\u0627\u0633\u062a\u0648\u0627\u0626\u064a\u060c \u0648\u0646\u0641\u062d\u0627\u062a \u0641\u0627\u062e\u0631\u0629 \u062a\u0628\u0639\u062b \u0639\u0644\u0649 \u0627\u0644\u0627\u0633\u062a\u0631\u062e\u0627\u0621. \u064a\u0646\u0642\u064a \u0648\u064a\u0646\u0639\u0634 \u0627\u0644\u0645\u0642\u0635\u0648\u0631\u0629 \u0627\u0644\u062f\u0627\u062e\u0644\u064a\u0629\u060c \u0648\u064a\u0642\u0636\u064a \u0628\u0641\u0639\u0627\u0644\u064a\u0629 \u0639\u0644\u0649 \u0627\u0644\u0631\u0648\u0627\u0626\u062d \u0627\u0644\u0643\u0631\u064a\u0647\u0629: \u0627\u0644\u062a\u0628\u063a\u060c \u0627\u0644\u0637\u0639\u0627\u0645\u060c \u0627\u0644\u0631\u0637\u0648\u0628\u0629\u060c \u0648\u0631\u0648\u0627\u0626\u062d \u0627\u0644\u0633\u064a\u0627\u0631\u0629 \u0627\u0644\u062f\u0627\u062e\u0644\u064a\u0629 \u0627\u0644\u0639\u0627\u0644\u0642\u0629<\/p>\n<p><iframe loading=\"lazy\" title=\"SELLA\" width=\"500\" height=\"281\" src=\"https:\/\/www.youtube.com\/embed\/2cFJiIPT_RE?feature=oembed\" frameborder=\"0\" allow=\"accelerometer; autoplay; clipboard-write; encrypted-media; gyroscope; picture-in-picture; web-share\" referrerpolicy=\"strict-origin-when-cross-origin\" allowfullscreen><\/iframe><\/p>\n<p>&nbsp;<\/p>\n","protected":false},"excerpt":{"rendered":"<h1 style=\"text-align: center;\">\u0639\u0637\u0631 \u0627\u0644\u0633\u064a\u0627\u0631\u0627\u062a \u062c\u0648\u0632 \u0627\u0644\u0647\u0646\u062f \u0641\u0627\u0646\u064a\u0644\u0627<\/h1>\n<p><strong>Parfum voiture VANILLE COCO<\/strong>, LE DAUPHIN, douceur exotique et chaleureuse, suavit\u00e9 classique et r\u00e9confortante. Plus qu\u2019un simple d\u00e9sodorisant, il transforme votre voiture en un espace \u00e9nergisant et agr\u00e9able \u00e0 vivre. Une fragrance fra\u00eeche et \u00e9nergisante qui purifie l\u2019habitacle et diffuse une sensation de propret\u00e9 durable.<\/p>\n","protected":false},"featured_media":38291,"comment_status":"open","ping_status":"closed","template":"","meta":[],"product_brand":[293,292],"product_cat":[919],"product_tag":[],"class_list":{"0":"post-33769","1":"product","2":"type-product","3":"status-publish","4":"has-post-thumbnail","6":"product_brand-sella","7":"product_brand-v6","8":"product_cat-le-dauphin","10":"first","11":"instock","12":"taxable","13":"shipping-taxable","14":"purchasable","15":"product-type-simple"},"yoast_head":"<!-- This site is optimized with the Yoast SEO Premium plugin v27.1 (Yoast SEO v27.4) - https:\/\/yoast.com\/product\/yoast-seo-premium-wordpress\/ -->\n<title>Parfum voiture VANILLE COCO - Boutique &quot;V6&quot;<\/title>\n<meta name=\"description\" content=\"Parfum voiture Vanille Coco, LE DAUPHIN, exotique aux notes chaudes et gourmandes. Fra\u00eecheur durable, habitacle purifi\u00e9 et ambiance tropicale longue tenue.\" \/>\n<meta name=\"robots\" content=\"index, follow, max-snippet:-1, max-image-preview:large, max-video-preview:-1\" \/>\n<link rel=\"canonical\" href=\"https:\/\/sella-industrie.com\/fr_fr\/produit\/parfum-voiture-vanille-coco-le-dauphin-\u0639\u0637\u0631-\u0627\u0644\u0633\u064a\u0627\u0631\u0627\u062a-\u062c\u0648\u0632-\u0627\u0644\u0647\u0646\u062f-\u0641\u0627\u0646\u064a\u0644\u0627\/\" \/>\n<meta property=\"og:locale\" content=\"fr_FR\" \/>\n<meta property=\"og:type\" content=\"article\" \/>\n<meta property=\"og:title\" content=\"Parfum voiture VANILLE COCO\" \/>\n<meta property=\"og:description\" content=\"Parfum voiture Vanille Coco, LE DAUPHIN, exotique aux notes chaudes et gourmandes. Fra\u00eecheur durable, habitacle purifi\u00e9 et ambiance tropicale longue tenue.\" \/>\n<meta property=\"og:url\" content=\"https:\/\/sella-industrie.com\/fr_fr\/produit\/parfum-voiture-vanille-coco-le-dauphin-\u0639\u0637\u0631-\u0627\u0644\u0633\u064a\u0627\u0631\u0627\u062a-\u062c\u0648\u0632-\u0627\u0644\u0647\u0646\u062f-\u0641\u0627\u0646\u064a\u0644\u0627\/\" \/>\n<meta property=\"og:site_name\" content=\"Boutique &quot;V6&quot;\" \/>\n<meta property=\"article:modified_time\" content=\"2026-04-15T08:38:17+00:00\" \/>\n<meta property=\"og:image\" content=\"https:\/\/sella-industrie.com\/wp-content\/uploads\/2025\/06\/vanille-coco-le-dauphin.webp\" \/>\n\t<meta property=\"og:image:width\" content=\"1000\" \/>\n\t<meta property=\"og:image:height\" content=\"1000\" \/>\n\t<meta property=\"og:image:type\" content=\"image\/webp\" \/>\n<meta name=\"twitter:card\" content=\"summary_large_image\" \/>\n<meta name=\"twitter:label1\" content=\"Prix\" \/>\n\t<meta name=\"twitter:data1\" content=\"&#x62f;.&#x62c;&nbsp;300\" \/>\n\t<meta name=\"twitter:label2\" content=\"Disponibilit\u00e9\" \/>\n\t<meta name=\"twitter:data2\" content=\"En stock\" \/>\n<script type=\"application\/ld+json\" class=\"yoast-schema-graph\">{\"@context\":\"https:\\\/\\\/schema.org\",\"@graph\":[{\"@type\":\"WebPage\",\"@id\":\"https:\\\/\\\/sella-industrie.com\\\/produit\\\/parfum-voiture-vanille-coco-le-dauphin-%d8%b9%d8%b7%d8%b1-%d8%a7%d9%84%d8%b3%d9%8a%d8%a7%d8%b1%d8%a7%d8%aa-%d8%ac%d9%88%d8%b2-%d8%a7%d9%84%d9%87%d9%86%d8%af-%d9%81%d8%a7%d9%86%d9%8a%d9%84%d8%a7\\\/\",\"url\":\"https:\\\/\\\/sella-industrie.com\\\/produit\\\/parfum-voiture-vanille-coco-le-dauphin-%d8%b9%d8%b7%d8%b1-%d8%a7%d9%84%d8%b3%d9%8a%d8%a7%d8%b1%d8%a7%d8%aa-%d8%ac%d9%88%d8%b2-%d8%a7%d9%84%d9%87%d9%86%d8%af-%d9%81%d8%a7%d9%86%d9%8a%d9%84%d8%a7\\\/\",\"name\":\"Parfum voiture VANILLE COCO - Boutique &quot;V6&quot;\",\"isPartOf\":{\"@id\":\"https:\\\/\\\/sella-industrie.com\\\/#website\"},\"primaryImageOfPage\":{\"@id\":\"https:\\\/\\\/sella-industrie.com\\\/produit\\\/parfum-voiture-vanille-coco-le-dauphin-%d8%b9%d8%b7%d8%b1-%d8%a7%d9%84%d8%b3%d9%8a%d8%a7%d8%b1%d8%a7%d8%aa-%d8%ac%d9%88%d8%b2-%d8%a7%d9%84%d9%87%d9%86%d8%af-%d9%81%d8%a7%d9%86%d9%8a%d9%84%d8%a7\\\/#primaryimage\"},\"image\":{\"@id\":\"https:\\\/\\\/sella-industrie.com\\\/produit\\\/parfum-voiture-vanille-coco-le-dauphin-%d8%b9%d8%b7%d8%b1-%d8%a7%d9%84%d8%b3%d9%8a%d8%a7%d8%b1%d8%a7%d8%aa-%d8%ac%d9%88%d8%b2-%d8%a7%d9%84%d9%87%d9%86%d8%af-%d9%81%d8%a7%d9%86%d9%8a%d9%84%d8%a7\\\/#primaryimage\"},\"thumbnailUrl\":\"https:\\\/\\\/sella-industrie.com\\\/wp-content\\\/uploads\\\/2025\\\/06\\\/vanille-coco-le-dauphin.webp\",\"datePublished\":\"2025-06-24T13:19:05+00:00\",\"dateModified\":\"2026-04-15T08:38:17+00:00\",\"description\":\"Parfum voiture Vanille Coco, LE DAUPHIN, exotique aux notes chaudes et gourmandes. Fra\u00eecheur durable, habitacle purifi\u00e9 et ambiance tropicale longue tenue.\",\"breadcrumb\":{\"@id\":\"https:\\\/\\\/sella-industrie.com\\\/produit\\\/parfum-voiture-vanille-coco-le-dauphin-%d8%b9%d8%b7%d8%b1-%d8%a7%d9%84%d8%b3%d9%8a%d8%a7%d8%b1%d8%a7%d8%aa-%d8%ac%d9%88%d8%b2-%d8%a7%d9%84%d9%87%d9%86%d8%af-%d9%81%d8%a7%d9%86%d9%8a%d9%84%d8%a7\\\/#breadcrumb\"},\"inLanguage\":\"fr-FR\",\"potentialAction\":[{\"@type\":\"ReadAction\",\"target\":[\"https:\\\/\\\/sella-industrie.com\\\/produit\\\/parfum-voiture-vanille-coco-le-dauphin-%d8%b9%d8%b7%d8%b1-%d8%a7%d9%84%d8%b3%d9%8a%d8%a7%d8%b1%d8%a7%d8%aa-%d8%ac%d9%88%d8%b2-%d8%a7%d9%84%d9%87%d9%86%d8%af-%d9%81%d8%a7%d9%86%d9%8a%d9%84%d8%a7\\\/\"]}]},{\"@type\":\"ImageObject\",\"inLanguage\":\"fr-FR\",\"@id\":\"https:\\\/\\\/sella-industrie.com\\\/produit\\\/parfum-voiture-vanille-coco-le-dauphin-%d8%b9%d8%b7%d8%b1-%d8%a7%d9%84%d8%b3%d9%8a%d8%a7%d8%b1%d8%a7%d8%aa-%d8%ac%d9%88%d8%b2-%d8%a7%d9%84%d9%87%d9%86%d8%af-%d9%81%d8%a7%d9%86%d9%8a%d9%84%d8%a7\\\/#primaryimage\",\"url\":\"https:\\\/\\\/sella-industrie.com\\\/wp-content\\\/uploads\\\/2025\\\/06\\\/vanille-coco-le-dauphin.webp\",\"contentUrl\":\"https:\\\/\\\/sella-industrie.com\\\/wp-content\\\/uploads\\\/2025\\\/06\\\/vanille-coco-le-dauphin.webp\",\"width\":1000,\"height\":1000,\"caption\":\"Parfum voiture VANILLE COCO\"},{\"@type\":\"BreadcrumbList\",\"@id\":\"https:\\\/\\\/sella-industrie.com\\\/produit\\\/parfum-voiture-vanille-coco-le-dauphin-%d8%b9%d8%b7%d8%b1-%d8%a7%d9%84%d8%b3%d9%8a%d8%a7%d8%b1%d8%a7%d8%aa-%d8%ac%d9%88%d8%b2-%d8%a7%d9%84%d9%87%d9%86%d8%af-%d9%81%d8%a7%d9%86%d9%8a%d9%84%d8%a7\\\/#breadcrumb\",\"itemListElement\":[{\"@type\":\"ListItem\",\"position\":1,\"name\":\"Accueil\",\"item\":\"https:\\\/\\\/sella-industrie.com\\\/fr_fr\\\/\"},{\"@type\":\"ListItem\",\"position\":2,\"name\":\"Shop\",\"item\":\"https:\\\/\\\/sella-industrie.com\\\/fr_fr\\\/shop\\\/\"},{\"@type\":\"ListItem\",\"position\":3,\"name\":\"LE DAUPHIN\",\"item\":\"https:\\\/\\\/sella-industrie.com\\\/categorie-produit\\\/le-dauphin\\\/\"},{\"@type\":\"ListItem\",\"position\":4,\"name\":\"Parfum voiture VANILLE COCO\"}]},{\"@type\":\"WebSite\",\"@id\":\"https:\\\/\\\/sella-industrie.com\\\/#website\",\"url\":\"https:\\\/\\\/sella-industrie.com\\\/\",\"name\":\"Boutique &quot;V6&quot;\",\"description\":\"We care for your car\",\"publisher\":{\"@id\":\"https:\\\/\\\/sella-industrie.com\\\/#organization\"},\"potentialAction\":[{\"@type\":\"SearchAction\",\"target\":{\"@type\":\"EntryPoint\",\"urlTemplate\":\"https:\\\/\\\/sella-industrie.com\\\/?s={search_term_string}\"},\"query-input\":{\"@type\":\"PropertyValueSpecification\",\"valueRequired\":true,\"valueName\":\"search_term_string\"}}],\"inLanguage\":\"fr-FR\"},{\"@type\":\"Organization\",\"@id\":\"https:\\\/\\\/sella-industrie.com\\\/#organization\",\"name\":\"Boutique &quot;V6&quot;\",\"url\":\"https:\\\/\\\/sella-industrie.com\\\/\",\"logo\":{\"@type\":\"ImageObject\",\"inLanguage\":\"fr-FR\",\"@id\":\"https:\\\/\\\/sella-industrie.com\\\/#\\\/schema\\\/logo\\\/image\\\/\",\"url\":\"\",\"contentUrl\":\"\",\"caption\":\"Boutique &quot;V6&quot;\"},\"image\":{\"@id\":\"https:\\\/\\\/sella-industrie.com\\\/#\\\/schema\\\/logo\\\/image\\\/\"}}]}<\/script>\n<meta property=\"product:price:amount\" content=\"300\" \/>\n<meta property=\"product:price:currency\" content=\"DZD\" \/>\n<meta property=\"og:availability\" content=\"instock\" \/>\n<meta property=\"product:availability\" content=\"instock\" \/>\n<meta property=\"product:condition\" content=\"new\" \/>\n<!-- \/ Yoast SEO Premium plugin. -->","yoast_head_json":{"title":"Parfum voiture VANILLE COCO - Boutique &quot;V6&quot;","description":"Parfum voiture Vanille Coco, LE DAUPHIN, exotique aux notes chaudes et gourmandes. Fra\u00eecheur durable, habitacle purifi\u00e9 et ambiance tropicale longue tenue.","robots":{"index":"index","follow":"follow","max-snippet":"max-snippet:-1","max-image-preview":"max-image-preview:large","max-video-preview":"max-video-preview:-1"},"canonical":"https:\/\/sella-industrie.com\/fr_fr\/produit\/parfum-voiture-vanille-coco-le-dauphin-\u0639\u0637\u0631-\u0627\u0644\u0633\u064a\u0627\u0631\u0627\u062a-\u062c\u0648\u0632-\u0627\u0644\u0647\u0646\u062f-\u0641\u0627\u0646\u064a\u0644\u0627\/","og_locale":"fr_FR","og_type":"article","og_title":"Parfum voiture VANILLE COCO","og_description":"Parfum voiture Vanille Coco, LE DAUPHIN, exotique aux notes chaudes et gourmandes. Fra\u00eecheur durable, habitacle purifi\u00e9 et ambiance tropicale longue tenue.","og_url":"https:\/\/sella-industrie.com\/fr_fr\/produit\/parfum-voiture-vanille-coco-le-dauphin-\u0639\u0637\u0631-\u0627\u0644\u0633\u064a\u0627\u0631\u0627\u062a-\u062c\u0648\u0632-\u0627\u0644\u0647\u0646\u062f-\u0641\u0627\u0646\u064a\u0644\u0627\/","og_site_name":"Boutique &quot;V6&quot;","article_modified_time":"2026-04-15T08:38:17+00:00","og_image":[{"width":1000,"height":1000,"url":"https:\/\/sella-industrie.com\/wp-content\/uploads\/2025\/06\/vanille-coco-le-dauphin.webp","type":"image\/webp"}],"twitter_card":"summary_large_image","twitter_misc":{"Prix":"&#x62f;.&#x62c;&nbsp;300","Disponibilit\u00e9":"En stock"},"schema":{"@context":"https:\/\/schema.org","@graph":[{"@type":"WebPage","@id":"https:\/\/sella-industrie.com\/produit\/parfum-voiture-vanille-coco-le-dauphin-%d8%b9%d8%b7%d8%b1-%d8%a7%d9%84%d8%b3%d9%8a%d8%a7%d8%b1%d8%a7%d8%aa-%d8%ac%d9%88%d8%b2-%d8%a7%d9%84%d9%87%d9%86%d8%af-%d9%81%d8%a7%d9%86%d9%8a%d9%84%d8%a7\/","url":"https:\/\/sella-industrie.com\/produit\/parfum-voiture-vanille-coco-le-dauphin-%d8%b9%d8%b7%d8%b1-%d8%a7%d9%84%d8%b3%d9%8a%d8%a7%d8%b1%d8%a7%d8%aa-%d8%ac%d9%88%d8%b2-%d8%a7%d9%84%d9%87%d9%86%d8%af-%d9%81%d8%a7%d9%86%d9%8a%d9%84%d8%a7\/","name":"Parfum voiture VANILLE COCO - Boutique &quot;V6&quot;","isPartOf":{"@id":"https:\/\/sella-industrie.com\/#website"},"primaryImageOfPage":{"@id":"https:\/\/sella-industrie.com\/produit\/parfum-voiture-vanille-coco-le-dauphin-%d8%b9%d8%b7%d8%b1-%d8%a7%d9%84%d8%b3%d9%8a%d8%a7%d8%b1%d8%a7%d8%aa-%d8%ac%d9%88%d8%b2-%d8%a7%d9%84%d9%87%d9%86%d8%af-%d9%81%d8%a7%d9%86%d9%8a%d9%84%d8%a7\/#primaryimage"},"image":{"@id":"https:\/\/sella-industrie.com\/produit\/parfum-voiture-vanille-coco-le-dauphin-%d8%b9%d8%b7%d8%b1-%d8%a7%d9%84%d8%b3%d9%8a%d8%a7%d8%b1%d8%a7%d8%aa-%d8%ac%d9%88%d8%b2-%d8%a7%d9%84%d9%87%d9%86%d8%af-%d9%81%d8%a7%d9%86%d9%8a%d9%84%d8%a7\/#primaryimage"},"thumbnailUrl":"https:\/\/sella-industrie.com\/wp-content\/uploads\/2025\/06\/vanille-coco-le-dauphin.webp","datePublished":"2025-06-24T13:19:05+00:00","dateModified":"2026-04-15T08:38:17+00:00","description":"Parfum voiture Vanille Coco, LE DAUPHIN, exotique aux notes chaudes et gourmandes. Fra\u00eecheur durable, habitacle purifi\u00e9 et ambiance tropicale longue tenue.","breadcrumb":{"@id":"https:\/\/sella-industrie.com\/produit\/parfum-voiture-vanille-coco-le-dauphin-%d8%b9%d8%b7%d8%b1-%d8%a7%d9%84%d8%b3%d9%8a%d8%a7%d8%b1%d8%a7%d8%aa-%d8%ac%d9%88%d8%b2-%d8%a7%d9%84%d9%87%d9%86%d8%af-%d9%81%d8%a7%d9%86%d9%8a%d9%84%d8%a7\/#breadcrumb"},"inLanguage":"fr-FR","potentialAction":[{"@type":"ReadAction","target":["https:\/\/sella-industrie.com\/produit\/parfum-voiture-vanille-coco-le-dauphin-%d8%b9%d8%b7%d8%b1-%d8%a7%d9%84%d8%b3%d9%8a%d8%a7%d8%b1%d8%a7%d8%aa-%d8%ac%d9%88%d8%b2-%d8%a7%d9%84%d9%87%d9%86%d8%af-%d9%81%d8%a7%d9%86%d9%8a%d9%84%d8%a7\/"]}]},{"@type":"ImageObject","inLanguage":"fr-FR","@id":"https:\/\/sella-industrie.com\/produit\/parfum-voiture-vanille-coco-le-dauphin-%d8%b9%d8%b7%d8%b1-%d8%a7%d9%84%d8%b3%d9%8a%d8%a7%d8%b1%d8%a7%d8%aa-%d8%ac%d9%88%d8%b2-%d8%a7%d9%84%d9%87%d9%86%d8%af-%d9%81%d8%a7%d9%86%d9%8a%d9%84%d8%a7\/#primaryimage","url":"https:\/\/sella-industrie.com\/wp-content\/uploads\/2025\/06\/vanille-coco-le-dauphin.webp","contentUrl":"https:\/\/sella-industrie.com\/wp-content\/uploads\/2025\/06\/vanille-coco-le-dauphin.webp","width":1000,"height":1000,"caption":"Parfum voiture VANILLE COCO"},{"@type":"BreadcrumbList","@id":"https:\/\/sella-industrie.com\/produit\/parfum-voiture-vanille-coco-le-dauphin-%d8%b9%d8%b7%d8%b1-%d8%a7%d9%84%d8%b3%d9%8a%d8%a7%d8%b1%d8%a7%d8%aa-%d8%ac%d9%88%d8%b2-%d8%a7%d9%84%d9%87%d9%86%d8%af-%d9%81%d8%a7%d9%86%d9%8a%d9%84%d8%a7\/#breadcrumb","itemListElement":[{"@type":"ListItem","position":1,"name":"Accueil","item":"https:\/\/sella-industrie.com\/fr_fr\/"},{"@type":"ListItem","position":2,"name":"Shop","item":"https:\/\/sella-industrie.com\/fr_fr\/shop\/"},{"@type":"ListItem","position":3,"name":"LE DAUPHIN","item":"https:\/\/sella-industrie.com\/categorie-produit\/le-dauphin\/"},{"@type":"ListItem","position":4,"name":"Parfum voiture VANILLE COCO"}]},{"@type":"WebSite","@id":"https:\/\/sella-industrie.com\/#website","url":"https:\/\/sella-industrie.com\/","name":"Boutique &quot;V6&quot;","description":"We care for your car","publisher":{"@id":"https:\/\/sella-industrie.com\/#organization"},"potentialAction":[{"@type":"SearchAction","target":{"@type":"EntryPoint","urlTemplate":"https:\/\/sella-industrie.com\/?s={search_term_string}"},"query-input":{"@type":"PropertyValueSpecification","valueRequired":true,"valueName":"search_term_string"}}],"inLanguage":"fr-FR"},{"@type":"Organization","@id":"https:\/\/sella-industrie.com\/#organization","name":"Boutique &quot;V6&quot;","url":"https:\/\/sella-industrie.com\/","logo":{"@type":"ImageObject","inLanguage":"fr-FR","@id":"https:\/\/sella-industrie.com\/#\/schema\/logo\/image\/","url":"","contentUrl":"","caption":"Boutique &quot;V6&quot;"},"image":{"@id":"https:\/\/sella-industrie.com\/#\/schema\/logo\/image\/"}}]},"product_price_amount":"300","product_price_currency":"DZD","og_availability":"instock","product_availability":"instock","product_condition":"new"},"_links":{"self":[{"href":"https:\/\/sella-industrie.com\/fr_fr\/wp-json\/wp\/v2\/product\/33769","targetHints":{"allow":["GET"]}}],"collection":[{"href":"https:\/\/sella-industrie.com\/fr_fr\/wp-json\/wp\/v2\/product"}],"about":[{"href":"https:\/\/sella-industrie.com\/fr_fr\/wp-json\/wp\/v2\/types\/product"}],"replies":[{"embeddable":true,"href":"https:\/\/sella-industrie.com\/fr_fr\/wp-json\/wp\/v2\/comments?post=33769"}],"wp:featuredmedia":[{"embeddable":true,"href":"https:\/\/sella-industrie.com\/fr_fr\/wp-json\/wp\/v2\/media\/38291"}],"wp:attachment":[{"href":"https:\/\/sella-industrie.com\/fr_fr\/wp-json\/wp\/v2\/media?parent=33769"}],"wp:term":[{"taxonomy":"product_brand","embeddable":true,"href":"https:\/\/sella-industrie.com\/fr_fr\/wp-json\/wp\/v2\/product_brand?post=33769"},{"taxonomy":"product_cat","embeddable":true,"href":"https:\/\/sella-industrie.com\/fr_fr\/wp-json\/wp\/v2\/product_cat?post=33769"},{"taxonomy":"product_tag","embeddable":true,"href":"https:\/\/sella-industrie.com\/fr_fr\/wp-json\/wp\/v2\/product_tag?post=33769"}],"curies":[{"name":"wp","href":"https:\/\/api.w.org\/{rel}","templated":true}]}}