{"id":33013,"date":"2025-06-19T10:51:31","date_gmt":"2025-06-19T10:51:31","guid":{"rendered":"https:\/\/sellaindustrie.com\/?post_type=product&#038;p=33013"},"modified":"2026-02-15T09:32:05","modified_gmt":"2026-02-15T09:32:05","slug":"decontaminant-jantes-v6-oxy-500ml-%d9%85%d8%b7%d9%87%d8%b1-%d8%a7%d9%84%d8%ac%d9%86%d8%b7","status":"publish","type":"product","link":"https:\/\/sella-industrie.com\/fr_fr\/produit\/decontaminant-jantes-v6-oxy-500ml-%d9%85%d8%b7%d9%87%d8%b1-%d8%a7%d9%84%d8%ac%d9%86%d8%b7\/","title":{"rendered":"D\u00e9contaminant jantes V6 OXY"},"content":{"rendered":"<h2 style=\"text-align: center;\">D\u00e9contaminant jantes V6 OXY, \u0645\u0637\u0647\u0631 \u0627\u0644\u062c\u0646\u0637<\/h2>\n<p><strong>D\u00e9contaminant jantes V6 OXY <\/strong>500 ml. Nettoyant jantes puissant qui p\u00e9n\u00e8tre les taches, dissout graisse et salet\u00e9s et redonne \u00e9clat et aspect neuf aux jantes automobiles. Nettoyant automobile haute efficacit\u00e9 con\u00e7u pour \u00e9liminer rapidement les salet\u00e9s incrust\u00e9es, la <a href=\"https:\/\/sella-industrie.com\/fr_fr\/produit\/easylux-nettoyant-automobile-v6-500-ml\/\">graisse<\/a> et les d\u00e9p\u00f4ts routiers. Sa formule active p\u00e9n\u00e8tre en profondeur dans les taches pour restaurer l\u2019aspect d\u2019origine des jantes et leur redonner un <strong data-start=\"1053\" data-end=\"1086\">look propre, brillant et neuf<\/strong>. Sa capacit\u00e9 de p\u00e9n\u00e9tration rapide permet un nettoyage en <a href=\"https:\/\/www.facebook.com\/V6accessoiresauto?mibextid=wwXIfr&amp;rdid=07l1PwXhFBuWBfmW&amp;share_url=https%3A%2F%2Fwww.facebook.com%2Fshare%2F169W2vbviz%2F%3Fmibextid%3DwwXIfr#\" target=\"_blank\" rel=\"noopener\">profondeur<\/a> sans effort excessif.<\/p>\n<p style=\"text-align: right;\">.<span style=\"color: #666699;\"><strong>\u0623\u0648\u0643\u0633\u064a\u00a0\u00bb:<\/strong><\/span><span style=\"color: #000000;\"><strong> \u064a\u0645\u0643\u0646 \u0644\u0640\u00a0\u00bb\u0645\u0637\u0647\u0631 \u0627\u0644\u0625\u0637\u0627\u0631\u0627\u062a \u0627\u0644\u0645\u0639\u062f\u0646\u064a\u0629 \u0644\u0644\u0633\u064a\u0627\u0631\u0629 \u0627\u0644\u062c\u062f\u064a\u062f\u060c \u0623\u0646 \u064a\u062a\u063a\u0644\u063a\u0644 \u0628\u0633\u0631\u0639\u0629 \u0644\u0625\u0632\u0627\u0644\u0629 \u0627\u0644\u0628\u0642\u0639\u060c \u0627\u0644\u0623\u0648\u0633\u0627\u062e \u0648\u0627\u0644\u0634\u062d\u0648\u0645 \u0648\u0625\u0639\u0637\u0627\u0626\u0647\u0627 \u0645\u0638\u0647\u0631\u0627 \u062c\u062f\u064a\u062f\u0627<\/strong><\/span><span style=\"color: #666699;\"><strong>\u00a0\u00bb (V6, \u0645\u0637\u0647\u0631 \u062c\u0646\u0637 \u0627\u0644\u0633\u064a\u0627\u0631\u0629 (500 \u0645\u0644<\/strong><\/span><\/p>\n<p><iframe loading=\"lazy\" title=\"V6, 500 Ml\" width=\"500\" height=\"281\" src=\"https:\/\/www.youtube.com\/embed\/amdnrqXcXN0?feature=oembed\" frameborder=\"0\" allow=\"accelerometer; autoplay; clipboard-write; encrypted-media; gyroscope; picture-in-picture; web-share\" referrerpolicy=\"strict-origin-when-cross-origin\" allowfullscreen><\/iframe><\/p>\n","protected":false},"excerpt":{"rendered":"<h1 style=\"text-align: center;\">\u0645\u0637\u0647\u0631 \u0627\u0644\u062c\u0646\u0637<\/h1>\n<p><strong>D\u00e9contaminant jantes V6 OXY <\/strong>500 ml. Nettoyant jantes puissant qui p\u00e9n\u00e8tre les taches, dissout graisse et salet\u00e9s et redonne \u00e9clat et aspect neuf aux jantes automobiles.<\/p>\n<p style=\"text-align: right;\">\n","protected":false},"featured_media":31465,"comment_status":"open","ping_status":"closed","template":"","meta":[],"product_brand":[293,292],"product_cat":[915],"product_tag":[],"class_list":{"0":"post-33013","1":"product","2":"type-product","3":"status-publish","4":"has-post-thumbnail","6":"product_brand-sella","7":"product_brand-v6","8":"product_cat-v6-500-ml","10":"first","11":"instock","12":"taxable","13":"shipping-taxable","14":"purchasable","15":"product-type-simple"},"yoast_head":"<!-- This site is optimized with the Yoast SEO plugin v27.4 - https:\/\/yoast.com\/product\/yoast-seo-wordpress\/ -->\n<title>D\u00e9contaminant jantes V6 OXY - Boutique &quot;V6&quot;<\/title>\n<meta name=\"description\" content=\"D\u00e9contaminant jantes V6 OXY 500 ml. Nettoyant jantes puissant qui p\u00e9n\u00e8tre les taches, dissout graisse et salet\u00e9s et redonne \u00e9clat et aspect neuf aux Jantes.\" \/>\n<meta name=\"robots\" content=\"index, follow, max-snippet:-1, max-image-preview:large, max-video-preview:-1\" \/>\n<link rel=\"canonical\" href=\"https:\/\/sella-industrie.com\/fr_fr\/produit\/decontaminant-jantes-v6-oxy-500ml-\u0645\u0637\u0647\u0631-\u0627\u0644\u062c\u0646\u0637\/\" \/>\n<meta property=\"og:locale\" content=\"fr_FR\" \/>\n<meta property=\"og:type\" content=\"article\" \/>\n<meta property=\"og:title\" content=\"D\u00e9contaminant jantes V6 OXY - Boutique &quot;V6&quot;\" \/>\n<meta property=\"og:description\" content=\"D\u00e9contaminant jantes V6 OXY 500 ml. Nettoyant jantes puissant qui p\u00e9n\u00e8tre les taches, dissout graisse et salet\u00e9s et redonne \u00e9clat et aspect neuf aux Jantes.\" \/>\n<meta property=\"og:url\" content=\"https:\/\/sella-industrie.com\/fr_fr\/produit\/decontaminant-jantes-v6-oxy-500ml-\u0645\u0637\u0647\u0631-\u0627\u0644\u062c\u0646\u0637\/\" \/>\n<meta property=\"og:site_name\" content=\"Boutique &quot;V6&quot;\" \/>\n<meta property=\"article:modified_time\" content=\"2026-02-15T09:32:05+00:00\" \/>\n<meta property=\"og:image\" content=\"https:\/\/sella-industrie.com\/wp-content\/uploads\/2025\/03\/12-OXY-1.png\" \/>\n\t<meta property=\"og:image:width\" content=\"1000\" \/>\n\t<meta property=\"og:image:height\" content=\"1000\" \/>\n\t<meta property=\"og:image:type\" content=\"image\/png\" \/>\n<meta name=\"twitter:card\" content=\"summary_large_image\" \/>\n<meta name=\"twitter:label1\" content=\"Prix\" \/>\n\t<meta name=\"twitter:data1\" content=\"&#x62f;.&#x62c;&nbsp;650\" \/>\n\t<meta name=\"twitter:label2\" content=\"Disponibilit\u00e9\" \/>\n\t<meta name=\"twitter:data2\" content=\"En stock\" \/>\n<script type=\"application\/ld+json\" class=\"yoast-schema-graph\">{\"@context\":\"https:\\\/\\\/schema.org\",\"@graph\":[{\"@type\":\"WebPage\",\"@id\":\"https:\\\/\\\/sella-industrie.com\\\/produit\\\/decontaminant-jantes-v6-oxy-500ml-%d9%85%d8%b7%d9%87%d8%b1-%d8%a7%d9%84%d8%ac%d9%86%d8%b7\\\/\",\"url\":\"https:\\\/\\\/sella-industrie.com\\\/produit\\\/decontaminant-jantes-v6-oxy-500ml-%d9%85%d8%b7%d9%87%d8%b1-%d8%a7%d9%84%d8%ac%d9%86%d8%b7\\\/\",\"name\":\"D\u00e9contaminant jantes V6 OXY - Boutique &quot;V6&quot;\",\"isPartOf\":{\"@id\":\"https:\\\/\\\/sella-industrie.com\\\/#website\"},\"primaryImageOfPage\":{\"@id\":\"https:\\\/\\\/sella-industrie.com\\\/produit\\\/decontaminant-jantes-v6-oxy-500ml-%d9%85%d8%b7%d9%87%d8%b1-%d8%a7%d9%84%d8%ac%d9%86%d8%b7\\\/#primaryimage\"},\"image\":{\"@id\":\"https:\\\/\\\/sella-industrie.com\\\/produit\\\/decontaminant-jantes-v6-oxy-500ml-%d9%85%d8%b7%d9%87%d8%b1-%d8%a7%d9%84%d8%ac%d9%86%d8%b7\\\/#primaryimage\"},\"thumbnailUrl\":\"https:\\\/\\\/sella-industrie.com\\\/wp-content\\\/uploads\\\/2025\\\/03\\\/12-OXY-1.png\",\"datePublished\":\"2025-06-19T10:51:31+00:00\",\"dateModified\":\"2026-02-15T09:32:05+00:00\",\"description\":\"D\u00e9contaminant jantes V6 OXY 500 ml. Nettoyant jantes puissant qui p\u00e9n\u00e8tre les taches, dissout graisse et salet\u00e9s et redonne \u00e9clat et aspect neuf aux Jantes.\",\"breadcrumb\":{\"@id\":\"https:\\\/\\\/sella-industrie.com\\\/produit\\\/decontaminant-jantes-v6-oxy-500ml-%d9%85%d8%b7%d9%87%d8%b1-%d8%a7%d9%84%d8%ac%d9%86%d8%b7\\\/#breadcrumb\"},\"inLanguage\":\"fr-FR\",\"potentialAction\":[{\"@type\":\"ReadAction\",\"target\":[\"https:\\\/\\\/sella-industrie.com\\\/produit\\\/decontaminant-jantes-v6-oxy-500ml-%d9%85%d8%b7%d9%87%d8%b1-%d8%a7%d9%84%d8%ac%d9%86%d8%b7\\\/\"]}]},{\"@type\":\"ImageObject\",\"inLanguage\":\"fr-FR\",\"@id\":\"https:\\\/\\\/sella-industrie.com\\\/produit\\\/decontaminant-jantes-v6-oxy-500ml-%d9%85%d8%b7%d9%87%d8%b1-%d8%a7%d9%84%d8%ac%d9%86%d8%b7\\\/#primaryimage\",\"url\":\"https:\\\/\\\/sella-industrie.com\\\/wp-content\\\/uploads\\\/2025\\\/03\\\/12-OXY-1.png\",\"contentUrl\":\"https:\\\/\\\/sella-industrie.com\\\/wp-content\\\/uploads\\\/2025\\\/03\\\/12-OXY-1.png\",\"width\":1000,\"height\":1000,\"caption\":\"D\u00e9contaminant jantes V6 OXY\"},{\"@type\":\"BreadcrumbList\",\"@id\":\"https:\\\/\\\/sella-industrie.com\\\/produit\\\/decontaminant-jantes-v6-oxy-500ml-%d9%85%d8%b7%d9%87%d8%b1-%d8%a7%d9%84%d8%ac%d9%86%d8%b7\\\/#breadcrumb\",\"itemListElement\":[{\"@type\":\"ListItem\",\"position\":1,\"name\":\"Accueil\",\"item\":\"https:\\\/\\\/sella-industrie.com\\\/fr_fr\\\/\"},{\"@type\":\"ListItem\",\"position\":2,\"name\":\"Shop\",\"item\":\"https:\\\/\\\/sella-industrie.com\\\/fr_fr\\\/shop\\\/\"},{\"@type\":\"ListItem\",\"position\":3,\"name\":\"V6 500 ML\",\"item\":\"https:\\\/\\\/sella-industrie.com\\\/categorie-produit\\\/v6-500-ml\\\/\"},{\"@type\":\"ListItem\",\"position\":4,\"name\":\"D\u00e9contaminant jantes V6 OXY\"}]},{\"@type\":\"WebSite\",\"@id\":\"https:\\\/\\\/sella-industrie.com\\\/#website\",\"url\":\"https:\\\/\\\/sella-industrie.com\\\/\",\"name\":\"Boutique &quot;V6&quot;\",\"description\":\"We care for your car\",\"publisher\":{\"@id\":\"https:\\\/\\\/sella-industrie.com\\\/#organization\"},\"potentialAction\":[{\"@type\":\"SearchAction\",\"target\":{\"@type\":\"EntryPoint\",\"urlTemplate\":\"https:\\\/\\\/sella-industrie.com\\\/?s={search_term_string}\"},\"query-input\":{\"@type\":\"PropertyValueSpecification\",\"valueRequired\":true,\"valueName\":\"search_term_string\"}}],\"inLanguage\":\"fr-FR\"},{\"@type\":\"Organization\",\"@id\":\"https:\\\/\\\/sella-industrie.com\\\/#organization\",\"name\":\"Boutique &quot;V6&quot;\",\"url\":\"https:\\\/\\\/sella-industrie.com\\\/\",\"logo\":{\"@type\":\"ImageObject\",\"inLanguage\":\"fr-FR\",\"@id\":\"https:\\\/\\\/sella-industrie.com\\\/#\\\/schema\\\/logo\\\/image\\\/\",\"url\":\"\",\"contentUrl\":\"\",\"caption\":\"Boutique &quot;V6&quot;\"},\"image\":{\"@id\":\"https:\\\/\\\/sella-industrie.com\\\/#\\\/schema\\\/logo\\\/image\\\/\"}}]}<\/script>\n<meta property=\"product:price:amount\" content=\"650\" \/>\n<meta property=\"product:price:currency\" content=\"DZD\" \/>\n<meta property=\"og:availability\" content=\"instock\" \/>\n<meta property=\"product:availability\" content=\"instock\" \/>\n<meta property=\"product:condition\" content=\"new\" \/>\n<!-- \/ Yoast SEO plugin. -->","yoast_head_json":{"title":"D\u00e9contaminant jantes V6 OXY - Boutique &quot;V6&quot;","description":"D\u00e9contaminant jantes V6 OXY 500 ml. Nettoyant jantes puissant qui p\u00e9n\u00e8tre les taches, dissout graisse et salet\u00e9s et redonne \u00e9clat et aspect neuf aux Jantes.","robots":{"index":"index","follow":"follow","max-snippet":"max-snippet:-1","max-image-preview":"max-image-preview:large","max-video-preview":"max-video-preview:-1"},"canonical":"https:\/\/sella-industrie.com\/fr_fr\/produit\/decontaminant-jantes-v6-oxy-500ml-\u0645\u0637\u0647\u0631-\u0627\u0644\u062c\u0646\u0637\/","og_locale":"fr_FR","og_type":"article","og_title":"D\u00e9contaminant jantes V6 OXY - Boutique &quot;V6&quot;","og_description":"D\u00e9contaminant jantes V6 OXY 500 ml. Nettoyant jantes puissant qui p\u00e9n\u00e8tre les taches, dissout graisse et salet\u00e9s et redonne \u00e9clat et aspect neuf aux Jantes.","og_url":"https:\/\/sella-industrie.com\/fr_fr\/produit\/decontaminant-jantes-v6-oxy-500ml-\u0645\u0637\u0647\u0631-\u0627\u0644\u062c\u0646\u0637\/","og_site_name":"Boutique &quot;V6&quot;","article_modified_time":"2026-02-15T09:32:05+00:00","og_image":[{"width":1000,"height":1000,"url":"https:\/\/sella-industrie.com\/wp-content\/uploads\/2025\/03\/12-OXY-1.png","type":"image\/png"}],"twitter_card":"summary_large_image","twitter_misc":{"Prix":"&#x62f;.&#x62c;&nbsp;650","Disponibilit\u00e9":"En stock"},"schema":{"@context":"https:\/\/schema.org","@graph":[{"@type":"WebPage","@id":"https:\/\/sella-industrie.com\/produit\/decontaminant-jantes-v6-oxy-500ml-%d9%85%d8%b7%d9%87%d8%b1-%d8%a7%d9%84%d8%ac%d9%86%d8%b7\/","url":"https:\/\/sella-industrie.com\/produit\/decontaminant-jantes-v6-oxy-500ml-%d9%85%d8%b7%d9%87%d8%b1-%d8%a7%d9%84%d8%ac%d9%86%d8%b7\/","name":"D\u00e9contaminant jantes V6 OXY - Boutique &quot;V6&quot;","isPartOf":{"@id":"https:\/\/sella-industrie.com\/#website"},"primaryImageOfPage":{"@id":"https:\/\/sella-industrie.com\/produit\/decontaminant-jantes-v6-oxy-500ml-%d9%85%d8%b7%d9%87%d8%b1-%d8%a7%d9%84%d8%ac%d9%86%d8%b7\/#primaryimage"},"image":{"@id":"https:\/\/sella-industrie.com\/produit\/decontaminant-jantes-v6-oxy-500ml-%d9%85%d8%b7%d9%87%d8%b1-%d8%a7%d9%84%d8%ac%d9%86%d8%b7\/#primaryimage"},"thumbnailUrl":"https:\/\/sella-industrie.com\/wp-content\/uploads\/2025\/03\/12-OXY-1.png","datePublished":"2025-06-19T10:51:31+00:00","dateModified":"2026-02-15T09:32:05+00:00","description":"D\u00e9contaminant jantes V6 OXY 500 ml. Nettoyant jantes puissant qui p\u00e9n\u00e8tre les taches, dissout graisse et salet\u00e9s et redonne \u00e9clat et aspect neuf aux Jantes.","breadcrumb":{"@id":"https:\/\/sella-industrie.com\/produit\/decontaminant-jantes-v6-oxy-500ml-%d9%85%d8%b7%d9%87%d8%b1-%d8%a7%d9%84%d8%ac%d9%86%d8%b7\/#breadcrumb"},"inLanguage":"fr-FR","potentialAction":[{"@type":"ReadAction","target":["https:\/\/sella-industrie.com\/produit\/decontaminant-jantes-v6-oxy-500ml-%d9%85%d8%b7%d9%87%d8%b1-%d8%a7%d9%84%d8%ac%d9%86%d8%b7\/"]}]},{"@type":"ImageObject","inLanguage":"fr-FR","@id":"https:\/\/sella-industrie.com\/produit\/decontaminant-jantes-v6-oxy-500ml-%d9%85%d8%b7%d9%87%d8%b1-%d8%a7%d9%84%d8%ac%d9%86%d8%b7\/#primaryimage","url":"https:\/\/sella-industrie.com\/wp-content\/uploads\/2025\/03\/12-OXY-1.png","contentUrl":"https:\/\/sella-industrie.com\/wp-content\/uploads\/2025\/03\/12-OXY-1.png","width":1000,"height":1000,"caption":"D\u00e9contaminant jantes V6 OXY"},{"@type":"BreadcrumbList","@id":"https:\/\/sella-industrie.com\/produit\/decontaminant-jantes-v6-oxy-500ml-%d9%85%d8%b7%d9%87%d8%b1-%d8%a7%d9%84%d8%ac%d9%86%d8%b7\/#breadcrumb","itemListElement":[{"@type":"ListItem","position":1,"name":"Accueil","item":"https:\/\/sella-industrie.com\/fr_fr\/"},{"@type":"ListItem","position":2,"name":"Shop","item":"https:\/\/sella-industrie.com\/fr_fr\/shop\/"},{"@type":"ListItem","position":3,"name":"V6 500 ML","item":"https:\/\/sella-industrie.com\/categorie-produit\/v6-500-ml\/"},{"@type":"ListItem","position":4,"name":"D\u00e9contaminant jantes V6 OXY"}]},{"@type":"WebSite","@id":"https:\/\/sella-industrie.com\/#website","url":"https:\/\/sella-industrie.com\/","name":"Boutique &quot;V6&quot;","description":"We care for your car","publisher":{"@id":"https:\/\/sella-industrie.com\/#organization"},"potentialAction":[{"@type":"SearchAction","target":{"@type":"EntryPoint","urlTemplate":"https:\/\/sella-industrie.com\/?s={search_term_string}"},"query-input":{"@type":"PropertyValueSpecification","valueRequired":true,"valueName":"search_term_string"}}],"inLanguage":"fr-FR"},{"@type":"Organization","@id":"https:\/\/sella-industrie.com\/#organization","name":"Boutique &quot;V6&quot;","url":"https:\/\/sella-industrie.com\/","logo":{"@type":"ImageObject","inLanguage":"fr-FR","@id":"https:\/\/sella-industrie.com\/#\/schema\/logo\/image\/","url":"","contentUrl":"","caption":"Boutique &quot;V6&quot;"},"image":{"@id":"https:\/\/sella-industrie.com\/#\/schema\/logo\/image\/"}}]},"product_price_amount":"650","product_price_currency":"DZD","og_availability":"instock","product_availability":"instock","product_condition":"new"},"_links":{"self":[{"href":"https:\/\/sella-industrie.com\/fr_fr\/wp-json\/wp\/v2\/product\/33013","targetHints":{"allow":["GET"]}}],"collection":[{"href":"https:\/\/sella-industrie.com\/fr_fr\/wp-json\/wp\/v2\/product"}],"about":[{"href":"https:\/\/sella-industrie.com\/fr_fr\/wp-json\/wp\/v2\/types\/product"}],"replies":[{"embeddable":true,"href":"https:\/\/sella-industrie.com\/fr_fr\/wp-json\/wp\/v2\/comments?post=33013"}],"wp:featuredmedia":[{"embeddable":true,"href":"https:\/\/sella-industrie.com\/fr_fr\/wp-json\/wp\/v2\/media\/31465"}],"wp:attachment":[{"href":"https:\/\/sella-industrie.com\/fr_fr\/wp-json\/wp\/v2\/media?parent=33013"}],"wp:term":[{"taxonomy":"product_brand","embeddable":true,"href":"https:\/\/sella-industrie.com\/fr_fr\/wp-json\/wp\/v2\/product_brand?post=33013"},{"taxonomy":"product_cat","embeddable":true,"href":"https:\/\/sella-industrie.com\/fr_fr\/wp-json\/wp\/v2\/product_cat?post=33013"},{"taxonomy":"product_tag","embeddable":true,"href":"https:\/\/sella-industrie.com\/fr_fr\/wp-json\/wp\/v2\/product_tag?post=33013"}],"curies":[{"name":"wp","href":"https:\/\/api.w.org\/{rel}","templated":true}]}}