{"id":30692,"date":"2024-07-15T09:33:32","date_gmt":"2024-07-15T09:33:32","guid":{"rendered":"https:\/\/v6.sellaindustrie.com\/?post_type=product&#038;p=30692"},"modified":"2025-07-17T09:21:46","modified_gmt":"2025-07-17T09:21:46","slug":"nettoyant-tissus","status":"publish","type":"product","link":"https:\/\/sella-industrie.com\/fr_fr\/produit\/nettoyant-tissus\/","title":{"rendered":"Nettoyant Tissus"},"content":{"rendered":"<h2 style=\"text-align: center;\">Nettoyant Tissus<\/h2>\n<h2 style=\"text-align: center;\">\u0645\u0646\u0638\u0641 \u200b\u200b\u0627\u0644\u0623\u0642\u0645\u0634\u0629<\/h2>\n<p><span style=\"color: #666699;\"><strong>Le Nettoyant GS27<\/strong><\/span> Nettoie et ravive les tissus. Le Nettoyant Tissus GS27 CLASSICS nettoie et ravive les tissus, moquettes et tapis de votre voiture.<br \/>\nSa mousse active, aux propri\u00e9t\u00e9s antistatiques, traite les fibres, absorbe les salet\u00e9s et ravive les couleurs.<br \/>\nApr\u00e8s s\u00e9chage, il laisse un conglom\u00e9rat de salissures tr\u00e8s sec, facilement \u00e9liminable avec un aspirateur.<br \/>\nDangereux &#8211; respecter les pr\u00e9cautions d&#8217;emploi.<br \/>\nR\u00e9f\u00e9rence : CL110123<br \/>\n300 ml &#8211; GS27 CLASSICS.<\/p>\n<p style=\"text-align: right;\"><span style=\"color: #666699;\"><strong>\u0645\u0646\u0638\u0641 \u200b\u200b\u0627\u0644\u0623\u0642\u0645\u0634\u0629<\/strong><\/span>\u00a0 \u064a\u0646\u0638\u0641 \u0648\u064a\u0646\u0639\u0634 \u0627\u0644\u0623\u0642\u0645\u0634\u0629. \u0645\u0646\u0638\u0641 \u0627\u0644\u0623\u0642\u0645\u0634\u0629\u00a0 \u0643\u0644\u0627\u0633\u064a\u0643\u0633 \u064a\u0646\u0638\u0641 \u0648\u064a\u0646\u0639\u0634 \u0623\u0642\u0645\u0634\u0629 \u0633\u064a\u0627\u0631\u062a\u0643\u060c \u0648\u0627\u0644\u0633\u062c\u0627\u062f\u060c \u0648\u0633\u062c\u0627\u062f \u0627\u0644\u0623\u0631\u0636\u064a\u0627\u062a<br \/>\n\u0631\u063a\u0648\u062a\u0647 \u0627\u0644\u0646\u0634\u0637\u0629\u060c \u0628\u062e\u0635\u0627\u0626\u0635\u0647\u0627 \u0627\u0644\u0645\u0636\u0627\u062f\u0629 \u0644\u0644\u0643\u0647\u0631\u0628\u0627\u0621 \u0627\u0644\u0633\u0627\u0643\u0646\u0629\u060c \u062a\u0639\u0627\u0644\u062c \u0627\u0644\u0623\u0644\u064a\u0627\u0641\u060c \u0648\u062a\u0645\u062a\u0635 \u0627\u0644\u0623\u0648\u0633\u0627\u062e\u060c \u0648\u062a\u0646\u0639\u0634 \u0627\u0644\u0623\u0644\u0648\u0627\u0646<br \/>\n\u0628\u0639\u062f \u0627\u0644\u062c\u0641\u0627\u0641\u060c \u064a\u062a\u0631\u0643 \u0641\u0648\u0636\u0649 \u062c\u0627\u0641\u0629 \u062c\u062f\u064b\u0627\u060c \u064a\u0633\u0647\u0644 \u062a\u0646\u0638\u064a\u0641\u0647\u0627 \u0628\u0627\u0644\u0645\u0643\u0646\u0633\u0629 \u0627\u0644\u0643\u0647\u0631\u0628\u0627\u0626\u064a\u0629<br \/>\n\u062e\u0637\u0631 &#8211; \u0627\u062a\u0628\u0639 \u0627\u062d\u062a\u064a\u0627\u0637\u0627\u062a \u0627\u0644\u0627\u0633\u062a\u062e\u062f\u0627\u0645<br \/>\nCL110123<br \/>\n.300 \u0645\u0644 &#8211; GS27 \u0627\u0644\u0645\u0631\u062c\u0639: \u0643\u0644\u0627\u0633\u064a\u0643\u0633<\/p>\n","protected":false},"excerpt":{"rendered":"<p><span style=\"color: #666699;\"><span style=\"color: #000000;\">Le Produit GS27 est un<\/span> <strong>Nettoyant tissus <\/strong><span style=\"color: #000000;\">\u00e0 Mousse nettoyante efficace pour tissus auto : d\u00e9tache en profondeur, ravive les couleurs et laisse un int\u00e9rieur propre et frais, sans ab\u00eemer les fibres<\/span><\/span><\/p>\n<p style=\"text-align: right;\">\u0627\u0644\u0645\u0646\u062a\u062c\u00a0 \u0647\u0648 <span style=\"color: #666699;\"><strong>\u0645\u0646\u0638\u0641 \u0631\u063a\u0648\u064a \u0641\u0639\u0627\u0644 \u0644\u0644\u0623\u0642\u0645\u0634\u0629<\/strong><\/span> \u0644\u0625\u0632\u0627\u0644\u0629 \u0627\u0644\u0628\u0642\u0639 \u0648\u0625\u062d\u064a\u0627\u0621 \u0627\u0644\u0623\u0644\u0648\u0627\u0646 \u0648\u062a\u062d\u062f\u064a\u062b \u0645\u0642\u0627\u0639\u062f \u0627\u0644\u0633\u064a\u0627\u0631\u0629 \u0648\u0627\u0644\u0633\u062c\u0627\u062f \u0648\u0627\u0644\u062d\u0635\u064a\u0631<\/p>\n","protected":false},"featured_media":30693,"comment_status":"open","ping_status":"closed","template":"","meta":[],"product_brand":[312],"product_cat":[582],"product_tag":[579,309],"class_list":{"0":"post-30692","1":"product","2":"type-product","3":"status-publish","4":"has-post-thumbnail","6":"product_brand-gs-27","7":"product_cat-produits-dentretien-auto-gs27","8":"product_tag-nettoyant-tissus","9":"product_tag-new","11":"first","12":"instock","13":"taxable","14":"shipping-taxable","15":"purchasable","16":"product-type-simple"},"yoast_head":"<!-- This site is optimized with the Yoast SEO plugin v27.4 - https:\/\/yoast.com\/product\/yoast-seo-wordpress\/ -->\n<title>Nettoyant Tissus - Boutique &quot;V6&quot;<\/title>\n<meta name=\"robots\" content=\"index, follow, max-snippet:-1, max-image-preview:large, max-video-preview:-1\" \/>\n<link rel=\"canonical\" href=\"https:\/\/sella-industrie.com\/fr_fr\/produit\/nettoyant-tissus\/\" \/>\n<meta property=\"og:locale\" content=\"fr_FR\" \/>\n<meta property=\"og:type\" content=\"article\" \/>\n<meta property=\"og:title\" content=\"Nettoyant Tissus - Boutique &quot;V6&quot;\" \/>\n<meta property=\"og:description\" content=\"Le Produit GS27 est un Nettoyant tissus \u00e0 Mousse nettoyante efficace pour tissus auto : d\u00e9tache en profondeur, ravive les couleurs et laisse un int\u00e9rieur propre et frais, sans ab\u00eemer les fibres \u0627\u0644\u0645\u0646\u062a\u062c\u00a0 \u0647\u0648 \u0645\u0646\u0638\u0641 \u0631\u063a\u0648\u064a \u0641\u0639\u0627\u0644 \u0644\u0644\u0623\u0642\u0645\u0634\u0629 \u0644\u0625\u0632\u0627\u0644\u0629 \u0627\u0644\u0628\u0642\u0639 \u0648\u0625\u062d\u064a\u0627\u0621 \u0627\u0644\u0623\u0644\u0648\u0627\u0646 \u0648\u062a\u062d\u062f\u064a\u062b \u0645\u0642\u0627\u0639\u062f \u0627\u0644\u0633\u064a\u0627\u0631\u0629 \u0648\u0627\u0644\u0633\u062c\u0627\u062f \u0648\u0627\u0644\u062d\u0635\u064a\u0631\" \/>\n<meta property=\"og:url\" content=\"https:\/\/sella-industrie.com\/fr_fr\/produit\/nettoyant-tissus\/\" \/>\n<meta property=\"og:site_name\" content=\"Boutique &quot;V6&quot;\" \/>\n<meta property=\"article:modified_time\" content=\"2025-07-17T09:21:46+00:00\" \/>\n<meta property=\"og:image\" content=\"https:\/\/sella-industrie.com\/wp-content\/uploads\/2024\/07\/NETTOYANT-TISSUS-BP90415-300-ML-IMG1.png\" \/>\n\t<meta property=\"og:image:width\" content=\"1000\" \/>\n\t<meta property=\"og:image:height\" content=\"1000\" \/>\n\t<meta property=\"og:image:type\" content=\"image\/png\" \/>\n<meta name=\"twitter:card\" content=\"summary_large_image\" \/>\n<meta name=\"twitter:label1\" content=\"Prix\" \/>\n\t<meta name=\"twitter:data1\" content=\"&#x62f;.&#x62c;&nbsp;1.000\" \/>\n\t<meta name=\"twitter:label2\" content=\"Disponibilit\u00e9\" \/>\n\t<meta name=\"twitter:data2\" content=\"En stock\" \/>\n<script type=\"application\/ld+json\" class=\"yoast-schema-graph\">{\"@context\":\"https:\\\/\\\/schema.org\",\"@graph\":[{\"@type\":\"WebPage\",\"@id\":\"https:\\\/\\\/sella-industrie.com\\\/produit\\\/nettoyant-tissus\\\/\",\"url\":\"https:\\\/\\\/sella-industrie.com\\\/produit\\\/nettoyant-tissus\\\/\",\"name\":\"Nettoyant Tissus - Boutique &quot;V6&quot;\",\"isPartOf\":{\"@id\":\"https:\\\/\\\/sella-industrie.com\\\/#website\"},\"primaryImageOfPage\":{\"@id\":\"https:\\\/\\\/sella-industrie.com\\\/produit\\\/nettoyant-tissus\\\/#primaryimage\"},\"image\":{\"@id\":\"https:\\\/\\\/sella-industrie.com\\\/produit\\\/nettoyant-tissus\\\/#primaryimage\"},\"thumbnailUrl\":\"https:\\\/\\\/sella-industrie.com\\\/wp-content\\\/uploads\\\/2024\\\/07\\\/NETTOYANT-TISSUS-BP90415-300-ML-IMG1.png\",\"datePublished\":\"2024-07-15T09:33:32+00:00\",\"dateModified\":\"2025-07-17T09:21:46+00:00\",\"breadcrumb\":{\"@id\":\"https:\\\/\\\/sella-industrie.com\\\/produit\\\/nettoyant-tissus\\\/#breadcrumb\"},\"inLanguage\":\"fr-FR\",\"potentialAction\":[{\"@type\":\"ReadAction\",\"target\":[\"https:\\\/\\\/sella-industrie.com\\\/produit\\\/nettoyant-tissus\\\/\"]}]},{\"@type\":\"ImageObject\",\"inLanguage\":\"fr-FR\",\"@id\":\"https:\\\/\\\/sella-industrie.com\\\/produit\\\/nettoyant-tissus\\\/#primaryimage\",\"url\":\"https:\\\/\\\/sella-industrie.com\\\/wp-content\\\/uploads\\\/2024\\\/07\\\/NETTOYANT-TISSUS-BP90415-300-ML-IMG1.png\",\"contentUrl\":\"https:\\\/\\\/sella-industrie.com\\\/wp-content\\\/uploads\\\/2024\\\/07\\\/NETTOYANT-TISSUS-BP90415-300-ML-IMG1.png\",\"width\":1000,\"height\":1000,\"caption\":\"Nettoyant Tissus\"},{\"@type\":\"BreadcrumbList\",\"@id\":\"https:\\\/\\\/sella-industrie.com\\\/produit\\\/nettoyant-tissus\\\/#breadcrumb\",\"itemListElement\":[{\"@type\":\"ListItem\",\"position\":1,\"name\":\"Accueil\",\"item\":\"https:\\\/\\\/sella-industrie.com\\\/fr_fr\\\/\"},{\"@type\":\"ListItem\",\"position\":2,\"name\":\"Shop\",\"item\":\"https:\\\/\\\/sella-industrie.com\\\/fr_fr\\\/shop\\\/\"},{\"@type\":\"ListItem\",\"position\":3,\"name\":\"GS27, Produits d'Entretien Auto\",\"item\":\"https:\\\/\\\/sella-industrie.com\\\/categorie-produit\\\/produits-dentretien-auto-gs27\\\/\"},{\"@type\":\"ListItem\",\"position\":4,\"name\":\"NETTOYANT TISSUS\"}]},{\"@type\":\"WebSite\",\"@id\":\"https:\\\/\\\/sella-industrie.com\\\/#website\",\"url\":\"https:\\\/\\\/sella-industrie.com\\\/\",\"name\":\"Boutique &quot;V6&quot;\",\"description\":\"We care for your car\",\"publisher\":{\"@id\":\"https:\\\/\\\/sella-industrie.com\\\/#organization\"},\"potentialAction\":[{\"@type\":\"SearchAction\",\"target\":{\"@type\":\"EntryPoint\",\"urlTemplate\":\"https:\\\/\\\/sella-industrie.com\\\/?s={search_term_string}\"},\"query-input\":{\"@type\":\"PropertyValueSpecification\",\"valueRequired\":true,\"valueName\":\"search_term_string\"}}],\"inLanguage\":\"fr-FR\"},{\"@type\":\"Organization\",\"@id\":\"https:\\\/\\\/sella-industrie.com\\\/#organization\",\"name\":\"Boutique &quot;V6&quot;\",\"url\":\"https:\\\/\\\/sella-industrie.com\\\/\",\"logo\":{\"@type\":\"ImageObject\",\"inLanguage\":\"fr-FR\",\"@id\":\"https:\\\/\\\/sella-industrie.com\\\/#\\\/schema\\\/logo\\\/image\\\/\",\"url\":\"\",\"contentUrl\":\"\",\"caption\":\"Boutique &quot;V6&quot;\"},\"image\":{\"@id\":\"https:\\\/\\\/sella-industrie.com\\\/#\\\/schema\\\/logo\\\/image\\\/\"}}]}<\/script>\n<meta property=\"product:price:amount\" content=\"1000\" \/>\n<meta property=\"product:price:currency\" content=\"DZD\" \/>\n<meta property=\"og:availability\" content=\"instock\" \/>\n<meta property=\"product:availability\" content=\"instock\" \/>\n<meta property=\"product:condition\" content=\"new\" \/>\n<!-- \/ Yoast SEO plugin. -->","yoast_head_json":{"title":"Nettoyant Tissus - Boutique &quot;V6&quot;","robots":{"index":"index","follow":"follow","max-snippet":"max-snippet:-1","max-image-preview":"max-image-preview:large","max-video-preview":"max-video-preview:-1"},"canonical":"https:\/\/sella-industrie.com\/fr_fr\/produit\/nettoyant-tissus\/","og_locale":"fr_FR","og_type":"article","og_title":"Nettoyant Tissus - Boutique &quot;V6&quot;","og_description":"Le Produit GS27 est un Nettoyant tissus \u00e0 Mousse nettoyante efficace pour tissus auto : d\u00e9tache en profondeur, ravive les couleurs et laisse un int\u00e9rieur propre et frais, sans ab\u00eemer les fibres \u0627\u0644\u0645\u0646\u062a\u062c\u00a0 \u0647\u0648 \u0645\u0646\u0638\u0641 \u0631\u063a\u0648\u064a \u0641\u0639\u0627\u0644 \u0644\u0644\u0623\u0642\u0645\u0634\u0629 \u0644\u0625\u0632\u0627\u0644\u0629 \u0627\u0644\u0628\u0642\u0639 \u0648\u0625\u062d\u064a\u0627\u0621 \u0627\u0644\u0623\u0644\u0648\u0627\u0646 \u0648\u062a\u062d\u062f\u064a\u062b \u0645\u0642\u0627\u0639\u062f \u0627\u0644\u0633\u064a\u0627\u0631\u0629 \u0648\u0627\u0644\u0633\u062c\u0627\u062f \u0648\u0627\u0644\u062d\u0635\u064a\u0631","og_url":"https:\/\/sella-industrie.com\/fr_fr\/produit\/nettoyant-tissus\/","og_site_name":"Boutique &quot;V6&quot;","article_modified_time":"2025-07-17T09:21:46+00:00","og_image":[{"width":1000,"height":1000,"url":"https:\/\/sella-industrie.com\/wp-content\/uploads\/2024\/07\/NETTOYANT-TISSUS-BP90415-300-ML-IMG1.png","type":"image\/png"}],"twitter_card":"summary_large_image","twitter_misc":{"Prix":"&#x62f;.&#x62c;&nbsp;1.000","Disponibilit\u00e9":"En stock"},"schema":{"@context":"https:\/\/schema.org","@graph":[{"@type":"WebPage","@id":"https:\/\/sella-industrie.com\/produit\/nettoyant-tissus\/","url":"https:\/\/sella-industrie.com\/produit\/nettoyant-tissus\/","name":"Nettoyant Tissus - Boutique &quot;V6&quot;","isPartOf":{"@id":"https:\/\/sella-industrie.com\/#website"},"primaryImageOfPage":{"@id":"https:\/\/sella-industrie.com\/produit\/nettoyant-tissus\/#primaryimage"},"image":{"@id":"https:\/\/sella-industrie.com\/produit\/nettoyant-tissus\/#primaryimage"},"thumbnailUrl":"https:\/\/sella-industrie.com\/wp-content\/uploads\/2024\/07\/NETTOYANT-TISSUS-BP90415-300-ML-IMG1.png","datePublished":"2024-07-15T09:33:32+00:00","dateModified":"2025-07-17T09:21:46+00:00","breadcrumb":{"@id":"https:\/\/sella-industrie.com\/produit\/nettoyant-tissus\/#breadcrumb"},"inLanguage":"fr-FR","potentialAction":[{"@type":"ReadAction","target":["https:\/\/sella-industrie.com\/produit\/nettoyant-tissus\/"]}]},{"@type":"ImageObject","inLanguage":"fr-FR","@id":"https:\/\/sella-industrie.com\/produit\/nettoyant-tissus\/#primaryimage","url":"https:\/\/sella-industrie.com\/wp-content\/uploads\/2024\/07\/NETTOYANT-TISSUS-BP90415-300-ML-IMG1.png","contentUrl":"https:\/\/sella-industrie.com\/wp-content\/uploads\/2024\/07\/NETTOYANT-TISSUS-BP90415-300-ML-IMG1.png","width":1000,"height":1000,"caption":"Nettoyant Tissus"},{"@type":"BreadcrumbList","@id":"https:\/\/sella-industrie.com\/produit\/nettoyant-tissus\/#breadcrumb","itemListElement":[{"@type":"ListItem","position":1,"name":"Accueil","item":"https:\/\/sella-industrie.com\/fr_fr\/"},{"@type":"ListItem","position":2,"name":"Shop","item":"https:\/\/sella-industrie.com\/fr_fr\/shop\/"},{"@type":"ListItem","position":3,"name":"GS27, Produits d'Entretien Auto","item":"https:\/\/sella-industrie.com\/categorie-produit\/produits-dentretien-auto-gs27\/"},{"@type":"ListItem","position":4,"name":"NETTOYANT TISSUS"}]},{"@type":"WebSite","@id":"https:\/\/sella-industrie.com\/#website","url":"https:\/\/sella-industrie.com\/","name":"Boutique &quot;V6&quot;","description":"We care for your car","publisher":{"@id":"https:\/\/sella-industrie.com\/#organization"},"potentialAction":[{"@type":"SearchAction","target":{"@type":"EntryPoint","urlTemplate":"https:\/\/sella-industrie.com\/?s={search_term_string}"},"query-input":{"@type":"PropertyValueSpecification","valueRequired":true,"valueName":"search_term_string"}}],"inLanguage":"fr-FR"},{"@type":"Organization","@id":"https:\/\/sella-industrie.com\/#organization","name":"Boutique &quot;V6&quot;","url":"https:\/\/sella-industrie.com\/","logo":{"@type":"ImageObject","inLanguage":"fr-FR","@id":"https:\/\/sella-industrie.com\/#\/schema\/logo\/image\/","url":"","contentUrl":"","caption":"Boutique &quot;V6&quot;"},"image":{"@id":"https:\/\/sella-industrie.com\/#\/schema\/logo\/image\/"}}]},"product_price_amount":"1000","product_price_currency":"DZD","og_availability":"instock","product_availability":"instock","product_condition":"new"},"_links":{"self":[{"href":"https:\/\/sella-industrie.com\/fr_fr\/wp-json\/wp\/v2\/product\/30692","targetHints":{"allow":["GET"]}}],"collection":[{"href":"https:\/\/sella-industrie.com\/fr_fr\/wp-json\/wp\/v2\/product"}],"about":[{"href":"https:\/\/sella-industrie.com\/fr_fr\/wp-json\/wp\/v2\/types\/product"}],"replies":[{"embeddable":true,"href":"https:\/\/sella-industrie.com\/fr_fr\/wp-json\/wp\/v2\/comments?post=30692"}],"wp:featuredmedia":[{"embeddable":true,"href":"https:\/\/sella-industrie.com\/fr_fr\/wp-json\/wp\/v2\/media\/30693"}],"wp:attachment":[{"href":"https:\/\/sella-industrie.com\/fr_fr\/wp-json\/wp\/v2\/media?parent=30692"}],"wp:term":[{"taxonomy":"product_brand","embeddable":true,"href":"https:\/\/sella-industrie.com\/fr_fr\/wp-json\/wp\/v2\/product_brand?post=30692"},{"taxonomy":"product_cat","embeddable":true,"href":"https:\/\/sella-industrie.com\/fr_fr\/wp-json\/wp\/v2\/product_cat?post=30692"},{"taxonomy":"product_tag","embeddable":true,"href":"https:\/\/sella-industrie.com\/fr_fr\/wp-json\/wp\/v2\/product_tag?post=30692"}],"curies":[{"name":"wp","href":"https:\/\/api.w.org\/{rel}","templated":true}]}}