{"id":30670,"date":"2024-07-15T09:16:38","date_gmt":"2024-07-15T09:16:38","guid":{"rendered":"https:\/\/v6.sellaindustrie.com\/?post_type=product&#038;p=30670"},"modified":"2025-07-17T09:22:18","modified_gmt":"2025-07-17T09:22:18","slug":"nettoyant-tous-textiles-triple-action","status":"publish","type":"product","link":"https:\/\/sella-industrie.com\/fr_fr\/produit\/nettoyant-tous-textiles-triple-action\/","title":{"rendered":"NETTOYANT TOUS TEXTILES &#8211; TRIPLE ACTION"},"content":{"rendered":"","protected":false},"excerpt":{"rendered":"<p>Elimine, nettoie et ravive les textiles. Gr\u00e2ce \u00e0 la mousse active du\u00a0Nettoyant Tous Textiles Triple Action\u00a0GS27 CLASSICS,\u00a0\u00e9liminez\u00a0rapidement toutes les\u00a0taches sur les tissus\u00a0de votre v\u00e9hicule. Il\u00a0nettoie\u00a0le textile\u00a0en profondeur\u00a0et\u00a0ravive\u00a0sa\u00a0couleur d&rsquo;origine.<br \/>\nSa brosse sp\u00e9cifique d\u00e9sincruste les salissures m\u00eame les plus tenaces. Sa forme allong\u00e9e permet de nettoyer facilement les coins des si\u00e8ges et des banquettes.<br \/>\nLe neutralisateur d&rsquo;odeurs int\u00e9gr\u00e9 \u00e9limine les mauvaises odeurs et apporte une note de fra\u00eecheur \u00e0 vos textiles. Pour maintenir cette odeur, nous vous recommandons d\u2019utiliser un d\u00e9sodorisant neutralisateur d\u2019odeur tel que le\u00a0<a href=\"https:\/\/www.gs27.com\/desodorisant-voiture-a-pulveriser\/481-deocar-spray-voiture-neuve-3352349944253.html\">D\u00e9ocar Spray new car<\/a>.<br \/>\nR\u00e9f\u00e9rence : CL110261<\/p>\n<p>400 ml\u00a0&#8211;\u00a0GS27 CLASSICS.<\/p>\n","protected":false},"featured_media":30671,"comment_status":"open","ping_status":"closed","template":"","meta":[],"product_brand":[312],"product_cat":[582],"product_tag":[576,309],"class_list":{"0":"post-30670","1":"product","2":"type-product","3":"status-publish","4":"has-post-thumbnail","6":"product_brand-gs-27","7":"product_cat-produits-dentretien-auto-gs27","8":"product_tag-nettoyant-tous-textiles-triple-action","9":"product_tag-new","11":"first","12":"instock","13":"taxable","14":"shipping-taxable","15":"purchasable","16":"product-type-simple"},"yoast_head":"<!-- This site is optimized with the Yoast SEO plugin v27.4 - https:\/\/yoast.com\/product\/yoast-seo-wordpress\/ -->\n<title>NETTOYANT TOUS TEXTILES - TRIPLE ACTION - Boutique &quot;V6&quot;<\/title>\n<meta name=\"robots\" content=\"index, follow, max-snippet:-1, max-image-preview:large, max-video-preview:-1\" \/>\n<link rel=\"canonical\" href=\"https:\/\/sella-industrie.com\/fr_fr\/produit\/nettoyant-tous-textiles-triple-action\/\" \/>\n<meta property=\"og:locale\" content=\"fr_FR\" \/>\n<meta property=\"og:type\" content=\"article\" \/>\n<meta property=\"og:title\" content=\"NETTOYANT TOUS TEXTILES - TRIPLE ACTION - Boutique &quot;V6&quot;\" \/>\n<meta property=\"og:description\" content=\"Elimine, nettoie et ravive les textiles. Gr\u00e2ce \u00e0 la mousse active du\u00a0Nettoyant Tous Textiles Triple Action\u00a0GS27 CLASSICS,\u00a0\u00e9liminez\u00a0rapidement toutes les\u00a0taches sur les tissus\u00a0de votre v\u00e9hicule. Il\u00a0nettoie\u00a0le textile\u00a0en profondeur\u00a0et\u00a0ravive\u00a0sa\u00a0couleur d&#039;origine. Sa brosse sp\u00e9cifique d\u00e9sincruste les salissures m\u00eame les plus tenaces. Sa forme allong\u00e9e permet de nettoyer facilement les coins des si\u00e8ges et des banquettes. Le neutralisateur d&#039;odeurs int\u00e9gr\u00e9 \u00e9limine les mauvaises odeurs et apporte une note de fra\u00eecheur \u00e0 vos textiles. Pour maintenir cette odeur, nous vous recommandons d\u2019utiliser un d\u00e9sodorisant neutralisateur d\u2019odeur tel que le\u00a0D\u00e9ocar Spray new car. R\u00e9f\u00e9rence : CL110261  400 ml\u00a0-\u00a0GS27 CLASSICS.\" \/>\n<meta property=\"og:url\" content=\"https:\/\/sella-industrie.com\/fr_fr\/produit\/nettoyant-tous-textiles-triple-action\/\" \/>\n<meta property=\"og:site_name\" content=\"Boutique &quot;V6&quot;\" \/>\n<meta property=\"article:modified_time\" content=\"2025-07-17T09:22:18+00:00\" \/>\n<meta property=\"og:image\" content=\"https:\/\/sella-industrie.com\/wp-content\/uploads\/2024\/07\/NETTOYANT-TEXTILES-CL-110261-IMG1.png\" \/>\n\t<meta property=\"og:image:width\" content=\"1000\" \/>\n\t<meta property=\"og:image:height\" content=\"1000\" \/>\n\t<meta property=\"og:image:type\" content=\"image\/png\" \/>\n<meta name=\"twitter:card\" content=\"summary_large_image\" \/>\n<meta name=\"twitter:label1\" content=\"Prix\" \/>\n\t<meta name=\"twitter:data1\" content=\"&#x62f;.&#x62c;&nbsp;1.900\" \/>\n\t<meta name=\"twitter:label2\" content=\"Disponibilit\u00e9\" \/>\n\t<meta name=\"twitter:data2\" content=\"En stock\" \/>\n<script type=\"application\/ld+json\" class=\"yoast-schema-graph\">{\"@context\":\"https:\\\/\\\/schema.org\",\"@graph\":[{\"@type\":\"WebPage\",\"@id\":\"https:\\\/\\\/sella-industrie.com\\\/produit\\\/nettoyant-tous-textiles-triple-action\\\/\",\"url\":\"https:\\\/\\\/sella-industrie.com\\\/produit\\\/nettoyant-tous-textiles-triple-action\\\/\",\"name\":\"NETTOYANT TOUS TEXTILES - TRIPLE ACTION - Boutique &quot;V6&quot;\",\"isPartOf\":{\"@id\":\"https:\\\/\\\/sella-industrie.com\\\/#website\"},\"primaryImageOfPage\":{\"@id\":\"https:\\\/\\\/sella-industrie.com\\\/produit\\\/nettoyant-tous-textiles-triple-action\\\/#primaryimage\"},\"image\":{\"@id\":\"https:\\\/\\\/sella-industrie.com\\\/produit\\\/nettoyant-tous-textiles-triple-action\\\/#primaryimage\"},\"thumbnailUrl\":\"https:\\\/\\\/sella-industrie.com\\\/wp-content\\\/uploads\\\/2024\\\/07\\\/NETTOYANT-TEXTILES-CL-110261-IMG1.png\",\"datePublished\":\"2024-07-15T09:16:38+00:00\",\"dateModified\":\"2025-07-17T09:22:18+00:00\",\"breadcrumb\":{\"@id\":\"https:\\\/\\\/sella-industrie.com\\\/produit\\\/nettoyant-tous-textiles-triple-action\\\/#breadcrumb\"},\"inLanguage\":\"fr-FR\",\"potentialAction\":[{\"@type\":\"ReadAction\",\"target\":[\"https:\\\/\\\/sella-industrie.com\\\/produit\\\/nettoyant-tous-textiles-triple-action\\\/\"]}]},{\"@type\":\"ImageObject\",\"inLanguage\":\"fr-FR\",\"@id\":\"https:\\\/\\\/sella-industrie.com\\\/produit\\\/nettoyant-tous-textiles-triple-action\\\/#primaryimage\",\"url\":\"https:\\\/\\\/sella-industrie.com\\\/wp-content\\\/uploads\\\/2024\\\/07\\\/NETTOYANT-TEXTILES-CL-110261-IMG1.png\",\"contentUrl\":\"https:\\\/\\\/sella-industrie.com\\\/wp-content\\\/uploads\\\/2024\\\/07\\\/NETTOYANT-TEXTILES-CL-110261-IMG1.png\",\"width\":1000,\"height\":1000,\"caption\":\"NETTOYANT TOUS TEXTILES - TRIPLE ACTION\"},{\"@type\":\"BreadcrumbList\",\"@id\":\"https:\\\/\\\/sella-industrie.com\\\/produit\\\/nettoyant-tous-textiles-triple-action\\\/#breadcrumb\",\"itemListElement\":[{\"@type\":\"ListItem\",\"position\":1,\"name\":\"Accueil\",\"item\":\"https:\\\/\\\/sella-industrie.com\\\/fr_fr\\\/\"},{\"@type\":\"ListItem\",\"position\":2,\"name\":\"Shop\",\"item\":\"https:\\\/\\\/sella-industrie.com\\\/fr_fr\\\/shop\\\/\"},{\"@type\":\"ListItem\",\"position\":3,\"name\":\"GS27, Produits d'Entretien Auto\",\"item\":\"https:\\\/\\\/sella-industrie.com\\\/categorie-produit\\\/produits-dentretien-auto-gs27\\\/\"},{\"@type\":\"ListItem\",\"position\":4,\"name\":\"NETTOYANT TOUS TEXTILES &#8211; TRIPLE ACTION\"}]},{\"@type\":\"WebSite\",\"@id\":\"https:\\\/\\\/sella-industrie.com\\\/#website\",\"url\":\"https:\\\/\\\/sella-industrie.com\\\/\",\"name\":\"Boutique &quot;V6&quot;\",\"description\":\"We care for your car\",\"publisher\":{\"@id\":\"https:\\\/\\\/sella-industrie.com\\\/#organization\"},\"potentialAction\":[{\"@type\":\"SearchAction\",\"target\":{\"@type\":\"EntryPoint\",\"urlTemplate\":\"https:\\\/\\\/sella-industrie.com\\\/?s={search_term_string}\"},\"query-input\":{\"@type\":\"PropertyValueSpecification\",\"valueRequired\":true,\"valueName\":\"search_term_string\"}}],\"inLanguage\":\"fr-FR\"},{\"@type\":\"Organization\",\"@id\":\"https:\\\/\\\/sella-industrie.com\\\/#organization\",\"name\":\"Boutique &quot;V6&quot;\",\"url\":\"https:\\\/\\\/sella-industrie.com\\\/\",\"logo\":{\"@type\":\"ImageObject\",\"inLanguage\":\"fr-FR\",\"@id\":\"https:\\\/\\\/sella-industrie.com\\\/#\\\/schema\\\/logo\\\/image\\\/\",\"url\":\"\",\"contentUrl\":\"\",\"caption\":\"Boutique &quot;V6&quot;\"},\"image\":{\"@id\":\"https:\\\/\\\/sella-industrie.com\\\/#\\\/schema\\\/logo\\\/image\\\/\"}}]}<\/script>\n<meta property=\"product:price:amount\" content=\"1900\" \/>\n<meta property=\"product:price:currency\" content=\"DZD\" \/>\n<meta property=\"og:availability\" content=\"instock\" \/>\n<meta property=\"product:availability\" content=\"instock\" \/>\n<meta property=\"product:condition\" content=\"new\" \/>\n<!-- \/ Yoast SEO plugin. -->","yoast_head_json":{"title":"NETTOYANT TOUS TEXTILES - TRIPLE ACTION - Boutique &quot;V6&quot;","robots":{"index":"index","follow":"follow","max-snippet":"max-snippet:-1","max-image-preview":"max-image-preview:large","max-video-preview":"max-video-preview:-1"},"canonical":"https:\/\/sella-industrie.com\/fr_fr\/produit\/nettoyant-tous-textiles-triple-action\/","og_locale":"fr_FR","og_type":"article","og_title":"NETTOYANT TOUS TEXTILES - TRIPLE ACTION - Boutique &quot;V6&quot;","og_description":"Elimine, nettoie et ravive les textiles. Gr\u00e2ce \u00e0 la mousse active du\u00a0Nettoyant Tous Textiles Triple Action\u00a0GS27 CLASSICS,\u00a0\u00e9liminez\u00a0rapidement toutes les\u00a0taches sur les tissus\u00a0de votre v\u00e9hicule. Il\u00a0nettoie\u00a0le textile\u00a0en profondeur\u00a0et\u00a0ravive\u00a0sa\u00a0couleur d'origine. Sa brosse sp\u00e9cifique d\u00e9sincruste les salissures m\u00eame les plus tenaces. Sa forme allong\u00e9e permet de nettoyer facilement les coins des si\u00e8ges et des banquettes. Le neutralisateur d'odeurs int\u00e9gr\u00e9 \u00e9limine les mauvaises odeurs et apporte une note de fra\u00eecheur \u00e0 vos textiles. Pour maintenir cette odeur, nous vous recommandons d\u2019utiliser un d\u00e9sodorisant neutralisateur d\u2019odeur tel que le\u00a0D\u00e9ocar Spray new car. R\u00e9f\u00e9rence : CL110261  400 ml\u00a0-\u00a0GS27 CLASSICS.","og_url":"https:\/\/sella-industrie.com\/fr_fr\/produit\/nettoyant-tous-textiles-triple-action\/","og_site_name":"Boutique &quot;V6&quot;","article_modified_time":"2025-07-17T09:22:18+00:00","og_image":[{"width":1000,"height":1000,"url":"https:\/\/sella-industrie.com\/wp-content\/uploads\/2024\/07\/NETTOYANT-TEXTILES-CL-110261-IMG1.png","type":"image\/png"}],"twitter_card":"summary_large_image","twitter_misc":{"Prix":"&#x62f;.&#x62c;&nbsp;1.900","Disponibilit\u00e9":"En stock"},"schema":{"@context":"https:\/\/schema.org","@graph":[{"@type":"WebPage","@id":"https:\/\/sella-industrie.com\/produit\/nettoyant-tous-textiles-triple-action\/","url":"https:\/\/sella-industrie.com\/produit\/nettoyant-tous-textiles-triple-action\/","name":"NETTOYANT TOUS TEXTILES - TRIPLE ACTION - Boutique &quot;V6&quot;","isPartOf":{"@id":"https:\/\/sella-industrie.com\/#website"},"primaryImageOfPage":{"@id":"https:\/\/sella-industrie.com\/produit\/nettoyant-tous-textiles-triple-action\/#primaryimage"},"image":{"@id":"https:\/\/sella-industrie.com\/produit\/nettoyant-tous-textiles-triple-action\/#primaryimage"},"thumbnailUrl":"https:\/\/sella-industrie.com\/wp-content\/uploads\/2024\/07\/NETTOYANT-TEXTILES-CL-110261-IMG1.png","datePublished":"2024-07-15T09:16:38+00:00","dateModified":"2025-07-17T09:22:18+00:00","breadcrumb":{"@id":"https:\/\/sella-industrie.com\/produit\/nettoyant-tous-textiles-triple-action\/#breadcrumb"},"inLanguage":"fr-FR","potentialAction":[{"@type":"ReadAction","target":["https:\/\/sella-industrie.com\/produit\/nettoyant-tous-textiles-triple-action\/"]}]},{"@type":"ImageObject","inLanguage":"fr-FR","@id":"https:\/\/sella-industrie.com\/produit\/nettoyant-tous-textiles-triple-action\/#primaryimage","url":"https:\/\/sella-industrie.com\/wp-content\/uploads\/2024\/07\/NETTOYANT-TEXTILES-CL-110261-IMG1.png","contentUrl":"https:\/\/sella-industrie.com\/wp-content\/uploads\/2024\/07\/NETTOYANT-TEXTILES-CL-110261-IMG1.png","width":1000,"height":1000,"caption":"NETTOYANT TOUS TEXTILES - TRIPLE ACTION"},{"@type":"BreadcrumbList","@id":"https:\/\/sella-industrie.com\/produit\/nettoyant-tous-textiles-triple-action\/#breadcrumb","itemListElement":[{"@type":"ListItem","position":1,"name":"Accueil","item":"https:\/\/sella-industrie.com\/fr_fr\/"},{"@type":"ListItem","position":2,"name":"Shop","item":"https:\/\/sella-industrie.com\/fr_fr\/shop\/"},{"@type":"ListItem","position":3,"name":"GS27, Produits d'Entretien Auto","item":"https:\/\/sella-industrie.com\/categorie-produit\/produits-dentretien-auto-gs27\/"},{"@type":"ListItem","position":4,"name":"NETTOYANT TOUS TEXTILES &#8211; TRIPLE ACTION"}]},{"@type":"WebSite","@id":"https:\/\/sella-industrie.com\/#website","url":"https:\/\/sella-industrie.com\/","name":"Boutique &quot;V6&quot;","description":"We care for your car","publisher":{"@id":"https:\/\/sella-industrie.com\/#organization"},"potentialAction":[{"@type":"SearchAction","target":{"@type":"EntryPoint","urlTemplate":"https:\/\/sella-industrie.com\/?s={search_term_string}"},"query-input":{"@type":"PropertyValueSpecification","valueRequired":true,"valueName":"search_term_string"}}],"inLanguage":"fr-FR"},{"@type":"Organization","@id":"https:\/\/sella-industrie.com\/#organization","name":"Boutique &quot;V6&quot;","url":"https:\/\/sella-industrie.com\/","logo":{"@type":"ImageObject","inLanguage":"fr-FR","@id":"https:\/\/sella-industrie.com\/#\/schema\/logo\/image\/","url":"","contentUrl":"","caption":"Boutique &quot;V6&quot;"},"image":{"@id":"https:\/\/sella-industrie.com\/#\/schema\/logo\/image\/"}}]},"product_price_amount":"1900","product_price_currency":"DZD","og_availability":"instock","product_availability":"instock","product_condition":"new"},"_links":{"self":[{"href":"https:\/\/sella-industrie.com\/fr_fr\/wp-json\/wp\/v2\/product\/30670","targetHints":{"allow":["GET"]}}],"collection":[{"href":"https:\/\/sella-industrie.com\/fr_fr\/wp-json\/wp\/v2\/product"}],"about":[{"href":"https:\/\/sella-industrie.com\/fr_fr\/wp-json\/wp\/v2\/types\/product"}],"replies":[{"embeddable":true,"href":"https:\/\/sella-industrie.com\/fr_fr\/wp-json\/wp\/v2\/comments?post=30670"}],"wp:featuredmedia":[{"embeddable":true,"href":"https:\/\/sella-industrie.com\/fr_fr\/wp-json\/wp\/v2\/media\/30671"}],"wp:attachment":[{"href":"https:\/\/sella-industrie.com\/fr_fr\/wp-json\/wp\/v2\/media?parent=30670"}],"wp:term":[{"taxonomy":"product_brand","embeddable":true,"href":"https:\/\/sella-industrie.com\/fr_fr\/wp-json\/wp\/v2\/product_brand?post=30670"},{"taxonomy":"product_cat","embeddable":true,"href":"https:\/\/sella-industrie.com\/fr_fr\/wp-json\/wp\/v2\/product_cat?post=30670"},{"taxonomy":"product_tag","embeddable":true,"href":"https:\/\/sella-industrie.com\/fr_fr\/wp-json\/wp\/v2\/product_tag?post=30670"}],"curies":[{"name":"wp","href":"https:\/\/api.w.org\/{rel}","templated":true}]}}