{"id":30584,"date":"2024-07-14T15:29:15","date_gmt":"2024-07-14T15:29:15","guid":{"rendered":"https:\/\/v6.sellaindustrie.com\/?post_type=product&#038;p=30584"},"modified":"2026-02-12T15:16:31","modified_gmt":"2026-02-12T15:16:31","slug":"coffret-lustreur-titanium-ceramique-black-intense-gs27-%d9%83%d9%88%d9%81%d8%b1%d9%8a%d9%87-%d9%85%d9%84%d9%85%d8%b9-%d8%aa%d9%8a%d8%aa%d8%a7%d9%86%d9%8a%d9%88%d9%85-%d8%b3%d9%8a%d8%b1%d8%a7%d9%85","status":"publish","type":"product","link":"https:\/\/sella-industrie.com\/fr_fr\/produit\/coffret-lustreur-titanium-ceramique-black-intense-gs27-%d9%83%d9%88%d9%81%d8%b1%d9%8a%d9%87-%d9%85%d9%84%d9%85%d8%b9-%d8%aa%d9%8a%d8%aa%d8%a7%d9%86%d9%8a%d9%88%d9%85-%d8%b3%d9%8a%d8%b1%d8%a7%d9%85\/","title":{"rendered":"COFFRET LUSTREUR TITANIUM C\u00c9RAMIQUE BLACK INTENSE"},"content":{"rendered":"<h2 style=\"text-align: center;\">COFFRET LUSTREUR TITANIUM C\u00c9RAMIQUE BLACK INTENSE \u0643\u0648\u0641\u0631\u064a\u0647 \u0645\u0644\u0645\u0639 \u062a\u064a\u062a\u0627\u0646\u064a\u0648\u0645 \u0633\u064a\u0631\u0627\u0645\u064a\u0643 \u0623\u0633\u0648\u062f \u0642\u0627\u062a\u0645<\/h2>\n<p style=\"text-align: left;\">Apr\u00e8s plus de 3 ans de recherche et de tests, <a href=\"https:\/\/www.gs27.com\/5996-maintenance-auto-entretien-voiture\" target=\"_blank\" rel=\"noopener\">l\u2019\u00e9quipe GS27<\/a> est fi\u00e8re de vous pr\u00e9senter la toute nouvelle version de son produit iconique,<strong> Coffret Lustreur Titanium C\u00e9ramique Black Intense<\/strong>. Concentr\u00e9 en dioxyde de silicium (SIO2), sa formule innovante permet d\u2019obtenir un brillant intense et prot\u00e8ge de mani\u00e8re durable les surfaces trait\u00e9es contre les agressions ext\u00e9rieures (UV, pluie, neige, sel\u2026). Bas\u00e9e sur la technologie C\u00c9RAMIQUE, ce lustreur de derni\u00e8re g\u00e9n\u00e9ration permet d\u2019obtenir un effet d\u00e9perlant imm\u00e9diat. Sa formule teint\u00e9e noire permet d\u2019att\u00e9nuer les micro-rayures et les imperfections de la carrosserie. Il redonne de la profondeur et de l\u2019\u00e9clat \u00e0 toutes les peintures noires. Enfin, <a href=\"https:\/\/sella-industrie.com\/fr_fr\/produit\/formule-9000-essence-2x100ml\/\">sa texture cr\u00e9meuse<\/a> facilite l\u2019application que ce soit sur peinture neuve ou ancienne. L\u2019essuyage se fait sans effort et ne laisse aucune trace. PROTECTION ULTRA LONGUE DUR\u00c9E. BRILLANCE EXTR\u00caME. EFFET D\u00c9PERLANT IMM\u00c9DIAT. TECHNOLOGIE C\u00c9RAMIQUE. Concentr\u00e9 en dioxyde de silicium (SIO2). Application sur toutes les peintures noires ou fonc\u00e9es (sauf mates). R\u00e9f\u00e9rence : CL160250. 500 ml &#8211; GS27 CLASSICS.<\/p>\n<p style=\"text-align: right;\">\u00a0.\u062d\u0645\u0627\u064a\u0629 \u0641\u0627\u0626\u0642\u0629 \u062a\u062f\u0648\u0645 \u0637\u0648\u064a\u0644\u0627\u064b .\u0644\u0645\u0639\u0627\u0646 \u0641\u0627\u0626\u0642 .\u062a\u0623\u062b\u064a\u0631 \u0641\u0648\u0631\u064a \u0645\u0642\u0627\u0648\u0645 \u0644\u0644\u0645\u0627\u0621 .\u062a\u0642\u0646\u064a\u0629 \u0627\u0644\u0633\u064a\u0631\u0627\u0645\u064a\u0643 &#8211; \u0645\u064f\u0631\u0643\u0651\u0632 \u0628\u062b\u0627\u0646\u064a \u0623\u0643\u0633\u064a\u062f \u0627\u0644\u0633\u064a\u0644\u064a\u0643\u0648\u0646 (SIO2) .\u064a\u064f\u0645\u0643\u0646 \u062a\u0637\u0628\u064a\u0642\u0647 \u0639\u0644\u0649 \u062c\u0645\u064a\u0639 \u0623\u0646\u0648\u0627\u0639 \u0627\u0644\u0637\u0644\u0627\u0621 \u0627\u0644\u0623\u0633\u0648\u062f \u0623\u0648 \u0627\u0644\u062f\u0627\u0643\u0646 (\u0628\u0627\u0633\u062a\u062b\u0646\u0627\u0621 \u0627\u0644\u0645\u0637\u0641\u064a)<br \/>\n.\u0628\u0639\u062f \u0623\u0643\u062b\u0631 \u0645\u0646 3 \u0633\u0646\u0648\u0627\u062a \u0645\u0646 \u0627\u0644\u0628\u062d\u062b \u0648\u0627\u0644\u0627\u062e\u062a\u0628\u0627\u0631\u060c \u064a\u0641\u062e\u0631 \u0641\u0631\u064a\u0642 GS27 \u0628\u062a\u0642\u062f\u064a\u0645 \u0623\u062d\u062f\u062b \u0625\u0635\u062f\u0627\u0631 \u0645\u0646 \u0645\u0646\u062a\u062c\u0647 \u0627\u0644\u0634\u0647\u064a\u0631: \u0645\u064f\u0644\u0645\u0651\u0639 \u0627\u0644\u062a\u064a\u062a\u0627\u0646\u064a\u0648\u0645 \u0627\u0644\u0633\u064a\u0631\u0627\u0645\u064a\u0643\u064a \u0627\u0644\u0623\u0633\u0648\u062f \u0627\u0644\u0645\u0643\u062b\u0641<br \/>\n.\u0628\u062a\u0631\u0643\u064a\u0628\u062a\u0647 \u0627\u0644\u0645\u064f\u0628\u062a\u0643\u0631\u0629 \u0627\u0644\u0645\u064f\u0631\u0643\u0651\u0632 \u0628\u062b\u0627\u0646\u064a \u0623\u0643\u0633\u064a\u062f \u0627\u0644\u0633\u064a\u0644\u064a\u0643\u0648\u0646 (SIO2)\u060c \u064a\u064f\u062d\u0642\u0642 \u0644\u0645\u0639\u0627\u0646\u064b\u0627 \u0645\u0643\u062b\u0641\u064b\u0627 \u0648\u064a\u064f\u0648\u0641\u0631 \u062d\u0645\u0627\u064a\u0629 \u062f\u0627\u0626\u0645\u0629 \u0644\u0644\u0623\u0633\u0637\u062d \u0627\u0644\u0645\u064f\u0639\u0627\u0644\u062c\u0629 \u0645\u0646 \u0627\u0644\u0639\u0648\u0627\u0645\u0644 \u0627\u0644\u062e\u0627\u0631\u062c\u064a\u0629 (\u0627\u0644\u0623\u0634\u0639\u0629 \u0641\u0648\u0642 \u0627\u0644\u0628\u0646\u0641\u0633\u062c\u064a\u0629\u060c \u0627\u0644\u0645\u0637\u0631\u060c \u0627\u0644\u062b\u0644\u062c\u060c \u0627\u0644\u0645\u0644\u062d\u060c \u0625\u0644\u062e). \u0628\u0641\u0636\u0644 \u062a\u0642\u0646\u064a\u0629 \u0627\u0644\u0633\u064a\u0631\u0627\u0645\u064a\u0643\u060c \u064a\u064f\u0648\u0641\u0631 \u0647\u0630\u0627 \u0627\u0644\u0645\u064f\u0644\u0645\u0651\u0639 \u0645\u0646 \u0623\u062d\u062f\u062b \u062c\u064a\u0644 \u062a\u0623\u062b\u064a\u0631\u064b\u0627 \u0641\u0648\u0631\u064a\u064b\u0627 \u0645\u0642\u0627\u0648\u0645\u064b\u0627 \u0644\u0644\u0645\u0627\u0621. \u062a\u064f\u0633\u0627\u0639\u062f \u062a\u0631\u0643\u064a\u0628\u062a\u0647 \u0627\u0644\u0645\u064f\u0644\u0648\u0651\u0646\u0629 \u0628\u0627\u0644\u0644\u0648\u0646 \u0627\u0644\u0623\u0633\u0648\u062f \u0639\u0644\u0649 \u062a\u0642\u0644\u064a\u0644 \u0627\u0644\u062e\u062f\u0648\u0634 \u0627\u0644\u062f\u0642\u064a\u0642\u0629 \u0648\u0627\u0644\u0639\u064a\u0648\u0628 \u0641\u064a \u0647\u064a\u0643\u0644 \u0627\u0644\u0633\u064a\u0627\u0631\u0629. \u0643\u0645\u0627 \u064a\u064f\u0639\u064a\u062f \u0627\u0644\u0639\u0645\u0642 \u0648\u0627\u0644\u0644\u0645\u0639\u0627\u0646 \u0644\u062c\u0645\u064a\u0639 \u0623\u0646\u0648\u0627\u0639 \u0627\u0644\u0637\u0644\u0627\u0621 \u0627\u0644\u0623\u0633\u0648\u062f. \u0648\u0623\u062e\u064a\u0631\u064b\u0627\u060c \u0642\u0648\u0627\u0645\u0647 \u0627\u0644\u0643\u0631\u064a\u0645\u064a \u064a\u064f\u0633\u0647\u0651\u0644 \u0627\u0633\u062a\u062e\u062f\u0627\u0645\u0647\u060c \u0633\u0648\u0627\u0621\u064b \u0639\u0644\u0649 \u0627\u0644\u0637\u0644\u0627\u0621 \u0627\u0644\u062c\u062f\u064a\u062f \u0623\u0648 \u0627\u0644\u0642\u062f\u064a\u0645. \u0645\u0633\u062d\u0647 \u0633\u0647\u0644 \u0648\u0644\u0627 \u064a\u062a\u0631\u0643 \u0623\u064a \u0622\u062b\u0627\u0631<\/p>\n","protected":false},"excerpt":{"rendered":"<h1 style=\"text-align: center;\">\u0643\u0648\u0641\u0631\u064a\u0647 \u0645\u0644\u0645\u0639 \u062a\u064a\u062a\u0627\u0646\u064a\u0648\u0645 \u0633\u064a\u0631\u0627\u0645\u064a\u0643 \u0623\u0633\u0648\u062f \u0642\u0627\u062a\u0645<\/h1>\n<p>Apr\u00e8s plus de 3 ans de recherche et de tests, l\u2019\u00e9quipe GS27 est fi\u00e8re de vous pr\u00e9senter la toute nouvelle version de son produit iconique,<strong> Coffret Lustreur Titanium C\u00e9ramique Black Intense<\/strong>. Concentr\u00e9 en dioxyde de silicium (SIO2), sa formule innovante permet d\u2019obtenir un brillant intense et prot\u00e8ge de mani\u00e8re durable les surfaces trait\u00e9es contre les agressions ext\u00e9rieures (UV, pluie, neige, sel\u2026).<\/p>\n","protected":false},"featured_media":30925,"comment_status":"open","ping_status":"closed","template":"","meta":[],"product_brand":[312],"product_cat":[582],"product_tag":[],"class_list":{"0":"post-30584","1":"product","2":"type-product","3":"status-publish","4":"has-post-thumbnail","6":"product_brand-gs-27","7":"product_cat-produits-dentretien-auto-gs27","9":"first","10":"instock","11":"taxable","12":"shipping-taxable","13":"purchasable","14":"product-type-simple"},"yoast_head":"<!-- This site is optimized with the Yoast SEO plugin v27.4 - https:\/\/yoast.com\/product\/yoast-seo-wordpress\/ -->\n<title>COFFRET LUSTREUR TITANIUM C\u00c9RAMIQUE BLACK INTENSE - Boutique &quot;V6&quot;<\/title>\n<meta name=\"description\" content=\"D\u00e9couvrez le Coffret Lustreur Titanium C\u00e9ramique Black Intense GS27, new g\u00e9n\u00e9ration apr\u00e8s 3 ans recherche. Brillance intense, protection c\u00e9ramique durable.\" \/>\n<meta name=\"robots\" content=\"index, follow, max-snippet:-1, max-image-preview:large, max-video-preview:-1\" \/>\n<link rel=\"canonical\" href=\"https:\/\/sella-industrie.com\/fr_fr\/produit\/coffret-lustreur-titanium-ceramique-black-intense-gs27-\u0643\u0648\u0641\u0631\u064a\u0647-\u0645\u0644\u0645\u0639-\u062a\u064a\u062a\u0627\u0646\u064a\u0648\u0645-\u0633\u064a\u0631\u0627\u0645\/\" \/>\n<meta property=\"og:locale\" content=\"fr_FR\" \/>\n<meta property=\"og:type\" content=\"article\" \/>\n<meta property=\"og:title\" content=\"COFFRET LUSTREUR TITANIUM C\u00c9RAMIQUE BLACK INTENSE - Boutique &quot;V6&quot;\" \/>\n<meta property=\"og:description\" content=\"D\u00e9couvrez le Coffret Lustreur Titanium C\u00e9ramique Black Intense GS27, new g\u00e9n\u00e9ration apr\u00e8s 3 ans recherche. Brillance intense, protection c\u00e9ramique durable.\" \/>\n<meta property=\"og:url\" content=\"https:\/\/sella-industrie.com\/fr_fr\/produit\/coffret-lustreur-titanium-ceramique-black-intense-gs27-\u0643\u0648\u0641\u0631\u064a\u0647-\u0645\u0644\u0645\u0639-\u062a\u064a\u062a\u0627\u0646\u064a\u0648\u0645-\u0633\u064a\u0631\u0627\u0645\/\" \/>\n<meta property=\"og:site_name\" content=\"Boutique &quot;V6&quot;\" \/>\n<meta property=\"article:modified_time\" content=\"2026-02-12T15:16:31+00:00\" \/>\n<meta property=\"og:image\" content=\"https:\/\/sella-industrie.com\/wp-content\/uploads\/2024\/07\/COFFRET-LUSTREUR-TITANIUM-CERAMIQUE-BLACK-INTENSE-GS27-CLASSICS-500-ML-CL160350-PIC1.png\" \/>\n\t<meta property=\"og:image:width\" content=\"1000\" \/>\n\t<meta property=\"og:image:height\" content=\"1000\" \/>\n\t<meta property=\"og:image:type\" content=\"image\/png\" \/>\n<meta name=\"twitter:card\" content=\"summary_large_image\" \/>\n<meta name=\"twitter:label1\" content=\"Prix\" \/>\n\t<meta name=\"twitter:data1\" content=\"&#x62f;.&#x62c;&nbsp;4.550\" \/>\n\t<meta name=\"twitter:label2\" content=\"Disponibilit\u00e9\" \/>\n\t<meta name=\"twitter:data2\" content=\"En stock\" \/>\n<script type=\"application\/ld+json\" class=\"yoast-schema-graph\">{\"@context\":\"https:\\\/\\\/schema.org\",\"@graph\":[{\"@type\":\"WebPage\",\"@id\":\"https:\\\/\\\/sella-industrie.com\\\/produit\\\/coffret-lustreur-titanium-ceramique-black-intense-gs27-%d9%83%d9%88%d9%81%d8%b1%d9%8a%d9%87-%d9%85%d9%84%d9%85%d8%b9-%d8%aa%d9%8a%d8%aa%d8%a7%d9%86%d9%8a%d9%88%d9%85-%d8%b3%d9%8a%d8%b1%d8%a7%d9%85\\\/\",\"url\":\"https:\\\/\\\/sella-industrie.com\\\/produit\\\/coffret-lustreur-titanium-ceramique-black-intense-gs27-%d9%83%d9%88%d9%81%d8%b1%d9%8a%d9%87-%d9%85%d9%84%d9%85%d8%b9-%d8%aa%d9%8a%d8%aa%d8%a7%d9%86%d9%8a%d9%88%d9%85-%d8%b3%d9%8a%d8%b1%d8%a7%d9%85\\\/\",\"name\":\"COFFRET LUSTREUR TITANIUM C\u00c9RAMIQUE BLACK INTENSE - Boutique &quot;V6&quot;\",\"isPartOf\":{\"@id\":\"https:\\\/\\\/sella-industrie.com\\\/#website\"},\"primaryImageOfPage\":{\"@id\":\"https:\\\/\\\/sella-industrie.com\\\/produit\\\/coffret-lustreur-titanium-ceramique-black-intense-gs27-%d9%83%d9%88%d9%81%d8%b1%d9%8a%d9%87-%d9%85%d9%84%d9%85%d8%b9-%d8%aa%d9%8a%d8%aa%d8%a7%d9%86%d9%8a%d9%88%d9%85-%d8%b3%d9%8a%d8%b1%d8%a7%d9%85\\\/#primaryimage\"},\"image\":{\"@id\":\"https:\\\/\\\/sella-industrie.com\\\/produit\\\/coffret-lustreur-titanium-ceramique-black-intense-gs27-%d9%83%d9%88%d9%81%d8%b1%d9%8a%d9%87-%d9%85%d9%84%d9%85%d8%b9-%d8%aa%d9%8a%d8%aa%d8%a7%d9%86%d9%8a%d9%88%d9%85-%d8%b3%d9%8a%d8%b1%d8%a7%d9%85\\\/#primaryimage\"},\"thumbnailUrl\":\"https:\\\/\\\/sella-industrie.com\\\/wp-content\\\/uploads\\\/2024\\\/07\\\/COFFRET-LUSTREUR-TITANIUM-CERAMIQUE-BLACK-INTENSE-GS27-CLASSICS-500-ML-CL160350-PIC1.png\",\"datePublished\":\"2024-07-14T15:29:15+00:00\",\"dateModified\":\"2026-02-12T15:16:31+00:00\",\"description\":\"D\u00e9couvrez le Coffret Lustreur Titanium C\u00e9ramique Black Intense GS27, new g\u00e9n\u00e9ration apr\u00e8s 3 ans recherche. Brillance intense, protection c\u00e9ramique durable.\",\"breadcrumb\":{\"@id\":\"https:\\\/\\\/sella-industrie.com\\\/produit\\\/coffret-lustreur-titanium-ceramique-black-intense-gs27-%d9%83%d9%88%d9%81%d8%b1%d9%8a%d9%87-%d9%85%d9%84%d9%85%d8%b9-%d8%aa%d9%8a%d8%aa%d8%a7%d9%86%d9%8a%d9%88%d9%85-%d8%b3%d9%8a%d8%b1%d8%a7%d9%85\\\/#breadcrumb\"},\"inLanguage\":\"fr-FR\",\"potentialAction\":[{\"@type\":\"ReadAction\",\"target\":[\"https:\\\/\\\/sella-industrie.com\\\/produit\\\/coffret-lustreur-titanium-ceramique-black-intense-gs27-%d9%83%d9%88%d9%81%d8%b1%d9%8a%d9%87-%d9%85%d9%84%d9%85%d8%b9-%d8%aa%d9%8a%d8%aa%d8%a7%d9%86%d9%8a%d9%88%d9%85-%d8%b3%d9%8a%d8%b1%d8%a7%d9%85\\\/\"]}]},{\"@type\":\"ImageObject\",\"inLanguage\":\"fr-FR\",\"@id\":\"https:\\\/\\\/sella-industrie.com\\\/produit\\\/coffret-lustreur-titanium-ceramique-black-intense-gs27-%d9%83%d9%88%d9%81%d8%b1%d9%8a%d9%87-%d9%85%d9%84%d9%85%d8%b9-%d8%aa%d9%8a%d8%aa%d8%a7%d9%86%d9%8a%d9%88%d9%85-%d8%b3%d9%8a%d8%b1%d8%a7%d9%85\\\/#primaryimage\",\"url\":\"https:\\\/\\\/sella-industrie.com\\\/wp-content\\\/uploads\\\/2024\\\/07\\\/COFFRET-LUSTREUR-TITANIUM-CERAMIQUE-BLACK-INTENSE-GS27-CLASSICS-500-ML-CL160350-PIC1.png\",\"contentUrl\":\"https:\\\/\\\/sella-industrie.com\\\/wp-content\\\/uploads\\\/2024\\\/07\\\/COFFRET-LUSTREUR-TITANIUM-CERAMIQUE-BLACK-INTENSE-GS27-CLASSICS-500-ML-CL160350-PIC1.png\",\"width\":1000,\"height\":1000,\"caption\":\"COFFRET LUSTREUR TITANIUM C\u00c9RAMIQUE BLACK INTENSE\"},{\"@type\":\"BreadcrumbList\",\"@id\":\"https:\\\/\\\/sella-industrie.com\\\/produit\\\/coffret-lustreur-titanium-ceramique-black-intense-gs27-%d9%83%d9%88%d9%81%d8%b1%d9%8a%d9%87-%d9%85%d9%84%d9%85%d8%b9-%d8%aa%d9%8a%d8%aa%d8%a7%d9%86%d9%8a%d9%88%d9%85-%d8%b3%d9%8a%d8%b1%d8%a7%d9%85\\\/#breadcrumb\",\"itemListElement\":[{\"@type\":\"ListItem\",\"position\":1,\"name\":\"Accueil\",\"item\":\"https:\\\/\\\/sella-industrie.com\\\/fr_fr\\\/\"},{\"@type\":\"ListItem\",\"position\":2,\"name\":\"Shop\",\"item\":\"https:\\\/\\\/sella-industrie.com\\\/fr_fr\\\/shop\\\/\"},{\"@type\":\"ListItem\",\"position\":3,\"name\":\"GS27, Produits d'Entretien Auto\",\"item\":\"https:\\\/\\\/sella-industrie.com\\\/categorie-produit\\\/produits-dentretien-auto-gs27\\\/\"},{\"@type\":\"ListItem\",\"position\":4,\"name\":\"COFFRET LUSTREUR TITANIUM C\u00c9RAMIQUE BLACK INTENSE\"}]},{\"@type\":\"WebSite\",\"@id\":\"https:\\\/\\\/sella-industrie.com\\\/#website\",\"url\":\"https:\\\/\\\/sella-industrie.com\\\/\",\"name\":\"Boutique &quot;V6&quot;\",\"description\":\"We care for your car\",\"publisher\":{\"@id\":\"https:\\\/\\\/sella-industrie.com\\\/#organization\"},\"potentialAction\":[{\"@type\":\"SearchAction\",\"target\":{\"@type\":\"EntryPoint\",\"urlTemplate\":\"https:\\\/\\\/sella-industrie.com\\\/?s={search_term_string}\"},\"query-input\":{\"@type\":\"PropertyValueSpecification\",\"valueRequired\":true,\"valueName\":\"search_term_string\"}}],\"inLanguage\":\"fr-FR\"},{\"@type\":\"Organization\",\"@id\":\"https:\\\/\\\/sella-industrie.com\\\/#organization\",\"name\":\"Boutique &quot;V6&quot;\",\"url\":\"https:\\\/\\\/sella-industrie.com\\\/\",\"logo\":{\"@type\":\"ImageObject\",\"inLanguage\":\"fr-FR\",\"@id\":\"https:\\\/\\\/sella-industrie.com\\\/#\\\/schema\\\/logo\\\/image\\\/\",\"url\":\"\",\"contentUrl\":\"\",\"caption\":\"Boutique &quot;V6&quot;\"},\"image\":{\"@id\":\"https:\\\/\\\/sella-industrie.com\\\/#\\\/schema\\\/logo\\\/image\\\/\"}}]}<\/script>\n<meta property=\"product:price:amount\" content=\"4550\" \/>\n<meta property=\"product:price:currency\" content=\"DZD\" \/>\n<meta property=\"og:availability\" content=\"instock\" \/>\n<meta property=\"product:availability\" content=\"instock\" \/>\n<meta property=\"product:condition\" content=\"new\" \/>\n<!-- \/ Yoast SEO plugin. -->","yoast_head_json":{"title":"COFFRET LUSTREUR TITANIUM C\u00c9RAMIQUE BLACK INTENSE - Boutique &quot;V6&quot;","description":"D\u00e9couvrez le Coffret Lustreur Titanium C\u00e9ramique Black Intense GS27, new g\u00e9n\u00e9ration apr\u00e8s 3 ans recherche. Brillance intense, protection c\u00e9ramique durable.","robots":{"index":"index","follow":"follow","max-snippet":"max-snippet:-1","max-image-preview":"max-image-preview:large","max-video-preview":"max-video-preview:-1"},"canonical":"https:\/\/sella-industrie.com\/fr_fr\/produit\/coffret-lustreur-titanium-ceramique-black-intense-gs27-\u0643\u0648\u0641\u0631\u064a\u0647-\u0645\u0644\u0645\u0639-\u062a\u064a\u062a\u0627\u0646\u064a\u0648\u0645-\u0633\u064a\u0631\u0627\u0645\/","og_locale":"fr_FR","og_type":"article","og_title":"COFFRET LUSTREUR TITANIUM C\u00c9RAMIQUE BLACK INTENSE - Boutique &quot;V6&quot;","og_description":"D\u00e9couvrez le Coffret Lustreur Titanium C\u00e9ramique Black Intense GS27, new g\u00e9n\u00e9ration apr\u00e8s 3 ans recherche. Brillance intense, protection c\u00e9ramique durable.","og_url":"https:\/\/sella-industrie.com\/fr_fr\/produit\/coffret-lustreur-titanium-ceramique-black-intense-gs27-\u0643\u0648\u0641\u0631\u064a\u0647-\u0645\u0644\u0645\u0639-\u062a\u064a\u062a\u0627\u0646\u064a\u0648\u0645-\u0633\u064a\u0631\u0627\u0645\/","og_site_name":"Boutique &quot;V6&quot;","article_modified_time":"2026-02-12T15:16:31+00:00","og_image":[{"width":1000,"height":1000,"url":"https:\/\/sella-industrie.com\/wp-content\/uploads\/2024\/07\/COFFRET-LUSTREUR-TITANIUM-CERAMIQUE-BLACK-INTENSE-GS27-CLASSICS-500-ML-CL160350-PIC1.png","type":"image\/png"}],"twitter_card":"summary_large_image","twitter_misc":{"Prix":"&#x62f;.&#x62c;&nbsp;4.550","Disponibilit\u00e9":"En stock"},"schema":{"@context":"https:\/\/schema.org","@graph":[{"@type":"WebPage","@id":"https:\/\/sella-industrie.com\/produit\/coffret-lustreur-titanium-ceramique-black-intense-gs27-%d9%83%d9%88%d9%81%d8%b1%d9%8a%d9%87-%d9%85%d9%84%d9%85%d8%b9-%d8%aa%d9%8a%d8%aa%d8%a7%d9%86%d9%8a%d9%88%d9%85-%d8%b3%d9%8a%d8%b1%d8%a7%d9%85\/","url":"https:\/\/sella-industrie.com\/produit\/coffret-lustreur-titanium-ceramique-black-intense-gs27-%d9%83%d9%88%d9%81%d8%b1%d9%8a%d9%87-%d9%85%d9%84%d9%85%d8%b9-%d8%aa%d9%8a%d8%aa%d8%a7%d9%86%d9%8a%d9%88%d9%85-%d8%b3%d9%8a%d8%b1%d8%a7%d9%85\/","name":"COFFRET LUSTREUR TITANIUM C\u00c9RAMIQUE BLACK INTENSE - Boutique &quot;V6&quot;","isPartOf":{"@id":"https:\/\/sella-industrie.com\/#website"},"primaryImageOfPage":{"@id":"https:\/\/sella-industrie.com\/produit\/coffret-lustreur-titanium-ceramique-black-intense-gs27-%d9%83%d9%88%d9%81%d8%b1%d9%8a%d9%87-%d9%85%d9%84%d9%85%d8%b9-%d8%aa%d9%8a%d8%aa%d8%a7%d9%86%d9%8a%d9%88%d9%85-%d8%b3%d9%8a%d8%b1%d8%a7%d9%85\/#primaryimage"},"image":{"@id":"https:\/\/sella-industrie.com\/produit\/coffret-lustreur-titanium-ceramique-black-intense-gs27-%d9%83%d9%88%d9%81%d8%b1%d9%8a%d9%87-%d9%85%d9%84%d9%85%d8%b9-%d8%aa%d9%8a%d8%aa%d8%a7%d9%86%d9%8a%d9%88%d9%85-%d8%b3%d9%8a%d8%b1%d8%a7%d9%85\/#primaryimage"},"thumbnailUrl":"https:\/\/sella-industrie.com\/wp-content\/uploads\/2024\/07\/COFFRET-LUSTREUR-TITANIUM-CERAMIQUE-BLACK-INTENSE-GS27-CLASSICS-500-ML-CL160350-PIC1.png","datePublished":"2024-07-14T15:29:15+00:00","dateModified":"2026-02-12T15:16:31+00:00","description":"D\u00e9couvrez le Coffret Lustreur Titanium C\u00e9ramique Black Intense GS27, new g\u00e9n\u00e9ration apr\u00e8s 3 ans recherche. Brillance intense, protection c\u00e9ramique durable.","breadcrumb":{"@id":"https:\/\/sella-industrie.com\/produit\/coffret-lustreur-titanium-ceramique-black-intense-gs27-%d9%83%d9%88%d9%81%d8%b1%d9%8a%d9%87-%d9%85%d9%84%d9%85%d8%b9-%d8%aa%d9%8a%d8%aa%d8%a7%d9%86%d9%8a%d9%88%d9%85-%d8%b3%d9%8a%d8%b1%d8%a7%d9%85\/#breadcrumb"},"inLanguage":"fr-FR","potentialAction":[{"@type":"ReadAction","target":["https:\/\/sella-industrie.com\/produit\/coffret-lustreur-titanium-ceramique-black-intense-gs27-%d9%83%d9%88%d9%81%d8%b1%d9%8a%d9%87-%d9%85%d9%84%d9%85%d8%b9-%d8%aa%d9%8a%d8%aa%d8%a7%d9%86%d9%8a%d9%88%d9%85-%d8%b3%d9%8a%d8%b1%d8%a7%d9%85\/"]}]},{"@type":"ImageObject","inLanguage":"fr-FR","@id":"https:\/\/sella-industrie.com\/produit\/coffret-lustreur-titanium-ceramique-black-intense-gs27-%d9%83%d9%88%d9%81%d8%b1%d9%8a%d9%87-%d9%85%d9%84%d9%85%d8%b9-%d8%aa%d9%8a%d8%aa%d8%a7%d9%86%d9%8a%d9%88%d9%85-%d8%b3%d9%8a%d8%b1%d8%a7%d9%85\/#primaryimage","url":"https:\/\/sella-industrie.com\/wp-content\/uploads\/2024\/07\/COFFRET-LUSTREUR-TITANIUM-CERAMIQUE-BLACK-INTENSE-GS27-CLASSICS-500-ML-CL160350-PIC1.png","contentUrl":"https:\/\/sella-industrie.com\/wp-content\/uploads\/2024\/07\/COFFRET-LUSTREUR-TITANIUM-CERAMIQUE-BLACK-INTENSE-GS27-CLASSICS-500-ML-CL160350-PIC1.png","width":1000,"height":1000,"caption":"COFFRET LUSTREUR TITANIUM C\u00c9RAMIQUE BLACK INTENSE"},{"@type":"BreadcrumbList","@id":"https:\/\/sella-industrie.com\/produit\/coffret-lustreur-titanium-ceramique-black-intense-gs27-%d9%83%d9%88%d9%81%d8%b1%d9%8a%d9%87-%d9%85%d9%84%d9%85%d8%b9-%d8%aa%d9%8a%d8%aa%d8%a7%d9%86%d9%8a%d9%88%d9%85-%d8%b3%d9%8a%d8%b1%d8%a7%d9%85\/#breadcrumb","itemListElement":[{"@type":"ListItem","position":1,"name":"Accueil","item":"https:\/\/sella-industrie.com\/fr_fr\/"},{"@type":"ListItem","position":2,"name":"Shop","item":"https:\/\/sella-industrie.com\/fr_fr\/shop\/"},{"@type":"ListItem","position":3,"name":"GS27, Produits d'Entretien Auto","item":"https:\/\/sella-industrie.com\/categorie-produit\/produits-dentretien-auto-gs27\/"},{"@type":"ListItem","position":4,"name":"COFFRET LUSTREUR TITANIUM C\u00c9RAMIQUE BLACK INTENSE"}]},{"@type":"WebSite","@id":"https:\/\/sella-industrie.com\/#website","url":"https:\/\/sella-industrie.com\/","name":"Boutique &quot;V6&quot;","description":"We care for your car","publisher":{"@id":"https:\/\/sella-industrie.com\/#organization"},"potentialAction":[{"@type":"SearchAction","target":{"@type":"EntryPoint","urlTemplate":"https:\/\/sella-industrie.com\/?s={search_term_string}"},"query-input":{"@type":"PropertyValueSpecification","valueRequired":true,"valueName":"search_term_string"}}],"inLanguage":"fr-FR"},{"@type":"Organization","@id":"https:\/\/sella-industrie.com\/#organization","name":"Boutique &quot;V6&quot;","url":"https:\/\/sella-industrie.com\/","logo":{"@type":"ImageObject","inLanguage":"fr-FR","@id":"https:\/\/sella-industrie.com\/#\/schema\/logo\/image\/","url":"","contentUrl":"","caption":"Boutique &quot;V6&quot;"},"image":{"@id":"https:\/\/sella-industrie.com\/#\/schema\/logo\/image\/"}}]},"product_price_amount":"4550","product_price_currency":"DZD","og_availability":"instock","product_availability":"instock","product_condition":"new"},"_links":{"self":[{"href":"https:\/\/sella-industrie.com\/fr_fr\/wp-json\/wp\/v2\/product\/30584","targetHints":{"allow":["GET"]}}],"collection":[{"href":"https:\/\/sella-industrie.com\/fr_fr\/wp-json\/wp\/v2\/product"}],"about":[{"href":"https:\/\/sella-industrie.com\/fr_fr\/wp-json\/wp\/v2\/types\/product"}],"replies":[{"embeddable":true,"href":"https:\/\/sella-industrie.com\/fr_fr\/wp-json\/wp\/v2\/comments?post=30584"}],"wp:featuredmedia":[{"embeddable":true,"href":"https:\/\/sella-industrie.com\/fr_fr\/wp-json\/wp\/v2\/media\/30925"}],"wp:attachment":[{"href":"https:\/\/sella-industrie.com\/fr_fr\/wp-json\/wp\/v2\/media?parent=30584"}],"wp:term":[{"taxonomy":"product_brand","embeddable":true,"href":"https:\/\/sella-industrie.com\/fr_fr\/wp-json\/wp\/v2\/product_brand?post=30584"},{"taxonomy":"product_cat","embeddable":true,"href":"https:\/\/sella-industrie.com\/fr_fr\/wp-json\/wp\/v2\/product_cat?post=30584"},{"taxonomy":"product_tag","embeddable":true,"href":"https:\/\/sella-industrie.com\/fr_fr\/wp-json\/wp\/v2\/product_tag?post=30584"}],"curies":[{"name":"wp","href":"https:\/\/api.w.org\/{rel}","templated":true}]}}