{"id":30557,"date":"2024-07-11T15:09:54","date_gmt":"2024-07-11T15:09:54","guid":{"rendered":"https:\/\/v6.sellaindustrie.com\/?post_type=product&#038;p=30557"},"modified":"2026-02-19T11:11:25","modified_gmt":"2026-02-19T11:11:25","slug":"housse-similicuir-r-line-siege-auto-%d8%ba%d8%b7%d8%a7%d8%a1-%d9%85%d9%82%d8%b9%d8%af-%d8%a7%d9%84%d8%b3%d9%8a%d8%a7%d8%b1%d8%a9-%d8%b3%d9%8a%d9%85%d9%8a%d9%84%d9%8a%d9%83%d9%88%d9%8a%d8%b1-%d8%a3","status":"publish","type":"product","link":"https:\/\/sella-industrie.com\/fr_fr\/produit\/housse-similicuir-r-line-siege-auto-%d8%ba%d8%b7%d8%a7%d8%a1-%d9%85%d9%82%d8%b9%d8%af-%d8%a7%d9%84%d8%b3%d9%8a%d8%a7%d8%b1%d8%a9-%d8%b3%d9%8a%d9%85%d9%8a%d9%84%d9%8a%d9%83%d9%88%d9%8a%d8%b1-%d8%a3\/","title":{"rendered":"HOUSSE SIMILICUIR R LINE"},"content":{"rendered":"<h2 style=\"text-align: center;\"><strong>HOUSSE SIMILICUIR R LINE \u063a\u0637\u0627\u0621 \u0645\u0642\u0639\u062f \u0627\u0644\u0633\u064a\u0627\u0631\u0629 \u0633\u064a\u0645\u064a\u0644\u064a\u0643\u0648\u064a\u0631 <\/strong><strong>\u0623\u0631 \u0644\u0627\u064a\u0646 <\/strong><strong>\u00a0<\/strong><\/h2>\n<p data-start=\"462\" data-end=\"636\"><strong>HOUSSE SIMILICUIR R LINE,<\/strong> pour si\u00e8ge auto avec mousse \u00e9paisse doubl\u00e9e. Confort sup\u00e9rieur, protection durable et finition premium pour moderniser l\u2019int\u00e9rieur de votre v\u00e9hicule. Tous les tissus sont doubl\u00e9s d\u2019une mousse \u00e9paisse, garantissant un confort sup\u00e9rieur et une excellente long\u00e9vit\u00e9. Id\u00e9ale pour moderniser l\u2019habitacle, elle combine \u00e9l\u00e9gance similicuir, r\u00e9sistance et confort d\u2019assise. Les si\u00e8ges sont expos\u00e9s \u00e0 l\u2019usure quotidienne. Elle\u00a0assure : <a href=\"https:\/\/sella-industrie.com\/fr_fr\/produit\/bache-automobile-v6-%d8%ba%d8%b7%d8%a7%d8%a1-%d8%a7%d9%84%d8%b3%d9%8a%d8%a7%d8%b1%d8%a9\/\">Protection contre frottements et taches<\/a>. Pr\u00e9servation du rev\u00eatement d\u2019origine. R\u00e9duction de l\u2019usure. Long\u00e9vit\u00e9 accrue des si\u00e8ges. Solution durable pour maintenir l\u2019\u00e9tat int\u00e9rieur. Les mati\u00e8res r\u00e9pondent aux exigences du monde de l&rsquo;automobile : tests de <a href=\"https:\/\/france-housses.fr\/vehicules\/housses-sieges-auto\/volkswagen-\/107\/6088\/product_list\" target=\"_blank\" rel=\"noopener\">r\u00e9sistances aux UV<\/a> et aux frottements. Elles deviennent une seconde peau pour vos si\u00e8ges. <strong>Tissu Alcantara 100 % Polyester<\/strong>. Toute les fonctionnalit\u00e9s de vos si\u00e8ges restent fonctionnelles : airbags, acc\u00e8s aux vide-poches et tablettes, molettes de r\u00e9glage, custodes, boite \u00e0 gants, accoudoirs, formes des appui-t\u00eate (virgule, ergonomique, plein\u2026)\u2026 Vos si\u00e8ges seront compl\u00e8tement recouverts.<\/p>\n<p style=\"text-align: right;\"><strong>\u063a\u0637\u0627\u0621 \u0645\u0642\u0639\u062f \u0627\u0644\u0633\u064a\u0627\u0631\u0629 \u0633\u064a\u0645\u064a\u0644\u064a\u0643\u0648\u064a\u0631 <\/strong><strong>\u0623\u0631 \u0644\u0627\u064a\u0646 <\/strong>\u0645\u0639 \u062d\u0634\u0648\u0629 \u0625\u0633\u0641\u0646\u062c\u064a\u0629 \u0633\u0645\u064a\u0643\u0629. \u064a\u0648\u0641\u0631 \u0631\u0627\u062d\u0629 \u0641\u0627\u0626\u0642\u0629 \u0648\u062d\u0645\u0627\u064a\u0629 \u0645\u062a\u064a\u0646\u0629 \u0648\u0644\u0645\u0633\u0629 \u0646\u0647\u0627\u0626\u064a\u0629 \u0641\u0627\u062e\u0631\u0629 \u0644\u062a\u062d\u062f\u064a\u062b \u062a\u0635\u0645\u064a\u0645 \u0633\u064a\u0627\u0631\u062a\u0643 \u0627\u0644\u062f\u0627\u062e\u0644\u064a<\/p>\n","protected":false},"excerpt":{"rendered":"<h1 style=\"text-align: center;\"><strong>\u063a\u0637\u0627\u0621 \u0645\u0642\u0639\u062f \u0627\u0644\u0633\u064a\u0627\u0631\u0629 \u0633\u064a\u0645\u064a\u0644\u064a\u0643\u0648\u064a\u0631 <\/strong><strong>\u0623\u0631 \u0644\u0627\u064a\u0646<\/strong><\/h1>\n<p><strong>HOUSSE SIMILICUIR R LINE,<\/strong> pour si\u00e8ge auto avec mousse \u00e9paisse doubl\u00e9e. Confort sup\u00e9rieur, protection durable et finition premium pour moderniser l\u2019int\u00e9rieur de votre v\u00e9hicule.<\/p>\n","protected":false},"featured_media":30560,"comment_status":"open","ping_status":"closed","template":"","meta":[],"product_brand":[562,292],"product_cat":[238],"product_tag":[],"class_list":{"0":"post-30557","1":"product","2":"type-product","3":"status-publish","4":"has-post-thumbnail","6":"product_brand-r-line","7":"product_brand-v6","8":"product_cat-accessoires-auto","10":"first","11":"instock","12":"taxable","13":"shipping-taxable","14":"purchasable","15":"product-type-simple"},"yoast_head":"<!-- This site is optimized with the Yoast SEO Premium plugin v27.1 (Yoast SEO v27.4) - https:\/\/yoast.com\/product\/yoast-seo-premium-wordpress\/ -->\n<title>HOUSSE SIMILICUIR R LINE - Boutique &quot;V6&quot;<\/title>\n<meta name=\"description\" content=\"HOUSSE SIMILICUIR R LINE, pour si\u00e8ge auto avec mousse \u00e9paisse doubl\u00e9e. Confort sup\u00e9rieur, protection durable et finition premium pour votre v\u00e9hicule.\" \/>\n<meta name=\"robots\" content=\"index, follow, max-snippet:-1, max-image-preview:large, max-video-preview:-1\" \/>\n<link rel=\"canonical\" href=\"https:\/\/sella-industrie.com\/fr_fr\/produit\/housse-similicuir-r-line-siege-auto-\u063a\u0637\u0627\u0621-\u0645\u0642\u0639\u062f-\u0627\u0644\u0633\u064a\u0627\u0631\u0629-\u0633\u064a\u0645\u064a\u0644\u064a\u0643\u0648\u064a\u0631-\u0623\/\" \/>\n<meta property=\"og:locale\" content=\"fr_FR\" \/>\n<meta property=\"og:type\" content=\"article\" \/>\n<meta property=\"og:title\" content=\"HOUSSE SIMILICUIR R LINE\" \/>\n<meta property=\"og:description\" content=\"HOUSSE SIMILICUIR R LINE, pour si\u00e8ge auto avec mousse \u00e9paisse doubl\u00e9e. Confort sup\u00e9rieur, protection durable et finition premium pour votre v\u00e9hicule.\" \/>\n<meta property=\"og:url\" content=\"https:\/\/sella-industrie.com\/fr_fr\/produit\/housse-similicuir-r-line-siege-auto-\u063a\u0637\u0627\u0621-\u0645\u0642\u0639\u062f-\u0627\u0644\u0633\u064a\u0627\u0631\u0629-\u0633\u064a\u0645\u064a\u0644\u064a\u0643\u0648\u064a\u0631-\u0623\/\" \/>\n<meta property=\"og:site_name\" content=\"Boutique &quot;V6&quot;\" \/>\n<meta property=\"article:modified_time\" content=\"2026-02-19T11:11:25+00:00\" \/>\n<meta property=\"og:image\" content=\"https:\/\/sella-industrie.com\/wp-content\/uploads\/2024\/07\/HOUSSE-SIMILICUIR-R-LINE.png\" \/>\n\t<meta property=\"og:image:width\" content=\"1000\" \/>\n\t<meta property=\"og:image:height\" content=\"1000\" \/>\n\t<meta property=\"og:image:type\" content=\"image\/png\" \/>\n<meta name=\"twitter:card\" content=\"summary_large_image\" \/>\n<meta name=\"twitter:label1\" content=\"Prix\" \/>\n\t<meta name=\"twitter:data1\" content=\"&#x62f;.&#x62c;&nbsp;6.450\" \/>\n\t<meta name=\"twitter:label2\" content=\"Disponibilit\u00e9\" \/>\n\t<meta name=\"twitter:data2\" content=\"En stock\" \/>\n<script type=\"application\/ld+json\" class=\"yoast-schema-graph\">{\"@context\":\"https:\\\/\\\/schema.org\",\"@graph\":[{\"@type\":\"WebPage\",\"@id\":\"https:\\\/\\\/sella-industrie.com\\\/produit\\\/housse-similicuir-r-line-siege-auto-%d8%ba%d8%b7%d8%a7%d8%a1-%d9%85%d9%82%d8%b9%d8%af-%d8%a7%d9%84%d8%b3%d9%8a%d8%a7%d8%b1%d8%a9-%d8%b3%d9%8a%d9%85%d9%8a%d9%84%d9%8a%d9%83%d9%88%d9%8a%d8%b1-%d8%a3\\\/\",\"url\":\"https:\\\/\\\/sella-industrie.com\\\/produit\\\/housse-similicuir-r-line-siege-auto-%d8%ba%d8%b7%d8%a7%d8%a1-%d9%85%d9%82%d8%b9%d8%af-%d8%a7%d9%84%d8%b3%d9%8a%d8%a7%d8%b1%d8%a9-%d8%b3%d9%8a%d9%85%d9%8a%d9%84%d9%8a%d9%83%d9%88%d9%8a%d8%b1-%d8%a3\\\/\",\"name\":\"HOUSSE SIMILICUIR R LINE - Boutique &quot;V6&quot;\",\"isPartOf\":{\"@id\":\"https:\\\/\\\/sella-industrie.com\\\/#website\"},\"primaryImageOfPage\":{\"@id\":\"https:\\\/\\\/sella-industrie.com\\\/produit\\\/housse-similicuir-r-line-siege-auto-%d8%ba%d8%b7%d8%a7%d8%a1-%d9%85%d9%82%d8%b9%d8%af-%d8%a7%d9%84%d8%b3%d9%8a%d8%a7%d8%b1%d8%a9-%d8%b3%d9%8a%d9%85%d9%8a%d9%84%d9%8a%d9%83%d9%88%d9%8a%d8%b1-%d8%a3\\\/#primaryimage\"},\"image\":{\"@id\":\"https:\\\/\\\/sella-industrie.com\\\/produit\\\/housse-similicuir-r-line-siege-auto-%d8%ba%d8%b7%d8%a7%d8%a1-%d9%85%d9%82%d8%b9%d8%af-%d8%a7%d9%84%d8%b3%d9%8a%d8%a7%d8%b1%d8%a9-%d8%b3%d9%8a%d9%85%d9%8a%d9%84%d9%8a%d9%83%d9%88%d9%8a%d8%b1-%d8%a3\\\/#primaryimage\"},\"thumbnailUrl\":\"https:\\\/\\\/sella-industrie.com\\\/wp-content\\\/uploads\\\/2024\\\/07\\\/HOUSSE-SIMILICUIR-R-LINE.png\",\"datePublished\":\"2024-07-11T15:09:54+00:00\",\"dateModified\":\"2026-02-19T11:11:25+00:00\",\"description\":\"HOUSSE SIMILICUIR R LINE, pour si\u00e8ge auto avec mousse \u00e9paisse doubl\u00e9e. Confort sup\u00e9rieur, protection durable et finition premium pour votre v\u00e9hicule.\",\"breadcrumb\":{\"@id\":\"https:\\\/\\\/sella-industrie.com\\\/produit\\\/housse-similicuir-r-line-siege-auto-%d8%ba%d8%b7%d8%a7%d8%a1-%d9%85%d9%82%d8%b9%d8%af-%d8%a7%d9%84%d8%b3%d9%8a%d8%a7%d8%b1%d8%a9-%d8%b3%d9%8a%d9%85%d9%8a%d9%84%d9%8a%d9%83%d9%88%d9%8a%d8%b1-%d8%a3\\\/#breadcrumb\"},\"inLanguage\":\"fr-FR\",\"potentialAction\":[{\"@type\":\"ReadAction\",\"target\":[\"https:\\\/\\\/sella-industrie.com\\\/produit\\\/housse-similicuir-r-line-siege-auto-%d8%ba%d8%b7%d8%a7%d8%a1-%d9%85%d9%82%d8%b9%d8%af-%d8%a7%d9%84%d8%b3%d9%8a%d8%a7%d8%b1%d8%a9-%d8%b3%d9%8a%d9%85%d9%8a%d9%84%d9%8a%d9%83%d9%88%d9%8a%d8%b1-%d8%a3\\\/\"]}]},{\"@type\":\"ImageObject\",\"inLanguage\":\"fr-FR\",\"@id\":\"https:\\\/\\\/sella-industrie.com\\\/produit\\\/housse-similicuir-r-line-siege-auto-%d8%ba%d8%b7%d8%a7%d8%a1-%d9%85%d9%82%d8%b9%d8%af-%d8%a7%d9%84%d8%b3%d9%8a%d8%a7%d8%b1%d8%a9-%d8%b3%d9%8a%d9%85%d9%8a%d9%84%d9%8a%d9%83%d9%88%d9%8a%d8%b1-%d8%a3\\\/#primaryimage\",\"url\":\"https:\\\/\\\/sella-industrie.com\\\/wp-content\\\/uploads\\\/2024\\\/07\\\/HOUSSE-SIMILICUIR-R-LINE.png\",\"contentUrl\":\"https:\\\/\\\/sella-industrie.com\\\/wp-content\\\/uploads\\\/2024\\\/07\\\/HOUSSE-SIMILICUIR-R-LINE.png\",\"width\":1000,\"height\":1000,\"caption\":\"HOUSSE SIMILICUIR R LINE\"},{\"@type\":\"BreadcrumbList\",\"@id\":\"https:\\\/\\\/sella-industrie.com\\\/produit\\\/housse-similicuir-r-line-siege-auto-%d8%ba%d8%b7%d8%a7%d8%a1-%d9%85%d9%82%d8%b9%d8%af-%d8%a7%d9%84%d8%b3%d9%8a%d8%a7%d8%b1%d8%a9-%d8%b3%d9%8a%d9%85%d9%8a%d9%84%d9%8a%d9%83%d9%88%d9%8a%d8%b1-%d8%a3\\\/#breadcrumb\",\"itemListElement\":[{\"@type\":\"ListItem\",\"position\":1,\"name\":\"Accueil\",\"item\":\"https:\\\/\\\/sella-industrie.com\\\/fr_fr\\\/\"},{\"@type\":\"ListItem\",\"position\":2,\"name\":\"Shop\",\"item\":\"https:\\\/\\\/sella-industrie.com\\\/fr_fr\\\/shop\\\/\"},{\"@type\":\"ListItem\",\"position\":3,\"name\":\"Accessoires Auto\",\"item\":\"https:\\\/\\\/sella-industrie.com\\\/categorie-produit\\\/accessoires-auto\\\/\"},{\"@type\":\"ListItem\",\"position\":4,\"name\":\"HOUSSE SIMILICUIR R LINE\"}]},{\"@type\":\"WebSite\",\"@id\":\"https:\\\/\\\/sella-industrie.com\\\/#website\",\"url\":\"https:\\\/\\\/sella-industrie.com\\\/\",\"name\":\"Boutique &quot;V6&quot;\",\"description\":\"We care for your car\",\"publisher\":{\"@id\":\"https:\\\/\\\/sella-industrie.com\\\/#organization\"},\"potentialAction\":[{\"@type\":\"SearchAction\",\"target\":{\"@type\":\"EntryPoint\",\"urlTemplate\":\"https:\\\/\\\/sella-industrie.com\\\/?s={search_term_string}\"},\"query-input\":{\"@type\":\"PropertyValueSpecification\",\"valueRequired\":true,\"valueName\":\"search_term_string\"}}],\"inLanguage\":\"fr-FR\"},{\"@type\":\"Organization\",\"@id\":\"https:\\\/\\\/sella-industrie.com\\\/#organization\",\"name\":\"Boutique &quot;V6&quot;\",\"url\":\"https:\\\/\\\/sella-industrie.com\\\/\",\"logo\":{\"@type\":\"ImageObject\",\"inLanguage\":\"fr-FR\",\"@id\":\"https:\\\/\\\/sella-industrie.com\\\/#\\\/schema\\\/logo\\\/image\\\/\",\"url\":\"\",\"contentUrl\":\"\",\"caption\":\"Boutique &quot;V6&quot;\"},\"image\":{\"@id\":\"https:\\\/\\\/sella-industrie.com\\\/#\\\/schema\\\/logo\\\/image\\\/\"}}]}<\/script>\n<meta property=\"product:price:amount\" content=\"6450\" \/>\n<meta property=\"product:price:currency\" content=\"DZD\" \/>\n<meta property=\"og:availability\" content=\"instock\" \/>\n<meta property=\"product:availability\" content=\"instock\" \/>\n<meta property=\"product:condition\" content=\"new\" \/>\n<!-- \/ Yoast SEO Premium plugin. -->","yoast_head_json":{"title":"HOUSSE SIMILICUIR R LINE - Boutique &quot;V6&quot;","description":"HOUSSE SIMILICUIR R LINE, pour si\u00e8ge auto avec mousse \u00e9paisse doubl\u00e9e. Confort sup\u00e9rieur, protection durable et finition premium pour votre v\u00e9hicule.","robots":{"index":"index","follow":"follow","max-snippet":"max-snippet:-1","max-image-preview":"max-image-preview:large","max-video-preview":"max-video-preview:-1"},"canonical":"https:\/\/sella-industrie.com\/fr_fr\/produit\/housse-similicuir-r-line-siege-auto-\u063a\u0637\u0627\u0621-\u0645\u0642\u0639\u062f-\u0627\u0644\u0633\u064a\u0627\u0631\u0629-\u0633\u064a\u0645\u064a\u0644\u064a\u0643\u0648\u064a\u0631-\u0623\/","og_locale":"fr_FR","og_type":"article","og_title":"HOUSSE SIMILICUIR R LINE","og_description":"HOUSSE SIMILICUIR R LINE, pour si\u00e8ge auto avec mousse \u00e9paisse doubl\u00e9e. Confort sup\u00e9rieur, protection durable et finition premium pour votre v\u00e9hicule.","og_url":"https:\/\/sella-industrie.com\/fr_fr\/produit\/housse-similicuir-r-line-siege-auto-\u063a\u0637\u0627\u0621-\u0645\u0642\u0639\u062f-\u0627\u0644\u0633\u064a\u0627\u0631\u0629-\u0633\u064a\u0645\u064a\u0644\u064a\u0643\u0648\u064a\u0631-\u0623\/","og_site_name":"Boutique &quot;V6&quot;","article_modified_time":"2026-02-19T11:11:25+00:00","og_image":[{"width":1000,"height":1000,"url":"https:\/\/sella-industrie.com\/wp-content\/uploads\/2024\/07\/HOUSSE-SIMILICUIR-R-LINE.png","type":"image\/png"}],"twitter_card":"summary_large_image","twitter_misc":{"Prix":"&#x62f;.&#x62c;&nbsp;6.450","Disponibilit\u00e9":"En stock"},"schema":{"@context":"https:\/\/schema.org","@graph":[{"@type":"WebPage","@id":"https:\/\/sella-industrie.com\/produit\/housse-similicuir-r-line-siege-auto-%d8%ba%d8%b7%d8%a7%d8%a1-%d9%85%d9%82%d8%b9%d8%af-%d8%a7%d9%84%d8%b3%d9%8a%d8%a7%d8%b1%d8%a9-%d8%b3%d9%8a%d9%85%d9%8a%d9%84%d9%8a%d9%83%d9%88%d9%8a%d8%b1-%d8%a3\/","url":"https:\/\/sella-industrie.com\/produit\/housse-similicuir-r-line-siege-auto-%d8%ba%d8%b7%d8%a7%d8%a1-%d9%85%d9%82%d8%b9%d8%af-%d8%a7%d9%84%d8%b3%d9%8a%d8%a7%d8%b1%d8%a9-%d8%b3%d9%8a%d9%85%d9%8a%d9%84%d9%8a%d9%83%d9%88%d9%8a%d8%b1-%d8%a3\/","name":"HOUSSE SIMILICUIR R LINE - Boutique &quot;V6&quot;","isPartOf":{"@id":"https:\/\/sella-industrie.com\/#website"},"primaryImageOfPage":{"@id":"https:\/\/sella-industrie.com\/produit\/housse-similicuir-r-line-siege-auto-%d8%ba%d8%b7%d8%a7%d8%a1-%d9%85%d9%82%d8%b9%d8%af-%d8%a7%d9%84%d8%b3%d9%8a%d8%a7%d8%b1%d8%a9-%d8%b3%d9%8a%d9%85%d9%8a%d9%84%d9%8a%d9%83%d9%88%d9%8a%d8%b1-%d8%a3\/#primaryimage"},"image":{"@id":"https:\/\/sella-industrie.com\/produit\/housse-similicuir-r-line-siege-auto-%d8%ba%d8%b7%d8%a7%d8%a1-%d9%85%d9%82%d8%b9%d8%af-%d8%a7%d9%84%d8%b3%d9%8a%d8%a7%d8%b1%d8%a9-%d8%b3%d9%8a%d9%85%d9%8a%d9%84%d9%8a%d9%83%d9%88%d9%8a%d8%b1-%d8%a3\/#primaryimage"},"thumbnailUrl":"https:\/\/sella-industrie.com\/wp-content\/uploads\/2024\/07\/HOUSSE-SIMILICUIR-R-LINE.png","datePublished":"2024-07-11T15:09:54+00:00","dateModified":"2026-02-19T11:11:25+00:00","description":"HOUSSE SIMILICUIR R LINE, pour si\u00e8ge auto avec mousse \u00e9paisse doubl\u00e9e. Confort sup\u00e9rieur, protection durable et finition premium pour votre v\u00e9hicule.","breadcrumb":{"@id":"https:\/\/sella-industrie.com\/produit\/housse-similicuir-r-line-siege-auto-%d8%ba%d8%b7%d8%a7%d8%a1-%d9%85%d9%82%d8%b9%d8%af-%d8%a7%d9%84%d8%b3%d9%8a%d8%a7%d8%b1%d8%a9-%d8%b3%d9%8a%d9%85%d9%8a%d9%84%d9%8a%d9%83%d9%88%d9%8a%d8%b1-%d8%a3\/#breadcrumb"},"inLanguage":"fr-FR","potentialAction":[{"@type":"ReadAction","target":["https:\/\/sella-industrie.com\/produit\/housse-similicuir-r-line-siege-auto-%d8%ba%d8%b7%d8%a7%d8%a1-%d9%85%d9%82%d8%b9%d8%af-%d8%a7%d9%84%d8%b3%d9%8a%d8%a7%d8%b1%d8%a9-%d8%b3%d9%8a%d9%85%d9%8a%d9%84%d9%8a%d9%83%d9%88%d9%8a%d8%b1-%d8%a3\/"]}]},{"@type":"ImageObject","inLanguage":"fr-FR","@id":"https:\/\/sella-industrie.com\/produit\/housse-similicuir-r-line-siege-auto-%d8%ba%d8%b7%d8%a7%d8%a1-%d9%85%d9%82%d8%b9%d8%af-%d8%a7%d9%84%d8%b3%d9%8a%d8%a7%d8%b1%d8%a9-%d8%b3%d9%8a%d9%85%d9%8a%d9%84%d9%8a%d9%83%d9%88%d9%8a%d8%b1-%d8%a3\/#primaryimage","url":"https:\/\/sella-industrie.com\/wp-content\/uploads\/2024\/07\/HOUSSE-SIMILICUIR-R-LINE.png","contentUrl":"https:\/\/sella-industrie.com\/wp-content\/uploads\/2024\/07\/HOUSSE-SIMILICUIR-R-LINE.png","width":1000,"height":1000,"caption":"HOUSSE SIMILICUIR R LINE"},{"@type":"BreadcrumbList","@id":"https:\/\/sella-industrie.com\/produit\/housse-similicuir-r-line-siege-auto-%d8%ba%d8%b7%d8%a7%d8%a1-%d9%85%d9%82%d8%b9%d8%af-%d8%a7%d9%84%d8%b3%d9%8a%d8%a7%d8%b1%d8%a9-%d8%b3%d9%8a%d9%85%d9%8a%d9%84%d9%8a%d9%83%d9%88%d9%8a%d8%b1-%d8%a3\/#breadcrumb","itemListElement":[{"@type":"ListItem","position":1,"name":"Accueil","item":"https:\/\/sella-industrie.com\/fr_fr\/"},{"@type":"ListItem","position":2,"name":"Shop","item":"https:\/\/sella-industrie.com\/fr_fr\/shop\/"},{"@type":"ListItem","position":3,"name":"Accessoires Auto","item":"https:\/\/sella-industrie.com\/categorie-produit\/accessoires-auto\/"},{"@type":"ListItem","position":4,"name":"HOUSSE SIMILICUIR R LINE"}]},{"@type":"WebSite","@id":"https:\/\/sella-industrie.com\/#website","url":"https:\/\/sella-industrie.com\/","name":"Boutique &quot;V6&quot;","description":"We care for your car","publisher":{"@id":"https:\/\/sella-industrie.com\/#organization"},"potentialAction":[{"@type":"SearchAction","target":{"@type":"EntryPoint","urlTemplate":"https:\/\/sella-industrie.com\/?s={search_term_string}"},"query-input":{"@type":"PropertyValueSpecification","valueRequired":true,"valueName":"search_term_string"}}],"inLanguage":"fr-FR"},{"@type":"Organization","@id":"https:\/\/sella-industrie.com\/#organization","name":"Boutique &quot;V6&quot;","url":"https:\/\/sella-industrie.com\/","logo":{"@type":"ImageObject","inLanguage":"fr-FR","@id":"https:\/\/sella-industrie.com\/#\/schema\/logo\/image\/","url":"","contentUrl":"","caption":"Boutique &quot;V6&quot;"},"image":{"@id":"https:\/\/sella-industrie.com\/#\/schema\/logo\/image\/"}}]},"product_price_amount":"6450","product_price_currency":"DZD","og_availability":"instock","product_availability":"instock","product_condition":"new"},"_links":{"self":[{"href":"https:\/\/sella-industrie.com\/fr_fr\/wp-json\/wp\/v2\/product\/30557","targetHints":{"allow":["GET"]}}],"collection":[{"href":"https:\/\/sella-industrie.com\/fr_fr\/wp-json\/wp\/v2\/product"}],"about":[{"href":"https:\/\/sella-industrie.com\/fr_fr\/wp-json\/wp\/v2\/types\/product"}],"replies":[{"embeddable":true,"href":"https:\/\/sella-industrie.com\/fr_fr\/wp-json\/wp\/v2\/comments?post=30557"}],"wp:featuredmedia":[{"embeddable":true,"href":"https:\/\/sella-industrie.com\/fr_fr\/wp-json\/wp\/v2\/media\/30560"}],"wp:attachment":[{"href":"https:\/\/sella-industrie.com\/fr_fr\/wp-json\/wp\/v2\/media?parent=30557"}],"wp:term":[{"taxonomy":"product_brand","embeddable":true,"href":"https:\/\/sella-industrie.com\/fr_fr\/wp-json\/wp\/v2\/product_brand?post=30557"},{"taxonomy":"product_cat","embeddable":true,"href":"https:\/\/sella-industrie.com\/fr_fr\/wp-json\/wp\/v2\/product_cat?post=30557"},{"taxonomy":"product_tag","embeddable":true,"href":"https:\/\/sella-industrie.com\/fr_fr\/wp-json\/wp\/v2\/product_tag?post=30557"}],"curies":[{"name":"wp","href":"https:\/\/api.w.org\/{rel}","templated":true}]}}