{"id":30519,"date":"2024-07-11T14:00:19","date_gmt":"2024-07-11T14:00:19","guid":{"rendered":"https:\/\/v6.sellaindustrie.com\/?post_type=product&#038;p=30519"},"modified":"2025-07-17T09:25:44","modified_gmt":"2025-07-17T09:25:44","slug":"microfibre-chamois-multi-usage-v6","status":"publish","type":"product","link":"https:\/\/sella-industrie.com\/fr_fr\/produit\/microfibre-chamois-multi-usage-v6\/","title":{"rendered":"MULTI-USAGE CHAMOIS MICROFIBRE V6"},"content":{"rendered":"","protected":false},"excerpt":{"rendered":"<p>MICROFIBRE CHAMOIS MULTI-USAGE :\u00a0 Particuli\u00e8rement douce et ne laisse aucune peluche lors de l&rsquo;essuyage. Peut remplace la traditionnelle peau de chamois, utilis\u00e9e pour le nettoyage des voitures ou de toute autre surface. Aussi utilis\u00e9 pour le nettoyage de surfaces tr\u00e8s d\u00e9licates (lunettes, verre, meubles, etc&#8230;). Peut \u00eatre lav\u00e9e et r\u00e9utilis\u00e9e par la suite. C&rsquo;est donc une alternative \u00e9cologique et \u00e9conomique \u00e0 l&rsquo;essuie tout.<\/p>\n","protected":false},"featured_media":30523,"comment_status":"open","ping_status":"closed","template":"","meta":[],"product_brand":[292],"product_cat":[238],"product_tag":[554,309],"class_list":{"0":"post-30519","1":"product","2":"type-product","3":"status-publish","4":"has-post-thumbnail","6":"product_brand-v6","7":"product_cat-accessoires-auto","8":"product_tag-microfibre-chamois-multi-usage-v6","9":"product_tag-new","11":"first","12":"instock","13":"taxable","14":"shipping-taxable","15":"purchasable","16":"product-type-simple"},"yoast_head":"<!-- This site is optimized with the Yoast SEO Premium plugin v27.1 (Yoast SEO v27.4) - https:\/\/yoast.com\/product\/yoast-seo-premium-wordpress\/ -->\n<title>MULTI-USAGE CHAMOIS MICROFIBRE V6 - Boutique &quot;V6&quot;<\/title>\n<meta name=\"robots\" content=\"index, follow, max-snippet:-1, max-image-preview:large, max-video-preview:-1\" \/>\n<link rel=\"canonical\" href=\"https:\/\/sella-industrie.com\/fr_fr\/produit\/microfibre-chamois-multi-usage-v6\/\" \/>\n<meta property=\"og:locale\" content=\"fr_FR\" \/>\n<meta property=\"og:type\" content=\"article\" \/>\n<meta property=\"og:title\" content=\"MULTI-USAGE CHAMOIS MICROFIBRE V6\" \/>\n<meta property=\"og:description\" content=\"MICROFIBRE CHAMOIS MULTI-USAGE :\u00a0 Particuli\u00e8rement douce et ne laisse aucune peluche lors de l&#039;essuyage. Peut remplace la traditionnelle peau de chamois, utilis\u00e9e pour le nettoyage des voitures ou de toute autre surface. Aussi utilis\u00e9 pour le nettoyage de surfaces tr\u00e8s d\u00e9licates (lunettes, verre, meubles, etc...). Peut \u00eatre lav\u00e9e et r\u00e9utilis\u00e9e par la suite. C&#039;est donc une alternative \u00e9cologique et \u00e9conomique \u00e0 l&#039;essuie tout.\" \/>\n<meta property=\"og:url\" content=\"https:\/\/sella-industrie.com\/fr_fr\/produit\/microfibre-chamois-multi-usage-v6\/\" \/>\n<meta property=\"og:site_name\" content=\"Boutique &quot;V6&quot;\" \/>\n<meta property=\"article:modified_time\" content=\"2025-07-17T09:25:44+00:00\" \/>\n<meta property=\"og:image\" content=\"https:\/\/sella-industrie.com\/wp-content\/uploads\/2024\/07\/MICROFIBRE-CHAMOIS-MULTI-USAGE-CN3215.png\" \/>\n\t<meta property=\"og:image:width\" content=\"1000\" \/>\n\t<meta property=\"og:image:height\" content=\"1000\" \/>\n\t<meta property=\"og:image:type\" content=\"image\/png\" \/>\n<meta name=\"twitter:card\" content=\"summary_large_image\" \/>\n<meta name=\"twitter:label1\" content=\"Prix\" \/>\n\t<meta name=\"twitter:data1\" content=\"&#x62f;.&#x62c;&nbsp;640\" \/>\n\t<meta name=\"twitter:label2\" content=\"Disponibilit\u00e9\" \/>\n\t<meta name=\"twitter:data2\" content=\"En stock\" \/>\n<script type=\"application\/ld+json\" class=\"yoast-schema-graph\">{\"@context\":\"https:\\\/\\\/schema.org\",\"@graph\":[{\"@type\":\"WebPage\",\"@id\":\"https:\\\/\\\/sella-industrie.com\\\/produit\\\/microfibre-chamois-multi-usage-v6\\\/\",\"url\":\"https:\\\/\\\/sella-industrie.com\\\/produit\\\/microfibre-chamois-multi-usage-v6\\\/\",\"name\":\"MULTI-USAGE CHAMOIS MICROFIBRE V6 - Boutique &quot;V6&quot;\",\"isPartOf\":{\"@id\":\"https:\\\/\\\/sella-industrie.com\\\/#website\"},\"primaryImageOfPage\":{\"@id\":\"https:\\\/\\\/sella-industrie.com\\\/produit\\\/microfibre-chamois-multi-usage-v6\\\/#primaryimage\"},\"image\":{\"@id\":\"https:\\\/\\\/sella-industrie.com\\\/produit\\\/microfibre-chamois-multi-usage-v6\\\/#primaryimage\"},\"thumbnailUrl\":\"https:\\\/\\\/sella-industrie.com\\\/wp-content\\\/uploads\\\/2024\\\/07\\\/MICROFIBRE-CHAMOIS-MULTI-USAGE-CN3215.png\",\"datePublished\":\"2024-07-11T14:00:19+00:00\",\"dateModified\":\"2025-07-17T09:25:44+00:00\",\"breadcrumb\":{\"@id\":\"https:\\\/\\\/sella-industrie.com\\\/produit\\\/microfibre-chamois-multi-usage-v6\\\/#breadcrumb\"},\"inLanguage\":\"fr-FR\",\"potentialAction\":[{\"@type\":\"ReadAction\",\"target\":[\"https:\\\/\\\/sella-industrie.com\\\/produit\\\/microfibre-chamois-multi-usage-v6\\\/\"]}]},{\"@type\":\"ImageObject\",\"inLanguage\":\"fr-FR\",\"@id\":\"https:\\\/\\\/sella-industrie.com\\\/produit\\\/microfibre-chamois-multi-usage-v6\\\/#primaryimage\",\"url\":\"https:\\\/\\\/sella-industrie.com\\\/wp-content\\\/uploads\\\/2024\\\/07\\\/MICROFIBRE-CHAMOIS-MULTI-USAGE-CN3215.png\",\"contentUrl\":\"https:\\\/\\\/sella-industrie.com\\\/wp-content\\\/uploads\\\/2024\\\/07\\\/MICROFIBRE-CHAMOIS-MULTI-USAGE-CN3215.png\",\"width\":1000,\"height\":1000,\"caption\":\"MULTI-USAGE CHAMOIS MICROFIBRE V6\"},{\"@type\":\"BreadcrumbList\",\"@id\":\"https:\\\/\\\/sella-industrie.com\\\/produit\\\/microfibre-chamois-multi-usage-v6\\\/#breadcrumb\",\"itemListElement\":[{\"@type\":\"ListItem\",\"position\":1,\"name\":\"Accueil\",\"item\":\"https:\\\/\\\/sella-industrie.com\\\/fr_fr\\\/\"},{\"@type\":\"ListItem\",\"position\":2,\"name\":\"Shop\",\"item\":\"https:\\\/\\\/sella-industrie.com\\\/fr_fr\\\/shop\\\/\"},{\"@type\":\"ListItem\",\"position\":3,\"name\":\"Accessoires Auto\",\"item\":\"https:\\\/\\\/sella-industrie.com\\\/categorie-produit\\\/accessoires-auto\\\/\"},{\"@type\":\"ListItem\",\"position\":4,\"name\":\"MULTI-USAGE CHAMOIS MICROFIBRE V6\"}]},{\"@type\":\"WebSite\",\"@id\":\"https:\\\/\\\/sella-industrie.com\\\/#website\",\"url\":\"https:\\\/\\\/sella-industrie.com\\\/\",\"name\":\"Boutique &quot;V6&quot;\",\"description\":\"We care for your car\",\"publisher\":{\"@id\":\"https:\\\/\\\/sella-industrie.com\\\/#organization\"},\"potentialAction\":[{\"@type\":\"SearchAction\",\"target\":{\"@type\":\"EntryPoint\",\"urlTemplate\":\"https:\\\/\\\/sella-industrie.com\\\/?s={search_term_string}\"},\"query-input\":{\"@type\":\"PropertyValueSpecification\",\"valueRequired\":true,\"valueName\":\"search_term_string\"}}],\"inLanguage\":\"fr-FR\"},{\"@type\":\"Organization\",\"@id\":\"https:\\\/\\\/sella-industrie.com\\\/#organization\",\"name\":\"Boutique &quot;V6&quot;\",\"url\":\"https:\\\/\\\/sella-industrie.com\\\/\",\"logo\":{\"@type\":\"ImageObject\",\"inLanguage\":\"fr-FR\",\"@id\":\"https:\\\/\\\/sella-industrie.com\\\/#\\\/schema\\\/logo\\\/image\\\/\",\"url\":\"\",\"contentUrl\":\"\",\"caption\":\"Boutique &quot;V6&quot;\"},\"image\":{\"@id\":\"https:\\\/\\\/sella-industrie.com\\\/#\\\/schema\\\/logo\\\/image\\\/\"}}]}<\/script>\n<meta property=\"product:price:amount\" content=\"640\" \/>\n<meta property=\"product:price:currency\" content=\"DZD\" \/>\n<meta property=\"og:availability\" content=\"instock\" \/>\n<meta property=\"product:availability\" content=\"instock\" \/>\n<meta property=\"product:condition\" content=\"new\" \/>\n<!-- \/ Yoast SEO Premium plugin. -->","yoast_head_json":{"title":"MULTI-USAGE CHAMOIS MICROFIBRE V6 - Boutique &quot;V6&quot;","robots":{"index":"index","follow":"follow","max-snippet":"max-snippet:-1","max-image-preview":"max-image-preview:large","max-video-preview":"max-video-preview:-1"},"canonical":"https:\/\/sella-industrie.com\/fr_fr\/produit\/microfibre-chamois-multi-usage-v6\/","og_locale":"fr_FR","og_type":"article","og_title":"MULTI-USAGE CHAMOIS MICROFIBRE V6","og_description":"MICROFIBRE CHAMOIS MULTI-USAGE :\u00a0 Particuli\u00e8rement douce et ne laisse aucune peluche lors de l'essuyage. Peut remplace la traditionnelle peau de chamois, utilis\u00e9e pour le nettoyage des voitures ou de toute autre surface. Aussi utilis\u00e9 pour le nettoyage de surfaces tr\u00e8s d\u00e9licates (lunettes, verre, meubles, etc...). Peut \u00eatre lav\u00e9e et r\u00e9utilis\u00e9e par la suite. C'est donc une alternative \u00e9cologique et \u00e9conomique \u00e0 l'essuie tout.","og_url":"https:\/\/sella-industrie.com\/fr_fr\/produit\/microfibre-chamois-multi-usage-v6\/","og_site_name":"Boutique &quot;V6&quot;","article_modified_time":"2025-07-17T09:25:44+00:00","og_image":[{"width":1000,"height":1000,"url":"https:\/\/sella-industrie.com\/wp-content\/uploads\/2024\/07\/MICROFIBRE-CHAMOIS-MULTI-USAGE-CN3215.png","type":"image\/png"}],"twitter_card":"summary_large_image","twitter_misc":{"Prix":"&#x62f;.&#x62c;&nbsp;640","Disponibilit\u00e9":"En stock"},"schema":{"@context":"https:\/\/schema.org","@graph":[{"@type":"WebPage","@id":"https:\/\/sella-industrie.com\/produit\/microfibre-chamois-multi-usage-v6\/","url":"https:\/\/sella-industrie.com\/produit\/microfibre-chamois-multi-usage-v6\/","name":"MULTI-USAGE CHAMOIS MICROFIBRE V6 - Boutique &quot;V6&quot;","isPartOf":{"@id":"https:\/\/sella-industrie.com\/#website"},"primaryImageOfPage":{"@id":"https:\/\/sella-industrie.com\/produit\/microfibre-chamois-multi-usage-v6\/#primaryimage"},"image":{"@id":"https:\/\/sella-industrie.com\/produit\/microfibre-chamois-multi-usage-v6\/#primaryimage"},"thumbnailUrl":"https:\/\/sella-industrie.com\/wp-content\/uploads\/2024\/07\/MICROFIBRE-CHAMOIS-MULTI-USAGE-CN3215.png","datePublished":"2024-07-11T14:00:19+00:00","dateModified":"2025-07-17T09:25:44+00:00","breadcrumb":{"@id":"https:\/\/sella-industrie.com\/produit\/microfibre-chamois-multi-usage-v6\/#breadcrumb"},"inLanguage":"fr-FR","potentialAction":[{"@type":"ReadAction","target":["https:\/\/sella-industrie.com\/produit\/microfibre-chamois-multi-usage-v6\/"]}]},{"@type":"ImageObject","inLanguage":"fr-FR","@id":"https:\/\/sella-industrie.com\/produit\/microfibre-chamois-multi-usage-v6\/#primaryimage","url":"https:\/\/sella-industrie.com\/wp-content\/uploads\/2024\/07\/MICROFIBRE-CHAMOIS-MULTI-USAGE-CN3215.png","contentUrl":"https:\/\/sella-industrie.com\/wp-content\/uploads\/2024\/07\/MICROFIBRE-CHAMOIS-MULTI-USAGE-CN3215.png","width":1000,"height":1000,"caption":"MULTI-USAGE CHAMOIS MICROFIBRE V6"},{"@type":"BreadcrumbList","@id":"https:\/\/sella-industrie.com\/produit\/microfibre-chamois-multi-usage-v6\/#breadcrumb","itemListElement":[{"@type":"ListItem","position":1,"name":"Accueil","item":"https:\/\/sella-industrie.com\/fr_fr\/"},{"@type":"ListItem","position":2,"name":"Shop","item":"https:\/\/sella-industrie.com\/fr_fr\/shop\/"},{"@type":"ListItem","position":3,"name":"Accessoires Auto","item":"https:\/\/sella-industrie.com\/categorie-produit\/accessoires-auto\/"},{"@type":"ListItem","position":4,"name":"MULTI-USAGE CHAMOIS MICROFIBRE V6"}]},{"@type":"WebSite","@id":"https:\/\/sella-industrie.com\/#website","url":"https:\/\/sella-industrie.com\/","name":"Boutique &quot;V6&quot;","description":"We care for your car","publisher":{"@id":"https:\/\/sella-industrie.com\/#organization"},"potentialAction":[{"@type":"SearchAction","target":{"@type":"EntryPoint","urlTemplate":"https:\/\/sella-industrie.com\/?s={search_term_string}"},"query-input":{"@type":"PropertyValueSpecification","valueRequired":true,"valueName":"search_term_string"}}],"inLanguage":"fr-FR"},{"@type":"Organization","@id":"https:\/\/sella-industrie.com\/#organization","name":"Boutique &quot;V6&quot;","url":"https:\/\/sella-industrie.com\/","logo":{"@type":"ImageObject","inLanguage":"fr-FR","@id":"https:\/\/sella-industrie.com\/#\/schema\/logo\/image\/","url":"","contentUrl":"","caption":"Boutique &quot;V6&quot;"},"image":{"@id":"https:\/\/sella-industrie.com\/#\/schema\/logo\/image\/"}}]},"product_price_amount":"640","product_price_currency":"DZD","og_availability":"instock","product_availability":"instock","product_condition":"new"},"_links":{"self":[{"href":"https:\/\/sella-industrie.com\/fr_fr\/wp-json\/wp\/v2\/product\/30519","targetHints":{"allow":["GET"]}}],"collection":[{"href":"https:\/\/sella-industrie.com\/fr_fr\/wp-json\/wp\/v2\/product"}],"about":[{"href":"https:\/\/sella-industrie.com\/fr_fr\/wp-json\/wp\/v2\/types\/product"}],"replies":[{"embeddable":true,"href":"https:\/\/sella-industrie.com\/fr_fr\/wp-json\/wp\/v2\/comments?post=30519"}],"wp:featuredmedia":[{"embeddable":true,"href":"https:\/\/sella-industrie.com\/fr_fr\/wp-json\/wp\/v2\/media\/30523"}],"wp:attachment":[{"href":"https:\/\/sella-industrie.com\/fr_fr\/wp-json\/wp\/v2\/media?parent=30519"}],"wp:term":[{"taxonomy":"product_brand","embeddable":true,"href":"https:\/\/sella-industrie.com\/fr_fr\/wp-json\/wp\/v2\/product_brand?post=30519"},{"taxonomy":"product_cat","embeddable":true,"href":"https:\/\/sella-industrie.com\/fr_fr\/wp-json\/wp\/v2\/product_cat?post=30519"},{"taxonomy":"product_tag","embeddable":true,"href":"https:\/\/sella-industrie.com\/fr_fr\/wp-json\/wp\/v2\/product_tag?post=30519"}],"curies":[{"name":"wp","href":"https:\/\/api.w.org\/{rel}","templated":true}]}}