{"id":30368,"date":"2024-07-08T14:02:14","date_gmt":"2024-07-08T14:02:14","guid":{"rendered":"https:\/\/v6.sellaindustrie.com\/?post_type=product&#038;p=30368"},"modified":"2026-02-15T10:06:16","modified_gmt":"2026-02-15T10:06:16","slug":"couvre-volant-v6-cuir-universel-%d8%ba%d8%b7%d8%a7%d8%a1-%d8%b9%d8%ac%d9%84%d8%a9-%d8%a7%d9%84%d9%82%d9%8a%d8%a7%d8%af%d8%a9-%d8%a7%d9%84%d8%ac%d9%84%d8%af%d9%8a","status":"publish","type":"product","link":"https:\/\/sella-industrie.com\/fr_fr\/produit\/couvre-volant-v6-cuir-universel-%d8%ba%d8%b7%d8%a7%d8%a1-%d8%b9%d8%ac%d9%84%d8%a9-%d8%a7%d9%84%d9%82%d9%8a%d8%a7%d8%af%d8%a9-%d8%a7%d9%84%d8%ac%d9%84%d8%af%d9%8a\/","title":{"rendered":"Couvre volant V6 cuir"},"content":{"rendered":"<h2 style=\"text-align: center;\">Couvre volant V6 cuir \u063a\u0637\u0627\u0621 \u0639\u062c\u0644\u0629 \u0627\u0644\u0642\u064a\u0627\u062f\u0629 \u0627\u0644\u062c\u0644\u062f\u064a<\/h2>\n<p data-start=\"393\" data-end=\"563\">Universel, doux et sans odeur. <strong>Couvre volant V6 cuir<\/strong>, Am\u00e9liore la prise en main, prot\u00e8ge le volant et dure plus longtemps. Installation facile, compatible toutes voitures. Con\u00e7u en cuir doux et r\u00e9sistant, il prot\u00e8ge le volant contre l\u2019usure tout en apportant une finition <a href=\"https:\/\/sella-industrie.com\/fr_fr\/produit\/couvre-volant-silicone-vitesse\/\">\u00e9l\u00e9gante<\/a> \u00e0 l\u2019int\u00e9rieur du v\u00e9hicule. Sans odeur et agr\u00e9able au toucher, il transforme l\u2019<a href=\"https:\/\/www.tiktok.com\/@v6.accessoires.au\" target=\"_blank\" rel=\"noopener\">exp\u00e9rience<\/a> de conduite au quotidien.<\/p>\n<p style=\"text-align: right;\">\u064a\u062f\u0648\u0645 \u0644\u0641\u062a\u0631\u0629 \u0623\u0637\u0648\u0644\u060c \u0633\u0647\u0644 \u0627\u0644\u0625\u0645\u0633\u0627\u0643\u060c \u0646\u0627\u0639\u0645 \u0648\u0639\u062f\u064a\u0645 \u0627\u0644\u0631\u0627\u0626\u062d\u0629\u060c \u0645\u0646\u0627\u0633\u0628 \u0644\u062c\u0645\u064a\u0639 \u0623\u0646\u0648\u0627\u0639 \u0627\u0644\u0633\u064a\u0627\u0631\u0627\u062a\u060c \u0633\u0647\u0644 \u0627\u0644\u062a\u0631\u0643\u064a<\/p>\n<p>&nbsp;<\/p>\n","protected":false},"excerpt":{"rendered":"<h1 style=\"text-align: center;\">\u063a\u0637\u0627\u0621 \u0639\u062c\u0644\u0629 \u0627\u0644\u0642\u064a\u0627\u062f\u0629 \u0627\u0644\u062c\u0644\u062f\u064a<\/h1>\n<p>Universel, doux et sans odeur. <strong>Couvre volant V6 cuir<\/strong>, Am\u00e9liore la prise en main, prot\u00e8ge le volant et dure plus longtemps. Installation facile, compatible toutes voitures.<\/p>\n","protected":false},"featured_media":30369,"comment_status":"open","ping_status":"closed","template":"","meta":[],"product_brand":[292],"product_cat":[238],"product_tag":[521,309],"class_list":{"0":"post-30368","1":"product","2":"type-product","3":"status-publish","4":"has-post-thumbnail","6":"product_brand-v6","7":"product_cat-accessoires-auto","8":"product_tag-couvre-volant-v6-cuir","9":"product_tag-new","11":"first","12":"instock","13":"taxable","14":"shipping-taxable","15":"purchasable","16":"product-type-simple"},"yoast_head":"<!-- This site is optimized with the Yoast SEO Premium plugin v27.1 (Yoast SEO v27.4) - https:\/\/yoast.com\/product\/yoast-seo-premium-wordpress\/ -->\n<title>Couvre volant V6 cuir - Boutique &quot;V6&quot;<\/title>\n<meta name=\"description\" content=\"Couvre volant V6 cuir universel, doux et sans odeur. Bonne la prise en main, prot\u00e8ge et dure plus longtemps. facile \u00e0 instaler, compatible toutes voitures.\" \/>\n<meta name=\"robots\" content=\"index, follow, max-snippet:-1, max-image-preview:large, max-video-preview:-1\" \/>\n<link rel=\"canonical\" href=\"https:\/\/sella-industrie.com\/fr_fr\/produit\/couvre-volant-v6-cuir-universel-\u063a\u0637\u0627\u0621-\u0639\u062c\u0644\u0629-\u0627\u0644\u0642\u064a\u0627\u062f\u0629-\u0627\u0644\u062c\u0644\u062f\u064a\/\" \/>\n<meta property=\"og:locale\" content=\"fr_FR\" \/>\n<meta property=\"og:type\" content=\"article\" \/>\n<meta property=\"og:title\" content=\"Couvre volant V6 cuir\" \/>\n<meta property=\"og:description\" content=\"Couvre volant V6 cuir universel, doux et sans odeur. Bonne la prise en main, prot\u00e8ge et dure plus longtemps. facile \u00e0 instaler, compatible toutes voitures.\" \/>\n<meta property=\"og:url\" content=\"https:\/\/sella-industrie.com\/fr_fr\/produit\/couvre-volant-v6-cuir-universel-\u063a\u0637\u0627\u0621-\u0639\u062c\u0644\u0629-\u0627\u0644\u0642\u064a\u0627\u062f\u0629-\u0627\u0644\u062c\u0644\u062f\u064a\/\" \/>\n<meta property=\"og:site_name\" content=\"Boutique &quot;V6&quot;\" \/>\n<meta property=\"article:publisher\" content=\"https:\/\/www.facebook.com\/V6accessoiresauto?mibextid=wwXIfr&amp;rdid=07l1PwXhFBuWBfmW&amp;share_url=httpswww.facebook.comshare169W2vbvizmibextidwwXIfr#\" \/>\n<meta property=\"article:modified_time\" content=\"2026-02-15T10:06:16+00:00\" \/>\n<meta property=\"og:image\" content=\"https:\/\/sella-industrie.com\/wp-content\/uploads\/2024\/07\/COUVRE-VOLANT-V6-CUIR1.png\" \/>\n\t<meta property=\"og:image:width\" content=\"1000\" \/>\n\t<meta property=\"og:image:height\" content=\"1000\" \/>\n\t<meta property=\"og:image:type\" content=\"image\/png\" \/>\n<meta name=\"twitter:card\" content=\"summary_large_image\" \/>\n<meta name=\"twitter:label1\" content=\"Prix\" \/>\n\t<meta name=\"twitter:data1\" content=\"&#x62f;.&#x62c;&nbsp;2.000\" \/>\n\t<meta name=\"twitter:label2\" content=\"Disponibilit\u00e9\" \/>\n\t<meta name=\"twitter:data2\" content=\"En stock\" \/>\n<script type=\"application\/ld+json\" class=\"yoast-schema-graph\">{\"@context\":\"https:\\\/\\\/schema.org\",\"@graph\":[{\"@type\":\"WebPage\",\"@id\":\"https:\\\/\\\/sella-industrie.com\\\/produit\\\/couvre-volant-v6-cuir-universel-%d8%ba%d8%b7%d8%a7%d8%a1-%d8%b9%d8%ac%d9%84%d8%a9-%d8%a7%d9%84%d9%82%d9%8a%d8%a7%d8%af%d8%a9-%d8%a7%d9%84%d8%ac%d9%84%d8%af%d9%8a\\\/\",\"url\":\"https:\\\/\\\/sella-industrie.com\\\/produit\\\/couvre-volant-v6-cuir-universel-%d8%ba%d8%b7%d8%a7%d8%a1-%d8%b9%d8%ac%d9%84%d8%a9-%d8%a7%d9%84%d9%82%d9%8a%d8%a7%d8%af%d8%a9-%d8%a7%d9%84%d8%ac%d9%84%d8%af%d9%8a\\\/\",\"name\":\"Couvre volant V6 cuir - Boutique &quot;V6&quot;\",\"isPartOf\":{\"@id\":\"https:\\\/\\\/sella-industrie.com\\\/#website\"},\"primaryImageOfPage\":{\"@id\":\"https:\\\/\\\/sella-industrie.com\\\/produit\\\/couvre-volant-v6-cuir-universel-%d8%ba%d8%b7%d8%a7%d8%a1-%d8%b9%d8%ac%d9%84%d8%a9-%d8%a7%d9%84%d9%82%d9%8a%d8%a7%d8%af%d8%a9-%d8%a7%d9%84%d8%ac%d9%84%d8%af%d9%8a\\\/#primaryimage\"},\"image\":{\"@id\":\"https:\\\/\\\/sella-industrie.com\\\/produit\\\/couvre-volant-v6-cuir-universel-%d8%ba%d8%b7%d8%a7%d8%a1-%d8%b9%d8%ac%d9%84%d8%a9-%d8%a7%d9%84%d9%82%d9%8a%d8%a7%d8%af%d8%a9-%d8%a7%d9%84%d8%ac%d9%84%d8%af%d9%8a\\\/#primaryimage\"},\"thumbnailUrl\":\"https:\\\/\\\/sella-industrie.com\\\/wp-content\\\/uploads\\\/2024\\\/07\\\/COUVRE-VOLANT-V6-CUIR1.png\",\"datePublished\":\"2024-07-08T14:02:14+00:00\",\"dateModified\":\"2026-02-15T10:06:16+00:00\",\"description\":\"Couvre volant V6 cuir universel, doux et sans odeur. Bonne la prise en main, prot\u00e8ge et dure plus longtemps. facile \u00e0 instaler, compatible toutes voitures.\",\"breadcrumb\":{\"@id\":\"https:\\\/\\\/sella-industrie.com\\\/produit\\\/couvre-volant-v6-cuir-universel-%d8%ba%d8%b7%d8%a7%d8%a1-%d8%b9%d8%ac%d9%84%d8%a9-%d8%a7%d9%84%d9%82%d9%8a%d8%a7%d8%af%d8%a9-%d8%a7%d9%84%d8%ac%d9%84%d8%af%d9%8a\\\/#breadcrumb\"},\"inLanguage\":\"fr-FR\",\"potentialAction\":[{\"@type\":\"ReadAction\",\"target\":[\"https:\\\/\\\/sella-industrie.com\\\/produit\\\/couvre-volant-v6-cuir-universel-%d8%ba%d8%b7%d8%a7%d8%a1-%d8%b9%d8%ac%d9%84%d8%a9-%d8%a7%d9%84%d9%82%d9%8a%d8%a7%d8%af%d8%a9-%d8%a7%d9%84%d8%ac%d9%84%d8%af%d9%8a\\\/\"]}]},{\"@type\":\"ImageObject\",\"inLanguage\":\"fr-FR\",\"@id\":\"https:\\\/\\\/sella-industrie.com\\\/produit\\\/couvre-volant-v6-cuir-universel-%d8%ba%d8%b7%d8%a7%d8%a1-%d8%b9%d8%ac%d9%84%d8%a9-%d8%a7%d9%84%d9%82%d9%8a%d8%a7%d8%af%d8%a9-%d8%a7%d9%84%d8%ac%d9%84%d8%af%d9%8a\\\/#primaryimage\",\"url\":\"https:\\\/\\\/sella-industrie.com\\\/wp-content\\\/uploads\\\/2024\\\/07\\\/COUVRE-VOLANT-V6-CUIR1.png\",\"contentUrl\":\"https:\\\/\\\/sella-industrie.com\\\/wp-content\\\/uploads\\\/2024\\\/07\\\/COUVRE-VOLANT-V6-CUIR1.png\",\"width\":1000,\"height\":1000,\"caption\":\"Couvre volant V6 cuir\"},{\"@type\":\"BreadcrumbList\",\"@id\":\"https:\\\/\\\/sella-industrie.com\\\/produit\\\/couvre-volant-v6-cuir-universel-%d8%ba%d8%b7%d8%a7%d8%a1-%d8%b9%d8%ac%d9%84%d8%a9-%d8%a7%d9%84%d9%82%d9%8a%d8%a7%d8%af%d8%a9-%d8%a7%d9%84%d8%ac%d9%84%d8%af%d9%8a\\\/#breadcrumb\",\"itemListElement\":[{\"@type\":\"ListItem\",\"position\":1,\"name\":\"Accueil\",\"item\":\"https:\\\/\\\/sella-industrie.com\\\/fr_fr\\\/\"},{\"@type\":\"ListItem\",\"position\":2,\"name\":\"Shop\",\"item\":\"https:\\\/\\\/sella-industrie.com\\\/fr_fr\\\/shop\\\/\"},{\"@type\":\"ListItem\",\"position\":3,\"name\":\"Accessoires Auto\",\"item\":\"https:\\\/\\\/sella-industrie.com\\\/categorie-produit\\\/accessoires-auto\\\/\"},{\"@type\":\"ListItem\",\"position\":4,\"name\":\"Couvre volant V6 cuir\"}]},{\"@type\":\"WebSite\",\"@id\":\"https:\\\/\\\/sella-industrie.com\\\/#website\",\"url\":\"https:\\\/\\\/sella-industrie.com\\\/\",\"name\":\"Boutique \\\"V6\\\"\",\"description\":\"We care for your car\",\"publisher\":{\"@id\":\"https:\\\/\\\/sella-industrie.com\\\/#organization\"},\"potentialAction\":[{\"@type\":\"SearchAction\",\"target\":{\"@type\":\"EntryPoint\",\"urlTemplate\":\"https:\\\/\\\/sella-industrie.com\\\/?s={search_term_string}\"},\"query-input\":{\"@type\":\"PropertyValueSpecification\",\"valueRequired\":true,\"valueName\":\"search_term_string\"}}],\"inLanguage\":\"fr-FR\"},{\"@type\":\"Organization\",\"@id\":\"https:\\\/\\\/sella-industrie.com\\\/#organization\",\"name\":\"Boutique \\\"V6\\\"\",\"url\":\"https:\\\/\\\/sella-industrie.com\\\/\",\"logo\":{\"@type\":\"ImageObject\",\"inLanguage\":\"fr-FR\",\"@id\":\"https:\\\/\\\/sella-industrie.com\\\/#\\\/schema\\\/logo\\\/image\\\/\",\"url\":\"https:\\\/\\\/sella-industrie.com\\\/wp-content\\\/uploads\\\/2024\\\/05\\\/LOGO-V6-PNG-1.png\",\"contentUrl\":\"https:\\\/\\\/sella-industrie.com\\\/wp-content\\\/uploads\\\/2024\\\/05\\\/LOGO-V6-PNG-1.png\",\"width\":797,\"height\":517,\"caption\":\"Boutique \\\"V6\\\"\"},\"image\":{\"@id\":\"https:\\\/\\\/sella-industrie.com\\\/#\\\/schema\\\/logo\\\/image\\\/\"},\"sameAs\":[\"https:\\\/\\\/www.facebook.com\\\/V6accessoiresauto?mibextid=wwXIfr&rdid=07l1PwXhFBuWBfmW&share_url=httpswww.facebook.comshare169W2vbvizmibextidwwXIfr#\",\"https:\\\/\\\/www.tiktok.com\\\/@v6.accessoires.au\",\"https:\\\/\\\/www.instagram.com\\\/v6_accessoires_auto?igsh=aXE2NjUwOG5xNnQz\",\"https:\\\/\\\/www.youtube.com\\\/channel\\\/UCtkk-L1mBLEmRweenaR4s7w\"]}]}<\/script>\n<meta property=\"product:price:amount\" content=\"2000\" \/>\n<meta property=\"product:price:currency\" content=\"DZD\" \/>\n<meta property=\"og:availability\" content=\"instock\" \/>\n<meta property=\"product:availability\" content=\"instock\" \/>\n<meta property=\"product:condition\" content=\"new\" \/>\n<!-- \/ Yoast SEO Premium plugin. -->","yoast_head_json":{"title":"Couvre volant V6 cuir - Boutique &quot;V6&quot;","description":"Couvre volant V6 cuir universel, doux et sans odeur. Bonne la prise en main, prot\u00e8ge et dure plus longtemps. facile \u00e0 instaler, compatible toutes voitures.","robots":{"index":"index","follow":"follow","max-snippet":"max-snippet:-1","max-image-preview":"max-image-preview:large","max-video-preview":"max-video-preview:-1"},"canonical":"https:\/\/sella-industrie.com\/fr_fr\/produit\/couvre-volant-v6-cuir-universel-\u063a\u0637\u0627\u0621-\u0639\u062c\u0644\u0629-\u0627\u0644\u0642\u064a\u0627\u062f\u0629-\u0627\u0644\u062c\u0644\u062f\u064a\/","og_locale":"fr_FR","og_type":"article","og_title":"Couvre volant V6 cuir","og_description":"Couvre volant V6 cuir universel, doux et sans odeur. Bonne la prise en main, prot\u00e8ge et dure plus longtemps. facile \u00e0 instaler, compatible toutes voitures.","og_url":"https:\/\/sella-industrie.com\/fr_fr\/produit\/couvre-volant-v6-cuir-universel-\u063a\u0637\u0627\u0621-\u0639\u062c\u0644\u0629-\u0627\u0644\u0642\u064a\u0627\u062f\u0629-\u0627\u0644\u062c\u0644\u062f\u064a\/","og_site_name":"Boutique &quot;V6&quot;","article_publisher":"https:\/\/www.facebook.com\/V6accessoiresauto?mibextid=wwXIfr&rdid=07l1PwXhFBuWBfmW&share_url=httpswww.facebook.comshare169W2vbvizmibextidwwXIfr#","article_modified_time":"2026-02-15T10:06:16+00:00","og_image":[{"width":1000,"height":1000,"url":"https:\/\/sella-industrie.com\/wp-content\/uploads\/2024\/07\/COUVRE-VOLANT-V6-CUIR1.png","type":"image\/png"}],"twitter_card":"summary_large_image","twitter_misc":{"Prix":"&#x62f;.&#x62c;&nbsp;2.000","Disponibilit\u00e9":"En stock"},"schema":{"@context":"https:\/\/schema.org","@graph":[{"@type":"WebPage","@id":"https:\/\/sella-industrie.com\/produit\/couvre-volant-v6-cuir-universel-%d8%ba%d8%b7%d8%a7%d8%a1-%d8%b9%d8%ac%d9%84%d8%a9-%d8%a7%d9%84%d9%82%d9%8a%d8%a7%d8%af%d8%a9-%d8%a7%d9%84%d8%ac%d9%84%d8%af%d9%8a\/","url":"https:\/\/sella-industrie.com\/produit\/couvre-volant-v6-cuir-universel-%d8%ba%d8%b7%d8%a7%d8%a1-%d8%b9%d8%ac%d9%84%d8%a9-%d8%a7%d9%84%d9%82%d9%8a%d8%a7%d8%af%d8%a9-%d8%a7%d9%84%d8%ac%d9%84%d8%af%d9%8a\/","name":"Couvre volant V6 cuir - Boutique &quot;V6&quot;","isPartOf":{"@id":"https:\/\/sella-industrie.com\/#website"},"primaryImageOfPage":{"@id":"https:\/\/sella-industrie.com\/produit\/couvre-volant-v6-cuir-universel-%d8%ba%d8%b7%d8%a7%d8%a1-%d8%b9%d8%ac%d9%84%d8%a9-%d8%a7%d9%84%d9%82%d9%8a%d8%a7%d8%af%d8%a9-%d8%a7%d9%84%d8%ac%d9%84%d8%af%d9%8a\/#primaryimage"},"image":{"@id":"https:\/\/sella-industrie.com\/produit\/couvre-volant-v6-cuir-universel-%d8%ba%d8%b7%d8%a7%d8%a1-%d8%b9%d8%ac%d9%84%d8%a9-%d8%a7%d9%84%d9%82%d9%8a%d8%a7%d8%af%d8%a9-%d8%a7%d9%84%d8%ac%d9%84%d8%af%d9%8a\/#primaryimage"},"thumbnailUrl":"https:\/\/sella-industrie.com\/wp-content\/uploads\/2024\/07\/COUVRE-VOLANT-V6-CUIR1.png","datePublished":"2024-07-08T14:02:14+00:00","dateModified":"2026-02-15T10:06:16+00:00","description":"Couvre volant V6 cuir universel, doux et sans odeur. Bonne la prise en main, prot\u00e8ge et dure plus longtemps. facile \u00e0 instaler, compatible toutes voitures.","breadcrumb":{"@id":"https:\/\/sella-industrie.com\/produit\/couvre-volant-v6-cuir-universel-%d8%ba%d8%b7%d8%a7%d8%a1-%d8%b9%d8%ac%d9%84%d8%a9-%d8%a7%d9%84%d9%82%d9%8a%d8%a7%d8%af%d8%a9-%d8%a7%d9%84%d8%ac%d9%84%d8%af%d9%8a\/#breadcrumb"},"inLanguage":"fr-FR","potentialAction":[{"@type":"ReadAction","target":["https:\/\/sella-industrie.com\/produit\/couvre-volant-v6-cuir-universel-%d8%ba%d8%b7%d8%a7%d8%a1-%d8%b9%d8%ac%d9%84%d8%a9-%d8%a7%d9%84%d9%82%d9%8a%d8%a7%d8%af%d8%a9-%d8%a7%d9%84%d8%ac%d9%84%d8%af%d9%8a\/"]}]},{"@type":"ImageObject","inLanguage":"fr-FR","@id":"https:\/\/sella-industrie.com\/produit\/couvre-volant-v6-cuir-universel-%d8%ba%d8%b7%d8%a7%d8%a1-%d8%b9%d8%ac%d9%84%d8%a9-%d8%a7%d9%84%d9%82%d9%8a%d8%a7%d8%af%d8%a9-%d8%a7%d9%84%d8%ac%d9%84%d8%af%d9%8a\/#primaryimage","url":"https:\/\/sella-industrie.com\/wp-content\/uploads\/2024\/07\/COUVRE-VOLANT-V6-CUIR1.png","contentUrl":"https:\/\/sella-industrie.com\/wp-content\/uploads\/2024\/07\/COUVRE-VOLANT-V6-CUIR1.png","width":1000,"height":1000,"caption":"Couvre volant V6 cuir"},{"@type":"BreadcrumbList","@id":"https:\/\/sella-industrie.com\/produit\/couvre-volant-v6-cuir-universel-%d8%ba%d8%b7%d8%a7%d8%a1-%d8%b9%d8%ac%d9%84%d8%a9-%d8%a7%d9%84%d9%82%d9%8a%d8%a7%d8%af%d8%a9-%d8%a7%d9%84%d8%ac%d9%84%d8%af%d9%8a\/#breadcrumb","itemListElement":[{"@type":"ListItem","position":1,"name":"Accueil","item":"https:\/\/sella-industrie.com\/fr_fr\/"},{"@type":"ListItem","position":2,"name":"Shop","item":"https:\/\/sella-industrie.com\/fr_fr\/shop\/"},{"@type":"ListItem","position":3,"name":"Accessoires Auto","item":"https:\/\/sella-industrie.com\/categorie-produit\/accessoires-auto\/"},{"@type":"ListItem","position":4,"name":"Couvre volant V6 cuir"}]},{"@type":"WebSite","@id":"https:\/\/sella-industrie.com\/#website","url":"https:\/\/sella-industrie.com\/","name":"Boutique \"V6\"","description":"We care for your car","publisher":{"@id":"https:\/\/sella-industrie.com\/#organization"},"potentialAction":[{"@type":"SearchAction","target":{"@type":"EntryPoint","urlTemplate":"https:\/\/sella-industrie.com\/?s={search_term_string}"},"query-input":{"@type":"PropertyValueSpecification","valueRequired":true,"valueName":"search_term_string"}}],"inLanguage":"fr-FR"},{"@type":"Organization","@id":"https:\/\/sella-industrie.com\/#organization","name":"Boutique \"V6\"","url":"https:\/\/sella-industrie.com\/","logo":{"@type":"ImageObject","inLanguage":"fr-FR","@id":"https:\/\/sella-industrie.com\/#\/schema\/logo\/image\/","url":"https:\/\/sella-industrie.com\/wp-content\/uploads\/2024\/05\/LOGO-V6-PNG-1.png","contentUrl":"https:\/\/sella-industrie.com\/wp-content\/uploads\/2024\/05\/LOGO-V6-PNG-1.png","width":797,"height":517,"caption":"Boutique \"V6\""},"image":{"@id":"https:\/\/sella-industrie.com\/#\/schema\/logo\/image\/"},"sameAs":["https:\/\/www.facebook.com\/V6accessoiresauto?mibextid=wwXIfr&rdid=07l1PwXhFBuWBfmW&share_url=httpswww.facebook.comshare169W2vbvizmibextidwwXIfr#","https:\/\/www.tiktok.com\/@v6.accessoires.au","https:\/\/www.instagram.com\/v6_accessoires_auto?igsh=aXE2NjUwOG5xNnQz","https:\/\/www.youtube.com\/channel\/UCtkk-L1mBLEmRweenaR4s7w"]}]},"product_price_amount":"2000","product_price_currency":"DZD","og_availability":"instock","product_availability":"instock","product_condition":"new"},"_links":{"self":[{"href":"https:\/\/sella-industrie.com\/fr_fr\/wp-json\/wp\/v2\/product\/30368","targetHints":{"allow":["GET"]}}],"collection":[{"href":"https:\/\/sella-industrie.com\/fr_fr\/wp-json\/wp\/v2\/product"}],"about":[{"href":"https:\/\/sella-industrie.com\/fr_fr\/wp-json\/wp\/v2\/types\/product"}],"replies":[{"embeddable":true,"href":"https:\/\/sella-industrie.com\/fr_fr\/wp-json\/wp\/v2\/comments?post=30368"}],"wp:featuredmedia":[{"embeddable":true,"href":"https:\/\/sella-industrie.com\/fr_fr\/wp-json\/wp\/v2\/media\/30369"}],"wp:attachment":[{"href":"https:\/\/sella-industrie.com\/fr_fr\/wp-json\/wp\/v2\/media?parent=30368"}],"wp:term":[{"taxonomy":"product_brand","embeddable":true,"href":"https:\/\/sella-industrie.com\/fr_fr\/wp-json\/wp\/v2\/product_brand?post=30368"},{"taxonomy":"product_cat","embeddable":true,"href":"https:\/\/sella-industrie.com\/fr_fr\/wp-json\/wp\/v2\/product_cat?post=30368"},{"taxonomy":"product_tag","embeddable":true,"href":"https:\/\/sella-industrie.com\/fr_fr\/wp-json\/wp\/v2\/product_tag?post=30368"}],"curies":[{"name":"wp","href":"https:\/\/api.w.org\/{rel}","templated":true}]}}