{"id":34749,"date":"2025-06-29T14:27:20","date_gmt":"2025-06-29T14:27:20","guid":{"rendered":"https:\/\/sellaindustrie.com\/?page_id=34749"},"modified":"2025-06-29T14:35:59","modified_gmt":"2025-06-29T14:35:59","slug":"deo-bois","status":"publish","type":"page","link":"https:\/\/sella-industrie.com\/fr_fr\/deo-bois\/","title":{"rendered":"DEO BOIS"},"content":{"rendered":"\t\t<div data-elementor-type=\"wp-page\" data-elementor-id=\"34749\" class=\"elementor elementor-34749\">\n\t\t\t\t<div data-particle_enable=\"false\" data-particle-mobile-disabled=\"false\" class=\"wd-negative-gap elementor-element elementor-element-8aee2d9 e-flex e-con-boxed e-con e-parent\" data-id=\"8aee2d9\" data-element_type=\"container\" data-e-type=\"container\" data-settings=\"{&quot;ekit_has_onepagescroll_dot&quot;:&quot;yes&quot;}\">\n\t\t\t\t\t<div class=\"e-con-inner\">\n\t\t\t\t<div class=\"elementor-element elementor-element-b76fc25 elementor-widget elementor-widget-shortcode\" data-id=\"b76fc25\" data-element_type=\"widget\" data-e-type=\"widget\" data-settings=\"{&quot;ekit_we_effect_on&quot;:&quot;none&quot;}\" data-widget_type=\"shortcode.default\">\n\t\t\t\t<div class=\"elementor-widget-container\">\n\t\t\t\t\t\t\t<div class=\"elementor-shortcode\">\t\t\t<link rel=\"stylesheet\" id=\"elementor-post-34751-css\" href=\"https:\/\/sella-industrie.com\/wp-content\/uploads\/elementor\/css\/post-34751.css?ver=1776241460\" type=\"text\/css\" media=\"all\">\n\t\t\t\t\t<div data-elementor-type=\"wp-post\" data-elementor-id=\"34751\" class=\"elementor elementor-34751\">\n\t\t\t\t<div data-particle_enable=\"false\" data-particle-mobile-disabled=\"false\" class=\"elementor-element elementor-element-174202c wd-section-stretch e-con-full e-flex e-con e-parent\" data-id=\"174202c\" data-element_type=\"container\" data-e-type=\"container\" data-settings=\"{&quot;background_background&quot;:&quot;classic&quot;,&quot;ekit_has_onepagescroll_dot&quot;:&quot;yes&quot;}\">\n\t\t<div data-particle_enable=\"false\" data-particle-mobile-disabled=\"false\" class=\"elementor-element elementor-element-b872068 e-con-full e-flex e-con e-child\" data-id=\"b872068\" data-element_type=\"container\" data-e-type=\"container\" data-settings=\"{&quot;background_background&quot;:&quot;video&quot;,&quot;ekit_has_onepagescroll_dot&quot;:&quot;yes&quot;}\">\n\t\t\t\t<div class=\"elementor-element elementor-element-69d5878 elementor-widget elementor-widget-wd_text_block\" data-id=\"69d5878\" data-element_type=\"widget\" data-e-type=\"widget\" data-settings=\"{&quot;ekit_we_effect_on&quot;:&quot;none&quot;}\" data-widget_type=\"wd_text_block.default\">\n\t\t\t\t<div class=\"elementor-widget-container\">\n\t\t\t\t\t\t\t<div class=\"wd-text-block reset-last-child text-center color-scheme-light\">\n\t\t\t\n\t\t\t<p>PARFUM AUTOMOBILE \"DEO BOIS\"<\/p>\n\t\t\t\t\t<\/div>\n\t\t\t\t\t\t<\/div>\n\t\t\t\t<\/div>\n\t\t\t\t<\/div>\n\t\t\t\t<\/div>\n\t\t<div data-particle_enable=\"false\" data-particle-mobile-disabled=\"false\" class=\"wd-negative-gap elementor-element elementor-element-aa786de e-flex e-con-boxed e-con e-parent\" data-id=\"aa786de\" data-element_type=\"container\" data-e-type=\"container\" data-settings=\"{&quot;ekit_has_onepagescroll_dot&quot;:&quot;yes&quot;}\">\n\t\t\t\t\t<div class=\"e-con-inner\">\n\t\t\t\t<div class=\"elementor-element elementor-element-e09a512 eael-product-gallery-column-4 elementor-widget elementor-widget-eael-woo-product-gallery\" data-id=\"e09a512\" data-element_type=\"widget\" data-e-type=\"widget\" data-settings=\"{&quot;eael_product_gallery_column&quot;:&quot;4&quot;,&quot;ekit_we_effect_on&quot;:&quot;none&quot;}\" data-widget_type=\"eael-woo-product-gallery.default\">\n\t\t\t\t<div class=\"elementor-widget-container\">\n\t\t\t\t\t\n        <div class=\"eael-product-gallery eael-product-preset-4 grid eael-terms-layout-horizontal\" id=\"eael-product-gallery\" data-widget-id=\"e09a512\" data-page-id=\"34751\" data-nonce=\"a25c41d3c8\" >\n\t\t\t\n            <div class=\"woocommerce\">\n\t\t\t\t<ul class=\"products eael-post-appender eael-post-appender-e09a512\" data-layout-mode=\"grid\" data-ssi-desktop=\"no\" ><li class=\"product \">\n        <div class=\"eael-product-wrap\" data-src=\"\" data-src-hover=\"\" >\n    <a href=\"https:\/\/sella-industrie.com\/fr_fr\/produit\/parfum-automobile-citron-deo-bois-fraicheur-energie-pure-%d8%b9%d8%b7%d8%b1-%d9%84%d9%8a%d9%85%d9%88%d9%86-%d8%a7%d9%84%d8%b3%d9%8a%d8%a7%d8%b1%d8%a7%d8%aa\/\" class=\"woocommerce-LoopProduct-link woocommerce-loop-product__link\"><img fetchpriority=\"high\" decoding=\"async\" width=\"1000\" height=\"1000\" src=\"https:\/\/sella-industrie.com\/wp-content\/uploads\/2024\/06\/CITRON2-DEO.png\" class=\"attachment-full size-full\" alt=\"Parfum automobile CITRON\" loading=\"eager\" srcset=\"https:\/\/sella-industrie.com\/wp-content\/uploads\/2024\/06\/CITRON2-DEO.png 1000w, https:\/\/sella-industrie.com\/wp-content\/uploads\/2024\/06\/CITRON2-DEO-430x430.png 430w, https:\/\/sella-industrie.com\/wp-content\/uploads\/2024\/06\/CITRON2-DEO-700x700.png 700w, https:\/\/sella-industrie.com\/wp-content\/uploads\/2024\/06\/CITRON2-DEO-300x300.png 300w, https:\/\/sella-industrie.com\/wp-content\/uploads\/2024\/06\/CITRON2-DEO-800x800.png 800w, https:\/\/sella-industrie.com\/wp-content\/uploads\/2024\/06\/CITRON2-DEO-150x150.png 150w, https:\/\/sella-industrie.com\/wp-content\/uploads\/2024\/06\/CITRON2-DEO-768x768.png 768w\" sizes=\"(max-width: 1000px) 100vw, 1000px\" \/><\/a><h2 class=\"woocommerce-loop-product__title\">Parfum automobile CITRON<\/h2><div class=\"eael-product-price\"><span class=\"woocommerce-Price-amount amount\"><bdi><span class=\"woocommerce-Price-currencySymbol\">&#x62f;.&#x62c;<\/span>&nbsp;450<\/bdi><\/span><\/div><a href=\"\/fr_fr\/wp-json\/wp\/v2\/pages\/34749?add-to-cart=34662\" aria-describedby=\"woocommerce_loop_add_to_cart_link_describedby_34662\" data-quantity=\"1\" class=\"button product_type_simple add_to_cart_button ajax_add_to_cart add-to-cart-loop\" data-product_id=\"34662\" data-product_sku=\"\" aria-label=\"Ajouter au panier\u00a0: &ldquo;Parfum automobile CITRON&rdquo;\" rel=\"nofollow\" data-success_message=\"\u00ab\u00a0Parfum automobile CITRON\u00a0\u00bb a \u00e9t\u00e9 ajout\u00e9 \u00e0 votre panier\"><span class=\"wd-action-icon\"><span class=\"wd-check-icon\"><\/span><\/span><span class=\"wd-action-text\">Ajouter au panier<\/span><\/a>\t<span id=\"woocommerce_loop_add_to_cart_link_describedby_34662\" class=\"screen-reader-text\">\n\t\t\t<\/span>\n    <\/div>\n<\/li><li class=\"product \">\n        <div class=\"eael-product-wrap\" data-src=\"\" data-src-hover=\"\" >\n    <a href=\"https:\/\/sella-industrie.com\/fr_fr\/produit\/pomme-%d8%aa%d9%81%d8%a7%d8%ad\/\" class=\"woocommerce-LoopProduct-link woocommerce-loop-product__link\"><img decoding=\"async\" width=\"1000\" height=\"1000\" src=\"https:\/\/sella-industrie.com\/wp-content\/uploads\/2024\/06\/POMME2-DEO.png\" class=\"attachment-full size-full\" alt=\"POMME\" loading=\"eager\" srcset=\"https:\/\/sella-industrie.com\/wp-content\/uploads\/2024\/06\/POMME2-DEO.png 1000w, https:\/\/sella-industrie.com\/wp-content\/uploads\/2024\/06\/POMME2-DEO-430x430.png 430w, https:\/\/sella-industrie.com\/wp-content\/uploads\/2024\/06\/POMME2-DEO-700x700.png 700w, https:\/\/sella-industrie.com\/wp-content\/uploads\/2024\/06\/POMME2-DEO-300x300.png 300w, https:\/\/sella-industrie.com\/wp-content\/uploads\/2024\/06\/POMME2-DEO-800x800.png 800w, https:\/\/sella-industrie.com\/wp-content\/uploads\/2024\/06\/POMME2-DEO-150x150.png 150w, https:\/\/sella-industrie.com\/wp-content\/uploads\/2024\/06\/POMME2-DEO-768x768.png 768w\" sizes=\"(max-width: 1000px) 100vw, 1000px\" \/><\/a><h2 class=\"woocommerce-loop-product__title\">POMME<\/h2><div class=\"eael-product-price\"><span class=\"woocommerce-Price-amount amount\"><bdi><span class=\"woocommerce-Price-currencySymbol\">&#x62f;.&#x62c;<\/span>&nbsp;450<\/bdi><\/span><\/div><a href=\"\/fr_fr\/wp-json\/wp\/v2\/pages\/34749?add-to-cart=34627\" aria-describedby=\"woocommerce_loop_add_to_cart_link_describedby_34627\" data-quantity=\"1\" class=\"button product_type_simple add_to_cart_button ajax_add_to_cart add-to-cart-loop\" data-product_id=\"34627\" data-product_sku=\"\" aria-label=\"Ajouter au panier\u00a0: &ldquo;POMME&rdquo;\" rel=\"nofollow\" data-success_message=\"\u00ab\u00a0POMME\u00a0\u00bb a \u00e9t\u00e9 ajout\u00e9 \u00e0 votre panier\"><span class=\"wd-action-icon\"><span class=\"wd-check-icon\"><\/span><\/span><span class=\"wd-action-text\">Ajouter au panier<\/span><\/a>\t<span id=\"woocommerce_loop_add_to_cart_link_describedby_34627\" class=\"screen-reader-text\">\n\t\t\t<\/span>\n    <\/div>\n<\/li><li class=\"product \">\n        <div class=\"eael-product-wrap\" data-src=\"\" data-src-hover=\"\" >\n    <a href=\"https:\/\/sella-industrie.com\/fr_fr\/produit\/parfum-voiture-fruit-rouge-deo-bois-%d8%b9%d8%b7%d8%b1-%d8%a7%d9%84%d8%b3%d9%8a%d8%a7%d8%b1%d8%a7%d8%aa-%d8%a7%d9%84%d9%81%d8%a7%d9%83%d9%87%d8%a9-%d8%a7%d9%84%d8%ad%d9%85%d8%b1%d8%a7%d8%a1\/\" class=\"woocommerce-LoopProduct-link woocommerce-loop-product__link\"><img decoding=\"async\" width=\"1000\" height=\"1000\" src=\"https:\/\/sella-industrie.com\/wp-content\/uploads\/2024\/06\/FRUIT-ROUGE2-DEO.png\" class=\"attachment-full size-full\" alt=\"Parfum voiture FRUIT ROUGE\" loading=\"eager\" srcset=\"https:\/\/sella-industrie.com\/wp-content\/uploads\/2024\/06\/FRUIT-ROUGE2-DEO.png 1000w, https:\/\/sella-industrie.com\/wp-content\/uploads\/2024\/06\/FRUIT-ROUGE2-DEO-430x430.png 430w, https:\/\/sella-industrie.com\/wp-content\/uploads\/2024\/06\/FRUIT-ROUGE2-DEO-700x700.png 700w, https:\/\/sella-industrie.com\/wp-content\/uploads\/2024\/06\/FRUIT-ROUGE2-DEO-300x300.png 300w, https:\/\/sella-industrie.com\/wp-content\/uploads\/2024\/06\/FRUIT-ROUGE2-DEO-800x800.png 800w, https:\/\/sella-industrie.com\/wp-content\/uploads\/2024\/06\/FRUIT-ROUGE2-DEO-150x150.png 150w, https:\/\/sella-industrie.com\/wp-content\/uploads\/2024\/06\/FRUIT-ROUGE2-DEO-768x768.png 768w\" sizes=\"(max-width: 1000px) 100vw, 1000px\" \/><\/a><h2 class=\"woocommerce-loop-product__title\">Parfum voiture FRUIT ROUGE<\/h2><div class=\"eael-product-price\"><span class=\"woocommerce-Price-amount amount\"><bdi><span class=\"woocommerce-Price-currencySymbol\">&#x62f;.&#x62c;<\/span>&nbsp;450<\/bdi><\/span><\/div><a href=\"\/fr_fr\/wp-json\/wp\/v2\/pages\/34749?add-to-cart=34624\" aria-describedby=\"woocommerce_loop_add_to_cart_link_describedby_34624\" data-quantity=\"1\" class=\"button product_type_simple add_to_cart_button ajax_add_to_cart add-to-cart-loop\" data-product_id=\"34624\" data-product_sku=\"\" aria-label=\"Ajouter au panier\u00a0: &ldquo;Parfum voiture FRUIT ROUGE&rdquo;\" rel=\"nofollow\" data-success_message=\"\u00ab\u00a0Parfum voiture FRUIT ROUGE\u00a0\u00bb a \u00e9t\u00e9 ajout\u00e9 \u00e0 votre panier\"><span class=\"wd-action-icon\"><span class=\"wd-check-icon\"><\/span><\/span><span class=\"wd-action-text\">Ajouter au panier<\/span><\/a>\t<span id=\"woocommerce_loop_add_to_cart_link_describedby_34624\" class=\"screen-reader-text\">\n\t\t\t<\/span>\n    <\/div>\n<\/li><li class=\"product \">\n        <div class=\"eael-product-wrap\" data-src=\"\" data-src-hover=\"\" >\n    <a href=\"https:\/\/sella-industrie.com\/fr_fr\/produit\/orange-%d8%a8%d8%b1%d8%aa%d9%82%d8%a7%d9%84\/\" class=\"woocommerce-LoopProduct-link woocommerce-loop-product__link\"><img decoding=\"async\" width=\"1000\" height=\"1000\" src=\"https:\/\/sella-industrie.com\/wp-content\/uploads\/2024\/06\/ORANGE2-DEO.png\" class=\"attachment-full size-full\" alt=\"Orange\" loading=\"eager\" srcset=\"https:\/\/sella-industrie.com\/wp-content\/uploads\/2024\/06\/ORANGE2-DEO.png 1000w, https:\/\/sella-industrie.com\/wp-content\/uploads\/2024\/06\/ORANGE2-DEO-430x430.png 430w, https:\/\/sella-industrie.com\/wp-content\/uploads\/2024\/06\/ORANGE2-DEO-700x700.png 700w, https:\/\/sella-industrie.com\/wp-content\/uploads\/2024\/06\/ORANGE2-DEO-300x300.png 300w, https:\/\/sella-industrie.com\/wp-content\/uploads\/2024\/06\/ORANGE2-DEO-800x800.png 800w, https:\/\/sella-industrie.com\/wp-content\/uploads\/2024\/06\/ORANGE2-DEO-150x150.png 150w, https:\/\/sella-industrie.com\/wp-content\/uploads\/2024\/06\/ORANGE2-DEO-768x768.png 768w\" sizes=\"(max-width: 1000px) 100vw, 1000px\" \/><\/a><h2 class=\"woocommerce-loop-product__title\">Orange<\/h2><div class=\"eael-product-price\"><span class=\"woocommerce-Price-amount amount\"><bdi><span class=\"woocommerce-Price-currencySymbol\">&#x62f;.&#x62c;<\/span>&nbsp;450<\/bdi><\/span><\/div><a href=\"\/fr_fr\/wp-json\/wp\/v2\/pages\/34749?add-to-cart=34607\" aria-describedby=\"woocommerce_loop_add_to_cart_link_describedby_34607\" data-quantity=\"1\" class=\"button product_type_simple add_to_cart_button ajax_add_to_cart add-to-cart-loop\" data-product_id=\"34607\" data-product_sku=\"\" aria-label=\"Ajouter au panier\u00a0: &ldquo;Orange&rdquo;\" rel=\"nofollow\" data-success_message=\"\u00ab\u00a0Orange\u00a0\u00bb a \u00e9t\u00e9 ajout\u00e9 \u00e0 votre panier\"><span class=\"wd-action-icon\"><span class=\"wd-check-icon\"><\/span><\/span><span class=\"wd-action-text\">Ajouter au panier<\/span><\/a>\t<span id=\"woocommerce_loop_add_to_cart_link_describedby_34607\" class=\"screen-reader-text\">\n\t\t\t<\/span>\n    <\/div>\n<\/li><\/ul>            <div class=\"eael-load-more-button-wrap eael-force-hide\">\n                <button class=\"hide-load-more eael-load-more-button\" id=\"eael-load-more-btn-e09a512\" data-widget-id=\"e09a512\" data-widget=\"e09a512\" data-page-id=\"34751\" data-template=\"{&quot;dir&quot;:&quot;lite&quot;,&quot;file_name&quot;:&quot;preset-4.php&quot;,&quot;name&quot;:&quot;Woo-Product-Gallery&quot;}\" data-class=\"Essential_Addons_Elementor\\Elements\\Woo_Product_Gallery\" data-layout=\"grid\" data-page=\"1\" data-args=\"post_type=product&amp;post_status%5B0%5D=publish&amp;post_status%5B1%5D=pending&amp;post_status%5B2%5D=future&amp;posts_per_page=4&amp;order=desc&amp;tax_query%5Brelation%5D=AND&amp;tax_query%5B0%5D%5Btaxonomy%5D=product_visibility&amp;tax_query%5B0%5D%5Bfield%5D=name&amp;tax_query%5B0%5D%5Bterms%5D%5B0%5D=exclude-from-search&amp;tax_query%5B0%5D%5Bterms%5D%5B1%5D=exclude-from-catalog&amp;tax_query%5B0%5D%5Boperator%5D=NOT+IN&amp;orderby=date&amp;meta_query%5Brelation%5D=AND&amp;post__in%5B0%5D=34627&amp;post__in%5B1%5D=34624&amp;post__in%5B2%5D=34607&amp;post__in%5B3%5D=34662\" data-max-page=\"1\">\n                    <span class=\"eael-btn-loader button__loader\"><\/span>\n                    <span class=\"eael_load_more_text\"><\/span>\n                <\/button>\n            <\/div>\n                        <\/div>\n        <\/div>\n        <script type=\"text\/javascript\">\n\t\t\tjQuery(document).ready(function ($) {\n\t\t\t\tvar $scope = jQuery(\".elementor-element-e09a512\");\n\t\t\t\tvar $products = $('.products', $scope);\n\t\t\t\tvar $layout_mode = $products.data('layout-mode');\n\n\t\t\t\tif ($layout_mode === 'masonry') {\n\t\t\t\t\t\/\/ init isotope\n\t\t\t\t\tvar $isotope_products = $products.isotope({ itemSelector: \"li.product\", layoutMode: $layout_mode, percentPosition: true });\n\t\t\t\t\t$isotope_products.imagesLoaded().progress(function () {\n\t\t\t\t\t\t$isotope_products.isotope('layout');\n\t\t\t\t\t})\n\n\t\t\t\t\t$(window).on('resize', function () {\n\t\t\t\t\t\t$isotope_products.isotope('layout');\n\t\t\t\t\t});\n\t\t\t\t}\n\t\t\t});\n        <\/script>\n\t\t\t\t\t\t<\/div>\n\t\t\t\t<\/div>\n\t\t\t\t\t<\/div>\n\t\t\t\t<\/div>\n\t\t<div data-particle_enable=\"false\" data-particle-mobile-disabled=\"false\" class=\"wd-negative-gap elementor-element elementor-element-ebf1747 e-flex e-con-boxed e-con e-parent\" data-id=\"ebf1747\" data-element_type=\"container\" data-e-type=\"container\" data-settings=\"{&quot;ekit_has_onepagescroll_dot&quot;:&quot;yes&quot;}\">\n\t\t\t\t\t<div class=\"e-con-inner\">\n\t\t\t\t<div class=\"elementor-element elementor-element-5fb7cda elementor-widget elementor-widget-video\" data-id=\"5fb7cda\" data-element_type=\"widget\" data-e-type=\"widget\" data-settings=\"{&quot;youtube_url&quot;:&quot;https:\\\/\\\/youtu.be\\\/zUoJKz6_SU0&quot;,&quot;video_type&quot;:&quot;youtube&quot;,&quot;controls&quot;:&quot;yes&quot;,&quot;ekit_we_effect_on&quot;:&quot;none&quot;}\" data-widget_type=\"video.default\">\n\t\t\t\t<div class=\"elementor-widget-container\">\n\t\t\t\t\t\t\t<div class=\"elementor-wrapper elementor-open-inline\">\n\t\t\t<div class=\"elementor-video\"><\/div>\t\t<\/div>\n\t\t\t\t\t\t<\/div>\n\t\t\t\t<\/div>\n\t\t\t\t\t<\/div>\n\t\t\t\t<\/div>\n\t\t\t\t<\/div>\n\t\t<\/div>\n\t\t\t\t\t\t<\/div>\n\t\t\t\t<\/div>\n\t\t\t\t\t<\/div>\n\t\t\t\t<\/div>\n\t\t\t\t<\/div>\n\t\t","protected":false},"excerpt":{"rendered":"","protected":false},"author":1,"featured_media":0,"parent":0,"menu_order":0,"comment_status":"closed","ping_status":"closed","template":"","meta":{"footnotes":""},"class_list":["post-34749","page","type-page","status-publish","hentry"],"yoast_head":"<!-- This site is optimized with the Yoast SEO plugin v27.4 - https:\/\/yoast.com\/product\/yoast-seo-wordpress\/ -->\n<title>DEO BOIS - Boutique &quot;V6&quot;<\/title>\n<meta name=\"robots\" content=\"index, follow, max-snippet:-1, max-image-preview:large, max-video-preview:-1\" \/>\n<link rel=\"canonical\" href=\"https:\/\/sella-industrie.com\/fr_fr\/deo-bois\/\" \/>\n<meta property=\"og:locale\" content=\"fr_FR\" \/>\n<meta property=\"og:type\" content=\"article\" \/>\n<meta property=\"og:title\" content=\"DEO BOIS - Boutique &quot;V6&quot;\" \/>\n<meta property=\"og:url\" content=\"https:\/\/sella-industrie.com\/fr_fr\/deo-bois\/\" \/>\n<meta property=\"og:site_name\" content=\"Boutique &quot;V6&quot;\" \/>\n<meta property=\"article:modified_time\" content=\"2025-06-29T14:35:59+00:00\" \/>\n<meta name=\"twitter:card\" content=\"summary_large_image\" \/>\n<meta name=\"twitter:label1\" content=\"Dur\u00e9e de lecture estim\u00e9e\" \/>\n\t<meta name=\"twitter:data1\" content=\"1 minute\" \/>\n<script type=\"application\/ld+json\" class=\"yoast-schema-graph\">{\"@context\":\"https:\\\/\\\/schema.org\",\"@graph\":[{\"@type\":\"WebPage\",\"@id\":\"https:\\\/\\\/sella-industrie.com\\\/deo-bois\\\/\",\"url\":\"https:\\\/\\\/sella-industrie.com\\\/deo-bois\\\/\",\"name\":\"DEO BOIS - Boutique &quot;V6&quot;\",\"isPartOf\":{\"@id\":\"https:\\\/\\\/sella-industrie.com\\\/#website\"},\"datePublished\":\"2025-06-29T14:27:20+00:00\",\"dateModified\":\"2025-06-29T14:35:59+00:00\",\"breadcrumb\":{\"@id\":\"https:\\\/\\\/sella-industrie.com\\\/deo-bois\\\/#breadcrumb\"},\"inLanguage\":\"fr-FR\",\"potentialAction\":[{\"@type\":\"ReadAction\",\"target\":[\"https:\\\/\\\/sella-industrie.com\\\/deo-bois\\\/\"]}]},{\"@type\":\"BreadcrumbList\",\"@id\":\"https:\\\/\\\/sella-industrie.com\\\/deo-bois\\\/#breadcrumb\",\"itemListElement\":[{\"@type\":\"ListItem\",\"position\":1,\"name\":\"Accueil\",\"item\":\"https:\\\/\\\/sella-industrie.com\\\/fr_fr\\\/\"},{\"@type\":\"ListItem\",\"position\":2,\"name\":\"DEO BOIS\"}]},{\"@type\":\"WebSite\",\"@id\":\"https:\\\/\\\/sella-industrie.com\\\/#website\",\"url\":\"https:\\\/\\\/sella-industrie.com\\\/\",\"name\":\"Boutique &quot;V6&quot;\",\"description\":\"We care for your car\",\"publisher\":{\"@id\":\"https:\\\/\\\/sella-industrie.com\\\/#organization\"},\"potentialAction\":[{\"@type\":\"SearchAction\",\"target\":{\"@type\":\"EntryPoint\",\"urlTemplate\":\"https:\\\/\\\/sella-industrie.com\\\/?s={search_term_string}\"},\"query-input\":{\"@type\":\"PropertyValueSpecification\",\"valueRequired\":true,\"valueName\":\"search_term_string\"}}],\"inLanguage\":\"fr-FR\"},{\"@type\":\"Organization\",\"@id\":\"https:\\\/\\\/sella-industrie.com\\\/#organization\",\"name\":\"Boutique &quot;V6&quot;\",\"url\":\"https:\\\/\\\/sella-industrie.com\\\/\",\"logo\":{\"@type\":\"ImageObject\",\"inLanguage\":\"fr-FR\",\"@id\":\"https:\\\/\\\/sella-industrie.com\\\/#\\\/schema\\\/logo\\\/image\\\/\",\"url\":\"\",\"contentUrl\":\"\",\"caption\":\"Boutique &quot;V6&quot;\"},\"image\":{\"@id\":\"https:\\\/\\\/sella-industrie.com\\\/#\\\/schema\\\/logo\\\/image\\\/\"}}]}<\/script>\n<meta property=\"product:price:amount\" content=\"450\" \/>\n<meta property=\"product:price:currency\" content=\"DZD\" \/>\n<meta property=\"og:availability\" content=\"instock\" \/>\n<meta property=\"product:availability\" content=\"instock\" \/>\n<meta property=\"product:condition\" content=\"new\" \/>\n<!-- \/ Yoast SEO plugin. -->","yoast_head_json":{"title":"DEO BOIS - Boutique &quot;V6&quot;","robots":{"index":"index","follow":"follow","max-snippet":"max-snippet:-1","max-image-preview":"max-image-preview:large","max-video-preview":"max-video-preview:-1"},"canonical":"https:\/\/sella-industrie.com\/fr_fr\/deo-bois\/","og_locale":"fr_FR","og_type":"article","og_title":"DEO BOIS - Boutique &quot;V6&quot;","og_url":"https:\/\/sella-industrie.com\/fr_fr\/deo-bois\/","og_site_name":"Boutique &quot;V6&quot;","article_modified_time":"2025-06-29T14:35:59+00:00","twitter_card":"summary_large_image","twitter_misc":{"Dur\u00e9e de lecture estim\u00e9e":"1 minute"},"schema":{"@context":"https:\/\/schema.org","@graph":[{"@type":"WebPage","@id":"https:\/\/sella-industrie.com\/deo-bois\/","url":"https:\/\/sella-industrie.com\/deo-bois\/","name":"DEO BOIS - Boutique &quot;V6&quot;","isPartOf":{"@id":"https:\/\/sella-industrie.com\/#website"},"datePublished":"2025-06-29T14:27:20+00:00","dateModified":"2025-06-29T14:35:59+00:00","breadcrumb":{"@id":"https:\/\/sella-industrie.com\/deo-bois\/#breadcrumb"},"inLanguage":"fr-FR","potentialAction":[{"@type":"ReadAction","target":["https:\/\/sella-industrie.com\/deo-bois\/"]}]},{"@type":"BreadcrumbList","@id":"https:\/\/sella-industrie.com\/deo-bois\/#breadcrumb","itemListElement":[{"@type":"ListItem","position":1,"name":"Accueil","item":"https:\/\/sella-industrie.com\/fr_fr\/"},{"@type":"ListItem","position":2,"name":"DEO BOIS"}]},{"@type":"WebSite","@id":"https:\/\/sella-industrie.com\/#website","url":"https:\/\/sella-industrie.com\/","name":"Boutique &quot;V6&quot;","description":"We care for your car","publisher":{"@id":"https:\/\/sella-industrie.com\/#organization"},"potentialAction":[{"@type":"SearchAction","target":{"@type":"EntryPoint","urlTemplate":"https:\/\/sella-industrie.com\/?s={search_term_string}"},"query-input":{"@type":"PropertyValueSpecification","valueRequired":true,"valueName":"search_term_string"}}],"inLanguage":"fr-FR"},{"@type":"Organization","@id":"https:\/\/sella-industrie.com\/#organization","name":"Boutique &quot;V6&quot;","url":"https:\/\/sella-industrie.com\/","logo":{"@type":"ImageObject","inLanguage":"fr-FR","@id":"https:\/\/sella-industrie.com\/#\/schema\/logo\/image\/","url":"","contentUrl":"","caption":"Boutique &quot;V6&quot;"},"image":{"@id":"https:\/\/sella-industrie.com\/#\/schema\/logo\/image\/"}}]},"product_price_amount":"450","product_price_currency":"DZD","og_availability":"instock","product_availability":"instock","product_condition":"new"},"_links":{"self":[{"href":"https:\/\/sella-industrie.com\/fr_fr\/wp-json\/wp\/v2\/pages\/34749","targetHints":{"allow":["GET"]}}],"collection":[{"href":"https:\/\/sella-industrie.com\/fr_fr\/wp-json\/wp\/v2\/pages"}],"about":[{"href":"https:\/\/sella-industrie.com\/fr_fr\/wp-json\/wp\/v2\/types\/page"}],"author":[{"embeddable":true,"href":"https:\/\/sella-industrie.com\/fr_fr\/wp-json\/wp\/v2\/users\/1"}],"replies":[{"embeddable":true,"href":"https:\/\/sella-industrie.com\/fr_fr\/wp-json\/wp\/v2\/comments?post=34749"}],"version-history":[{"count":4,"href":"https:\/\/sella-industrie.com\/fr_fr\/wp-json\/wp\/v2\/pages\/34749\/revisions"}],"predecessor-version":[{"id":34758,"href":"https:\/\/sella-industrie.com\/fr_fr\/wp-json\/wp\/v2\/pages\/34749\/revisions\/34758"}],"wp:attachment":[{"href":"https:\/\/sella-industrie.com\/fr_fr\/wp-json\/wp\/v2\/media?parent=34749"}],"curies":[{"name":"wp","href":"https:\/\/api.w.org\/{rel}","templated":true}]}}