{"id":38265,"date":"2026-04-09T12:06:04","date_gmt":"2026-04-09T12:06:04","guid":{"rendered":"https:\/\/sella-industrie.com\/?post_type=product&#038;p=38265"},"modified":"2026-04-09T12:18:14","modified_gmt":"2026-04-09T12:18:14","slug":"parfum-ambiance-soft-petals-sans-alcool-75-ml-%d9%85%d8%b9%d8%b7%d8%b1-%d8%ac%d9%88-%d8%b3%d9%88%d9%81%d8%aa-%d8%a8%d9%8a%d8%aa%d9%84%d8%b2","status":"publish","type":"product","link":"https:\/\/sella-industrie.com\/ar\/product\/parfum-ambiance-soft-petals-sans-alcool-75-ml-%d9%85%d8%b9%d8%b7%d8%b1-%d8%ac%d9%88-%d8%b3%d9%88%d9%81%d8%aa-%d8%a8%d9%8a%d8%aa%d9%84%d8%b2\/","title":{"rendered":"Parfum d&rsquo;ambiance SOFT PETALS 75 ml"},"content":{"rendered":"<h2 style=\"text-align: center;\">Parfum d&rsquo;ambiance SOFT PETALS 75 ml \u0645\u0639\u0637\u0631 \u062c\u0648 \u0633\u0648\u0641\u062a \u0628\u064a\u062a\u0644\u0632<\/h2>\n<p style=\"text-align: left;\"><strong>Parfum d&rsquo;ambiance SOFT PETALS 75 ml<\/strong>, 85% base naturelle sans alcool. Id\u00e9al pour maison, textiles et voiture. Fra\u00eecheur v\u00e9g\u00e9tale, apaisante et durable. Id\u00e9ale pour cr\u00e9er une atmosph\u00e8re propre et relaxante dans vos espaces. Fragrance <strong data-start=\"1067\" data-end=\"1098\">douce, florale et apaisante<\/strong>, id\u00e9ale pour cr\u00e9er une <strong data-start=\"1122\" data-end=\"1170\">atmosph\u00e8re propre, relaxante et accueillante<\/strong>. <a href=\"https:\/\/sella-industrie.com\/ar\/product\/parfum-ambiance-feu-etincelant-maison-voiture-280ml-%d9%85%d8%b9%d8%b7%d8%b1-%d8%ac%d9%88-%d8%b4%d8%b9%d9%84%d8%a9-%d9%86%d8%a7%d8%b1%d9%8a%d8%a9\/\">Cette signature olfactive<\/a> subtile apporte une sensation de <strong data-start=\"1232\" data-end=\"1260\">bien-\u00eatre et de s\u00e9r\u00e9nit\u00e9<\/strong> dans <a href=\"https:\/\/www.tiktok.com\/@v6.accessoires.au\" target=\"_blank\" rel=\"noopener\">vos pi\u00e8ces comme dans votre voiture<\/a>. Con\u00e7u pour allier efficacit\u00e9 et respect de l\u2019environnement int\u00e9rieur : diffusion douce et non agressive, adapt\u00e9 \u00e0 une utilisation quotidienne. Un parfum id\u00e9al pour ceux qui recherchent un <strong data-start=\"1664\" data-end=\"1702\">parfum d\u2019int\u00e9rieur naturel et sain<\/strong>. Il se caract\u00e9rise par : la fra\u00eecheur v\u00e9g\u00e9tale l\u00e9g\u00e8re, notes florales d\u00e9licates, sensation apaisante et relaxante, sillage doux et subtil. Ce parfum est parfait pour ceux qui recherchent une <strong data-start=\"2985\" data-end=\"3029\">atmosph\u00e8re douce, naturelle et apaisante<\/strong>. Sa signature florale et v\u00e9g\u00e9tale transforme chaque espace en un lieu <strong data-start=\"3100\" data-end=\"3135\">relaxant, propre et accueillant<\/strong>.<\/p>\n<p style=\"text-align: right;\"><strong>\u0645\u0639\u0637\u0631 \u062c\u0648 \u0633\u0648\u0641\u062a \u0628\u064a\u062a\u0644\u0632 75 \u0645\u0644\u060c<\/strong> \u0642\u0627\u0639\u062f\u0629 \u0637\u0628\u064a\u0639\u064a\u0629 85%\u060c \u062e\u0627\u0644\u064d \u0645\u0646 \u0627\u0644\u0643\u062d\u0648\u0644. \u0645\u062b\u0627\u0644\u064a \u0644\u0644\u0645\u0646\u0632\u0644 \u0648\u0627\u0644\u0645\u0646\u0633\u0648\u062c\u0627\u062a \u0648\u0627\u0644\u0633\u064a\u0627\u0631\u0629. \u0627\u0646\u062a\u0639\u0627\u0634 \u0646\u0628\u0627\u062a\u064a \u0645\u0647\u062f\u0626 \u064a\u062f\u0648\u0645 \u0637\u0648\u064a\u0644\u0627\u064b. \u0645\u062b\u0627\u0644\u064a \u0644\u062e\u0644\u0642 \u062c\u0648 \u0646\u0638\u064a\u0641 \u0648\u0645\u0631\u064a\u062d \u0641\u064a \u0645\u0633\u0627\u062d\u0627\u062a\u0643\u060c \u0639\u0637\u0631 \u0646\u0627\u0639\u0645 \u0648\u0632\u0647\u0631\u064a \u0648\u0645\u0647\u062f\u0626\u060c \u0645\u062b\u0627\u0644\u064a \u0644\u062e\u0644\u0642 \u062c\u0648 \u0646\u0638\u064a\u0641 \u0648\u0645\u0631\u064a\u062d \u0648\u0645\u0631\u062d\u0628. \u062a\u0636\u0641\u064a \u0647\u0630\u0647 \u0627\u0644\u0628\u0635\u0645\u0629 \u0627\u0644\u0639\u0637\u0631\u064a\u0629 \u0627\u0644\u0631\u0642\u064a\u0642\u0629 \u0634\u0639\u0648\u0631\u064b\u0627 \u0628\u0627\u0644\u0631\u0627\u062d\u0629 \u0648\u0627\u0644\u0633\u0643\u064a\u0646\u0629 \u0639\u0644\u0649 \u063a\u0631\u0641\u0643 \u0648\u0633\u064a\u0627\u0631\u062a\u0643. \u0645\u0635\u0645\u0645 \u0644\u064a\u062c\u0645\u0639 \u0628\u064a\u0646 \u0627\u0644\u0641\u0639\u0627\u0644\u064a\u0629 \u0648\u0627\u062d\u062a\u0631\u0627\u0645 \u0627\u0644\u0628\u064a\u0626\u0629 \u0627\u0644\u062f\u0627\u062e\u0644\u064a\u0629: \u0627\u0646\u062a\u0634\u0627\u0631 \u0644\u0637\u064a\u0641 \u0648\u063a\u064a\u0631 \u0642\u0648\u064a\u060c \u0645\u0646\u0627\u0633\u0628 \u0644\u0644\u0627\u0633\u062a\u062e\u062f\u0627\u0645 \u0627\u0644\u064a\u0648\u0645\u064a. \u0639\u0637\u0631 \u0645\u062b\u0627\u0644\u064a \u0644\u0645\u0646 \u064a\u0628\u062d\u062b\u0648\u0646 \u0639\u0646 \u0639\u0637\u0631 \u0645\u0646\u0632\u0644\u064a \u0637\u0628\u064a\u0639\u064a \u0648\u0635\u062d\u064a. \u064a\u062a\u0645\u064a\u0632 \u0628\u0640: \u0627\u0646\u062a\u0639\u0627\u0634 \u0646\u0628\u0627\u062a\u064a \u062e\u0641\u064a\u0641\u060c \u0646\u0641\u062d\u0627\u062a \u0632\u0647\u0631\u064a\u0629 \u0631\u0642\u064a\u0642\u0629\u060c \u0625\u062d\u0633\u0627\u0633 \u0645\u0647\u062f\u0626 \u0648\u0645\u0631\u064a\u062d\u060c \u0648\u0623\u062b\u0631 \u0646\u0627\u0639\u0645 \u0648\u0631\u0642\u064a\u0642. \u0647\u0630\u0627 \u0627\u0644\u0639\u0637\u0631 \u0645\u062b\u0627\u0644\u064a \u0644\u0645\u0646 \u064a\u0628\u062d\u062b\u0648\u0646 \u0639\u0646 \u062c\u0648 \u0646\u0627\u0639\u0645 \u0648\u0637\u0628\u064a\u0639\u064a \u0648\u0645\u0647\u062f\u0626. \u0628\u0635\u0645\u062a\u0647 \u0627\u0644\u0632\u0647\u0631\u064a\u0629 \u0648\u0627\u0644\u0646\u0628\u0627\u062a\u064a\u0629 \u062a\u062d\u0648\u0644 \u0623\u064a \u0645\u0633\u0627\u062d\u0629 \u0625\u0644\u0649 \u0645\u0644\u0627\u0630 \u0645\u0631\u064a\u062d \u0648\u0646\u0638\u064a\u0641 \u0648\u0645\u0631\u062d\u0628<\/p>\n<p><iframe loading=\"lazy\" title=\"Parfums 280 Ml\" width=\"500\" height=\"281\" src=\"https:\/\/www.youtube.com\/embed\/zeJY4fCR1dk?feature=oembed\" frameborder=\"0\" allow=\"accelerometer; autoplay; clipboard-write; encrypted-media; gyroscope; picture-in-picture; web-share\" referrerpolicy=\"strict-origin-when-cross-origin\" allowfullscreen><\/iframe><\/p>","protected":false},"excerpt":{"rendered":"<h1 style=\"text-align: center;\">\u0645\u0639\u0637\u0631 \u062c\u0648 \u0633\u0648\u0641\u062a \u0628\u064a\u062a\u0644\u0632<\/h1>\n<p style=\"text-align: left;\"><strong>Parfum d&rsquo;ambiance SOFT PETALS 75 ml<\/strong>, 85% base naturelle sans alcool. Id\u00e9al pour maison, textiles et voiture. Fra\u00eecheur v\u00e9g\u00e9tale, apaisante et durable. Id\u00e9ale pour cr\u00e9er une atmosph\u00e8re propre et relaxante dans vos espaces. Fragrance <strong data-start=\"1067\" data-end=\"1098\">douce, florale et apaisante<\/strong>, id\u00e9ale pour cr\u00e9er une <strong data-start=\"1122\" data-end=\"1170\">atmosph\u00e8re propre, relaxante et accueillante<\/strong>.<\/p>","protected":false},"featured_media":38266,"comment_status":"open","ping_status":"closed","template":"","meta":[],"product_brand":[293],"product_cat":[1005],"product_tag":[],"class_list":{"0":"post-38265","1":"product","2":"type-product","3":"status-publish","4":"has-post-thumbnail","6":"product_brand-sella","7":"product_cat-parfums-dambiance-sella-75-ml","9":"first","10":"instock","11":"taxable","12":"shipping-taxable","13":"purchasable","14":"product-type-simple"},"yoast_head":"<!-- This site is optimized with the Yoast SEO plugin v27.4 - https:\/\/yoast.com\/product\/yoast-seo-wordpress\/ -->\n<title>Parfum d&#039;ambiance SOFT PETALS 75 ml - Boutique &quot;V6&quot;<\/title>\n<meta name=\"description\" content=\"Parfum d\u2019ambiance Soft Petals 75 ml sans alcool, 85% naturel. Fra\u00eecheur florale, apaisante et longue dur\u00e9e pour maison, textile et voiture.\" \/>\n<meta name=\"robots\" content=\"index, follow, max-snippet:-1, max-image-preview:large, max-video-preview:-1\" \/>\n<link rel=\"canonical\" href=\"https:\/\/sella-industrie.com\/ar\/product\/parfum-ambiance-soft-petals-sans-alcool-75-ml-\u0645\u0639\u0637\u0631-\u062c\u0648-\u0633\u0648\u0641\u062a-\u0628\u064a\u062a\u0644\u0632\/\" \/>\n<meta property=\"og:locale\" content=\"ar_AR\" \/>\n<meta property=\"og:type\" content=\"article\" \/>\n<meta property=\"og:title\" content=\"Parfum d&#039;ambiance SOFT PETALS 75 ml - Boutique &quot;V6&quot;\" \/>\n<meta property=\"og:description\" content=\"Parfum d\u2019ambiance Soft Petals 75 ml sans alcool, 85% naturel. Fra\u00eecheur florale, apaisante et longue dur\u00e9e pour maison, textile et voiture.\" \/>\n<meta property=\"og:url\" content=\"https:\/\/sella-industrie.com\/ar\/product\/parfum-ambiance-soft-petals-sans-alcool-75-ml-\u0645\u0639\u0637\u0631-\u062c\u0648-\u0633\u0648\u0641\u062a-\u0628\u064a\u062a\u0644\u0632\/\" \/>\n<meta property=\"og:site_name\" content=\"Boutique &quot;V6&quot;\" \/>\n<meta property=\"article:modified_time\" content=\"2026-04-09T12:18:14+00:00\" \/>\n<meta property=\"og:image\" content=\"https:\/\/sella-industrie.com\/wp-content\/uploads\/2026\/04\/SOFT-PETALS.webp\" \/>\n\t<meta property=\"og:image:width\" content=\"1000\" \/>\n\t<meta property=\"og:image:height\" content=\"1000\" \/>\n\t<meta property=\"og:image:type\" content=\"image\/webp\" \/>\n<meta name=\"twitter:card\" content=\"summary_large_image\" \/>\n<meta name=\"twitter:label1\" content=\"\u0648\u0642\u062a \u0627\u0644\u0642\u0631\u0627\u0621\u0629 \u0627\u0644\u0645\u064f\u0642\u062f\u0651\u0631\" \/>\n\t<meta name=\"twitter:data1\" content=\"5 \u062f\u0642\u0627\u0626\u0642\" \/>\n<script type=\"application\/ld+json\" class=\"yoast-schema-graph\">{\"@context\":\"https:\\\/\\\/schema.org\",\"@graph\":[{\"@type\":\"WebPage\",\"@id\":\"https:\\\/\\\/sella-industrie.com\\\/produit\\\/parfum-ambiance-soft-petals-sans-alcool-75-ml-%d9%85%d8%b9%d8%b7%d8%b1-%d8%ac%d9%88-%d8%b3%d9%88%d9%81%d8%aa-%d8%a8%d9%8a%d8%aa%d9%84%d8%b2\\\/\",\"url\":\"https:\\\/\\\/sella-industrie.com\\\/produit\\\/parfum-ambiance-soft-petals-sans-alcool-75-ml-%d9%85%d8%b9%d8%b7%d8%b1-%d8%ac%d9%88-%d8%b3%d9%88%d9%81%d8%aa-%d8%a8%d9%8a%d8%aa%d9%84%d8%b2\\\/\",\"name\":\"Parfum d'ambiance SOFT PETALS 75 ml - Boutique &quot;V6&quot;\",\"isPartOf\":{\"@id\":\"https:\\\/\\\/sella-industrie.com\\\/#website\"},\"primaryImageOfPage\":{\"@id\":\"https:\\\/\\\/sella-industrie.com\\\/produit\\\/parfum-ambiance-soft-petals-sans-alcool-75-ml-%d9%85%d8%b9%d8%b7%d8%b1-%d8%ac%d9%88-%d8%b3%d9%88%d9%81%d8%aa-%d8%a8%d9%8a%d8%aa%d9%84%d8%b2\\\/#primaryimage\"},\"image\":{\"@id\":\"https:\\\/\\\/sella-industrie.com\\\/produit\\\/parfum-ambiance-soft-petals-sans-alcool-75-ml-%d9%85%d8%b9%d8%b7%d8%b1-%d8%ac%d9%88-%d8%b3%d9%88%d9%81%d8%aa-%d8%a8%d9%8a%d8%aa%d9%84%d8%b2\\\/#primaryimage\"},\"thumbnailUrl\":\"https:\\\/\\\/sella-industrie.com\\\/wp-content\\\/uploads\\\/2026\\\/04\\\/SOFT-PETALS.webp\",\"datePublished\":\"2026-04-09T12:06:04+00:00\",\"dateModified\":\"2026-04-09T12:18:14+00:00\",\"description\":\"Parfum d\u2019ambiance Soft Petals 75 ml sans alcool, 85% naturel. Fra\u00eecheur florale, apaisante et longue dur\u00e9e pour maison, textile et voiture.\",\"breadcrumb\":{\"@id\":\"https:\\\/\\\/sella-industrie.com\\\/produit\\\/parfum-ambiance-soft-petals-sans-alcool-75-ml-%d9%85%d8%b9%d8%b7%d8%b1-%d8%ac%d9%88-%d8%b3%d9%88%d9%81%d8%aa-%d8%a8%d9%8a%d8%aa%d9%84%d8%b2\\\/#breadcrumb\"},\"inLanguage\":\"ar\",\"potentialAction\":[{\"@type\":\"ReadAction\",\"target\":[\"https:\\\/\\\/sella-industrie.com\\\/produit\\\/parfum-ambiance-soft-petals-sans-alcool-75-ml-%d9%85%d8%b9%d8%b7%d8%b1-%d8%ac%d9%88-%d8%b3%d9%88%d9%81%d8%aa-%d8%a8%d9%8a%d8%aa%d9%84%d8%b2\\\/\"]}]},{\"@type\":\"ImageObject\",\"inLanguage\":\"ar\",\"@id\":\"https:\\\/\\\/sella-industrie.com\\\/produit\\\/parfum-ambiance-soft-petals-sans-alcool-75-ml-%d9%85%d8%b9%d8%b7%d8%b1-%d8%ac%d9%88-%d8%b3%d9%88%d9%81%d8%aa-%d8%a8%d9%8a%d8%aa%d9%84%d8%b2\\\/#primaryimage\",\"url\":\"https:\\\/\\\/sella-industrie.com\\\/wp-content\\\/uploads\\\/2026\\\/04\\\/SOFT-PETALS.webp\",\"contentUrl\":\"https:\\\/\\\/sella-industrie.com\\\/wp-content\\\/uploads\\\/2026\\\/04\\\/SOFT-PETALS.webp\",\"width\":1000,\"height\":1000,\"caption\":\"parfum d\u2019ambiance soft petals\"},{\"@type\":\"BreadcrumbList\",\"@id\":\"https:\\\/\\\/sella-industrie.com\\\/produit\\\/parfum-ambiance-soft-petals-sans-alcool-75-ml-%d9%85%d8%b9%d8%b7%d8%b1-%d8%ac%d9%88-%d8%b3%d9%88%d9%81%d8%aa-%d8%a8%d9%8a%d8%aa%d9%84%d8%b2\\\/#breadcrumb\",\"itemListElement\":[{\"@type\":\"ListItem\",\"position\":1,\"name\":\"Accueil\",\"item\":\"https:\\\/\\\/sella-industrie.com\\\/fr_fr\\\/\"},{\"@type\":\"ListItem\",\"position\":2,\"name\":\"Shop\",\"item\":\"https:\\\/\\\/sella-industrie.com\\\/fr_fr\\\/shop\\\/\"},{\"@type\":\"ListItem\",\"position\":3,\"name\":\"Parfums d'ambiance SELLA 75 ml\",\"item\":\"https:\\\/\\\/sella-industrie.com\\\/categorie-produit\\\/parfums-dambiance-sella-75-ml\\\/\"},{\"@type\":\"ListItem\",\"position\":4,\"name\":\"Parfum d&rsquo;ambiance SOFT PETALS 75 ml\"}]},{\"@type\":\"WebSite\",\"@id\":\"https:\\\/\\\/sella-industrie.com\\\/#website\",\"url\":\"https:\\\/\\\/sella-industrie.com\\\/\",\"name\":\"Boutique &quot;V6&quot;\",\"description\":\"We care for your car\",\"publisher\":{\"@id\":\"https:\\\/\\\/sella-industrie.com\\\/#organization\"},\"potentialAction\":[{\"@type\":\"SearchAction\",\"target\":{\"@type\":\"EntryPoint\",\"urlTemplate\":\"https:\\\/\\\/sella-industrie.com\\\/?s={search_term_string}\"},\"query-input\":{\"@type\":\"PropertyValueSpecification\",\"valueRequired\":true,\"valueName\":\"search_term_string\"}}],\"inLanguage\":\"ar\"},{\"@type\":\"Organization\",\"@id\":\"https:\\\/\\\/sella-industrie.com\\\/#organization\",\"name\":\"Boutique &quot;V6&quot;\",\"url\":\"https:\\\/\\\/sella-industrie.com\\\/\",\"logo\":{\"@type\":\"ImageObject\",\"inLanguage\":\"ar\",\"@id\":\"https:\\\/\\\/sella-industrie.com\\\/#\\\/schema\\\/logo\\\/image\\\/\",\"url\":\"\",\"contentUrl\":\"\",\"caption\":\"Boutique &quot;V6&quot;\"},\"image\":{\"@id\":\"https:\\\/\\\/sella-industrie.com\\\/#\\\/schema\\\/logo\\\/image\\\/\"}}]}<\/script>\n<!-- \/ Yoast SEO plugin. -->","yoast_head_json":{"title":"Parfum d'ambiance SOFT PETALS 75 ml - Boutique &quot;V6&quot;","description":"Parfum d\u2019ambiance Soft Petals 75 ml sans alcool, 85% naturel. Fra\u00eecheur florale, apaisante et longue dur\u00e9e pour maison, textile et voiture.","robots":{"index":"index","follow":"follow","max-snippet":"max-snippet:-1","max-image-preview":"max-image-preview:large","max-video-preview":"max-video-preview:-1"},"canonical":"https:\/\/sella-industrie.com\/ar\/product\/parfum-ambiance-soft-petals-sans-alcool-75-ml-\u0645\u0639\u0637\u0631-\u062c\u0648-\u0633\u0648\u0641\u062a-\u0628\u064a\u062a\u0644\u0632\/","og_locale":"ar_AR","og_type":"article","og_title":"Parfum d'ambiance SOFT PETALS 75 ml - Boutique &quot;V6&quot;","og_description":"Parfum d\u2019ambiance Soft Petals 75 ml sans alcool, 85% naturel. Fra\u00eecheur florale, apaisante et longue dur\u00e9e pour maison, textile et voiture.","og_url":"https:\/\/sella-industrie.com\/ar\/product\/parfum-ambiance-soft-petals-sans-alcool-75-ml-\u0645\u0639\u0637\u0631-\u062c\u0648-\u0633\u0648\u0641\u062a-\u0628\u064a\u062a\u0644\u0632\/","og_site_name":"Boutique &quot;V6&quot;","article_modified_time":"2026-04-09T12:18:14+00:00","og_image":[{"width":1000,"height":1000,"url":"https:\/\/sella-industrie.com\/wp-content\/uploads\/2026\/04\/SOFT-PETALS.webp","type":"image\/webp"}],"twitter_card":"summary_large_image","twitter_misc":{"\u0648\u0642\u062a \u0627\u0644\u0642\u0631\u0627\u0621\u0629 \u0627\u0644\u0645\u064f\u0642\u062f\u0651\u0631":"5 \u062f\u0642\u0627\u0626\u0642"},"schema":{"@context":"https:\/\/schema.org","@graph":[{"@type":"WebPage","@id":"https:\/\/sella-industrie.com\/produit\/parfum-ambiance-soft-petals-sans-alcool-75-ml-%d9%85%d8%b9%d8%b7%d8%b1-%d8%ac%d9%88-%d8%b3%d9%88%d9%81%d8%aa-%d8%a8%d9%8a%d8%aa%d9%84%d8%b2\/","url":"https:\/\/sella-industrie.com\/produit\/parfum-ambiance-soft-petals-sans-alcool-75-ml-%d9%85%d8%b9%d8%b7%d8%b1-%d8%ac%d9%88-%d8%b3%d9%88%d9%81%d8%aa-%d8%a8%d9%8a%d8%aa%d9%84%d8%b2\/","name":"Parfum d'ambiance SOFT PETALS 75 ml - Boutique &quot;V6&quot;","isPartOf":{"@id":"https:\/\/sella-industrie.com\/#website"},"primaryImageOfPage":{"@id":"https:\/\/sella-industrie.com\/produit\/parfum-ambiance-soft-petals-sans-alcool-75-ml-%d9%85%d8%b9%d8%b7%d8%b1-%d8%ac%d9%88-%d8%b3%d9%88%d9%81%d8%aa-%d8%a8%d9%8a%d8%aa%d9%84%d8%b2\/#primaryimage"},"image":{"@id":"https:\/\/sella-industrie.com\/produit\/parfum-ambiance-soft-petals-sans-alcool-75-ml-%d9%85%d8%b9%d8%b7%d8%b1-%d8%ac%d9%88-%d8%b3%d9%88%d9%81%d8%aa-%d8%a8%d9%8a%d8%aa%d9%84%d8%b2\/#primaryimage"},"thumbnailUrl":"https:\/\/sella-industrie.com\/wp-content\/uploads\/2026\/04\/SOFT-PETALS.webp","datePublished":"2026-04-09T12:06:04+00:00","dateModified":"2026-04-09T12:18:14+00:00","description":"Parfum d\u2019ambiance Soft Petals 75 ml sans alcool, 85% naturel. Fra\u00eecheur florale, apaisante et longue dur\u00e9e pour maison, textile et voiture.","breadcrumb":{"@id":"https:\/\/sella-industrie.com\/produit\/parfum-ambiance-soft-petals-sans-alcool-75-ml-%d9%85%d8%b9%d8%b7%d8%b1-%d8%ac%d9%88-%d8%b3%d9%88%d9%81%d8%aa-%d8%a8%d9%8a%d8%aa%d9%84%d8%b2\/#breadcrumb"},"inLanguage":"ar","potentialAction":[{"@type":"ReadAction","target":["https:\/\/sella-industrie.com\/produit\/parfum-ambiance-soft-petals-sans-alcool-75-ml-%d9%85%d8%b9%d8%b7%d8%b1-%d8%ac%d9%88-%d8%b3%d9%88%d9%81%d8%aa-%d8%a8%d9%8a%d8%aa%d9%84%d8%b2\/"]}]},{"@type":"ImageObject","inLanguage":"ar","@id":"https:\/\/sella-industrie.com\/produit\/parfum-ambiance-soft-petals-sans-alcool-75-ml-%d9%85%d8%b9%d8%b7%d8%b1-%d8%ac%d9%88-%d8%b3%d9%88%d9%81%d8%aa-%d8%a8%d9%8a%d8%aa%d9%84%d8%b2\/#primaryimage","url":"https:\/\/sella-industrie.com\/wp-content\/uploads\/2026\/04\/SOFT-PETALS.webp","contentUrl":"https:\/\/sella-industrie.com\/wp-content\/uploads\/2026\/04\/SOFT-PETALS.webp","width":1000,"height":1000,"caption":"parfum d\u2019ambiance soft petals"},{"@type":"BreadcrumbList","@id":"https:\/\/sella-industrie.com\/produit\/parfum-ambiance-soft-petals-sans-alcool-75-ml-%d9%85%d8%b9%d8%b7%d8%b1-%d8%ac%d9%88-%d8%b3%d9%88%d9%81%d8%aa-%d8%a8%d9%8a%d8%aa%d9%84%d8%b2\/#breadcrumb","itemListElement":[{"@type":"ListItem","position":1,"name":"Accueil","item":"https:\/\/sella-industrie.com\/fr_fr\/"},{"@type":"ListItem","position":2,"name":"Shop","item":"https:\/\/sella-industrie.com\/fr_fr\/shop\/"},{"@type":"ListItem","position":3,"name":"Parfums d'ambiance SELLA 75 ml","item":"https:\/\/sella-industrie.com\/categorie-produit\/parfums-dambiance-sella-75-ml\/"},{"@type":"ListItem","position":4,"name":"Parfum d&rsquo;ambiance SOFT PETALS 75 ml"}]},{"@type":"WebSite","@id":"https:\/\/sella-industrie.com\/#website","url":"https:\/\/sella-industrie.com\/","name":"Boutique &quot;V6&quot;","description":"We care for your car","publisher":{"@id":"https:\/\/sella-industrie.com\/#organization"},"potentialAction":[{"@type":"SearchAction","target":{"@type":"EntryPoint","urlTemplate":"https:\/\/sella-industrie.com\/?s={search_term_string}"},"query-input":{"@type":"PropertyValueSpecification","valueRequired":true,"valueName":"search_term_string"}}],"inLanguage":"ar"},{"@type":"Organization","@id":"https:\/\/sella-industrie.com\/#organization","name":"Boutique &quot;V6&quot;","url":"https:\/\/sella-industrie.com\/","logo":{"@type":"ImageObject","inLanguage":"ar","@id":"https:\/\/sella-industrie.com\/#\/schema\/logo\/image\/","url":"","contentUrl":"","caption":"Boutique &quot;V6&quot;"},"image":{"@id":"https:\/\/sella-industrie.com\/#\/schema\/logo\/image\/"}}]}},"_links":{"self":[{"href":"https:\/\/sella-industrie.com\/ar\/wp-json\/wp\/v2\/product\/38265","targetHints":{"allow":["GET"]}}],"collection":[{"href":"https:\/\/sella-industrie.com\/ar\/wp-json\/wp\/v2\/product"}],"about":[{"href":"https:\/\/sella-industrie.com\/ar\/wp-json\/wp\/v2\/types\/product"}],"replies":[{"embeddable":true,"href":"https:\/\/sella-industrie.com\/ar\/wp-json\/wp\/v2\/comments?post=38265"}],"wp:featuredmedia":[{"embeddable":true,"href":"https:\/\/sella-industrie.com\/ar\/wp-json\/wp\/v2\/media\/38266"}],"wp:attachment":[{"href":"https:\/\/sella-industrie.com\/ar\/wp-json\/wp\/v2\/media?parent=38265"}],"wp:term":[{"taxonomy":"product_brand","embeddable":true,"href":"https:\/\/sella-industrie.com\/ar\/wp-json\/wp\/v2\/product_brand?post=38265"},{"taxonomy":"product_cat","embeddable":true,"href":"https:\/\/sella-industrie.com\/ar\/wp-json\/wp\/v2\/product_cat?post=38265"},{"taxonomy":"product_tag","embeddable":true,"href":"https:\/\/sella-industrie.com\/ar\/wp-json\/wp\/v2\/product_tag?post=38265"}],"curies":[{"name":"wp","href":"https:\/\/api.w.org\/{rel}","templated":true}]}}