{"id":38243,"date":"2026-04-09T11:14:32","date_gmt":"2026-04-09T11:14:32","guid":{"rendered":"https:\/\/sella-industrie.com\/?post_type=product&#038;p=38243"},"modified":"2026-04-09T11:28:29","modified_gmt":"2026-04-09T11:28:29","slug":"parfum-ambiance-feu-etincelant-75-ml-sans-alcool-%d9%85%d8%b9%d8%b7%d8%b1-%d8%ac%d9%88-%d8%b4%d8%b9%d9%84%d8%a9-%d9%86%d8%a7%d8%b1%d9%8a%d8%a9","status":"publish","type":"product","link":"https:\/\/sella-industrie.com\/ar\/product\/parfum-ambiance-feu-etincelant-75-ml-sans-alcool-%d9%85%d8%b9%d8%b7%d8%b1-%d8%ac%d9%88-%d8%b4%d8%b9%d9%84%d8%a9-%d9%86%d8%a7%d8%b1%d9%8a%d8%a9\/","title":{"rendered":"Parfum d&rsquo;ambiance FEU \u00c9TINCELANT 75 ml"},"content":{"rendered":"<h2 style=\"text-align: center;\">Parfum d&rsquo;ambiance FEU \u00c9TINCELANT 75 ml \u0645\u0639\u0637\u0631 \u062c\u0648 \u0634\u0639\u0644\u0629 \u0646\u0627\u0631\u064a\u0629<\/h2>\n<p data-start=\"443\" data-end=\"617\"><strong>Parfum d&rsquo;ambiance FEU \u00c9TINCELANT 75 ml<\/strong>, 85% base naturelle sans alcool. Id\u00e9al pour maison, textiles et voiture. Fra\u00eecheur v\u00e9g\u00e9tale, apaisante et durable. Id\u00e9ale pour cr\u00e9er une atmosph\u00e8re propre et relaxante dans vos espaces. Une fragrance chaude, intense et vibrante qui cr\u00e9e une ambiance durable et captivante. Incarne la puissance d\u2019une fragrance ardente et <a href=\"https:\/\/www.facebook.com\/V6accessoiresauto?mibextid=wwXIfr&amp;rdid=07l1PwXhFBuWBfmW&amp;share_url=https%3A%2F%2Fwww.facebook.com%2Fshare%2F169W2vbviz%2F%3Fmibextid%3DwwXIfr#\" target=\"_blank\" rel=\"noopener\">captivante<\/a>. Chaud, intense et vibrant, il diffuse une <a href=\"https:\/\/sella-industrie.com\/ar\/product\/oud-brulant-%d8%b9%d9%88%d8%af-%d8%ad%d8%a7%d8%b1%d9%82\/\">atmosph\u00e8re<\/a> enveloppante qui transforme instantan\u00e9ment votre maison ou votre voiture en un espace chaleureux et sophistiqu\u00e9. Formul\u00e9 avec <strong data-start=\"973\" data-end=\"1012\">85% d\u2019ingr\u00e9dients de base naturelle<\/strong> et garanti <strong data-start=\"1024\" data-end=\"1039\">sans alcool<\/strong>, ce parfum d\u2019ambiance assure une diffusion \u00e9l\u00e9gante et longue dur\u00e9e.<\/p>\n<p style=\"text-align: right;\">\u0645\u0639\u0637\u0631 \u062c\u0648 \u0634\u0639\u0644\u0629 \u0646\u0627\u0631\u064a\u0629\u060c 75 \u0645\u0644\u060c \u0628\u0642\u0627\u0639\u062f\u0629 \u0637\u0628\u064a\u0639\u064a\u0629 85%\u060c \u062e\u0627\u0644\u064d \u0645\u0646 \u0627\u0644\u0643\u062d\u0648\u0644. \u0645\u062b\u0627\u0644\u064a \u0644\u0644\u0645\u0646\u0632\u0644 \u0648\u0627\u0644\u0645\u0646\u0633\u0648\u062c\u0627\u062a \u0648\u0627\u0644\u0633\u064a\u0627\u0631\u0629\u060c \u0639\u0637\u0631 \u062f\u0627\u0641\u0626\u060c \u0642\u0648\u064a\u060c \u0646\u0627\u0628\u0636 \u0628\u0627\u0644\u062d\u064a\u0627\u0629\u060c \u0644\u0647\u0628 \u0644\u0627 \u064a\u0646\u0637\u0641\u0626 \u0623\u0628\u062f\u0627\u060c \u0627\u0646\u062a\u0639\u0627\u0634 \u0645\u0647\u062f\u0626 \u064a\u062f\u0648\u0645 \u0637\u0648\u064a\u0644\u0627\u064b. \u0645\u062b\u0627\u0644\u064a \u0644\u062e\u0644\u0642 \u062c\u0648 \u0646\u0638\u064a\u0641 \u0648\u0645\u0631\u064a\u062d \u0641\u064a \u0645\u0633\u0627\u062d\u0627\u062a\u0643. \u0639\u0637\u0631 \u062f\u0627\u0641\u0626\u060c \u0642\u0648\u064a\u060c \u0648\u0646\u0627\u0628\u0636 \u0628\u0627\u0644\u062d\u064a\u0627\u0629 \u064a\u062e\u0644\u0642 \u0623\u062c\u0648\u0627\u0621\u064b \u0622\u0633\u0631\u0629 \u062a\u062f\u0648\u0645 \u0637\u0648\u064a\u0644\u0627\u064b. \u064a\u062c\u0633\u062f \u0642\u0648\u0629 \u0627\u0644\u0631\u0627\u0626\u062d\u0629 \u0627\u0644\u0646\u0627\u0631\u064a\u0629 \u0648\u0627\u0644\u0622\u0633\u0631\u0629. \u062f\u0627\u0641\u0626\u060c \u0642\u0648\u064a\u060c \u0648\u0646\u0627\u0628\u0636 \u0628\u0627\u0644\u062d\u064a\u0627\u0629\u060c \u064a\u0646\u0634\u0631 \u062c\u0648\u064b\u0627 \u062f\u0627\u0641\u0626\u064b\u0627 \u064a\u062d\u0648\u0651\u0644 \u0645\u0646\u0632\u0644\u0643 \u0623\u0648 \u0633\u064a\u0627\u0631\u062a\u0643 \u0639\u0644\u0649 \u0627\u0644\u0641\u0648\u0631 \u0625\u0644\u0649 \u0645\u0633\u0627\u062d\u0629 \u062f\u0627\u0641\u0626\u0629 \u0648\u0623\u0646\u064a\u0642\u0629. \u0645\u064f\u0635\u0645\u0645 \u0628\u0642\u0627\u0639\u062f\u0629 \u0637\u0628\u064a\u0639\u064a\u0629 85% \u0648\u062e\u0627\u0644\u064d \u0645\u0646 \u0627\u0644\u0643\u062d\u0648\u0644\u060c \u064a\u0636\u0645\u0646 \u0647\u0630\u0627 \u0627\u0644\u0645\u0639\u0637\u0631 \u0627\u0646\u062a\u0634\u0627\u0631\u064b\u0627 \u0623\u0646\u064a\u0642\u064b\u0627 \u064a\u062f\u0648\u0645 \u0637\u0648\u064a\u0644\u0627\u064b<\/p>\n<p><iframe loading=\"lazy\" title=\"Parfums 280 Ml\" width=\"500\" height=\"281\" src=\"https:\/\/www.youtube.com\/embed\/zeJY4fCR1dk?feature=oembed\" frameborder=\"0\" allow=\"accelerometer; autoplay; clipboard-write; encrypted-media; gyroscope; picture-in-picture; web-share\" referrerpolicy=\"strict-origin-when-cross-origin\" allowfullscreen><\/iframe><\/p>","protected":false},"excerpt":{"rendered":"<h1 style=\"text-align: center;\">\u0645\u0639\u0637\u0631 \u062c\u0648 \u0634\u0639\u0644\u0629 \u0646\u0627\u0631\u064a\u0629<\/h1>\n<p style=\"text-align: left;\"><strong>Parfum d&rsquo;ambiance FEU \u00c9TINCELANT 75 ml<\/strong>, 85% base naturelle sans alcool. Id\u00e9al pour maison, textiles et voiture. Fra\u00eecheur v\u00e9g\u00e9tale, apaisante et durable. Id\u00e9ale pour cr\u00e9er une atmosph\u00e8re propre et relaxante dans vos espaces.<\/p>","protected":false},"featured_media":38244,"comment_status":"open","ping_status":"closed","template":"","meta":[],"product_brand":[293],"product_cat":[1005],"product_tag":[],"class_list":{"0":"post-38243","1":"product","2":"type-product","3":"status-publish","4":"has-post-thumbnail","6":"product_brand-sella","7":"product_cat-parfums-dambiance-sella-75-ml","9":"first","10":"instock","11":"taxable","12":"shipping-taxable","13":"purchasable","14":"product-type-simple"},"yoast_head":"<!-- This site is optimized with the Yoast SEO Premium plugin v27.1 (Yoast SEO v27.4) - https:\/\/yoast.com\/product\/yoast-seo-premium-wordpress\/ -->\n<title>Parfum d&#039;ambiance FEU \u00c9TINCELANT 75 ml - Boutique &quot;V6&quot;<\/title>\n<meta name=\"description\" content=\"Parfum FEU \u00c9TINCELANT, 280 ml pour maisons et voitures. 85% base naturelle, sans alcool. Une fragrance chaude, intense, vibrante et ambiance durable.\" \/>\n<meta name=\"robots\" content=\"index, follow, max-snippet:-1, max-image-preview:large, max-video-preview:-1\" \/>\n<link rel=\"canonical\" href=\"https:\/\/sella-industrie.com\/ar\/product\/parfum-ambiance-feu-etincelant-75-ml-sans-alcool-\u0645\u0639\u0637\u0631-\u062c\u0648-\u0634\u0639\u0644\u0629-\u0646\u0627\u0631\u064a\u0629\/\" \/>\n<meta property=\"og:locale\" content=\"ar_AR\" \/>\n<meta property=\"og:type\" content=\"article\" \/>\n<meta property=\"og:title\" content=\"Parfum d&#039;ambiance FEU \u00c9TINCELANT 75 ml\" \/>\n<meta property=\"og:description\" content=\"Parfum FEU \u00c9TINCELANT, 280 ml pour maisons et voitures. 85% base naturelle, sans alcool. Une fragrance chaude, intense, vibrante et ambiance durable.\" \/>\n<meta property=\"og:url\" content=\"https:\/\/sella-industrie.com\/ar\/product\/parfum-ambiance-feu-etincelant-75-ml-sans-alcool-\u0645\u0639\u0637\u0631-\u062c\u0648-\u0634\u0639\u0644\u0629-\u0646\u0627\u0631\u064a\u0629\/\" \/>\n<meta property=\"og:site_name\" content=\"Boutique &quot;V6&quot;\" \/>\n<meta property=\"article:publisher\" content=\"https:\/\/www.facebook.com\/V6accessoiresauto?mibextid=wwXIfr&amp;rdid=07l1PwXhFBuWBfmW&amp;share_url=httpswww.facebook.comshare169W2vbvizmibextidwwXIfr#\" \/>\n<meta property=\"article:modified_time\" content=\"2026-04-09T11:28:29+00:00\" \/>\n<meta property=\"og:image\" content=\"https:\/\/sella-industrie.com\/wp-content\/uploads\/2026\/04\/Feu-etincelant.webp\" \/>\n\t<meta property=\"og:image:width\" content=\"1000\" \/>\n\t<meta property=\"og:image:height\" content=\"1000\" \/>\n\t<meta property=\"og:image:type\" content=\"image\/webp\" \/>\n<meta name=\"twitter:card\" content=\"summary_large_image\" \/>\n<meta name=\"twitter:label1\" content=\"\u0627\u0644\u0633\u0639\u0631\" \/>\n\t<meta name=\"twitter:data1\" content=\"&#x62f;.&#x62c;&nbsp;280\" \/>\n\t<meta name=\"twitter:label2\" content=\"\u0627\u0644\u062a\u0648\u0641\u0631\" \/>\n\t<meta name=\"twitter:data2\" content=\"\u0645\u062a\u0648\u0641\u0631 \u0641\u064a \u0627\u0644\u0645\u062e\u0632\u0648\u0646\" \/>\n<script type=\"application\/ld+json\" class=\"yoast-schema-graph\">{\"@context\":\"https:\\\/\\\/schema.org\",\"@graph\":[{\"@type\":\"WebPage\",\"@id\":\"https:\\\/\\\/sella-industrie.com\\\/produit\\\/parfum-ambiance-feu-etincelant-75-ml-sans-alcool-%d9%85%d8%b9%d8%b7%d8%b1-%d8%ac%d9%88-%d8%b4%d8%b9%d9%84%d8%a9-%d9%86%d8%a7%d8%b1%d9%8a%d8%a9\\\/\",\"url\":\"https:\\\/\\\/sella-industrie.com\\\/produit\\\/parfum-ambiance-feu-etincelant-75-ml-sans-alcool-%d9%85%d8%b9%d8%b7%d8%b1-%d8%ac%d9%88-%d8%b4%d8%b9%d9%84%d8%a9-%d9%86%d8%a7%d8%b1%d9%8a%d8%a9\\\/\",\"name\":\"Parfum d'ambiance FEU \u00c9TINCELANT 75 ml - Boutique &quot;V6&quot;\",\"isPartOf\":{\"@id\":\"https:\\\/\\\/sella-industrie.com\\\/#website\"},\"primaryImageOfPage\":{\"@id\":\"https:\\\/\\\/sella-industrie.com\\\/produit\\\/parfum-ambiance-feu-etincelant-75-ml-sans-alcool-%d9%85%d8%b9%d8%b7%d8%b1-%d8%ac%d9%88-%d8%b4%d8%b9%d9%84%d8%a9-%d9%86%d8%a7%d8%b1%d9%8a%d8%a9\\\/#primaryimage\"},\"image\":{\"@id\":\"https:\\\/\\\/sella-industrie.com\\\/produit\\\/parfum-ambiance-feu-etincelant-75-ml-sans-alcool-%d9%85%d8%b9%d8%b7%d8%b1-%d8%ac%d9%88-%d8%b4%d8%b9%d9%84%d8%a9-%d9%86%d8%a7%d8%b1%d9%8a%d8%a9\\\/#primaryimage\"},\"thumbnailUrl\":\"https:\\\/\\\/sella-industrie.com\\\/wp-content\\\/uploads\\\/2026\\\/04\\\/Feu-etincelant.webp\",\"datePublished\":\"2026-04-09T11:14:32+00:00\",\"dateModified\":\"2026-04-09T11:28:29+00:00\",\"description\":\"Parfum FEU \u00c9TINCELANT, 280 ml pour maisons et voitures. 85% base naturelle, sans alcool. Une fragrance chaude, intense, vibrante et ambiance durable.\",\"breadcrumb\":{\"@id\":\"https:\\\/\\\/sella-industrie.com\\\/produit\\\/parfum-ambiance-feu-etincelant-75-ml-sans-alcool-%d9%85%d8%b9%d8%b7%d8%b1-%d8%ac%d9%88-%d8%b4%d8%b9%d9%84%d8%a9-%d9%86%d8%a7%d8%b1%d9%8a%d8%a9\\\/#breadcrumb\"},\"inLanguage\":\"ar\",\"potentialAction\":[{\"@type\":\"ReadAction\",\"target\":[\"https:\\\/\\\/sella-industrie.com\\\/produit\\\/parfum-ambiance-feu-etincelant-75-ml-sans-alcool-%d9%85%d8%b9%d8%b7%d8%b1-%d8%ac%d9%88-%d8%b4%d8%b9%d9%84%d8%a9-%d9%86%d8%a7%d8%b1%d9%8a%d8%a9\\\/\"]}]},{\"@type\":\"ImageObject\",\"inLanguage\":\"ar\",\"@id\":\"https:\\\/\\\/sella-industrie.com\\\/produit\\\/parfum-ambiance-feu-etincelant-75-ml-sans-alcool-%d9%85%d8%b9%d8%b7%d8%b1-%d8%ac%d9%88-%d8%b4%d8%b9%d9%84%d8%a9-%d9%86%d8%a7%d8%b1%d9%8a%d8%a9\\\/#primaryimage\",\"url\":\"https:\\\/\\\/sella-industrie.com\\\/wp-content\\\/uploads\\\/2026\\\/04\\\/Feu-etincelant.webp\",\"contentUrl\":\"https:\\\/\\\/sella-industrie.com\\\/wp-content\\\/uploads\\\/2026\\\/04\\\/Feu-etincelant.webp\",\"width\":1000,\"height\":1000,\"caption\":\"parfum d\u2019ambiance feu \u00e9tincelant\"},{\"@type\":\"BreadcrumbList\",\"@id\":\"https:\\\/\\\/sella-industrie.com\\\/produit\\\/parfum-ambiance-feu-etincelant-75-ml-sans-alcool-%d9%85%d8%b9%d8%b7%d8%b1-%d8%ac%d9%88-%d8%b4%d8%b9%d9%84%d8%a9-%d9%86%d8%a7%d8%b1%d9%8a%d8%a9\\\/#breadcrumb\",\"itemListElement\":[{\"@type\":\"ListItem\",\"position\":1,\"name\":\"Accueil\",\"item\":\"https:\\\/\\\/sella-industrie.com\\\/fr_fr\\\/\"},{\"@type\":\"ListItem\",\"position\":2,\"name\":\"Shop\",\"item\":\"https:\\\/\\\/sella-industrie.com\\\/fr_fr\\\/shop\\\/\"},{\"@type\":\"ListItem\",\"position\":3,\"name\":\"Parfums d'ambiance SELLA 75 ml\",\"item\":\"https:\\\/\\\/sella-industrie.com\\\/categorie-produit\\\/parfums-dambiance-sella-75-ml\\\/\"},{\"@type\":\"ListItem\",\"position\":4,\"name\":\"Parfum d&rsquo;ambiance FEU \u00c9TINCELANT 75 ml\"}]},{\"@type\":\"WebSite\",\"@id\":\"https:\\\/\\\/sella-industrie.com\\\/#website\",\"url\":\"https:\\\/\\\/sella-industrie.com\\\/\",\"name\":\"Boutique \\\"V6\\\"\",\"description\":\"We care for your car\",\"publisher\":{\"@id\":\"https:\\\/\\\/sella-industrie.com\\\/#organization\"},\"potentialAction\":[{\"@type\":\"SearchAction\",\"target\":{\"@type\":\"EntryPoint\",\"urlTemplate\":\"https:\\\/\\\/sella-industrie.com\\\/?s={search_term_string}\"},\"query-input\":{\"@type\":\"PropertyValueSpecification\",\"valueRequired\":true,\"valueName\":\"search_term_string\"}}],\"inLanguage\":\"ar\"},{\"@type\":\"Organization\",\"@id\":\"https:\\\/\\\/sella-industrie.com\\\/#organization\",\"name\":\"Boutique \\\"V6\\\"\",\"url\":\"https:\\\/\\\/sella-industrie.com\\\/\",\"logo\":{\"@type\":\"ImageObject\",\"inLanguage\":\"ar\",\"@id\":\"https:\\\/\\\/sella-industrie.com\\\/#\\\/schema\\\/logo\\\/image\\\/\",\"url\":\"https:\\\/\\\/sella-industrie.com\\\/wp-content\\\/uploads\\\/2024\\\/05\\\/LOGO-V6-PNG-1.png\",\"contentUrl\":\"https:\\\/\\\/sella-industrie.com\\\/wp-content\\\/uploads\\\/2024\\\/05\\\/LOGO-V6-PNG-1.png\",\"width\":797,\"height\":517,\"caption\":\"Boutique \\\"V6\\\"\"},\"image\":{\"@id\":\"https:\\\/\\\/sella-industrie.com\\\/#\\\/schema\\\/logo\\\/image\\\/\"},\"sameAs\":[\"https:\\\/\\\/www.facebook.com\\\/V6accessoiresauto?mibextid=wwXIfr&rdid=07l1PwXhFBuWBfmW&share_url=httpswww.facebook.comshare169W2vbvizmibextidwwXIfr#\",\"https:\\\/\\\/www.tiktok.com\\\/@v6.accessoires.au\",\"https:\\\/\\\/www.instagram.com\\\/v6_accessoires_auto?igsh=aXE2NjUwOG5xNnQz\",\"https:\\\/\\\/www.youtube.com\\\/channel\\\/UCtkk-L1mBLEmRweenaR4s7w\"]}]}<\/script>\n<meta property=\"product:price:amount\" content=\"280\" \/>\n<meta property=\"product:price:currency\" content=\"DZD\" \/>\n<meta property=\"og:availability\" content=\"instock\" \/>\n<meta property=\"product:availability\" content=\"instock\" \/>\n<meta property=\"product:condition\" content=\"new\" \/>\n<!-- \/ Yoast SEO Premium plugin. -->","yoast_head_json":{"title":"Parfum d'ambiance FEU \u00c9TINCELANT 75 ml - Boutique &quot;V6&quot;","description":"Parfum FEU \u00c9TINCELANT, 280 ml pour maisons et voitures. 85% base naturelle, sans alcool. Une fragrance chaude, intense, vibrante et ambiance durable.","robots":{"index":"index","follow":"follow","max-snippet":"max-snippet:-1","max-image-preview":"max-image-preview:large","max-video-preview":"max-video-preview:-1"},"canonical":"https:\/\/sella-industrie.com\/ar\/product\/parfum-ambiance-feu-etincelant-75-ml-sans-alcool-\u0645\u0639\u0637\u0631-\u062c\u0648-\u0634\u0639\u0644\u0629-\u0646\u0627\u0631\u064a\u0629\/","og_locale":"ar_AR","og_type":"article","og_title":"Parfum d'ambiance FEU \u00c9TINCELANT 75 ml","og_description":"Parfum FEU \u00c9TINCELANT, 280 ml pour maisons et voitures. 85% base naturelle, sans alcool. Une fragrance chaude, intense, vibrante et ambiance durable.","og_url":"https:\/\/sella-industrie.com\/ar\/product\/parfum-ambiance-feu-etincelant-75-ml-sans-alcool-\u0645\u0639\u0637\u0631-\u062c\u0648-\u0634\u0639\u0644\u0629-\u0646\u0627\u0631\u064a\u0629\/","og_site_name":"Boutique &quot;V6&quot;","article_publisher":"https:\/\/www.facebook.com\/V6accessoiresauto?mibextid=wwXIfr&rdid=07l1PwXhFBuWBfmW&share_url=httpswww.facebook.comshare169W2vbvizmibextidwwXIfr#","article_modified_time":"2026-04-09T11:28:29+00:00","og_image":[{"width":1000,"height":1000,"url":"https:\/\/sella-industrie.com\/wp-content\/uploads\/2026\/04\/Feu-etincelant.webp","type":"image\/webp"}],"twitter_card":"summary_large_image","twitter_misc":{"\u0627\u0644\u0633\u0639\u0631":"&#x62f;.&#x62c;&nbsp;280","\u0627\u0644\u062a\u0648\u0641\u0631":"\u0645\u062a\u0648\u0641\u0631 \u0641\u064a \u0627\u0644\u0645\u062e\u0632\u0648\u0646"},"schema":{"@context":"https:\/\/schema.org","@graph":[{"@type":"WebPage","@id":"https:\/\/sella-industrie.com\/produit\/parfum-ambiance-feu-etincelant-75-ml-sans-alcool-%d9%85%d8%b9%d8%b7%d8%b1-%d8%ac%d9%88-%d8%b4%d8%b9%d9%84%d8%a9-%d9%86%d8%a7%d8%b1%d9%8a%d8%a9\/","url":"https:\/\/sella-industrie.com\/produit\/parfum-ambiance-feu-etincelant-75-ml-sans-alcool-%d9%85%d8%b9%d8%b7%d8%b1-%d8%ac%d9%88-%d8%b4%d8%b9%d9%84%d8%a9-%d9%86%d8%a7%d8%b1%d9%8a%d8%a9\/","name":"Parfum d'ambiance FEU \u00c9TINCELANT 75 ml - Boutique &quot;V6&quot;","isPartOf":{"@id":"https:\/\/sella-industrie.com\/#website"},"primaryImageOfPage":{"@id":"https:\/\/sella-industrie.com\/produit\/parfum-ambiance-feu-etincelant-75-ml-sans-alcool-%d9%85%d8%b9%d8%b7%d8%b1-%d8%ac%d9%88-%d8%b4%d8%b9%d9%84%d8%a9-%d9%86%d8%a7%d8%b1%d9%8a%d8%a9\/#primaryimage"},"image":{"@id":"https:\/\/sella-industrie.com\/produit\/parfum-ambiance-feu-etincelant-75-ml-sans-alcool-%d9%85%d8%b9%d8%b7%d8%b1-%d8%ac%d9%88-%d8%b4%d8%b9%d9%84%d8%a9-%d9%86%d8%a7%d8%b1%d9%8a%d8%a9\/#primaryimage"},"thumbnailUrl":"https:\/\/sella-industrie.com\/wp-content\/uploads\/2026\/04\/Feu-etincelant.webp","datePublished":"2026-04-09T11:14:32+00:00","dateModified":"2026-04-09T11:28:29+00:00","description":"Parfum FEU \u00c9TINCELANT, 280 ml pour maisons et voitures. 85% base naturelle, sans alcool. Une fragrance chaude, intense, vibrante et ambiance durable.","breadcrumb":{"@id":"https:\/\/sella-industrie.com\/produit\/parfum-ambiance-feu-etincelant-75-ml-sans-alcool-%d9%85%d8%b9%d8%b7%d8%b1-%d8%ac%d9%88-%d8%b4%d8%b9%d9%84%d8%a9-%d9%86%d8%a7%d8%b1%d9%8a%d8%a9\/#breadcrumb"},"inLanguage":"ar","potentialAction":[{"@type":"ReadAction","target":["https:\/\/sella-industrie.com\/produit\/parfum-ambiance-feu-etincelant-75-ml-sans-alcool-%d9%85%d8%b9%d8%b7%d8%b1-%d8%ac%d9%88-%d8%b4%d8%b9%d9%84%d8%a9-%d9%86%d8%a7%d8%b1%d9%8a%d8%a9\/"]}]},{"@type":"ImageObject","inLanguage":"ar","@id":"https:\/\/sella-industrie.com\/produit\/parfum-ambiance-feu-etincelant-75-ml-sans-alcool-%d9%85%d8%b9%d8%b7%d8%b1-%d8%ac%d9%88-%d8%b4%d8%b9%d9%84%d8%a9-%d9%86%d8%a7%d8%b1%d9%8a%d8%a9\/#primaryimage","url":"https:\/\/sella-industrie.com\/wp-content\/uploads\/2026\/04\/Feu-etincelant.webp","contentUrl":"https:\/\/sella-industrie.com\/wp-content\/uploads\/2026\/04\/Feu-etincelant.webp","width":1000,"height":1000,"caption":"parfum d\u2019ambiance feu \u00e9tincelant"},{"@type":"BreadcrumbList","@id":"https:\/\/sella-industrie.com\/produit\/parfum-ambiance-feu-etincelant-75-ml-sans-alcool-%d9%85%d8%b9%d8%b7%d8%b1-%d8%ac%d9%88-%d8%b4%d8%b9%d9%84%d8%a9-%d9%86%d8%a7%d8%b1%d9%8a%d8%a9\/#breadcrumb","itemListElement":[{"@type":"ListItem","position":1,"name":"Accueil","item":"https:\/\/sella-industrie.com\/fr_fr\/"},{"@type":"ListItem","position":2,"name":"Shop","item":"https:\/\/sella-industrie.com\/fr_fr\/shop\/"},{"@type":"ListItem","position":3,"name":"Parfums d'ambiance SELLA 75 ml","item":"https:\/\/sella-industrie.com\/categorie-produit\/parfums-dambiance-sella-75-ml\/"},{"@type":"ListItem","position":4,"name":"Parfum d&rsquo;ambiance FEU \u00c9TINCELANT 75 ml"}]},{"@type":"WebSite","@id":"https:\/\/sella-industrie.com\/#website","url":"https:\/\/sella-industrie.com\/","name":"Boutique \"V6\"","description":"We care for your car","publisher":{"@id":"https:\/\/sella-industrie.com\/#organization"},"potentialAction":[{"@type":"SearchAction","target":{"@type":"EntryPoint","urlTemplate":"https:\/\/sella-industrie.com\/?s={search_term_string}"},"query-input":{"@type":"PropertyValueSpecification","valueRequired":true,"valueName":"search_term_string"}}],"inLanguage":"ar"},{"@type":"Organization","@id":"https:\/\/sella-industrie.com\/#organization","name":"Boutique \"V6\"","url":"https:\/\/sella-industrie.com\/","logo":{"@type":"ImageObject","inLanguage":"ar","@id":"https:\/\/sella-industrie.com\/#\/schema\/logo\/image\/","url":"https:\/\/sella-industrie.com\/wp-content\/uploads\/2024\/05\/LOGO-V6-PNG-1.png","contentUrl":"https:\/\/sella-industrie.com\/wp-content\/uploads\/2024\/05\/LOGO-V6-PNG-1.png","width":797,"height":517,"caption":"Boutique \"V6\""},"image":{"@id":"https:\/\/sella-industrie.com\/#\/schema\/logo\/image\/"},"sameAs":["https:\/\/www.facebook.com\/V6accessoiresauto?mibextid=wwXIfr&rdid=07l1PwXhFBuWBfmW&share_url=httpswww.facebook.comshare169W2vbvizmibextidwwXIfr#","https:\/\/www.tiktok.com\/@v6.accessoires.au","https:\/\/www.instagram.com\/v6_accessoires_auto?igsh=aXE2NjUwOG5xNnQz","https:\/\/www.youtube.com\/channel\/UCtkk-L1mBLEmRweenaR4s7w"]}]},"product_price_amount":"280","product_price_currency":"DZD","og_availability":"instock","product_availability":"instock","product_condition":"new"},"_links":{"self":[{"href":"https:\/\/sella-industrie.com\/ar\/wp-json\/wp\/v2\/product\/38243","targetHints":{"allow":["GET"]}}],"collection":[{"href":"https:\/\/sella-industrie.com\/ar\/wp-json\/wp\/v2\/product"}],"about":[{"href":"https:\/\/sella-industrie.com\/ar\/wp-json\/wp\/v2\/types\/product"}],"replies":[{"embeddable":true,"href":"https:\/\/sella-industrie.com\/ar\/wp-json\/wp\/v2\/comments?post=38243"}],"wp:featuredmedia":[{"embeddable":true,"href":"https:\/\/sella-industrie.com\/ar\/wp-json\/wp\/v2\/media\/38244"}],"wp:attachment":[{"href":"https:\/\/sella-industrie.com\/ar\/wp-json\/wp\/v2\/media?parent=38243"}],"wp:term":[{"taxonomy":"product_brand","embeddable":true,"href":"https:\/\/sella-industrie.com\/ar\/wp-json\/wp\/v2\/product_brand?post=38243"},{"taxonomy":"product_cat","embeddable":true,"href":"https:\/\/sella-industrie.com\/ar\/wp-json\/wp\/v2\/product_cat?post=38243"},{"taxonomy":"product_tag","embeddable":true,"href":"https:\/\/sella-industrie.com\/ar\/wp-json\/wp\/v2\/product_tag?post=38243"}],"curies":[{"name":"wp","href":"https:\/\/api.w.org\/{rel}","templated":true}]}}