{"id":38196,"date":"2026-04-08T14:22:47","date_gmt":"2026-04-08T14:22:47","guid":{"rendered":"https:\/\/sella-industrie.com\/?post_type=product&#038;p=38196"},"modified":"2026-04-08T15:39:47","modified_gmt":"2026-04-08T15:39:47","slug":"decontaminant-jantes-oxypro-v6-pro-nettoyant-jantes-puissant-750ml-%d9%85%d9%86%d8%b8%d9%81-%d8%a7%d8%b7%d8%a7%d8%b1%d8%a7%d8%aa-%d8%a7%d9%84%d8%b9%d8%ac%d9%84%d8%a7%d8%aa-%d8%a3%d9%88%d9%83%d8%b3","status":"publish","type":"product","link":"https:\/\/sella-industrie.com\/ar\/product\/decontaminant-jantes-oxypro-v6-pro-nettoyant-jantes-puissant-750ml-%d9%85%d9%86%d8%b8%d9%81-%d8%a7%d8%b7%d8%a7%d8%b1%d8%a7%d8%aa-%d8%a7%d9%84%d8%b9%d8%ac%d9%84%d8%a7%d8%aa-%d8%a3%d9%88%d9%83%d8%b3\/","title":{"rendered":"D\u00e9contaminant jantes OXYPRO"},"content":{"rendered":"<h2 style=\"text-align: center;\"><strong>D\u00e9contaminant jantes OXYPRO \u060c\u0645\u0646\u0638\u0641 \u0627\u0637\u0627\u0631\u0627\u062a \u200b\u200b\u0627\u0644\u0639\u062c\u0644\u0627\u062a \u0623\u0648\u0643\u0633\u064a\u0628\u0631\u0648<\/strong><\/h2>\n<p><strong>D\u00e9contaminant jantes OXYPRO<\/strong>, V6 PRO, 750 ml. Spray nettoyant jantes puissant qui p\u00e9n\u00e8tre les taches, dissout graisse et salet\u00e9s et redonne \u00e9clat et aspect neuf aux jantes automobiles. Nettoyant automobile haute efficacit\u00e9 con\u00e7u pour \u00e9liminer rapidement les salet\u00e9s incrust\u00e9es, la <a href=\"https:\/\/sella-industrie.com\/ar\/product\/easylux-nettoyant-automobile-v6-500-ml\/\">graisse<\/a>\u00a0et les d\u00e9p\u00f4ts routiers. Sa formule active p\u00e9n\u00e8tre en profondeur dans les taches pour restaurer l\u2019aspect d\u2019origine des jantes et leur redonner un\u00a0look propre, brillant et neuf. Sa capacit\u00e9 de p\u00e9n\u00e9tration rapide permet un nettoyage en\u00a0<a href=\"https:\/\/www.facebook.com\/V6accessoiresauto?mibextid=wwXIfr&amp;rdid=07l1PwXhFBuWBfmW&amp;share_url=https%3A%2F%2Fwww.facebook.com%2Fshare%2F169W2vbviz%2F%3Fmibextid%3DwwXIfr\" target=\"_blank\" rel=\"noopener\">profondeur<\/a>\u00a0sans effort excessif. Il se distingue par sa capacit\u00e9 \u00e0 p\u00e9n\u00e9trer rapidement les salissures incrust\u00e9es : Dissolution imm\u00e9diate des graisses, \u00e9limination des poussi\u00e8res de frein, suppression des d\u00e9p\u00f4ts routiers, nettoyage en profondeur des surfaces. Sa technologie avanc\u00e9e permet d\u2019obtenir un nettoyage complet m\u00eame sur des jantes tr\u00e8s encrass\u00e9es. Des jantes \u00e9clatantes d\u00e8s la premi\u00e8re application\u00a0: apr\u00e8s utilisation, vos jantes retrouvent : un aspect propre et net, brillance visible, finition proche du neuf. Le produit agit sans alt\u00e9rer les mat\u00e9riaux, ce qui le rend compatible avec la majorit\u00e9 des types de jantes. Nettoyant jantes ultra puissant, action rapide et efficace, \u00e9limine poussi\u00e8re de frein et graisses, r\u00e9sultat professionnel sans effort. C\u2019est le choix id\u00e9al pour tous ceux qui recherchent un nettoyant jantes voiture performant et fiable. Conseils d\u2019utilisation pour un r\u00e9sultat optimal\u00a0: Pulv\u00e9riser sur jantes froides, laisser agir quelques instants, frotter avec une brosse adapt\u00e9e si n\u00e9cessaire. Rincer abondamment \u00e0 l\u2019eau. Utilisez une brosse sp\u00e9ciale jantes pour atteindre les zones difficiles et maximiser l\u2019efficacit\u00e9.<\/p>\n<p style=\"text-align: right;\"><strong>\u0645\u0646\u0638\u0641 \u0627\u0637\u0627\u0631\u0627\u062a \u200b\u200b\u0627\u0644\u0639\u062c\u0644\u0627\u062a \u0623\u0648\u0643\u0633\u064a\u0628\u0631\u0648<\/strong>\u060c 750 \u0645\u0644\u060c \u0628\u062e\u0627\u062e \u062a\u0646\u0638\u064a\u0641 \u0625\u0637\u0627\u0631\u0627\u062a \u0627\u0644\u0639\u062c\u0644\u0627\u062a\u060c \u0642\u0648\u064a \u064a\u062e\u062a\u0631\u0642 \u0627\u0644\u0628\u0642\u0639\u060c \u0648\u064a\u0630\u064a\u0628 \u0627\u0644\u0634\u062d\u0648\u0645 \u0648\u0627\u0644\u0623\u0648\u0633\u0627\u062e\u060c \u0648\u064a\u0639\u064a\u062f \u0627\u0644\u0644\u0645\u0639\u0627\u0646 \u0648\u0627\u0644\u0645\u0638\u0647\u0631 \u0627\u0644\u062c\u062f\u064a\u062f \u0644\u0639\u062c\u0644\u0627\u062a \u0627\u0644\u0633\u064a\u0627\u0631\u0629. \u0645\u0646\u0638\u0641 \u0633\u064a\u0627\u0631\u0627\u062a \u0639\u0627\u0644\u064a \u0627\u0644\u0643\u0641\u0627\u0621\u0629 \u0645\u0635\u0645\u0645 \u0644\u0625\u0632\u0627\u0644\u0629 \u0627\u0644\u0623\u0648\u0633\u0627\u062e \u0627\u0644\u0645\u062a\u0631\u0627\u0643\u0645\u0629 \u0648\u0627\u0644\u0634\u062d\u0648\u0645 \u0648\u0623\u0648\u0633\u0627\u062e \u0627\u0644\u0637\u0631\u064a\u0642 \u0628\u0633\u0631\u0639\u0629. \u062a\u062e\u062a\u0631\u0642 \u062a\u0631\u0643\u064a\u0628\u062a\u0647 \u0627\u0644\u0641\u0639\u0627\u0644\u0629 \u0627\u0644\u0628\u0642\u0639 \u0628\u0639\u0645\u0642 \u0644\u0627\u0633\u062a\u0639\u0627\u062f\u0629 \u0627\u0644\u0645\u0638\u0647\u0631 \u0627\u0644\u0623\u0635\u0644\u064a \u0644\u0644\u0639\u062c\u0644\u0627\u062a\u060c \u0645\u0645\u0627 \u064a\u0645\u0646\u062d\u0647\u0627 \u0645\u0638\u0647\u0631\u064b\u0627 \u0646\u0638\u064a\u0641\u064b\u0627 \u0648\u0644\u0627\u0645\u0639\u064b\u0627 \u0648\u062c\u062f\u064a\u062f\u064b\u0627. \u064a\u062a\u064a\u062d \u0627\u062e\u062a\u0631\u0627\u0642\u0647 \u0627\u0644\u0633\u0631\u064a\u0639 \u062a\u0646\u0638\u064a\u0641\u064b\u0627 \u0639\u0645\u064a\u0642\u064b\u0627 \u062f\u0648\u0646 \u0628\u0630\u0644 \u062c\u0647\u062f \u0643\u0628\u064a\u0631. \u064a\u062a\u0645\u064a\u0632 \u0628\u0642\u062f\u0631\u062a\u0647 \u0639\u0644\u0649 \u0627\u062e\u062a\u0631\u0627\u0642 \u0627\u0644\u0623\u0648\u0633\u0627\u062e \u0627\u0644\u0645\u062a\u0631\u0627\u0643\u0645\u0629 \u0628\u0633\u0631\u0639\u0629: \u0625\u0630\u0627\u0628\u0629 \u0641\u0648\u0631\u064a\u0629 \u0644\u0644\u0634\u062d\u0648\u0645\u060c \u0648\u0625\u0632\u0627\u0644\u0629 \u063a\u0628\u0627\u0631 \u0627\u0644\u0641\u0631\u0627\u0645\u0644\u060c \u0648\u0627\u0644\u0642\u0636\u0627\u0621 \u0639\u0644\u0649 \u0623\u0648\u0633\u0627\u062e \u0627\u0644\u0637\u0631\u064a\u0642\u060c \u0648\u062a\u0646\u0638\u064a\u0641 \u0639\u0645\u064a\u0642 \u0644\u0644\u0623\u0633\u0637\u062d. \u062a\u0636\u0645\u0646 \u062a\u0642\u0646\u064a\u062a\u0647 \u0627\u0644\u0645\u062a\u0642\u062f\u0645\u0629 \u062a\u0646\u0638\u064a\u0641\u064b\u0627 \u0643\u0627\u0645\u0644\u0627\u064b\u060c \u062d\u062a\u0649 \u0639\u0644\u0649 \u0627\u0644\u0639\u062c\u0644\u0627\u062a \u0634\u062f\u064a\u062f\u0629 \u0627\u0644\u0627\u062a\u0633\u0627\u062e. \u0639\u062c\u0644\u0627\u062a \u0645\u062a\u0623\u0644\u0642\u0629 \u0645\u0646 \u0623\u0648\u0644 \u0627\u0633\u062a\u062e\u062f\u0627\u0645: \u0628\u0639\u062f \u0627\u0644\u0627\u0633\u062a\u062e\u062f\u0627\u0645\u060c \u062a\u0633\u062a\u0639\u064a\u062f \u0639\u062c\u0644\u0627\u062a\u0643 \u0645\u0638\u0647\u0631\u064b\u0627 \u0646\u0638\u064a\u0641\u064b\u0627 \u0648\u0644\u0627\u0645\u0639\u064b\u0627\u060c \u0648\u0644\u0645\u0633\u0629 \u0646\u0647\u0627\u0626\u064a\u0629 \u0634\u0628\u0647 \u062c\u062f\u064a\u062f\u0629. \u064a\u0639\u0645\u0644 \u0627\u0644\u0645\u0646\u062a\u062c \u062f\u0648\u0646 \u0625\u062a\u0644\u0627\u0641 \u0627\u0644\u0645\u0648\u0627\u062f\u060c \u0645\u0645\u0627 \u064a\u062c\u0639\u0644\u0647 \u0645\u062a\u0648\u0627\u0641\u0642\u064b\u0627 \u0645\u0639 \u0645\u0639\u0638\u0645 \u0623\u0646\u0648\u0627\u0639 \u0627\u0644\u062c\u0646\u0648\u0637. \u064a\u0648\u0641\u0631 \u0645\u0646\u0638\u0641 \u0627\u0644\u062c\u0646\u0648\u0637 \u0641\u0627\u0626\u0642 \u0627\u0644\u0642\u0648\u0629 \u0647\u0630\u0627 \u0639\u0645\u0644\u0627\u064b \u0633\u0631\u064a\u0639\u064b\u0627 \u0648\u0641\u0639\u0627\u0644\u064b\u0627\u060c \u062d\u064a\u062b \u064a\u0632\u064a\u0644 \u063a\u0628\u0627\u0631 \u0627\u0644\u0641\u0631\u0627\u0645\u0644 \u0648\u0627\u0644\u0634\u062d\u0648\u0645 \u0644\u0644\u062d\u0635\u0648\u0644 \u0639\u0644\u0649 \u0646\u062a\u0627\u0626\u062c \u0627\u062d\u062a\u0631\u0627\u0641\u064a\u0629 \u062f\u0648\u0646 \u0639\u0646\u0627\u0621. \u0625\u0646\u0647 \u0627\u0644\u062e\u064a\u0627\u0631 \u0627\u0644\u0623\u0645\u062b\u0644 \u0644\u0643\u0644 \u0645\u0646 \u064a\u0628\u062d\u062b \u0639\u0646 \u0645\u0646\u0638\u0641 \u062c\u0646\u0648\u0637 \u0633\u064a\u0627\u0631\u0627\u062a \u0639\u0627\u0644\u064a \u0627\u0644\u0623\u062f\u0627\u0621 \u0648\u0645\u0648\u062b\u0648\u0642. \u0637\u0631\u064a\u0642\u0629 \u0627\u0644\u0627\u0633\u062a\u062e\u062f\u0627\u0645 \u0644\u0644\u062d\u0635\u0648\u0644 \u0639\u0644\u0649 \u0623\u0641\u0636\u0644 \u0627\u0644\u0646\u062a\u0627\u0626\u062c: \u0631\u0634\u0647 \u0639\u0644\u0649 \u0627\u0644\u062c\u0646\u0648\u0637 \u0627\u0644\u0628\u0627\u0631\u062f\u0629\u060c \u0648\u0627\u062a\u0631\u0643\u0647 \u0644\u0628\u0636\u0639 \u0644\u062d\u0638\u0627\u062a\u060c \u062b\u0645 \u0627\u0641\u0631\u0643\u0647 \u0628\u0641\u0631\u0634\u0627\u0629 \u0645\u0646\u0627\u0633\u0628\u0629 \u0625\u0630\u0627 \u0644\u0632\u0645 \u0627\u0644\u0623\u0645\u0631. \u0627\u0634\u0637\u0641\u0647 \u062c\u064a\u062f\u064b\u0627 \u0628\u0627\u0644\u0645\u0627\u0621. \u0627\u0633\u062a\u062e\u062f\u0645 \u0641\u0631\u0634\u0627\u0629 \u062c\u0646\u0648\u0637 \u062e\u0627\u0635\u0629 \u0644\u0644\u0648\u0635\u0648\u0644 \u0625\u0644\u0649 \u0627\u0644\u0645\u0646\u0627\u0637\u0642 \u0627\u0644\u0635\u0639\u0628\u0629 \u0648\u0644\u0632\u064a\u0627\u062f\u0629 \u0627\u0644\u0641\u0639\u0627\u0644\u064a\u0629.<\/p>\n<p><iframe loading=\"lazy\" title=\"V6 PRO 750 ML\" width=\"500\" height=\"281\" src=\"https:\/\/www.youtube.com\/embed\/RIFZgKHKfmI?feature=oembed\" frameborder=\"0\" allow=\"accelerometer; autoplay; clipboard-write; encrypted-media; gyroscope; picture-in-picture; web-share\" referrerpolicy=\"strict-origin-when-cross-origin\" allowfullscreen><\/iframe><\/p>","protected":false},"excerpt":{"rendered":"<h1 style=\"text-align: center;\"><strong>\u0645\u0646\u0638\u0641 \u0627\u0637\u0627\u0631\u0627\u062a \u200b\u200b\u0627\u0644\u0639\u062c\u0644\u0627\u062a \u0623\u0648\u0643\u0633\u064a\u0628\u0631\u0648<\/strong><\/h1>\n<p><strong>D\u00e9contaminant jantes OXYPRO<\/strong>, V6 PRO, 750 ml. Spray nettoyant jantes puissant qui p\u00e9n\u00e8tre les taches, dissout graisse et salet\u00e9s et redonne \u00e9clat et aspect neuf aux jantes automobiles. Nettoyant automobile haute efficacit\u00e9 con\u00e7u pour \u00e9liminer rapidement les salet\u00e9s incrust\u00e9es, la\u00a0<a href=\"https:\/\/sella-industrie.com\/ar\/product\/easylux-nettoyant-automobile-v6-500-ml\/\">graisse<\/a>\u00a0et les d\u00e9p\u00f4ts routiers.<\/p>","protected":false},"featured_media":38197,"comment_status":"open","ping_status":"closed","template":"","meta":[],"product_brand":[292,293],"product_cat":[916],"product_tag":[],"class_list":{"0":"post-38196","1":"product","2":"type-product","3":"status-publish","4":"has-post-thumbnail","6":"product_brand-v6","7":"product_brand-sella","8":"product_cat-v6-pro-750-ml","10":"first","11":"instock","12":"taxable","13":"shipping-taxable","14":"purchasable","15":"product-type-simple"},"yoast_head":"<!-- This site is optimized with the Yoast SEO plugin v27.4 - https:\/\/yoast.com\/product\/yoast-seo-wordpress\/ -->\n<title>D\u00e9contaminant jantes OXYPRO - Boutique &quot;V6&quot;<\/title>\n<meta name=\"description\" content=\"D\u00e9contaminant jantes OXYPRO V6 PRO 750 ml : nettoyant puissant \u00e9liminant poussi\u00e8re de frein, graisse et salet\u00e9s. Jantes propres, brillantes et comme neuves.\" \/>\n<meta name=\"robots\" content=\"index, follow, max-snippet:-1, max-image-preview:large, max-video-preview:-1\" \/>\n<link rel=\"canonical\" href=\"https:\/\/sella-industrie.com\/ar\/product\/decontaminant-jantes-oxypro-v6-pro-nettoyant-jantes-puissant-750ml-\u0645\u0646\u0638\u0641-\u0627\u0637\u0627\u0631\u0627\u062a-\u0627\u0644\u0639\u062c\u0644\u0627\u062a-\u0623\u0648\u0643\u0633\/\" \/>\n<meta property=\"og:locale\" content=\"ar_AR\" \/>\n<meta property=\"og:type\" content=\"article\" \/>\n<meta property=\"og:title\" content=\"D\u00e9contaminant jantes OXYPRO - Boutique &quot;V6&quot;\" \/>\n<meta property=\"og:description\" content=\"D\u00e9contaminant jantes OXYPRO V6 PRO 750 ml : nettoyant puissant \u00e9liminant poussi\u00e8re de frein, graisse et salet\u00e9s. Jantes propres, brillantes et comme neuves.\" \/>\n<meta property=\"og:url\" content=\"https:\/\/sella-industrie.com\/ar\/product\/decontaminant-jantes-oxypro-v6-pro-nettoyant-jantes-puissant-750ml-\u0645\u0646\u0638\u0641-\u0627\u0637\u0627\u0631\u0627\u062a-\u0627\u0644\u0639\u062c\u0644\u0627\u062a-\u0623\u0648\u0643\u0633\/\" \/>\n<meta property=\"og:site_name\" content=\"Boutique &quot;V6&quot;\" \/>\n<meta property=\"article:modified_time\" content=\"2026-04-08T15:39:47+00:00\" \/>\n<meta property=\"og:image\" content=\"https:\/\/sella-industrie.com\/wp-content\/uploads\/2026\/04\/OXYPRO.webp\" \/>\n\t<meta property=\"og:image:width\" content=\"1000\" \/>\n\t<meta property=\"og:image:height\" content=\"1000\" \/>\n\t<meta property=\"og:image:type\" content=\"image\/webp\" \/>\n<meta name=\"twitter:card\" content=\"summary_large_image\" \/>\n<meta name=\"twitter:label1\" content=\"\u0627\u0644\u0633\u0639\u0631\" \/>\n\t<meta name=\"twitter:data1\" content=\"&#x62f;.&#x62c;&nbsp;800\" \/>\n\t<meta name=\"twitter:label2\" content=\"\u0627\u0644\u062a\u0648\u0641\u0631\" \/>\n\t<meta name=\"twitter:data2\" content=\"\u0645\u062a\u0648\u0641\u0631 \u0641\u064a \u0627\u0644\u0645\u062e\u0632\u0648\u0646\" \/>\n<script type=\"application\/ld+json\" class=\"yoast-schema-graph\">{\"@context\":\"https:\\\/\\\/schema.org\",\"@graph\":[{\"@type\":\"WebPage\",\"@id\":\"https:\\\/\\\/sella-industrie.com\\\/produit\\\/decontaminant-jantes-oxypro-v6-pro-nettoyant-jantes-puissant-750ml-%d9%85%d9%86%d8%b8%d9%81-%d8%a7%d8%b7%d8%a7%d8%b1%d8%a7%d8%aa-%d8%a7%d9%84%d8%b9%d8%ac%d9%84%d8%a7%d8%aa-%d8%a3%d9%88%d9%83%d8%b3\\\/\",\"url\":\"https:\\\/\\\/sella-industrie.com\\\/produit\\\/decontaminant-jantes-oxypro-v6-pro-nettoyant-jantes-puissant-750ml-%d9%85%d9%86%d8%b8%d9%81-%d8%a7%d8%b7%d8%a7%d8%b1%d8%a7%d8%aa-%d8%a7%d9%84%d8%b9%d8%ac%d9%84%d8%a7%d8%aa-%d8%a3%d9%88%d9%83%d8%b3\\\/\",\"name\":\"D\u00e9contaminant jantes OXYPRO - Boutique &quot;V6&quot;\",\"isPartOf\":{\"@id\":\"https:\\\/\\\/sella-industrie.com\\\/#website\"},\"primaryImageOfPage\":{\"@id\":\"https:\\\/\\\/sella-industrie.com\\\/produit\\\/decontaminant-jantes-oxypro-v6-pro-nettoyant-jantes-puissant-750ml-%d9%85%d9%86%d8%b8%d9%81-%d8%a7%d8%b7%d8%a7%d8%b1%d8%a7%d8%aa-%d8%a7%d9%84%d8%b9%d8%ac%d9%84%d8%a7%d8%aa-%d8%a3%d9%88%d9%83%d8%b3\\\/#primaryimage\"},\"image\":{\"@id\":\"https:\\\/\\\/sella-industrie.com\\\/produit\\\/decontaminant-jantes-oxypro-v6-pro-nettoyant-jantes-puissant-750ml-%d9%85%d9%86%d8%b8%d9%81-%d8%a7%d8%b7%d8%a7%d8%b1%d8%a7%d8%aa-%d8%a7%d9%84%d8%b9%d8%ac%d9%84%d8%a7%d8%aa-%d8%a3%d9%88%d9%83%d8%b3\\\/#primaryimage\"},\"thumbnailUrl\":\"https:\\\/\\\/sella-industrie.com\\\/wp-content\\\/uploads\\\/2026\\\/04\\\/OXYPRO.webp\",\"datePublished\":\"2026-04-08T14:22:47+00:00\",\"dateModified\":\"2026-04-08T15:39:47+00:00\",\"description\":\"D\u00e9contaminant jantes OXYPRO V6 PRO 750 ml : nettoyant puissant \u00e9liminant poussi\u00e8re de frein, graisse et salet\u00e9s. Jantes propres, brillantes et comme neuves.\",\"breadcrumb\":{\"@id\":\"https:\\\/\\\/sella-industrie.com\\\/produit\\\/decontaminant-jantes-oxypro-v6-pro-nettoyant-jantes-puissant-750ml-%d9%85%d9%86%d8%b8%d9%81-%d8%a7%d8%b7%d8%a7%d8%b1%d8%a7%d8%aa-%d8%a7%d9%84%d8%b9%d8%ac%d9%84%d8%a7%d8%aa-%d8%a3%d9%88%d9%83%d8%b3\\\/#breadcrumb\"},\"inLanguage\":\"ar\",\"potentialAction\":[{\"@type\":\"ReadAction\",\"target\":[\"https:\\\/\\\/sella-industrie.com\\\/produit\\\/decontaminant-jantes-oxypro-v6-pro-nettoyant-jantes-puissant-750ml-%d9%85%d9%86%d8%b8%d9%81-%d8%a7%d8%b7%d8%a7%d8%b1%d8%a7%d8%aa-%d8%a7%d9%84%d8%b9%d8%ac%d9%84%d8%a7%d8%aa-%d8%a3%d9%88%d9%83%d8%b3\\\/\"]}]},{\"@type\":\"ImageObject\",\"inLanguage\":\"ar\",\"@id\":\"https:\\\/\\\/sella-industrie.com\\\/produit\\\/decontaminant-jantes-oxypro-v6-pro-nettoyant-jantes-puissant-750ml-%d9%85%d9%86%d8%b8%d9%81-%d8%a7%d8%b7%d8%a7%d8%b1%d8%a7%d8%aa-%d8%a7%d9%84%d8%b9%d8%ac%d9%84%d8%a7%d8%aa-%d8%a3%d9%88%d9%83%d8%b3\\\/#primaryimage\",\"url\":\"https:\\\/\\\/sella-industrie.com\\\/wp-content\\\/uploads\\\/2026\\\/04\\\/OXYPRO.webp\",\"contentUrl\":\"https:\\\/\\\/sella-industrie.com\\\/wp-content\\\/uploads\\\/2026\\\/04\\\/OXYPRO.webp\",\"width\":1000,\"height\":1000,\"caption\":\"D\u00e9contaminant jantes OXYPRO\"},{\"@type\":\"BreadcrumbList\",\"@id\":\"https:\\\/\\\/sella-industrie.com\\\/produit\\\/decontaminant-jantes-oxypro-v6-pro-nettoyant-jantes-puissant-750ml-%d9%85%d9%86%d8%b8%d9%81-%d8%a7%d8%b7%d8%a7%d8%b1%d8%a7%d8%aa-%d8%a7%d9%84%d8%b9%d8%ac%d9%84%d8%a7%d8%aa-%d8%a3%d9%88%d9%83%d8%b3\\\/#breadcrumb\",\"itemListElement\":[{\"@type\":\"ListItem\",\"position\":1,\"name\":\"Accueil\",\"item\":\"https:\\\/\\\/sella-industrie.com\\\/fr_fr\\\/\"},{\"@type\":\"ListItem\",\"position\":2,\"name\":\"Shop\",\"item\":\"https:\\\/\\\/sella-industrie.com\\\/fr_fr\\\/shop\\\/\"},{\"@type\":\"ListItem\",\"position\":3,\"name\":\"V6 PRO 750 ML\",\"item\":\"https:\\\/\\\/sella-industrie.com\\\/categorie-produit\\\/v6-pro-750-ml\\\/\"},{\"@type\":\"ListItem\",\"position\":4,\"name\":\"D\u00e9contaminant jantes OXYPRO\"}]},{\"@type\":\"WebSite\",\"@id\":\"https:\\\/\\\/sella-industrie.com\\\/#website\",\"url\":\"https:\\\/\\\/sella-industrie.com\\\/\",\"name\":\"Boutique &quot;V6&quot;\",\"description\":\"We care for your car\",\"publisher\":{\"@id\":\"https:\\\/\\\/sella-industrie.com\\\/#organization\"},\"potentialAction\":[{\"@type\":\"SearchAction\",\"target\":{\"@type\":\"EntryPoint\",\"urlTemplate\":\"https:\\\/\\\/sella-industrie.com\\\/?s={search_term_string}\"},\"query-input\":{\"@type\":\"PropertyValueSpecification\",\"valueRequired\":true,\"valueName\":\"search_term_string\"}}],\"inLanguage\":\"ar\"},{\"@type\":\"Organization\",\"@id\":\"https:\\\/\\\/sella-industrie.com\\\/#organization\",\"name\":\"Boutique &quot;V6&quot;\",\"url\":\"https:\\\/\\\/sella-industrie.com\\\/\",\"logo\":{\"@type\":\"ImageObject\",\"inLanguage\":\"ar\",\"@id\":\"https:\\\/\\\/sella-industrie.com\\\/#\\\/schema\\\/logo\\\/image\\\/\",\"url\":\"\",\"contentUrl\":\"\",\"caption\":\"Boutique &quot;V6&quot;\"},\"image\":{\"@id\":\"https:\\\/\\\/sella-industrie.com\\\/#\\\/schema\\\/logo\\\/image\\\/\"}}]}<\/script>\n<meta property=\"product:price:amount\" content=\"800\" \/>\n<meta property=\"product:price:currency\" content=\"DZD\" \/>\n<meta property=\"og:availability\" content=\"instock\" \/>\n<meta property=\"product:availability\" content=\"instock\" \/>\n<meta property=\"product:condition\" content=\"new\" \/>\n<!-- \/ Yoast SEO plugin. -->","yoast_head_json":{"title":"D\u00e9contaminant jantes OXYPRO - Boutique &quot;V6&quot;","description":"D\u00e9contaminant jantes OXYPRO V6 PRO 750 ml : nettoyant puissant \u00e9liminant poussi\u00e8re de frein, graisse et salet\u00e9s. Jantes propres, brillantes et comme neuves.","robots":{"index":"index","follow":"follow","max-snippet":"max-snippet:-1","max-image-preview":"max-image-preview:large","max-video-preview":"max-video-preview:-1"},"canonical":"https:\/\/sella-industrie.com\/ar\/product\/decontaminant-jantes-oxypro-v6-pro-nettoyant-jantes-puissant-750ml-\u0645\u0646\u0638\u0641-\u0627\u0637\u0627\u0631\u0627\u062a-\u0627\u0644\u0639\u062c\u0644\u0627\u062a-\u0623\u0648\u0643\u0633\/","og_locale":"ar_AR","og_type":"article","og_title":"D\u00e9contaminant jantes OXYPRO - Boutique &quot;V6&quot;","og_description":"D\u00e9contaminant jantes OXYPRO V6 PRO 750 ml : nettoyant puissant \u00e9liminant poussi\u00e8re de frein, graisse et salet\u00e9s. Jantes propres, brillantes et comme neuves.","og_url":"https:\/\/sella-industrie.com\/ar\/product\/decontaminant-jantes-oxypro-v6-pro-nettoyant-jantes-puissant-750ml-\u0645\u0646\u0638\u0641-\u0627\u0637\u0627\u0631\u0627\u062a-\u0627\u0644\u0639\u062c\u0644\u0627\u062a-\u0623\u0648\u0643\u0633\/","og_site_name":"Boutique &quot;V6&quot;","article_modified_time":"2026-04-08T15:39:47+00:00","og_image":[{"width":1000,"height":1000,"url":"https:\/\/sella-industrie.com\/wp-content\/uploads\/2026\/04\/OXYPRO.webp","type":"image\/webp"}],"twitter_card":"summary_large_image","twitter_misc":{"\u0627\u0644\u0633\u0639\u0631":"&#x62f;.&#x62c;&nbsp;800","\u0627\u0644\u062a\u0648\u0641\u0631":"\u0645\u062a\u0648\u0641\u0631 \u0641\u064a \u0627\u0644\u0645\u062e\u0632\u0648\u0646"},"schema":{"@context":"https:\/\/schema.org","@graph":[{"@type":"WebPage","@id":"https:\/\/sella-industrie.com\/produit\/decontaminant-jantes-oxypro-v6-pro-nettoyant-jantes-puissant-750ml-%d9%85%d9%86%d8%b8%d9%81-%d8%a7%d8%b7%d8%a7%d8%b1%d8%a7%d8%aa-%d8%a7%d9%84%d8%b9%d8%ac%d9%84%d8%a7%d8%aa-%d8%a3%d9%88%d9%83%d8%b3\/","url":"https:\/\/sella-industrie.com\/produit\/decontaminant-jantes-oxypro-v6-pro-nettoyant-jantes-puissant-750ml-%d9%85%d9%86%d8%b8%d9%81-%d8%a7%d8%b7%d8%a7%d8%b1%d8%a7%d8%aa-%d8%a7%d9%84%d8%b9%d8%ac%d9%84%d8%a7%d8%aa-%d8%a3%d9%88%d9%83%d8%b3\/","name":"D\u00e9contaminant jantes OXYPRO - Boutique &quot;V6&quot;","isPartOf":{"@id":"https:\/\/sella-industrie.com\/#website"},"primaryImageOfPage":{"@id":"https:\/\/sella-industrie.com\/produit\/decontaminant-jantes-oxypro-v6-pro-nettoyant-jantes-puissant-750ml-%d9%85%d9%86%d8%b8%d9%81-%d8%a7%d8%b7%d8%a7%d8%b1%d8%a7%d8%aa-%d8%a7%d9%84%d8%b9%d8%ac%d9%84%d8%a7%d8%aa-%d8%a3%d9%88%d9%83%d8%b3\/#primaryimage"},"image":{"@id":"https:\/\/sella-industrie.com\/produit\/decontaminant-jantes-oxypro-v6-pro-nettoyant-jantes-puissant-750ml-%d9%85%d9%86%d8%b8%d9%81-%d8%a7%d8%b7%d8%a7%d8%b1%d8%a7%d8%aa-%d8%a7%d9%84%d8%b9%d8%ac%d9%84%d8%a7%d8%aa-%d8%a3%d9%88%d9%83%d8%b3\/#primaryimage"},"thumbnailUrl":"https:\/\/sella-industrie.com\/wp-content\/uploads\/2026\/04\/OXYPRO.webp","datePublished":"2026-04-08T14:22:47+00:00","dateModified":"2026-04-08T15:39:47+00:00","description":"D\u00e9contaminant jantes OXYPRO V6 PRO 750 ml : nettoyant puissant \u00e9liminant poussi\u00e8re de frein, graisse et salet\u00e9s. Jantes propres, brillantes et comme neuves.","breadcrumb":{"@id":"https:\/\/sella-industrie.com\/produit\/decontaminant-jantes-oxypro-v6-pro-nettoyant-jantes-puissant-750ml-%d9%85%d9%86%d8%b8%d9%81-%d8%a7%d8%b7%d8%a7%d8%b1%d8%a7%d8%aa-%d8%a7%d9%84%d8%b9%d8%ac%d9%84%d8%a7%d8%aa-%d8%a3%d9%88%d9%83%d8%b3\/#breadcrumb"},"inLanguage":"ar","potentialAction":[{"@type":"ReadAction","target":["https:\/\/sella-industrie.com\/produit\/decontaminant-jantes-oxypro-v6-pro-nettoyant-jantes-puissant-750ml-%d9%85%d9%86%d8%b8%d9%81-%d8%a7%d8%b7%d8%a7%d8%b1%d8%a7%d8%aa-%d8%a7%d9%84%d8%b9%d8%ac%d9%84%d8%a7%d8%aa-%d8%a3%d9%88%d9%83%d8%b3\/"]}]},{"@type":"ImageObject","inLanguage":"ar","@id":"https:\/\/sella-industrie.com\/produit\/decontaminant-jantes-oxypro-v6-pro-nettoyant-jantes-puissant-750ml-%d9%85%d9%86%d8%b8%d9%81-%d8%a7%d8%b7%d8%a7%d8%b1%d8%a7%d8%aa-%d8%a7%d9%84%d8%b9%d8%ac%d9%84%d8%a7%d8%aa-%d8%a3%d9%88%d9%83%d8%b3\/#primaryimage","url":"https:\/\/sella-industrie.com\/wp-content\/uploads\/2026\/04\/OXYPRO.webp","contentUrl":"https:\/\/sella-industrie.com\/wp-content\/uploads\/2026\/04\/OXYPRO.webp","width":1000,"height":1000,"caption":"D\u00e9contaminant jantes OXYPRO"},{"@type":"BreadcrumbList","@id":"https:\/\/sella-industrie.com\/produit\/decontaminant-jantes-oxypro-v6-pro-nettoyant-jantes-puissant-750ml-%d9%85%d9%86%d8%b8%d9%81-%d8%a7%d8%b7%d8%a7%d8%b1%d8%a7%d8%aa-%d8%a7%d9%84%d8%b9%d8%ac%d9%84%d8%a7%d8%aa-%d8%a3%d9%88%d9%83%d8%b3\/#breadcrumb","itemListElement":[{"@type":"ListItem","position":1,"name":"Accueil","item":"https:\/\/sella-industrie.com\/fr_fr\/"},{"@type":"ListItem","position":2,"name":"Shop","item":"https:\/\/sella-industrie.com\/fr_fr\/shop\/"},{"@type":"ListItem","position":3,"name":"V6 PRO 750 ML","item":"https:\/\/sella-industrie.com\/categorie-produit\/v6-pro-750-ml\/"},{"@type":"ListItem","position":4,"name":"D\u00e9contaminant jantes OXYPRO"}]},{"@type":"WebSite","@id":"https:\/\/sella-industrie.com\/#website","url":"https:\/\/sella-industrie.com\/","name":"Boutique &quot;V6&quot;","description":"We care for your car","publisher":{"@id":"https:\/\/sella-industrie.com\/#organization"},"potentialAction":[{"@type":"SearchAction","target":{"@type":"EntryPoint","urlTemplate":"https:\/\/sella-industrie.com\/?s={search_term_string}"},"query-input":{"@type":"PropertyValueSpecification","valueRequired":true,"valueName":"search_term_string"}}],"inLanguage":"ar"},{"@type":"Organization","@id":"https:\/\/sella-industrie.com\/#organization","name":"Boutique &quot;V6&quot;","url":"https:\/\/sella-industrie.com\/","logo":{"@type":"ImageObject","inLanguage":"ar","@id":"https:\/\/sella-industrie.com\/#\/schema\/logo\/image\/","url":"","contentUrl":"","caption":"Boutique &quot;V6&quot;"},"image":{"@id":"https:\/\/sella-industrie.com\/#\/schema\/logo\/image\/"}}]},"product_price_amount":"800","product_price_currency":"DZD","og_availability":"instock","product_availability":"instock","product_condition":"new"},"_links":{"self":[{"href":"https:\/\/sella-industrie.com\/ar\/wp-json\/wp\/v2\/product\/38196","targetHints":{"allow":["GET"]}}],"collection":[{"href":"https:\/\/sella-industrie.com\/ar\/wp-json\/wp\/v2\/product"}],"about":[{"href":"https:\/\/sella-industrie.com\/ar\/wp-json\/wp\/v2\/types\/product"}],"replies":[{"embeddable":true,"href":"https:\/\/sella-industrie.com\/ar\/wp-json\/wp\/v2\/comments?post=38196"}],"wp:featuredmedia":[{"embeddable":true,"href":"https:\/\/sella-industrie.com\/ar\/wp-json\/wp\/v2\/media\/38197"}],"wp:attachment":[{"href":"https:\/\/sella-industrie.com\/ar\/wp-json\/wp\/v2\/media?parent=38196"}],"wp:term":[{"taxonomy":"product_brand","embeddable":true,"href":"https:\/\/sella-industrie.com\/ar\/wp-json\/wp\/v2\/product_brand?post=38196"},{"taxonomy":"product_cat","embeddable":true,"href":"https:\/\/sella-industrie.com\/ar\/wp-json\/wp\/v2\/product_cat?post=38196"},{"taxonomy":"product_tag","embeddable":true,"href":"https:\/\/sella-industrie.com\/ar\/wp-json\/wp\/v2\/product_tag?post=38196"}],"curies":[{"name":"wp","href":"https:\/\/api.w.org\/{rel}","templated":true}]}}