{"id":38179,"date":"2026-04-08T13:50:55","date_gmt":"2026-04-08T13:50:55","guid":{"rendered":"https:\/\/sella-industrie.com\/?post_type=product&#038;p=38179"},"modified":"2026-04-08T15:39:02","modified_gmt":"2026-04-08T15:39:02","slug":"nettoyant-voiture-cleaning-v6-pro-750ml-spray-5-en-1-%d9%85%d9%86%d8%b8%d9%81-%d8%a7%d9%84%d8%b3%d9%8a%d8%a7%d8%b1%d8%a7%d8%aa-%d9%83%d9%84%d9%8a%d9%86%d9%8a%d9%86","status":"publish","type":"product","link":"https:\/\/sella-industrie.com\/ar\/product\/nettoyant-voiture-cleaning-v6-pro-750ml-spray-5-en-1-%d9%85%d9%86%d8%b8%d9%81-%d8%a7%d9%84%d8%b3%d9%8a%d8%a7%d8%b1%d8%a7%d8%aa-%d9%83%d9%84%d9%8a%d9%86%d9%8a%d9%86\/","title":{"rendered":"Nettoyant voiture CLEANING"},"content":{"rendered":"<h2 style=\"text-align: center;\">Nettoyant voiture CLEANING <strong>\u060c\u0645\u0646\u0638\u0641 \u200b\u200b\u0627\u0644\u0633\u064a\u0627\u0631\u0627\u062a \u0643\u0644\u064a\u0646\u064a\u0646<\/strong><\/h2>\n<p style=\"text-align: left;\"><strong>Nettoyant voiture CLEANING<\/strong>, V6 PRO, 750 ml, Spray polyvalent et puissant 5 en 1<strong>,\u00a0<\/strong>offre cinq fonctions essentielles regroup\u00e9es dans un seul produit offrant un gain de temps consid\u00e9rable et des r\u00e9sultats impeccables pour un entretien automobile complet. Film protecteur haute performance : apr\u00e8s application, le produit d\u00e9pose un film protecteur invisible qui : prot\u00e8ge contre la poussi\u00e8re et la salet\u00e9, limite l\u2019adh\u00e9rence des graisses, facilite les futurs nettoyages. R\u00e9sultat : <a href=\"https:\/\/www.tiktok.com\/@v6.accessoires.au\" target=\"_blank\" rel=\"noopener\">votre v\u00e9hicule reste propre plus longtemps<\/a>. Nettoyant carrosserie sans compromis : ce nettoyant \u00e9limine efficacement : traces de pollution, poussi\u00e8res, salissures quotidiennes. Il redonne \u00e0 la carrosserie son \u00e9clat d\u2019origine sans ab\u00eemer la peinture, m\u00eame sur les finitions d\u00e9licates. Nettoyant jantes puissant : les jantes sont parmi les zones les plus expos\u00e9es. <a href=\"https:\/\/sella-industrie.com\/ar\/product\/x-engine-nettoyant-moteurs-v6-500-ml\/\">Nettoyant moteur efficace<\/a> : sa formule agit en profondeur pour : dissoudre les graisses, \u00e9liminer les r\u00e9sidus d\u2019huile, nettoyer sans agresser les composants. Id\u00e9al pour un compartiment moteur propre et entretenu. Il dissout les poussi\u00e8res de frein, \u00e9limine la boue et les d\u00e9p\u00f4ts tenaces, restaure la brillance. Un r\u00e9sultat propre et net, sans effort excessif.<\/p>\n<p style=\"text-align: right;\"><strong>\u0645\u0646\u0638\u0641 \u200b\u200b\u0627\u0644\u0633\u064a\u0627\u0631\u0627\u062a \u0643\u0644\u064a\u0646\u064a\u0646<\/strong>\u060c \u0633\u0639\u0629 750 \u0645\u0644\u060c \u0628\u062e\u0627\u062e \u0642\u0648\u064a \u0648\u0645\u062a\u0639\u062f\u062f \u0627\u0644\u0627\u0633\u062a\u062e\u062f\u0627\u0645\u0627\u062a 5 \u0641\u064a 1\u060c \u064a\u0648\u0641\u0631 \u062e\u0645\u0633 \u0648\u0638\u0627\u0626\u0641 \u0623\u0633\u0627\u0633\u064a\u0629 \u0641\u064a \u0645\u0646\u062a\u062c \u0648\u0627\u062d\u062f\u060c \u0645\u0645\u0627 \u064a\u0648\u0641\u0631 \u0648\u0642\u062a\u064b\u0627 \u062b\u0645\u064a\u0646\u064b\u0627 \u0648\u064a\u0645\u0646\u062d\u0643 \u0646\u062a\u0627\u0626\u062c \u0645\u062b\u0627\u0644\u064a\u0629 \u0644\u0644\u0639\u0646\u0627\u064a\u0629 \u0627\u0644\u0643\u0627\u0645\u0644\u0629 \u0628\u0633\u064a\u0627\u0631\u062a\u0643. \u0637\u0628\u0642\u0629 \u062d\u0645\u0627\u064a\u0629 \u0639\u0627\u0644\u064a\u0629 \u0627\u0644\u0623\u062f\u0627\u0621: \u0628\u0639\u062f \u0627\u0644\u0627\u0633\u062a\u062e\u062f\u0627\u0645\u060c \u064a\u062a\u0631\u0643 \u0627\u0644\u0645\u0646\u062a\u062c \u0637\u0628\u0642\u0629 \u062d\u0645\u0627\u064a\u0629 \u063a\u064a\u0631 \u0645\u0631\u0626\u064a\u0629 \u062a\u062d\u0645\u064a \u0645\u0646 \u0627\u0644\u063a\u0628\u0627\u0631 \u0648\u0627\u0644\u0623\u0648\u0633\u0627\u062e\u060c \u0648\u062a\u062d\u062f \u0645\u0646 \u062a\u0631\u0627\u0643\u0645 \u0627\u0644\u0634\u062d\u0648\u0645\u060c \u0648\u062a\u0633\u0647\u0644 \u0627\u0644\u062a\u0646\u0638\u064a\u0641 \u0641\u064a \u0627\u0644\u0645\u0633\u062a\u0642\u0628\u0644. \u0648\u0627\u0644\u0646\u062a\u064a\u062c\u0629: \u0633\u064a\u0627\u0631\u062a\u0643 \u062a\u0628\u0642\u0649 \u0646\u0638\u064a\u0641\u0629 \u0644\u0641\u062a\u0631\u0629 \u0623\u0637\u0648\u0644. \u0645\u0646\u0638\u0641 \u0647\u064a\u0643\u0644 \u0627\u0644\u0633\u064a\u0627\u0631\u0629 \u0627\u0644\u0641\u0639\u0627\u0644: \u064a\u0632\u064a\u0644 \u0647\u0630\u0627 \u0627\u0644\u0645\u0646\u0638\u0641 \u0628\u0641\u0639\u0627\u0644\u064a\u0629 \u0622\u062b\u0627\u0631 \u0627\u0644\u062a\u0644\u0648\u062b \u0648\u0627\u0644\u063a\u0628\u0627\u0631 \u0648\u0627\u0644\u0623\u0648\u0633\u0627\u062e \u0627\u0644\u064a\u0648\u0645\u064a\u0629. \u0643\u0645\u0627 \u064a\u0639\u064a\u062f \u0627\u0644\u0644\u0645\u0639\u0627\u0646 \u0627\u0644\u0623\u0635\u0644\u064a \u0644\u0647\u064a\u0643\u0644 \u0627\u0644\u0633\u064a\u0627\u0631\u0629 \u062f\u0648\u0646 \u0627\u0644\u0625\u0636\u0631\u0627\u0631 \u0628\u0627\u0644\u0637\u0644\u0627\u0621\u060c \u062d\u062a\u0649 \u0639\u0644\u0649 \u0627\u0644\u0623\u0633\u0637\u062d \u0627\u0644\u062d\u0633\u0627\u0633\u0629. \u0645\u0646\u0638\u0641 \u0642\u0648\u064a \u0644\u0644\u0645\u062d\u0631\u0643\u0627\u062a \u0648\u0627\u0644\u0627\u0637\u0627\u0631\u0627\u062a \u0627\u0644\u062d\u062f\u064a\u062f\u064a\u0629 \u0644\u0644\u0639\u062c\u0644\u0627\u062a: \u062a\u064f\u0639\u062f \u0627\u0644\u062c\u0646\u0637 \u0645\u0646 \u0623\u0643\u062b\u0631 \u0627\u0644\u0645\u0646\u0627\u0637\u0642 \u062a\u0639\u0631\u0636\u064b\u0627 \u0644\u0644\u0639\u0648\u0627\u0645\u0644 \u0627\u0644\u062e\u0627\u0631\u062c\u064a\u0629. \u064a\u0639\u0645\u0644 \u0628\u062e\u0627\u062e \u0643\u0644\u064a\u0646\u064a\u0646 \u0639\u0644\u0649 \u0625\u0630\u0627\u0628\u0629 \u063a\u0628\u0627\u0631 \u0627\u0644\u0641\u0631\u0627\u0645\u0644\u060c \u0648\u0625\u0632\u0627\u0644\u0629 \u0627\u0644\u0637\u064a\u0646 \u0648\u0627\u0644\u0631\u0648\u0627\u0633\u0628 \u0627\u0644\u0639\u0646\u064a\u062f\u0629\u060c \u0648\u0627\u0633\u062a\u0639\u0627\u062f\u0629 \u0627\u0644\u0644\u0645\u0639\u0627\u0646. \u0646\u062a\u064a\u062c\u0629 \u0646\u0638\u064a\u0641\u0629 \u0648\u0645\u0646\u0639\u0634\u0629\u060c \u062f\u0648\u0646 \u0628\u0630\u0644 \u062c\u0647\u062f \u0643\u0628\u064a\u0631.<\/p>\n<p><iframe loading=\"lazy\" title=\"V6 PRO 750 ML\" width=\"500\" height=\"281\" src=\"https:\/\/www.youtube.com\/embed\/RIFZgKHKfmI?feature=oembed\" frameborder=\"0\" allow=\"accelerometer; autoplay; clipboard-write; encrypted-media; gyroscope; picture-in-picture; web-share\" referrerpolicy=\"strict-origin-when-cross-origin\" allowfullscreen><\/iframe><\/p>","protected":false},"excerpt":{"rendered":"<h1 style=\"text-align: center;\"><strong>\u0645\u0646\u0638\u0641 \u200b\u200b\u0627\u0644\u0633\u064a\u0627\u0631\u0627\u062a \u0643\u0644\u064a\u0646\u064a\u0646<\/strong><\/h1>\n<p><strong>Nettoyant voiture CLEANING<\/strong>, V6 PRO, 750 ml, Spray polyvalent et puissant 5 en 1<strong>,\u00a0<\/strong>offre cinq fonctions essentielles regroup\u00e9es dans un seul produit offrant un gain de temps consid\u00e9rable et des r\u00e9sultats impeccables pour un entretien automobile complet.<\/p>","protected":false},"featured_media":38180,"comment_status":"open","ping_status":"closed","template":"","meta":[],"product_brand":[292,293],"product_cat":[916],"product_tag":[],"class_list":{"0":"post-38179","1":"product","2":"type-product","3":"status-publish","4":"has-post-thumbnail","6":"product_brand-v6","7":"product_brand-sella","8":"product_cat-v6-pro-750-ml","10":"first","11":"instock","12":"taxable","13":"shipping-taxable","14":"purchasable","15":"product-type-simple"},"yoast_head":"<!-- This site is optimized with the Yoast SEO plugin v27.4 - https:\/\/yoast.com\/product\/yoast-seo-wordpress\/ -->\n<title>Nettoyant voiture CLEANING - Boutique &quot;V6&quot;<\/title>\n<meta name=\"description\" content=\"CLEANING V6 PRO 750 ml : spray 5 en 1 puissant pour carrosserie, jantes, moteur et caoutchouc. Nettoie, prot\u00e8ge et fait briller en un seul geste.\" \/>\n<meta name=\"robots\" content=\"index, follow, max-snippet:-1, max-image-preview:large, max-video-preview:-1\" \/>\n<link rel=\"canonical\" href=\"https:\/\/sella-industrie.com\/ar\/product\/nettoyant-voiture-cleaning-v6-pro-750ml-spray-5-en-1-\u0645\u0646\u0638\u0641-\u0627\u0644\u0633\u064a\u0627\u0631\u0627\u062a-\u0643\u0644\u064a\u0646\u064a\u0646\/\" \/>\n<meta property=\"og:locale\" content=\"ar_AR\" \/>\n<meta property=\"og:type\" content=\"article\" \/>\n<meta property=\"og:title\" content=\"Nettoyant voiture CLEANING - Boutique &quot;V6&quot;\" \/>\n<meta property=\"og:description\" content=\"CLEANING V6 PRO 750 ml : spray 5 en 1 puissant pour carrosserie, jantes, moteur et caoutchouc. Nettoie, prot\u00e8ge et fait briller en un seul geste.\" \/>\n<meta property=\"og:url\" content=\"https:\/\/sella-industrie.com\/ar\/product\/nettoyant-voiture-cleaning-v6-pro-750ml-spray-5-en-1-\u0645\u0646\u0638\u0641-\u0627\u0644\u0633\u064a\u0627\u0631\u0627\u062a-\u0643\u0644\u064a\u0646\u064a\u0646\/\" \/>\n<meta property=\"og:site_name\" content=\"Boutique &quot;V6&quot;\" \/>\n<meta property=\"article:modified_time\" content=\"2026-04-08T15:39:02+00:00\" \/>\n<meta property=\"og:image\" content=\"https:\/\/sella-industrie.com\/wp-content\/uploads\/2026\/04\/CLEANING.webp\" \/>\n\t<meta property=\"og:image:width\" content=\"1000\" \/>\n\t<meta property=\"og:image:height\" content=\"1000\" \/>\n\t<meta property=\"og:image:type\" content=\"image\/webp\" \/>\n<meta name=\"twitter:card\" content=\"summary_large_image\" \/>\n<meta name=\"twitter:label1\" content=\"\u0627\u0644\u0633\u0639\u0631\" \/>\n\t<meta name=\"twitter:data1\" content=\"&#x62f;.&#x62c;&nbsp;700\" \/>\n\t<meta name=\"twitter:label2\" content=\"\u0627\u0644\u062a\u0648\u0641\u0631\" \/>\n\t<meta name=\"twitter:data2\" content=\"\u0645\u062a\u0648\u0641\u0631 \u0641\u064a \u0627\u0644\u0645\u062e\u0632\u0648\u0646\" \/>\n<script type=\"application\/ld+json\" class=\"yoast-schema-graph\">{\"@context\":\"https:\\\/\\\/schema.org\",\"@graph\":[{\"@type\":\"WebPage\",\"@id\":\"https:\\\/\\\/sella-industrie.com\\\/produit\\\/nettoyant-voiture-cleaning-v6-pro-750ml-spray-5-en-1-%d9%85%d9%86%d8%b8%d9%81-%d8%a7%d9%84%d8%b3%d9%8a%d8%a7%d8%b1%d8%a7%d8%aa-%d9%83%d9%84%d9%8a%d9%86%d9%8a%d9%86\\\/\",\"url\":\"https:\\\/\\\/sella-industrie.com\\\/produit\\\/nettoyant-voiture-cleaning-v6-pro-750ml-spray-5-en-1-%d9%85%d9%86%d8%b8%d9%81-%d8%a7%d9%84%d8%b3%d9%8a%d8%a7%d8%b1%d8%a7%d8%aa-%d9%83%d9%84%d9%8a%d9%86%d9%8a%d9%86\\\/\",\"name\":\"Nettoyant voiture CLEANING - Boutique &quot;V6&quot;\",\"isPartOf\":{\"@id\":\"https:\\\/\\\/sella-industrie.com\\\/#website\"},\"primaryImageOfPage\":{\"@id\":\"https:\\\/\\\/sella-industrie.com\\\/produit\\\/nettoyant-voiture-cleaning-v6-pro-750ml-spray-5-en-1-%d9%85%d9%86%d8%b8%d9%81-%d8%a7%d9%84%d8%b3%d9%8a%d8%a7%d8%b1%d8%a7%d8%aa-%d9%83%d9%84%d9%8a%d9%86%d9%8a%d9%86\\\/#primaryimage\"},\"image\":{\"@id\":\"https:\\\/\\\/sella-industrie.com\\\/produit\\\/nettoyant-voiture-cleaning-v6-pro-750ml-spray-5-en-1-%d9%85%d9%86%d8%b8%d9%81-%d8%a7%d9%84%d8%b3%d9%8a%d8%a7%d8%b1%d8%a7%d8%aa-%d9%83%d9%84%d9%8a%d9%86%d9%8a%d9%86\\\/#primaryimage\"},\"thumbnailUrl\":\"https:\\\/\\\/sella-industrie.com\\\/wp-content\\\/uploads\\\/2026\\\/04\\\/CLEANING.webp\",\"datePublished\":\"2026-04-08T13:50:55+00:00\",\"dateModified\":\"2026-04-08T15:39:02+00:00\",\"description\":\"CLEANING V6 PRO 750 ml : spray 5 en 1 puissant pour carrosserie, jantes, moteur et caoutchouc. Nettoie, prot\u00e8ge et fait briller en un seul geste.\",\"breadcrumb\":{\"@id\":\"https:\\\/\\\/sella-industrie.com\\\/produit\\\/nettoyant-voiture-cleaning-v6-pro-750ml-spray-5-en-1-%d9%85%d9%86%d8%b8%d9%81-%d8%a7%d9%84%d8%b3%d9%8a%d8%a7%d8%b1%d8%a7%d8%aa-%d9%83%d9%84%d9%8a%d9%86%d9%8a%d9%86\\\/#breadcrumb\"},\"inLanguage\":\"ar\",\"potentialAction\":[{\"@type\":\"ReadAction\",\"target\":[\"https:\\\/\\\/sella-industrie.com\\\/produit\\\/nettoyant-voiture-cleaning-v6-pro-750ml-spray-5-en-1-%d9%85%d9%86%d8%b8%d9%81-%d8%a7%d9%84%d8%b3%d9%8a%d8%a7%d8%b1%d8%a7%d8%aa-%d9%83%d9%84%d9%8a%d9%86%d9%8a%d9%86\\\/\"]}]},{\"@type\":\"ImageObject\",\"inLanguage\":\"ar\",\"@id\":\"https:\\\/\\\/sella-industrie.com\\\/produit\\\/nettoyant-voiture-cleaning-v6-pro-750ml-spray-5-en-1-%d9%85%d9%86%d8%b8%d9%81-%d8%a7%d9%84%d8%b3%d9%8a%d8%a7%d8%b1%d8%a7%d8%aa-%d9%83%d9%84%d9%8a%d9%86%d9%8a%d9%86\\\/#primaryimage\",\"url\":\"https:\\\/\\\/sella-industrie.com\\\/wp-content\\\/uploads\\\/2026\\\/04\\\/CLEANING.webp\",\"contentUrl\":\"https:\\\/\\\/sella-industrie.com\\\/wp-content\\\/uploads\\\/2026\\\/04\\\/CLEANING.webp\",\"width\":1000,\"height\":1000,\"caption\":\"Nettoyant voiture CLEANING\"},{\"@type\":\"BreadcrumbList\",\"@id\":\"https:\\\/\\\/sella-industrie.com\\\/produit\\\/nettoyant-voiture-cleaning-v6-pro-750ml-spray-5-en-1-%d9%85%d9%86%d8%b8%d9%81-%d8%a7%d9%84%d8%b3%d9%8a%d8%a7%d8%b1%d8%a7%d8%aa-%d9%83%d9%84%d9%8a%d9%86%d9%8a%d9%86\\\/#breadcrumb\",\"itemListElement\":[{\"@type\":\"ListItem\",\"position\":1,\"name\":\"Accueil\",\"item\":\"https:\\\/\\\/sella-industrie.com\\\/fr_fr\\\/\"},{\"@type\":\"ListItem\",\"position\":2,\"name\":\"Shop\",\"item\":\"https:\\\/\\\/sella-industrie.com\\\/fr_fr\\\/shop\\\/\"},{\"@type\":\"ListItem\",\"position\":3,\"name\":\"V6 PRO 750 ML\",\"item\":\"https:\\\/\\\/sella-industrie.com\\\/categorie-produit\\\/v6-pro-750-ml\\\/\"},{\"@type\":\"ListItem\",\"position\":4,\"name\":\"Nettoyant voiture CLEANING\"}]},{\"@type\":\"WebSite\",\"@id\":\"https:\\\/\\\/sella-industrie.com\\\/#website\",\"url\":\"https:\\\/\\\/sella-industrie.com\\\/\",\"name\":\"Boutique &quot;V6&quot;\",\"description\":\"We care for your car\",\"publisher\":{\"@id\":\"https:\\\/\\\/sella-industrie.com\\\/#organization\"},\"potentialAction\":[{\"@type\":\"SearchAction\",\"target\":{\"@type\":\"EntryPoint\",\"urlTemplate\":\"https:\\\/\\\/sella-industrie.com\\\/?s={search_term_string}\"},\"query-input\":{\"@type\":\"PropertyValueSpecification\",\"valueRequired\":true,\"valueName\":\"search_term_string\"}}],\"inLanguage\":\"ar\"},{\"@type\":\"Organization\",\"@id\":\"https:\\\/\\\/sella-industrie.com\\\/#organization\",\"name\":\"Boutique &quot;V6&quot;\",\"url\":\"https:\\\/\\\/sella-industrie.com\\\/\",\"logo\":{\"@type\":\"ImageObject\",\"inLanguage\":\"ar\",\"@id\":\"https:\\\/\\\/sella-industrie.com\\\/#\\\/schema\\\/logo\\\/image\\\/\",\"url\":\"\",\"contentUrl\":\"\",\"caption\":\"Boutique &quot;V6&quot;\"},\"image\":{\"@id\":\"https:\\\/\\\/sella-industrie.com\\\/#\\\/schema\\\/logo\\\/image\\\/\"}}]}<\/script>\n<meta property=\"product:price:amount\" content=\"700\" \/>\n<meta property=\"product:price:currency\" content=\"DZD\" \/>\n<meta property=\"og:availability\" content=\"instock\" \/>\n<meta property=\"product:availability\" content=\"instock\" \/>\n<meta property=\"product:condition\" content=\"new\" \/>\n<!-- \/ Yoast SEO plugin. -->","yoast_head_json":{"title":"Nettoyant voiture CLEANING - Boutique &quot;V6&quot;","description":"CLEANING V6 PRO 750 ml : spray 5 en 1 puissant pour carrosserie, jantes, moteur et caoutchouc. Nettoie, prot\u00e8ge et fait briller en un seul geste.","robots":{"index":"index","follow":"follow","max-snippet":"max-snippet:-1","max-image-preview":"max-image-preview:large","max-video-preview":"max-video-preview:-1"},"canonical":"https:\/\/sella-industrie.com\/ar\/product\/nettoyant-voiture-cleaning-v6-pro-750ml-spray-5-en-1-\u0645\u0646\u0638\u0641-\u0627\u0644\u0633\u064a\u0627\u0631\u0627\u062a-\u0643\u0644\u064a\u0646\u064a\u0646\/","og_locale":"ar_AR","og_type":"article","og_title":"Nettoyant voiture CLEANING - Boutique &quot;V6&quot;","og_description":"CLEANING V6 PRO 750 ml : spray 5 en 1 puissant pour carrosserie, jantes, moteur et caoutchouc. Nettoie, prot\u00e8ge et fait briller en un seul geste.","og_url":"https:\/\/sella-industrie.com\/ar\/product\/nettoyant-voiture-cleaning-v6-pro-750ml-spray-5-en-1-\u0645\u0646\u0638\u0641-\u0627\u0644\u0633\u064a\u0627\u0631\u0627\u062a-\u0643\u0644\u064a\u0646\u064a\u0646\/","og_site_name":"Boutique &quot;V6&quot;","article_modified_time":"2026-04-08T15:39:02+00:00","og_image":[{"width":1000,"height":1000,"url":"https:\/\/sella-industrie.com\/wp-content\/uploads\/2026\/04\/CLEANING.webp","type":"image\/webp"}],"twitter_card":"summary_large_image","twitter_misc":{"\u0627\u0644\u0633\u0639\u0631":"&#x62f;.&#x62c;&nbsp;700","\u0627\u0644\u062a\u0648\u0641\u0631":"\u0645\u062a\u0648\u0641\u0631 \u0641\u064a \u0627\u0644\u0645\u062e\u0632\u0648\u0646"},"schema":{"@context":"https:\/\/schema.org","@graph":[{"@type":"WebPage","@id":"https:\/\/sella-industrie.com\/produit\/nettoyant-voiture-cleaning-v6-pro-750ml-spray-5-en-1-%d9%85%d9%86%d8%b8%d9%81-%d8%a7%d9%84%d8%b3%d9%8a%d8%a7%d8%b1%d8%a7%d8%aa-%d9%83%d9%84%d9%8a%d9%86%d9%8a%d9%86\/","url":"https:\/\/sella-industrie.com\/produit\/nettoyant-voiture-cleaning-v6-pro-750ml-spray-5-en-1-%d9%85%d9%86%d8%b8%d9%81-%d8%a7%d9%84%d8%b3%d9%8a%d8%a7%d8%b1%d8%a7%d8%aa-%d9%83%d9%84%d9%8a%d9%86%d9%8a%d9%86\/","name":"Nettoyant voiture CLEANING - Boutique &quot;V6&quot;","isPartOf":{"@id":"https:\/\/sella-industrie.com\/#website"},"primaryImageOfPage":{"@id":"https:\/\/sella-industrie.com\/produit\/nettoyant-voiture-cleaning-v6-pro-750ml-spray-5-en-1-%d9%85%d9%86%d8%b8%d9%81-%d8%a7%d9%84%d8%b3%d9%8a%d8%a7%d8%b1%d8%a7%d8%aa-%d9%83%d9%84%d9%8a%d9%86%d9%8a%d9%86\/#primaryimage"},"image":{"@id":"https:\/\/sella-industrie.com\/produit\/nettoyant-voiture-cleaning-v6-pro-750ml-spray-5-en-1-%d9%85%d9%86%d8%b8%d9%81-%d8%a7%d9%84%d8%b3%d9%8a%d8%a7%d8%b1%d8%a7%d8%aa-%d9%83%d9%84%d9%8a%d9%86%d9%8a%d9%86\/#primaryimage"},"thumbnailUrl":"https:\/\/sella-industrie.com\/wp-content\/uploads\/2026\/04\/CLEANING.webp","datePublished":"2026-04-08T13:50:55+00:00","dateModified":"2026-04-08T15:39:02+00:00","description":"CLEANING V6 PRO 750 ml : spray 5 en 1 puissant pour carrosserie, jantes, moteur et caoutchouc. Nettoie, prot\u00e8ge et fait briller en un seul geste.","breadcrumb":{"@id":"https:\/\/sella-industrie.com\/produit\/nettoyant-voiture-cleaning-v6-pro-750ml-spray-5-en-1-%d9%85%d9%86%d8%b8%d9%81-%d8%a7%d9%84%d8%b3%d9%8a%d8%a7%d8%b1%d8%a7%d8%aa-%d9%83%d9%84%d9%8a%d9%86%d9%8a%d9%86\/#breadcrumb"},"inLanguage":"ar","potentialAction":[{"@type":"ReadAction","target":["https:\/\/sella-industrie.com\/produit\/nettoyant-voiture-cleaning-v6-pro-750ml-spray-5-en-1-%d9%85%d9%86%d8%b8%d9%81-%d8%a7%d9%84%d8%b3%d9%8a%d8%a7%d8%b1%d8%a7%d8%aa-%d9%83%d9%84%d9%8a%d9%86%d9%8a%d9%86\/"]}]},{"@type":"ImageObject","inLanguage":"ar","@id":"https:\/\/sella-industrie.com\/produit\/nettoyant-voiture-cleaning-v6-pro-750ml-spray-5-en-1-%d9%85%d9%86%d8%b8%d9%81-%d8%a7%d9%84%d8%b3%d9%8a%d8%a7%d8%b1%d8%a7%d8%aa-%d9%83%d9%84%d9%8a%d9%86%d9%8a%d9%86\/#primaryimage","url":"https:\/\/sella-industrie.com\/wp-content\/uploads\/2026\/04\/CLEANING.webp","contentUrl":"https:\/\/sella-industrie.com\/wp-content\/uploads\/2026\/04\/CLEANING.webp","width":1000,"height":1000,"caption":"Nettoyant voiture CLEANING"},{"@type":"BreadcrumbList","@id":"https:\/\/sella-industrie.com\/produit\/nettoyant-voiture-cleaning-v6-pro-750ml-spray-5-en-1-%d9%85%d9%86%d8%b8%d9%81-%d8%a7%d9%84%d8%b3%d9%8a%d8%a7%d8%b1%d8%a7%d8%aa-%d9%83%d9%84%d9%8a%d9%86%d9%8a%d9%86\/#breadcrumb","itemListElement":[{"@type":"ListItem","position":1,"name":"Accueil","item":"https:\/\/sella-industrie.com\/fr_fr\/"},{"@type":"ListItem","position":2,"name":"Shop","item":"https:\/\/sella-industrie.com\/fr_fr\/shop\/"},{"@type":"ListItem","position":3,"name":"V6 PRO 750 ML","item":"https:\/\/sella-industrie.com\/categorie-produit\/v6-pro-750-ml\/"},{"@type":"ListItem","position":4,"name":"Nettoyant voiture CLEANING"}]},{"@type":"WebSite","@id":"https:\/\/sella-industrie.com\/#website","url":"https:\/\/sella-industrie.com\/","name":"Boutique &quot;V6&quot;","description":"We care for your car","publisher":{"@id":"https:\/\/sella-industrie.com\/#organization"},"potentialAction":[{"@type":"SearchAction","target":{"@type":"EntryPoint","urlTemplate":"https:\/\/sella-industrie.com\/?s={search_term_string}"},"query-input":{"@type":"PropertyValueSpecification","valueRequired":true,"valueName":"search_term_string"}}],"inLanguage":"ar"},{"@type":"Organization","@id":"https:\/\/sella-industrie.com\/#organization","name":"Boutique &quot;V6&quot;","url":"https:\/\/sella-industrie.com\/","logo":{"@type":"ImageObject","inLanguage":"ar","@id":"https:\/\/sella-industrie.com\/#\/schema\/logo\/image\/","url":"","contentUrl":"","caption":"Boutique &quot;V6&quot;"},"image":{"@id":"https:\/\/sella-industrie.com\/#\/schema\/logo\/image\/"}}]},"product_price_amount":"700","product_price_currency":"DZD","og_availability":"instock","product_availability":"instock","product_condition":"new"},"_links":{"self":[{"href":"https:\/\/sella-industrie.com\/ar\/wp-json\/wp\/v2\/product\/38179","targetHints":{"allow":["GET"]}}],"collection":[{"href":"https:\/\/sella-industrie.com\/ar\/wp-json\/wp\/v2\/product"}],"about":[{"href":"https:\/\/sella-industrie.com\/ar\/wp-json\/wp\/v2\/types\/product"}],"replies":[{"embeddable":true,"href":"https:\/\/sella-industrie.com\/ar\/wp-json\/wp\/v2\/comments?post=38179"}],"wp:featuredmedia":[{"embeddable":true,"href":"https:\/\/sella-industrie.com\/ar\/wp-json\/wp\/v2\/media\/38180"}],"wp:attachment":[{"href":"https:\/\/sella-industrie.com\/ar\/wp-json\/wp\/v2\/media?parent=38179"}],"wp:term":[{"taxonomy":"product_brand","embeddable":true,"href":"https:\/\/sella-industrie.com\/ar\/wp-json\/wp\/v2\/product_brand?post=38179"},{"taxonomy":"product_cat","embeddable":true,"href":"https:\/\/sella-industrie.com\/ar\/wp-json\/wp\/v2\/product_cat?post=38179"},{"taxonomy":"product_tag","embeddable":true,"href":"https:\/\/sella-industrie.com\/ar\/wp-json\/wp\/v2\/product_tag?post=38179"}],"curies":[{"name":"wp","href":"https:\/\/api.w.org\/{rel}","templated":true}]}}