{"id":38167,"date":"2026-04-08T10:31:14","date_gmt":"2026-04-08T10:31:14","guid":{"rendered":"https:\/\/sella-industrie.com\/?post_type=product&#038;p=38167"},"modified":"2026-04-08T15:38:13","modified_gmt":"2026-04-08T15:38:13","slug":"nettoyant-voiture-detailing-750ml-lustreur-5en1-cire-ceramique-%d9%85%d9%8f%d9%86%d8%b8%d9%81-%d8%a7%d9%84%d8%b3%d9%8a%d8%a7%d8%b1%d8%a7%d8%aa-%d8%af%d9%8a%d8%aa%d8%a7%d9%8a%d9%84%d9%8a%d9%86","status":"publish","type":"product","link":"https:\/\/sella-industrie.com\/ar\/product\/nettoyant-voiture-detailing-750ml-lustreur-5en1-cire-ceramique-%d9%85%d9%8f%d9%86%d8%b8%d9%81-%d8%a7%d9%84%d8%b3%d9%8a%d8%a7%d8%b1%d8%a7%d8%aa-%d8%af%d9%8a%d8%aa%d8%a7%d9%8a%d9%84%d9%8a%d9%86\/","title":{"rendered":"Nettoyant Voiture DETAILING"},"content":{"rendered":"<h2 style=\"text-align: center;\"><strong>Nettoyant Voiture DETAILING \u060c\u0645\u064f\u0646\u0638\u0641 \u0627\u0644\u0633\u064a\u0627\u0631\u0627\u062a \u062f\u064a\u062a\u0627\u064a\u0644\u064a\u0646<\/strong><\/h2>\n<p><strong>Nettoyant Voiture DETAILING<\/strong>, V6 PRO, 750 ml, est aujourd\u2019hui l\u2019un des produits les plus recherch\u00e9s par les passionn\u00e9s d\u2019automobile et les professionnels du detailing. Con\u00e7u pour offrir un r\u00e9sultat rapide, efficace et durable, ce spray lustreur brillant 5 en 1 r\u00e9volutionne <a href=\"https:\/\/sella-industrie.com\/ar\/product\/splash-shampoing-lustreur-v6-500-ml\/\">l\u2019entretien de la carrosserie<\/a>. Gr\u00e2ce \u00e0 sa formule innovante enrichie en cire c\u00e9ramique, il permet de nettoyer, prot\u00e9ger et sublimer votre v\u00e9hicule en un seul geste, tout en garantissant une finition digne d\u2019un professionnel. Ce spray lustreur carrosserie regroupe cinq actions essentielles pour un entretien complet : Nettoyage rapide sans eau. <a href=\"https:\/\/www.facebook.com\/V6accessoiresauto?mibextid=wwXIfr&amp;rdid=07l1PwXhFBuWBfmW&amp;share_url=https%3A%2F%2Fwww.facebook.com%2Fshare%2F169W2vbviz%2F%3Fmibextid%3DwwXIfr#\" target=\"_blank\" rel=\"noopener\">\u00c9limine efficacement poussi\u00e8res<\/a>, traces l\u00e9g\u00e8res et salet\u00e9s superficielles sans rin\u00e7age. Brillance intense effet miroir. Ravive instantan\u00e9ment la couleur et apporte une brillance profonde et \u00e9clatante. Protection durable. D\u00e9pose une couche protectrice contre : la poussi\u00e8re, l\u2019eau (effet hydrophobe), la pollution, les agressions ext\u00e9rieures. Cire c\u00e9ramique r\u00e9novatrice premium. Sa technologie \u00e0 base de particules c\u00e9ramiques : restaure les peintures ternies. Renforce la r\u00e9sistance de la carrosserie. Prolonge la dur\u00e9e de vie de la brillance. Finition sans traces. Garantit un rendu parfait sans r\u00e9sidus ni voile, m\u00eame en plein soleil.<\/p>\n<p style=\"text-align: right;\"><strong>\u0645\u064f\u0646\u0638\u0641 \u0627\u0644\u0633\u064a\u0627\u0631\u0627\u062a \u062f\u064a\u062a\u0627\u064a\u0644\u064a\u0646\u060c<\/strong> \u0633\u0639\u0629 750 \u0645\u0644\u060c \u0628\u062e\u0627\u062e \u062a\u0644\u0645\u064a\u0639 5 \u0641\u064a 1\u060c \u0623\u062d\u062f \u0623\u0643\u062b\u0631 \u0627\u0644\u0645\u0646\u062a\u062c\u0627\u062a \u0631\u0648\u0627\u062c\u064b\u0627 \u0628\u064a\u0646 \u0645\u064f\u062d\u0628\u064a \u0627\u0644\u0633\u064a\u0627\u0631\u0627\u062a \u0648\u062e\u0628\u0631\u0627\u0621 \u0627\u0644\u0639\u0646\u0627\u064a\u0629 \u0628\u0647\u0627. \u0635\u064f\u0645\u0645 \u0644\u064a\u064f\u0642\u062f\u0651\u0645 \u0646\u062a\u0627\u0626\u062c \u0633\u0631\u064a\u0639\u0629 \u0648\u0641\u0639\u0651\u0627\u0644\u0629 \u0648\u0637\u0648\u064a\u0644\u0629 \u0627\u0644\u0623\u0645\u062f\u060c \u0645\u064f\u062d\u062f\u062b\u064b\u0627 \u062b\u0648\u0631\u0629 \u0641\u064a \u0635\u064a\u0627\u0646\u0629 \u0647\u064a\u0643\u0644 \u0627\u0644\u0633\u064a\u0627\u0631\u0629. \u0628\u0641\u0636\u0644 \u062a\u0631\u0643\u064a\u0628\u062a\u0647 \u0627\u0644\u0645\u064f\u0628\u062a\u0643\u0631\u0629 \u0627\u0644\u063a\u0646\u064a\u0629 \u0628\u0634\u0645\u0639 \u0627\u0644\u0633\u064a\u0631\u0627\u0645\u064a\u0643\u060c \u064a\u064f\u0646\u0638\u0651\u0641 \u0648\u064a\u062d\u0645\u064a \u0648\u064a\u064f\u062d\u0633\u0651\u0646 \u0645\u0638\u0647\u0631 \u0633\u064a\u0627\u0631\u062a\u0643 \u0641\u064a \u062e\u0637\u0648\u0629 \u0648\u0627\u062d\u062f\u0629\u060c \u0636\u0627\u0645\u0646\u064b\u0627 \u0644\u0645\u0633\u0629 \u0646\u0647\u0627\u0626\u064a\u0629 \u0627\u062d\u062a\u0631\u0627\u0641\u064a\u0629. \u064a\u062c\u0645\u0639 \u0628\u062e\u0627\u062e \u062a\u0644\u0645\u064a\u0639 \u0647\u064a\u0643\u0644 \u0627\u0644\u0633\u064a\u0627\u0631\u0629 \u0647\u0630\u0627 \u0628\u064a\u0646 \u062e\u0645\u0633\u0629 \u0625\u062c\u0631\u0627\u0621\u0627\u062a \u0623\u0633\u0627\u0633\u064a\u0629 \u0644\u0635\u064a\u0627\u0646\u0629 \u0634\u0627\u0645\u0644\u0629: \u062a\u0646\u0638\u064a\u0641 \u0633\u0631\u064a\u0639 \u0628\u062f\u0648\u0646 \u0645\u0627\u0621. \u064a\u064f\u0632\u064a\u0644 \u0627\u0644\u063a\u0628\u0627\u0631 \u0648\u0627\u0644\u0628\u0642\u0639 \u0627\u0644\u062e\u0641\u064a\u0641\u0629 \u0648\u0627\u0644\u0623\u0648\u0633\u0627\u062e \u0627\u0644\u0633\u0637\u062d\u064a\u0629 \u0628\u0641\u0639\u0627\u0644\u064a\u0629 \u062f\u0648\u0646 \u0627\u0644\u062d\u0627\u062c\u0629 \u0644\u0644\u0634\u0637\u0641. \u0644\u0645\u0639\u0627\u0646 \u0645\u064f\u0643\u062b\u0651\u0641 \u064a\u064f\u0634\u0628\u0647 \u0627\u0644\u0645\u0631\u0622\u0629. \u064a\u064f\u0639\u064a\u062f \u0625\u062d\u064a\u0627\u0621 \u0627\u0644\u0644\u0648\u0646 \u0641\u0648\u0631\u064b\u0627 \u0648\u064a\u064f\u0648\u0641\u0651\u0631 \u0644\u0645\u0639\u0627\u0646\u064b\u0627 \u0639\u0645\u064a\u0642\u064b\u0627 \u0648\u0628\u0631\u0627\u0642\u064b\u0627. \u062d\u0645\u0627\u064a\u0629 \u0637\u0648\u064a\u0644\u0629 \u0627\u0644\u0623\u0645\u062f. \u064a\u064f\u0634\u0643\u0651\u0644 \u0637\u0628\u0642\u0629 \u0648\u0627\u0642\u064a\u0629 \u0636\u062f \u0627\u0644\u063a\u0628\u0627\u0631 \u0648\u0627\u0644\u0645\u0627\u0621 (\u062a\u0623\u062b\u064a\u0631 \u0637\u0627\u0631\u062f \u0644\u0644\u0645\u0627\u0621) \u0648\u0627\u0644\u062a\u0644\u0648\u062b \u0648\u0627\u0644\u0623\u0636\u0631\u0627\u0631 \u0627\u0644\u062e\u0627\u0631\u062c\u064a\u0629. \u0634\u0645\u0639 \u0633\u064a\u0631\u0627\u0645\u064a\u0643 \u0645\u064f\u0631\u0645\u0651\u0645 \u0641\u0627\u062e\u0631. \u062a\u0639\u0645\u0644 \u062a\u0642\u0646\u064a\u062a\u0647 \u0627\u0644\u0642\u0627\u0626\u0645\u0629 \u0639\u0644\u0649 \u062c\u0632\u064a\u0626\u0627\u062a \u0627\u0644\u0633\u064a\u0631\u0627\u0645\u064a\u0643 \u0639\u0644\u0649 \u0627\u0633\u062a\u0639\u0627\u062f\u0629 \u0637\u0644\u0627\u0621 \u0627\u0644\u0633\u064a\u0627\u0631\u0629 \u0627\u0644\u0628\u0627\u0647\u062a\u060c \u0648\u062a\u0639\u0632\u064a\u0632 \u0645\u0642\u0627\u0648\u0645\u0629 \u0647\u064a\u0643\u0644 \u0627\u0644\u0633\u064a\u0627\u0631\u0629\u060c \u0648\u0625\u0637\u0627\u0644\u0629 \u0639\u0645\u0631 \u0627\u0644\u0644\u0645\u0639\u0627\u0646. \u0644\u0645\u0633\u0629 \u0646\u0647\u0627\u0626\u064a\u0629 \u062e\u0627\u0644\u064a\u0629 \u0645\u0646 \u0627\u0644\u062e\u0637\u0648\u0637. \u064a\u0636\u0645\u0646 \u0646\u062a\u064a\u062c\u0629 \u0645\u062b\u0627\u0644\u064a\u0629 \u0628\u062f\u0648\u0646 \u0623\u064a \u0628\u0642\u0627\u064a\u0627 \u0623\u0648 \u0636\u0628\u0627\u0628\u064a\u0629\u060c \u062d\u062a\u0649 \u0641\u064a \u0636\u0648\u0621 \u0627\u0644\u0634\u0645\u0633 \u0627\u0644\u0643\u0627\u0645\u0644.<\/p>\n<p><iframe loading=\"lazy\" title=\"V6 PRO 750 ML\" width=\"500\" height=\"281\" src=\"https:\/\/www.youtube.com\/embed\/RIFZgKHKfmI?feature=oembed\" frameborder=\"0\" allow=\"accelerometer; autoplay; clipboard-write; encrypted-media; gyroscope; picture-in-picture; web-share\" referrerpolicy=\"strict-origin-when-cross-origin\" allowfullscreen><\/iframe><\/p>","protected":false},"excerpt":{"rendered":"<h1 style=\"text-align: center;\"><strong>\u0645\u064f\u0646\u0638\u0641 \u0627\u0644\u0633\u064a\u0627\u0631\u0627\u062a \u062f\u064a\u062a\u0627\u064a\u0644\u064a\u0646<\/strong><\/h1>\n<p><strong>Nettoyant Voiture DETAILING<\/strong>, V6 PRO 750 ml, est aujourd\u2019hui l\u2019un des produits les plus recherch\u00e9s par les passionn\u00e9s d\u2019automobile et les professionnels du detailing. Con\u00e7u pour offrir un r\u00e9sultat rapide, efficace et durable, ce spray lustreur brillant 5 en 1 r\u00e9volutionne l\u2019entretien de la carrosserie.<\/p>","protected":false},"featured_media":38170,"comment_status":"open","ping_status":"closed","template":"","meta":[],"product_brand":[292,293],"product_cat":[916],"product_tag":[],"class_list":{"0":"post-38167","1":"product","2":"type-product","3":"status-publish","4":"has-post-thumbnail","6":"product_brand-v6","7":"product_brand-sella","8":"product_cat-v6-pro-750-ml","10":"first","11":"instock","12":"taxable","13":"shipping-taxable","14":"purchasable","15":"product-type-simple"},"yoast_head":"<!-- This site is optimized with the Yoast SEO Premium plugin v27.1 (Yoast SEO v27.4) - https:\/\/yoast.com\/product\/yoast-seo-premium-wordpress\/ -->\n<title>Nettoyant Voiture DETAILING - Boutique &quot;V6&quot;<\/title>\n<meta name=\"description\" content=\"Nettoyant voiture detailing 750 ml : spray lustreur 5 en 1 avec cire c\u00e9ramique. Brillance effet miroir, protection durable, finition sans traces.\" \/>\n<meta name=\"robots\" content=\"index, follow, max-snippet:-1, max-image-preview:large, max-video-preview:-1\" \/>\n<link rel=\"canonical\" href=\"https:\/\/sella-industrie.com\/ar\/product\/nettoyant-voiture-detailing-750ml-lustreur-5en1-cire-ceramique-\u0645\u064f\u0646\u0638\u0641-\u0627\u0644\u0633\u064a\u0627\u0631\u0627\u062a-\u062f\u064a\u062a\u0627\u064a\u0644\u064a\u0646\/\" \/>\n<meta property=\"og:locale\" content=\"ar_AR\" \/>\n<meta property=\"og:type\" content=\"article\" \/>\n<meta property=\"og:title\" content=\"Nettoyant Voiture DETAILING\" \/>\n<meta property=\"og:description\" content=\"Nettoyant voiture detailing 750 ml : spray lustreur 5 en 1 avec cire c\u00e9ramique. Brillance effet miroir, protection durable, finition sans traces.\" \/>\n<meta property=\"og:url\" content=\"https:\/\/sella-industrie.com\/ar\/product\/nettoyant-voiture-detailing-750ml-lustreur-5en1-cire-ceramique-\u0645\u064f\u0646\u0638\u0641-\u0627\u0644\u0633\u064a\u0627\u0631\u0627\u062a-\u062f\u064a\u062a\u0627\u064a\u0644\u064a\u0646\/\" \/>\n<meta property=\"og:site_name\" content=\"Boutique &quot;V6&quot;\" \/>\n<meta property=\"article:modified_time\" content=\"2026-04-08T15:38:13+00:00\" \/>\n<meta property=\"og:image\" content=\"https:\/\/sella-industrie.com\/wp-content\/uploads\/2026\/04\/DETAILING.webp\" \/>\n\t<meta property=\"og:image:width\" content=\"1000\" \/>\n\t<meta property=\"og:image:height\" content=\"1000\" \/>\n\t<meta property=\"og:image:type\" content=\"image\/webp\" \/>\n<meta name=\"twitter:card\" content=\"summary_large_image\" \/>\n<meta name=\"twitter:label1\" content=\"\u0627\u0644\u0633\u0639\u0631\" \/>\n\t<meta name=\"twitter:data1\" content=\"&#x62f;.&#x62c;&nbsp;700\" \/>\n\t<meta name=\"twitter:label2\" content=\"\u0627\u0644\u062a\u0648\u0641\u0631\" \/>\n\t<meta name=\"twitter:data2\" content=\"\u0645\u062a\u0648\u0641\u0631 \u0641\u064a \u0627\u0644\u0645\u062e\u0632\u0648\u0646\" \/>\n<script type=\"application\/ld+json\" class=\"yoast-schema-graph\">{\"@context\":\"https:\\\/\\\/schema.org\",\"@graph\":[{\"@type\":\"WebPage\",\"@id\":\"https:\\\/\\\/sella-industrie.com\\\/produit\\\/nettoyant-voiture-detailing-750ml-lustreur-5en1-cire-ceramique-%d9%85%d9%8f%d9%86%d8%b8%d9%81-%d8%a7%d9%84%d8%b3%d9%8a%d8%a7%d8%b1%d8%a7%d8%aa-%d8%af%d9%8a%d8%aa%d8%a7%d9%8a%d9%84%d9%8a%d9%86\\\/\",\"url\":\"https:\\\/\\\/sella-industrie.com\\\/produit\\\/nettoyant-voiture-detailing-750ml-lustreur-5en1-cire-ceramique-%d9%85%d9%8f%d9%86%d8%b8%d9%81-%d8%a7%d9%84%d8%b3%d9%8a%d8%a7%d8%b1%d8%a7%d8%aa-%d8%af%d9%8a%d8%aa%d8%a7%d9%8a%d9%84%d9%8a%d9%86\\\/\",\"name\":\"Nettoyant Voiture DETAILING - Boutique &quot;V6&quot;\",\"isPartOf\":{\"@id\":\"https:\\\/\\\/sella-industrie.com\\\/#website\"},\"primaryImageOfPage\":{\"@id\":\"https:\\\/\\\/sella-industrie.com\\\/produit\\\/nettoyant-voiture-detailing-750ml-lustreur-5en1-cire-ceramique-%d9%85%d9%8f%d9%86%d8%b8%d9%81-%d8%a7%d9%84%d8%b3%d9%8a%d8%a7%d8%b1%d8%a7%d8%aa-%d8%af%d9%8a%d8%aa%d8%a7%d9%8a%d9%84%d9%8a%d9%86\\\/#primaryimage\"},\"image\":{\"@id\":\"https:\\\/\\\/sella-industrie.com\\\/produit\\\/nettoyant-voiture-detailing-750ml-lustreur-5en1-cire-ceramique-%d9%85%d9%8f%d9%86%d8%b8%d9%81-%d8%a7%d9%84%d8%b3%d9%8a%d8%a7%d8%b1%d8%a7%d8%aa-%d8%af%d9%8a%d8%aa%d8%a7%d9%8a%d9%84%d9%8a%d9%86\\\/#primaryimage\"},\"thumbnailUrl\":\"https:\\\/\\\/sella-industrie.com\\\/wp-content\\\/uploads\\\/2026\\\/04\\\/DETAILING.webp\",\"datePublished\":\"2026-04-08T10:31:14+00:00\",\"dateModified\":\"2026-04-08T15:38:13+00:00\",\"description\":\"Nettoyant voiture detailing 750 ml : spray lustreur 5 en 1 avec cire c\u00e9ramique. Brillance effet miroir, protection durable, finition sans traces.\",\"breadcrumb\":{\"@id\":\"https:\\\/\\\/sella-industrie.com\\\/produit\\\/nettoyant-voiture-detailing-750ml-lustreur-5en1-cire-ceramique-%d9%85%d9%8f%d9%86%d8%b8%d9%81-%d8%a7%d9%84%d8%b3%d9%8a%d8%a7%d8%b1%d8%a7%d8%aa-%d8%af%d9%8a%d8%aa%d8%a7%d9%8a%d9%84%d9%8a%d9%86\\\/#breadcrumb\"},\"inLanguage\":\"ar\",\"potentialAction\":[{\"@type\":\"ReadAction\",\"target\":[\"https:\\\/\\\/sella-industrie.com\\\/produit\\\/nettoyant-voiture-detailing-750ml-lustreur-5en1-cire-ceramique-%d9%85%d9%8f%d9%86%d8%b8%d9%81-%d8%a7%d9%84%d8%b3%d9%8a%d8%a7%d8%b1%d8%a7%d8%aa-%d8%af%d9%8a%d8%aa%d8%a7%d9%8a%d9%84%d9%8a%d9%86\\\/\"]}]},{\"@type\":\"ImageObject\",\"inLanguage\":\"ar\",\"@id\":\"https:\\\/\\\/sella-industrie.com\\\/produit\\\/nettoyant-voiture-detailing-750ml-lustreur-5en1-cire-ceramique-%d9%85%d9%8f%d9%86%d8%b8%d9%81-%d8%a7%d9%84%d8%b3%d9%8a%d8%a7%d8%b1%d8%a7%d8%aa-%d8%af%d9%8a%d8%aa%d8%a7%d9%8a%d9%84%d9%8a%d9%86\\\/#primaryimage\",\"url\":\"https:\\\/\\\/sella-industrie.com\\\/wp-content\\\/uploads\\\/2026\\\/04\\\/DETAILING.webp\",\"contentUrl\":\"https:\\\/\\\/sella-industrie.com\\\/wp-content\\\/uploads\\\/2026\\\/04\\\/DETAILING.webp\",\"width\":1000,\"height\":1000,\"caption\":\"Nettoyant Voiture DETAILING\"},{\"@type\":\"BreadcrumbList\",\"@id\":\"https:\\\/\\\/sella-industrie.com\\\/produit\\\/nettoyant-voiture-detailing-750ml-lustreur-5en1-cire-ceramique-%d9%85%d9%8f%d9%86%d8%b8%d9%81-%d8%a7%d9%84%d8%b3%d9%8a%d8%a7%d8%b1%d8%a7%d8%aa-%d8%af%d9%8a%d8%aa%d8%a7%d9%8a%d9%84%d9%8a%d9%86\\\/#breadcrumb\",\"itemListElement\":[{\"@type\":\"ListItem\",\"position\":1,\"name\":\"Accueil\",\"item\":\"https:\\\/\\\/sella-industrie.com\\\/fr_fr\\\/\"},{\"@type\":\"ListItem\",\"position\":2,\"name\":\"Shop\",\"item\":\"https:\\\/\\\/sella-industrie.com\\\/fr_fr\\\/shop\\\/\"},{\"@type\":\"ListItem\",\"position\":3,\"name\":\"V6 PRO 750 ML\",\"item\":\"https:\\\/\\\/sella-industrie.com\\\/categorie-produit\\\/v6-pro-750-ml\\\/\"},{\"@type\":\"ListItem\",\"position\":4,\"name\":\"Nettoyant Voiture DETAILING\"}]},{\"@type\":\"WebSite\",\"@id\":\"https:\\\/\\\/sella-industrie.com\\\/#website\",\"url\":\"https:\\\/\\\/sella-industrie.com\\\/\",\"name\":\"Boutique &quot;V6&quot;\",\"description\":\"We care for your car\",\"publisher\":{\"@id\":\"https:\\\/\\\/sella-industrie.com\\\/#organization\"},\"potentialAction\":[{\"@type\":\"SearchAction\",\"target\":{\"@type\":\"EntryPoint\",\"urlTemplate\":\"https:\\\/\\\/sella-industrie.com\\\/?s={search_term_string}\"},\"query-input\":{\"@type\":\"PropertyValueSpecification\",\"valueRequired\":true,\"valueName\":\"search_term_string\"}}],\"inLanguage\":\"ar\"},{\"@type\":\"Organization\",\"@id\":\"https:\\\/\\\/sella-industrie.com\\\/#organization\",\"name\":\"Boutique &quot;V6&quot;\",\"url\":\"https:\\\/\\\/sella-industrie.com\\\/\",\"logo\":{\"@type\":\"ImageObject\",\"inLanguage\":\"ar\",\"@id\":\"https:\\\/\\\/sella-industrie.com\\\/#\\\/schema\\\/logo\\\/image\\\/\",\"url\":\"\",\"contentUrl\":\"\",\"caption\":\"Boutique &quot;V6&quot;\"},\"image\":{\"@id\":\"https:\\\/\\\/sella-industrie.com\\\/#\\\/schema\\\/logo\\\/image\\\/\"}}]}<\/script>\n<meta property=\"product:price:amount\" content=\"700\" \/>\n<meta property=\"product:price:currency\" content=\"DZD\" \/>\n<meta property=\"og:availability\" content=\"instock\" \/>\n<meta property=\"product:availability\" content=\"instock\" \/>\n<meta property=\"product:condition\" content=\"new\" \/>\n<!-- \/ Yoast SEO Premium plugin. -->","yoast_head_json":{"title":"Nettoyant Voiture DETAILING - Boutique &quot;V6&quot;","description":"Nettoyant voiture detailing 750 ml : spray lustreur 5 en 1 avec cire c\u00e9ramique. Brillance effet miroir, protection durable, finition sans traces.","robots":{"index":"index","follow":"follow","max-snippet":"max-snippet:-1","max-image-preview":"max-image-preview:large","max-video-preview":"max-video-preview:-1"},"canonical":"https:\/\/sella-industrie.com\/ar\/product\/nettoyant-voiture-detailing-750ml-lustreur-5en1-cire-ceramique-\u0645\u064f\u0646\u0638\u0641-\u0627\u0644\u0633\u064a\u0627\u0631\u0627\u062a-\u062f\u064a\u062a\u0627\u064a\u0644\u064a\u0646\/","og_locale":"ar_AR","og_type":"article","og_title":"Nettoyant Voiture DETAILING","og_description":"Nettoyant voiture detailing 750 ml : spray lustreur 5 en 1 avec cire c\u00e9ramique. Brillance effet miroir, protection durable, finition sans traces.","og_url":"https:\/\/sella-industrie.com\/ar\/product\/nettoyant-voiture-detailing-750ml-lustreur-5en1-cire-ceramique-\u0645\u064f\u0646\u0638\u0641-\u0627\u0644\u0633\u064a\u0627\u0631\u0627\u062a-\u062f\u064a\u062a\u0627\u064a\u0644\u064a\u0646\/","og_site_name":"Boutique &quot;V6&quot;","article_modified_time":"2026-04-08T15:38:13+00:00","og_image":[{"width":1000,"height":1000,"url":"https:\/\/sella-industrie.com\/wp-content\/uploads\/2026\/04\/DETAILING.webp","type":"image\/webp"}],"twitter_card":"summary_large_image","twitter_misc":{"\u0627\u0644\u0633\u0639\u0631":"&#x62f;.&#x62c;&nbsp;700","\u0627\u0644\u062a\u0648\u0641\u0631":"\u0645\u062a\u0648\u0641\u0631 \u0641\u064a \u0627\u0644\u0645\u062e\u0632\u0648\u0646"},"schema":{"@context":"https:\/\/schema.org","@graph":[{"@type":"WebPage","@id":"https:\/\/sella-industrie.com\/produit\/nettoyant-voiture-detailing-750ml-lustreur-5en1-cire-ceramique-%d9%85%d9%8f%d9%86%d8%b8%d9%81-%d8%a7%d9%84%d8%b3%d9%8a%d8%a7%d8%b1%d8%a7%d8%aa-%d8%af%d9%8a%d8%aa%d8%a7%d9%8a%d9%84%d9%8a%d9%86\/","url":"https:\/\/sella-industrie.com\/produit\/nettoyant-voiture-detailing-750ml-lustreur-5en1-cire-ceramique-%d9%85%d9%8f%d9%86%d8%b8%d9%81-%d8%a7%d9%84%d8%b3%d9%8a%d8%a7%d8%b1%d8%a7%d8%aa-%d8%af%d9%8a%d8%aa%d8%a7%d9%8a%d9%84%d9%8a%d9%86\/","name":"Nettoyant Voiture DETAILING - Boutique &quot;V6&quot;","isPartOf":{"@id":"https:\/\/sella-industrie.com\/#website"},"primaryImageOfPage":{"@id":"https:\/\/sella-industrie.com\/produit\/nettoyant-voiture-detailing-750ml-lustreur-5en1-cire-ceramique-%d9%85%d9%8f%d9%86%d8%b8%d9%81-%d8%a7%d9%84%d8%b3%d9%8a%d8%a7%d8%b1%d8%a7%d8%aa-%d8%af%d9%8a%d8%aa%d8%a7%d9%8a%d9%84%d9%8a%d9%86\/#primaryimage"},"image":{"@id":"https:\/\/sella-industrie.com\/produit\/nettoyant-voiture-detailing-750ml-lustreur-5en1-cire-ceramique-%d9%85%d9%8f%d9%86%d8%b8%d9%81-%d8%a7%d9%84%d8%b3%d9%8a%d8%a7%d8%b1%d8%a7%d8%aa-%d8%af%d9%8a%d8%aa%d8%a7%d9%8a%d9%84%d9%8a%d9%86\/#primaryimage"},"thumbnailUrl":"https:\/\/sella-industrie.com\/wp-content\/uploads\/2026\/04\/DETAILING.webp","datePublished":"2026-04-08T10:31:14+00:00","dateModified":"2026-04-08T15:38:13+00:00","description":"Nettoyant voiture detailing 750 ml : spray lustreur 5 en 1 avec cire c\u00e9ramique. Brillance effet miroir, protection durable, finition sans traces.","breadcrumb":{"@id":"https:\/\/sella-industrie.com\/produit\/nettoyant-voiture-detailing-750ml-lustreur-5en1-cire-ceramique-%d9%85%d9%8f%d9%86%d8%b8%d9%81-%d8%a7%d9%84%d8%b3%d9%8a%d8%a7%d8%b1%d8%a7%d8%aa-%d8%af%d9%8a%d8%aa%d8%a7%d9%8a%d9%84%d9%8a%d9%86\/#breadcrumb"},"inLanguage":"ar","potentialAction":[{"@type":"ReadAction","target":["https:\/\/sella-industrie.com\/produit\/nettoyant-voiture-detailing-750ml-lustreur-5en1-cire-ceramique-%d9%85%d9%8f%d9%86%d8%b8%d9%81-%d8%a7%d9%84%d8%b3%d9%8a%d8%a7%d8%b1%d8%a7%d8%aa-%d8%af%d9%8a%d8%aa%d8%a7%d9%8a%d9%84%d9%8a%d9%86\/"]}]},{"@type":"ImageObject","inLanguage":"ar","@id":"https:\/\/sella-industrie.com\/produit\/nettoyant-voiture-detailing-750ml-lustreur-5en1-cire-ceramique-%d9%85%d9%8f%d9%86%d8%b8%d9%81-%d8%a7%d9%84%d8%b3%d9%8a%d8%a7%d8%b1%d8%a7%d8%aa-%d8%af%d9%8a%d8%aa%d8%a7%d9%8a%d9%84%d9%8a%d9%86\/#primaryimage","url":"https:\/\/sella-industrie.com\/wp-content\/uploads\/2026\/04\/DETAILING.webp","contentUrl":"https:\/\/sella-industrie.com\/wp-content\/uploads\/2026\/04\/DETAILING.webp","width":1000,"height":1000,"caption":"Nettoyant Voiture DETAILING"},{"@type":"BreadcrumbList","@id":"https:\/\/sella-industrie.com\/produit\/nettoyant-voiture-detailing-750ml-lustreur-5en1-cire-ceramique-%d9%85%d9%8f%d9%86%d8%b8%d9%81-%d8%a7%d9%84%d8%b3%d9%8a%d8%a7%d8%b1%d8%a7%d8%aa-%d8%af%d9%8a%d8%aa%d8%a7%d9%8a%d9%84%d9%8a%d9%86\/#breadcrumb","itemListElement":[{"@type":"ListItem","position":1,"name":"Accueil","item":"https:\/\/sella-industrie.com\/fr_fr\/"},{"@type":"ListItem","position":2,"name":"Shop","item":"https:\/\/sella-industrie.com\/fr_fr\/shop\/"},{"@type":"ListItem","position":3,"name":"V6 PRO 750 ML","item":"https:\/\/sella-industrie.com\/categorie-produit\/v6-pro-750-ml\/"},{"@type":"ListItem","position":4,"name":"Nettoyant Voiture DETAILING"}]},{"@type":"WebSite","@id":"https:\/\/sella-industrie.com\/#website","url":"https:\/\/sella-industrie.com\/","name":"Boutique &quot;V6&quot;","description":"We care for your car","publisher":{"@id":"https:\/\/sella-industrie.com\/#organization"},"potentialAction":[{"@type":"SearchAction","target":{"@type":"EntryPoint","urlTemplate":"https:\/\/sella-industrie.com\/?s={search_term_string}"},"query-input":{"@type":"PropertyValueSpecification","valueRequired":true,"valueName":"search_term_string"}}],"inLanguage":"ar"},{"@type":"Organization","@id":"https:\/\/sella-industrie.com\/#organization","name":"Boutique &quot;V6&quot;","url":"https:\/\/sella-industrie.com\/","logo":{"@type":"ImageObject","inLanguage":"ar","@id":"https:\/\/sella-industrie.com\/#\/schema\/logo\/image\/","url":"","contentUrl":"","caption":"Boutique &quot;V6&quot;"},"image":{"@id":"https:\/\/sella-industrie.com\/#\/schema\/logo\/image\/"}}]},"product_price_amount":"700","product_price_currency":"DZD","og_availability":"instock","product_availability":"instock","product_condition":"new"},"_links":{"self":[{"href":"https:\/\/sella-industrie.com\/ar\/wp-json\/wp\/v2\/product\/38167","targetHints":{"allow":["GET"]}}],"collection":[{"href":"https:\/\/sella-industrie.com\/ar\/wp-json\/wp\/v2\/product"}],"about":[{"href":"https:\/\/sella-industrie.com\/ar\/wp-json\/wp\/v2\/types\/product"}],"replies":[{"embeddable":true,"href":"https:\/\/sella-industrie.com\/ar\/wp-json\/wp\/v2\/comments?post=38167"}],"wp:featuredmedia":[{"embeddable":true,"href":"https:\/\/sella-industrie.com\/ar\/wp-json\/wp\/v2\/media\/38170"}],"wp:attachment":[{"href":"https:\/\/sella-industrie.com\/ar\/wp-json\/wp\/v2\/media?parent=38167"}],"wp:term":[{"taxonomy":"product_brand","embeddable":true,"href":"https:\/\/sella-industrie.com\/ar\/wp-json\/wp\/v2\/product_brand?post=38167"},{"taxonomy":"product_cat","embeddable":true,"href":"https:\/\/sella-industrie.com\/ar\/wp-json\/wp\/v2\/product_cat?post=38167"},{"taxonomy":"product_tag","embeddable":true,"href":"https:\/\/sella-industrie.com\/ar\/wp-json\/wp\/v2\/product_tag?post=38167"}],"curies":[{"name":"wp","href":"https:\/\/api.w.org\/{rel}","templated":true}]}}