{"id":37511,"date":"2026-01-22T11:38:50","date_gmt":"2026-01-22T11:38:50","guid":{"rendered":"https:\/\/sella-industrie.com\/?post_type=product&#038;p=37511"},"modified":"2026-03-01T09:51:59","modified_gmt":"2026-03-01T09:51:59","slug":"parfum-voiture-le-flacon-parfume-luxe-fragrance-fine-%d8%b9%d8%b7%d8%b1-%d8%a7%d9%84%d8%b3%d9%8a%d8%a7%d8%b1%d8%a7%d8%aa-%d8%a7%d9%84%d9%82%d8%a7%d8%b1%d9%88%d8%b1%d8%a9-%d8%a7%d9%84%d9%81%d8%a7%d8%ae","status":"publish","type":"product","link":"https:\/\/sella-industrie.com\/ar\/product\/parfum-voiture-le-flacon-parfume-luxe-fragrance-fine-%d8%b9%d8%b7%d8%b1-%d8%a7%d9%84%d8%b3%d9%8a%d8%a7%d8%b1%d8%a7%d8%aa-%d8%a7%d9%84%d9%82%d8%a7%d8%b1%d9%88%d8%b1%d8%a9-%d8%a7%d9%84%d9%81%d8%a7%d8%ae\/","title":{"rendered":"Parfum voiture Le Flacon Parfum\u00e9"},"content":{"rendered":"<h2 style=\"text-align: center;\"><strong>Parfum voiture Le Flacon Parfum\u00e9 \u0639\u0637\u0631 \u0627\u0644\u0633\u064a\u0627\u0631\u0627\u062a \u0627\u0644\u0642\u0627\u0631\u0648\u0631\u0629 \u0627\u0644\u0641\u0627\u062e\u0631\u0629<\/strong><\/h2>\n<p>Parfum voiture <span style=\"color: #666699;\"><strong>Le Flacon Parfum\u00e9 <\/strong><\/span>Luxe Fragrance Fine, d\u00e9couvrez notre nouvelle gamme exclusive inspir\u00e9e de notes des Parfums de luxe de grandes marques, AQUAMEN \/ SILEX \/ ITALIAN BOY \/ SAUVAGE \/ LOVE GAME \/ MISS PERFECT \/ VIVIANE \/ DELPHINA. Con\u00e7ue pour transformer l\u2019int\u00e9rieur de votre <a href=\"https:\/\/www.tiktok.com\/@v6.accessoires.au\" target=\"_blank\" rel=\"noopener\">v\u00e9hicule<\/a> en un v\u00e9ritable cocon de bien-\u00eatre. Avec <span style=\"color: #ff0000;\"><strong>8<\/strong><\/span> parfums uniques, il y en a pour tous les <a href=\"https:\/\/sella-industrie.com\/ar\/product\/aquamen-parfum-automobile-fragrance-fine\/\">go\u00fbts<\/a> :<span style=\"color: #666699;\"> &#8211;<strong>\u00ab\u00a0AQUAMEN\u00a0\u00bb<\/strong><\/span>, Inspir\u00e9 de AQUA DI GIO ARMANI \/ <span style=\"color: #666699;\">&#8211;<strong>\u00ab\u00a0SILEX\u00a0\u00bb<\/strong>,<\/span> Inspir\u00e9 de TERRE D&rsquo;Herm\u00e8s \/ <span style=\"color: #666699;\"><strong>-\u00ab\u00a0ITALIAN BOY\u00a0\u00bb,<\/strong><\/span> Inspir\u00e9 de K DOLCE &amp; GABBANA \/<span style=\"color: #666699;\"> &#8211;<strong>\u00ab\u00a0SAUVAGE\u00a0\u00bb<\/strong>,<\/span> Inspir\u00e9 de SAUVAGE Dior. \/ <span style=\"color: #666699;\"><strong>-\u00ab\u00a0LOVE GAME\u00a0\u00bb<\/strong>,<\/span> Inspir\u00e9 de LADY MILLION Paco Rabanne \/ <span style=\"color: #666699;\">&#8211;<strong>\u00ab\u00a0MISS PERFECT\u00a0\u00bb<\/strong><\/span>, Inspir\u00e9 de GOOD GIRL CAROLINA HERRERA \/ <span style=\"color: #666699;\">&#8211;<strong>\u00ab\u00a0VIVIANE\u00a0\u00bb,<\/strong><\/span> Inspir\u00e9 de La vie est belle Lanc\u00f4me \/ <span style=\"color: #666699;\">&#8211;<strong>\u00ab\u00a0DELPHINA\u00a0\u00bb<\/strong>,<\/span> Inspir\u00e9 de L&rsquo;INTERDIT 2018 GIVENCHY.<\/p>\n<p style=\"text-align: right;\">\u0627\u0643\u062a\u0634\u0641 <strong>\u0639\u0637\u0631 \u0627\u0644\u0633\u064a\u0627\u0631\u0627\u062a \u0627\u0644\u0642\u0627\u0631\u0648\u0631\u0629 \u0627\u0644\u0641\u0627\u062e\u0631\u0629<\/strong>\u060c \u062b\u0645\u0627\u0646\u064a\u0629 \u0639\u0637\u0648\u0631 \u0645\u0633\u062a\u0648\u062d\u0627\u0629 \u0645\u0646 \u0627\u0644\u0639\u0644\u0627\u0645\u0627\u062a \u0627\u0644\u062a\u062c\u0627\u0631\u064a\u0629 \u0627\u0644\u0643\u0628\u0631\u0649 \u0623\u0643\u0648\u0627\u0645\u064a\u0646\u060c \u0633\u0648\u0641\u0627\u062c\u060c \u0633\u064a\u0644\u0643\u0633\u2026 \u0644\u0625\u0636\u0641\u0627\u0621 \u0644\u0645\u0633\u0629 \u0631\u0627\u0642\u064a\u0629 \u0639\u0644\u0649 \u0627\u0644\u0645\u0642\u0635\u0648\u0631\u0629 \u0627\u0644\u062f\u0627\u062e\u0644\u064a\u0629<\/p>\n<p><iframe loading=\"lazy\" title=\"Le Flacon Parfume OKK\" width=\"500\" height=\"281\" src=\"https:\/\/www.youtube.com\/embed\/66l9O54TCyM?feature=oembed\" frameborder=\"0\" allow=\"accelerometer; autoplay; clipboard-write; encrypted-media; gyroscope; picture-in-picture; web-share\" referrerpolicy=\"strict-origin-when-cross-origin\" allowfullscreen><\/iframe><\/p>","protected":false},"excerpt":{"rendered":"<h1 style=\"text-align: center;\"><strong>\u0639\u0637\u0631 \u0627\u0644\u0633\u064a\u0627\u0631\u0627\u062a \u0627\u0644\u0642\u0627\u0631\u0648\u0631\u0629 \u0627\u0644\u0641\u0627\u062e\u0631\u0629<\/strong><\/h1>\n<p>Parfum voiture <span style=\"color: #666699;\"><strong>Le Flacon Parfum\u00e9 <\/strong><\/span>Luxe Fragrance Fine, d\u00e9couvrez notre nouvelle gamme exclusive inspir\u00e9e de notes des Parfums de luxe de grandes marques, AQUAMEN \/ SILEX \/ ITALIAN BOY \/ SAUVAGE \/ LOVE GAME \/ MISS PERFECT \/ VIVIANE \/ DELPHINA.<\/p>","protected":false},"featured_media":37806,"comment_status":"open","ping_status":"closed","template":"","meta":[],"product_brand":[293,292],"product_cat":[984],"product_tag":[],"class_list":{"0":"post-37511","1":"product","2":"type-product","3":"status-publish","4":"has-post-thumbnail","6":"product_brand-sella","7":"product_brand-v6","8":"product_cat-le-flacon-parfume","10":"first","11":"instock","12":"taxable","13":"shipping-taxable","14":"purchasable","15":"product-type-variable"},"yoast_head":"<!-- This site is optimized with the Yoast SEO Premium plugin v27.1 (Yoast SEO v27.4) - https:\/\/yoast.com\/product\/yoast-seo-premium-wordpress\/ -->\n<title>Parfum voiture Le Flacon Parfum\u00e9 - Boutique &quot;V6&quot;<\/title>\n<meta name=\"description\" content=\"Parfum voiture Le Flacon Parfum\u00e9, luxe Fragrance Fine, 8 parfums inspir\u00e9s de grandes marques (AQUAMEN, SILEX, SAUVAGE\u2026). pour un habitacle raffin\u00e9.\" \/>\n<meta name=\"robots\" content=\"index, follow, max-snippet:-1, max-image-preview:large, max-video-preview:-1\" \/>\n<link rel=\"canonical\" href=\"https:\/\/sella-industrie.com\/ar\/product\/parfum-voiture-le-flacon-parfume-luxe-fragrance-fine-\u0639\u0637\u0631-\u0627\u0644\u0633\u064a\u0627\u0631\u0627\u062a-\u0627\u0644\u0642\u0627\u0631\u0648\u0631\u0629-\u0627\u0644\u0641\u0627\u062e\/\" \/>\n<meta property=\"og:locale\" content=\"ar_AR\" \/>\n<meta property=\"og:type\" content=\"article\" \/>\n<meta property=\"og:title\" content=\"Parfum voiture Le Flacon Parfum\u00e9\" \/>\n<meta property=\"og:description\" content=\"Parfum voiture Le Flacon Parfum\u00e9, luxe Fragrance Fine, 8 parfums inspir\u00e9s de grandes marques (AQUAMEN, SILEX, SAUVAGE\u2026). pour un habitacle raffin\u00e9.\" \/>\n<meta property=\"og:url\" content=\"https:\/\/sella-industrie.com\/ar\/product\/parfum-voiture-le-flacon-parfume-luxe-fragrance-fine-\u0639\u0637\u0631-\u0627\u0644\u0633\u064a\u0627\u0631\u0627\u062a-\u0627\u0644\u0642\u0627\u0631\u0648\u0631\u0629-\u0627\u0644\u0641\u0627\u062e\/\" \/>\n<meta property=\"og:site_name\" content=\"Boutique &quot;V6&quot;\" \/>\n<meta property=\"article:modified_time\" content=\"2026-03-01T09:51:59+00:00\" \/>\n<meta property=\"og:image\" content=\"https:\/\/sella-industrie.com\/wp-content\/uploads\/2026\/01\/HOMME.webp\" \/>\n\t<meta property=\"og:image:width\" content=\"1000\" \/>\n\t<meta property=\"og:image:height\" content=\"1000\" \/>\n\t<meta property=\"og:image:type\" content=\"image\/webp\" \/>\n<meta name=\"twitter:card\" content=\"summary_large_image\" \/>\n<meta name=\"twitter:label1\" content=\"\u0627\u0644\u062a\u0648\u0641\u0631\" \/>\n\t<meta name=\"twitter:data1\" content=\"\u0645\u062a\u0648\u0641\u0631 \u0641\u064a \u0627\u0644\u0645\u062e\u0632\u0648\u0646\" \/>\n<script type=\"application\/ld+json\" class=\"yoast-schema-graph\">{\"@context\":\"https:\\\/\\\/schema.org\",\"@graph\":[{\"@type\":\"WebPage\",\"@id\":\"https:\\\/\\\/sella-industrie.com\\\/produit\\\/parfum-voiture-le-flacon-parfume-luxe-fragrance-fine-%d8%b9%d8%b7%d8%b1-%d8%a7%d9%84%d8%b3%d9%8a%d8%a7%d8%b1%d8%a7%d8%aa-%d8%a7%d9%84%d9%82%d8%a7%d8%b1%d9%88%d8%b1%d8%a9-%d8%a7%d9%84%d9%81%d8%a7%d8%ae\\\/\",\"url\":\"https:\\\/\\\/sella-industrie.com\\\/produit\\\/parfum-voiture-le-flacon-parfume-luxe-fragrance-fine-%d8%b9%d8%b7%d8%b1-%d8%a7%d9%84%d8%b3%d9%8a%d8%a7%d8%b1%d8%a7%d8%aa-%d8%a7%d9%84%d9%82%d8%a7%d8%b1%d9%88%d8%b1%d8%a9-%d8%a7%d9%84%d9%81%d8%a7%d8%ae\\\/\",\"name\":\"Parfum voiture Le Flacon Parfum\u00e9 - Boutique &quot;V6&quot;\",\"isPartOf\":{\"@id\":\"https:\\\/\\\/sella-industrie.com\\\/#website\"},\"primaryImageOfPage\":{\"@id\":\"https:\\\/\\\/sella-industrie.com\\\/produit\\\/parfum-voiture-le-flacon-parfume-luxe-fragrance-fine-%d8%b9%d8%b7%d8%b1-%d8%a7%d9%84%d8%b3%d9%8a%d8%a7%d8%b1%d8%a7%d8%aa-%d8%a7%d9%84%d9%82%d8%a7%d8%b1%d9%88%d8%b1%d8%a9-%d8%a7%d9%84%d9%81%d8%a7%d8%ae\\\/#primaryimage\"},\"image\":{\"@id\":\"https:\\\/\\\/sella-industrie.com\\\/produit\\\/parfum-voiture-le-flacon-parfume-luxe-fragrance-fine-%d8%b9%d8%b7%d8%b1-%d8%a7%d9%84%d8%b3%d9%8a%d8%a7%d8%b1%d8%a7%d8%aa-%d8%a7%d9%84%d9%82%d8%a7%d8%b1%d9%88%d8%b1%d8%a9-%d8%a7%d9%84%d9%81%d8%a7%d8%ae\\\/#primaryimage\"},\"thumbnailUrl\":\"https:\\\/\\\/sella-industrie.com\\\/wp-content\\\/uploads\\\/2026\\\/01\\\/HOMME.webp\",\"datePublished\":\"2026-01-22T11:38:50+00:00\",\"dateModified\":\"2026-03-01T09:51:59+00:00\",\"description\":\"Parfum voiture Le Flacon Parfum\u00e9, luxe Fragrance Fine, 8 parfums inspir\u00e9s de grandes marques (AQUAMEN, SILEX, SAUVAGE\u2026). pour un habitacle raffin\u00e9.\",\"breadcrumb\":{\"@id\":\"https:\\\/\\\/sella-industrie.com\\\/produit\\\/parfum-voiture-le-flacon-parfume-luxe-fragrance-fine-%d8%b9%d8%b7%d8%b1-%d8%a7%d9%84%d8%b3%d9%8a%d8%a7%d8%b1%d8%a7%d8%aa-%d8%a7%d9%84%d9%82%d8%a7%d8%b1%d9%88%d8%b1%d8%a9-%d8%a7%d9%84%d9%81%d8%a7%d8%ae\\\/#breadcrumb\"},\"inLanguage\":\"ar\",\"potentialAction\":[{\"@type\":\"ReadAction\",\"target\":[\"https:\\\/\\\/sella-industrie.com\\\/produit\\\/parfum-voiture-le-flacon-parfume-luxe-fragrance-fine-%d8%b9%d8%b7%d8%b1-%d8%a7%d9%84%d8%b3%d9%8a%d8%a7%d8%b1%d8%a7%d8%aa-%d8%a7%d9%84%d9%82%d8%a7%d8%b1%d9%88%d8%b1%d8%a9-%d8%a7%d9%84%d9%81%d8%a7%d8%ae\\\/\"]}]},{\"@type\":\"ImageObject\",\"inLanguage\":\"ar\",\"@id\":\"https:\\\/\\\/sella-industrie.com\\\/produit\\\/parfum-voiture-le-flacon-parfume-luxe-fragrance-fine-%d8%b9%d8%b7%d8%b1-%d8%a7%d9%84%d8%b3%d9%8a%d8%a7%d8%b1%d8%a7%d8%aa-%d8%a7%d9%84%d9%82%d8%a7%d8%b1%d9%88%d8%b1%d8%a9-%d8%a7%d9%84%d9%81%d8%a7%d8%ae\\\/#primaryimage\",\"url\":\"https:\\\/\\\/sella-industrie.com\\\/wp-content\\\/uploads\\\/2026\\\/01\\\/HOMME.webp\",\"contentUrl\":\"https:\\\/\\\/sella-industrie.com\\\/wp-content\\\/uploads\\\/2026\\\/01\\\/HOMME.webp\",\"width\":1000,\"height\":1000,\"caption\":\"Parfum voiture Le Flacon Parfum\u00e9\"},{\"@type\":\"BreadcrumbList\",\"@id\":\"https:\\\/\\\/sella-industrie.com\\\/produit\\\/parfum-voiture-le-flacon-parfume-luxe-fragrance-fine-%d8%b9%d8%b7%d8%b1-%d8%a7%d9%84%d8%b3%d9%8a%d8%a7%d8%b1%d8%a7%d8%aa-%d8%a7%d9%84%d9%82%d8%a7%d8%b1%d9%88%d8%b1%d8%a9-%d8%a7%d9%84%d9%81%d8%a7%d8%ae\\\/#breadcrumb\",\"itemListElement\":[{\"@type\":\"ListItem\",\"position\":1,\"name\":\"Accueil\",\"item\":\"https:\\\/\\\/sella-industrie.com\\\/fr_fr\\\/\"},{\"@type\":\"ListItem\",\"position\":2,\"name\":\"Shop\",\"item\":\"https:\\\/\\\/sella-industrie.com\\\/fr_fr\\\/shop\\\/\"},{\"@type\":\"ListItem\",\"position\":3,\"name\":\"LE FLACON PARFUME\",\"item\":\"https:\\\/\\\/sella-industrie.com\\\/fr_fr\\\/categorie-produit\\\/le-flacon-parfume\\\/\"},{\"@type\":\"ListItem\",\"position\":4,\"name\":\"Parfum voiture Le Flacon Parfum\u00e9\"}]},{\"@type\":\"WebSite\",\"@id\":\"https:\\\/\\\/sella-industrie.com\\\/#website\",\"url\":\"https:\\\/\\\/sella-industrie.com\\\/\",\"name\":\"Boutique &quot;V6&quot;\",\"description\":\"We care for your car\",\"publisher\":{\"@id\":\"https:\\\/\\\/sella-industrie.com\\\/#organization\"},\"potentialAction\":[{\"@type\":\"SearchAction\",\"target\":{\"@type\":\"EntryPoint\",\"urlTemplate\":\"https:\\\/\\\/sella-industrie.com\\\/?s={search_term_string}\"},\"query-input\":{\"@type\":\"PropertyValueSpecification\",\"valueRequired\":true,\"valueName\":\"search_term_string\"}}],\"inLanguage\":\"ar\"},{\"@type\":\"Organization\",\"@id\":\"https:\\\/\\\/sella-industrie.com\\\/#organization\",\"name\":\"Boutique &quot;V6&quot;\",\"url\":\"https:\\\/\\\/sella-industrie.com\\\/\",\"logo\":{\"@type\":\"ImageObject\",\"inLanguage\":\"ar\",\"@id\":\"https:\\\/\\\/sella-industrie.com\\\/#\\\/schema\\\/logo\\\/image\\\/\",\"url\":\"\",\"contentUrl\":\"\",\"caption\":\"Boutique &quot;V6&quot;\"},\"image\":{\"@id\":\"https:\\\/\\\/sella-industrie.com\\\/#\\\/schema\\\/logo\\\/image\\\/\"}}]}<\/script>\n<meta property=\"og:availability\" content=\"instock\" \/>\n<meta property=\"product:availability\" content=\"instock\" \/>\n<meta property=\"product:condition\" content=\"new\" \/>\n<!-- \/ Yoast SEO Premium plugin. -->","yoast_head_json":{"title":"Parfum voiture Le Flacon Parfum\u00e9 - Boutique &quot;V6&quot;","description":"Parfum voiture Le Flacon Parfum\u00e9, luxe Fragrance Fine, 8 parfums inspir\u00e9s de grandes marques (AQUAMEN, SILEX, SAUVAGE\u2026). pour un habitacle raffin\u00e9.","robots":{"index":"index","follow":"follow","max-snippet":"max-snippet:-1","max-image-preview":"max-image-preview:large","max-video-preview":"max-video-preview:-1"},"canonical":"https:\/\/sella-industrie.com\/ar\/product\/parfum-voiture-le-flacon-parfume-luxe-fragrance-fine-\u0639\u0637\u0631-\u0627\u0644\u0633\u064a\u0627\u0631\u0627\u062a-\u0627\u0644\u0642\u0627\u0631\u0648\u0631\u0629-\u0627\u0644\u0641\u0627\u062e\/","og_locale":"ar_AR","og_type":"article","og_title":"Parfum voiture Le Flacon Parfum\u00e9","og_description":"Parfum voiture Le Flacon Parfum\u00e9, luxe Fragrance Fine, 8 parfums inspir\u00e9s de grandes marques (AQUAMEN, SILEX, SAUVAGE\u2026). pour un habitacle raffin\u00e9.","og_url":"https:\/\/sella-industrie.com\/ar\/product\/parfum-voiture-le-flacon-parfume-luxe-fragrance-fine-\u0639\u0637\u0631-\u0627\u0644\u0633\u064a\u0627\u0631\u0627\u062a-\u0627\u0644\u0642\u0627\u0631\u0648\u0631\u0629-\u0627\u0644\u0641\u0627\u062e\/","og_site_name":"Boutique &quot;V6&quot;","article_modified_time":"2026-03-01T09:51:59+00:00","og_image":[{"width":1000,"height":1000,"url":"https:\/\/sella-industrie.com\/wp-content\/uploads\/2026\/01\/HOMME.webp","type":"image\/webp"}],"twitter_card":"summary_large_image","twitter_misc":{"\u0627\u0644\u062a\u0648\u0641\u0631":"\u0645\u062a\u0648\u0641\u0631 \u0641\u064a \u0627\u0644\u0645\u062e\u0632\u0648\u0646"},"schema":{"@context":"https:\/\/schema.org","@graph":[{"@type":"WebPage","@id":"https:\/\/sella-industrie.com\/produit\/parfum-voiture-le-flacon-parfume-luxe-fragrance-fine-%d8%b9%d8%b7%d8%b1-%d8%a7%d9%84%d8%b3%d9%8a%d8%a7%d8%b1%d8%a7%d8%aa-%d8%a7%d9%84%d9%82%d8%a7%d8%b1%d9%88%d8%b1%d8%a9-%d8%a7%d9%84%d9%81%d8%a7%d8%ae\/","url":"https:\/\/sella-industrie.com\/produit\/parfum-voiture-le-flacon-parfume-luxe-fragrance-fine-%d8%b9%d8%b7%d8%b1-%d8%a7%d9%84%d8%b3%d9%8a%d8%a7%d8%b1%d8%a7%d8%aa-%d8%a7%d9%84%d9%82%d8%a7%d8%b1%d9%88%d8%b1%d8%a9-%d8%a7%d9%84%d9%81%d8%a7%d8%ae\/","name":"Parfum voiture Le Flacon Parfum\u00e9 - Boutique &quot;V6&quot;","isPartOf":{"@id":"https:\/\/sella-industrie.com\/#website"},"primaryImageOfPage":{"@id":"https:\/\/sella-industrie.com\/produit\/parfum-voiture-le-flacon-parfume-luxe-fragrance-fine-%d8%b9%d8%b7%d8%b1-%d8%a7%d9%84%d8%b3%d9%8a%d8%a7%d8%b1%d8%a7%d8%aa-%d8%a7%d9%84%d9%82%d8%a7%d8%b1%d9%88%d8%b1%d8%a9-%d8%a7%d9%84%d9%81%d8%a7%d8%ae\/#primaryimage"},"image":{"@id":"https:\/\/sella-industrie.com\/produit\/parfum-voiture-le-flacon-parfume-luxe-fragrance-fine-%d8%b9%d8%b7%d8%b1-%d8%a7%d9%84%d8%b3%d9%8a%d8%a7%d8%b1%d8%a7%d8%aa-%d8%a7%d9%84%d9%82%d8%a7%d8%b1%d9%88%d8%b1%d8%a9-%d8%a7%d9%84%d9%81%d8%a7%d8%ae\/#primaryimage"},"thumbnailUrl":"https:\/\/sella-industrie.com\/wp-content\/uploads\/2026\/01\/HOMME.webp","datePublished":"2026-01-22T11:38:50+00:00","dateModified":"2026-03-01T09:51:59+00:00","description":"Parfum voiture Le Flacon Parfum\u00e9, luxe Fragrance Fine, 8 parfums inspir\u00e9s de grandes marques (AQUAMEN, SILEX, SAUVAGE\u2026). pour un habitacle raffin\u00e9.","breadcrumb":{"@id":"https:\/\/sella-industrie.com\/produit\/parfum-voiture-le-flacon-parfume-luxe-fragrance-fine-%d8%b9%d8%b7%d8%b1-%d8%a7%d9%84%d8%b3%d9%8a%d8%a7%d8%b1%d8%a7%d8%aa-%d8%a7%d9%84%d9%82%d8%a7%d8%b1%d9%88%d8%b1%d8%a9-%d8%a7%d9%84%d9%81%d8%a7%d8%ae\/#breadcrumb"},"inLanguage":"ar","potentialAction":[{"@type":"ReadAction","target":["https:\/\/sella-industrie.com\/produit\/parfum-voiture-le-flacon-parfume-luxe-fragrance-fine-%d8%b9%d8%b7%d8%b1-%d8%a7%d9%84%d8%b3%d9%8a%d8%a7%d8%b1%d8%a7%d8%aa-%d8%a7%d9%84%d9%82%d8%a7%d8%b1%d9%88%d8%b1%d8%a9-%d8%a7%d9%84%d9%81%d8%a7%d8%ae\/"]}]},{"@type":"ImageObject","inLanguage":"ar","@id":"https:\/\/sella-industrie.com\/produit\/parfum-voiture-le-flacon-parfume-luxe-fragrance-fine-%d8%b9%d8%b7%d8%b1-%d8%a7%d9%84%d8%b3%d9%8a%d8%a7%d8%b1%d8%a7%d8%aa-%d8%a7%d9%84%d9%82%d8%a7%d8%b1%d9%88%d8%b1%d8%a9-%d8%a7%d9%84%d9%81%d8%a7%d8%ae\/#primaryimage","url":"https:\/\/sella-industrie.com\/wp-content\/uploads\/2026\/01\/HOMME.webp","contentUrl":"https:\/\/sella-industrie.com\/wp-content\/uploads\/2026\/01\/HOMME.webp","width":1000,"height":1000,"caption":"Parfum voiture Le Flacon Parfum\u00e9"},{"@type":"BreadcrumbList","@id":"https:\/\/sella-industrie.com\/produit\/parfum-voiture-le-flacon-parfume-luxe-fragrance-fine-%d8%b9%d8%b7%d8%b1-%d8%a7%d9%84%d8%b3%d9%8a%d8%a7%d8%b1%d8%a7%d8%aa-%d8%a7%d9%84%d9%82%d8%a7%d8%b1%d9%88%d8%b1%d8%a9-%d8%a7%d9%84%d9%81%d8%a7%d8%ae\/#breadcrumb","itemListElement":[{"@type":"ListItem","position":1,"name":"Accueil","item":"https:\/\/sella-industrie.com\/fr_fr\/"},{"@type":"ListItem","position":2,"name":"Shop","item":"https:\/\/sella-industrie.com\/fr_fr\/shop\/"},{"@type":"ListItem","position":3,"name":"LE FLACON PARFUME","item":"https:\/\/sella-industrie.com\/fr_fr\/categorie-produit\/le-flacon-parfume\/"},{"@type":"ListItem","position":4,"name":"Parfum voiture Le Flacon Parfum\u00e9"}]},{"@type":"WebSite","@id":"https:\/\/sella-industrie.com\/#website","url":"https:\/\/sella-industrie.com\/","name":"Boutique &quot;V6&quot;","description":"We care for your car","publisher":{"@id":"https:\/\/sella-industrie.com\/#organization"},"potentialAction":[{"@type":"SearchAction","target":{"@type":"EntryPoint","urlTemplate":"https:\/\/sella-industrie.com\/?s={search_term_string}"},"query-input":{"@type":"PropertyValueSpecification","valueRequired":true,"valueName":"search_term_string"}}],"inLanguage":"ar"},{"@type":"Organization","@id":"https:\/\/sella-industrie.com\/#organization","name":"Boutique &quot;V6&quot;","url":"https:\/\/sella-industrie.com\/","logo":{"@type":"ImageObject","inLanguage":"ar","@id":"https:\/\/sella-industrie.com\/#\/schema\/logo\/image\/","url":"","contentUrl":"","caption":"Boutique &quot;V6&quot;"},"image":{"@id":"https:\/\/sella-industrie.com\/#\/schema\/logo\/image\/"}}]},"og_availability":"instock","product_availability":"instock","product_condition":"new"},"_links":{"self":[{"href":"https:\/\/sella-industrie.com\/ar\/wp-json\/wp\/v2\/product\/37511","targetHints":{"allow":["GET"]}}],"collection":[{"href":"https:\/\/sella-industrie.com\/ar\/wp-json\/wp\/v2\/product"}],"about":[{"href":"https:\/\/sella-industrie.com\/ar\/wp-json\/wp\/v2\/types\/product"}],"replies":[{"embeddable":true,"href":"https:\/\/sella-industrie.com\/ar\/wp-json\/wp\/v2\/comments?post=37511"}],"wp:featuredmedia":[{"embeddable":true,"href":"https:\/\/sella-industrie.com\/ar\/wp-json\/wp\/v2\/media\/37806"}],"wp:attachment":[{"href":"https:\/\/sella-industrie.com\/ar\/wp-json\/wp\/v2\/media?parent=37511"}],"wp:term":[{"taxonomy":"product_brand","embeddable":true,"href":"https:\/\/sella-industrie.com\/ar\/wp-json\/wp\/v2\/product_brand?post=37511"},{"taxonomy":"product_cat","embeddable":true,"href":"https:\/\/sella-industrie.com\/ar\/wp-json\/wp\/v2\/product_cat?post=37511"},{"taxonomy":"product_tag","embeddable":true,"href":"https:\/\/sella-industrie.com\/ar\/wp-json\/wp\/v2\/product_tag?post=37511"}],"curies":[{"name":"wp","href":"https:\/\/api.w.org\/{rel}","templated":true}]}}