{"id":36823,"date":"2025-07-24T14:46:10","date_gmt":"2025-07-24T14:46:10","guid":{"rendered":"https:\/\/sellaindustrie.com\/?post_type=product&#038;p=36823"},"modified":"2026-02-17T15:44:41","modified_gmt":"2026-02-17T15:44:41","slug":"housse-siege-club-espagne-%d8%ba%d8%b7%d8%a7%d8%a1-%d9%85%d9%82%d8%b9%d8%af-%d9%81%d8%b1%d9%8a%d9%82-%d8%a5%d8%b3%d8%a8%d8%a7%d9%86%d9%8a%d8%a7","status":"publish","type":"product","link":"https:\/\/sella-industrie.com\/ar\/product\/housse-siege-club-espagne-%d8%ba%d8%b7%d8%a7%d8%a1-%d9%85%d9%82%d8%b9%d8%af-%d9%81%d8%b1%d9%8a%d9%82-%d8%a5%d8%b3%d8%a8%d8%a7%d9%86%d9%8a%d8%a7\/","title":{"rendered":"HOUSSE SI\u00c8GE CLUB ESPAGNE"},"content":{"rendered":"<h2 style=\"text-align: center;\"><strong>Housse si\u00e8ge Club Espagne <\/strong>\u063a\u0637\u0627\u0621 \u0645\u0642\u0639\u062f \u0641\u0631\u064a\u0642 \u0625\u0633\u0628\u0627\u0646\u064a\u0627<\/h2>\n<p><strong>Housse si\u00e8ge Club Espagne<\/strong>, universelle avec design drapeau espagnol. Protection durable, confort optimal et style sportif pour personnaliser l\u2019int\u00e9rieur de votre voiture. Con\u00e7ue pour prot\u00e9ger efficacement vos si\u00e8ges tout en apportant un style sportif inspir\u00e9 de l\u2019univers <a href=\"https:\/\/sella-industrie.com\/ar\/product\/housses-2-sieges-avant-bresil\/\">automobile espagnol<\/a>. Son design drapeau Espagne apporte une touche dynamique et chaleureuse \u00e0 l\u2019int\u00e9rieur de votre v\u00e9hicule, tout en am\u00e9liorant le confort de conduite. <a href=\"https:\/\/www.instagram.com\/v6_accessoires_auto?igsh=aXE2NjUwOG5xNnQz\" target=\"_blank\" rel=\"noopener\">Universelle<\/a>, elle s\u2019adapte \u00e0 la majorit\u00e9 des v\u00e9hicules et modernise instantan\u00e9ment votre habitacle.<\/p>\n<p style=\"text-align: right;\"><strong>\u063a\u0637\u0627\u0621 \u0645\u0642\u0639\u062f \u0641\u0631\u064a\u0642 \u0625\u0633\u0628\u0627\u0646\u064a\u0627<\/strong>\u060c \u062a\u0635\u0645\u064a\u0645 \u0639\u0627\u0644\u0645\u064a \u0628\u0639\u0644\u0645 \u0625\u0633\u0628\u0627\u0646\u064a\u0627. \u064a\u0648\u0641\u0631 \u062d\u0645\u0627\u064a\u0629 \u0645\u062a\u064a\u0646\u0629 \u0648\u0631\u0627\u062d\u0629 \u0645\u062b\u0627\u0644\u064a\u0629 \u0648\u0644\u0645\u0633\u0629 \u0631\u064a\u0627\u0636\u064a\u0629 \u0644\u0625\u0636\u0641\u0627\u0621 \u0637\u0627\u0628\u0639 \u0634\u062e\u0635\u064a \u0639\u0644\u0649 \u0645\u0642\u0635\u0648\u0631\u0629 \u0633\u064a\u0627\u0631\u062a\u0643<\/p>","protected":false},"excerpt":{"rendered":"<h1 style=\"text-align: center;\">\u063a\u0637\u0627\u0621 \u0645\u0642\u0639\u062f \u0641\u0631\u064a\u0642 \u0625\u0633\u0628\u0627\u0646\u064a\u0627<\/h1>\n<p data-start=\"448\" data-end=\"617\"><strong>Housse si\u00e8ge Club Espagne<\/strong>, universelle avec design drapeau espagnol. Protection durable, confort optimal et style sportif pour personnaliser l\u2019int\u00e9rieur de votre voiture.<\/p>","protected":false},"featured_media":30105,"comment_status":"open","ping_status":"closed","template":"","meta":[],"product_brand":[],"product_cat":[238],"product_tag":[],"class_list":{"0":"post-36823","1":"product","2":"type-product","3":"status-publish","4":"has-post-thumbnail","6":"product_cat-accessoires-auto","8":"first","9":"instock","10":"taxable","11":"shipping-taxable","12":"purchasable","13":"product-type-simple"},"yoast_head":"<!-- This site is optimized with the Yoast SEO Premium plugin v27.1 (Yoast SEO v27.4) - https:\/\/yoast.com\/product\/yoast-seo-premium-wordpress\/ -->\n<title>HOUSSE SI\u00c8GE CLUB ESPAGNE - Boutique &quot;V6&quot;<\/title>\n<meta name=\"description\" content=\"Housse si\u00e8ge Club Espagne universelle avec design drapeau espagnol. Protection durable, confort optimal et style sportif.\" \/>\n<meta name=\"robots\" content=\"index, follow, max-snippet:-1, max-image-preview:large, max-video-preview:-1\" \/>\n<link rel=\"canonical\" href=\"https:\/\/sella-industrie.com\/ar\/product\/housse-siege-club-espagne-\u063a\u0637\u0627\u0621-\u0645\u0642\u0639\u062f-\u0641\u0631\u064a\u0642-\u0625\u0633\u0628\u0627\u0646\u064a\u0627\/\" \/>\n<meta property=\"og:locale\" content=\"ar_AR\" \/>\n<meta property=\"og:type\" content=\"article\" \/>\n<meta property=\"og:title\" content=\"HOUSSE SI\u00c8GE CLUB ESPAGNE\" \/>\n<meta property=\"og:description\" content=\"Housse si\u00e8ge Club Espagne universelle avec design drapeau espagnol. Protection durable, confort optimal et style sportif.\" \/>\n<meta property=\"og:url\" content=\"https:\/\/sella-industrie.com\/ar\/product\/housse-siege-club-espagne-\u063a\u0637\u0627\u0621-\u0645\u0642\u0639\u062f-\u0641\u0631\u064a\u0642-\u0625\u0633\u0628\u0627\u0646\u064a\u0627\/\" \/>\n<meta property=\"og:site_name\" content=\"Boutique &quot;V6&quot;\" \/>\n<meta property=\"article:modified_time\" content=\"2026-02-17T15:44:41+00:00\" \/>\n<meta property=\"og:image\" content=\"https:\/\/sella-industrie.com\/wp-content\/uploads\/2024\/07\/HOUSSE-SIEGE-CLUB-ESPAGNE.png\" \/>\n\t<meta property=\"og:image:width\" content=\"1000\" \/>\n\t<meta property=\"og:image:height\" content=\"1000\" \/>\n\t<meta property=\"og:image:type\" content=\"image\/png\" \/>\n<meta name=\"twitter:card\" content=\"summary_large_image\" \/>\n<meta name=\"twitter:label1\" content=\"\u0627\u0644\u0633\u0639\u0631\" \/>\n\t<meta name=\"twitter:data1\" content=\"&#x62f;.&#x62c;&nbsp;2.050\" \/>\n\t<meta name=\"twitter:label2\" content=\"\u0627\u0644\u062a\u0648\u0641\u0631\" \/>\n\t<meta name=\"twitter:data2\" content=\"\u0645\u062a\u0648\u0641\u0631 \u0641\u064a \u0627\u0644\u0645\u062e\u0632\u0648\u0646\" \/>\n<script type=\"application\/ld+json\" class=\"yoast-schema-graph\">{\"@context\":\"https:\\\/\\\/schema.org\",\"@graph\":[{\"@type\":\"WebPage\",\"@id\":\"https:\\\/\\\/sella-industrie.com\\\/produit\\\/housse-siege-club-espagne-%d8%ba%d8%b7%d8%a7%d8%a1-%d9%85%d9%82%d8%b9%d8%af-%d9%81%d8%b1%d9%8a%d9%82-%d8%a5%d8%b3%d8%a8%d8%a7%d9%86%d9%8a%d8%a7\\\/\",\"url\":\"https:\\\/\\\/sella-industrie.com\\\/produit\\\/housse-siege-club-espagne-%d8%ba%d8%b7%d8%a7%d8%a1-%d9%85%d9%82%d8%b9%d8%af-%d9%81%d8%b1%d9%8a%d9%82-%d8%a5%d8%b3%d8%a8%d8%a7%d9%86%d9%8a%d8%a7\\\/\",\"name\":\"HOUSSE SI\u00c8GE CLUB ESPAGNE - Boutique &quot;V6&quot;\",\"isPartOf\":{\"@id\":\"https:\\\/\\\/sella-industrie.com\\\/#website\"},\"primaryImageOfPage\":{\"@id\":\"https:\\\/\\\/sella-industrie.com\\\/produit\\\/housse-siege-club-espagne-%d8%ba%d8%b7%d8%a7%d8%a1-%d9%85%d9%82%d8%b9%d8%af-%d9%81%d8%b1%d9%8a%d9%82-%d8%a5%d8%b3%d8%a8%d8%a7%d9%86%d9%8a%d8%a7\\\/#primaryimage\"},\"image\":{\"@id\":\"https:\\\/\\\/sella-industrie.com\\\/produit\\\/housse-siege-club-espagne-%d8%ba%d8%b7%d8%a7%d8%a1-%d9%85%d9%82%d8%b9%d8%af-%d9%81%d8%b1%d9%8a%d9%82-%d8%a5%d8%b3%d8%a8%d8%a7%d9%86%d9%8a%d8%a7\\\/#primaryimage\"},\"thumbnailUrl\":\"https:\\\/\\\/sella-industrie.com\\\/wp-content\\\/uploads\\\/2024\\\/07\\\/HOUSSE-SIEGE-CLUB-ESPAGNE.png\",\"datePublished\":\"2025-07-24T14:46:10+00:00\",\"dateModified\":\"2026-02-17T15:44:41+00:00\",\"description\":\"Housse si\u00e8ge Club Espagne universelle avec design drapeau espagnol. Protection durable, confort optimal et style sportif.\",\"breadcrumb\":{\"@id\":\"https:\\\/\\\/sella-industrie.com\\\/produit\\\/housse-siege-club-espagne-%d8%ba%d8%b7%d8%a7%d8%a1-%d9%85%d9%82%d8%b9%d8%af-%d9%81%d8%b1%d9%8a%d9%82-%d8%a5%d8%b3%d8%a8%d8%a7%d9%86%d9%8a%d8%a7\\\/#breadcrumb\"},\"inLanguage\":\"ar\",\"potentialAction\":[{\"@type\":\"ReadAction\",\"target\":[\"https:\\\/\\\/sella-industrie.com\\\/produit\\\/housse-siege-club-espagne-%d8%ba%d8%b7%d8%a7%d8%a1-%d9%85%d9%82%d8%b9%d8%af-%d9%81%d8%b1%d9%8a%d9%82-%d8%a5%d8%b3%d8%a8%d8%a7%d9%86%d9%8a%d8%a7\\\/\"]}]},{\"@type\":\"ImageObject\",\"inLanguage\":\"ar\",\"@id\":\"https:\\\/\\\/sella-industrie.com\\\/produit\\\/housse-siege-club-espagne-%d8%ba%d8%b7%d8%a7%d8%a1-%d9%85%d9%82%d8%b9%d8%af-%d9%81%d8%b1%d9%8a%d9%82-%d8%a5%d8%b3%d8%a8%d8%a7%d9%86%d9%8a%d8%a7\\\/#primaryimage\",\"url\":\"https:\\\/\\\/sella-industrie.com\\\/wp-content\\\/uploads\\\/2024\\\/07\\\/HOUSSE-SIEGE-CLUB-ESPAGNE.png\",\"contentUrl\":\"https:\\\/\\\/sella-industrie.com\\\/wp-content\\\/uploads\\\/2024\\\/07\\\/HOUSSE-SIEGE-CLUB-ESPAGNE.png\",\"width\":1000,\"height\":1000,\"caption\":\"HOUSSE SI\u00c8GE CLUB ESPAGNE\"},{\"@type\":\"BreadcrumbList\",\"@id\":\"https:\\\/\\\/sella-industrie.com\\\/produit\\\/housse-siege-club-espagne-%d8%ba%d8%b7%d8%a7%d8%a1-%d9%85%d9%82%d8%b9%d8%af-%d9%81%d8%b1%d9%8a%d9%82-%d8%a5%d8%b3%d8%a8%d8%a7%d9%86%d9%8a%d8%a7\\\/#breadcrumb\",\"itemListElement\":[{\"@type\":\"ListItem\",\"position\":1,\"name\":\"Accueil\",\"item\":\"https:\\\/\\\/sella-industrie.com\\\/fr_fr\\\/\"},{\"@type\":\"ListItem\",\"position\":2,\"name\":\"Shop\",\"item\":\"https:\\\/\\\/sella-industrie.com\\\/fr_fr\\\/shop\\\/\"},{\"@type\":\"ListItem\",\"position\":3,\"name\":\"Accessoires Auto\",\"item\":\"https:\\\/\\\/sella-industrie.com\\\/categorie-produit\\\/accessoires-auto\\\/\"},{\"@type\":\"ListItem\",\"position\":4,\"name\":\"HOUSSE SI\u00c8GE CLUB ESPAGNE\"}]},{\"@type\":\"WebSite\",\"@id\":\"https:\\\/\\\/sella-industrie.com\\\/#website\",\"url\":\"https:\\\/\\\/sella-industrie.com\\\/\",\"name\":\"Boutique &quot;V6&quot;\",\"description\":\"We care for your car\",\"publisher\":{\"@id\":\"https:\\\/\\\/sella-industrie.com\\\/#organization\"},\"potentialAction\":[{\"@type\":\"SearchAction\",\"target\":{\"@type\":\"EntryPoint\",\"urlTemplate\":\"https:\\\/\\\/sella-industrie.com\\\/?s={search_term_string}\"},\"query-input\":{\"@type\":\"PropertyValueSpecification\",\"valueRequired\":true,\"valueName\":\"search_term_string\"}}],\"inLanguage\":\"ar\"},{\"@type\":\"Organization\",\"@id\":\"https:\\\/\\\/sella-industrie.com\\\/#organization\",\"name\":\"Boutique &quot;V6&quot;\",\"url\":\"https:\\\/\\\/sella-industrie.com\\\/\",\"logo\":{\"@type\":\"ImageObject\",\"inLanguage\":\"ar\",\"@id\":\"https:\\\/\\\/sella-industrie.com\\\/#\\\/schema\\\/logo\\\/image\\\/\",\"url\":\"\",\"contentUrl\":\"\",\"caption\":\"Boutique &quot;V6&quot;\"},\"image\":{\"@id\":\"https:\\\/\\\/sella-industrie.com\\\/#\\\/schema\\\/logo\\\/image\\\/\"}}]}<\/script>\n<meta property=\"product:price:amount\" content=\"2050\" \/>\n<meta property=\"product:price:currency\" content=\"DZD\" \/>\n<meta property=\"og:availability\" content=\"instock\" \/>\n<meta property=\"product:availability\" content=\"instock\" \/>\n<meta property=\"product:condition\" content=\"new\" \/>\n<!-- \/ Yoast SEO Premium plugin. -->","yoast_head_json":{"title":"HOUSSE SI\u00c8GE CLUB ESPAGNE - Boutique &quot;V6&quot;","description":"Housse si\u00e8ge Club Espagne universelle avec design drapeau espagnol. Protection durable, confort optimal et style sportif.","robots":{"index":"index","follow":"follow","max-snippet":"max-snippet:-1","max-image-preview":"max-image-preview:large","max-video-preview":"max-video-preview:-1"},"canonical":"https:\/\/sella-industrie.com\/ar\/product\/housse-siege-club-espagne-\u063a\u0637\u0627\u0621-\u0645\u0642\u0639\u062f-\u0641\u0631\u064a\u0642-\u0625\u0633\u0628\u0627\u0646\u064a\u0627\/","og_locale":"ar_AR","og_type":"article","og_title":"HOUSSE SI\u00c8GE CLUB ESPAGNE","og_description":"Housse si\u00e8ge Club Espagne universelle avec design drapeau espagnol. Protection durable, confort optimal et style sportif.","og_url":"https:\/\/sella-industrie.com\/ar\/product\/housse-siege-club-espagne-\u063a\u0637\u0627\u0621-\u0645\u0642\u0639\u062f-\u0641\u0631\u064a\u0642-\u0625\u0633\u0628\u0627\u0646\u064a\u0627\/","og_site_name":"Boutique &quot;V6&quot;","article_modified_time":"2026-02-17T15:44:41+00:00","og_image":[{"width":1000,"height":1000,"url":"https:\/\/sella-industrie.com\/wp-content\/uploads\/2024\/07\/HOUSSE-SIEGE-CLUB-ESPAGNE.png","type":"image\/png"}],"twitter_card":"summary_large_image","twitter_misc":{"\u0627\u0644\u0633\u0639\u0631":"&#x62f;.&#x62c;&nbsp;2.050","\u0627\u0644\u062a\u0648\u0641\u0631":"\u0645\u062a\u0648\u0641\u0631 \u0641\u064a \u0627\u0644\u0645\u062e\u0632\u0648\u0646"},"schema":{"@context":"https:\/\/schema.org","@graph":[{"@type":"WebPage","@id":"https:\/\/sella-industrie.com\/produit\/housse-siege-club-espagne-%d8%ba%d8%b7%d8%a7%d8%a1-%d9%85%d9%82%d8%b9%d8%af-%d9%81%d8%b1%d9%8a%d9%82-%d8%a5%d8%b3%d8%a8%d8%a7%d9%86%d9%8a%d8%a7\/","url":"https:\/\/sella-industrie.com\/produit\/housse-siege-club-espagne-%d8%ba%d8%b7%d8%a7%d8%a1-%d9%85%d9%82%d8%b9%d8%af-%d9%81%d8%b1%d9%8a%d9%82-%d8%a5%d8%b3%d8%a8%d8%a7%d9%86%d9%8a%d8%a7\/","name":"HOUSSE SI\u00c8GE CLUB ESPAGNE - Boutique &quot;V6&quot;","isPartOf":{"@id":"https:\/\/sella-industrie.com\/#website"},"primaryImageOfPage":{"@id":"https:\/\/sella-industrie.com\/produit\/housse-siege-club-espagne-%d8%ba%d8%b7%d8%a7%d8%a1-%d9%85%d9%82%d8%b9%d8%af-%d9%81%d8%b1%d9%8a%d9%82-%d8%a5%d8%b3%d8%a8%d8%a7%d9%86%d9%8a%d8%a7\/#primaryimage"},"image":{"@id":"https:\/\/sella-industrie.com\/produit\/housse-siege-club-espagne-%d8%ba%d8%b7%d8%a7%d8%a1-%d9%85%d9%82%d8%b9%d8%af-%d9%81%d8%b1%d9%8a%d9%82-%d8%a5%d8%b3%d8%a8%d8%a7%d9%86%d9%8a%d8%a7\/#primaryimage"},"thumbnailUrl":"https:\/\/sella-industrie.com\/wp-content\/uploads\/2024\/07\/HOUSSE-SIEGE-CLUB-ESPAGNE.png","datePublished":"2025-07-24T14:46:10+00:00","dateModified":"2026-02-17T15:44:41+00:00","description":"Housse si\u00e8ge Club Espagne universelle avec design drapeau espagnol. Protection durable, confort optimal et style sportif.","breadcrumb":{"@id":"https:\/\/sella-industrie.com\/produit\/housse-siege-club-espagne-%d8%ba%d8%b7%d8%a7%d8%a1-%d9%85%d9%82%d8%b9%d8%af-%d9%81%d8%b1%d9%8a%d9%82-%d8%a5%d8%b3%d8%a8%d8%a7%d9%86%d9%8a%d8%a7\/#breadcrumb"},"inLanguage":"ar","potentialAction":[{"@type":"ReadAction","target":["https:\/\/sella-industrie.com\/produit\/housse-siege-club-espagne-%d8%ba%d8%b7%d8%a7%d8%a1-%d9%85%d9%82%d8%b9%d8%af-%d9%81%d8%b1%d9%8a%d9%82-%d8%a5%d8%b3%d8%a8%d8%a7%d9%86%d9%8a%d8%a7\/"]}]},{"@type":"ImageObject","inLanguage":"ar","@id":"https:\/\/sella-industrie.com\/produit\/housse-siege-club-espagne-%d8%ba%d8%b7%d8%a7%d8%a1-%d9%85%d9%82%d8%b9%d8%af-%d9%81%d8%b1%d9%8a%d9%82-%d8%a5%d8%b3%d8%a8%d8%a7%d9%86%d9%8a%d8%a7\/#primaryimage","url":"https:\/\/sella-industrie.com\/wp-content\/uploads\/2024\/07\/HOUSSE-SIEGE-CLUB-ESPAGNE.png","contentUrl":"https:\/\/sella-industrie.com\/wp-content\/uploads\/2024\/07\/HOUSSE-SIEGE-CLUB-ESPAGNE.png","width":1000,"height":1000,"caption":"HOUSSE SI\u00c8GE CLUB ESPAGNE"},{"@type":"BreadcrumbList","@id":"https:\/\/sella-industrie.com\/produit\/housse-siege-club-espagne-%d8%ba%d8%b7%d8%a7%d8%a1-%d9%85%d9%82%d8%b9%d8%af-%d9%81%d8%b1%d9%8a%d9%82-%d8%a5%d8%b3%d8%a8%d8%a7%d9%86%d9%8a%d8%a7\/#breadcrumb","itemListElement":[{"@type":"ListItem","position":1,"name":"Accueil","item":"https:\/\/sella-industrie.com\/fr_fr\/"},{"@type":"ListItem","position":2,"name":"Shop","item":"https:\/\/sella-industrie.com\/fr_fr\/shop\/"},{"@type":"ListItem","position":3,"name":"Accessoires Auto","item":"https:\/\/sella-industrie.com\/categorie-produit\/accessoires-auto\/"},{"@type":"ListItem","position":4,"name":"HOUSSE SI\u00c8GE CLUB ESPAGNE"}]},{"@type":"WebSite","@id":"https:\/\/sella-industrie.com\/#website","url":"https:\/\/sella-industrie.com\/","name":"Boutique &quot;V6&quot;","description":"We care for your car","publisher":{"@id":"https:\/\/sella-industrie.com\/#organization"},"potentialAction":[{"@type":"SearchAction","target":{"@type":"EntryPoint","urlTemplate":"https:\/\/sella-industrie.com\/?s={search_term_string}"},"query-input":{"@type":"PropertyValueSpecification","valueRequired":true,"valueName":"search_term_string"}}],"inLanguage":"ar"},{"@type":"Organization","@id":"https:\/\/sella-industrie.com\/#organization","name":"Boutique &quot;V6&quot;","url":"https:\/\/sella-industrie.com\/","logo":{"@type":"ImageObject","inLanguage":"ar","@id":"https:\/\/sella-industrie.com\/#\/schema\/logo\/image\/","url":"","contentUrl":"","caption":"Boutique &quot;V6&quot;"},"image":{"@id":"https:\/\/sella-industrie.com\/#\/schema\/logo\/image\/"}}]},"product_price_amount":"2050","product_price_currency":"DZD","og_availability":"instock","product_availability":"instock","product_condition":"new"},"_links":{"self":[{"href":"https:\/\/sella-industrie.com\/ar\/wp-json\/wp\/v2\/product\/36823","targetHints":{"allow":["GET"]}}],"collection":[{"href":"https:\/\/sella-industrie.com\/ar\/wp-json\/wp\/v2\/product"}],"about":[{"href":"https:\/\/sella-industrie.com\/ar\/wp-json\/wp\/v2\/types\/product"}],"replies":[{"embeddable":true,"href":"https:\/\/sella-industrie.com\/ar\/wp-json\/wp\/v2\/comments?post=36823"}],"wp:featuredmedia":[{"embeddable":true,"href":"https:\/\/sella-industrie.com\/ar\/wp-json\/wp\/v2\/media\/30105"}],"wp:attachment":[{"href":"https:\/\/sella-industrie.com\/ar\/wp-json\/wp\/v2\/media?parent=36823"}],"wp:term":[{"taxonomy":"product_brand","embeddable":true,"href":"https:\/\/sella-industrie.com\/ar\/wp-json\/wp\/v2\/product_brand?post=36823"},{"taxonomy":"product_cat","embeddable":true,"href":"https:\/\/sella-industrie.com\/ar\/wp-json\/wp\/v2\/product_cat?post=36823"},{"taxonomy":"product_tag","embeddable":true,"href":"https:\/\/sella-industrie.com\/ar\/wp-json\/wp\/v2\/product_tag?post=36823"}],"curies":[{"name":"wp","href":"https:\/\/api.w.org\/{rel}","templated":true}]}}