{"id":36570,"date":"2025-07-21T14:14:43","date_gmt":"2025-07-21T14:14:43","guid":{"rendered":"https:\/\/sellaindustrie.com\/?post_type=product&#038;p=36570"},"modified":"2025-07-24T10:55:39","modified_gmt":"2025-07-24T10:55:39","slug":"pack-lavage","status":"publish","type":"product","link":"https:\/\/sella-industrie.com\/ar\/product\/pack-lavage\/","title":{"rendered":"PACK LAVAGE"},"content":{"rendered":"<h2 style=\"text-align: center;\">PACK LAVAGE, \u0639\u0631\u0636 \u0627\u0644\u062a\u0646\u0638\u064a\u0641<\/h2>\n<p style=\"text-align: center;\"><span style=\"color: #666699;\"><strong>AUTOSHAMPOO 1 KG + EASYLUX +<\/strong> <strong>UNICLEAN<\/strong>\u00a0+ <strong>SPRAY PARFUM D&rsquo;AMBIANCE 280 ML <\/strong><strong>+ SERVIETTE MICROFIBRE-CHAMOIS + EPONGE PROFESSIONNELLE\u00a0<\/strong><\/span><br \/>\n<span style=\"color: #666699;\"><strong><span class=\"Y2IQFc\" lang=\"ar\">\u00a0\u0639\u0637\u0631 \u062c\u0648 280 \u0645\u0644 + \u0627\u0633\u0641\u0646\u062c\u0629 \u0627\u062d\u062a\u0631\u0627\u0641\u064a\u0629 + \u0645\u0646\u0634\u0641\u0629 \u0645\u064a\u0643\u0631\u0648\u0641\u064a\u0628\u0631 \u0634\u0627\u0645\u0648\u0627 <\/span>+ \u0633\u0643\u0627\u064a \u0644\u0648\u0643\u0633 + <span class=\"Y2IQFc\" lang=\"ar\">\u0627\u0648\u0646\u064a \u0643\u0644\u064a\u0646 + \u0625\u064a\u0632\u064a \u0644\u0648\u0643\u0633 + \u0627\u0648\u062a\u0648 \u0634\u0627\u0645\u0628\u0648<\/span><\/strong><strong> 1 \u0643\u063a\u00a0\u00a0<\/strong><\/span><\/p>\n<p><span style=\"color: #666699;\"><strong>&#8211; Lustrant Carrosserie (V6, 500 ml) \u00ab\u00a0EASYLUX\u00a0\u00bb:<\/strong><\/span> Redonne la brillance et l\u2019\u00e9clat a votre carrosserie et \u00e0 toutes les pi\u00e8ces peintes du v\u00e9hicule et m\u00eames les motos sans endommager les parties en plastiques<br \/>\n<span style=\"color: #666699;\"><strong>-Nettoyant Multi-Usage maisons et voitures (V6, 500 ml) \u00ab\u00a0<\/strong><strong>UNICLEAN\u00a0\u00bb<\/strong><strong>:<\/strong><\/span> Convient \u00e0 toute surface lavable \/ Ne n\u00e9cessite pas de rin\u00e7age \/ Hautement diluable.<br \/>\n<span style=\"color: #666699;\"><strong>-Shampoing Neutre Automobile, V6 PRO 1L \u00ab\u00a0AUTOSHAMPOO DETAILING\u00a0\u00bb <span style=\"color: #ff0000;\">(C) <\/span>:<\/strong><\/span> Finition brillante\u00b2 intense \/ D\u00e9graisse en profondeur \/ Prot\u00e8ge &amp; ne laisse pas de traces.<\/p>\n<p><span style=\"color: #666699;\"><strong>TH\u00c9 VERT &amp; BAMBOO : Puret\u00e9 v\u00e9g\u00e9tale et zen attitude, une escapade sensorielle.. <span style=\"color: #000000;\">Parfum d&rsquo;Ambiance<\/span> <span style=\"color: #000000;\">pour maisons, voitures, textiles &amp; bureaux. Il procure une sensation agr\u00e9able de fraicheur dans toute la maison. <span style=\"color: #ff0000;\">85% de base naturelle ne contient pas d&rsquo;alcool.<\/span>\u00a0<\/span>\u00a0<\/strong><\/span><\/p>\n<p style=\"text-align: right;\">\u00a0.<strong style=\"color: #666699;\">\u0625\u064a\u0632\u064a \u0644\u0648\u0643\u0633\u00a0\u00bb: <\/strong><strong><span style=\"color: #000000;\">\u064a<\/span><\/strong><strong><span style=\"color: #000000;\">\u0639\u064a\u062f \u0627\u0644\u0644\u0645\u0639\u0627\u0646 \u0648\u0627\u0644\u0628\u0631\u064a\u0642 \u0644\u0647\u064a\u0643\u0644 \u0633\u064a\u0627\u0631\u062a\u0643 \u0648\u062c\u0645\u064a\u0639 \u0627\u0644\u0623\u062c\u0632\u0627\u0621 \u0627\u0644\u0645\u0637\u0644\u064a\u0629 \u0645\u0646 \u0627\u0644\u0633\u064a\u0627\u0631\u0629 \u0648\u062d\u062a\u0649 \u0627\u0644\u062f\u0631\u0627\u062c\u0627\u062a \u0627\u0644\u0646\u0627\u0631\u064a\u0629 \u062f\u0648\u0646 \u0625\u062a\u0644\u0627\u0641 \u0627\u0644\u0623\u062c\u0632\u0627\u0621 \u0627\u0644\u0628\u0644\u0627\u0633\u062a\u064a\u0643\u064a\u0629<\/span><\/strong>\u00a0\u00bb <span style=\"color: #666699;\"><strong>(V6, \u0645\u0644\u0645\u0639 \u0647\u064a\u0643\u0644 \u0627\u0644\u0633\u064a\u0627\u0631\u0629 (500 \u0645\u0644<\/strong><\/span><br \/>\n.<span style=\"color: #666699;\"><strong>\u0645\u0646\u0638\u0641 \u0645\u062a\u0639\u062f\u062f \u0627\u0644\u0627\u0633\u062a\u062e\u062f\u0627\u0645 \u0644\u0644\u0645\u0646\u0632\u0644\u060c \u0648\u0627\u0644\u0633\u064a\u0627\u0631\u0629 \u00ab\u00a0\u064a\u0648\u0646\u064a\u0643\u0644\u064a\u0646\u00a0\u00bb: <span style=\"color: #000000;\">\u0645<\/span><\/strong><\/span><strong><span style=\"color: #000000;\">\u0646\u0627\u0633\u0628 \u0644\u062c\u0645\u064a\u0639 \u0627\u0644\u0623\u0633\u0637\u062d \u0627\u0644\u0642\u0627\u0628\u0644\u0629 \u0644\u0644\u063a\u0633\u0644 \/ \u0644\u0627 \u064a\u062a\u0637\u0644\u0628 \u0634\u0637\u0641\u064b\u0627 \/ \u0642\u0627\u0628\u0644 \u0644\u0644\u062a\u062e\u0641\u064a\u0641 \u0628\u062f\u0631\u062c\u0629 \u0639\u0627\u0644\u064a\u0629<\/span><\/strong> <span style=\"color: #666699;\"><strong>(V6, 500 ml)<\/strong><\/span><br \/>\n<span style=\"color: #666699;\"><strong>.\u0634\u0627\u0645\u0628\u0648 \u062d\u064a\u0627\u062f\u064a \u0644\u0644\u0633\u064a\u0627\u0631\u0629\u060c \u00ab\u00a0\u0623\u0648\u062a\u0648\u0634\u0627\u0645\u0628\u0648 \u062f\u064a\u062a\u0627\u064a\u0644\u064a\u0646<\/strong>\u00ab\u00a0<span style=\"color: #000000;\"><strong>:<\/strong><\/span><\/span><span style=\"color: #000000;\"><strong> \u0644\u0645\u0633\u0629 \u0646\u0647\u0627\u0626\u064a\u0629 \u0644\u0627\u0645\u0639\u0629 \u0645\u0643\u062b\u0641\u0629 \/ \u0625\u0632\u0627\u0644\u0629 \u0627\u0644\u0634\u062d\u0648\u0645 \u0628\u0639\u0645\u0642 \/ \u062d\u0645\u0627\u064a\u0629 \u0648\u0644\u0627 \u062a\u062a\u0631\u0643 \u0639\u0644\u0627\u0645\u0627\u062a<\/strong><\/span><\/p>\n<p style=\"text-align: right;\"><strong><span style=\"color: #666699;\">\u00ab\u00a0\u0634\u0627\u064a \u0623\u062e\u0636\u0631 \u0648\u0628\u0627\u0645\u0628\u0648: <span style=\"color: #000000;\">\u0646\u0642\u0627\u0621 \u0646\u0628\u0627\u062a\u064a \u0648\u0631\u0648\u062d \u0647\u0627\u062f\u0626\u0629\u060c \u0645\u0644\u0627\u0630 \u062d\u0633\u064a<\/span><\/span><span style=\"color: #000000;\">.<\/span> \u0645\u0646\u0627\u0633\u0628 \u0644\u0644\u0645\u0646\u0627\u0632\u0644 \u0648\u0627\u0644\u0633\u064a\u0627\u0631\u0627\u062a \u0648\u0627\u0644\u0645\u0646\u0633\u0648\u062c\u0627\u062a \u0648\u0627\u0644\u0645\u0643\u0627\u062a\u0628. \u0647\u0630\u0627 \u0639\u0637\u0631 \u0627\u0644\u062c\u0648 280 \u0645\u0644\u060c \u064a\u0645\u0646\u062d\u0643 \u0634\u0639\u0648\u0631\u064b\u0627 \u0628\u0627\u0644\u0627\u0646\u062a\u0639\u0627\u0634 \u0641\u064a \u0623\u0631\u062c\u0627\u0621 \u0627\u0644\u0645\u0646\u0632\u0644. \u064a\u0645\u0643\u0646 \u0627\u0633\u062a\u062e\u062f\u0627\u0645\u0647 \u0639\u0644\u0649 \u0627\u0644\u0633\u062c\u0627\u062f \u0648\u0627\u0644\u062e\u0632\u0627\u0626\u0646 \u0648\u063a\u0631\u0641 \u0627\u0644\u0645\u0639\u064a\u0634\u0629\u060c \u0648\u062d\u062a\u0649 \u062f\u0627\u062e\u0644 \u0627\u0644\u0633\u064a\u0627\u0631\u0627\u062a.<span style=\"color: #ff0000;\">\u00a0\u0637\u0628\u064a\u0639\u064a \u0628\u0646\u0633\u0628\u0629 85 \u0648\u062e\u0627\u0644 \u0645\u0646 \u0627\u0644\u0643\u062d\u0648\u0644<\/span><\/strong><\/p>\n<p><iframe loading=\"lazy\" title=\"Parfums 280 Ml\" width=\"500\" height=\"281\" src=\"https:\/\/www.youtube.com\/embed\/zeJY4fCR1dk?feature=oembed\" frameborder=\"0\" allow=\"accelerometer; autoplay; clipboard-write; encrypted-media; gyroscope; picture-in-picture; web-share\" referrerpolicy=\"strict-origin-when-cross-origin\" allowfullscreen><\/iframe><\/p>\n<p><iframe loading=\"lazy\" title=\"V6, 500 Ml\" width=\"500\" height=\"281\" src=\"https:\/\/www.youtube.com\/embed\/amdnrqXcXN0?feature=oembed\" frameborder=\"0\" allow=\"accelerometer; autoplay; clipboard-write; encrypted-media; gyroscope; picture-in-picture; web-share\" referrerpolicy=\"strict-origin-when-cross-origin\" allowfullscreen><\/iframe><\/p>","protected":false},"excerpt":{"rendered":"<h2 style=\"text-align: center;\">\u0639\u0631\u0636 \u0627\u0644\u062a\u0646\u0638\u064a\u0641<\/h2>\n<p><span style=\"color: #666699;\"><strong>&#8211; Lustrant Carrosserie (V6, 500 ml) \u00ab\u00a0EASYLUX\u00a0\u00bb<\/strong><\/span><br \/>\n<span style=\"color: #666699;\"><strong>&#8211; Nettoyant Multi-Usage maisons et voitures (V6, 500 ml) \u00ab\u00a0<\/strong><strong>UNICLEAN\u00a0\u00bb<\/strong><\/span><br \/>\n<span style=\"color: #666699;\"><strong>&#8211; Shampoing Neutre Automobile, V6 PRO 1L \u00ab\u00a0AUTOSHAMPOO DETAILING\u00a0\u00bb<\/strong><\/span><br \/>\n<span style=\"color: #666699;\"><strong>&#8211; Parfum d&rsquo;Ambiance.<\/strong><\/span><br \/>\n<span style=\"color: #666699;\"><strong>&#8211; SERVIETTE MICROFIBRE-CHAMOIS<\/strong><\/span><br \/>\n<span style=\"color: #666699;\"><strong>&#8211; EPONGE PROFESSIONNELLE<\/strong><\/span><\/p>","protected":false},"featured_media":36578,"comment_status":"open","ping_status":"closed","template":"","meta":[],"product_brand":[292,293],"product_cat":[961],"product_tag":[309],"class_list":{"0":"post-36570","1":"product","2":"type-product","3":"status-publish","4":"has-post-thumbnail","6":"product_brand-v6","7":"product_brand-sella","8":"product_cat-pack-lavage","9":"product_tag-new","11":"first","12":"instock","13":"taxable","14":"shipping-taxable","15":"purchasable","16":"product-type-simple"},"yoast_head":"<!-- This site is optimized with the Yoast SEO plugin v27.4 - https:\/\/yoast.com\/product\/yoast-seo-wordpress\/ -->\n<title>PACK LAVAGE - Boutique &quot;V6&quot;<\/title>\n<meta name=\"robots\" content=\"index, follow, max-snippet:-1, max-image-preview:large, max-video-preview:-1\" \/>\n<link rel=\"canonical\" href=\"https:\/\/sella-industrie.com\/ar\/product\/pack-lavage\/\" \/>\n<meta property=\"og:locale\" content=\"ar_AR\" \/>\n<meta property=\"og:type\" content=\"article\" \/>\n<meta property=\"og:title\" content=\"PACK LAVAGE - Boutique &quot;V6&quot;\" \/>\n<meta property=\"og:description\" content=\"\u0639\u0631\u0636 \u0627\u0644\u062a\u0646\u0638\u064a\u0641 - Lustrant Carrosserie (V6, 500 ml) &quot;EASYLUX&quot; - Nettoyant Multi-Usage maisons et voitures (V6, 500 ml) &quot;UNICLEAN&quot; - Shampoing Neutre Automobile, V6 PRO 1L &quot;AUTOSHAMPOO DETAILING&quot; - Parfum d&#039;Ambiance. - SERVIETTE MICROFIBRE-CHAMOIS - EPONGE PROFESSIONNELLE\" \/>\n<meta property=\"og:url\" content=\"https:\/\/sella-industrie.com\/ar\/product\/pack-lavage\/\" \/>\n<meta property=\"og:site_name\" content=\"Boutique &quot;V6&quot;\" \/>\n<meta property=\"article:modified_time\" content=\"2025-07-24T10:55:39+00:00\" \/>\n<meta property=\"og:image\" content=\"https:\/\/sella-industrie.com\/wp-content\/uploads\/2025\/07\/CAR-CARE-PACK-LAVAGE.png\" \/>\n\t<meta property=\"og:image:width\" content=\"1000\" \/>\n\t<meta property=\"og:image:height\" content=\"1000\" \/>\n\t<meta property=\"og:image:type\" content=\"image\/png\" \/>\n<meta name=\"twitter:card\" content=\"summary_large_image\" \/>\n<meta name=\"twitter:label1\" content=\"\u0627\u0644\u0633\u0639\u0631\" \/>\n\t<meta name=\"twitter:data1\" content=\"&#x62f;.&#x62c;&nbsp;3.730\" \/>\n\t<meta name=\"twitter:label2\" content=\"\u0627\u0644\u062a\u0648\u0641\u0631\" \/>\n\t<meta name=\"twitter:data2\" content=\"\u0645\u062a\u0648\u0641\u0631 \u0641\u064a \u0627\u0644\u0645\u062e\u0632\u0648\u0646\" \/>\n<script type=\"application\/ld+json\" class=\"yoast-schema-graph\">{\"@context\":\"https:\\\/\\\/schema.org\",\"@graph\":[{\"@type\":\"WebPage\",\"@id\":\"https:\\\/\\\/sella-industrie.com\\\/produit\\\/pack-lavage\\\/\",\"url\":\"https:\\\/\\\/sella-industrie.com\\\/produit\\\/pack-lavage\\\/\",\"name\":\"PACK LAVAGE - Boutique &quot;V6&quot;\",\"isPartOf\":{\"@id\":\"https:\\\/\\\/sella-industrie.com\\\/#website\"},\"primaryImageOfPage\":{\"@id\":\"https:\\\/\\\/sella-industrie.com\\\/produit\\\/pack-lavage\\\/#primaryimage\"},\"image\":{\"@id\":\"https:\\\/\\\/sella-industrie.com\\\/produit\\\/pack-lavage\\\/#primaryimage\"},\"thumbnailUrl\":\"https:\\\/\\\/sella-industrie.com\\\/wp-content\\\/uploads\\\/2025\\\/07\\\/CAR-CARE-PACK-LAVAGE.png\",\"datePublished\":\"2025-07-21T14:14:43+00:00\",\"dateModified\":\"2025-07-24T10:55:39+00:00\",\"breadcrumb\":{\"@id\":\"https:\\\/\\\/sella-industrie.com\\\/produit\\\/pack-lavage\\\/#breadcrumb\"},\"inLanguage\":\"ar\",\"potentialAction\":[{\"@type\":\"ReadAction\",\"target\":[\"https:\\\/\\\/sella-industrie.com\\\/produit\\\/pack-lavage\\\/\"]}]},{\"@type\":\"ImageObject\",\"inLanguage\":\"ar\",\"@id\":\"https:\\\/\\\/sella-industrie.com\\\/produit\\\/pack-lavage\\\/#primaryimage\",\"url\":\"https:\\\/\\\/sella-industrie.com\\\/wp-content\\\/uploads\\\/2025\\\/07\\\/CAR-CARE-PACK-LAVAGE.png\",\"contentUrl\":\"https:\\\/\\\/sella-industrie.com\\\/wp-content\\\/uploads\\\/2025\\\/07\\\/CAR-CARE-PACK-LAVAGE.png\",\"width\":1000,\"height\":1000,\"caption\":\"PACK LAVAGE\"},{\"@type\":\"BreadcrumbList\",\"@id\":\"https:\\\/\\\/sella-industrie.com\\\/produit\\\/pack-lavage\\\/#breadcrumb\",\"itemListElement\":[{\"@type\":\"ListItem\",\"position\":1,\"name\":\"Accueil\",\"item\":\"https:\\\/\\\/sella-industrie.com\\\/fr_fr\\\/\"},{\"@type\":\"ListItem\",\"position\":2,\"name\":\"Shop\",\"item\":\"https:\\\/\\\/sella-industrie.com\\\/fr_fr\\\/shop\\\/\"},{\"@type\":\"ListItem\",\"position\":3,\"name\":\"PACK LAVAGE\",\"item\":\"https:\\\/\\\/sella-industrie.com\\\/categorie-produit\\\/pack-lavage\\\/\"},{\"@type\":\"ListItem\",\"position\":4,\"name\":\"PACK LAVAGE\"}]},{\"@type\":\"WebSite\",\"@id\":\"https:\\\/\\\/sella-industrie.com\\\/#website\",\"url\":\"https:\\\/\\\/sella-industrie.com\\\/\",\"name\":\"Boutique &quot;V6&quot;\",\"description\":\"We care for your car\",\"publisher\":{\"@id\":\"https:\\\/\\\/sella-industrie.com\\\/#organization\"},\"potentialAction\":[{\"@type\":\"SearchAction\",\"target\":{\"@type\":\"EntryPoint\",\"urlTemplate\":\"https:\\\/\\\/sella-industrie.com\\\/?s={search_term_string}\"},\"query-input\":{\"@type\":\"PropertyValueSpecification\",\"valueRequired\":true,\"valueName\":\"search_term_string\"}}],\"inLanguage\":\"ar\"},{\"@type\":\"Organization\",\"@id\":\"https:\\\/\\\/sella-industrie.com\\\/#organization\",\"name\":\"Boutique &quot;V6&quot;\",\"url\":\"https:\\\/\\\/sella-industrie.com\\\/\",\"logo\":{\"@type\":\"ImageObject\",\"inLanguage\":\"ar\",\"@id\":\"https:\\\/\\\/sella-industrie.com\\\/#\\\/schema\\\/logo\\\/image\\\/\",\"url\":\"\",\"contentUrl\":\"\",\"caption\":\"Boutique &quot;V6&quot;\"},\"image\":{\"@id\":\"https:\\\/\\\/sella-industrie.com\\\/#\\\/schema\\\/logo\\\/image\\\/\"}}]}<\/script>\n<meta property=\"product:price:amount\" content=\"3730\" \/>\n<meta property=\"product:price:currency\" content=\"DZD\" \/>\n<meta property=\"og:availability\" content=\"instock\" \/>\n<meta property=\"product:availability\" content=\"instock\" \/>\n<meta property=\"product:condition\" content=\"new\" \/>\n<!-- \/ Yoast SEO plugin. -->","yoast_head_json":{"title":"PACK LAVAGE - Boutique &quot;V6&quot;","robots":{"index":"index","follow":"follow","max-snippet":"max-snippet:-1","max-image-preview":"max-image-preview:large","max-video-preview":"max-video-preview:-1"},"canonical":"https:\/\/sella-industrie.com\/ar\/product\/pack-lavage\/","og_locale":"ar_AR","og_type":"article","og_title":"PACK LAVAGE - Boutique &quot;V6&quot;","og_description":"\u0639\u0631\u0636 \u0627\u0644\u062a\u0646\u0638\u064a\u0641 - Lustrant Carrosserie (V6, 500 ml) \"EASYLUX\" - Nettoyant Multi-Usage maisons et voitures (V6, 500 ml) \"UNICLEAN\" - Shampoing Neutre Automobile, V6 PRO 1L \"AUTOSHAMPOO DETAILING\" - Parfum d'Ambiance. - SERVIETTE MICROFIBRE-CHAMOIS - EPONGE PROFESSIONNELLE","og_url":"https:\/\/sella-industrie.com\/ar\/product\/pack-lavage\/","og_site_name":"Boutique &quot;V6&quot;","article_modified_time":"2025-07-24T10:55:39+00:00","og_image":[{"width":1000,"height":1000,"url":"https:\/\/sella-industrie.com\/wp-content\/uploads\/2025\/07\/CAR-CARE-PACK-LAVAGE.png","type":"image\/png"}],"twitter_card":"summary_large_image","twitter_misc":{"\u0627\u0644\u0633\u0639\u0631":"&#x62f;.&#x62c;&nbsp;3.730","\u0627\u0644\u062a\u0648\u0641\u0631":"\u0645\u062a\u0648\u0641\u0631 \u0641\u064a \u0627\u0644\u0645\u062e\u0632\u0648\u0646"},"schema":{"@context":"https:\/\/schema.org","@graph":[{"@type":"WebPage","@id":"https:\/\/sella-industrie.com\/produit\/pack-lavage\/","url":"https:\/\/sella-industrie.com\/produit\/pack-lavage\/","name":"PACK LAVAGE - Boutique &quot;V6&quot;","isPartOf":{"@id":"https:\/\/sella-industrie.com\/#website"},"primaryImageOfPage":{"@id":"https:\/\/sella-industrie.com\/produit\/pack-lavage\/#primaryimage"},"image":{"@id":"https:\/\/sella-industrie.com\/produit\/pack-lavage\/#primaryimage"},"thumbnailUrl":"https:\/\/sella-industrie.com\/wp-content\/uploads\/2025\/07\/CAR-CARE-PACK-LAVAGE.png","datePublished":"2025-07-21T14:14:43+00:00","dateModified":"2025-07-24T10:55:39+00:00","breadcrumb":{"@id":"https:\/\/sella-industrie.com\/produit\/pack-lavage\/#breadcrumb"},"inLanguage":"ar","potentialAction":[{"@type":"ReadAction","target":["https:\/\/sella-industrie.com\/produit\/pack-lavage\/"]}]},{"@type":"ImageObject","inLanguage":"ar","@id":"https:\/\/sella-industrie.com\/produit\/pack-lavage\/#primaryimage","url":"https:\/\/sella-industrie.com\/wp-content\/uploads\/2025\/07\/CAR-CARE-PACK-LAVAGE.png","contentUrl":"https:\/\/sella-industrie.com\/wp-content\/uploads\/2025\/07\/CAR-CARE-PACK-LAVAGE.png","width":1000,"height":1000,"caption":"PACK LAVAGE"},{"@type":"BreadcrumbList","@id":"https:\/\/sella-industrie.com\/produit\/pack-lavage\/#breadcrumb","itemListElement":[{"@type":"ListItem","position":1,"name":"Accueil","item":"https:\/\/sella-industrie.com\/fr_fr\/"},{"@type":"ListItem","position":2,"name":"Shop","item":"https:\/\/sella-industrie.com\/fr_fr\/shop\/"},{"@type":"ListItem","position":3,"name":"PACK LAVAGE","item":"https:\/\/sella-industrie.com\/categorie-produit\/pack-lavage\/"},{"@type":"ListItem","position":4,"name":"PACK LAVAGE"}]},{"@type":"WebSite","@id":"https:\/\/sella-industrie.com\/#website","url":"https:\/\/sella-industrie.com\/","name":"Boutique &quot;V6&quot;","description":"We care for your car","publisher":{"@id":"https:\/\/sella-industrie.com\/#organization"},"potentialAction":[{"@type":"SearchAction","target":{"@type":"EntryPoint","urlTemplate":"https:\/\/sella-industrie.com\/?s={search_term_string}"},"query-input":{"@type":"PropertyValueSpecification","valueRequired":true,"valueName":"search_term_string"}}],"inLanguage":"ar"},{"@type":"Organization","@id":"https:\/\/sella-industrie.com\/#organization","name":"Boutique &quot;V6&quot;","url":"https:\/\/sella-industrie.com\/","logo":{"@type":"ImageObject","inLanguage":"ar","@id":"https:\/\/sella-industrie.com\/#\/schema\/logo\/image\/","url":"","contentUrl":"","caption":"Boutique &quot;V6&quot;"},"image":{"@id":"https:\/\/sella-industrie.com\/#\/schema\/logo\/image\/"}}]},"product_price_amount":"3730","product_price_currency":"DZD","og_availability":"instock","product_availability":"instock","product_condition":"new"},"_links":{"self":[{"href":"https:\/\/sella-industrie.com\/ar\/wp-json\/wp\/v2\/product\/36570","targetHints":{"allow":["GET"]}}],"collection":[{"href":"https:\/\/sella-industrie.com\/ar\/wp-json\/wp\/v2\/product"}],"about":[{"href":"https:\/\/sella-industrie.com\/ar\/wp-json\/wp\/v2\/types\/product"}],"replies":[{"embeddable":true,"href":"https:\/\/sella-industrie.com\/ar\/wp-json\/wp\/v2\/comments?post=36570"}],"wp:featuredmedia":[{"embeddable":true,"href":"https:\/\/sella-industrie.com\/ar\/wp-json\/wp\/v2\/media\/36578"}],"wp:attachment":[{"href":"https:\/\/sella-industrie.com\/ar\/wp-json\/wp\/v2\/media?parent=36570"}],"wp:term":[{"taxonomy":"product_brand","embeddable":true,"href":"https:\/\/sella-industrie.com\/ar\/wp-json\/wp\/v2\/product_brand?post=36570"},{"taxonomy":"product_cat","embeddable":true,"href":"https:\/\/sella-industrie.com\/ar\/wp-json\/wp\/v2\/product_cat?post=36570"},{"taxonomy":"product_tag","embeddable":true,"href":"https:\/\/sella-industrie.com\/ar\/wp-json\/wp\/v2\/product_tag?post=36570"}],"curies":[{"name":"wp","href":"https:\/\/api.w.org\/{rel}","templated":true}]}}