{"id":35674,"date":"2025-07-22T12:09:56","date_gmt":"2025-07-22T12:09:56","guid":{"rendered":"https:\/\/sellaindustrie.com\/?post_type=product&#038;p=35674"},"modified":"2025-07-24T11:17:57","modified_gmt":"2025-07-24T11:17:57","slug":"pack-accessoires","status":"publish","type":"product","link":"https:\/\/sella-industrie.com\/ar\/product\/pack-accessoires\/","title":{"rendered":"PACK ACCESSOIRES"},"content":{"rendered":"<h2 style=\"text-align: center;\">PACK ACCESSOIRES, \u0639\u0631\u0636 \u0645\u0644\u062d\u0642\u0627\u062a \u0627\u0644\u0633\u064a\u0627\u0631\u0627\u062a<\/h2>\n<p style=\"text-align: center;\"><span style=\"color: #666699;\"><strong>PARFUM D&rsquo;AMBIANCE + BROSSE JANTES +<\/strong> <strong>EPONGE PROFESSIONNELLE<\/strong> <strong>+<\/strong> <strong>RACLETTE PAR-BRISE<\/strong><\/span><br \/>\n<span style=\"color: #666699;\"><strong><span class=\"Y2IQFc\" lang=\"ar\">\u0639\u0637\u0631 280 \u0645\u0644<\/span><\/strong> <strong>+ \u0627\u0633\u0641\u0646\u062c\u0629 \u0627\u062d\u062a\u0631\u0627\u0641\u064a\u0629 + \u0641\u0631\u0634\u0627\u0629 \u0627\u0644\u062c\u0646\u0637 + \u0645\u0643\u0634\u0637\u0629 \u0627\u0644\u0632\u062c\u0627\u062c<\/strong><\/span><\/p>\n<p><span style=\"color: #666699;\"><strong>FEU NORDIQUE : Parfum d&rsquo;Ambiance. Puret\u00e9 v\u00e9g\u00e9tale et zen attitude, une escapade sensorielle. <span style=\"color: #000000;\">pour maisons, voitures, textiles &amp; bureaux. Il procure une sensation agr\u00e9able de fraicheur dans toute la maison. <span style=\"color: #ff0000;\">85% de base naturelle ne contient pas d&rsquo;alcool.<\/span>\u00a0<\/span>\u00a0<\/strong><\/span><\/p>\n<p style=\"text-align: right;\"><strong><span style=\"color: #666699;\">\u00ab\u00a0\u062f\u0641\u0626 \u0634\u0645\u0627\u0644\u064a\u00a0\u00bb :<\/span> \u0628\u0631\u062f \u0645\u0639 \u062f\u0641\u0626 \u062e\u0634\u0628\u064a \u0645\u0630\u0647\u0644\u060c \u062b\u0646\u0627\u0626\u064a\u0629 \u0622\u0633\u0631\u0629. \u0645\u0646\u0627\u0633\u0628 \u0644\u0644\u0645\u0646\u0627\u0632\u0644 \u0648\u0627\u0644\u0633\u064a\u0627\u0631\u0627\u062a \u0648\u0627\u0644\u0645\u0646\u0633\u0648\u062c\u0627\u062a \u0648\u0627\u0644\u0645\u0643\u0627\u062a\u0628. \u0647\u0630\u0627 \u0627\u0644\u0639\u0637\u0631 \u062c\u0648 280 \u0645\u0644\u060c \u064a\u0645\u0646\u062d\u0643 \u0634\u0639\u0648\u0631\u064b\u0627 \u0628\u0627\u0644\u0627\u0646\u062a\u0639\u0627\u0634 \u0641\u064a \u0623\u0631\u062c\u0627\u0621 \u0627\u0644\u0645\u0646\u0632\u0644. \u064a\u0645\u0643\u0646 \u0627\u0633\u062a\u062e\u062f\u0627\u0645\u0647 \u0639\u0644\u0649 \u0627\u0644\u0633\u062c\u0627\u062f \u0648\u0627\u0644\u062e\u0632\u0627\u0626\u0646 \u0648\u063a\u0631\u0641 \u0627\u0644\u0645\u0639\u064a\u0634\u0629\u060c \u0648\u062d\u062a\u0649 \u062f\u0627\u062e\u0644 \u0627\u0644\u0633\u064a\u0627\u0631\u0627\u062a.<span style=\"color: #ff0000;\">\u00a0\u0637\u0628\u064a\u0639\u064a \u0628\u0646\u0633\u0628\u0629 85 \u0648\u062e\u0627\u0644 \u0645\u0646 \u0627\u0644\u0643\u062d\u0648\u0644<\/span><\/strong><\/p>\n<p><iframe loading=\"lazy\" title=\"Parfums 280 Ml\" width=\"500\" height=\"281\" src=\"https:\/\/www.youtube.com\/embed\/zeJY4fCR1dk?feature=oembed\" frameborder=\"0\" allow=\"accelerometer; autoplay; clipboard-write; encrypted-media; gyroscope; picture-in-picture; web-share\" referrerpolicy=\"strict-origin-when-cross-origin\" allowfullscreen><\/iframe><\/p>\n<p style=\"text-align: right;\">","protected":false},"excerpt":{"rendered":"<h2 style=\"text-align: center;\">\u0639\u0631\u0636 \u0645\u0644\u062d\u0642\u0627\u062a \u0627\u0644\u0633\u064a\u0627\u0631\u0627\u062a<\/h2>\n<p style=\"text-align: left;\"><span style=\"color: #666699;\"><strong>PARFUM D&rsquo;AMBIANCE 280 ml <\/strong><\/span><br \/>\n<span style=\"color: #666699;\"><strong>BROSSE JANTES<\/strong><\/span><br \/>\n<span style=\"color: #666699;\"><strong>EPONGE PROFESSIONNELLE<\/strong> <\/span><br \/>\n<span style=\"color: #666699;\"><strong>RACLETTE PAR-BRISE<\/strong><\/span><\/p>","protected":false},"featured_media":36601,"comment_status":"open","ping_status":"closed","template":"","meta":[],"product_brand":[292,293],"product_cat":[962],"product_tag":[],"class_list":{"0":"post-35674","1":"product","2":"type-product","3":"status-publish","4":"has-post-thumbnail","6":"product_brand-v6","7":"product_brand-sella","8":"product_cat-pack-accessoires","10":"first","11":"instock","12":"taxable","13":"shipping-taxable","14":"purchasable","15":"product-type-simple"},"yoast_head":"<!-- This site is optimized with the Yoast SEO plugin v27.4 - https:\/\/yoast.com\/product\/yoast-seo-wordpress\/ -->\n<title>PACK ACCESSOIRES - Boutique &quot;V6&quot;<\/title>\n<meta name=\"robots\" content=\"index, follow, max-snippet:-1, max-image-preview:large, max-video-preview:-1\" \/>\n<link rel=\"canonical\" href=\"https:\/\/sella-industrie.com\/ar\/product\/pack-accessoires\/\" \/>\n<meta property=\"og:locale\" content=\"ar_AR\" \/>\n<meta property=\"og:type\" content=\"article\" \/>\n<meta property=\"og:title\" content=\"PACK ACCESSOIRES - Boutique &quot;V6&quot;\" \/>\n<meta property=\"og:description\" content=\"\u0639\u0631\u0636 \u0645\u0644\u062d\u0642\u0627\u062a \u0627\u0644\u0633\u064a\u0627\u0631\u0627\u062a PARFUM D&#039;AMBIANCE 280 ml  BROSSE JANTES EPONGE PROFESSIONNELLE  RACLETTE PAR-BRISE\" \/>\n<meta property=\"og:url\" content=\"https:\/\/sella-industrie.com\/ar\/product\/pack-accessoires\/\" \/>\n<meta property=\"og:site_name\" content=\"Boutique &quot;V6&quot;\" \/>\n<meta property=\"article:modified_time\" content=\"2025-07-24T11:17:57+00:00\" \/>\n<meta property=\"og:image\" content=\"https:\/\/sella-industrie.com\/wp-content\/uploads\/2025\/07\/PACK-ACCESSOIRES.png\" \/>\n\t<meta property=\"og:image:width\" content=\"1000\" \/>\n\t<meta property=\"og:image:height\" content=\"1000\" \/>\n\t<meta property=\"og:image:type\" content=\"image\/png\" \/>\n<meta name=\"twitter:card\" content=\"summary_large_image\" \/>\n<meta name=\"twitter:label1\" content=\"\u0627\u0644\u0633\u0639\u0631\" \/>\n\t<meta name=\"twitter:data1\" content=\"&#x62f;.&#x62c;&nbsp;1.830\" \/>\n\t<meta name=\"twitter:label2\" content=\"\u0627\u0644\u062a\u0648\u0641\u0631\" \/>\n\t<meta name=\"twitter:data2\" content=\"\u0645\u062a\u0648\u0641\u0631 \u0641\u064a \u0627\u0644\u0645\u062e\u0632\u0648\u0646\" \/>\n<script type=\"application\/ld+json\" class=\"yoast-schema-graph\">{\"@context\":\"https:\\\/\\\/schema.org\",\"@graph\":[{\"@type\":\"WebPage\",\"@id\":\"https:\\\/\\\/sella-industrie.com\\\/produit\\\/pack-accessoires\\\/\",\"url\":\"https:\\\/\\\/sella-industrie.com\\\/produit\\\/pack-accessoires\\\/\",\"name\":\"PACK ACCESSOIRES - Boutique &quot;V6&quot;\",\"isPartOf\":{\"@id\":\"https:\\\/\\\/sella-industrie.com\\\/#website\"},\"primaryImageOfPage\":{\"@id\":\"https:\\\/\\\/sella-industrie.com\\\/produit\\\/pack-accessoires\\\/#primaryimage\"},\"image\":{\"@id\":\"https:\\\/\\\/sella-industrie.com\\\/produit\\\/pack-accessoires\\\/#primaryimage\"},\"thumbnailUrl\":\"https:\\\/\\\/sella-industrie.com\\\/wp-content\\\/uploads\\\/2025\\\/07\\\/PACK-ACCESSOIRES.png\",\"datePublished\":\"2025-07-22T12:09:56+00:00\",\"dateModified\":\"2025-07-24T11:17:57+00:00\",\"breadcrumb\":{\"@id\":\"https:\\\/\\\/sella-industrie.com\\\/produit\\\/pack-accessoires\\\/#breadcrumb\"},\"inLanguage\":\"ar\",\"potentialAction\":[{\"@type\":\"ReadAction\",\"target\":[\"https:\\\/\\\/sella-industrie.com\\\/produit\\\/pack-accessoires\\\/\"]}]},{\"@type\":\"ImageObject\",\"inLanguage\":\"ar\",\"@id\":\"https:\\\/\\\/sella-industrie.com\\\/produit\\\/pack-accessoires\\\/#primaryimage\",\"url\":\"https:\\\/\\\/sella-industrie.com\\\/wp-content\\\/uploads\\\/2025\\\/07\\\/PACK-ACCESSOIRES.png\",\"contentUrl\":\"https:\\\/\\\/sella-industrie.com\\\/wp-content\\\/uploads\\\/2025\\\/07\\\/PACK-ACCESSOIRES.png\",\"width\":1000,\"height\":1000,\"caption\":\"PACK ACCESSOIRES\"},{\"@type\":\"BreadcrumbList\",\"@id\":\"https:\\\/\\\/sella-industrie.com\\\/produit\\\/pack-accessoires\\\/#breadcrumb\",\"itemListElement\":[{\"@type\":\"ListItem\",\"position\":1,\"name\":\"Accueil\",\"item\":\"https:\\\/\\\/sella-industrie.com\\\/fr_fr\\\/\"},{\"@type\":\"ListItem\",\"position\":2,\"name\":\"Shop\",\"item\":\"https:\\\/\\\/sella-industrie.com\\\/fr_fr\\\/shop\\\/\"},{\"@type\":\"ListItem\",\"position\":3,\"name\":\"PACK ACCESSOIRES\",\"item\":\"https:\\\/\\\/sella-industrie.com\\\/categorie-produit\\\/pack-accessoires\\\/\"},{\"@type\":\"ListItem\",\"position\":4,\"name\":\"PACK ACCESSOIRES\"}]},{\"@type\":\"WebSite\",\"@id\":\"https:\\\/\\\/sella-industrie.com\\\/#website\",\"url\":\"https:\\\/\\\/sella-industrie.com\\\/\",\"name\":\"Boutique &quot;V6&quot;\",\"description\":\"We care for your car\",\"publisher\":{\"@id\":\"https:\\\/\\\/sella-industrie.com\\\/#organization\"},\"potentialAction\":[{\"@type\":\"SearchAction\",\"target\":{\"@type\":\"EntryPoint\",\"urlTemplate\":\"https:\\\/\\\/sella-industrie.com\\\/?s={search_term_string}\"},\"query-input\":{\"@type\":\"PropertyValueSpecification\",\"valueRequired\":true,\"valueName\":\"search_term_string\"}}],\"inLanguage\":\"ar\"},{\"@type\":\"Organization\",\"@id\":\"https:\\\/\\\/sella-industrie.com\\\/#organization\",\"name\":\"Boutique &quot;V6&quot;\",\"url\":\"https:\\\/\\\/sella-industrie.com\\\/\",\"logo\":{\"@type\":\"ImageObject\",\"inLanguage\":\"ar\",\"@id\":\"https:\\\/\\\/sella-industrie.com\\\/#\\\/schema\\\/logo\\\/image\\\/\",\"url\":\"\",\"contentUrl\":\"\",\"caption\":\"Boutique &quot;V6&quot;\"},\"image\":{\"@id\":\"https:\\\/\\\/sella-industrie.com\\\/#\\\/schema\\\/logo\\\/image\\\/\"}}]}<\/script>\n<meta property=\"product:price:amount\" content=\"1830\" \/>\n<meta property=\"product:price:currency\" content=\"DZD\" \/>\n<meta property=\"og:availability\" content=\"instock\" \/>\n<meta property=\"product:availability\" content=\"instock\" \/>\n<meta property=\"product:condition\" content=\"new\" \/>\n<!-- \/ Yoast SEO plugin. -->","yoast_head_json":{"title":"PACK ACCESSOIRES - Boutique &quot;V6&quot;","robots":{"index":"index","follow":"follow","max-snippet":"max-snippet:-1","max-image-preview":"max-image-preview:large","max-video-preview":"max-video-preview:-1"},"canonical":"https:\/\/sella-industrie.com\/ar\/product\/pack-accessoires\/","og_locale":"ar_AR","og_type":"article","og_title":"PACK ACCESSOIRES - Boutique &quot;V6&quot;","og_description":"\u0639\u0631\u0636 \u0645\u0644\u062d\u0642\u0627\u062a \u0627\u0644\u0633\u064a\u0627\u0631\u0627\u062a PARFUM D'AMBIANCE 280 ml  BROSSE JANTES EPONGE PROFESSIONNELLE  RACLETTE PAR-BRISE","og_url":"https:\/\/sella-industrie.com\/ar\/product\/pack-accessoires\/","og_site_name":"Boutique &quot;V6&quot;","article_modified_time":"2025-07-24T11:17:57+00:00","og_image":[{"width":1000,"height":1000,"url":"https:\/\/sella-industrie.com\/wp-content\/uploads\/2025\/07\/PACK-ACCESSOIRES.png","type":"image\/png"}],"twitter_card":"summary_large_image","twitter_misc":{"\u0627\u0644\u0633\u0639\u0631":"&#x62f;.&#x62c;&nbsp;1.830","\u0627\u0644\u062a\u0648\u0641\u0631":"\u0645\u062a\u0648\u0641\u0631 \u0641\u064a \u0627\u0644\u0645\u062e\u0632\u0648\u0646"},"schema":{"@context":"https:\/\/schema.org","@graph":[{"@type":"WebPage","@id":"https:\/\/sella-industrie.com\/produit\/pack-accessoires\/","url":"https:\/\/sella-industrie.com\/produit\/pack-accessoires\/","name":"PACK ACCESSOIRES - Boutique &quot;V6&quot;","isPartOf":{"@id":"https:\/\/sella-industrie.com\/#website"},"primaryImageOfPage":{"@id":"https:\/\/sella-industrie.com\/produit\/pack-accessoires\/#primaryimage"},"image":{"@id":"https:\/\/sella-industrie.com\/produit\/pack-accessoires\/#primaryimage"},"thumbnailUrl":"https:\/\/sella-industrie.com\/wp-content\/uploads\/2025\/07\/PACK-ACCESSOIRES.png","datePublished":"2025-07-22T12:09:56+00:00","dateModified":"2025-07-24T11:17:57+00:00","breadcrumb":{"@id":"https:\/\/sella-industrie.com\/produit\/pack-accessoires\/#breadcrumb"},"inLanguage":"ar","potentialAction":[{"@type":"ReadAction","target":["https:\/\/sella-industrie.com\/produit\/pack-accessoires\/"]}]},{"@type":"ImageObject","inLanguage":"ar","@id":"https:\/\/sella-industrie.com\/produit\/pack-accessoires\/#primaryimage","url":"https:\/\/sella-industrie.com\/wp-content\/uploads\/2025\/07\/PACK-ACCESSOIRES.png","contentUrl":"https:\/\/sella-industrie.com\/wp-content\/uploads\/2025\/07\/PACK-ACCESSOIRES.png","width":1000,"height":1000,"caption":"PACK ACCESSOIRES"},{"@type":"BreadcrumbList","@id":"https:\/\/sella-industrie.com\/produit\/pack-accessoires\/#breadcrumb","itemListElement":[{"@type":"ListItem","position":1,"name":"Accueil","item":"https:\/\/sella-industrie.com\/fr_fr\/"},{"@type":"ListItem","position":2,"name":"Shop","item":"https:\/\/sella-industrie.com\/fr_fr\/shop\/"},{"@type":"ListItem","position":3,"name":"PACK ACCESSOIRES","item":"https:\/\/sella-industrie.com\/categorie-produit\/pack-accessoires\/"},{"@type":"ListItem","position":4,"name":"PACK ACCESSOIRES"}]},{"@type":"WebSite","@id":"https:\/\/sella-industrie.com\/#website","url":"https:\/\/sella-industrie.com\/","name":"Boutique &quot;V6&quot;","description":"We care for your car","publisher":{"@id":"https:\/\/sella-industrie.com\/#organization"},"potentialAction":[{"@type":"SearchAction","target":{"@type":"EntryPoint","urlTemplate":"https:\/\/sella-industrie.com\/?s={search_term_string}"},"query-input":{"@type":"PropertyValueSpecification","valueRequired":true,"valueName":"search_term_string"}}],"inLanguage":"ar"},{"@type":"Organization","@id":"https:\/\/sella-industrie.com\/#organization","name":"Boutique &quot;V6&quot;","url":"https:\/\/sella-industrie.com\/","logo":{"@type":"ImageObject","inLanguage":"ar","@id":"https:\/\/sella-industrie.com\/#\/schema\/logo\/image\/","url":"","contentUrl":"","caption":"Boutique &quot;V6&quot;"},"image":{"@id":"https:\/\/sella-industrie.com\/#\/schema\/logo\/image\/"}}]},"product_price_amount":"1830","product_price_currency":"DZD","og_availability":"instock","product_availability":"instock","product_condition":"new"},"_links":{"self":[{"href":"https:\/\/sella-industrie.com\/ar\/wp-json\/wp\/v2\/product\/35674","targetHints":{"allow":["GET"]}}],"collection":[{"href":"https:\/\/sella-industrie.com\/ar\/wp-json\/wp\/v2\/product"}],"about":[{"href":"https:\/\/sella-industrie.com\/ar\/wp-json\/wp\/v2\/types\/product"}],"replies":[{"embeddable":true,"href":"https:\/\/sella-industrie.com\/ar\/wp-json\/wp\/v2\/comments?post=35674"}],"wp:featuredmedia":[{"embeddable":true,"href":"https:\/\/sella-industrie.com\/ar\/wp-json\/wp\/v2\/media\/36601"}],"wp:attachment":[{"href":"https:\/\/sella-industrie.com\/ar\/wp-json\/wp\/v2\/media?parent=35674"}],"wp:term":[{"taxonomy":"product_brand","embeddable":true,"href":"https:\/\/sella-industrie.com\/ar\/wp-json\/wp\/v2\/product_brand?post=35674"},{"taxonomy":"product_cat","embeddable":true,"href":"https:\/\/sella-industrie.com\/ar\/wp-json\/wp\/v2\/product_cat?post=35674"},{"taxonomy":"product_tag","embeddable":true,"href":"https:\/\/sella-industrie.com\/ar\/wp-json\/wp\/v2\/product_tag?post=35674"}],"curies":[{"name":"wp","href":"https:\/\/api.w.org\/{rel}","templated":true}]}}