{"id":35297,"date":"2025-07-03T18:12:21","date_gmt":"2025-07-03T18:12:21","guid":{"rendered":"https:\/\/sellaindustrie.com\/?post_type=product&#038;p=35297"},"modified":"2025-07-24T15:01:07","modified_gmt":"2025-07-24T15:01:07","slug":"pack-ultimate-wash-%d8%b9%d8%b1%d8%b6-%d8%a7%d9%84%d8%aa%d9%86%d8%b8%d9%8a%d9%81-%d8%a7%d9%84%d9%83%d8%a7%d9%85%d9%84","status":"publish","type":"product","link":"https:\/\/sella-industrie.com\/ar\/product\/pack-ultimate-wash-%d8%b9%d8%b1%d8%b6-%d8%a7%d9%84%d8%aa%d9%86%d8%b8%d9%8a%d9%81-%d8%a7%d9%84%d9%83%d8%a7%d9%85%d9%84\/","title":{"rendered":"PACK ULTIMATE WASH"},"content":{"rendered":"<h2 style=\"text-align: center;\">PACK ULTIMATE WASH, \u0639\u0631\u0636 \u0627\u0644\u062a\u0646\u0638\u064a\u0641 \u0627\u0644\u0643\u0627\u0645\u0644<\/h2>\n<p style=\"text-align: center;\"><span style=\"color: #666699;\">SKAYLUX + FOAM CLEANER + <strong>SPLASH<\/strong> + <strong>X-ENGINE + <\/strong><strong>PRONTO GOMME <\/strong><\/span><span style=\"color: #666699;\"><strong>+ MICROFIBRES MULTI-USAGE<\/strong><\/span><br \/>\n<span style=\"color: #666699;\"><strong>\u0633\u0643\u0627\u064a \u0644\u0648\u0643\u0633<\/strong>+ <strong>\u00a0\u0633\u0628\u0644\u0627\u0634<\/strong>\u00a0+ <strong>\u0628\u0631\u0648\u0646\u062a\u0648\u063a\u0648\u0645 + \u0625\u0643\u0633-\u0625\u0646\u062c\u0627\u064a\u0646 + \u0641\u0648\u0645 \u0643\u0644\u064a\u0646\u0631 + \u0645\u0646\u0627\u0634\u0641 \u0645\u0627\u064a\u0643\u0631\u0648\u0641\u064a\u0628\u0631 <span style=\"color: #666699;\">(\u0645\u062a\u0639\u062f\u062f\u0629 \u0627\u0644\u0627\u0633\u062a\u062e\u062f\u0627\u0645)<\/span><\/strong><\/span><\/p>\n<p style=\"text-align: left;\"><span style=\"color: #666699;\"><strong>-Shampoing Lustreur Automobile (V6, 500 ml) \u00ab\u00a0<\/strong><strong>SPLASH\u00a0\u00bb<\/strong><strong>: <\/strong><\/span>Avec cire de CARNAUBA \/ Brillance intense \/ Anti-trace.<br \/>\n<span style=\"color: #666699;\"><strong>&#8211; Nettoyant Tableau de Bord Automobile (V6, 500 ml) \u00ab\u00a0SKAYLUX\u00a0\u00bb:<\/strong><\/span> Puissante action de polissage \/ Hautement concentr\u00e9 \/ Effet anti-poussi\u00e8re.<br \/>\n<span style=\"color: #666699;\"><strong>&#8211; Nettoyant Pneus Automobile (V6, 500 ml) \u00ab\u00a0<\/strong><strong>PRONTO GOMME\u00a0\u00bb<\/strong><strong>:<\/strong><\/span> Super action de polissage \/ Brillance longue dur\u00e9e \/ Effet Antiadh\u00e9sif.<br \/>\n<span style=\"color: #666699;\"><strong>-Nettoyant Moteurs Automobile<\/strong>\u00a0<strong>(V6, 500 ml) \u00ab\u00a0X-ENGINE\u00a0\u00bb<\/strong><strong>:<\/strong><\/span> Retarde le r\u00e9-encrassement \/ d\u00e9graisse le bloc moteur \/ Nettoyage profond.<br \/>\n<span style=\"color: #666699;\"><strong>&#8211; Mousse Multi-Usage V6 650 ml, \u00ab\u00a0FOAM CLEANER\u00a0\u00bb<\/strong><\/span>: Nouvelle Mousse Nettoyante Multi-Usage, Produit d&rsquo;Entretient Automobile, peut rapidement p\u00e9n\u00e9trer dans les taches pour \u00e9liminer la salet\u00e9 et la graisse et redonner un nouveau Look. Nouvelle mousse nettoyante pour l&rsquo;entretien de diverses surfaces, utilis\u00e9e dans les bureaux, les maisons et les voitures pour nettoyer et d\u00e9sinfecter le cuir, les chaussures, les portefeuilles, les r\u00e9frig\u00e9rateurs, les machines \u00e0 laver, les motos et les voitures.<\/p>\n<p style=\"text-align: right;\"><span style=\"color: #666699;\"><span style=\"color: #000000;\">.<\/span><strong>\u0645\u0646\u0638\u0641 \u0644\u0648\u062d\u0629 \u0642\u064a\u0627\u062f\u0629 \u0644\u0644\u0633\u064a\u0627\u0631\u0629 \u00ab\u00a0\u0633\u0643\u0627\u064a \u0644\u0648\u0643\u0633\u00a0\u00bb: <span style=\"color: #000000;\">\u062a\u0644\u0645\u064a\u0639 \u0642\u0648\u064a \/ \u062a\u0631\u0643\u064a\u0632 \u0639\u0627\u0644\u064a \/ \u0645\u0632\u064a\u0644 \u0644\u0644\u063a\u0628\u0627\u0631<\/span>\u00a0(V6, 500 ml)<\/strong><\/span><br \/>\n<span style=\"color: #666699;\"><span style=\"color: #000000;\">.<strong><span style=\"color: #666699;\">\u0634\u0627\u0645\u0628\u0648 \u0645\u0644\u0645\u0639 \u0644\u0644\u0633\u064a\u0627\u0631\u0627\u062a \u00ab\u00a0\u0633\u0628\u0644\u0627\u0634\u00a0\u00bb:<\/span> \u0645\u0639 \u0634\u0645\u0639 \u0627\u0644\u0643\u0627\u0631\u0646\u0648\u0628\u0627 \/ \u0644\u0645\u0639\u0627\u0646 \u0634\u062f\u064a\u062f \/ \u062e\u0627\u0644\u064d \u0645\u0646 \u0627\u0644\u062e\u0637\u0648\u0637 <span style=\"color: #666699;\">(V6, 500 ml)<\/span><\/strong><\/span><\/span><br \/>\n<span style=\"color: #666699;\"><span style=\"color: #000000;\">.<span style=\"color: #666699;\"><strong>\u0628\u0631\u0648\u0646\u062a\u0648\u063a\u0648\u0645\u00a0\u00bb:<\/strong><\/span> <strong>\u062a\u0644\u0645\u064a\u0639 \u0641\u0627\u0626\u0642 \/ \u0644\u0645\u0639\u0627\u0646 \u064a\u062f\u0648\u0645 \u0637\u0648\u064a\u0644\u0627\u064b \/ \u062a\u0623\u062b\u064a\u0631 \u063a\u064a\u0631 \u0644\u0627\u0635\u0642<\/strong><\/span><strong>\u00a0\u00bb (V6, \u0645\u0646\u0638\u0641 \u0645\u0637\u0627\u0637 \u0627\u0644\u0633\u064a\u0627\u0631\u0629 (500 \u0645\u0644<\/strong><\/span><br \/>\n<span style=\"color: #666699;\"><span style=\"color: #000000;\"><strong>.<span style=\"color: #666699;\">\u0625\u0643\u0633-\u0625\u0646\u062c\u0627\u064a\u0646\u00a0\u00bb:<\/span><\/strong><strong>\u00a0\u064a\u0624\u062e\u0631 \u062a\u0631\u0627\u0643\u0645 \u0627\u0644\u0623\u0648\u0633\u0627\u062e \/ \u064a\u0632\u064a\u0644 \u0634\u062d\u0648\u0645 \u0643\u062a\u0644\u0629 \u0627\u0644\u0645\u062d\u0631\u0643 \/ \u062a\u0646\u0638\u064a\u0641 \u0639\u0645\u064a\u0642<\/strong><span style=\"color: #666699;\">\u00a0\u00bb <\/span><\/span><strong>(V6, \u0645\u0646\u0638\u0641 \u0645\u062d\u0631\u0643 \u0627\u0644\u0633\u064a\u0627\u0631\u0629 (500 \u0645\u0644<\/strong><\/span><br \/>\n<span style=\"color: #666699;\"><strong>\u0631\u063a\u0648\u0629 \u0645\u0646\u0638\u0641\u0629 \u062c\u062f\u064a\u062f\u0629 \u0645\u062a\u0639\u062f\u062f\u0629 \u0627\u0644\u0627\u0633\u062a\u062e\u062f\u0627\u0645<\/strong><\/span> <span style=\"color: #666699;\"><strong>\u00ab\u00a0\u0641\u0648\u0645 \u0643\u0644\u064a\u0646\u0631\u00a0\u00bb<\/strong><\/span> <span style=\"color: #ff0000;\"><strong>650<\/strong> <\/span><span style=\"color: #666699;\"><strong>\u0645\u0644:<\/strong><\/span> \u0644<span style=\"color: #000000;\"><strong>\u0644\u0639\u0646\u0627\u064a\u0629 \u0628\u0639\u062f\u0629 \u0623\u0633\u0637\u062d \u0645\u062e\u062a\u0644\u0641\u0629\u060c \u062a\u0633\u062a\u0639\u0645\u0644 \u0641\u064a \u0627\u0644\u0645\u0643\u0627\u062a\u0628\u060c \u0627\u0644\u0645\u0646\u0627\u0632\u0644\u060c \u0648\u0627\u0644\u0633\u064a\u0627\u0631\u0627\u062a \u0644\u062a\u0646\u0638\u064a\u0641 \u0648\u062a\u0637\u0647\u064a\u0631 \u0627\u0644\u062c\u0644\u0648\u062f\u060c \u0627\u0644\u0623\u062d\u0630\u064a\u0629\u060c \u0627\u0644\u0645\u062d\u0627\u0641\u0638\u060c \u0627\u0644\u062b\u0644\u0627\u062c\u0627\u062a\u060c \u0627\u0644\u063a\u0633\u0627\u0644\u0627\u062a\u060c \u0627\u0644\u062f\u0631\u0627\u062c\u0627\u062a \u0627\u0644\u0646\u0627\u0631\u064a\u0629\u060c \u0627\u0644\u0633\u064a\u0627\u0631\u0631\u0627\u062a .\u0648\u0647\u0630\u0627 \u0627\u0644\u0645\u0646\u062a\u062c \u064a\u0645\u0643\u0646\u0647 \u0627\u062e\u062a\u0631\u0627\u0642 \u0627\u0644\u0628\u0642\u0639 \u0628\u0633\u0631\u0639\u0629 \u0644\u0625\u0632\u0627\u0644\u0629 \u0627\u0644\u0623\u0648\u0633\u0627\u062e \u0648\u0627\u0644\u0634\u062d\u0648\u0645 \u0648\u0627\u0633\u062a\u0639\u0627\u062f\u0629 \u0627\u0644\u0645\u0638\u0647\u0631 \u0627\u0644\u062c\u062f\u064a\u062f<\/strong><\/span><\/p>\n<p><iframe loading=\"lazy\" title=\"FOAM CLEANER\" width=\"500\" height=\"281\" src=\"https:\/\/www.youtube.com\/embed\/TGqUuAL0frs?feature=oembed\" frameborder=\"0\" allow=\"accelerometer; autoplay; clipboard-write; encrypted-media; gyroscope; picture-in-picture; web-share\" referrerpolicy=\"strict-origin-when-cross-origin\" allowfullscreen><\/iframe><\/p>\n<p><iframe loading=\"lazy\" title=\"V6, 500 Ml\" width=\"500\" height=\"281\" src=\"https:\/\/www.youtube.com\/embed\/amdnrqXcXN0?feature=oembed\" frameborder=\"0\" allow=\"accelerometer; autoplay; clipboard-write; encrypted-media; gyroscope; picture-in-picture; web-share\" referrerpolicy=\"strict-origin-when-cross-origin\" allowfullscreen><\/iframe><\/p>","protected":false},"excerpt":{"rendered":"<h2 style=\"text-align: center;\">\u0639\u0631\u0636 \u0627\u0644\u062a\u0646\u0638\u064a\u0641 \u0627\u0644\u0643\u0627\u0645\u0644<\/h2>\n<h5 style=\"text-align: center;\"><span style=\"color: #666699;\">SKAYLUX + FOAM CLEANER + <strong>SPLASH<\/strong> + <strong>X-ENGINE + <\/strong><strong>PRONTO GOMME + MICROFIBRES MULTI-USAGE<\/strong><\/span><br \/>\n<span style=\"color: #666699;\"><strong>\u0633\u0643\u0627\u064a \u0644\u0648\u0643\u0633<\/strong>+ <strong>\u00a0\u0633\u0628\u0644\u0627\u0634<\/strong>\u00a0+ <strong>\u0628\u0631\u0648\u0646\u062a\u0648\u063a\u0648\u0645 + \u0625\u0643\u0633-\u0625\u0646\u062c\u0627\u064a\u0646 + \u0641\u0648\u0645 \u0643\u0644\u064a\u0646\u0631 + \u0645\u0646\u0627\u0634\u0641 \u0645\u0627\u064a\u0643\u0631\u0648\u0641\u064a\u0628\u0631 (\u0645\u062a\u0639\u062f\u062f\u0629 \u0627\u0644\u0627\u0633\u062a\u062e\u062f\u0627\u0645)<\/strong><\/span><\/h5>","protected":false},"featured_media":36507,"comment_status":"open","ping_status":"closed","template":"","meta":[],"product_brand":[292,293],"product_cat":[949],"product_tag":[309],"class_list":{"0":"post-35297","1":"product","2":"type-product","3":"status-publish","4":"has-post-thumbnail","6":"product_brand-v6","7":"product_brand-sella","8":"product_cat-pack-ultimate-wash","9":"product_tag-new","11":"first","12":"instock","13":"taxable","14":"shipping-taxable","15":"purchasable","16":"product-type-simple"},"yoast_head":"<!-- This site is optimized with the Yoast SEO plugin v27.4 - https:\/\/yoast.com\/product\/yoast-seo-wordpress\/ -->\n<title>PACK ULTIMATE WASH - Boutique &quot;V6&quot;<\/title>\n<meta name=\"robots\" content=\"index, follow, max-snippet:-1, max-image-preview:large, max-video-preview:-1\" \/>\n<link rel=\"canonical\" href=\"https:\/\/sella-industrie.com\/ar\/product\/pack-ultimate-wash-\u0639\u0631\u0636-\u0627\u0644\u062a\u0646\u0638\u064a\u0641-\u0627\u0644\u0643\u0627\u0645\u0644\/\" \/>\n<meta property=\"og:locale\" content=\"ar_AR\" \/>\n<meta property=\"og:type\" content=\"article\" \/>\n<meta property=\"og:title\" content=\"PACK ULTIMATE WASH - Boutique &quot;V6&quot;\" \/>\n<meta property=\"og:description\" content=\"\u0639\u0631\u0636 \u0627\u0644\u062a\u0646\u0638\u064a\u0641 \u0627\u0644\u0643\u0627\u0645\u0644 SKAYLUX + FOAM CLEANER + SPLASH + X-ENGINE + PRONTO GOMME + MICROFIBRES MULTI-USAGE \u0633\u0643\u0627\u064a \u0644\u0648\u0643\u0633+ \u00a0\u0633\u0628\u0644\u0627\u0634\u00a0+ \u0628\u0631\u0648\u0646\u062a\u0648\u063a\u0648\u0645 + \u0625\u0643\u0633-\u0625\u0646\u062c\u0627\u064a\u0646 + \u0641\u0648\u0645 \u0643\u0644\u064a\u0646\u0631 + \u0645\u0646\u0627\u0634\u0641 \u0645\u0627\u064a\u0643\u0631\u0648\u0641\u064a\u0628\u0631 (\u0645\u062a\u0639\u062f\u062f\u0629 \u0627\u0644\u0627\u0633\u062a\u062e\u062f\u0627\u0645)\" \/>\n<meta property=\"og:url\" content=\"https:\/\/sella-industrie.com\/ar\/product\/pack-ultimate-wash-\u0639\u0631\u0636-\u0627\u0644\u062a\u0646\u0638\u064a\u0641-\u0627\u0644\u0643\u0627\u0645\u0644\/\" \/>\n<meta property=\"og:site_name\" content=\"Boutique &quot;V6&quot;\" \/>\n<meta property=\"article:modified_time\" content=\"2025-07-24T15:01:07+00:00\" \/>\n<meta property=\"og:image\" content=\"https:\/\/sella-industrie.com\/wp-content\/uploads\/2025\/07\/PACK-ULTIME-WASH-CAR-CARE.png\" \/>\n\t<meta property=\"og:image:width\" content=\"1000\" \/>\n\t<meta property=\"og:image:height\" content=\"1000\" \/>\n\t<meta property=\"og:image:type\" content=\"image\/png\" \/>\n<meta name=\"twitter:card\" content=\"summary_large_image\" \/>\n<meta name=\"twitter:label1\" content=\"\u0627\u0644\u0633\u0639\u0631\" \/>\n\t<meta name=\"twitter:data1\" content=\"&#x62f;.&#x62c;&nbsp;3.950\" \/>\n\t<meta name=\"twitter:label2\" content=\"\u0627\u0644\u062a\u0648\u0641\u0631\" \/>\n\t<meta name=\"twitter:data2\" content=\"\u0645\u062a\u0648\u0641\u0631 \u0641\u064a \u0627\u0644\u0645\u062e\u0632\u0648\u0646\" \/>\n<script type=\"application\/ld+json\" class=\"yoast-schema-graph\">{\"@context\":\"https:\\\/\\\/schema.org\",\"@graph\":[{\"@type\":\"WebPage\",\"@id\":\"https:\\\/\\\/sella-industrie.com\\\/produit\\\/pack-ultimate-wash-%d8%b9%d8%b1%d8%b6-%d8%a7%d9%84%d8%aa%d9%86%d8%b8%d9%8a%d9%81-%d8%a7%d9%84%d9%83%d8%a7%d9%85%d9%84\\\/\",\"url\":\"https:\\\/\\\/sella-industrie.com\\\/produit\\\/pack-ultimate-wash-%d8%b9%d8%b1%d8%b6-%d8%a7%d9%84%d8%aa%d9%86%d8%b8%d9%8a%d9%81-%d8%a7%d9%84%d9%83%d8%a7%d9%85%d9%84\\\/\",\"name\":\"PACK ULTIMATE WASH - Boutique &quot;V6&quot;\",\"isPartOf\":{\"@id\":\"https:\\\/\\\/sella-industrie.com\\\/#website\"},\"primaryImageOfPage\":{\"@id\":\"https:\\\/\\\/sella-industrie.com\\\/produit\\\/pack-ultimate-wash-%d8%b9%d8%b1%d8%b6-%d8%a7%d9%84%d8%aa%d9%86%d8%b8%d9%8a%d9%81-%d8%a7%d9%84%d9%83%d8%a7%d9%85%d9%84\\\/#primaryimage\"},\"image\":{\"@id\":\"https:\\\/\\\/sella-industrie.com\\\/produit\\\/pack-ultimate-wash-%d8%b9%d8%b1%d8%b6-%d8%a7%d9%84%d8%aa%d9%86%d8%b8%d9%8a%d9%81-%d8%a7%d9%84%d9%83%d8%a7%d9%85%d9%84\\\/#primaryimage\"},\"thumbnailUrl\":\"https:\\\/\\\/sella-industrie.com\\\/wp-content\\\/uploads\\\/2025\\\/07\\\/PACK-ULTIME-WASH-CAR-CARE.png\",\"datePublished\":\"2025-07-03T18:12:21+00:00\",\"dateModified\":\"2025-07-24T15:01:07+00:00\",\"breadcrumb\":{\"@id\":\"https:\\\/\\\/sella-industrie.com\\\/produit\\\/pack-ultimate-wash-%d8%b9%d8%b1%d8%b6-%d8%a7%d9%84%d8%aa%d9%86%d8%b8%d9%8a%d9%81-%d8%a7%d9%84%d9%83%d8%a7%d9%85%d9%84\\\/#breadcrumb\"},\"inLanguage\":\"ar\",\"potentialAction\":[{\"@type\":\"ReadAction\",\"target\":[\"https:\\\/\\\/sella-industrie.com\\\/produit\\\/pack-ultimate-wash-%d8%b9%d8%b1%d8%b6-%d8%a7%d9%84%d8%aa%d9%86%d8%b8%d9%8a%d9%81-%d8%a7%d9%84%d9%83%d8%a7%d9%85%d9%84\\\/\"]}]},{\"@type\":\"ImageObject\",\"inLanguage\":\"ar\",\"@id\":\"https:\\\/\\\/sella-industrie.com\\\/produit\\\/pack-ultimate-wash-%d8%b9%d8%b1%d8%b6-%d8%a7%d9%84%d8%aa%d9%86%d8%b8%d9%8a%d9%81-%d8%a7%d9%84%d9%83%d8%a7%d9%85%d9%84\\\/#primaryimage\",\"url\":\"https:\\\/\\\/sella-industrie.com\\\/wp-content\\\/uploads\\\/2025\\\/07\\\/PACK-ULTIME-WASH-CAR-CARE.png\",\"contentUrl\":\"https:\\\/\\\/sella-industrie.com\\\/wp-content\\\/uploads\\\/2025\\\/07\\\/PACK-ULTIME-WASH-CAR-CARE.png\",\"width\":1000,\"height\":1000,\"caption\":\"PACK ULTIMATE WASH\"},{\"@type\":\"BreadcrumbList\",\"@id\":\"https:\\\/\\\/sella-industrie.com\\\/produit\\\/pack-ultimate-wash-%d8%b9%d8%b1%d8%b6-%d8%a7%d9%84%d8%aa%d9%86%d8%b8%d9%8a%d9%81-%d8%a7%d9%84%d9%83%d8%a7%d9%85%d9%84\\\/#breadcrumb\",\"itemListElement\":[{\"@type\":\"ListItem\",\"position\":1,\"name\":\"Accueil\",\"item\":\"https:\\\/\\\/sella-industrie.com\\\/fr_fr\\\/\"},{\"@type\":\"ListItem\",\"position\":2,\"name\":\"Shop\",\"item\":\"https:\\\/\\\/sella-industrie.com\\\/fr_fr\\\/shop\\\/\"},{\"@type\":\"ListItem\",\"position\":3,\"name\":\"PACK ULTIMATE WASH\",\"item\":\"https:\\\/\\\/sella-industrie.com\\\/categorie-produit\\\/pack-ultimate-wash\\\/\"},{\"@type\":\"ListItem\",\"position\":4,\"name\":\"PACK ULTIMATE WASH\"}]},{\"@type\":\"WebSite\",\"@id\":\"https:\\\/\\\/sella-industrie.com\\\/#website\",\"url\":\"https:\\\/\\\/sella-industrie.com\\\/\",\"name\":\"Boutique &quot;V6&quot;\",\"description\":\"We care for your car\",\"publisher\":{\"@id\":\"https:\\\/\\\/sella-industrie.com\\\/#organization\"},\"potentialAction\":[{\"@type\":\"SearchAction\",\"target\":{\"@type\":\"EntryPoint\",\"urlTemplate\":\"https:\\\/\\\/sella-industrie.com\\\/?s={search_term_string}\"},\"query-input\":{\"@type\":\"PropertyValueSpecification\",\"valueRequired\":true,\"valueName\":\"search_term_string\"}}],\"inLanguage\":\"ar\"},{\"@type\":\"Organization\",\"@id\":\"https:\\\/\\\/sella-industrie.com\\\/#organization\",\"name\":\"Boutique &quot;V6&quot;\",\"url\":\"https:\\\/\\\/sella-industrie.com\\\/\",\"logo\":{\"@type\":\"ImageObject\",\"inLanguage\":\"ar\",\"@id\":\"https:\\\/\\\/sella-industrie.com\\\/#\\\/schema\\\/logo\\\/image\\\/\",\"url\":\"\",\"contentUrl\":\"\",\"caption\":\"Boutique &quot;V6&quot;\"},\"image\":{\"@id\":\"https:\\\/\\\/sella-industrie.com\\\/#\\\/schema\\\/logo\\\/image\\\/\"}}]}<\/script>\n<meta property=\"product:price:amount\" content=\"3950\" \/>\n<meta property=\"product:price:currency\" content=\"DZD\" \/>\n<meta property=\"og:availability\" content=\"instock\" \/>\n<meta property=\"product:availability\" content=\"instock\" \/>\n<meta property=\"product:condition\" content=\"new\" \/>\n<!-- \/ Yoast SEO plugin. -->","yoast_head_json":{"title":"PACK ULTIMATE WASH - Boutique &quot;V6&quot;","robots":{"index":"index","follow":"follow","max-snippet":"max-snippet:-1","max-image-preview":"max-image-preview:large","max-video-preview":"max-video-preview:-1"},"canonical":"https:\/\/sella-industrie.com\/ar\/product\/pack-ultimate-wash-\u0639\u0631\u0636-\u0627\u0644\u062a\u0646\u0638\u064a\u0641-\u0627\u0644\u0643\u0627\u0645\u0644\/","og_locale":"ar_AR","og_type":"article","og_title":"PACK ULTIMATE WASH - Boutique &quot;V6&quot;","og_description":"\u0639\u0631\u0636 \u0627\u0644\u062a\u0646\u0638\u064a\u0641 \u0627\u0644\u0643\u0627\u0645\u0644 SKAYLUX + FOAM CLEANER + SPLASH + X-ENGINE + PRONTO GOMME + MICROFIBRES MULTI-USAGE \u0633\u0643\u0627\u064a \u0644\u0648\u0643\u0633+ \u00a0\u0633\u0628\u0644\u0627\u0634\u00a0+ \u0628\u0631\u0648\u0646\u062a\u0648\u063a\u0648\u0645 + \u0625\u0643\u0633-\u0625\u0646\u062c\u0627\u064a\u0646 + \u0641\u0648\u0645 \u0643\u0644\u064a\u0646\u0631 + \u0645\u0646\u0627\u0634\u0641 \u0645\u0627\u064a\u0643\u0631\u0648\u0641\u064a\u0628\u0631 (\u0645\u062a\u0639\u062f\u062f\u0629 \u0627\u0644\u0627\u0633\u062a\u062e\u062f\u0627\u0645)","og_url":"https:\/\/sella-industrie.com\/ar\/product\/pack-ultimate-wash-\u0639\u0631\u0636-\u0627\u0644\u062a\u0646\u0638\u064a\u0641-\u0627\u0644\u0643\u0627\u0645\u0644\/","og_site_name":"Boutique &quot;V6&quot;","article_modified_time":"2025-07-24T15:01:07+00:00","og_image":[{"width":1000,"height":1000,"url":"https:\/\/sella-industrie.com\/wp-content\/uploads\/2025\/07\/PACK-ULTIME-WASH-CAR-CARE.png","type":"image\/png"}],"twitter_card":"summary_large_image","twitter_misc":{"\u0627\u0644\u0633\u0639\u0631":"&#x62f;.&#x62c;&nbsp;3.950","\u0627\u0644\u062a\u0648\u0641\u0631":"\u0645\u062a\u0648\u0641\u0631 \u0641\u064a \u0627\u0644\u0645\u062e\u0632\u0648\u0646"},"schema":{"@context":"https:\/\/schema.org","@graph":[{"@type":"WebPage","@id":"https:\/\/sella-industrie.com\/produit\/pack-ultimate-wash-%d8%b9%d8%b1%d8%b6-%d8%a7%d9%84%d8%aa%d9%86%d8%b8%d9%8a%d9%81-%d8%a7%d9%84%d9%83%d8%a7%d9%85%d9%84\/","url":"https:\/\/sella-industrie.com\/produit\/pack-ultimate-wash-%d8%b9%d8%b1%d8%b6-%d8%a7%d9%84%d8%aa%d9%86%d8%b8%d9%8a%d9%81-%d8%a7%d9%84%d9%83%d8%a7%d9%85%d9%84\/","name":"PACK ULTIMATE WASH - Boutique &quot;V6&quot;","isPartOf":{"@id":"https:\/\/sella-industrie.com\/#website"},"primaryImageOfPage":{"@id":"https:\/\/sella-industrie.com\/produit\/pack-ultimate-wash-%d8%b9%d8%b1%d8%b6-%d8%a7%d9%84%d8%aa%d9%86%d8%b8%d9%8a%d9%81-%d8%a7%d9%84%d9%83%d8%a7%d9%85%d9%84\/#primaryimage"},"image":{"@id":"https:\/\/sella-industrie.com\/produit\/pack-ultimate-wash-%d8%b9%d8%b1%d8%b6-%d8%a7%d9%84%d8%aa%d9%86%d8%b8%d9%8a%d9%81-%d8%a7%d9%84%d9%83%d8%a7%d9%85%d9%84\/#primaryimage"},"thumbnailUrl":"https:\/\/sella-industrie.com\/wp-content\/uploads\/2025\/07\/PACK-ULTIME-WASH-CAR-CARE.png","datePublished":"2025-07-03T18:12:21+00:00","dateModified":"2025-07-24T15:01:07+00:00","breadcrumb":{"@id":"https:\/\/sella-industrie.com\/produit\/pack-ultimate-wash-%d8%b9%d8%b1%d8%b6-%d8%a7%d9%84%d8%aa%d9%86%d8%b8%d9%8a%d9%81-%d8%a7%d9%84%d9%83%d8%a7%d9%85%d9%84\/#breadcrumb"},"inLanguage":"ar","potentialAction":[{"@type":"ReadAction","target":["https:\/\/sella-industrie.com\/produit\/pack-ultimate-wash-%d8%b9%d8%b1%d8%b6-%d8%a7%d9%84%d8%aa%d9%86%d8%b8%d9%8a%d9%81-%d8%a7%d9%84%d9%83%d8%a7%d9%85%d9%84\/"]}]},{"@type":"ImageObject","inLanguage":"ar","@id":"https:\/\/sella-industrie.com\/produit\/pack-ultimate-wash-%d8%b9%d8%b1%d8%b6-%d8%a7%d9%84%d8%aa%d9%86%d8%b8%d9%8a%d9%81-%d8%a7%d9%84%d9%83%d8%a7%d9%85%d9%84\/#primaryimage","url":"https:\/\/sella-industrie.com\/wp-content\/uploads\/2025\/07\/PACK-ULTIME-WASH-CAR-CARE.png","contentUrl":"https:\/\/sella-industrie.com\/wp-content\/uploads\/2025\/07\/PACK-ULTIME-WASH-CAR-CARE.png","width":1000,"height":1000,"caption":"PACK ULTIMATE WASH"},{"@type":"BreadcrumbList","@id":"https:\/\/sella-industrie.com\/produit\/pack-ultimate-wash-%d8%b9%d8%b1%d8%b6-%d8%a7%d9%84%d8%aa%d9%86%d8%b8%d9%8a%d9%81-%d8%a7%d9%84%d9%83%d8%a7%d9%85%d9%84\/#breadcrumb","itemListElement":[{"@type":"ListItem","position":1,"name":"Accueil","item":"https:\/\/sella-industrie.com\/fr_fr\/"},{"@type":"ListItem","position":2,"name":"Shop","item":"https:\/\/sella-industrie.com\/fr_fr\/shop\/"},{"@type":"ListItem","position":3,"name":"PACK ULTIMATE WASH","item":"https:\/\/sella-industrie.com\/categorie-produit\/pack-ultimate-wash\/"},{"@type":"ListItem","position":4,"name":"PACK ULTIMATE WASH"}]},{"@type":"WebSite","@id":"https:\/\/sella-industrie.com\/#website","url":"https:\/\/sella-industrie.com\/","name":"Boutique &quot;V6&quot;","description":"We care for your car","publisher":{"@id":"https:\/\/sella-industrie.com\/#organization"},"potentialAction":[{"@type":"SearchAction","target":{"@type":"EntryPoint","urlTemplate":"https:\/\/sella-industrie.com\/?s={search_term_string}"},"query-input":{"@type":"PropertyValueSpecification","valueRequired":true,"valueName":"search_term_string"}}],"inLanguage":"ar"},{"@type":"Organization","@id":"https:\/\/sella-industrie.com\/#organization","name":"Boutique &quot;V6&quot;","url":"https:\/\/sella-industrie.com\/","logo":{"@type":"ImageObject","inLanguage":"ar","@id":"https:\/\/sella-industrie.com\/#\/schema\/logo\/image\/","url":"","contentUrl":"","caption":"Boutique &quot;V6&quot;"},"image":{"@id":"https:\/\/sella-industrie.com\/#\/schema\/logo\/image\/"}}]},"product_price_amount":"3950","product_price_currency":"DZD","og_availability":"instock","product_availability":"instock","product_condition":"new"},"_links":{"self":[{"href":"https:\/\/sella-industrie.com\/ar\/wp-json\/wp\/v2\/product\/35297","targetHints":{"allow":["GET"]}}],"collection":[{"href":"https:\/\/sella-industrie.com\/ar\/wp-json\/wp\/v2\/product"}],"about":[{"href":"https:\/\/sella-industrie.com\/ar\/wp-json\/wp\/v2\/types\/product"}],"replies":[{"embeddable":true,"href":"https:\/\/sella-industrie.com\/ar\/wp-json\/wp\/v2\/comments?post=35297"}],"wp:featuredmedia":[{"embeddable":true,"href":"https:\/\/sella-industrie.com\/ar\/wp-json\/wp\/v2\/media\/36507"}],"wp:attachment":[{"href":"https:\/\/sella-industrie.com\/ar\/wp-json\/wp\/v2\/media?parent=35297"}],"wp:term":[{"taxonomy":"product_brand","embeddable":true,"href":"https:\/\/sella-industrie.com\/ar\/wp-json\/wp\/v2\/product_brand?post=35297"},{"taxonomy":"product_cat","embeddable":true,"href":"https:\/\/sella-industrie.com\/ar\/wp-json\/wp\/v2\/product_cat?post=35297"},{"taxonomy":"product_tag","embeddable":true,"href":"https:\/\/sella-industrie.com\/ar\/wp-json\/wp\/v2\/product_tag?post=35297"}],"curies":[{"name":"wp","href":"https:\/\/api.w.org\/{rel}","templated":true}]}}