{"id":34627,"date":"2025-06-26T15:29:36","date_gmt":"2025-06-26T15:29:36","guid":{"rendered":"https:\/\/sellaindustrie.com\/?post_type=product&#038;p=34627"},"modified":"2026-04-16T13:34:14","modified_gmt":"2026-04-16T13:34:14","slug":"parfum-voiture-pomme-deo-bois-%d8%b9%d8%b7%d8%b1-%d8%a7%d9%84%d8%b3%d9%8a%d8%a7%d8%b1%d8%a7%d8%aa-%d8%aa%d9%81%d8%a7%d8%ad","status":"publish","type":"product","link":"https:\/\/sella-industrie.com\/ar\/product\/parfum-voiture-pomme-deo-bois-%d8%b9%d8%b7%d8%b1-%d8%a7%d9%84%d8%b3%d9%8a%d8%a7%d8%b1%d8%a7%d8%aa-%d8%aa%d9%81%d8%a7%d8%ad\/","title":{"rendered":"Parfum voiture POMME"},"content":{"rendered":"<h2 style=\"text-align: center;\"><strong>Parfum voiture POMME <\/strong>\u0639\u0637\u0631 \u0627\u0644\u0633\u064a\u0627\u0631\u0627\u062a \u062a\u0641\u0627\u062d<\/h2>\n<p><strong>Parfum voiture POMME<\/strong>, DEO BOIS, Suavit\u00e9 classique et r\u00e9confortante. fruit\u00e9e, douce et r\u00e9confortante qui diffuse une fra\u00eecheur gourmande durable dans votre habitacle. \u00c9l\u00e9gant, efficace et longue tenue. Il apporte \u00e0 votre habitacle une senteur fruit\u00e9e, fra\u00eeche et d\u00e9licieusement r\u00e9confortante. Inspir\u00e9e de la douceur naturelle de la pomme, cette fragrance diffuse une atmosph\u00e8re chaleureuse et propre, id\u00e9ale pour transformer chaque trajet en un moment agr\u00e9able. Con\u00e7u pour les conducteurs exigeants, ce parfum d&rsquo;ambiance voiture premium neutralise efficacement les mauvaises odeurs tout en laissant une empreinte olfactive \u00e9l\u00e9gante et durable. Son parfum \u00e9quilibr\u00e9 allie fra\u00eecheur fruit\u00e9e et douceur gourmande pour une <a href=\"https:\/\/www.instagram.com\/v6_accessoires_auto?igsh=aXE2NjUwOG5xNnQz\" target=\"_blank\" rel=\"noopener\">exp\u00e9rience sensorielle raffin\u00e9e<\/a>. <span role=\"text\">Les avantages du parfum voiture pomme, <\/span><a href=\"https:\/\/sella-industrie.com\/ar\/product\/parfum-automobile-citron-deo-bois-fraicheur-energie-pure-%d8%b9%d8%b7%d8%b1-%d9%84%d9%8a%d9%85%d9%88%d9%86-%d8%a7%d9%84%d8%b3%d9%8a%d8%a7%d8%b1%d8%a7%d8%aa\/\">fragrance fruit\u00e9e et gourmande<\/a> inspir\u00e9e de la pomme fra\u00eeche, longue tenue pour une diffusion prolong\u00e9e, neutralise les odeurs ind\u00e9sirables efficacement, design \u00e9l\u00e9gant effet bois pour un look premium, id\u00e9al pour voiture, bureau ou petits espaces. Le parfum voiture pomme, DEO BOIS est plus qu\u2019un simple d\u00e9sodorisant : c\u2019est un accessoire de confort qui sublime votre int\u00e9rieur avec une senteur moderne, douce et accueillante. Son parfum fruit\u00e9 pla\u00eet aussi bien aux amateurs de fragrances fra\u00eeches qu\u2019aux adeptes d\u2019ambiances gourmandes.<\/p>\n<p style=\"text-align: right;\"><strong>\u0639\u0637\u0631 \u0627\u0644\u0633\u064a\u0627\u0631\u0627\u062a \u0627\u0644\u062a\u0641\u0627\u062d<\/strong>\u060c \u0628\u062a\u0635\u0645\u064a\u0645 \u062e\u0634\u0628\u064a\u060c \u062d\u0644\u0627\u0648\u0629 \u0643\u0644\u0627\u0633\u064a\u0643\u064a\u0629 \u062a\u0628\u0639\u062b \u0639\u0644\u0649 \u0627\u0644\u0631\u0627\u062d\u0629. \u0628\u0631\u0627\u0626\u062d\u0629 \u0627\u0644\u0641\u0648\u0627\u0643\u0647\u060c \u0627\u0644\u062d\u0644\u0648\u0629\u060c \u0648\u0627\u0644\u0645\u0631\u064a\u062d\u0629\u060c \u064a\u0646\u0634\u0631 \u0647\u0630\u0627 \u0627\u0644\u0645\u0639\u0637\u0631 \u0627\u0646\u062a\u0639\u0627\u0634\u064b\u0627 \u064a\u062f\u0648\u0645 \u0637\u0648\u064a\u0644\u064b\u0627 \u0641\u064a \u062c\u0645\u064a\u0639 \u0623\u0646\u062d\u0627\u0621 \u0633\u064a\u0627\u0631\u062a\u0643. \u0623\u0646\u064a\u0642 \u0648\u0641\u0639\u0627\u0644 \u0648\u064a\u062f\u0648\u0645 \u0637\u0648\u064a\u0644\u064b\u0627\u060c \u064a\u0636\u0641\u064a \u0639\u0644\u0649 \u0645\u0642\u0635\u0648\u0631\u0629 \u0633\u064a\u0627\u0631\u062a\u0643 \u0631\u0627\u0626\u062d\u0629 \u0641\u0648\u0627\u0643\u0647 \u0645\u0646\u0639\u0634\u0629 \u0648\u0644\u0630\u064a\u0630\u0629 \u062a\u0628\u0639\u062b \u0639\u0644\u0649 \u0627\u0644\u0631\u0627\u062d\u0629. \u0645\u0633\u062a\u0648\u062d\u0649 \u0645\u0646 \u062d\u0644\u0627\u0648\u0629 \u0627\u0644\u062a\u0641\u0627\u062d \u0627\u0644\u0637\u0628\u064a\u0639\u064a\u0629\u060c \u064a\u062e\u0644\u0642 \u0647\u0630\u0627 \u0627\u0644\u0639\u0637\u0631 \u062c\u0648\u064b\u0627 \u062f\u0627\u0641\u0626\u064b\u0627 \u0648\u0646\u0638\u064a\u0641\u064b\u0627\u060c \u0645\u062b\u0627\u0644\u064a\u064b\u0627 \u0644\u062a\u062d\u0648\u064a\u0644 \u0643\u0644 \u0631\u062d\u0644\u0629 \u0625\u0644\u0649 \u0644\u062d\u0638\u0629 \u0645\u0645\u062a\u0639\u0629. \u0635\u064f\u0645\u0645 \u0647\u0630\u0627 \u0627\u0644\u0645\u0639\u0637\u0631 \u0627\u0644\u0641\u0627\u062e\u0631 \u0644\u0644\u0633\u064a\u0627\u0631\u0629 \u062e\u0635\u064a\u0635\u064b\u0627 \u0644\u0644\u0633\u0627\u0626\u0642\u064a\u0646 \u0627\u0644\u0645\u0645\u064a\u0632\u064a\u0646\u060c \u0641\u0647\u0648 \u064a\u064f\u0639\u0627\u062f\u0644 \u0627\u0644\u0631\u0648\u0627\u0626\u062d \u0627\u0644\u0643\u0631\u064a\u0647\u0629 \u0628\u0641\u0639\u0627\u0644\u064a\u0629 \u0645\u0639 \u062a\u0631\u0643 \u0631\u0627\u0626\u062d\u0629 \u0623\u0646\u064a\u0642\u0629 \u062a\u062f\u0648\u0645 \u0637\u0648\u064a\u0644\u064b\u0627. \u064a\u062c\u0645\u0639 \u0639\u0637\u0631\u0647 \u0627\u0644\u0645\u062a\u0648\u0627\u0632\u0646 \u0628\u064a\u0646 \u0627\u0646\u062a\u0639\u0627\u0634 \u0627\u0644\u0641\u0648\u0627\u0643\u0647 \u0648\u062d\u0644\u0627\u0648\u0629 \u0627\u0644\u0641\u0627\u0643\u0647\u0629 \u0644\u062a\u062c\u0631\u0628\u0629 \u062d\u0633\u064a\u0629 \u0631\u0627\u0642\u064a\u0629. \u0641\u0648\u0627\u0626\u062f \u0645\u0639\u0637\u0631 \u062c\u0648 \u0627\u0644\u0633\u064a\u0627\u0631\u0629 \u0628\u0631\u0627\u0626\u062d\u0629 \u0627\u0644\u062a\u0641\u0627\u062d: \u0639\u0637\u0631 \u0641\u0648\u0627\u0643\u0647 \u0648\u062d\u0644\u0627\u0648\u0629 \u0645\u0633\u062a\u0648\u062d\u0649 \u0645\u0646 \u0627\u0644\u062a\u0641\u0627\u062d \u0627\u0644\u0637\u0627\u0632\u062c\u060c \u064a\u062f\u0648\u0645 \u0637\u0648\u064a\u0644\u064b\u0627 \u0644\u0627\u0646\u062a\u0634\u0627\u0631 \u0645\u0645\u062a\u062f\u060c \u064a\u064f\u0639\u0627\u062f\u0644 \u0627\u0644\u0631\u0648\u0627\u0626\u062d \u063a\u064a\u0631 \u0627\u0644\u0645\u0631\u063a\u0648\u0628 \u0641\u064a\u0647\u0627 \u0628\u0641\u0639\u0627\u0644\u064a\u0629\u060c \u062a\u0635\u0645\u064a\u0645 \u0623\u0646\u064a\u0642 \u0628\u062a\u0623\u062b\u064a\u0631 \u0627\u0644\u062e\u0634\u0628 \u0644\u0625\u0637\u0644\u0627\u0644\u0629 \u0641\u0627\u062e\u0631\u0629\u060c \u0645\u062b\u0627\u0644\u064a \u0644\u0644\u0633\u064a\u0627\u0631\u0627\u062a \u0648\u0627\u0644\u0645\u0643\u0627\u062a\u0628 \u0648\u0627\u0644\u0645\u0633\u0627\u062d\u0627\u062a \u0627\u0644\u0635\u063a\u064a\u0631\u0629. \u0645\u0639\u0637\u0631 \u062c\u0648 \u0627\u0644\u0633\u064a\u0627\u0631\u0629 \u0645\u0646 \u0622\u0628\u0644\u060c \u0628\u0631\u0627\u0626\u062d\u0629 \u0627\u0644\u062e\u0634\u0628\u060c \u0644\u064a\u0633 \u0645\u062c\u0631\u062f \u0645\u0639\u0637\u0631 \u062c\u0648\u060c \u0628\u0644 \u0647\u0648 \u0625\u0636\u0627\u0641\u0629 \u0623\u0646\u064a\u0642\u0629 \u062a\u064f\u0636\u0641\u064a \u0639\u0644\u0649 \u0633\u064a\u0627\u0631\u062a\u0643 \u0644\u0645\u0633\u0629 \u0639\u0635\u0631\u064a\u0629 \u0646\u0627\u0639\u0645\u0629 \u0648\u062c\u0630\u0627\u0628\u0629. \u0631\u0627\u0626\u062d\u062a\u0647 \u0627\u0644\u0641\u0627\u0643\u0647\u064a\u0629 \u062a\u064f\u0646\u0627\u0633\u0628 \u0639\u0634\u0627\u0642 \u0627\u0644\u0631\u0648\u0627\u0626\u062d \u0627\u0644\u0645\u0646\u0639\u0634\u0629 \u0648\u0645\u062d\u0628\u064a \u0627\u0644\u0623\u062c\u0648\u0627\u0621 \u0627\u0644\u0641\u0627\u062e\u0631\u0629 \u0639\u0644\u0649 \u062d\u062f \u0633\u0648\u0627\u0621<\/p>\n<p><iframe loading=\"lazy\" title=\"\u0633\u064a\u0644\u0627\" width=\"500\" height=\"281\" src=\"https:\/\/www.youtube.com\/embed\/9sNQjiv3RdI?feature=oembed\" frameborder=\"0\" allow=\"accelerometer; autoplay; clipboard-write; encrypted-media; gyroscope; picture-in-picture; web-share\" referrerpolicy=\"strict-origin-when-cross-origin\" allowfullscreen><\/iframe><\/p>\n<p>&nbsp;<\/p>","protected":false},"excerpt":{"rendered":"<h1 style=\"text-align: center;\">\u0639\u0637\u0631 \u0627\u0644\u0633\u064a\u0627\u0631\u0627\u062a \u062a\u0641\u0627\u062d<\/h1>\n<p><strong>Parfum voiture POMME<\/strong>, DEO BOIS, Suavit\u00e9 classique et r\u00e9confortante. fruit\u00e9e, douce et r\u00e9confortante qui diffuse une fra\u00eecheur gourmande durable dans votre habitacle. \u00c9l\u00e9gant, efficace et longue tenue. Il apporte \u00e0 votre habitacle une senteur fruit\u00e9e, fra\u00eeche et d\u00e9licieusement r\u00e9confortante.<\/p>","protected":false},"featured_media":38322,"comment_status":"open","ping_status":"closed","template":"","meta":[],"product_brand":[293,292],"product_cat":[929],"product_tag":[],"class_list":{"0":"post-34627","1":"product","2":"type-product","3":"status-publish","4":"has-post-thumbnail","6":"product_brand-sella","7":"product_brand-v6","8":"product_cat-deo-bois","10":"first","11":"instock","12":"taxable","13":"shipping-taxable","14":"purchasable","15":"product-type-simple"},"yoast_head":"<!-- This site is optimized with the Yoast SEO Premium plugin v27.1 (Yoast SEO v27.4) - https:\/\/yoast.com\/product\/yoast-seo-premium-wordpress\/ -->\n<title>Parfum voiture POMME - Boutique &quot;V6&quot;<\/title>\n<meta name=\"description\" content=\"Parfum voiture Pomme, DEO BOIS : fruit\u00e9e, douce et r\u00e9confortante, fra\u00eecheur gourmande durable dans votre habitacle. \u00c9l\u00e9gant, efficace et longue tenue.\" \/>\n<meta name=\"robots\" content=\"index, follow, max-snippet:-1, max-image-preview:large, max-video-preview:-1\" \/>\n<link rel=\"canonical\" href=\"https:\/\/sella-industrie.com\/ar\/product\/parfum-voiture-pomme-deo-bois-\u0639\u0637\u0631-\u0627\u0644\u0633\u064a\u0627\u0631\u0627\u062a-\u062a\u0641\u0627\u062d\/\" \/>\n<meta property=\"og:locale\" content=\"ar_AR\" \/>\n<meta property=\"og:type\" content=\"article\" \/>\n<meta property=\"og:title\" content=\"Parfum voiture POMME\" \/>\n<meta property=\"og:description\" content=\"Parfum voiture Pomme, DEO BOIS : fruit\u00e9e, douce et r\u00e9confortante, fra\u00eecheur gourmande durable dans votre habitacle. \u00c9l\u00e9gant, efficace et longue tenue.\" \/>\n<meta property=\"og:url\" content=\"https:\/\/sella-industrie.com\/ar\/product\/parfum-voiture-pomme-deo-bois-\u0639\u0637\u0631-\u0627\u0644\u0633\u064a\u0627\u0631\u0627\u062a-\u062a\u0641\u0627\u062d\/\" \/>\n<meta property=\"og:site_name\" content=\"Boutique &quot;V6&quot;\" \/>\n<meta property=\"article:modified_time\" content=\"2026-04-16T13:34:14+00:00\" \/>\n<meta property=\"og:image\" content=\"https:\/\/sella-industrie.com\/wp-content\/uploads\/2025\/06\/POMME2-DEO.webp\" \/>\n\t<meta property=\"og:image:width\" content=\"1000\" \/>\n\t<meta property=\"og:image:height\" content=\"1000\" \/>\n\t<meta property=\"og:image:type\" content=\"image\/webp\" \/>\n<meta name=\"twitter:card\" content=\"summary_large_image\" \/>\n<meta name=\"twitter:label1\" content=\"\u0627\u0644\u0633\u0639\u0631\" \/>\n\t<meta name=\"twitter:data1\" content=\"&#x62f;.&#x62c;&nbsp;450\" \/>\n\t<meta name=\"twitter:label2\" content=\"\u0627\u0644\u062a\u0648\u0641\u0631\" \/>\n\t<meta name=\"twitter:data2\" content=\"\u0645\u062a\u0648\u0641\u0631 \u0641\u064a \u0627\u0644\u0645\u062e\u0632\u0648\u0646\" \/>\n<script type=\"application\/ld+json\" class=\"yoast-schema-graph\">{\"@context\":\"https:\\\/\\\/schema.org\",\"@graph\":[{\"@type\":\"WebPage\",\"@id\":\"https:\\\/\\\/sella-industrie.com\\\/produit\\\/parfum-voiture-pomme-deo-bois-%d8%b9%d8%b7%d8%b1-%d8%a7%d9%84%d8%b3%d9%8a%d8%a7%d8%b1%d8%a7%d8%aa-%d8%aa%d9%81%d8%a7%d8%ad\\\/\",\"url\":\"https:\\\/\\\/sella-industrie.com\\\/produit\\\/parfum-voiture-pomme-deo-bois-%d8%b9%d8%b7%d8%b1-%d8%a7%d9%84%d8%b3%d9%8a%d8%a7%d8%b1%d8%a7%d8%aa-%d8%aa%d9%81%d8%a7%d8%ad\\\/\",\"name\":\"Parfum voiture POMME - Boutique &quot;V6&quot;\",\"isPartOf\":{\"@id\":\"https:\\\/\\\/sella-industrie.com\\\/#website\"},\"primaryImageOfPage\":{\"@id\":\"https:\\\/\\\/sella-industrie.com\\\/produit\\\/parfum-voiture-pomme-deo-bois-%d8%b9%d8%b7%d8%b1-%d8%a7%d9%84%d8%b3%d9%8a%d8%a7%d8%b1%d8%a7%d8%aa-%d8%aa%d9%81%d8%a7%d8%ad\\\/#primaryimage\"},\"image\":{\"@id\":\"https:\\\/\\\/sella-industrie.com\\\/produit\\\/parfum-voiture-pomme-deo-bois-%d8%b9%d8%b7%d8%b1-%d8%a7%d9%84%d8%b3%d9%8a%d8%a7%d8%b1%d8%a7%d8%aa-%d8%aa%d9%81%d8%a7%d8%ad\\\/#primaryimage\"},\"thumbnailUrl\":\"https:\\\/\\\/sella-industrie.com\\\/wp-content\\\/uploads\\\/2025\\\/06\\\/POMME2-DEO.webp\",\"datePublished\":\"2025-06-26T15:29:36+00:00\",\"dateModified\":\"2026-04-16T13:34:14+00:00\",\"description\":\"Parfum voiture Pomme, DEO BOIS : fruit\u00e9e, douce et r\u00e9confortante, fra\u00eecheur gourmande durable dans votre habitacle. \u00c9l\u00e9gant, efficace et longue tenue.\",\"breadcrumb\":{\"@id\":\"https:\\\/\\\/sella-industrie.com\\\/produit\\\/parfum-voiture-pomme-deo-bois-%d8%b9%d8%b7%d8%b1-%d8%a7%d9%84%d8%b3%d9%8a%d8%a7%d8%b1%d8%a7%d8%aa-%d8%aa%d9%81%d8%a7%d8%ad\\\/#breadcrumb\"},\"inLanguage\":\"ar\",\"potentialAction\":[{\"@type\":\"ReadAction\",\"target\":[\"https:\\\/\\\/sella-industrie.com\\\/produit\\\/parfum-voiture-pomme-deo-bois-%d8%b9%d8%b7%d8%b1-%d8%a7%d9%84%d8%b3%d9%8a%d8%a7%d8%b1%d8%a7%d8%aa-%d8%aa%d9%81%d8%a7%d8%ad\\\/\"]}]},{\"@type\":\"ImageObject\",\"inLanguage\":\"ar\",\"@id\":\"https:\\\/\\\/sella-industrie.com\\\/produit\\\/parfum-voiture-pomme-deo-bois-%d8%b9%d8%b7%d8%b1-%d8%a7%d9%84%d8%b3%d9%8a%d8%a7%d8%b1%d8%a7%d8%aa-%d8%aa%d9%81%d8%a7%d8%ad\\\/#primaryimage\",\"url\":\"https:\\\/\\\/sella-industrie.com\\\/wp-content\\\/uploads\\\/2025\\\/06\\\/POMME2-DEO.webp\",\"contentUrl\":\"https:\\\/\\\/sella-industrie.com\\\/wp-content\\\/uploads\\\/2025\\\/06\\\/POMME2-DEO.webp\",\"width\":1000,\"height\":1000,\"caption\":\"Parfum voiture POMME\"},{\"@type\":\"BreadcrumbList\",\"@id\":\"https:\\\/\\\/sella-industrie.com\\\/produit\\\/parfum-voiture-pomme-deo-bois-%d8%b9%d8%b7%d8%b1-%d8%a7%d9%84%d8%b3%d9%8a%d8%a7%d8%b1%d8%a7%d8%aa-%d8%aa%d9%81%d8%a7%d8%ad\\\/#breadcrumb\",\"itemListElement\":[{\"@type\":\"ListItem\",\"position\":1,\"name\":\"Accueil\",\"item\":\"https:\\\/\\\/sella-industrie.com\\\/fr_fr\\\/\"},{\"@type\":\"ListItem\",\"position\":2,\"name\":\"Shop\",\"item\":\"https:\\\/\\\/sella-industrie.com\\\/fr_fr\\\/shop\\\/\"},{\"@type\":\"ListItem\",\"position\":3,\"name\":\"DEO BOIS\",\"item\":\"https:\\\/\\\/sella-industrie.com\\\/categorie-produit\\\/deo-bois\\\/\"},{\"@type\":\"ListItem\",\"position\":4,\"name\":\"Parfum voiture POMME\"}]},{\"@type\":\"WebSite\",\"@id\":\"https:\\\/\\\/sella-industrie.com\\\/#website\",\"url\":\"https:\\\/\\\/sella-industrie.com\\\/\",\"name\":\"Boutique &quot;V6&quot;\",\"description\":\"We care for your car\",\"publisher\":{\"@id\":\"https:\\\/\\\/sella-industrie.com\\\/#organization\"},\"potentialAction\":[{\"@type\":\"SearchAction\",\"target\":{\"@type\":\"EntryPoint\",\"urlTemplate\":\"https:\\\/\\\/sella-industrie.com\\\/?s={search_term_string}\"},\"query-input\":{\"@type\":\"PropertyValueSpecification\",\"valueRequired\":true,\"valueName\":\"search_term_string\"}}],\"inLanguage\":\"ar\"},{\"@type\":\"Organization\",\"@id\":\"https:\\\/\\\/sella-industrie.com\\\/#organization\",\"name\":\"Boutique &quot;V6&quot;\",\"url\":\"https:\\\/\\\/sella-industrie.com\\\/\",\"logo\":{\"@type\":\"ImageObject\",\"inLanguage\":\"ar\",\"@id\":\"https:\\\/\\\/sella-industrie.com\\\/#\\\/schema\\\/logo\\\/image\\\/\",\"url\":\"\",\"contentUrl\":\"\",\"caption\":\"Boutique &quot;V6&quot;\"},\"image\":{\"@id\":\"https:\\\/\\\/sella-industrie.com\\\/#\\\/schema\\\/logo\\\/image\\\/\"}}]}<\/script>\n<meta property=\"product:price:amount\" content=\"450\" \/>\n<meta property=\"product:price:currency\" content=\"DZD\" \/>\n<meta property=\"og:availability\" content=\"instock\" \/>\n<meta property=\"product:availability\" content=\"instock\" \/>\n<meta property=\"product:condition\" content=\"new\" \/>\n<!-- \/ Yoast SEO Premium plugin. -->","yoast_head_json":{"title":"Parfum voiture POMME - Boutique &quot;V6&quot;","description":"Parfum voiture Pomme, DEO BOIS : fruit\u00e9e, douce et r\u00e9confortante, fra\u00eecheur gourmande durable dans votre habitacle. \u00c9l\u00e9gant, efficace et longue tenue.","robots":{"index":"index","follow":"follow","max-snippet":"max-snippet:-1","max-image-preview":"max-image-preview:large","max-video-preview":"max-video-preview:-1"},"canonical":"https:\/\/sella-industrie.com\/ar\/product\/parfum-voiture-pomme-deo-bois-\u0639\u0637\u0631-\u0627\u0644\u0633\u064a\u0627\u0631\u0627\u062a-\u062a\u0641\u0627\u062d\/","og_locale":"ar_AR","og_type":"article","og_title":"Parfum voiture POMME","og_description":"Parfum voiture Pomme, DEO BOIS : fruit\u00e9e, douce et r\u00e9confortante, fra\u00eecheur gourmande durable dans votre habitacle. \u00c9l\u00e9gant, efficace et longue tenue.","og_url":"https:\/\/sella-industrie.com\/ar\/product\/parfum-voiture-pomme-deo-bois-\u0639\u0637\u0631-\u0627\u0644\u0633\u064a\u0627\u0631\u0627\u062a-\u062a\u0641\u0627\u062d\/","og_site_name":"Boutique &quot;V6&quot;","article_modified_time":"2026-04-16T13:34:14+00:00","og_image":[{"width":1000,"height":1000,"url":"https:\/\/sella-industrie.com\/wp-content\/uploads\/2025\/06\/POMME2-DEO.webp","type":"image\/webp"}],"twitter_card":"summary_large_image","twitter_misc":{"\u0627\u0644\u0633\u0639\u0631":"&#x62f;.&#x62c;&nbsp;450","\u0627\u0644\u062a\u0648\u0641\u0631":"\u0645\u062a\u0648\u0641\u0631 \u0641\u064a \u0627\u0644\u0645\u062e\u0632\u0648\u0646"},"schema":{"@context":"https:\/\/schema.org","@graph":[{"@type":"WebPage","@id":"https:\/\/sella-industrie.com\/produit\/parfum-voiture-pomme-deo-bois-%d8%b9%d8%b7%d8%b1-%d8%a7%d9%84%d8%b3%d9%8a%d8%a7%d8%b1%d8%a7%d8%aa-%d8%aa%d9%81%d8%a7%d8%ad\/","url":"https:\/\/sella-industrie.com\/produit\/parfum-voiture-pomme-deo-bois-%d8%b9%d8%b7%d8%b1-%d8%a7%d9%84%d8%b3%d9%8a%d8%a7%d8%b1%d8%a7%d8%aa-%d8%aa%d9%81%d8%a7%d8%ad\/","name":"Parfum voiture POMME - Boutique &quot;V6&quot;","isPartOf":{"@id":"https:\/\/sella-industrie.com\/#website"},"primaryImageOfPage":{"@id":"https:\/\/sella-industrie.com\/produit\/parfum-voiture-pomme-deo-bois-%d8%b9%d8%b7%d8%b1-%d8%a7%d9%84%d8%b3%d9%8a%d8%a7%d8%b1%d8%a7%d8%aa-%d8%aa%d9%81%d8%a7%d8%ad\/#primaryimage"},"image":{"@id":"https:\/\/sella-industrie.com\/produit\/parfum-voiture-pomme-deo-bois-%d8%b9%d8%b7%d8%b1-%d8%a7%d9%84%d8%b3%d9%8a%d8%a7%d8%b1%d8%a7%d8%aa-%d8%aa%d9%81%d8%a7%d8%ad\/#primaryimage"},"thumbnailUrl":"https:\/\/sella-industrie.com\/wp-content\/uploads\/2025\/06\/POMME2-DEO.webp","datePublished":"2025-06-26T15:29:36+00:00","dateModified":"2026-04-16T13:34:14+00:00","description":"Parfum voiture Pomme, DEO BOIS : fruit\u00e9e, douce et r\u00e9confortante, fra\u00eecheur gourmande durable dans votre habitacle. \u00c9l\u00e9gant, efficace et longue tenue.","breadcrumb":{"@id":"https:\/\/sella-industrie.com\/produit\/parfum-voiture-pomme-deo-bois-%d8%b9%d8%b7%d8%b1-%d8%a7%d9%84%d8%b3%d9%8a%d8%a7%d8%b1%d8%a7%d8%aa-%d8%aa%d9%81%d8%a7%d8%ad\/#breadcrumb"},"inLanguage":"ar","potentialAction":[{"@type":"ReadAction","target":["https:\/\/sella-industrie.com\/produit\/parfum-voiture-pomme-deo-bois-%d8%b9%d8%b7%d8%b1-%d8%a7%d9%84%d8%b3%d9%8a%d8%a7%d8%b1%d8%a7%d8%aa-%d8%aa%d9%81%d8%a7%d8%ad\/"]}]},{"@type":"ImageObject","inLanguage":"ar","@id":"https:\/\/sella-industrie.com\/produit\/parfum-voiture-pomme-deo-bois-%d8%b9%d8%b7%d8%b1-%d8%a7%d9%84%d8%b3%d9%8a%d8%a7%d8%b1%d8%a7%d8%aa-%d8%aa%d9%81%d8%a7%d8%ad\/#primaryimage","url":"https:\/\/sella-industrie.com\/wp-content\/uploads\/2025\/06\/POMME2-DEO.webp","contentUrl":"https:\/\/sella-industrie.com\/wp-content\/uploads\/2025\/06\/POMME2-DEO.webp","width":1000,"height":1000,"caption":"Parfum voiture POMME"},{"@type":"BreadcrumbList","@id":"https:\/\/sella-industrie.com\/produit\/parfum-voiture-pomme-deo-bois-%d8%b9%d8%b7%d8%b1-%d8%a7%d9%84%d8%b3%d9%8a%d8%a7%d8%b1%d8%a7%d8%aa-%d8%aa%d9%81%d8%a7%d8%ad\/#breadcrumb","itemListElement":[{"@type":"ListItem","position":1,"name":"Accueil","item":"https:\/\/sella-industrie.com\/fr_fr\/"},{"@type":"ListItem","position":2,"name":"Shop","item":"https:\/\/sella-industrie.com\/fr_fr\/shop\/"},{"@type":"ListItem","position":3,"name":"DEO BOIS","item":"https:\/\/sella-industrie.com\/categorie-produit\/deo-bois\/"},{"@type":"ListItem","position":4,"name":"Parfum voiture POMME"}]},{"@type":"WebSite","@id":"https:\/\/sella-industrie.com\/#website","url":"https:\/\/sella-industrie.com\/","name":"Boutique &quot;V6&quot;","description":"We care for your car","publisher":{"@id":"https:\/\/sella-industrie.com\/#organization"},"potentialAction":[{"@type":"SearchAction","target":{"@type":"EntryPoint","urlTemplate":"https:\/\/sella-industrie.com\/?s={search_term_string}"},"query-input":{"@type":"PropertyValueSpecification","valueRequired":true,"valueName":"search_term_string"}}],"inLanguage":"ar"},{"@type":"Organization","@id":"https:\/\/sella-industrie.com\/#organization","name":"Boutique &quot;V6&quot;","url":"https:\/\/sella-industrie.com\/","logo":{"@type":"ImageObject","inLanguage":"ar","@id":"https:\/\/sella-industrie.com\/#\/schema\/logo\/image\/","url":"","contentUrl":"","caption":"Boutique &quot;V6&quot;"},"image":{"@id":"https:\/\/sella-industrie.com\/#\/schema\/logo\/image\/"}}]},"product_price_amount":"450","product_price_currency":"DZD","og_availability":"instock","product_availability":"instock","product_condition":"new"},"_links":{"self":[{"href":"https:\/\/sella-industrie.com\/ar\/wp-json\/wp\/v2\/product\/34627","targetHints":{"allow":["GET"]}}],"collection":[{"href":"https:\/\/sella-industrie.com\/ar\/wp-json\/wp\/v2\/product"}],"about":[{"href":"https:\/\/sella-industrie.com\/ar\/wp-json\/wp\/v2\/types\/product"}],"replies":[{"embeddable":true,"href":"https:\/\/sella-industrie.com\/ar\/wp-json\/wp\/v2\/comments?post=34627"}],"wp:featuredmedia":[{"embeddable":true,"href":"https:\/\/sella-industrie.com\/ar\/wp-json\/wp\/v2\/media\/38322"}],"wp:attachment":[{"href":"https:\/\/sella-industrie.com\/ar\/wp-json\/wp\/v2\/media?parent=34627"}],"wp:term":[{"taxonomy":"product_brand","embeddable":true,"href":"https:\/\/sella-industrie.com\/ar\/wp-json\/wp\/v2\/product_brand?post=34627"},{"taxonomy":"product_cat","embeddable":true,"href":"https:\/\/sella-industrie.com\/ar\/wp-json\/wp\/v2\/product_cat?post=34627"},{"taxonomy":"product_tag","embeddable":true,"href":"https:\/\/sella-industrie.com\/ar\/wp-json\/wp\/v2\/product_tag?post=34627"}],"curies":[{"name":"wp","href":"https:\/\/api.w.org\/{rel}","templated":true}]}}