{"id":34624,"date":"2025-06-26T15:25:06","date_gmt":"2025-06-26T15:25:06","guid":{"rendered":"https:\/\/sellaindustrie.com\/?post_type=product&#038;p=34624"},"modified":"2026-04-16T13:49:36","modified_gmt":"2026-04-16T13:49:36","slug":"parfum-voiture-fruit-rouge-deo-bois-%d8%b9%d8%b7%d8%b1-%d8%a7%d9%84%d8%b3%d9%8a%d8%a7%d8%b1%d8%a7%d8%aa-%d8%a7%d9%84%d9%81%d9%88%d8%a7%d9%83%d9%87-%d8%a7%d9%84%d8%ad%d9%85%d8%b1%d8%a7%d8%a1","status":"publish","type":"product","link":"https:\/\/sella-industrie.com\/ar\/product\/parfum-voiture-fruit-rouge-deo-bois-%d8%b9%d8%b7%d8%b1-%d8%a7%d9%84%d8%b3%d9%8a%d8%a7%d8%b1%d8%a7%d8%aa-%d8%a7%d9%84%d9%81%d9%88%d8%a7%d9%83%d9%87-%d8%a7%d9%84%d8%ad%d9%85%d8%b1%d8%a7%d8%a1\/","title":{"rendered":"Parfum voiture FRUIT ROUGE"},"content":{"rendered":"<h2 style=\"text-align: center;\">Parfum voiture FRUIT ROUGE \u0639\u0637\u0631 \u0627\u0644\u0633\u064a\u0627\u0631\u0627\u062a \u0627\u0644\u0641\u0648\u0627\u0643\u0647 \u0627\u0644\u062d\u0645\u0631\u0627\u0621<\/h2>\n<p data-start=\"411\" data-end=\"581\"><strong>Parfum voiture FRUIT ROUGE<\/strong>, D\u00e9o Bois, fragrance fruit\u00e9e, <a href=\"https:\/\/sella-industrie.com\/ar\/product\/framboise-parfum-automobile-credit-card\/\">gourmande<\/a> et p\u00e9tillante pour habitacle. Diffusion fra\u00eeche et longue dur\u00e9e, id\u00e9al pour voiture parfum\u00e9e. Inspir\u00e9 des fruits rouges juteux et sucr\u00e9s, il apporte une sensation de fra\u00eecheur <a href=\"https:\/\/www.instagram.com\/v6_accessoires_auto?igsh=aXE2NjUwOG5xNnQz\" target=\"_blank\" rel=\"noopener\">dynamique<\/a> et de douceur addictive \u00e0 chaque trajet. Id\u00e9al pour cr\u00e9er une atmosph\u00e8re chaleureuse et positive dans la voiture. transforme chaque trajet en une exp\u00e9rience olfactive agr\u00e9able gr\u00e2ce \u00e0 sa fragrance fruit\u00e9e, sucr\u00e9e et p\u00e9tillante inspir\u00e9e des fruits rouges juteux. Sa senteur gourmande diffuse une fra\u00eecheur dynamique et chaleureuse qui parfume durablement l\u2019int\u00e9rieur de votre v\u00e9hicule. Pens\u00e9 pour les conducteurs exigeants, ce d\u00e9sodorisant voiture longue dur\u00e9e neutralise efficacement les mauvaises odeurs tout en cr\u00e9ant une ambiance positive, accueillante et raffin\u00e9e dans l\u2019habitacle. Parfum fruit\u00e9 intense et gourmand, Diffusion progressive longue dur\u00e9e, Neutralise les mauvaises odeurs, Design \u00e9l\u00e9gant en bois naturel, Parfait pour voiture, utilitaire ou petit espace. <span role=\"text\">Une voiture fra\u00eeche et \u00e9l\u00e9gamment parfum\u00e9e. <\/span>Gr\u00e2ce \u00e0 son parfum inspir\u00e9 des fruits rouges sucr\u00e9s, ce d\u00e9sodorisant voiture offre une senteur \u00e9quilibr\u00e9e entre fra\u00eecheur p\u00e9tillante et douceur fruit\u00e9e addictive. Il est id\u00e9al pour ceux qui recherchent un parfum voiture premium, original et agr\u00e9able au quotidien.<\/p>\n<p style=\"text-align: right;\" data-start=\"411\" data-end=\"581\"><strong>\u0639\u0637\u0631 \u0627\u0644\u0633\u064a\u0627\u0631\u0627\u062a \u0627\u0644\u0641\u0648\u0627\u0643\u0647 \u0627\u0644\u062d\u0645\u0631\u0627\u0621<\/strong>\u060c \u0645\u0632\u064a\u0644 \u0631\u0648\u0627\u0626\u062d \u062e\u0634\u0628\u064a\u060c \u0639\u0637\u0631 \u0641\u0627\u0643\u0647\u064a \u0641\u0627\u062e\u0631 \u0648\u0645\u0646\u0639\u0634 \u0644\u0633\u064a\u0627\u0631\u062a\u0643. \u064a\u062f\u0648\u0645 \u0637\u0648\u064a\u0644\u0627\u064b\u060c \u0645\u062b\u0627\u0644\u064a \u0644\u0633\u064a\u0627\u0631\u0629 \u0645\u0639\u0637\u0631\u0629. \u0645\u0633\u062a\u0648\u062d\u0649 \u0645\u0646 \u0627\u0644\u062a\u0648\u062a \u0627\u0644\u0623\u062d\u0645\u0631 \u0627\u0644\u0639\u0635\u064a\u0631 \u0648\u0627\u0644\u062d\u0644\u0648\u060c \u064a\u0636\u0641\u064a \u0625\u062d\u0633\u0627\u0633\u064b\u0627 \u0628\u0627\u0644\u0627\u0646\u062a\u0639\u0627\u0634 \u0648\u0627\u0644\u062d\u064a\u0648\u064a\u0629 \u0648\u0627\u0644\u062d\u0644\u0627\u0648\u0629 \u0627\u0644\u062c\u0630\u0627\u0628\u0629 \u0639\u0644\u0649 \u0643\u0644 \u0631\u062d\u0644\u0629. \u0645\u062b\u0627\u0644\u064a \u0644\u062e\u0644\u0642 \u062c\u0648 \u062f\u0627\u0641\u0626 \u0648\u0625\u064a\u062c\u0627\u0628\u064a \u0641\u064a \u0633\u064a\u0627\u0631\u062a\u0643. \u064a\u062d\u0648\u0651\u0644 \u0643\u0644 \u0631\u062d\u0644\u0629 \u0625\u0644\u0649 \u062a\u062c\u0631\u0628\u0629 \u0639\u0637\u0631\u064a\u0629 \u0645\u0645\u062a\u0639\u0629 \u0628\u0641\u0636\u0644 \u0631\u0627\u0626\u062d\u062a\u0647 \u0627\u0644\u0641\u0627\u0643\u0647\u064a\u0629 \u0627\u0644\u062d\u0644\u0648\u0629 \u0648\u0627\u0644\u0645\u0646\u0639\u0634\u0629 \u0627\u0644\u0645\u0633\u062a\u0648\u062d\u0627\u0629 \u0645\u0646 \u0627\u0644\u062a\u0648\u062a \u0627\u0644\u0623\u062d\u0645\u0631 \u0627\u0644\u0639\u0635\u064a\u0631. \u062a\u0646\u0634\u0631 \u0631\u0627\u0626\u062d\u062a\u0647 \u0627\u0644\u0641\u0627\u062e\u0631\u0629 \u0627\u0646\u062a\u0639\u0627\u0634\u064b\u0627 \u062f\u0627\u0641\u0626\u064b\u0627 \u0648\u062d\u064a\u0648\u064a\u064b\u0627 \u064a\u0639\u0637\u0651\u0631 \u0645\u0642\u0635\u0648\u0631\u0629 \u0633\u064a\u0627\u0631\u062a\u0643 \u0644\u0641\u062a\u0631\u0629 \u0637\u0648\u064a\u0644\u0629. \u0635\u064f\u0645\u0645 \u0647\u0630\u0627 \u0627\u0644\u0645\u0639\u0637\u0631 \u062e\u0635\u064a\u0635\u064b\u0627 \u0644\u0644\u0633\u0627\u0626\u0642\u064a\u0646 \u0627\u0644\u0645\u0645\u064a\u0632\u064a\u0646\u060c \u0641\u0647\u0648 \u064a\u0642\u0636\u064a \u0628\u0641\u0639\u0627\u0644\u064a\u0629 \u0639\u0644\u0649 \u0627\u0644\u0631\u0648\u0627\u0626\u062d \u0627\u0644\u0643\u0631\u064a\u0647\u0629 \u0648\u064a\u062e\u0644\u0642 \u062c\u0648\u064b\u0627 \u0625\u064a\u062c\u0627\u0628\u064a\u064b\u0627 \u0648\u0645\u0631\u062d\u0628\u064b\u0627 \u0648\u0631\u0627\u0642\u064a\u064b\u0627 \u0641\u064a \u0627\u0644\u0633\u064a\u0627\u0631\u0629. \u0639\u0637\u0631 \u0641\u0627\u0643\u0647\u064a \u0641\u0627\u062e\u0631 \u0648\u0643\u062b\u064a\u0641\u060c \u0627\u0646\u062a\u0634\u0627\u0631 \u062a\u062f\u0631\u064a\u062c\u064a \u064a\u062f\u0648\u0645 \u0637\u0648\u064a\u0644\u0627\u064b\u060c \u064a\u0642\u0636\u064a \u0639\u0644\u0649 \u0627\u0644\u0631\u0648\u0627\u0626\u062d \u0627\u0644\u0643\u0631\u064a\u0647\u0629\u060c \u062a\u0635\u0645\u064a\u0645 \u0623\u0646\u064a\u0642 \u0645\u0646 \u0627\u0644\u062e\u0634\u0628 \u0627\u0644\u0637\u0628\u064a\u0639\u064a\u060c \u0645\u062b\u0627\u0644\u064a \u0644\u0644\u0633\u064a\u0627\u0631\u0627\u062a \u0648\u0627\u0644\u0634\u0627\u062d\u0646\u0627\u062a \u0627\u0644\u0635\u063a\u064a\u0631\u0629 \u0648\u0627\u0644\u0645\u0633\u0627\u062d\u0627\u062a \u0627\u0644\u0635\u063a\u064a\u0631\u0629. \u0645\u0639\u0637\u0631 \u0633\u064a\u0627\u0631\u0629 \u0628\u0631\u0627\u0626\u062d\u0629 \u0645\u0646\u0639\u0634\u0629 \u0648\u0623\u0646\u064a\u0642\u0629. \u0628\u0641\u0636\u0644 \u0631\u0627\u0626\u062d\u062a\u0647 \u0627\u0644\u0645\u0633\u062a\u0648\u062d\u0627\u0629 \u0645\u0646 \u0627\u0644\u062a\u0648\u062a \u0627\u0644\u0623\u062d\u0645\u0631 \u0627\u0644\u062d\u0644\u0648\u060c \u064a\u0642\u062f\u0645 \u0645\u0639\u0637\u0631 \u062c\u0648 \u0627\u0644\u0633\u064a\u0627\u0631\u0629 \u0647\u0630\u0627 \u0631\u0627\u0626\u062d\u0629 \u0645\u062a\u0648\u0627\u0632\u0646\u0629 \u062a\u0645\u0632\u062c \u0628\u064a\u0646 \u0627\u0644\u0627\u0646\u062a\u0639\u0627\u0634 \u0627\u0644\u0641\u0648\u0651\u0627\u062d \u0648\u062d\u0644\u0627\u0648\u0629 \u0627\u0644\u0641\u0648\u0627\u0643\u0647 \u0627\u0644\u0622\u0633\u0631\u0629. \u0625\u0646\u0647 \u0645\u062b\u0627\u0644\u064a \u0644\u0645\u0646 \u064a\u0628\u062d\u062b\u0648\u0646 \u0639\u0646 \u0639\u0637\u0631 \u0633\u064a\u0627\u0631\u0629 \u0641\u0627\u062e\u0631 \u0648\u0623\u0635\u0644\u064a \u0648\u0644\u0637\u064a\u0641 \u0644\u0644\u0627\u0633\u062a\u062e\u062f\u0627\u0645 \u0627\u0644\u064a\u0648\u0645\u064a<\/p>\n<p><iframe loading=\"lazy\" title=\"\u0633\u064a\u0644\u0627\" width=\"500\" height=\"281\" src=\"https:\/\/www.youtube.com\/embed\/9sNQjiv3RdI?feature=oembed\" frameborder=\"0\" allow=\"accelerometer; autoplay; clipboard-write; encrypted-media; gyroscope; picture-in-picture; web-share\" referrerpolicy=\"strict-origin-when-cross-origin\" allowfullscreen><\/iframe><\/p>\n<p>&nbsp;<\/p>","protected":false},"excerpt":{"rendered":"<h1 style=\"text-align: center;\">\u0639\u0637\u0631 \u0627\u0644\u0633\u064a\u0627\u0631\u0627\u062a \u0627\u0644\u0641\u0648\u0627\u0643\u0647 \u0627\u0644\u062d\u0645\u0631\u0627\u0621<\/h1>\n<p><strong>Parfum voiture FRUIT ROUGE<\/strong>, D\u00e9o Bois, fragrance fruit\u00e9e, <a href=\"https:\/\/sella-industrie.com\/ar\/product\/framboise-parfum-automobile-credit-card\/\">gourmande<\/a> et p\u00e9tillante pour habitacle. Diffusion fra\u00eeche et longue dur\u00e9e, id\u00e9al pour voiture parfum\u00e9e. Inspir\u00e9 des fruits rouges juteux et sucr\u00e9s, il apporte une sensation de fra\u00eecheur <a href=\"https:\/\/www.instagram.com\/v6_accessoires_auto?igsh=aXE2NjUwOG5xNnQz\">dynamique<\/a> et de douceur addictive \u00e0 chaque trajet. Id\u00e9al pour cr\u00e9er une atmosph\u00e8re chaleureuse et positive dans la voiture.<\/p>","protected":false},"featured_media":38342,"comment_status":"open","ping_status":"closed","template":"","meta":[],"product_brand":[293,292],"product_cat":[929],"product_tag":[],"class_list":{"0":"post-34624","1":"product","2":"type-product","3":"status-publish","4":"has-post-thumbnail","6":"product_brand-sella","7":"product_brand-v6","8":"product_cat-deo-bois","10":"first","11":"instock","12":"taxable","13":"shipping-taxable","14":"purchasable","15":"product-type-simple"},"yoast_head":"<!-- This site is optimized with the Yoast SEO Premium plugin v27.1 (Yoast SEO v27.4) - https:\/\/yoast.com\/product\/yoast-seo-premium-wordpress\/ -->\n<title>Parfum voiture FRUIT ROUGE - Boutique &quot;V6&quot;<\/title>\n<meta name=\"description\" content=\"Parfum voiture FRUIT ROUGE D\u00e9o Bois Automobile. Fragrance fruit\u00e9e, gourmande et p\u00e9tillante pour habitacle. Diffusion fra\u00eeche et longue dur\u00e9e pour voiture.\" \/>\n<meta name=\"robots\" content=\"index, follow, max-snippet:-1, max-image-preview:large, max-video-preview:-1\" \/>\n<link rel=\"canonical\" href=\"https:\/\/sella-industrie.com\/ar\/product\/parfum-voiture-fruit-rouge-deo-bois-\u0639\u0637\u0631-\u0627\u0644\u0633\u064a\u0627\u0631\u0627\u062a-\u0627\u0644\u0641\u0648\u0627\u0643\u0647-\u0627\u0644\u062d\u0645\u0631\u0627\u0621\/\" \/>\n<meta property=\"og:locale\" content=\"ar_AR\" \/>\n<meta property=\"og:type\" content=\"article\" \/>\n<meta property=\"og:title\" content=\"Parfum voiture FRUIT ROUGE\" \/>\n<meta property=\"og:description\" content=\"Parfum voiture FRUIT ROUGE D\u00e9o Bois Automobile. Fragrance fruit\u00e9e, gourmande et p\u00e9tillante pour habitacle. Diffusion fra\u00eeche et longue dur\u00e9e pour voiture.\" \/>\n<meta property=\"og:url\" content=\"https:\/\/sella-industrie.com\/ar\/product\/parfum-voiture-fruit-rouge-deo-bois-\u0639\u0637\u0631-\u0627\u0644\u0633\u064a\u0627\u0631\u0627\u062a-\u0627\u0644\u0641\u0648\u0627\u0643\u0647-\u0627\u0644\u062d\u0645\u0631\u0627\u0621\/\" \/>\n<meta property=\"og:site_name\" content=\"Boutique &quot;V6&quot;\" \/>\n<meta property=\"article:modified_time\" content=\"2026-04-16T13:49:36+00:00\" \/>\n<meta property=\"og:image\" content=\"https:\/\/sella-industrie.com\/wp-content\/uploads\/2025\/06\/FRUIT-ROUGE2-DEO-.webp\" \/>\n\t<meta property=\"og:image:width\" content=\"1000\" \/>\n\t<meta property=\"og:image:height\" content=\"1000\" \/>\n\t<meta property=\"og:image:type\" content=\"image\/webp\" \/>\n<meta name=\"twitter:card\" content=\"summary_large_image\" \/>\n<meta name=\"twitter:label1\" content=\"\u0627\u0644\u0633\u0639\u0631\" \/>\n\t<meta name=\"twitter:data1\" content=\"&#x62f;.&#x62c;&nbsp;450\" \/>\n\t<meta name=\"twitter:label2\" content=\"\u0627\u0644\u062a\u0648\u0641\u0631\" \/>\n\t<meta name=\"twitter:data2\" content=\"\u0645\u062a\u0648\u0641\u0631 \u0641\u064a \u0627\u0644\u0645\u062e\u0632\u0648\u0646\" \/>\n<script type=\"application\/ld+json\" class=\"yoast-schema-graph\">{\"@context\":\"https:\\\/\\\/schema.org\",\"@graph\":[{\"@type\":\"WebPage\",\"@id\":\"https:\\\/\\\/sella-industrie.com\\\/produit\\\/parfum-voiture-fruit-rouge-deo-bois-%d8%b9%d8%b7%d8%b1-%d8%a7%d9%84%d8%b3%d9%8a%d8%a7%d8%b1%d8%a7%d8%aa-%d8%a7%d9%84%d9%81%d9%88%d8%a7%d9%83%d9%87-%d8%a7%d9%84%d8%ad%d9%85%d8%b1%d8%a7%d8%a1\\\/\",\"url\":\"https:\\\/\\\/sella-industrie.com\\\/produit\\\/parfum-voiture-fruit-rouge-deo-bois-%d8%b9%d8%b7%d8%b1-%d8%a7%d9%84%d8%b3%d9%8a%d8%a7%d8%b1%d8%a7%d8%aa-%d8%a7%d9%84%d9%81%d9%88%d8%a7%d9%83%d9%87-%d8%a7%d9%84%d8%ad%d9%85%d8%b1%d8%a7%d8%a1\\\/\",\"name\":\"Parfum voiture FRUIT ROUGE - Boutique &quot;V6&quot;\",\"isPartOf\":{\"@id\":\"https:\\\/\\\/sella-industrie.com\\\/#website\"},\"primaryImageOfPage\":{\"@id\":\"https:\\\/\\\/sella-industrie.com\\\/produit\\\/parfum-voiture-fruit-rouge-deo-bois-%d8%b9%d8%b7%d8%b1-%d8%a7%d9%84%d8%b3%d9%8a%d8%a7%d8%b1%d8%a7%d8%aa-%d8%a7%d9%84%d9%81%d9%88%d8%a7%d9%83%d9%87-%d8%a7%d9%84%d8%ad%d9%85%d8%b1%d8%a7%d8%a1\\\/#primaryimage\"},\"image\":{\"@id\":\"https:\\\/\\\/sella-industrie.com\\\/produit\\\/parfum-voiture-fruit-rouge-deo-bois-%d8%b9%d8%b7%d8%b1-%d8%a7%d9%84%d8%b3%d9%8a%d8%a7%d8%b1%d8%a7%d8%aa-%d8%a7%d9%84%d9%81%d9%88%d8%a7%d9%83%d9%87-%d8%a7%d9%84%d8%ad%d9%85%d8%b1%d8%a7%d8%a1\\\/#primaryimage\"},\"thumbnailUrl\":\"https:\\\/\\\/sella-industrie.com\\\/wp-content\\\/uploads\\\/2025\\\/06\\\/FRUIT-ROUGE2-DEO-.webp\",\"datePublished\":\"2025-06-26T15:25:06+00:00\",\"dateModified\":\"2026-04-16T13:49:36+00:00\",\"description\":\"Parfum voiture FRUIT ROUGE D\u00e9o Bois Automobile. Fragrance fruit\u00e9e, gourmande et p\u00e9tillante pour habitacle. Diffusion fra\u00eeche et longue dur\u00e9e pour voiture.\",\"breadcrumb\":{\"@id\":\"https:\\\/\\\/sella-industrie.com\\\/produit\\\/parfum-voiture-fruit-rouge-deo-bois-%d8%b9%d8%b7%d8%b1-%d8%a7%d9%84%d8%b3%d9%8a%d8%a7%d8%b1%d8%a7%d8%aa-%d8%a7%d9%84%d9%81%d9%88%d8%a7%d9%83%d9%87-%d8%a7%d9%84%d8%ad%d9%85%d8%b1%d8%a7%d8%a1\\\/#breadcrumb\"},\"inLanguage\":\"ar\",\"potentialAction\":[{\"@type\":\"ReadAction\",\"target\":[\"https:\\\/\\\/sella-industrie.com\\\/produit\\\/parfum-voiture-fruit-rouge-deo-bois-%d8%b9%d8%b7%d8%b1-%d8%a7%d9%84%d8%b3%d9%8a%d8%a7%d8%b1%d8%a7%d8%aa-%d8%a7%d9%84%d9%81%d9%88%d8%a7%d9%83%d9%87-%d8%a7%d9%84%d8%ad%d9%85%d8%b1%d8%a7%d8%a1\\\/\"]}]},{\"@type\":\"ImageObject\",\"inLanguage\":\"ar\",\"@id\":\"https:\\\/\\\/sella-industrie.com\\\/produit\\\/parfum-voiture-fruit-rouge-deo-bois-%d8%b9%d8%b7%d8%b1-%d8%a7%d9%84%d8%b3%d9%8a%d8%a7%d8%b1%d8%a7%d8%aa-%d8%a7%d9%84%d9%81%d9%88%d8%a7%d9%83%d9%87-%d8%a7%d9%84%d8%ad%d9%85%d8%b1%d8%a7%d8%a1\\\/#primaryimage\",\"url\":\"https:\\\/\\\/sella-industrie.com\\\/wp-content\\\/uploads\\\/2025\\\/06\\\/FRUIT-ROUGE2-DEO-.webp\",\"contentUrl\":\"https:\\\/\\\/sella-industrie.com\\\/wp-content\\\/uploads\\\/2025\\\/06\\\/FRUIT-ROUGE2-DEO-.webp\",\"width\":1000,\"height\":1000,\"caption\":\"parfum voiture fruit rouge\"},{\"@type\":\"BreadcrumbList\",\"@id\":\"https:\\\/\\\/sella-industrie.com\\\/produit\\\/parfum-voiture-fruit-rouge-deo-bois-%d8%b9%d8%b7%d8%b1-%d8%a7%d9%84%d8%b3%d9%8a%d8%a7%d8%b1%d8%a7%d8%aa-%d8%a7%d9%84%d9%81%d9%88%d8%a7%d9%83%d9%87-%d8%a7%d9%84%d8%ad%d9%85%d8%b1%d8%a7%d8%a1\\\/#breadcrumb\",\"itemListElement\":[{\"@type\":\"ListItem\",\"position\":1,\"name\":\"Accueil\",\"item\":\"https:\\\/\\\/sella-industrie.com\\\/fr_fr\\\/\"},{\"@type\":\"ListItem\",\"position\":2,\"name\":\"Shop\",\"item\":\"https:\\\/\\\/sella-industrie.com\\\/fr_fr\\\/shop\\\/\"},{\"@type\":\"ListItem\",\"position\":3,\"name\":\"DEO BOIS\",\"item\":\"https:\\\/\\\/sella-industrie.com\\\/categorie-produit\\\/deo-bois\\\/\"},{\"@type\":\"ListItem\",\"position\":4,\"name\":\"Parfum voiture FRUIT ROUGE\"}]},{\"@type\":\"WebSite\",\"@id\":\"https:\\\/\\\/sella-industrie.com\\\/#website\",\"url\":\"https:\\\/\\\/sella-industrie.com\\\/\",\"name\":\"Boutique &quot;V6&quot;\",\"description\":\"We care for your car\",\"publisher\":{\"@id\":\"https:\\\/\\\/sella-industrie.com\\\/#organization\"},\"potentialAction\":[{\"@type\":\"SearchAction\",\"target\":{\"@type\":\"EntryPoint\",\"urlTemplate\":\"https:\\\/\\\/sella-industrie.com\\\/?s={search_term_string}\"},\"query-input\":{\"@type\":\"PropertyValueSpecification\",\"valueRequired\":true,\"valueName\":\"search_term_string\"}}],\"inLanguage\":\"ar\"},{\"@type\":\"Organization\",\"@id\":\"https:\\\/\\\/sella-industrie.com\\\/#organization\",\"name\":\"Boutique &quot;V6&quot;\",\"url\":\"https:\\\/\\\/sella-industrie.com\\\/\",\"logo\":{\"@type\":\"ImageObject\",\"inLanguage\":\"ar\",\"@id\":\"https:\\\/\\\/sella-industrie.com\\\/#\\\/schema\\\/logo\\\/image\\\/\",\"url\":\"\",\"contentUrl\":\"\",\"caption\":\"Boutique &quot;V6&quot;\"},\"image\":{\"@id\":\"https:\\\/\\\/sella-industrie.com\\\/#\\\/schema\\\/logo\\\/image\\\/\"}}]}<\/script>\n<meta property=\"product:price:amount\" content=\"450\" \/>\n<meta property=\"product:price:currency\" content=\"DZD\" \/>\n<meta property=\"og:availability\" content=\"instock\" \/>\n<meta property=\"product:availability\" content=\"instock\" \/>\n<meta property=\"product:condition\" content=\"new\" \/>\n<!-- \/ Yoast SEO Premium plugin. -->","yoast_head_json":{"title":"Parfum voiture FRUIT ROUGE - Boutique &quot;V6&quot;","description":"Parfum voiture FRUIT ROUGE D\u00e9o Bois Automobile. Fragrance fruit\u00e9e, gourmande et p\u00e9tillante pour habitacle. Diffusion fra\u00eeche et longue dur\u00e9e pour voiture.","robots":{"index":"index","follow":"follow","max-snippet":"max-snippet:-1","max-image-preview":"max-image-preview:large","max-video-preview":"max-video-preview:-1"},"canonical":"https:\/\/sella-industrie.com\/ar\/product\/parfum-voiture-fruit-rouge-deo-bois-\u0639\u0637\u0631-\u0627\u0644\u0633\u064a\u0627\u0631\u0627\u062a-\u0627\u0644\u0641\u0648\u0627\u0643\u0647-\u0627\u0644\u062d\u0645\u0631\u0627\u0621\/","og_locale":"ar_AR","og_type":"article","og_title":"Parfum voiture FRUIT ROUGE","og_description":"Parfum voiture FRUIT ROUGE D\u00e9o Bois Automobile. Fragrance fruit\u00e9e, gourmande et p\u00e9tillante pour habitacle. Diffusion fra\u00eeche et longue dur\u00e9e pour voiture.","og_url":"https:\/\/sella-industrie.com\/ar\/product\/parfum-voiture-fruit-rouge-deo-bois-\u0639\u0637\u0631-\u0627\u0644\u0633\u064a\u0627\u0631\u0627\u062a-\u0627\u0644\u0641\u0648\u0627\u0643\u0647-\u0627\u0644\u062d\u0645\u0631\u0627\u0621\/","og_site_name":"Boutique &quot;V6&quot;","article_modified_time":"2026-04-16T13:49:36+00:00","og_image":[{"width":1000,"height":1000,"url":"https:\/\/sella-industrie.com\/wp-content\/uploads\/2025\/06\/FRUIT-ROUGE2-DEO-.webp","type":"image\/webp"}],"twitter_card":"summary_large_image","twitter_misc":{"\u0627\u0644\u0633\u0639\u0631":"&#x62f;.&#x62c;&nbsp;450","\u0627\u0644\u062a\u0648\u0641\u0631":"\u0645\u062a\u0648\u0641\u0631 \u0641\u064a \u0627\u0644\u0645\u062e\u0632\u0648\u0646"},"schema":{"@context":"https:\/\/schema.org","@graph":[{"@type":"WebPage","@id":"https:\/\/sella-industrie.com\/produit\/parfum-voiture-fruit-rouge-deo-bois-%d8%b9%d8%b7%d8%b1-%d8%a7%d9%84%d8%b3%d9%8a%d8%a7%d8%b1%d8%a7%d8%aa-%d8%a7%d9%84%d9%81%d9%88%d8%a7%d9%83%d9%87-%d8%a7%d9%84%d8%ad%d9%85%d8%b1%d8%a7%d8%a1\/","url":"https:\/\/sella-industrie.com\/produit\/parfum-voiture-fruit-rouge-deo-bois-%d8%b9%d8%b7%d8%b1-%d8%a7%d9%84%d8%b3%d9%8a%d8%a7%d8%b1%d8%a7%d8%aa-%d8%a7%d9%84%d9%81%d9%88%d8%a7%d9%83%d9%87-%d8%a7%d9%84%d8%ad%d9%85%d8%b1%d8%a7%d8%a1\/","name":"Parfum voiture FRUIT ROUGE - Boutique &quot;V6&quot;","isPartOf":{"@id":"https:\/\/sella-industrie.com\/#website"},"primaryImageOfPage":{"@id":"https:\/\/sella-industrie.com\/produit\/parfum-voiture-fruit-rouge-deo-bois-%d8%b9%d8%b7%d8%b1-%d8%a7%d9%84%d8%b3%d9%8a%d8%a7%d8%b1%d8%a7%d8%aa-%d8%a7%d9%84%d9%81%d9%88%d8%a7%d9%83%d9%87-%d8%a7%d9%84%d8%ad%d9%85%d8%b1%d8%a7%d8%a1\/#primaryimage"},"image":{"@id":"https:\/\/sella-industrie.com\/produit\/parfum-voiture-fruit-rouge-deo-bois-%d8%b9%d8%b7%d8%b1-%d8%a7%d9%84%d8%b3%d9%8a%d8%a7%d8%b1%d8%a7%d8%aa-%d8%a7%d9%84%d9%81%d9%88%d8%a7%d9%83%d9%87-%d8%a7%d9%84%d8%ad%d9%85%d8%b1%d8%a7%d8%a1\/#primaryimage"},"thumbnailUrl":"https:\/\/sella-industrie.com\/wp-content\/uploads\/2025\/06\/FRUIT-ROUGE2-DEO-.webp","datePublished":"2025-06-26T15:25:06+00:00","dateModified":"2026-04-16T13:49:36+00:00","description":"Parfum voiture FRUIT ROUGE D\u00e9o Bois Automobile. Fragrance fruit\u00e9e, gourmande et p\u00e9tillante pour habitacle. Diffusion fra\u00eeche et longue dur\u00e9e pour voiture.","breadcrumb":{"@id":"https:\/\/sella-industrie.com\/produit\/parfum-voiture-fruit-rouge-deo-bois-%d8%b9%d8%b7%d8%b1-%d8%a7%d9%84%d8%b3%d9%8a%d8%a7%d8%b1%d8%a7%d8%aa-%d8%a7%d9%84%d9%81%d9%88%d8%a7%d9%83%d9%87-%d8%a7%d9%84%d8%ad%d9%85%d8%b1%d8%a7%d8%a1\/#breadcrumb"},"inLanguage":"ar","potentialAction":[{"@type":"ReadAction","target":["https:\/\/sella-industrie.com\/produit\/parfum-voiture-fruit-rouge-deo-bois-%d8%b9%d8%b7%d8%b1-%d8%a7%d9%84%d8%b3%d9%8a%d8%a7%d8%b1%d8%a7%d8%aa-%d8%a7%d9%84%d9%81%d9%88%d8%a7%d9%83%d9%87-%d8%a7%d9%84%d8%ad%d9%85%d8%b1%d8%a7%d8%a1\/"]}]},{"@type":"ImageObject","inLanguage":"ar","@id":"https:\/\/sella-industrie.com\/produit\/parfum-voiture-fruit-rouge-deo-bois-%d8%b9%d8%b7%d8%b1-%d8%a7%d9%84%d8%b3%d9%8a%d8%a7%d8%b1%d8%a7%d8%aa-%d8%a7%d9%84%d9%81%d9%88%d8%a7%d9%83%d9%87-%d8%a7%d9%84%d8%ad%d9%85%d8%b1%d8%a7%d8%a1\/#primaryimage","url":"https:\/\/sella-industrie.com\/wp-content\/uploads\/2025\/06\/FRUIT-ROUGE2-DEO-.webp","contentUrl":"https:\/\/sella-industrie.com\/wp-content\/uploads\/2025\/06\/FRUIT-ROUGE2-DEO-.webp","width":1000,"height":1000,"caption":"parfum voiture fruit rouge"},{"@type":"BreadcrumbList","@id":"https:\/\/sella-industrie.com\/produit\/parfum-voiture-fruit-rouge-deo-bois-%d8%b9%d8%b7%d8%b1-%d8%a7%d9%84%d8%b3%d9%8a%d8%a7%d8%b1%d8%a7%d8%aa-%d8%a7%d9%84%d9%81%d9%88%d8%a7%d9%83%d9%87-%d8%a7%d9%84%d8%ad%d9%85%d8%b1%d8%a7%d8%a1\/#breadcrumb","itemListElement":[{"@type":"ListItem","position":1,"name":"Accueil","item":"https:\/\/sella-industrie.com\/fr_fr\/"},{"@type":"ListItem","position":2,"name":"Shop","item":"https:\/\/sella-industrie.com\/fr_fr\/shop\/"},{"@type":"ListItem","position":3,"name":"DEO BOIS","item":"https:\/\/sella-industrie.com\/categorie-produit\/deo-bois\/"},{"@type":"ListItem","position":4,"name":"Parfum voiture FRUIT ROUGE"}]},{"@type":"WebSite","@id":"https:\/\/sella-industrie.com\/#website","url":"https:\/\/sella-industrie.com\/","name":"Boutique &quot;V6&quot;","description":"We care for your car","publisher":{"@id":"https:\/\/sella-industrie.com\/#organization"},"potentialAction":[{"@type":"SearchAction","target":{"@type":"EntryPoint","urlTemplate":"https:\/\/sella-industrie.com\/?s={search_term_string}"},"query-input":{"@type":"PropertyValueSpecification","valueRequired":true,"valueName":"search_term_string"}}],"inLanguage":"ar"},{"@type":"Organization","@id":"https:\/\/sella-industrie.com\/#organization","name":"Boutique &quot;V6&quot;","url":"https:\/\/sella-industrie.com\/","logo":{"@type":"ImageObject","inLanguage":"ar","@id":"https:\/\/sella-industrie.com\/#\/schema\/logo\/image\/","url":"","contentUrl":"","caption":"Boutique &quot;V6&quot;"},"image":{"@id":"https:\/\/sella-industrie.com\/#\/schema\/logo\/image\/"}}]},"product_price_amount":"450","product_price_currency":"DZD","og_availability":"instock","product_availability":"instock","product_condition":"new"},"_links":{"self":[{"href":"https:\/\/sella-industrie.com\/ar\/wp-json\/wp\/v2\/product\/34624","targetHints":{"allow":["GET"]}}],"collection":[{"href":"https:\/\/sella-industrie.com\/ar\/wp-json\/wp\/v2\/product"}],"about":[{"href":"https:\/\/sella-industrie.com\/ar\/wp-json\/wp\/v2\/types\/product"}],"replies":[{"embeddable":true,"href":"https:\/\/sella-industrie.com\/ar\/wp-json\/wp\/v2\/comments?post=34624"}],"wp:featuredmedia":[{"embeddable":true,"href":"https:\/\/sella-industrie.com\/ar\/wp-json\/wp\/v2\/media\/38342"}],"wp:attachment":[{"href":"https:\/\/sella-industrie.com\/ar\/wp-json\/wp\/v2\/media?parent=34624"}],"wp:term":[{"taxonomy":"product_brand","embeddable":true,"href":"https:\/\/sella-industrie.com\/ar\/wp-json\/wp\/v2\/product_brand?post=34624"},{"taxonomy":"product_cat","embeddable":true,"href":"https:\/\/sella-industrie.com\/ar\/wp-json\/wp\/v2\/product_cat?post=34624"},{"taxonomy":"product_tag","embeddable":true,"href":"https:\/\/sella-industrie.com\/ar\/wp-json\/wp\/v2\/product_tag?post=34624"}],"curies":[{"name":"wp","href":"https:\/\/api.w.org\/{rel}","templated":true}]}}