{"id":34567,"date":"2025-06-26T14:04:21","date_gmt":"2025-06-26T14:04:21","guid":{"rendered":"https:\/\/sellaindustrie.com\/?post_type=product&#038;p=34567"},"modified":"2026-04-23T09:56:55","modified_gmt":"2026-04-23T09:56:55","slug":"parfum-voiture-lemon-squash-diffuseur-aerateur-differen-%d8%b9%d8%b7%d8%b1-%d8%a7%d9%84%d8%b3%d9%8a%d8%a7%d8%b1%d8%a7%d8%aa-%d8%af%d9%81%d8%b1%d9%8a%d9%86-%d9%84%d9%8a%d9%85%d9%88%d9%86-%d8%b3%d9%83","status":"publish","type":"product","link":"https:\/\/sella-industrie.com\/ar\/product\/parfum-voiture-lemon-squash-diffuseur-aerateur-differen-%d8%b9%d8%b7%d8%b1-%d8%a7%d9%84%d8%b3%d9%8a%d8%a7%d8%b1%d8%a7%d8%aa-%d8%af%d9%81%d8%b1%d9%8a%d9%86-%d9%84%d9%8a%d9%85%d9%88%d9%86-%d8%b3%d9%83\/","title":{"rendered":"Parfum voiture LEMON SQUASH"},"content":{"rendered":"<h2 style=\"text-align: center;\">Parfum voiture LEMON SQUASH \u0639\u0637\u0631 \u0627\u0644\u0633\u064a\u0627\u0631\u0627\u062a \u0644\u064a\u0645\u0648\u0646 \u0633\u0643\u0648\u0627\u0634<\/h2>\n<p data-start=\"464\" data-end=\"639\"><strong>Parfum voiture LEMON SQUASH<\/strong>, DIFFEREN, diffuseur de parfum par a\u00e9rateur est la solution id\u00e9ale pour parfumer l\u2019int\u00e9rieur de votre v\u00e9hicule de mani\u00e8re \u00e9l\u00e9gante et durable. Gr\u00e2ce \u00e0 son syst\u00e8me de diffusion par ventilation, le parfum se diffuse uniform\u00e9ment dans toute la voiture pour cr\u00e9er une ambiance propre, douce et chaleureuse. Il se fixe facilement sur la grille de ventilation et diffuse le parfum lorsque l\u2019air circule. Avantages du diffuseur a\u00e9rateur, diffusion continue du parfum, parfum longue dur\u00e9e, installation facile, design discret et \u00e9l\u00e9gant, parfum homog\u00e8ne dans l\u2019habitacle, id\u00e9al pour toutes les voitures. une fra\u00eecheur citron vive et \u00e9nergisante pour un habitacle propre, tonique et durablement parfum\u00e9. Id\u00e9al pour une sensation de propret\u00e9. Fra\u00eecheur vive et \u00e9nergie pure. Ce parfum diffuse une fragrance citronn\u00e9e <a href=\"https:\/\/sella-industrie.com\/ar\/product\/musk-noir-%d9%85%d8%b3%d9%83-%d8%a3%d8%b3%d9%88%d8%af\/\">p\u00e9tillante<\/a> qui apporte imm\u00e9diatement une sensation de <a href=\"https:\/\/www.instagram.com\/v6_accessoires_auto?igsh=aXE2NjUwOG5xNnQz\" target=\"_blank\" rel=\"noopener\">fra\u00eecheur<\/a> et de propret\u00e9 \u00e0 l\u2019int\u00e9rieur de votre v\u00e9hicule. Sa senteur agrume vive et \u00e9nergisante dynamise l\u2019habitacle et cr\u00e9e une ambiance tonique agr\u00e9able au quotidien. Id\u00e9al pour les conducteurs qui aiment les parfums frais et stimulants.<\/p>\n<p style=\"text-align: right;\"><strong>\u0639\u0637\u0631 \u0627\u0644\u0633\u064a\u0627\u0631\u0627\u062a \u0644\u064a\u0645\u0648\u0646 \u0633\u0643\u0648\u0627\u0634<\/strong>\u060c \u062f\u0641\u0631\u064a\u0646\u060c \u064a\u0631\u0643\u0628 \u0641\u064a \u0641\u062a\u062d\u0627\u062a \u0627\u0644\u062a\u0647\u0648\u064a\u0629\u060c \u0647\u0648 \u0627\u0644\u062d\u0644 \u0627\u0644\u0623\u0645\u062b\u0644 \u0644\u062a\u0639\u0637\u064a\u0631 \u0645\u0642\u0635\u0648\u0631\u0629 \u0633\u064a\u0627\u0631\u062a\u0643 \u0628\u0623\u0646\u0627\u0642\u0629 \u0648\u062b\u0628\u0627\u062a. \u0628\u0641\u0636\u0644 \u0646\u0638\u0627\u0645 \u0627\u0644\u062a\u0648\u0632\u064a\u0639 \u0627\u0644\u0645\u0639\u062a\u0645\u062f \u0639\u0644\u0649 \u0627\u0644\u062a\u0647\u0648\u064a\u0629\u060c \u064a\u062a\u0648\u0632\u0639 \u0627\u0644\u0639\u0637\u0631 \u0628\u0627\u0644\u062a\u0633\u0627\u0648\u064a \u0641\u064a \u062c\u0645\u064a\u0639 \u0623\u0646\u062d\u0627\u0621 \u0627\u0644\u0633\u064a\u0627\u0631\u0629\u060c \u0645\u0645\u0627 \u064a\u062e\u0644\u0642 \u062c\u0648\u064b\u0627 \u0646\u0638\u064a\u0641\u064b\u0627 \u0648\u0645\u0646\u0639\u0634\u064b\u0627 \u0648\u062c\u0630\u0627\u0628\u064b\u0627. \u064a\u064f\u062b\u0628\u062a \u0628\u0633\u0647\u0648\u0644\u0629 \u0639\u0644\u0649 \u0641\u062a\u062d\u0629 \u0627\u0644\u062a\u0647\u0648\u064a\u0629 \u0648\u064a\u0646\u0634\u0631 \u0627\u0644\u0639\u0637\u0631 \u0645\u0639 \u062f\u0648\u0631\u0627\u0646 \u0627\u0644\u0647\u0648\u0627\u0621. \u0645\u0632\u0627\u064a\u0627 \u0645\u0639\u0637\u0631 \u0641\u062a\u062d\u0629 \u0627\u0644\u062a\u0647\u0648\u064a\u0629: \u0627\u0646\u062a\u0634\u0627\u0631 \u0645\u0633\u062a\u0645\u0631 \u0644\u0644\u0639\u0637\u0631\u060c \u0631\u0627\u0626\u062d\u0629 \u062a\u062f\u0648\u0645 \u0637\u0648\u064a\u0644\u064b\u0627\u060c \u0633\u0647\u0648\u0644\u0629 \u0627\u0644\u062a\u0631\u0643\u064a\u0628\u060c \u062a\u0635\u0645\u064a\u0645 \u0623\u0646\u064a\u0642 \u0648\u0628\u0633\u064a\u0637\u060c \u062a\u0648\u0632\u064a\u0639 \u0645\u062a\u0633\u0627\u0648\u064d \u0644\u0644\u0639\u0637\u0631 \u0641\u064a \u062c\u0645\u064a\u0639 \u0623\u0646\u062d\u0627\u0621 \u0627\u0644\u0645\u0642\u0635\u0648\u0631\u0629\u060c \u0645\u062b\u0627\u0644\u064a \u0644\u062c\u0645\u064a\u0639 \u0623\u0646\u0648\u0627\u0639 \u0627\u0644\u0633\u064a\u0627\u0631\u0627\u062a. \u0627\u0646\u062a\u0639\u0627\u0634 \u0627\u0644\u0644\u064a\u0645\u0648\u0646 \u0627\u0644\u0646\u0627\u0628\u0636 \u0628\u0627\u0644\u062d\u064a\u0627\u0629 \u0648\u0627\u0644\u0645\u0646\u0634\u0637 \u0644\u0645\u0642\u0635\u0648\u0631\u0629 \u0646\u0638\u064a\u0641\u0629 \u0648\u0645\u0646\u0639\u0634\u0629 \u0648\u0645\u0639\u0637\u0631\u0629 \u062a\u062f\u0648\u0645 \u0637\u0648\u064a\u0644\u064b\u0627. \u0645\u062b\u0627\u0644\u064a \u0644\u0634\u0639\u0648\u0631 \u0628\u0627\u0644\u0646\u0638\u0627\u0641\u0629. \u0627\u0646\u062a\u0639\u0627\u0634 \u0646\u0627\u0628\u0636 \u0628\u0627\u0644\u062d\u064a\u0627\u0629 \u0648\u0637\u0627\u0642\u0629 \u0646\u0642\u064a\u0629. \u064a\u0646\u0634\u0631 \u0647\u0630\u0627 \u0627\u0644\u0639\u0637\u0631 \u0631\u0627\u0626\u062d\u0629 \u0644\u064a\u0645\u0648\u0646 \u0645\u062a\u0623\u0644\u0642\u0629 \u062a\u0636\u0641\u064a \u0639\u0644\u0649 \u0627\u0644\u0641\u0648\u0631 \u0634\u0639\u0648\u0631\u064b\u0627 \u0628\u0627\u0644\u0627\u0646\u062a\u0639\u0627\u0634 \u0648\u0627\u0644\u0646\u0638\u0627\u0641\u0629 \u0639\u0644\u0649 \u0645\u0642\u0635\u0648\u0631\u0629 \u0633\u064a\u0627\u0631\u062a\u0643. \u0631\u0627\u0626\u062d\u0629 \u0627\u0644\u062d\u0645\u0636\u064a\u0627\u062a \u0627\u0644\u0645\u0634\u0631\u0642\u0629 \u0648\u0627\u0644\u0645\u0646\u0634\u0637\u0629 \u062a\u064f\u0646\u0639\u0634 \u0627\u0644\u0645\u0642\u0635\u0648\u0631\u0629 \u0648\u062a\u062e\u0644\u0642 \u062c\u0648\u064b\u0627 \u0645\u0645\u062a\u0639\u064b\u0627 \u0648\u0645\u0646\u0639\u0634\u064b\u0627 \u0643\u0644 \u064a\u0648\u0645. \u0628\u0631\u0627\u0626\u062d\u0629 \u0644\u064a\u0645\u0648\u0646 \u0632\u0627\u0647\u064a\u0629 \u0648\u0645\u0646\u0639\u0634\u0629 \u062a\u062f\u0648\u0645 \u0637\u0648\u064a\u0644\u0627\u064b. \u0645\u062b\u0627\u0644\u064a \u0644\u0634\u0639\u0648\u0631 \u0628\u0627\u0644\u0646\u0638\u0627\u0641\u0629\u060c \u0645\u062b\u0627\u0644\u064a \u0644\u0644\u0633\u0627\u0626\u0642\u064a\u0646 \u0627\u0644\u0630\u064a\u0646 \u064a\u0633\u062a\u0645\u062a\u0639\u0648\u0646 \u0628\u0627\u0644\u0631\u0648\u0627\u0626\u062d \u0627\u0644\u0645\u0646\u0639\u0634\u0629 \u0648\u0627\u0644\u0645\u0646\u0634\u0637\u0629<\/p>\n<p><iframe loading=\"lazy\" title=\"\u062f\u064a\u0641\u0631\u064a\u0646\" width=\"500\" height=\"281\" src=\"https:\/\/www.youtube.com\/embed\/T2HOHBgyepA?feature=oembed\" frameborder=\"0\" allow=\"accelerometer; autoplay; clipboard-write; encrypted-media; gyroscope; picture-in-picture; web-share\" referrerpolicy=\"strict-origin-when-cross-origin\" allowfullscreen><\/iframe><\/p>\n<p>&nbsp;<\/p>","protected":false},"excerpt":{"rendered":"<h1 style=\"text-align: center;\">\u0639\u0637\u0631 \u0627\u0644\u0633\u064a\u0627\u0631\u0627\u062a \u0644\u064a\u0645\u0648\u0646 \u0633\u0643\u0648\u0627\u0634<\/h1>\n<p><strong>Parfum voiture LEMON SQUASH<\/strong>, DIFFEREN, diffuseur de parfum par a\u00e9rateur est la solution id\u00e9ale pour parfumer l\u2019int\u00e9rieur de votre v\u00e9hicule de mani\u00e8re \u00e9l\u00e9gante et durable. Gr\u00e2ce \u00e0 son syst\u00e8me de diffusion par ventilation, le parfum se diffuse uniform\u00e9ment dans toute la voiture pour cr\u00e9er une ambiance propre, douce et chaleureuse.<\/p>","protected":false},"featured_media":38001,"comment_status":"open","ping_status":"closed","template":"","meta":[],"product_brand":[293],"product_cat":[930],"product_tag":[],"class_list":{"0":"post-34567","1":"product","2":"type-product","3":"status-publish","4":"has-post-thumbnail","6":"product_brand-sella","7":"product_cat-differen","9":"first","10":"instock","11":"taxable","12":"shipping-taxable","13":"purchasable","14":"product-type-simple"},"yoast_head":"<!-- This site is optimized with the Yoast SEO Premium plugin v27.1 (Yoast SEO v27.4) - https:\/\/yoast.com\/product\/yoast-seo-premium-wordpress\/ -->\n<title>Parfum voiture LEMON SQUASH - Boutique &quot;V6&quot;<\/title>\n<meta name=\"description\" content=\"Parfum voiture LEMON SQUASH, DIFFEREN, une fra\u00eecheur citron vive et \u00e9nergisante pour un habitacle sensation propre, tonique et durablement parfum\u00e9.\" \/>\n<meta name=\"robots\" content=\"index, follow, max-snippet:-1, max-image-preview:large, max-video-preview:-1\" \/>\n<link rel=\"canonical\" href=\"https:\/\/sella-industrie.com\/ar\/product\/parfum-voiture-lemon-squash-diffuseur-aerateur-differen-\u0639\u0637\u0631-\u0627\u0644\u0633\u064a\u0627\u0631\u0627\u062a-\u062f\u0641\u0631\u064a\u0646-\u0644\u064a\u0645\u0648\u0646-\u0633\u0643\/\" \/>\n<meta property=\"og:locale\" content=\"ar_AR\" \/>\n<meta property=\"og:type\" content=\"article\" \/>\n<meta property=\"og:title\" content=\"Parfum voiture LEMON SQUASH\" \/>\n<meta property=\"og:description\" content=\"Parfum voiture LEMON SQUASH, DIFFEREN, une fra\u00eecheur citron vive et \u00e9nergisante pour un habitacle sensation propre, tonique et durablement parfum\u00e9.\" \/>\n<meta property=\"og:url\" content=\"https:\/\/sella-industrie.com\/ar\/product\/parfum-voiture-lemon-squash-diffuseur-aerateur-differen-\u0639\u0637\u0631-\u0627\u0644\u0633\u064a\u0627\u0631\u0627\u062a-\u062f\u0641\u0631\u064a\u0646-\u0644\u064a\u0645\u0648\u0646-\u0633\u0643\/\" \/>\n<meta property=\"og:site_name\" content=\"Boutique &quot;V6&quot;\" \/>\n<meta property=\"article:publisher\" content=\"https:\/\/www.facebook.com\/V6accessoiresauto?mibextid=wwXIfr&amp;rdid=07l1PwXhFBuWBfmW&amp;share_url=httpswww.facebook.comshare169W2vbvizmibextidwwXIfr#\" \/>\n<meta property=\"article:modified_time\" content=\"2026-04-23T09:56:55+00:00\" \/>\n<meta property=\"og:image\" content=\"https:\/\/sella-industrie.com\/wp-content\/uploads\/2025\/06\/DIFFEREN-JAUNE.webp\" \/>\n\t<meta property=\"og:image:width\" content=\"1000\" \/>\n\t<meta property=\"og:image:height\" content=\"1000\" \/>\n\t<meta property=\"og:image:type\" content=\"image\/webp\" \/>\n<meta name=\"twitter:card\" content=\"summary_large_image\" \/>\n<meta name=\"twitter:label1\" content=\"\u0627\u0644\u0633\u0639\u0631\" \/>\n\t<meta name=\"twitter:data1\" content=\"&#x62f;.&#x62c;&nbsp;1.000\" \/>\n\t<meta name=\"twitter:label2\" content=\"\u0627\u0644\u062a\u0648\u0641\u0631\" \/>\n\t<meta name=\"twitter:data2\" content=\"\u0645\u062a\u0648\u0641\u0631 \u0641\u064a \u0627\u0644\u0645\u062e\u0632\u0648\u0646\" \/>\n<script type=\"application\/ld+json\" class=\"yoast-schema-graph\">{\"@context\":\"https:\\\/\\\/schema.org\",\"@graph\":[{\"@type\":\"WebPage\",\"@id\":\"https:\\\/\\\/sella-industrie.com\\\/produit\\\/parfum-voiture-lemon-squash-diffuseur-aerateur-differen-%d8%b9%d8%b7%d8%b1-%d8%a7%d9%84%d8%b3%d9%8a%d8%a7%d8%b1%d8%a7%d8%aa-%d8%af%d9%81%d8%b1%d9%8a%d9%86-%d9%84%d9%8a%d9%85%d9%88%d9%86-%d8%b3%d9%83\\\/\",\"url\":\"https:\\\/\\\/sella-industrie.com\\\/produit\\\/parfum-voiture-lemon-squash-diffuseur-aerateur-differen-%d8%b9%d8%b7%d8%b1-%d8%a7%d9%84%d8%b3%d9%8a%d8%a7%d8%b1%d8%a7%d8%aa-%d8%af%d9%81%d8%b1%d9%8a%d9%86-%d9%84%d9%8a%d9%85%d9%88%d9%86-%d8%b3%d9%83\\\/\",\"name\":\"Parfum voiture LEMON SQUASH - Boutique &quot;V6&quot;\",\"isPartOf\":{\"@id\":\"https:\\\/\\\/sella-industrie.com\\\/#website\"},\"primaryImageOfPage\":{\"@id\":\"https:\\\/\\\/sella-industrie.com\\\/produit\\\/parfum-voiture-lemon-squash-diffuseur-aerateur-differen-%d8%b9%d8%b7%d8%b1-%d8%a7%d9%84%d8%b3%d9%8a%d8%a7%d8%b1%d8%a7%d8%aa-%d8%af%d9%81%d8%b1%d9%8a%d9%86-%d9%84%d9%8a%d9%85%d9%88%d9%86-%d8%b3%d9%83\\\/#primaryimage\"},\"image\":{\"@id\":\"https:\\\/\\\/sella-industrie.com\\\/produit\\\/parfum-voiture-lemon-squash-diffuseur-aerateur-differen-%d8%b9%d8%b7%d8%b1-%d8%a7%d9%84%d8%b3%d9%8a%d8%a7%d8%b1%d8%a7%d8%aa-%d8%af%d9%81%d8%b1%d9%8a%d9%86-%d9%84%d9%8a%d9%85%d9%88%d9%86-%d8%b3%d9%83\\\/#primaryimage\"},\"thumbnailUrl\":\"https:\\\/\\\/sella-industrie.com\\\/wp-content\\\/uploads\\\/2025\\\/06\\\/DIFFEREN-JAUNE.webp\",\"datePublished\":\"2025-06-26T14:04:21+00:00\",\"dateModified\":\"2026-04-23T09:56:55+00:00\",\"description\":\"Parfum voiture LEMON SQUASH, DIFFEREN, une fra\u00eecheur citron vive et \u00e9nergisante pour un habitacle sensation propre, tonique et durablement parfum\u00e9.\",\"breadcrumb\":{\"@id\":\"https:\\\/\\\/sella-industrie.com\\\/produit\\\/parfum-voiture-lemon-squash-diffuseur-aerateur-differen-%d8%b9%d8%b7%d8%b1-%d8%a7%d9%84%d8%b3%d9%8a%d8%a7%d8%b1%d8%a7%d8%aa-%d8%af%d9%81%d8%b1%d9%8a%d9%86-%d9%84%d9%8a%d9%85%d9%88%d9%86-%d8%b3%d9%83\\\/#breadcrumb\"},\"inLanguage\":\"ar\",\"potentialAction\":[{\"@type\":\"ReadAction\",\"target\":[\"https:\\\/\\\/sella-industrie.com\\\/produit\\\/parfum-voiture-lemon-squash-diffuseur-aerateur-differen-%d8%b9%d8%b7%d8%b1-%d8%a7%d9%84%d8%b3%d9%8a%d8%a7%d8%b1%d8%a7%d8%aa-%d8%af%d9%81%d8%b1%d9%8a%d9%86-%d9%84%d9%8a%d9%85%d9%88%d9%86-%d8%b3%d9%83\\\/\"]}]},{\"@type\":\"ImageObject\",\"inLanguage\":\"ar\",\"@id\":\"https:\\\/\\\/sella-industrie.com\\\/produit\\\/parfum-voiture-lemon-squash-diffuseur-aerateur-differen-%d8%b9%d8%b7%d8%b1-%d8%a7%d9%84%d8%b3%d9%8a%d8%a7%d8%b1%d8%a7%d8%aa-%d8%af%d9%81%d8%b1%d9%8a%d9%86-%d9%84%d9%8a%d9%85%d9%88%d9%86-%d8%b3%d9%83\\\/#primaryimage\",\"url\":\"https:\\\/\\\/sella-industrie.com\\\/wp-content\\\/uploads\\\/2025\\\/06\\\/DIFFEREN-JAUNE.webp\",\"contentUrl\":\"https:\\\/\\\/sella-industrie.com\\\/wp-content\\\/uploads\\\/2025\\\/06\\\/DIFFEREN-JAUNE.webp\",\"width\":1000,\"height\":1000,\"caption\":\"parfum voiture LEMON SQUASH\"},{\"@type\":\"BreadcrumbList\",\"@id\":\"https:\\\/\\\/sella-industrie.com\\\/produit\\\/parfum-voiture-lemon-squash-diffuseur-aerateur-differen-%d8%b9%d8%b7%d8%b1-%d8%a7%d9%84%d8%b3%d9%8a%d8%a7%d8%b1%d8%a7%d8%aa-%d8%af%d9%81%d8%b1%d9%8a%d9%86-%d9%84%d9%8a%d9%85%d9%88%d9%86-%d8%b3%d9%83\\\/#breadcrumb\",\"itemListElement\":[{\"@type\":\"ListItem\",\"position\":1,\"name\":\"Accueil\",\"item\":\"https:\\\/\\\/sella-industrie.com\\\/fr_fr\\\/\"},{\"@type\":\"ListItem\",\"position\":2,\"name\":\"Shop\",\"item\":\"https:\\\/\\\/sella-industrie.com\\\/fr_fr\\\/shop\\\/\"},{\"@type\":\"ListItem\",\"position\":3,\"name\":\"DIFFEREN\",\"item\":\"https:\\\/\\\/sella-industrie.com\\\/categorie-produit\\\/differen\\\/\"},{\"@type\":\"ListItem\",\"position\":4,\"name\":\"Parfum voiture LEMON SQUASH\"}]},{\"@type\":\"WebSite\",\"@id\":\"https:\\\/\\\/sella-industrie.com\\\/#website\",\"url\":\"https:\\\/\\\/sella-industrie.com\\\/\",\"name\":\"Boutique \\\"V6\\\"\",\"description\":\"We care for your car\",\"publisher\":{\"@id\":\"https:\\\/\\\/sella-industrie.com\\\/#organization\"},\"potentialAction\":[{\"@type\":\"SearchAction\",\"target\":{\"@type\":\"EntryPoint\",\"urlTemplate\":\"https:\\\/\\\/sella-industrie.com\\\/?s={search_term_string}\"},\"query-input\":{\"@type\":\"PropertyValueSpecification\",\"valueRequired\":true,\"valueName\":\"search_term_string\"}}],\"inLanguage\":\"ar\"},{\"@type\":\"Organization\",\"@id\":\"https:\\\/\\\/sella-industrie.com\\\/#organization\",\"name\":\"Boutique \\\"V6\\\"\",\"url\":\"https:\\\/\\\/sella-industrie.com\\\/\",\"logo\":{\"@type\":\"ImageObject\",\"inLanguage\":\"ar\",\"@id\":\"https:\\\/\\\/sella-industrie.com\\\/#\\\/schema\\\/logo\\\/image\\\/\",\"url\":\"https:\\\/\\\/sella-industrie.com\\\/wp-content\\\/uploads\\\/2024\\\/05\\\/LOGO-V6-PNG-1.png\",\"contentUrl\":\"https:\\\/\\\/sella-industrie.com\\\/wp-content\\\/uploads\\\/2024\\\/05\\\/LOGO-V6-PNG-1.png\",\"width\":797,\"height\":517,\"caption\":\"Boutique \\\"V6\\\"\"},\"image\":{\"@id\":\"https:\\\/\\\/sella-industrie.com\\\/#\\\/schema\\\/logo\\\/image\\\/\"},\"sameAs\":[\"https:\\\/\\\/www.facebook.com\\\/V6accessoiresauto?mibextid=wwXIfr&rdid=07l1PwXhFBuWBfmW&share_url=httpswww.facebook.comshare169W2vbvizmibextidwwXIfr#\",\"https:\\\/\\\/www.tiktok.com\\\/@v6.accessoires.au\",\"https:\\\/\\\/www.instagram.com\\\/v6_accessoires_auto?igsh=aXE2NjUwOG5xNnQz\",\"https:\\\/\\\/www.youtube.com\\\/channel\\\/UCtkk-L1mBLEmRweenaR4s7w\"]}]}<\/script>\n<meta property=\"product:price:amount\" content=\"1000\" \/>\n<meta property=\"product:price:currency\" content=\"DZD\" \/>\n<meta property=\"og:availability\" content=\"instock\" \/>\n<meta property=\"product:availability\" content=\"instock\" \/>\n<meta property=\"product:condition\" content=\"new\" \/>\n<!-- \/ Yoast SEO Premium plugin. -->","yoast_head_json":{"title":"Parfum voiture LEMON SQUASH - Boutique &quot;V6&quot;","description":"Parfum voiture LEMON SQUASH, DIFFEREN, une fra\u00eecheur citron vive et \u00e9nergisante pour un habitacle sensation propre, tonique et durablement parfum\u00e9.","robots":{"index":"index","follow":"follow","max-snippet":"max-snippet:-1","max-image-preview":"max-image-preview:large","max-video-preview":"max-video-preview:-1"},"canonical":"https:\/\/sella-industrie.com\/ar\/product\/parfum-voiture-lemon-squash-diffuseur-aerateur-differen-\u0639\u0637\u0631-\u0627\u0644\u0633\u064a\u0627\u0631\u0627\u062a-\u062f\u0641\u0631\u064a\u0646-\u0644\u064a\u0645\u0648\u0646-\u0633\u0643\/","og_locale":"ar_AR","og_type":"article","og_title":"Parfum voiture LEMON SQUASH","og_description":"Parfum voiture LEMON SQUASH, DIFFEREN, une fra\u00eecheur citron vive et \u00e9nergisante pour un habitacle sensation propre, tonique et durablement parfum\u00e9.","og_url":"https:\/\/sella-industrie.com\/ar\/product\/parfum-voiture-lemon-squash-diffuseur-aerateur-differen-\u0639\u0637\u0631-\u0627\u0644\u0633\u064a\u0627\u0631\u0627\u062a-\u062f\u0641\u0631\u064a\u0646-\u0644\u064a\u0645\u0648\u0646-\u0633\u0643\/","og_site_name":"Boutique &quot;V6&quot;","article_publisher":"https:\/\/www.facebook.com\/V6accessoiresauto?mibextid=wwXIfr&rdid=07l1PwXhFBuWBfmW&share_url=httpswww.facebook.comshare169W2vbvizmibextidwwXIfr#","article_modified_time":"2026-04-23T09:56:55+00:00","og_image":[{"width":1000,"height":1000,"url":"https:\/\/sella-industrie.com\/wp-content\/uploads\/2025\/06\/DIFFEREN-JAUNE.webp","type":"image\/webp"}],"twitter_card":"summary_large_image","twitter_misc":{"\u0627\u0644\u0633\u0639\u0631":"&#x62f;.&#x62c;&nbsp;1.000","\u0627\u0644\u062a\u0648\u0641\u0631":"\u0645\u062a\u0648\u0641\u0631 \u0641\u064a \u0627\u0644\u0645\u062e\u0632\u0648\u0646"},"schema":{"@context":"https:\/\/schema.org","@graph":[{"@type":"WebPage","@id":"https:\/\/sella-industrie.com\/produit\/parfum-voiture-lemon-squash-diffuseur-aerateur-differen-%d8%b9%d8%b7%d8%b1-%d8%a7%d9%84%d8%b3%d9%8a%d8%a7%d8%b1%d8%a7%d8%aa-%d8%af%d9%81%d8%b1%d9%8a%d9%86-%d9%84%d9%8a%d9%85%d9%88%d9%86-%d8%b3%d9%83\/","url":"https:\/\/sella-industrie.com\/produit\/parfum-voiture-lemon-squash-diffuseur-aerateur-differen-%d8%b9%d8%b7%d8%b1-%d8%a7%d9%84%d8%b3%d9%8a%d8%a7%d8%b1%d8%a7%d8%aa-%d8%af%d9%81%d8%b1%d9%8a%d9%86-%d9%84%d9%8a%d9%85%d9%88%d9%86-%d8%b3%d9%83\/","name":"Parfum voiture LEMON SQUASH - Boutique &quot;V6&quot;","isPartOf":{"@id":"https:\/\/sella-industrie.com\/#website"},"primaryImageOfPage":{"@id":"https:\/\/sella-industrie.com\/produit\/parfum-voiture-lemon-squash-diffuseur-aerateur-differen-%d8%b9%d8%b7%d8%b1-%d8%a7%d9%84%d8%b3%d9%8a%d8%a7%d8%b1%d8%a7%d8%aa-%d8%af%d9%81%d8%b1%d9%8a%d9%86-%d9%84%d9%8a%d9%85%d9%88%d9%86-%d8%b3%d9%83\/#primaryimage"},"image":{"@id":"https:\/\/sella-industrie.com\/produit\/parfum-voiture-lemon-squash-diffuseur-aerateur-differen-%d8%b9%d8%b7%d8%b1-%d8%a7%d9%84%d8%b3%d9%8a%d8%a7%d8%b1%d8%a7%d8%aa-%d8%af%d9%81%d8%b1%d9%8a%d9%86-%d9%84%d9%8a%d9%85%d9%88%d9%86-%d8%b3%d9%83\/#primaryimage"},"thumbnailUrl":"https:\/\/sella-industrie.com\/wp-content\/uploads\/2025\/06\/DIFFEREN-JAUNE.webp","datePublished":"2025-06-26T14:04:21+00:00","dateModified":"2026-04-23T09:56:55+00:00","description":"Parfum voiture LEMON SQUASH, DIFFEREN, une fra\u00eecheur citron vive et \u00e9nergisante pour un habitacle sensation propre, tonique et durablement parfum\u00e9.","breadcrumb":{"@id":"https:\/\/sella-industrie.com\/produit\/parfum-voiture-lemon-squash-diffuseur-aerateur-differen-%d8%b9%d8%b7%d8%b1-%d8%a7%d9%84%d8%b3%d9%8a%d8%a7%d8%b1%d8%a7%d8%aa-%d8%af%d9%81%d8%b1%d9%8a%d9%86-%d9%84%d9%8a%d9%85%d9%88%d9%86-%d8%b3%d9%83\/#breadcrumb"},"inLanguage":"ar","potentialAction":[{"@type":"ReadAction","target":["https:\/\/sella-industrie.com\/produit\/parfum-voiture-lemon-squash-diffuseur-aerateur-differen-%d8%b9%d8%b7%d8%b1-%d8%a7%d9%84%d8%b3%d9%8a%d8%a7%d8%b1%d8%a7%d8%aa-%d8%af%d9%81%d8%b1%d9%8a%d9%86-%d9%84%d9%8a%d9%85%d9%88%d9%86-%d8%b3%d9%83\/"]}]},{"@type":"ImageObject","inLanguage":"ar","@id":"https:\/\/sella-industrie.com\/produit\/parfum-voiture-lemon-squash-diffuseur-aerateur-differen-%d8%b9%d8%b7%d8%b1-%d8%a7%d9%84%d8%b3%d9%8a%d8%a7%d8%b1%d8%a7%d8%aa-%d8%af%d9%81%d8%b1%d9%8a%d9%86-%d9%84%d9%8a%d9%85%d9%88%d9%86-%d8%b3%d9%83\/#primaryimage","url":"https:\/\/sella-industrie.com\/wp-content\/uploads\/2025\/06\/DIFFEREN-JAUNE.webp","contentUrl":"https:\/\/sella-industrie.com\/wp-content\/uploads\/2025\/06\/DIFFEREN-JAUNE.webp","width":1000,"height":1000,"caption":"parfum voiture LEMON SQUASH"},{"@type":"BreadcrumbList","@id":"https:\/\/sella-industrie.com\/produit\/parfum-voiture-lemon-squash-diffuseur-aerateur-differen-%d8%b9%d8%b7%d8%b1-%d8%a7%d9%84%d8%b3%d9%8a%d8%a7%d8%b1%d8%a7%d8%aa-%d8%af%d9%81%d8%b1%d9%8a%d9%86-%d9%84%d9%8a%d9%85%d9%88%d9%86-%d8%b3%d9%83\/#breadcrumb","itemListElement":[{"@type":"ListItem","position":1,"name":"Accueil","item":"https:\/\/sella-industrie.com\/fr_fr\/"},{"@type":"ListItem","position":2,"name":"Shop","item":"https:\/\/sella-industrie.com\/fr_fr\/shop\/"},{"@type":"ListItem","position":3,"name":"DIFFEREN","item":"https:\/\/sella-industrie.com\/categorie-produit\/differen\/"},{"@type":"ListItem","position":4,"name":"Parfum voiture LEMON SQUASH"}]},{"@type":"WebSite","@id":"https:\/\/sella-industrie.com\/#website","url":"https:\/\/sella-industrie.com\/","name":"Boutique \"V6\"","description":"We care for your car","publisher":{"@id":"https:\/\/sella-industrie.com\/#organization"},"potentialAction":[{"@type":"SearchAction","target":{"@type":"EntryPoint","urlTemplate":"https:\/\/sella-industrie.com\/?s={search_term_string}"},"query-input":{"@type":"PropertyValueSpecification","valueRequired":true,"valueName":"search_term_string"}}],"inLanguage":"ar"},{"@type":"Organization","@id":"https:\/\/sella-industrie.com\/#organization","name":"Boutique \"V6\"","url":"https:\/\/sella-industrie.com\/","logo":{"@type":"ImageObject","inLanguage":"ar","@id":"https:\/\/sella-industrie.com\/#\/schema\/logo\/image\/","url":"https:\/\/sella-industrie.com\/wp-content\/uploads\/2024\/05\/LOGO-V6-PNG-1.png","contentUrl":"https:\/\/sella-industrie.com\/wp-content\/uploads\/2024\/05\/LOGO-V6-PNG-1.png","width":797,"height":517,"caption":"Boutique \"V6\""},"image":{"@id":"https:\/\/sella-industrie.com\/#\/schema\/logo\/image\/"},"sameAs":["https:\/\/www.facebook.com\/V6accessoiresauto?mibextid=wwXIfr&rdid=07l1PwXhFBuWBfmW&share_url=httpswww.facebook.comshare169W2vbvizmibextidwwXIfr#","https:\/\/www.tiktok.com\/@v6.accessoires.au","https:\/\/www.instagram.com\/v6_accessoires_auto?igsh=aXE2NjUwOG5xNnQz","https:\/\/www.youtube.com\/channel\/UCtkk-L1mBLEmRweenaR4s7w"]}]},"product_price_amount":"1000","product_price_currency":"DZD","og_availability":"instock","product_availability":"instock","product_condition":"new"},"_links":{"self":[{"href":"https:\/\/sella-industrie.com\/ar\/wp-json\/wp\/v2\/product\/34567","targetHints":{"allow":["GET"]}}],"collection":[{"href":"https:\/\/sella-industrie.com\/ar\/wp-json\/wp\/v2\/product"}],"about":[{"href":"https:\/\/sella-industrie.com\/ar\/wp-json\/wp\/v2\/types\/product"}],"replies":[{"embeddable":true,"href":"https:\/\/sella-industrie.com\/ar\/wp-json\/wp\/v2\/comments?post=34567"}],"wp:featuredmedia":[{"embeddable":true,"href":"https:\/\/sella-industrie.com\/ar\/wp-json\/wp\/v2\/media\/38001"}],"wp:attachment":[{"href":"https:\/\/sella-industrie.com\/ar\/wp-json\/wp\/v2\/media?parent=34567"}],"wp:term":[{"taxonomy":"product_brand","embeddable":true,"href":"https:\/\/sella-industrie.com\/ar\/wp-json\/wp\/v2\/product_brand?post=34567"},{"taxonomy":"product_cat","embeddable":true,"href":"https:\/\/sella-industrie.com\/ar\/wp-json\/wp\/v2\/product_cat?post=34567"},{"taxonomy":"product_tag","embeddable":true,"href":"https:\/\/sella-industrie.com\/ar\/wp-json\/wp\/v2\/product_tag?post=34567"}],"curies":[{"name":"wp","href":"https:\/\/api.w.org\/{rel}","templated":true}]}}